{"id":761,"date":"2020-10-23T13:44:25","date_gmt":"2020-10-23T13:44:25","guid":{"rendered":"https:\/\/sebhau.edu.ly\/ccsde\/%d9%85%d9%83%d8%a7%d8%aa%d8%a8-%d8%a7%d9%84%d9%85%d8%b1%d9%83%d8%b2-%d8%a8%d8%a7%d9%84%d9%83%d9%84%d9%8a%d8%a7%d8%aa\/"},"modified":"2025-08-10T16:45:36","modified_gmt":"2025-08-10T16:45:36","slug":"implantations-du-centre-dans-les-facultes","status":"publish","type":"page","link":"http:\/\/sebhau.edu.ly\/ccsde\/fr\/implantations-du-centre-dans-les-facultes\/","title":{"rendered":"Implantations du Centre dans les facult\u00e9s"},"content":{"rendered":"<p data-start=\"1023\" data-end=\"1164\"><strong data-start=\"1023\" data-end=\"1164\">Cr\u00e9ation de d\u00e9partements de service et d\u00e9veloppement communautaire et environnemental dans toutes les facult\u00e9s de l\u2019Universit\u00e9 de Sebha :<\/strong><\/p>\n<p data-start=\"1166\" data-end=\"1202\">Ces d\u00e9partements ont pour missions :<\/p>\n<ul data-start=\"1204\" data-end=\"2083\">\n<li data-start=\"1204\" data-end=\"1314\">\n<p data-start=\"1206\" data-end=\"1314\">Suivre et appliquer les d\u00e9cisions \u00e9mises par le Centre, tant \u00e0 l\u2019int\u00e9rieur qu\u2019\u00e0 l\u2019ext\u00e9rieur de la facult\u00e9.<\/p>\n<\/li>\n<li data-start=\"1315\" data-end=\"1413\">\n<p data-start=\"1317\" data-end=\"1413\">Contribuer \u00e0 l\u2019organisation de formations, de conf\u00e9rences et d\u2019ateliers au sein de la facult\u00e9.<\/p>\n<\/li>\n<li data-start=\"1414\" data-end=\"1568\">\n<p data-start=\"1416\" data-end=\"1568\">Identifier et analyser les ph\u00e9nom\u00e8nes et probl\u00e9matiques sociales et environnementales n\u00e9cessitant des solutions, puis r\u00e9diger des rapports \u00e0 ce sujet.<\/p>\n<\/li>\n<li data-start=\"1569\" data-end=\"1722\">\n<p data-start=\"1571\" data-end=\"1722\">\u00c9laborer des rapports p\u00e9riodiques \u00e9valuant la mise en \u0153uvre des plans, programmes et objectifs que le Centre souhaite r\u00e9aliser au sein de la facult\u00e9.<\/p>\n<\/li>\n<li data-start=\"1723\" data-end=\"1898\">\n<p data-start=\"1725\" data-end=\"1898\">Examiner les recherches et \u00e9tudes pertinentes pour les objectifs du Centre et assurer le contact avec les acteurs communautaires et environnementaux actifs dans la r\u00e9gion.<\/p>\n<\/li>\n<li data-start=\"1899\" data-end=\"1957\">\n<p data-start=\"1901\" data-end=\"1957\">Accomplir toutes autres t\u00e2ches confi\u00e9es par le Centre.<\/p>\n<\/li>\n<li data-start=\"1958\" data-end=\"2083\">\n<p data-start=\"1960\" data-end=\"2083\">R\u00e9diger des rapports d\u2019activit\u00e9 du d\u00e9partement au sein de la facult\u00e9 et constituer une base de donn\u00e9es scientifique locale.<\/p>\n<\/li>\n<\/ul>\n","protected":false},"excerpt":{"rendered":"<p>Cr\u00e9ation de d\u00e9partements de service et d\u00e9veloppement communautaire et environnemental dans toutes les facult\u00e9s de l\u2019Universit\u00e9 de Sebha : Ces d\u00e9partements ont pour missions : Suivre et appliquer les d\u00e9cisions \u00e9mises par le Centre, tant \u00e0 l\u2019int\u00e9rieur qu\u2019\u00e0 l\u2019ext\u00e9rieur de la facult\u00e9. Contribuer \u00e0 l\u2019organisation de formations, de conf\u00e9rences et d\u2019ateliers au sein de la [&hellip;]<\/p>\n","protected":false},"author":1,"featured_media":0,"parent":0,"menu_order":0,"comment_status":"closed","ping_status":"closed","template":"","meta":{"_bbp_topic_count":0,"_bbp_reply_count":0,"_bbp_total_topic_count":0,"_bbp_total_reply_count":0,"_bbp_voice_count":0,"_bbp_anonymous_reply_count":0,"_bbp_topic_count_hidden":0,"_bbp_reply_count_hidden":0,"_bbp_forum_subforum_count":0,"footnotes":""},"class_list":["post-761","page","type-page","status-publish","hentry"],"aioseo_notices":[],"amp_enabled":true,"_links":{"self":[{"href":"http:\/\/sebhau.edu.ly\/ccsde\/fr\/wp-json\/wp\/v2\/pages\/761","targetHints":{"allow":["GET"]}}],"collection":[{"href":"http:\/\/sebhau.edu.ly\/ccsde\/fr\/wp-json\/wp\/v2\/pages"}],"about":[{"href":"http:\/\/sebhau.edu.ly\/ccsde\/fr\/wp-json\/wp\/v2\/types\/page"}],"author":[{"embeddable":true,"href":"http:\/\/sebhau.edu.ly\/ccsde\/fr\/wp-json\/wp\/v2\/users\/1"}],"replies":[{"embeddable":true,"href":"http:\/\/sebhau.edu.ly\/ccsde\/fr\/wp-json\/wp\/v2\/comments?post=761"}],"version-history":[{"count":5,"href":"http:\/\/sebhau.edu.ly\/ccsde\/fr\/wp-json\/wp\/v2\/pages\/761\/revisions"}],"predecessor-version":[{"id":1254,"href":"http:\/\/sebhau.edu.ly\/ccsde\/fr\/wp-json\/wp\/v2\/pages\/761\/revisions\/1254"}],"wp:attachment":[{"href":"http:\/\/sebhau.edu.ly\/ccsde\/fr\/wp-json\/wp\/v2\/media?parent=761"}],"curies":[{"name":"wp","href":"https:\/\/api.w.org\/{rel}","templated":true}]}}