{"id":763,"date":"2020-10-23T13:35:48","date_gmt":"2020-10-23T13:35:48","guid":{"rendered":"https:\/\/sebhau.edu.ly\/ccsde\/%d8%a7%d9%84%d9%87%d9%8a%d9%83%d9%84-%d8%a7%d9%84%d8%aa%d9%86%d8%b8%d9%8a%d9%85%d9%8a\/"},"modified":"2025-08-10T16:29:58","modified_gmt":"2025-08-10T16:29:58","slug":"organisation-structurelle","status":"publish","type":"page","link":"http:\/\/sebhau.edu.ly\/ccsde\/fr\/organisation-structurelle\/","title":{"rendered":"Organisation structurelle"},"content":{"rendered":"<p>[vc_row bg_type=\u00a0\u00bb\u00a0\u00bb dima_canvas_style=\u00a0\u00bb\u00a0\u00bb translate_x=\u00a0\u00bb0&Prime; dima_z_index=\u00a0\u00bb0&Prime; delay=\u00a0\u00bb\u00a0\u00bb delay_duration=\u00a0\u00bb\u00a0\u00bb delay_offset=\u00a0\u00bb\u00a0\u00bb top_and_bottom_padding=\u00a0\u00bb\u00a0\u00bb left_and_right_padding=\u00a0\u00bb\u00a0\u00bb][vc_column min_height=\u00a0\u00bb\u00a0\u00bb bg_type=\u00a0\u00bb\u00a0\u00bb dima_canvas_style=\u00a0\u00bb\u00a0\u00bb translate_x=\u00a0\u00bb0&Prime; dima_z_index=\u00a0\u00bb0&Prime; delay=\u00a0\u00bb\u00a0\u00bb delay_duration=\u00a0\u00bb\u00a0\u00bb delay_offset=\u00a0\u00bb\u00a0\u00bb top_and_bottom_padding=\u00a0\u00bb\u00a0\u00bb left_and_right_padding=\u00a0\u00bb\u00a0\u00bb width=\u00a0\u00bb1\/3&Prime;]<div  class=\"dima-callout text-center dima-box-shadow\" style=\"background-color:#ffffff;\"><h3 class=\"h-callout\" style=\"color:#1e73be;\">Bureau du service et du d\u00e9veloppement de l\u2019environnement<\/h3><p class=\"p-callout\" style=\"color:#000000;\">Soutenir et promouvoir le r\u00f4le de l\u2019universit\u00e9 dans le d\u00e9veloppement environnemental<\/p><a   data-direction=\"start\" class=\"dima-button  dima-btn-pill stroke dima-btn-small float-center\"  href=\"http:\/\/sebhau.edu.ly\/ccsde\/%d9%85%d9%83%d8%aa%d8%a8-%d8%ae%d8%af%d9%85%d8%a9-%d9%88%d8%aa%d9%86%d9%85%d9%8a%d8%a9-%d8%a7%d9%84%d8%a8%d9%8a%d8%a6%d8%a9\/\"  target=\"_blank\" rel=\"noopener\"  >Plus d'informations<\/a><\/div>[\/vc_column][vc_column min_height=\u00a0\u00bb\u00a0\u00bb bg_type=\u00a0\u00bb\u00a0\u00bb dima_canvas_style=\u00a0\u00bb\u00a0\u00bb translate_x=\u00a0\u00bb0&Prime; dima_z_index=\u00a0\u00bb0&Prime; delay=\u00a0\u00bb\u00a0\u00bb delay_duration=\u00a0\u00bb\u00a0\u00bb delay_offset=\u00a0\u00bb\u00a0\u00bb top_and_bottom_padding=\u00a0\u00bb\u00a0\u00bb left_and_right_padding=\u00a0\u00bb\u00a0\u00bb width=\u00a0\u00bb1\/3&Prime;]<div  class=\"dima-callout text-center dima-box-shadow\" style=\"background-color:#ffffff;\"><h3 class=\"h-callout\" style=\"color:#1e73be;\">Bureau du d\u00e9veloppement communautaire<\/h3><p class=\"p-callout\" style=\"color:#000000;\">Fournir une sensibilisation qui renforce la confiance de la communaut\u00e9<\/p><a   data-direction=\"start\" class=\"dima-button  dima-btn-pill stroke dima-btn-small float-center\"  href=\"http:\/\/sebhau.edu.ly\/ccsde\/%d9%85%d9%83%d8%aa%d8%a8-%d8%aa%d9%86%d9%85%d9%8a%d8%a9-%d8%a7%d9%84%d9%85%d8%ac%d8%aa%d9%85%d8%b9\/\"  target=\"_blank\" rel=\"noopener\"  >Plus d'informations<\/a><\/div>[\/vc_column][vc_column min_height=\u00a0\u00bb\u00a0\u00bb bg_type=\u00a0\u00bb\u00a0\u00bb dima_canvas_style=\u00a0\u00bb\u00a0\u00bb translate_x=\u00a0\u00bb0&Prime; dima_z_index=\u00a0\u00bb0&Prime; delay=\u00a0\u00bb\u00a0\u00bb delay_duration=\u00a0\u00bb\u00a0\u00bb delay_offset=\u00a0\u00bb\u00a0\u00bb top_and_bottom_padding=\u00a0\u00bb\u00a0\u00bb left_and_right_padding=\u00a0\u00bb\u00a0\u00bb width=\u00a0\u00bb1\/3&Prime;]<div  class=\"dima-callout text-center dima-box-shadow\" style=\"background-color:#ffffff;\"><h3 class=\"h-callout\" style=\"color:#1e73be;\">Bureau des services communautaires<\/h3><p class=\"p-callout\" style=\"color:#000000;\">\u00c9laborer des programmes de service communautaire et leurs m\u00e9thodes de mise en \u0153uvre<\/p><a   data-direction=\"start\" class=\"dima-button  dima-btn-pill stroke dima-btn-small float-center\"  href=\"http:\/\/sebhau.edu.ly\/ccsde\/%d9%85%d9%83%d8%aa%d8%a8-%d8%ae%d8%af%d9%85%d8%a9-%d8%a7%d9%84%d9%85%d8%ac%d8%aa%d9%85%d8%b9\/\"  target=\"_blank\" rel=\"noopener\"  >Plus d'informations<\/a><\/div>[\/vc_column][vc_column min_height=\u00a0\u00bb\u00a0\u00bb bg_type=\u00a0\u00bb\u00a0\u00bb dima_canvas_style=\u00a0\u00bb\u00a0\u00bb translate_x=\u00a0\u00bb0&Prime; dima_z_index=\u00a0\u00bb0&Prime; delay=\u00a0\u00bb\u00a0\u00bb delay_duration=\u00a0\u00bb\u00a0\u00bb delay_offset=\u00a0\u00bb\u00a0\u00bb top_and_bottom_padding=\u00a0\u00bb\u00a0\u00bb left_and_right_padding=\u00a0\u00bb\u00a0\u00bb]<div  class=\"dima-clear\" style=\"padding-bottom:15px\"><\/div>[\/vc_column][\/vc_row][vc_row bg_type=\u00a0\u00bb\u00a0\u00bb dima_canvas_style=\u00a0\u00bb\u00a0\u00bb translate_x=\u00a0\u00bb0&Prime; dima_z_index=\u00a0\u00bb0&Prime; delay=\u00a0\u00bb\u00a0\u00bb delay_duration=\u00a0\u00bb\u00a0\u00bb delay_offset=\u00a0\u00bb\u00a0\u00bb top_and_bottom_padding=\u00a0\u00bb\u00a0\u00bb left_and_right_padding=\u00a0\u00bb\u00a0\u00bb][vc_column min_height=\u00a0\u00bb\u00a0\u00bb bg_type=\u00a0\u00bb\u00a0\u00bb dima_canvas_style=\u00a0\u00bb\u00a0\u00bb translate_x=\u00a0\u00bb0&Prime; dima_z_index=\u00a0\u00bb0&Prime; delay=\u00a0\u00bb\u00a0\u00bb delay_duration=\u00a0\u00bb\u00a0\u00bb delay_offset=\u00a0\u00bb\u00a0\u00bb top_and_bottom_padding=\u00a0\u00bb\u00a0\u00bb left_and_right_padding=\u00a0\u00bb\u00a0\u00bb width=\u00a0\u00bb1\/3&Prime;]<div  class=\"dima-callout text-center dima-box-shadow\" style=\"background-color:#ffffff;\"><h3 class=\"h-callout\" style=\"color:#1e73be;\">Conseil d\u2019administration<\/h3><p class=\"p-callout\" style=\"color:#000000;\">Le centre est dirig\u00e9 par un conseil d\u2019administration nomm\u00e9 par d\u00e9cision du pr\u00e9sident de l\u2019universit\u00e9 pour une dur\u00e9e de 4 ans<\/p><a   data-direction=\"start\" class=\"dima-button  dima-btn-pill stroke dima-btn-small float-center\"  href=\"http:\/\/sebhau.edu.ly\/ccsde\/%d9%85%d8%ac%d9%84%d8%b3-%d8%a7%d9%84%d8%a7%d8%af%d8%a7%d8%b1%d8%a9\/\"  target=\"_blank\" rel=\"noopener\"  >Plus d'informations<\/a><\/div>[\/vc_column][vc_column min_height=\u00a0\u00bb\u00a0\u00bb bg_type=\u00a0\u00bb\u00a0\u00bb dima_canvas_style=\u00a0\u00bb\u00a0\u00bb translate_x=\u00a0\u00bb0&Prime; dima_z_index=\u00a0\u00bb0&Prime; delay=\u00a0\u00bb\u00a0\u00bb delay_duration=\u00a0\u00bb\u00a0\u00bb delay_offset=\u00a0\u00bb\u00a0\u00bb top_and_bottom_padding=\u00a0\u00bb\u00a0\u00bb left_and_right_padding=\u00a0\u00bb\u00a0\u00bb width=\u00a0\u00bb1\/3&Prime;]<div  class=\"dima-callout text-center dima-box-shadow\" style=\"background-color:#ffffff;\"><h3 class=\"h-callout\" style=\"color:#1e73be;\">Bureau des affaires scientifiques<\/h3><p class=\"p-callout\" style=\"color:#000000;\">Fournir des services techniques, de recherche, communautaires et environnementaux \u00e0 l\u2019universit\u00e9 et \u00e0 la communaut\u00e9 environnante<\/p><a   data-direction=\"start\" class=\"dima-button  dima-btn-pill stroke dima-btn-small float-center\"  href=\"http:\/\/sebhau.edu.ly\/ccsde\/%d9%85%d9%83%d8%aa%d8%a8-%d8%a7%d9%84%d8%b4%d8%a4%d9%88%d9%86-%d8%a7%d9%84%d8%b9%d9%84%d9%85%d9%8a%d8%a9\/\"  target=\"_blank\" rel=\"noopener\"  >Plus d'informations<\/a><\/div>[\/vc_column][vc_column min_height=\u00a0\u00bb\u00a0\u00bb bg_type=\u00a0\u00bb\u00a0\u00bb dima_canvas_style=\u00a0\u00bb\u00a0\u00bb translate_x=\u00a0\u00bb0&Prime; dima_z_index=\u00a0\u00bb0&Prime; delay=\u00a0\u00bb\u00a0\u00bb delay_duration=\u00a0\u00bb\u00a0\u00bb delay_offset=\u00a0\u00bb\u00a0\u00bb top_and_bottom_padding=\u00a0\u00bb\u00a0\u00bb left_and_right_padding=\u00a0\u00bb\u00a0\u00bb width=\u00a0\u00bb1\/3&Prime;]<div  class=\"dima-callout text-center dima-box-shadow\" style=\"background-color:#ffffff;\"><h3 class=\"h-callout\" style=\"color:#1e73be;\">Bureau des affaires administratives et financi\u00e8res<\/h3><p class=\"p-callout\" style=\"color:#000000;\">Ex\u00e9cuter les t\u00e2ches administratives et \u00e9crites requises par le travail au centre<\/p><a   data-direction=\"start\" class=\"dima-button  dima-btn-pill stroke dima-btn-small float-center\"  href=\"http:\/\/sebhau.edu.ly\/ccsde\/%d9%85%d9%83%d8%aa%d8%a8-%d8%a7%d8%af%d8%a7%d8%b1%d8%a9-%d8%a7%d9%84%d8%b4%d8%a6%d9%88%d9%86-%d8%a7%d9%84%d8%a5%d8%af%d8%a7%d8%b1%d9%8a%d8%a9-%d9%88%d8%a7%d9%84%d9%85%d8%a7%d9%84%d9%8a%d8%a9\/\"  target=\"_blank\" rel=\"noopener\"  >Plus d'informations<\/a><\/div>[\/vc_column][vc_column min_height=\u00a0\u00bb\u00a0\u00bb bg_type=\u00a0\u00bb\u00a0\u00bb dima_canvas_style=\u00a0\u00bb\u00a0\u00bb translate_x=\u00a0\u00bb0&Prime; dima_z_index=\u00a0\u00bb0&Prime; delay=\u00a0\u00bb\u00a0\u00bb delay_duration=\u00a0\u00bb\u00a0\u00bb delay_offset=\u00a0\u00bb\u00a0\u00bb top_and_bottom_padding=\u00a0\u00bb\u00a0\u00bb left_and_right_padding=\u00a0\u00bb\u00a0\u00bb]<div  class=\"dima-clear\" style=\"padding-bottom:15px\"><\/div>[\/vc_column][\/vc_row][vc_row bg_type=\u00a0\u00bb\u00a0\u00bb dima_canvas_style=\u00a0\u00bb\u00a0\u00bb translate_x=\u00a0\u00bb0&Prime; dima_z_index=\u00a0\u00bb0&Prime; delay=\u00a0\u00bb\u00a0\u00bb delay_duration=\u00a0\u00bb\u00a0\u00bb delay_offset=\u00a0\u00bb\u00a0\u00bb top_and_bottom_padding=\u00a0\u00bb\u00a0\u00bb left_and_right_padding=\u00a0\u00bb\u00a0\u00bb][vc_column min_height=\u00a0\u00bb\u00a0\u00bb bg_type=\u00a0\u00bb\u00a0\u00bb dima_canvas_style=\u00a0\u00bb\u00a0\u00bb translate_x=\u00a0\u00bb0&Prime; dima_z_index=\u00a0\u00bb0&Prime; delay=\u00a0\u00bb\u00a0\u00bb delay_duration=\u00a0\u00bb\u00a0\u00bb delay_offset=\u00a0\u00bb\u00a0\u00bb top_and_bottom_padding=\u00a0\u00bb\u00a0\u00bb left_and_right_padding=\u00a0\u00bb\u00a0\u00bb width=\u00a0\u00bb1\/3&Prime;]<div  class=\"dima-callout text-center dima-box-shadow\" style=\"background-color:#ffffff;\"><h3 class=\"h-callout\" style=\"color:#1e73be;\">Bureau d'assurance qualit\u00e9<\/h3><p class=\"p-callout\" style=\"color:#000000;\">Promouvoir la culture de la qualit\u00e9 parmi le personnel du centre<\/p><a   data-direction=\"start\" class=\"dima-button  dima-btn-pill stroke dima-btn-small float-center\"  href=\"http:\/\/sebhau.edu.ly\/ccsde\/%d9%85%d9%83%d8%aa%d8%a8-%d8%b6%d9%85%d8%a7%d9%86-%d8%a7%d9%84%d8%ac%d9%88%d8%af%d8%a9\/\"  target=\"_blank\" rel=\"noopener\"  >Plus d'informations<\/a><\/div>[\/vc_column][vc_column min_height=\u00a0\u00bb\u00a0\u00bb bg_type=\u00a0\u00bb\u00a0\u00bb dima_canvas_style=\u00a0\u00bb\u00a0\u00bb translate_x=\u00a0\u00bb0&Prime; dima_z_index=\u00a0\u00bb0&Prime; delay=\u00a0\u00bb\u00a0\u00bb delay_duration=\u00a0\u00bb\u00a0\u00bb delay_offset=\u00a0\u00bb\u00a0\u00bb top_and_bottom_padding=\u00a0\u00bb\u00a0\u00bb left_and_right_padding=\u00a0\u00bb\u00a0\u00bb width=\u00a0\u00bb1\/3&Prime;]<div  class=\"dima-callout text-center dima-box-shadow\" style=\"background-color:#ffffff;\"><h3 class=\"h-callout\" style=\"color:#1e73be;\">D\u00e9partements affili\u00e9s au Centre dans les \u00e9tablissements d\u2019enseignement sup\u00e9rieur<\/h3><p class=\"p-callout\" style=\"color:#000000;\">D\u00e9partement du service et du d\u00e9veloppement communautaire et environnemental \u00e0 la facult\u00e9<\/p><a   data-direction=\"start\" class=\"dima-button  dima-btn-pill stroke dima-btn-small float-center\"  href=\"http:\/\/sebhau.edu.ly\/ccsde\/%d9%85%d9%83%d8%a7%d8%aa%d8%a8-%d8%a7%d9%84%d9%85%d8%b1%d9%83%d8%b2-%d8%a8%d8%a7%d9%84%d9%83%d9%84%d9%8a%d8%a7%d8%aa\/\"  target=\"_blank\" rel=\"noopener\"  >Plus d'informations<\/a><\/div>[\/vc_column][vc_column min_height=\u00a0\u00bb\u00a0\u00bb bg_type=\u00a0\u00bb\u00a0\u00bb dima_canvas_style=\u00a0\u00bb\u00a0\u00bb translate_x=\u00a0\u00bb0&Prime; dima_z_index=\u00a0\u00bb0&Prime; delay=\u00a0\u00bb\u00a0\u00bb delay_duration=\u00a0\u00bb\u00a0\u00bb delay_offset=\u00a0\u00bb\u00a0\u00bb top_and_bottom_padding=\u00a0\u00bb\u00a0\u00bb left_and_right_padding=\u00a0\u00bb\u00a0\u00bb width=\u00a0\u00bb1\/3&Prime;]<div  class=\"dima-callout text-center dima-box-shadow\" style=\"background-color:#ffffff;\"><h3 class=\"h-callout\" style=\"color:#1e73be;\">Directeur du centre<\/h3><p class=\"p-callout\" style=\"color:#000000;\">Le directeur du centre g\u00e8re les affaires du centre et \u00e9met les instructions n\u00e9cessaires<\/p><a   data-direction=\"start\" class=\"dima-button  dima-btn-pill stroke dima-btn-small float-center\"  href=\"http:\/\/sebhau.edu.ly\/ccsde\/%d9%85%d9%80%d9%80%d8%af%d9%8a%d8%b1-%d8%a7%d9%84%d9%85%d8%b1%d9%83%d8%b2\/\"  target=\"_blank\" rel=\"noopener\"  >Plus d'informations<\/a><\/div>[\/vc_column][vc_column min_height=\u00a0\u00bb\u00a0\u00bb bg_type=\u00a0\u00bb\u00a0\u00bb dima_canvas_style=\u00a0\u00bb\u00a0\u00bb translate_x=\u00a0\u00bb0&Prime; dima_z_index=\u00a0\u00bb0&Prime; delay=\u00a0\u00bb\u00a0\u00bb delay_duration=\u00a0\u00bb\u00a0\u00bb delay_offset=\u00a0\u00bb\u00a0\u00bb top_and_bottom_padding=\u00a0\u00bb\u00a0\u00bb left_and_right_padding=\u00a0\u00bb\u00a0\u00bb]<div  class=\"dima-clear\" style=\"padding-bottom:15px\"><\/div>[\/vc_column][\/vc_row]<\/p>\n","protected":false},"excerpt":{"rendered":"<p>[vc_row bg_type=\u00a0\u00bb\u00a0\u00bb dima_canvas_style=\u00a0\u00bb\u00a0\u00bb translate_x=\u00a0\u00bb0&Prime; dima_z_index=\u00a0\u00bb0&Prime; delay=\u00a0\u00bb\u00a0\u00bb delay_duration=\u00a0\u00bb\u00a0\u00bb delay_offset=\u00a0\u00bb\u00a0\u00bb top_and_bottom_padding=\u00a0\u00bb\u00a0\u00bb left_and_right_padding=\u00a0\u00bb\u00a0\u00bb][vc_column min_height=\u00a0\u00bb\u00a0\u00bb bg_type=\u00a0\u00bb\u00a0\u00bb dima_canvas_style=\u00a0\u00bb\u00a0\u00bb translate_x=\u00a0\u00bb0&Prime; dima_z_index=\u00a0\u00bb0&Prime; delay=\u00a0\u00bb\u00a0\u00bb delay_duration=\u00a0\u00bb\u00a0\u00bb delay_offset=\u00a0\u00bb\u00a0\u00bb top_and_bottom_padding=\u00a0\u00bb\u00a0\u00bb left_and_right_padding=\u00a0\u00bb\u00a0\u00bb width=\u00a0\u00bb1\/3&Prime;][\/vc_column][vc_column min_height=\u00a0\u00bb\u00a0\u00bb bg_type=\u00a0\u00bb\u00a0\u00bb dima_canvas_style=\u00a0\u00bb\u00a0\u00bb translate_x=\u00a0\u00bb0&Prime; dima_z_index=\u00a0\u00bb0&Prime; delay=\u00a0\u00bb\u00a0\u00bb delay_duration=\u00a0\u00bb\u00a0\u00bb delay_offset=\u00a0\u00bb\u00a0\u00bb top_and_bottom_padding=\u00a0\u00bb\u00a0\u00bb left_and_right_padding=\u00a0\u00bb\u00a0\u00bb width=\u00a0\u00bb1\/3&Prime;][\/vc_column][vc_column min_height=\u00a0\u00bb\u00a0\u00bb bg_type=\u00a0\u00bb\u00a0\u00bb dima_canvas_style=\u00a0\u00bb\u00a0\u00bb translate_x=\u00a0\u00bb0&Prime; dima_z_index=\u00a0\u00bb0&Prime; delay=\u00a0\u00bb\u00a0\u00bb delay_duration=\u00a0\u00bb\u00a0\u00bb delay_offset=\u00a0\u00bb\u00a0\u00bb top_and_bottom_padding=\u00a0\u00bb\u00a0\u00bb left_and_right_padding=\u00a0\u00bb\u00a0\u00bb width=\u00a0\u00bb1\/3&Prime;][\/vc_column][vc_column min_height=\u00a0\u00bb\u00a0\u00bb bg_type=\u00a0\u00bb\u00a0\u00bb dima_canvas_style=\u00a0\u00bb\u00a0\u00bb translate_x=\u00a0\u00bb0&Prime; dima_z_index=\u00a0\u00bb0&Prime; delay=\u00a0\u00bb\u00a0\u00bb delay_duration=\u00a0\u00bb\u00a0\u00bb delay_offset=\u00a0\u00bb\u00a0\u00bb top_and_bottom_padding=\u00a0\u00bb\u00a0\u00bb left_and_right_padding=\u00a0\u00bb\u00a0\u00bb][\/vc_column][\/vc_row][vc_row bg_type=\u00a0\u00bb\u00a0\u00bb dima_canvas_style=\u00a0\u00bb\u00a0\u00bb [&hellip;]<\/p>\n","protected":false},"author":1,"featured_media":0,"parent":0,"menu_order":0,"comment_status":"closed","ping_status":"closed","template":"","meta":{"_bbp_topic_count":0,"_bbp_reply_count":0,"_bbp_total_topic_count":0,"_bbp_total_reply_count":0,"_bbp_voice_count":0,"_bbp_anonymous_reply_count":0,"_bbp_topic_count_hidden":0,"_bbp_reply_count_hidden":0,"_bbp_forum_subforum_count":0,"footnotes":""},"class_list":["post-763","page","type-page","status-publish","hentry"],"aioseo_notices":[],"amp_enabled":true,"_links":{"self":[{"href":"http:\/\/sebhau.edu.ly\/ccsde\/fr\/wp-json\/wp\/v2\/pages\/763","targetHints":{"allow":["GET"]}}],"collection":[{"href":"http:\/\/sebhau.edu.ly\/ccsde\/fr\/wp-json\/wp\/v2\/pages"}],"about":[{"href":"http:\/\/sebhau.edu.ly\/ccsde\/fr\/wp-json\/wp\/v2\/types\/page"}],"author":[{"embeddable":true,"href":"http:\/\/sebhau.edu.ly\/ccsde\/fr\/wp-json\/wp\/v2\/users\/1"}],"replies":[{"embeddable":true,"href":"http:\/\/sebhau.edu.ly\/ccsde\/fr\/wp-json\/wp\/v2\/comments?post=763"}],"version-history":[{"count":12,"href":"http:\/\/sebhau.edu.ly\/ccsde\/fr\/wp-json\/wp\/v2\/pages\/763\/revisions"}],"predecessor-version":[{"id":1246,"href":"http:\/\/sebhau.edu.ly\/ccsde\/fr\/wp-json\/wp\/v2\/pages\/763\/revisions\/1246"}],"wp:attachment":[{"href":"http:\/\/sebhau.edu.ly\/ccsde\/fr\/wp-json\/wp\/v2\/media?parent=763"}],"curies":[{"name":"wp","href":"https:\/\/api.w.org\/{rel}","templated":true}]}}