{"id":764,"date":"2020-10-23T13:34:44","date_gmt":"2020-10-23T13:34:44","guid":{"rendered":"https:\/\/sebhau.edu.ly\/ccsde\/%d9%85%d9%83%d8%aa%d8%a8-%d8%a7%d8%af%d8%a7%d8%b1%d8%a9-%d8%a7%d9%84%d8%b4%d8%a6%d9%88%d9%86-%d8%a7%d9%84%d8%a5%d8%af%d8%a7%d8%b1%d9%8a%d8%a9-%d9%88%d8%a7%d9%84%d9%85%d8%a7%d9%84%d9%8a%d8%a9\/"},"modified":"2025-08-10T16:45:52","modified_gmt":"2025-08-10T16:45:52","slug":"service-de-gestion-administrative-et-financiere","status":"publish","type":"page","link":"http:\/\/sebhau.edu.ly\/ccsde\/fr\/service-de-gestion-administrative-et-financiere\/","title":{"rendered":"Service de gestion administrative et financi\u00e8re"},"content":{"rendered":"<p data-start=\"1289\" data-end=\"1479\">Le service est charg\u00e9 de l\u2019ensemble des t\u00e2ches administratives et financi\u00e8res conform\u00e9ment \u00e0 la l\u00e9gislation en vigueur. L\u2019administration exerce ses fonctions \u00e0 travers les bureaux suivants :<\/p>\n<p data-start=\"1481\" data-end=\"1558\"><strong data-start=\"1481\" data-end=\"1520\">Bureau des affaires administratives<\/strong>, responsable des missions suivantes :<\/p>\n<ul data-start=\"1560\" data-end=\"2700\">\n<li data-start=\"1560\" data-end=\"1817\">\n<p data-start=\"1562\" data-end=\"1817\">G\u00e9rer toutes les questions relatives au personnel, notamment l\u2019\u00e9laboration de la structure des effectifs, les recrutements, promotions, d\u00e9tachements, mises \u00e0 disposition, contrats, ainsi que toute autre t\u00e2che conform\u00e9ment \u00e0 la r\u00e9glementation en vigueur.<\/p>\n<\/li>\n<li data-start=\"1818\" data-end=\"2010\">\n<p data-start=\"1820\" data-end=\"2010\">Ouvrir et tenir \u00e0 jour les dossiers et fichiers personnels des employ\u00e9s du Centre, garantir la confidentialit\u00e9 de leur contenu et organiser leur circulation entre les personnes habilit\u00e9es.<\/p>\n<\/li>\n<li data-start=\"2011\" data-end=\"2135\">\n<p data-start=\"2013\" data-end=\"2135\">Assurer la gestion du courrier entrant et sortant, son archivage, sa distribution et la tenue des registres y aff\u00e9rents.<\/p>\n<\/li>\n<li data-start=\"2136\" data-end=\"2222\">\n<p data-start=\"2138\" data-end=\"2222\">R\u00e9aliser les travaux d\u2019impression, de photocopie, de num\u00e9risation et de t\u00e9l\u00e9copie.<\/p>\n<\/li>\n<li data-start=\"2223\" data-end=\"2399\">\n<p data-start=\"2225\" data-end=\"2399\">Identifier les besoins en fournitures et \u00e9quipements de bureau, en coordination avec les services concern\u00e9s, et prendre les mesures n\u00e9cessaires pour leur approvisionnement.<\/p>\n<\/li>\n<li data-start=\"2400\" data-end=\"2503\">\n<p data-start=\"2402\" data-end=\"2503\">\u00c9laborer les rapports de suivi p\u00e9riodiques et annuels relatifs aux activit\u00e9s du bureau (du Centre).<\/p>\n<\/li>\n<li data-start=\"2504\" data-end=\"2555\">\n<p data-start=\"2506\" data-end=\"2555\">Pr\u00e9parer l\u2019organisation des r\u00e9unions du Centre.<\/p>\n<\/li>\n<li data-start=\"2556\" data-end=\"2700\">\n<p data-start=\"2558\" data-end=\"2700\">Ex\u00e9cuter les t\u00e2ches administratives et de secr\u00e9tariat n\u00e9cessaires au bon fonctionnement du Centre, sous la supervision du Directeur du Centre.<\/p>\n<\/li>\n<\/ul>\n","protected":false},"excerpt":{"rendered":"<p>Le service est charg\u00e9 de l\u2019ensemble des t\u00e2ches administratives et financi\u00e8res conform\u00e9ment \u00e0 la l\u00e9gislation en vigueur. L\u2019administration exerce ses fonctions \u00e0 travers les bureaux suivants : Bureau des affaires administratives, responsable des missions suivantes : G\u00e9rer toutes les questions relatives au personnel, notamment l\u2019\u00e9laboration de la structure des effectifs, les recrutements, promotions, d\u00e9tachements, mises [&hellip;]<\/p>\n","protected":false},"author":1,"featured_media":0,"parent":0,"menu_order":0,"comment_status":"closed","ping_status":"closed","template":"","meta":{"_bbp_topic_count":0,"_bbp_reply_count":0,"_bbp_total_topic_count":0,"_bbp_total_reply_count":0,"_bbp_voice_count":0,"_bbp_anonymous_reply_count":0,"_bbp_topic_count_hidden":0,"_bbp_reply_count_hidden":0,"_bbp_forum_subforum_count":0,"footnotes":""},"class_list":["post-764","page","type-page","status-publish","hentry"],"aioseo_notices":[],"amp_enabled":true,"_links":{"self":[{"href":"http:\/\/sebhau.edu.ly\/ccsde\/fr\/wp-json\/wp\/v2\/pages\/764","targetHints":{"allow":["GET"]}}],"collection":[{"href":"http:\/\/sebhau.edu.ly\/ccsde\/fr\/wp-json\/wp\/v2\/pages"}],"about":[{"href":"http:\/\/sebhau.edu.ly\/ccsde\/fr\/wp-json\/wp\/v2\/types\/page"}],"author":[{"embeddable":true,"href":"http:\/\/sebhau.edu.ly\/ccsde\/fr\/wp-json\/wp\/v2\/users\/1"}],"replies":[{"embeddable":true,"href":"http:\/\/sebhau.edu.ly\/ccsde\/fr\/wp-json\/wp\/v2\/comments?post=764"}],"version-history":[{"count":4,"href":"http:\/\/sebhau.edu.ly\/ccsde\/fr\/wp-json\/wp\/v2\/pages\/764\/revisions"}],"predecessor-version":[{"id":1252,"href":"http:\/\/sebhau.edu.ly\/ccsde\/fr\/wp-json\/wp\/v2\/pages\/764\/revisions\/1252"}],"wp:attachment":[{"href":"http:\/\/sebhau.edu.ly\/ccsde\/fr\/wp-json\/wp\/v2\/media?parent=764"}],"curies":[{"name":"wp","href":"https:\/\/api.w.org\/{rel}","templated":true}]}}