{"id":765,"date":"2020-10-23T13:32:44","date_gmt":"2020-10-23T13:32:44","guid":{"rendered":"https:\/\/sebhau.edu.ly\/ccsde\/%d9%85%d9%83%d8%aa%d8%a8-%d8%a7%d9%84%d8%b4%d8%a4%d9%88%d9%86-%d8%a7%d9%84%d8%b9%d9%84%d9%85%d9%8a%d8%a9\/"},"modified":"2025-08-10T16:42:19","modified_gmt":"2025-08-10T16:42:19","slug":"service-des-affaires-scientifiques","status":"publish","type":"page","link":"http:\/\/sebhau.edu.ly\/ccsde\/fr\/service-des-affaires-scientifiques\/","title":{"rendered":"Service des affaires scientifiques"},"content":{"rendered":"<ul>\n<li data-start=\"1015\" data-end=\"1205\">\n<p data-start=\"1017\" data-end=\"1205\">Fournir des services techniques, de recherche, communautaires et environnementaux \u00e0 l\u2019Universit\u00e9 ainsi qu\u2019\u00e0 la communaut\u00e9 locale, aux institutions publiques, priv\u00e9es et aux particuliers.<\/p>\n<\/li>\n<li data-start=\"1206\" data-end=\"1358\">\n<p data-start=\"1208\" data-end=\"1358\">Superviser et r\u00e9soudre les difficult\u00e9s rencontr\u00e9es lors de la r\u00e9alisation des recherches et \u00e9tudes communautaires et environnementales, sur demande.<\/p>\n<\/li>\n<li data-start=\"1359\" data-end=\"1564\">\n<p data-start=\"1361\" data-end=\"1564\">Proposer des conseils et expertises en accord avec les domaines de sp\u00e9cialisation de l\u2019Universit\u00e9, contribuant \u00e0 des projets de d\u00e9veloppement communautaire aux niveaux local, national et international.<\/p>\n<\/li>\n<li data-start=\"1565\" data-end=\"1658\">\n<p data-start=\"1567\" data-end=\"1658\">Constituer et g\u00e9rer une base de donn\u00e9es des ressources humaines et mat\u00e9rielles du Centre.<\/p>\n<\/li>\n<li data-start=\"1659\" data-end=\"1717\">\n<p data-start=\"1661\" data-end=\"1717\">R\u00e9diger les rapports relatifs aux activit\u00e9s du Centre.<\/p>\n<\/li>\n<li data-start=\"1718\" data-end=\"1928\">\n<p data-start=\"1720\" data-end=\"1928\">Prendre les dispositions n\u00e9cessaires pour satisfaire aux exigences de la r\u00e9daction de la revue universitaire, afin de garantir la qualit\u00e9 des recherches et \u00e9tudes, en collaboration avec les parties prenantes.<\/p>\n<\/li>\n<\/ul>\n","protected":false},"excerpt":{"rendered":"<p>Fournir des services techniques, de recherche, communautaires et environnementaux \u00e0 l\u2019Universit\u00e9 ainsi qu\u2019\u00e0 la communaut\u00e9 locale, aux institutions publiques, priv\u00e9es et aux particuliers. Superviser et r\u00e9soudre les difficult\u00e9s rencontr\u00e9es lors de la r\u00e9alisation des recherches et \u00e9tudes communautaires et environnementales, sur demande. Proposer des conseils et expertises en accord avec les domaines de sp\u00e9cialisation de [&hellip;]<\/p>\n","protected":false},"author":1,"featured_media":0,"parent":0,"menu_order":0,"comment_status":"closed","ping_status":"closed","template":"","meta":{"_bbp_topic_count":0,"_bbp_reply_count":0,"_bbp_total_topic_count":0,"_bbp_total_reply_count":0,"_bbp_voice_count":0,"_bbp_anonymous_reply_count":0,"_bbp_topic_count_hidden":0,"_bbp_reply_count_hidden":0,"_bbp_forum_subforum_count":0,"footnotes":""},"class_list":["post-765","page","type-page","status-publish","hentry"],"aioseo_notices":[],"amp_enabled":true,"_links":{"self":[{"href":"http:\/\/sebhau.edu.ly\/ccsde\/fr\/wp-json\/wp\/v2\/pages\/765","targetHints":{"allow":["GET"]}}],"collection":[{"href":"http:\/\/sebhau.edu.ly\/ccsde\/fr\/wp-json\/wp\/v2\/pages"}],"about":[{"href":"http:\/\/sebhau.edu.ly\/ccsde\/fr\/wp-json\/wp\/v2\/types\/page"}],"author":[{"embeddable":true,"href":"http:\/\/sebhau.edu.ly\/ccsde\/fr\/wp-json\/wp\/v2\/users\/1"}],"replies":[{"embeddable":true,"href":"http:\/\/sebhau.edu.ly\/ccsde\/fr\/wp-json\/wp\/v2\/comments?post=765"}],"version-history":[{"count":5,"href":"http:\/\/sebhau.edu.ly\/ccsde\/fr\/wp-json\/wp\/v2\/pages\/765\/revisions"}],"predecessor-version":[{"id":1250,"href":"http:\/\/sebhau.edu.ly\/ccsde\/fr\/wp-json\/wp\/v2\/pages\/765\/revisions\/1250"}],"wp:attachment":[{"href":"http:\/\/sebhau.edu.ly\/ccsde\/fr\/wp-json\/wp\/v2\/media?parent=765"}],"curies":[{"name":"wp","href":"https:\/\/api.w.org\/{rel}","templated":true}]}}