{"id":769,"date":"2020-10-23T12:13:33","date_gmt":"2020-10-23T12:13:33","guid":{"rendered":"https:\/\/sebhau.edu.ly\/ccsde\/%d9%85%d8%ac%d9%84%d8%b3-%d8%a7%d9%84%d8%a7%d8%af%d8%a7%d8%b1%d8%a9\/"},"modified":"2025-08-10T16:31:07","modified_gmt":"2025-08-10T16:31:07","slug":"conseil-dadministration","status":"publish","type":"page","link":"http:\/\/sebhau.edu.ly\/ccsde\/fr\/conseil-dadministration\/","title":{"rendered":"Conseil d\u2019administration"},"content":{"rendered":"<p data-start=\"608\" data-end=\"653\"><strong data-start=\"608\" data-end=\"653\">Composition du Conseil d\u2019administration :<\/strong><\/p>\n<p data-start=\"655\" data-end=\"802\">Le Centre est administr\u00e9 par un Conseil d\u2019administration nomm\u00e9 par d\u00e9cision du Pr\u00e9sident de l\u2019Universit\u00e9 pour une dur\u00e9e de quatre ans, compos\u00e9 de :<\/p>\n<ul data-start=\"804\" data-end=\"1099\">\n<li data-start=\"804\" data-end=\"869\">\n<p data-start=\"806\" data-end=\"869\">Le Vice-recteur charg\u00e9 des affaires scientifiques (Pr\u00e9sident)<\/p>\n<\/li>\n<li data-start=\"870\" data-end=\"896\">\n<p data-start=\"872\" data-end=\"896\">Le Directeur du Centre<\/p>\n<\/li>\n<li data-start=\"897\" data-end=\"1022\">\n<p data-start=\"899\" data-end=\"1022\">Trois membres du corps professoral sp\u00e9cialis\u00e9s dans le service et le d\u00e9veloppement de la communaut\u00e9 et de l\u2019environnement<\/p>\n<\/li>\n<li data-start=\"1023\" data-end=\"1099\">\n<p data-start=\"1025\" data-end=\"1099\">Jusqu\u2019\u00e0 trois conseillers experts dans les domaines d\u2019activit\u00e9 du Centre.<\/p>\n<\/li>\n<\/ul>\n","protected":false},"excerpt":{"rendered":"<p>Composition du Conseil d\u2019administration : Le Centre est administr\u00e9 par un Conseil d\u2019administration nomm\u00e9 par d\u00e9cision du Pr\u00e9sident de l\u2019Universit\u00e9 pour une dur\u00e9e de quatre ans, compos\u00e9 de : Le Vice-recteur charg\u00e9 des affaires scientifiques (Pr\u00e9sident) Le Directeur du Centre Trois membres du corps professoral sp\u00e9cialis\u00e9s dans le service et le d\u00e9veloppement de la communaut\u00e9 [&hellip;]<\/p>\n","protected":false},"author":1,"featured_media":0,"parent":0,"menu_order":0,"comment_status":"closed","ping_status":"closed","template":"","meta":{"_bbp_topic_count":0,"_bbp_reply_count":0,"_bbp_total_topic_count":0,"_bbp_total_reply_count":0,"_bbp_voice_count":0,"_bbp_anonymous_reply_count":0,"_bbp_topic_count_hidden":0,"_bbp_reply_count_hidden":0,"_bbp_forum_subforum_count":0,"footnotes":""},"class_list":["post-769","page","type-page","status-publish","hentry"],"aioseo_notices":[],"amp_enabled":true,"_links":{"self":[{"href":"http:\/\/sebhau.edu.ly\/ccsde\/fr\/wp-json\/wp\/v2\/pages\/769","targetHints":{"allow":["GET"]}}],"collection":[{"href":"http:\/\/sebhau.edu.ly\/ccsde\/fr\/wp-json\/wp\/v2\/pages"}],"about":[{"href":"http:\/\/sebhau.edu.ly\/ccsde\/fr\/wp-json\/wp\/v2\/types\/page"}],"author":[{"embeddable":true,"href":"http:\/\/sebhau.edu.ly\/ccsde\/fr\/wp-json\/wp\/v2\/users\/1"}],"replies":[{"embeddable":true,"href":"http:\/\/sebhau.edu.ly\/ccsde\/fr\/wp-json\/wp\/v2\/comments?post=769"}],"version-history":[{"count":3,"href":"http:\/\/sebhau.edu.ly\/ccsde\/fr\/wp-json\/wp\/v2\/pages\/769\/revisions"}],"predecessor-version":[{"id":1247,"href":"http:\/\/sebhau.edu.ly\/ccsde\/fr\/wp-json\/wp\/v2\/pages\/769\/revisions\/1247"}],"wp:attachment":[{"href":"http:\/\/sebhau.edu.ly\/ccsde\/fr\/wp-json\/wp\/v2\/media?parent=769"}],"curies":[{"name":"wp","href":"https:\/\/api.w.org\/{rel}","templated":true}]}}