{"id":778,"date":"2020-10-17T17:43:11","date_gmt":"2020-10-17T17:43:11","guid":{"rendered":"https:\/\/sebhau.edu.ly\/ccsde\/message-ccsde\/"},"modified":"2025-01-23T08:39:56","modified_gmt":"2025-01-23T08:39:56","slug":"message-ccsde","status":"publish","type":"page","link":"http:\/\/sebhau.edu.ly\/ccsde\/fr\/message-ccsde\/","title":{"rendered":"Mission du Centre\u00a0"},"content":{"rendered":"<p>[vc_row top_and_bottom_padding=\u00a0\u00bb\u00a0\u00bb left_and_right_padding=\u00a0\u00bb\u00a0\u00bb bg_type=\u00a0\u00bb\u00a0\u00bb][vc_column delay=\u00a0\u00bb\u00a0\u00bb delay_offset=\u00a0\u00bb\u00a0\u00bb bg_type=\u00a0\u00bb\u00a0\u00bb min_height=\u00a0\u00bb\u00a0\u00bb top_and_bottom_padding=\u00a0\u00bb\u00a0\u00bb left_and_right_padding=\u00a0\u00bb\u00a0\u00bb width=\u00a0\u00bb1\/2&Prime;]<h3 style=\"text-align: center;\"><strong>Mission du Centre\u00a0<\/strong><\/h3>\n<h4>Le Centre \u0153uvre \u00e0 garantir un environnement administratif et de recherche scientifique communautaire et environnemental performant, pour offrir des services sociaux et environnementaux r\u00e9pondant aux besoins de l\u2019Universit\u00e9 et de la communaut\u00e9. Il vise \u00e9galement \u00e0 \u00e9tablir un r\u00f4le actif au sein de la soci\u00e9t\u00e9, en mobilisant les ressources disponibles pour renforcer la r\u00e9putation de l\u2019Universit\u00e9 \u00e0 l\u2019\u00e9chelle locale et internationale.<\/h4>\n[\/vc_column][vc_column delay=\u00a0\u00bb\u00a0\u00bb delay_offset=\u00a0\u00bb\u00a0\u00bb bg_type=\u00a0\u00bb\u00a0\u00bb min_height=\u00a0\u00bb\u00a0\u00bb top_and_bottom_padding=\u00a0\u00bb\u00a0\u00bb left_and_right_padding=\u00a0\u00bb\u00a0\u00bb width=\u00a0\u00bb1\/2&Prime;][vc_hoverbox image=\u00a0\u00bb683&Prime; primary_title=\u00a0\u00bb\u00a0\u00bb hover_title=\u00a0\u00bb\u00a0\u00bb]<\/p>\n<p style=\"text-align: center;\">Mission du Centre<\/p>\n<p>Le Centre \u0153uvre \u00e0 garantir un environnement administratif et de recherche scientifique communautaire et environnemental performant, pour offrir des services sociaux et environnementaux r\u00e9pondant aux besoins de l\u2019Universit\u00e9 et de la communaut\u00e9. Il vise \u00e9galement \u00e0 \u00e9tablir un r\u00f4le actif au sein de la soci\u00e9t\u00e9, en mobilisant les ressources disponibles pour renforcer la r\u00e9putation de l\u2019Universit\u00e9 \u00e0 l\u2019\u00e9chelle locale et internationale.<\/p>\n<p>[\/vc_hoverbox][\/vc_column][vc_column delay=\u00a0\u00bb\u00a0\u00bb delay_offset=\u00a0\u00bb\u00a0\u00bb bg_type=\u00a0\u00bb\u00a0\u00bb min_height=\u00a0\u00bb\u00a0\u00bb top_and_bottom_padding=\u00a0\u00bb\u00a0\u00bb left_and_right_padding=\u00a0\u00bb\u00a0\u00bb]<div  class=\"dima-clear\" style=\"padding-bottom:15px\"><\/div>[\/vc_column][\/vc_row][vc_row top_and_bottom_padding=\u00a0\u00bb\u00a0\u00bb left_and_right_padding=\u00a0\u00bb\u00a0\u00bb bg_type=\u00a0\u00bb\u00a0\u00bb][vc_column delay=\u00a0\u00bb\u00a0\u00bb delay_offset=\u00a0\u00bb\u00a0\u00bb bg_type=\u00a0\u00bb\u00a0\u00bb min_height=\u00a0\u00bb\u00a0\u00bb top_and_bottom_padding=\u00a0\u00bb\u00a0\u00bb left_and_right_padding=\u00a0\u00bb\u00a0\u00bb width=\u00a0\u00bb1\/3&Prime;][vc_hoverbox image=\u00a0\u00bb663&Prime; primary_title=\u00a0\u00bb\u00a0\u00bb hover_title=\u00a0\u00bb\u00a0\u00bb]<\/p>\n<p style=\"text-align: center;\">Mission du Centre<\/p>\n<p>Le Centre \u0153uvre \u00e0 garantir un environnement administratif et de recherche scientifique communautaire et environnemental performant, pour offrir des services sociaux et environnementaux r\u00e9pondant aux besoins de l\u2019Universit\u00e9 et de la communaut\u00e9. Il vise \u00e9galement \u00e0 \u00e9tablir un r\u00f4le actif au sein de la soci\u00e9t\u00e9, en mobilisant les ressources disponibles pour renforcer la r\u00e9putation de l\u2019Universit\u00e9 \u00e0 l\u2019\u00e9chelle locale et internationale.<\/p>\n<p>[\/vc_hoverbox][\/vc_column][vc_column delay=\u00a0\u00bb\u00a0\u00bb delay_offset=\u00a0\u00bb\u00a0\u00bb bg_type=\u00a0\u00bb\u00a0\u00bb min_height=\u00a0\u00bb\u00a0\u00bb top_and_bottom_padding=\u00a0\u00bb\u00a0\u00bb left_and_right_padding=\u00a0\u00bb\u00a0\u00bb width=\u00a0\u00bb1\/3&Prime;][vc_hoverbox image=\u00a0\u00bb659&Prime; primary_title=\u00a0\u00bb\u00a0\u00bb hover_title=\u00a0\u00bb\u00a0\u00bb]<\/p>\n<p style=\"text-align: center;\">Mission du Centre<\/p>\n<p>Le Centre \u0153uvre \u00e0 garantir un environnement administratif et de recherche scientifique communautaire et environnemental performant, pour offrir des services sociaux et environnementaux r\u00e9pondant aux besoins de l\u2019Universit\u00e9 et de la communaut\u00e9. Il vise \u00e9galement \u00e0 \u00e9tablir un r\u00f4le actif au sein de la soci\u00e9t\u00e9, en mobilisant les ressources disponibles pour renforcer la r\u00e9putation de l\u2019Universit\u00e9 \u00e0 l\u2019\u00e9chelle locale et internationale.<\/p>\n<p>[\/vc_hoverbox][\/vc_column][vc_column delay=\u00a0\u00bb\u00a0\u00bb delay_offset=\u00a0\u00bb\u00a0\u00bb bg_type=\u00a0\u00bb\u00a0\u00bb min_height=\u00a0\u00bb\u00a0\u00bb top_and_bottom_padding=\u00a0\u00bb\u00a0\u00bb left_and_right_padding=\u00a0\u00bb\u00a0\u00bb width=\u00a0\u00bb1\/3&Prime;][vc_hoverbox image=\u00a0\u00bb665&Prime; primary_title=\u00a0\u00bb\u00a0\u00bb hover_title=\u00a0\u00bb\u00a0\u00bb]<\/p>\n<p style=\"text-align: center;\">Mission du Centre<\/p>\n<p>Le Centre \u0153uvre \u00e0 garantir un environnement administratif et de recherche scientifique communautaire et environnemental performant, pour offrir des services sociaux et environnementaux r\u00e9pondant aux besoins de l\u2019Universit\u00e9 et de la communaut\u00e9. Il vise \u00e9galement \u00e0 \u00e9tablir un r\u00f4le actif au sein de la soci\u00e9t\u00e9, en mobilisant les ressources disponibles pour renforcer la r\u00e9putation de l\u2019Universit\u00e9 \u00e0 l\u2019\u00e9chelle locale et internationale.<\/p>\n<p>[\/vc_hoverbox][\/vc_column][\/vc_row]<\/p>\n","protected":false},"excerpt":{"rendered":"<p>[vc_row top_and_bottom_padding=\u00a0\u00bb\u00a0\u00bb left_and_right_padding=\u00a0\u00bb\u00a0\u00bb bg_type=\u00a0\u00bb\u00a0\u00bb][vc_column delay=\u00a0\u00bb\u00a0\u00bb delay_offset=\u00a0\u00bb\u00a0\u00bb bg_type=\u00a0\u00bb\u00a0\u00bb min_height=\u00a0\u00bb\u00a0\u00bb top_and_bottom_padding=\u00a0\u00bb\u00a0\u00bb left_and_right_padding=\u00a0\u00bb\u00a0\u00bb width=\u00a0\u00bb1\/2&Prime;][\/vc_column][vc_column delay=\u00a0\u00bb\u00a0\u00bb delay_offset=\u00a0\u00bb\u00a0\u00bb bg_type=\u00a0\u00bb\u00a0\u00bb min_height=\u00a0\u00bb\u00a0\u00bb top_and_bottom_padding=\u00a0\u00bb\u00a0\u00bb left_and_right_padding=\u00a0\u00bb\u00a0\u00bb width=\u00a0\u00bb1\/2&Prime;][vc_hoverbox image=\u00a0\u00bb683&Prime; primary_title=\u00a0\u00bb\u00a0\u00bb hover_title=\u00a0\u00bb\u00a0\u00bb] Mission du Centre Le Centre \u0153uvre \u00e0 garantir un environnement administratif et de recherche scientifique communautaire et environnemental performant, pour offrir des services sociaux et environnementaux r\u00e9pondant aux besoins de l\u2019Universit\u00e9 et de la [&hellip;]<\/p>\n","protected":false},"author":1,"featured_media":0,"parent":0,"menu_order":0,"comment_status":"closed","ping_status":"closed","template":"","meta":{"_bbp_topic_count":0,"_bbp_reply_count":0,"_bbp_total_topic_count":0,"_bbp_total_reply_count":0,"_bbp_voice_count":0,"_bbp_anonymous_reply_count":0,"_bbp_topic_count_hidden":0,"_bbp_reply_count_hidden":0,"_bbp_forum_subforum_count":0,"footnotes":""},"class_list":["post-778","page","type-page","status-publish","hentry"],"aioseo_notices":[],"amp_enabled":true,"_links":{"self":[{"href":"http:\/\/sebhau.edu.ly\/ccsde\/fr\/wp-json\/wp\/v2\/pages\/778","targetHints":{"allow":["GET"]}}],"collection":[{"href":"http:\/\/sebhau.edu.ly\/ccsde\/fr\/wp-json\/wp\/v2\/pages"}],"about":[{"href":"http:\/\/sebhau.edu.ly\/ccsde\/fr\/wp-json\/wp\/v2\/types\/page"}],"author":[{"embeddable":true,"href":"http:\/\/sebhau.edu.ly\/ccsde\/fr\/wp-json\/wp\/v2\/users\/1"}],"replies":[{"embeddable":true,"href":"http:\/\/sebhau.edu.ly\/ccsde\/fr\/wp-json\/wp\/v2\/comments?post=778"}],"version-history":[{"count":4,"href":"http:\/\/sebhau.edu.ly\/ccsde\/fr\/wp-json\/wp\/v2\/pages\/778\/revisions"}],"predecessor-version":[{"id":803,"href":"http:\/\/sebhau.edu.ly\/ccsde\/fr\/wp-json\/wp\/v2\/pages\/778\/revisions\/803"}],"wp:attachment":[{"href":"http:\/\/sebhau.edu.ly\/ccsde\/fr\/wp-json\/wp\/v2\/media?parent=778"}],"curies":[{"name":"wp","href":"https:\/\/api.w.org\/{rel}","templated":true}]}}