{"id":779,"date":"2020-10-17T17:43:12","date_gmt":"2020-10-17T17:43:12","guid":{"rendered":"https:\/\/sebhau.edu.ly\/ccsde\/goal-ccsde\/"},"modified":"2025-01-23T08:20:58","modified_gmt":"2025-01-23T08:20:58","slug":"goal-ccsde","status":"publish","type":"page","link":"http:\/\/sebhau.edu.ly\/ccsde\/fr\/goal-ccsde\/","title":{"rendered":"Objectifs du Centre"},"content":{"rendered":"<p style=\"text-align: center;\"><strong>Objectifs du Centre<\/strong><\/p>\n<p>1-Relier l\u2019Universit\u00e9 \u00e0 la communaut\u00e9 en identifiant et en analysant les ph\u00e9nom\u00e8nes n\u00e9gatifs (sociaux, culturels, environnementaux) au sein de la soci\u00e9t\u00e9 et des institutions universitaires, et en proposant des recommandations \u00e0 ce sujet.<\/p>\n<p>2-Faire b\u00e9n\u00e9ficier la communaut\u00e9 des comp\u00e9tences, des expertises pratiques, scientifiques et \u00e9ducatives de l\u2019Universit\u00e9, et les appliquer dans un cadre communautaire et environnemental, tout en renfor\u00e7ant la relation entre l\u2019Universit\u00e9 et la communaut\u00e9 locale.<\/p>\n<p>3-\u00c9tudier les ph\u00e9nom\u00e8nes et probl\u00e8mes \u00e0 caract\u00e8re social et environnemental et aider \u00e0 trouver des solutions scientifiques.<\/p>\n<p>4-Coordonner avec les instances comp\u00e9tentes pour le service et le d\u00e9veloppement de la communaut\u00e9 et de l\u2019environnement, \u00e0 l\u2019\u00e9chelle nationale et internationale.<\/p>\n<p>5-Suivre les recherches scientifiques et \u00e9tudes sociales (d\u00e9veloppement, services, environnement) pour r\u00e9pondre aux besoins croissants de la soci\u00e9t\u00e9 \u00e0 l\u2019\u00e8re des avanc\u00e9es technologiques.<\/p>\n<p>6-Organiser des ateliers, s\u00e9minaires et colloques contribuant au service et au d\u00e9veloppement communautaire et environnemental.<\/p>\n<p>7-Promouvoir le b\u00e9n\u00e9volat dans la communaut\u00e9 locale en adoptant des approches professionnelles et institutionnelles, tout en \u00e9vitant l\u2019improvisation et la saisonnalit\u00e9 dans les activit\u00e9s b\u00e9n\u00e9voles. Cela passe par la diffusion du concept de d\u00e9veloppement durable centr\u00e9 sur l\u2019humain et l\u2019investissement dans les ressources humaines.<\/p>\n<p>8-Permettre aux \u00e9tudiants des sciences humaines, appliqu\u00e9es et m\u00e9dicales de participer \u00e0 des programmes sociaux en lien avec leurs sp\u00e9cialit\u00e9s acad\u00e9miques.<\/p>\n<p>9-Encourager l\u2019int\u00e9gration des communaut\u00e9s locales en contribuant au d\u00e9veloppement des comp\u00e9tences, en mobilisant les \u00e9nergies des jeunes et en \u00e9tablissant un r\u00f4le actif au sein de la soci\u00e9t\u00e9.<\/p>\n<p>10-Contribuer au d\u00e9veloppement de la communaut\u00e9 locale et r\u00e9pondre \u00e0 certains de ses besoins en offrant un mod\u00e8le exemplaire dans le travail communautaire.<\/p>\n<p>11-Participer aux projets de d\u00e9veloppement, programmes et comit\u00e9s d\u00e9di\u00e9s au service et au d\u00e9veloppement de la communaut\u00e9 et de l\u2019environnement.<\/p>\n<p>12-Mettre en place une base de donn\u00e9es scientifique compl\u00e8te relative \u00e0 toutes les activit\u00e9s du Centre.<\/p>\n","protected":false},"excerpt":{"rendered":"<p>Objectifs du Centre 1-Relier l\u2019Universit\u00e9 \u00e0 la communaut\u00e9 en identifiant et en analysant les ph\u00e9nom\u00e8nes n\u00e9gatifs (sociaux, culturels, environnementaux) au sein de la soci\u00e9t\u00e9 et des institutions universitaires, et en proposant des recommandations \u00e0 ce sujet. 2-Faire b\u00e9n\u00e9ficier la communaut\u00e9 des comp\u00e9tences, des expertises pratiques, scientifiques et \u00e9ducatives de l\u2019Universit\u00e9, et les appliquer dans un [&hellip;]<\/p>\n","protected":false},"author":1,"featured_media":0,"parent":0,"menu_order":0,"comment_status":"closed","ping_status":"closed","template":"","meta":{"_bbp_topic_count":0,"_bbp_reply_count":0,"_bbp_total_topic_count":0,"_bbp_total_reply_count":0,"_bbp_voice_count":0,"_bbp_anonymous_reply_count":0,"_bbp_topic_count_hidden":0,"_bbp_reply_count_hidden":0,"_bbp_forum_subforum_count":0,"footnotes":""},"class_list":["post-779","page","type-page","status-publish","hentry"],"aioseo_notices":[],"amp_enabled":true,"_links":{"self":[{"href":"http:\/\/sebhau.edu.ly\/ccsde\/fr\/wp-json\/wp\/v2\/pages\/779","targetHints":{"allow":["GET"]}}],"collection":[{"href":"http:\/\/sebhau.edu.ly\/ccsde\/fr\/wp-json\/wp\/v2\/pages"}],"about":[{"href":"http:\/\/sebhau.edu.ly\/ccsde\/fr\/wp-json\/wp\/v2\/types\/page"}],"author":[{"embeddable":true,"href":"http:\/\/sebhau.edu.ly\/ccsde\/fr\/wp-json\/wp\/v2\/users\/1"}],"replies":[{"embeddable":true,"href":"http:\/\/sebhau.edu.ly\/ccsde\/fr\/wp-json\/wp\/v2\/comments?post=779"}],"version-history":[{"count":2,"href":"http:\/\/sebhau.edu.ly\/ccsde\/fr\/wp-json\/wp\/v2\/pages\/779\/revisions"}],"predecessor-version":[{"id":792,"href":"http:\/\/sebhau.edu.ly\/ccsde\/fr\/wp-json\/wp\/v2\/pages\/779\/revisions\/792"}],"wp:attachment":[{"href":"http:\/\/sebhau.edu.ly\/ccsde\/fr\/wp-json\/wp\/v2\/media?parent=779"}],"curies":[{"name":"wp","href":"https:\/\/api.w.org\/{rel}","templated":true}]}}