{"id":782,"date":"2020-10-17T17:43:12","date_gmt":"2020-10-17T17:43:12","guid":{"rendered":"https:\/\/sebhau.edu.ly\/ccsde\/%d9%85%d8%af%d9%8a%d8%b1-%d8%a7%d9%84%d9%85%d8%b1%d9%83%d8%b2\/"},"modified":"2025-01-23T09:06:50","modified_gmt":"2025-01-23T09:06:50","slug":"%d9%85%d8%af%d9%8a%d8%b1-%d8%a7%d9%84%d9%85%d8%b1%d9%83%d8%b2","status":"publish","type":"page","link":"http:\/\/sebhau.edu.ly\/ccsde\/fr\/%d9%85%d8%af%d9%8a%d8%b1-%d8%a7%d9%84%d9%85%d8%b1%d9%83%d8%b2\/","title":{"rendered":"Directeur du Centre"},"content":{"rendered":"<p>[vc_row bg_type=\u00a0\u00bb\u00a0\u00bb dima_canvas_style=\u00a0\u00bb\u00a0\u00bb translate_x=\u00a0\u00bb0&Prime; dima_z_index=\u00a0\u00bb0&Prime; delay=\u00a0\u00bb\u00a0\u00bb delay_duration=\u00a0\u00bb\u00a0\u00bb delay_offset=\u00a0\u00bb\u00a0\u00bb top_and_bottom_padding=\u00a0\u00bb\u00a0\u00bb left_and_right_padding=\u00a0\u00bb\u00a0\u00bb][vc_column min_height=\u00a0\u00bb\u00a0\u00bb bg_type=\u00a0\u00bb\u00a0\u00bb dima_canvas_style=\u00a0\u00bb\u00a0\u00bb translate_x=\u00a0\u00bb0&Prime; dima_z_index=\u00a0\u00bb0&Prime; delay=\u00a0\u00bb\u00a0\u00bb delay_duration=\u00a0\u00bb\u00a0\u00bb delay_offset=\u00a0\u00bb\u00a0\u00bb top_and_bottom_padding=\u00a0\u00bb\u00a0\u00bb left_and_right_padding=\u00a0\u00bb\u00a0\u00bb width=\u00a0\u00bb1\/2&Prime;]<p>Message de Bienvenue :<\/p>\n<p>Au nom de Dieu, le Tout-Puissant,<\/p>\n<p>Je suis heureux de vous accueillir sur le site internet du Centre de Service et de D\u00e9veloppement de la Communaut\u00e9 et de l\u2019Environnement. Ce site a \u00e9t\u00e9 con\u00e7u pour \u00eatre un outil d\u2019assistance, d\u2019orientation et de communication avec tous les b\u00e9n\u00e9ficiaires et partenaires en ce qui concerne les activit\u00e9s du Centre, ainsi que pour clarifier ses proc\u00e9dures, ses syst\u00e8mes et ses multiples services au sein et \u00e0 l\u2019ext\u00e9rieur de l\u2019Universit\u00e9.<\/p>\n<p>Le site a \u00e9galement \u00e9t\u00e9 cr\u00e9\u00e9 pour fournir des informations compl\u00e8tes \u00e0 ses visiteurs. Le Centre a donc d\u00e9cid\u00e9 d\u2019adopter un syst\u00e8me \u00e9lectronique pour ses transactions, contribuant ainsi \u00e0 am\u00e9liorer la qualit\u00e9 des services fournis et \u00e0 faciliter la t\u00e2che des b\u00e9n\u00e9ficiaires.<\/p>\n<p>Enfin, je tiens \u00e0 souligner le r\u00f4le jou\u00e9 par l\u2019Universit\u00e9 et le Centre \u00e0 travers l\u2019\u00e9quipe administrative, qui travaille dans un esprit d\u2019\u00e9quipe, chacun selon ses comp\u00e9tences, pour atteindre les objectifs vis\u00e9s, croyant en une vision globale consistant \u00e0 construire une soci\u00e9t\u00e9 de la connaissance et \u00e0 atteindre l\u2019excellence scientifique.<\/p>\n<p>Directeur du Centre de Service et de D\u00e9veloppement de la Communaut\u00e9 et de l\u2019Environnement de l\u2019Universit\u00e9 de Sebha :<\/p>\n<p><strong>Dr. Mabrouk Mohamed Aboulqasem Abousbeha ,<\/strong><\/p>\n<p>Consultez le CV du Directeur du Centre ici:<a href=\"https:\/\/idpsebhau.edu.ly\/cv\/index.php\/CV\/Serch_show\/150\"><strong>Cliquez-ici <\/strong><\/a><\/p>\n[\/vc_column][vc_column min_height=\u00a0\u00bb\u00a0\u00bb bg_type=\u00a0\u00bb\u00a0\u00bb dima_canvas_style=\u00a0\u00bb\u00a0\u00bb translate_x=\u00a0\u00bb0&Prime; dima_z_index=\u00a0\u00bb0&Prime; delay=\u00a0\u00bb\u00a0\u00bb delay_duration=\u00a0\u00bb\u00a0\u00bb delay_offset=\u00a0\u00bb\u00a0\u00bb top_and_bottom_padding=\u00a0\u00bb\u00a0\u00bb left_and_right_padding=\u00a0\u00bb\u00a0\u00bb width=\u00a0\u00bb1\/2&Prime;]<div class=\"column-item overflow-hidden text-center\"><img loading=\"lazy\" decoding=\"async\" width=\"1600\" height=\"1200\"  class=\"dima-img \" src=\"http:\/\/sebhau.edu.ly\/ccsde\/wp-content\/uploads\/2020\/10\/viber_image_2020-10-25_11-31-38.jpg\"   alt=\"\u0645\u0631\u0643\u0632 \u062e\u062f\u0645\u0629 \u0648\u062a\u0646\u0645\u064a\u0629 \u0627\u0644\u0645\u062c\u062a\u0645\u0639 \u0648\u0627\u0644\u0628\u064a\u0626\u0629\"><\/div>[\/vc_column][\/vc_row]<\/p>\n","protected":false},"excerpt":{"rendered":"<p>[vc_row bg_type=\u00a0\u00bb\u00a0\u00bb dima_canvas_style=\u00a0\u00bb\u00a0\u00bb translate_x=\u00a0\u00bb0&Prime; dima_z_index=\u00a0\u00bb0&Prime; delay=\u00a0\u00bb\u00a0\u00bb delay_duration=\u00a0\u00bb\u00a0\u00bb delay_offset=\u00a0\u00bb\u00a0\u00bb top_and_bottom_padding=\u00a0\u00bb\u00a0\u00bb left_and_right_padding=\u00a0\u00bb\u00a0\u00bb][vc_column min_height=\u00a0\u00bb\u00a0\u00bb bg_type=\u00a0\u00bb\u00a0\u00bb dima_canvas_style=\u00a0\u00bb\u00a0\u00bb translate_x=\u00a0\u00bb0&Prime; dima_z_index=\u00a0\u00bb0&Prime; delay=\u00a0\u00bb\u00a0\u00bb delay_duration=\u00a0\u00bb\u00a0\u00bb delay_offset=\u00a0\u00bb\u00a0\u00bb top_and_bottom_padding=\u00a0\u00bb\u00a0\u00bb left_and_right_padding=\u00a0\u00bb\u00a0\u00bb width=\u00a0\u00bb1\/2&Prime;][\/vc_column][vc_column min_height=\u00a0\u00bb\u00a0\u00bb bg_type=\u00a0\u00bb\u00a0\u00bb dima_canvas_style=\u00a0\u00bb\u00a0\u00bb translate_x=\u00a0\u00bb0&Prime; dima_z_index=\u00a0\u00bb0&Prime; delay=\u00a0\u00bb\u00a0\u00bb delay_duration=\u00a0\u00bb\u00a0\u00bb delay_offset=\u00a0\u00bb\u00a0\u00bb top_and_bottom_padding=\u00a0\u00bb\u00a0\u00bb left_and_right_padding=\u00a0\u00bb\u00a0\u00bb width=\u00a0\u00bb1\/2&Prime;][\/vc_column][\/vc_row]<\/p>\n","protected":false},"author":1,"featured_media":0,"parent":0,"menu_order":0,"comment_status":"closed","ping_status":"closed","template":"","meta":{"_bbp_topic_count":0,"_bbp_reply_count":0,"_bbp_total_topic_count":0,"_bbp_total_reply_count":0,"_bbp_voice_count":0,"_bbp_anonymous_reply_count":0,"_bbp_topic_count_hidden":0,"_bbp_reply_count_hidden":0,"_bbp_forum_subforum_count":0,"footnotes":""},"class_list":["post-782","page","type-page","status-publish","hentry"],"aioseo_notices":[],"amp_enabled":true,"_links":{"self":[{"href":"http:\/\/sebhau.edu.ly\/ccsde\/fr\/wp-json\/wp\/v2\/pages\/782","targetHints":{"allow":["GET"]}}],"collection":[{"href":"http:\/\/sebhau.edu.ly\/ccsde\/fr\/wp-json\/wp\/v2\/pages"}],"about":[{"href":"http:\/\/sebhau.edu.ly\/ccsde\/fr\/wp-json\/wp\/v2\/types\/page"}],"author":[{"embeddable":true,"href":"http:\/\/sebhau.edu.ly\/ccsde\/fr\/wp-json\/wp\/v2\/users\/1"}],"replies":[{"embeddable":true,"href":"http:\/\/sebhau.edu.ly\/ccsde\/fr\/wp-json\/wp\/v2\/comments?post=782"}],"version-history":[{"count":2,"href":"http:\/\/sebhau.edu.ly\/ccsde\/fr\/wp-json\/wp\/v2\/pages\/782\/revisions"}],"predecessor-version":[{"id":818,"href":"http:\/\/sebhau.edu.ly\/ccsde\/fr\/wp-json\/wp\/v2\/pages\/782\/revisions\/818"}],"wp:attachment":[{"href":"http:\/\/sebhau.edu.ly\/ccsde\/fr\/wp-json\/wp\/v2\/media?parent=782"}],"curies":[{"name":"wp","href":"https:\/\/api.w.org\/{rel}","templated":true}]}}