{"id":850,"date":"2020-10-23T13:48:12","date_gmt":"2020-10-23T13:48:12","guid":{"rendered":"https:\/\/sebhau.edu.ly\/ccsde\/%d9%85%d9%80%d9%80%d8%af%d9%8a%d8%b1-%d8%a7%d9%84%d9%85%d8%b1%d9%83%d8%b2\/"},"modified":"2025-04-18T11:14:24","modified_gmt":"2025-04-18T11:14:24","slug":"%d9%85%d9%80%d9%80%d8%af%d9%8a%d8%b1-%d8%a7%d9%84%d9%85%d8%b1%d9%83%d8%b2","status":"publish","type":"page","link":"http:\/\/sebhau.edu.ly\/ccsde\/fr\/%d9%85%d9%80%d9%80%d8%af%d9%8a%d8%b1-%d8%a7%d9%84%d9%85%d8%b1%d9%83%d8%b2\/","title":{"rendered":"Chef de centre"},"content":{"rendered":"<p>Un membre libyen du corps enseignant est nomm\u00e9 directeur du centre par d\u00e9cision du pr\u00e9sident de l&rsquo;universit\u00e9 pour une p\u00e9riode de quatre ans, renouvelable, et est trait\u00e9 administrativement et financi\u00e8rement comme les doyens des facult\u00e9s de l&rsquo;universit\u00e9, conform\u00e9ment \u00e0 la r\u00e9glementation et \u00e0 la l\u00e9gislation en vigueur \u00e0 cet \u00e9gard.   <\/p>\n<p>Le directeur du Centre g\u00e8re les affaires du Centre et donne les instructions n\u00e9cessaires ; il est responsable des politiques du Centre et de la mise en \u0153uvre des d\u00e9cisions de son conseil d&rsquo;administration et accomplit les t\u00e2ches suivantes : <\/p>\n<ul>\n<li>nomme les membres du conseil d&rsquo;administration du Centre, y compris le personnel universitaire et les consultants, en fonction de leur sp\u00e9cialisation et de leur expertise. <\/li>\n<li>G\u00e9rer les affaires fonctionnelles et de recherche du Centre conform\u00e9ment aux lois, r\u00e8glements et syst\u00e8mes applicables, ainsi qu&rsquo;aux d\u00e9cisions prises par la direction du Centre. <\/li>\n<li>Superviser l&rsquo;organisation de cours scientifiques, de conf\u00e9rences et d&rsquo;activit\u00e9s li\u00e9es au Centre.<\/li>\n<li>Repr\u00e9senter l&rsquo;universit\u00e9 et le centre dans ses relations avec les institutions et les centres concern\u00e9s.<\/li>\n<li>Assurer la liaison avec les organisations de la soci\u00e9t\u00e9 civile.<\/li>\n<li>Superviser et suivre les d\u00e9partements et divisions du centre.<\/li>\n<li>Superviser la pr\u00e9paration des comptes d\u00e9finitifs du centre.<\/li>\n<li>Proposer le paiement des salaires, des primes et des r\u00e9compenses aux employ\u00e9s et aux collaborateurs du Centre.<\/li>\n<li>Pr\u00e9parer des rapports p\u00e9riodiques sur l&rsquo;avancement des travaux et les pr\u00e9senter au conseil d&rsquo;administration.<\/li>\n<li>Autoriser le d\u00e9caissement des documents de d\u00e9caissement.<\/li>\n<li>Conform\u00e9ment \u00e0 l&rsquo;autorisation du conseil d&rsquo;administration.<\/li>\n<\/ul>\n","protected":false},"excerpt":{"rendered":"<p>Un membre libyen du corps enseignant est nomm\u00e9 directeur du centre par d\u00e9cision du pr\u00e9sident de l&rsquo;universit\u00e9 pour une p\u00e9riode de quatre ans, renouvelable, et est trait\u00e9 administrativement et financi\u00e8rement comme les doyens des facult\u00e9s de l&rsquo;universit\u00e9, conform\u00e9ment \u00e0 la r\u00e9glementation et \u00e0 la l\u00e9gislation en vigueur \u00e0 cet \u00e9gard. Le directeur du Centre g\u00e8re [&hellip;]<\/p>\n","protected":false},"author":1,"featured_media":0,"parent":0,"menu_order":0,"comment_status":"closed","ping_status":"closed","template":"","meta":{"_bbp_topic_count":0,"_bbp_reply_count":0,"_bbp_total_topic_count":0,"_bbp_total_reply_count":0,"_bbp_voice_count":0,"_bbp_anonymous_reply_count":0,"_bbp_topic_count_hidden":0,"_bbp_reply_count_hidden":0,"_bbp_forum_subforum_count":0,"footnotes":""},"class_list":["post-850","page","type-page","status-publish","hentry"],"aioseo_notices":[],"amp_enabled":true,"_links":{"self":[{"href":"http:\/\/sebhau.edu.ly\/ccsde\/fr\/wp-json\/wp\/v2\/pages\/850","targetHints":{"allow":["GET"]}}],"collection":[{"href":"http:\/\/sebhau.edu.ly\/ccsde\/fr\/wp-json\/wp\/v2\/pages"}],"about":[{"href":"http:\/\/sebhau.edu.ly\/ccsde\/fr\/wp-json\/wp\/v2\/types\/page"}],"author":[{"embeddable":true,"href":"http:\/\/sebhau.edu.ly\/ccsde\/fr\/wp-json\/wp\/v2\/users\/1"}],"replies":[{"embeddable":true,"href":"http:\/\/sebhau.edu.ly\/ccsde\/fr\/wp-json\/wp\/v2\/comments?post=850"}],"version-history":[{"count":1,"href":"http:\/\/sebhau.edu.ly\/ccsde\/fr\/wp-json\/wp\/v2\/pages\/850\/revisions"}],"predecessor-version":[{"id":872,"href":"http:\/\/sebhau.edu.ly\/ccsde\/fr\/wp-json\/wp\/v2\/pages\/850\/revisions\/872"}],"wp:attachment":[{"href":"http:\/\/sebhau.edu.ly\/ccsde\/fr\/wp-json\/wp\/v2\/media?parent=850"}],"curies":[{"name":"wp","href":"https:\/\/api.w.org\/{rel}","templated":true}]}}