{"id":697,"date":"2020-10-17T17:43:12","date_gmt":"2020-10-17T17:43:12","guid":{"rendered":"https:\/\/sebhau.edu.ly\/eaic\/%d9%85%d8%af%d9%8a%d8%b1-%d8%a7%d9%84%d9%85%d8%b1%d9%83%d8%b2\/"},"modified":"2025-08-08T12:23:04","modified_gmt":"2025-08-08T12:23:04","slug":"directeur-du-centre-2","status":"publish","type":"page","link":"http:\/\/sebhau.edu.ly\/eaic\/fr\/directeur-du-centre-2\/","title":{"rendered":"Directeur du centre"},"content":{"rendered":"<p>[vc_row bg_type=\u00a0\u00bb\u00a0\u00bb dima_canvas_style=\u00a0\u00bb\u00a0\u00bb translate_x=\u00a0\u00bb0&Prime; dima_z_index=\u00a0\u00bb0&Prime; delay=\u00a0\u00bb\u00a0\u00bb delay_duration=\u00a0\u00bb\u00a0\u00bb delay_offset=\u00a0\u00bb\u00a0\u00bb top_and_bottom_padding=\u00a0\u00bb\u00a0\u00bb left_and_right_padding=\u00a0\u00bb\u00a0\u00bb][vc_column min_height=\u00a0\u00bb\u00a0\u00bb bg_type=\u00a0\u00bb\u00a0\u00bb dima_canvas_style=\u00a0\u00bb\u00a0\u00bb translate_x=\u00a0\u00bb0&Prime; dima_z_index=\u00a0\u00bb0&Prime; delay=\u00a0\u00bb\u00a0\u00bb delay_duration=\u00a0\u00bb\u00a0\u00bb delay_offset=\u00a0\u00bb\u00a0\u00bb top_and_bottom_padding=\u00a0\u00bb\u00a0\u00bb left_and_right_padding=\u00a0\u00bb\u00a0\u00bb width=\u00a0\u00bb1\/2&Prime;]<p>Directeur de l&rsquo;Innovation Entrepreneuriale \u00e0 l&rsquo;Universit\u00e9 de Sebha \ud83d\ude00 . Omar Abouelkacem Jibril Sassi<\/p>\n<p>Pour consulter le CV du directeur du centre, veuillez cliquer sur le lien suivant : <a href=\"https:\/\/idpsebhau.edu.ly\/cv\/index.php\/CV\/Serch_show\/868\">CV<\/a><\/p>\n<p>Pour plus d&rsquo;informations, veuillez contacter le Centre pour l&rsquo;entrepreneuriat et l&rsquo;innovation de l&rsquo;universit\u00e9 de Sebha :<\/p>\n<p>Num\u00e9ro de t\u00e9l\u00e9phone : 0712626012<\/p>\n<p>Fax : 0712632697<\/p>\n<p>Vous pouvez \u00e9galement contacter l&rsquo;adresse \u00e9lectronique du centre :<\/p>\n[\/vc_column][vc_column min_height=\u00a0\u00bb\u00a0\u00bb bg_type=\u00a0\u00bb\u00a0\u00bb dima_canvas_style=\u00a0\u00bb\u00a0\u00bb translate_x=\u00a0\u00bb0&Prime; dima_z_index=\u00a0\u00bb0&Prime; delay=\u00a0\u00bb\u00a0\u00bb delay_duration=\u00a0\u00bb\u00a0\u00bb delay_offset=\u00a0\u00bb\u00a0\u00bb top_and_bottom_padding=\u00a0\u00bb\u00a0\u00bb left_and_right_padding=\u00a0\u00bb\u00a0\u00bb width=\u00a0\u00bb1\/2&Prime;]<div class=\"column-item overflow-hidden text-center\"><img    class=\"dima-img \" src=\"\"   alt=\"Centre d\u2019Entrepreneuriat et d\u2019Innovation\"><\/div>[\/vc_column][\/vc_row]<\/p>\n","protected":false},"excerpt":{"rendered":"<p>[vc_row bg_type=\u00a0\u00bb\u00a0\u00bb dima_canvas_style=\u00a0\u00bb\u00a0\u00bb translate_x=\u00a0\u00bb0&Prime; dima_z_index=\u00a0\u00bb0&Prime; delay=\u00a0\u00bb\u00a0\u00bb delay_duration=\u00a0\u00bb\u00a0\u00bb delay_offset=\u00a0\u00bb\u00a0\u00bb top_and_bottom_padding=\u00a0\u00bb\u00a0\u00bb left_and_right_padding=\u00a0\u00bb\u00a0\u00bb][vc_column min_height=\u00a0\u00bb\u00a0\u00bb bg_type=\u00a0\u00bb\u00a0\u00bb dima_canvas_style=\u00a0\u00bb\u00a0\u00bb translate_x=\u00a0\u00bb0&Prime; dima_z_index=\u00a0\u00bb0&Prime; delay=\u00a0\u00bb\u00a0\u00bb delay_duration=\u00a0\u00bb\u00a0\u00bb delay_offset=\u00a0\u00bb\u00a0\u00bb top_and_bottom_padding=\u00a0\u00bb\u00a0\u00bb left_and_right_padding=\u00a0\u00bb\u00a0\u00bb width=\u00a0\u00bb1\/2&Prime;][\/vc_column][vc_column min_height=\u00a0\u00bb\u00a0\u00bb bg_type=\u00a0\u00bb\u00a0\u00bb dima_canvas_style=\u00a0\u00bb\u00a0\u00bb translate_x=\u00a0\u00bb0&Prime; dima_z_index=\u00a0\u00bb0&Prime; delay=\u00a0\u00bb\u00a0\u00bb delay_duration=\u00a0\u00bb\u00a0\u00bb delay_offset=\u00a0\u00bb\u00a0\u00bb top_and_bottom_padding=\u00a0\u00bb\u00a0\u00bb left_and_right_padding=\u00a0\u00bb\u00a0\u00bb width=\u00a0\u00bb1\/2&Prime;][\/vc_column][\/vc_row]<\/p>\n","protected":false},"author":1,"featured_media":0,"parent":0,"menu_order":0,"comment_status":"closed","ping_status":"closed","template":"","meta":{"_bbp_topic_count":0,"_bbp_reply_count":0,"_bbp_total_topic_count":0,"_bbp_total_reply_count":0,"_bbp_voice_count":0,"_bbp_anonymous_reply_count":0,"_bbp_topic_count_hidden":0,"_bbp_reply_count_hidden":0,"_bbp_forum_subforum_count":0},"amp_enabled":true,"_links":{"self":[{"href":"http:\/\/sebhau.edu.ly\/eaic\/fr\/wp-json\/wp\/v2\/pages\/697"}],"collection":[{"href":"http:\/\/sebhau.edu.ly\/eaic\/fr\/wp-json\/wp\/v2\/pages"}],"about":[{"href":"http:\/\/sebhau.edu.ly\/eaic\/fr\/wp-json\/wp\/v2\/types\/page"}],"author":[{"embeddable":true,"href":"http:\/\/sebhau.edu.ly\/eaic\/fr\/wp-json\/wp\/v2\/users\/1"}],"replies":[{"embeddable":true,"href":"http:\/\/sebhau.edu.ly\/eaic\/fr\/wp-json\/wp\/v2\/comments?post=697"}],"version-history":[{"count":12,"href":"http:\/\/sebhau.edu.ly\/eaic\/fr\/wp-json\/wp\/v2\/pages\/697\/revisions"}],"predecessor-version":[{"id":932,"href":"http:\/\/sebhau.edu.ly\/eaic\/fr\/wp-json\/wp\/v2\/pages\/697\/revisions\/932"}],"wp:attachment":[{"href":"http:\/\/sebhau.edu.ly\/eaic\/fr\/wp-json\/wp\/v2\/media?parent=697"}],"curies":[{"name":"wp","href":"https:\/\/api.w.org\/{rel}","templated":true}]}}