{"id":701,"date":"2020-10-17T17:43:11","date_gmt":"2020-10-17T17:43:11","guid":{"rendered":"https:\/\/sebhau.edu.ly\/eaic\/message-eaic\/"},"modified":"2025-08-08T12:09:48","modified_gmt":"2025-08-08T12:09:48","slug":"mission-du-centre","status":"publish","type":"page","link":"http:\/\/sebhau.edu.ly\/eaic\/fr\/mission-du-centre\/","title":{"rendered":"Mission du centre"},"content":{"rendered":"<p style=\"text-align: center;\"><strong data-start=\"0\" data-end=\"21\" data-is-only-node=\"\">Mission du centre<\/strong><br data-start=\"21\" data-end=\"24\" \/>\u00c9lever le niveau d&rsquo;innovation, de cr\u00e9ativit\u00e9 et de leadership, tout en renfor\u00e7ant les capacit\u00e9s de la communaut\u00e9 universitaire \u00e0 \u00eatre comp\u00e9titive, gr\u00e2ce \u00e0 la cr\u00e9ation d\u2019un environnement stimulant et porteur pour les porteurs d\u2019id\u00e9es innovantes et de projets novateurs, afin de favoriser le d\u00e9veloppement et la croissance. Cela passe par le d\u00e9veloppement des comp\u00e9tences d\u2019innovation chez les professeurs et \u00e9tudiants, ainsi que leur aide \u00e0 cr\u00e9er leurs projets entrepreneuriaux, en collaboration avec les organismes publics et priv\u00e9s dans les diff\u00e9rents secteurs \u00e9conomiques de la Libye.<\/p>\n","protected":false},"excerpt":{"rendered":"<p>Mission du centre\u00c9lever le niveau d&rsquo;innovation, de cr\u00e9ativit\u00e9 et de leadership, tout en renfor\u00e7ant les capacit\u00e9s de la communaut\u00e9 universitaire \u00e0 \u00eatre comp\u00e9titive, gr\u00e2ce \u00e0 la cr\u00e9ation d\u2019un environnement stimulant et porteur pour les porteurs d\u2019id\u00e9es innovantes et de projets novateurs, afin de favoriser le d\u00e9veloppement et la croissance. Cela passe par le d\u00e9veloppement des [&hellip;]<\/p>\n","protected":false},"author":1,"featured_media":0,"parent":0,"menu_order":0,"comment_status":"closed","ping_status":"closed","template":"","meta":{"_bbp_topic_count":0,"_bbp_reply_count":0,"_bbp_total_topic_count":0,"_bbp_total_reply_count":0,"_bbp_voice_count":0,"_bbp_anonymous_reply_count":0,"_bbp_topic_count_hidden":0,"_bbp_reply_count_hidden":0,"_bbp_forum_subforum_count":0},"amp_enabled":true,"_links":{"self":[{"href":"http:\/\/sebhau.edu.ly\/eaic\/fr\/wp-json\/wp\/v2\/pages\/701"}],"collection":[{"href":"http:\/\/sebhau.edu.ly\/eaic\/fr\/wp-json\/wp\/v2\/pages"}],"about":[{"href":"http:\/\/sebhau.edu.ly\/eaic\/fr\/wp-json\/wp\/v2\/types\/page"}],"author":[{"embeddable":true,"href":"http:\/\/sebhau.edu.ly\/eaic\/fr\/wp-json\/wp\/v2\/users\/1"}],"replies":[{"embeddable":true,"href":"http:\/\/sebhau.edu.ly\/eaic\/fr\/wp-json\/wp\/v2\/comments?post=701"}],"version-history":[{"count":3,"href":"http:\/\/sebhau.edu.ly\/eaic\/fr\/wp-json\/wp\/v2\/pages\/701\/revisions"}],"predecessor-version":[{"id":912,"href":"http:\/\/sebhau.edu.ly\/eaic\/fr\/wp-json\/wp\/v2\/pages\/701\/revisions\/912"}],"wp:attachment":[{"href":"http:\/\/sebhau.edu.ly\/eaic\/fr\/wp-json\/wp\/v2\/media?parent=701"}],"curies":[{"name":"wp","href":"https:\/\/api.w.org\/{rel}","templated":true}]}}