{"id":703,"date":"2020-10-17T17:43:11","date_gmt":"2020-10-17T17:43:11","guid":{"rendered":"https:\/\/sebhau.edu.ly\/eaic\/vision-eaic\/"},"modified":"2025-08-08T12:07:36","modified_gmt":"2025-08-08T12:07:36","slug":"vision-du-centre","status":"publish","type":"page","link":"http:\/\/sebhau.edu.ly\/eaic\/fr\/vision-du-centre\/","title":{"rendered":"Vision du centre"},"content":{"rendered":"<p style=\"text-align: center;\" data-start=\"0\" data-end=\"20\"><strong data-start=\"0\" data-end=\"20\">Vision du centre<\/strong><\/p>\n<p style=\"text-align: center;\" data-start=\"22\" data-end=\"160\" data-is-last-node=\"\" data-is-only-node=\"\">Atteindre une communaut\u00e9 universitaire innovante et entrepreneuriale capable de contribuer r\u00e9ellement au d\u00e9veloppement \u00e9conomique durable.<\/p>\n","protected":false},"excerpt":{"rendered":"<p>Vision du centre Atteindre une communaut\u00e9 universitaire innovante et entrepreneuriale capable de contribuer r\u00e9ellement au d\u00e9veloppement \u00e9conomique durable.<\/p>\n","protected":false},"author":1,"featured_media":0,"parent":0,"menu_order":0,"comment_status":"closed","ping_status":"closed","template":"","meta":{"_bbp_topic_count":0,"_bbp_reply_count":0,"_bbp_total_topic_count":0,"_bbp_total_reply_count":0,"_bbp_voice_count":0,"_bbp_anonymous_reply_count":0,"_bbp_topic_count_hidden":0,"_bbp_reply_count_hidden":0,"_bbp_forum_subforum_count":0},"amp_enabled":true,"_links":{"self":[{"href":"http:\/\/sebhau.edu.ly\/eaic\/fr\/wp-json\/wp\/v2\/pages\/703"}],"collection":[{"href":"http:\/\/sebhau.edu.ly\/eaic\/fr\/wp-json\/wp\/v2\/pages"}],"about":[{"href":"http:\/\/sebhau.edu.ly\/eaic\/fr\/wp-json\/wp\/v2\/types\/page"}],"author":[{"embeddable":true,"href":"http:\/\/sebhau.edu.ly\/eaic\/fr\/wp-json\/wp\/v2\/users\/1"}],"replies":[{"embeddable":true,"href":"http:\/\/sebhau.edu.ly\/eaic\/fr\/wp-json\/wp\/v2\/comments?post=703"}],"version-history":[{"count":3,"href":"http:\/\/sebhau.edu.ly\/eaic\/fr\/wp-json\/wp\/v2\/pages\/703\/revisions"}],"predecessor-version":[{"id":910,"href":"http:\/\/sebhau.edu.ly\/eaic\/fr\/wp-json\/wp\/v2\/pages\/703\/revisions\/910"}],"wp:attachment":[{"href":"http:\/\/sebhau.edu.ly\/eaic\/fr\/wp-json\/wp\/v2\/media?parent=703"}],"curies":[{"name":"wp","href":"https:\/\/api.w.org\/{rel}","templated":true}]}}