{"id":707,"date":"2020-10-17T17:19:28","date_gmt":"2020-10-17T17:19:28","guid":{"rendered":"https:\/\/sebhau.edu.ly\/eaic\/home\/"},"modified":"2026-01-07T07:59:35","modified_gmt":"2026-01-07T07:59:35","slug":"home","status":"publish","type":"page","link":"http:\/\/sebhau.edu.ly\/eaic\/fr\/","title":{"rendered":"Accueil"},"content":{"rendered":"<p>[vc_row bg_type=\u00a0\u00bb\u00a0\u00bb dima_canvas_style=\u00a0\u00bb\u00a0\u00bb translate_x=\u00a0\u00bb0&Prime; dima_z_index=\u00a0\u00bb0&Prime; delay=\u00a0\u00bb\u00a0\u00bb delay_duration=\u00a0\u00bb\u00a0\u00bb delay_offset=\u00a0\u00bb\u00a0\u00bb top_and_bottom_padding=\u00a0\u00bb\u00a0\u00bb left_and_right_padding=\u00a0\u00bb\u00a0\u00bb id=\u00a0\u00bb\u00a0\u00bb class=\u00a0\u00bb\u00a0\u00bb style=\u00a0\u00bb\u00a0\u00bb bg_color=\u00a0\u00bb#f7fafc\u00a0\u00bb border_color=\u00a0\u00bb\u00a0\u00bb][vc_column min_height=\u00a0\u00bb\u00a0\u00bb bg_type=\u00a0\u00bb\u00a0\u00bb dima_canvas_style=\u00a0\u00bb\u00a0\u00bb translate_x=\u00a0\u00bb0&Prime; dima_z_index=\u00a0\u00bb0&Prime; delay=\u00a0\u00bb\u00a0\u00bb delay_duration=\u00a0\u00bb\u00a0\u00bb delay_offset=\u00a0\u00bb\u00a0\u00bb top_and_bottom_padding=\u00a0\u00bb\u00a0\u00bb left_and_right_padding=\u00a0\u00bb\u00a0\u00bb width=\u00a0\u00bb1\/3&Prime;]<div  class=\"dima-callout text-center dima-box-shadow\" ><h3 class=\"h-callout\" >Vision<\/h3><p class=\"p-callout\" >Atteindre une communaut\u00e9 universitaire innovante et<br \/>\nleader capable de contribuer r\u00e9ellement au d\u00e9veloppement \u00e9conomique durable.<\/p><a   data-direction=\"start\" class=\"dima-button  dima-btn-pill stroke dima-btn-small float-center\"  href=\"http:\/\/sebhau.edu.ly\/eaic\/vision-eaic\/\"  target=\"_blank\" rel=\"noopener\"  >Plus d'informations<\/a><div  class=\"dima-clear\" style=\"padding-bottom:30px\"><\/div><div  class=\"dima-clear\" style=\"padding-bottom:20px\"><\/div><\/div>[\/vc_column][vc_column min_height=\u00a0\u00bb\u00a0\u00bb bg_type=\u00a0\u00bb\u00a0\u00bb dima_canvas_style=\u00a0\u00bb\u00a0\u00bb translate_x=\u00a0\u00bb0&Prime; dima_z_index=\u00a0\u00bb0&Prime; delay=\u00a0\u00bb\u00a0\u00bb delay_duration=\u00a0\u00bb\u00a0\u00bb delay_offset=\u00a0\u00bb\u00a0\u00bb top_and_bottom_padding=\u00a0\u00bb\u00a0\u00bb left_and_right_padding=\u00a0\u00bb\u00a0\u00bb width=\u00a0\u00bb1\/3&Prime;]<div  class=\"dima-callout text-center dima-box-shadow\" ><h3 class=\"h-callout\" >Mission<\/h3><p class=\"p-callout\" >\u00c9lever le niveau d'innovation, de cr\u00e9ativit\u00e9 et de leadership et renforcer les capacit\u00e9s de la communaut\u00e9 universitaire \u00e0 concurrencer, en fournissant un environnement stimulant et accueillant pour les porteurs d'id\u00e9es novatrices et projets innovants pour g\u00e9n\u00e9rer d\u00e9veloppement et croissance.<\/p><a   data-direction=\"start\" class=\"dima-button  dima-btn-pill stroke dima-btn-small float-center\"  href=\"http:\/\/sebhau.edu.ly\/eaic\/message-eaic\/\"  target=\"_blank\" rel=\"noopener\"  >Plus d'informations<\/a><\/div>[\/vc_column][vc_column min_height=\u00a0\u00bb\u00a0\u00bb bg_type=\u00a0\u00bb\u00a0\u00bb dima_canvas_style=\u00a0\u00bb\u00a0\u00bb translate_x=\u00a0\u00bb0&Prime; dima_z_index=\u00a0\u00bb0&Prime; delay=\u00a0\u00bb\u00a0\u00bb delay_duration=\u00a0\u00bb\u00a0\u00bb delay_offset=\u00a0\u00bb\u00a0\u00bb top_and_bottom_padding=\u00a0\u00bb\u00a0\u00bb left_and_right_padding=\u00a0\u00bb\u00a0\u00bb width=\u00a0\u00bb1\/3&Prime;]<div  class=\"dima-callout text-center dima-box-shadow\" ><h3 class=\"h-callout\" >D\u00e9partements<\/h3><p class=\"p-callout\" >Le Centre d'Innovation et d'Entrepreneuriat est compos\u00e9 de trois d\u00e9partements principaux :<br \/>\n1. D\u00e9partement de la formation et de l'incubation<br \/>\n2. D\u00e9partement de la communication et des syst\u00e8mes d'information<br \/>\n3. D\u00e9partement des affaires administratives et financi\u00e8res<\/p><a   data-direction=\"start\" class=\"dima-button  dima-btn-pill stroke dima-btn-small float-center\"  href=\"http:\/\/sebhau.edu.ly\/eaic\/sections-eaic\/\"  target=\"_blank\" rel=\"noopener\"  >Plus d'informations<\/a><div  class=\"dima-clear\" style=\"padding-bottom:25px\"><\/div><\/div>[\/vc_column][\/vc_row][vc_row equal_height=\u00a0\u00bbtrue\u00a0\u00bb dark=\u00a0\u00bbtrue\u00a0\u00bb bg_type=\u00a0\u00bb\u00a0\u00bb dima_canvas_style=\u00a0\u00bb\u00a0\u00bb translate_x=\u00a0\u00bb0&Prime; dima_z_index=\u00a0\u00bb0&Prime; delay=\u00a0\u00bb\u00a0\u00bb delay_duration=\u00a0\u00bb\u00a0\u00bb delay_offset=\u00a0\u00bb\u00a0\u00bb top_and_bottom_padding=\u00a0\u00bb15px\u00a0\u00bb left_and_right_padding=\u00a0\u00bb\u00a0\u00bb id=\u00a0\u00bb\u00a0\u00bb class=\u00a0\u00bb\u00a0\u00bb style=\u00a0\u00bb\u00a0\u00bb bg_color=\u00a0\u00bb#1e73be\u00a0\u00bb css=\u00a0\u00bb.vc_custom_1683623969762{background-color: #f7fafc !important;}\u00a0\u00bb border_color=\u00a0\u00bb\u00a0\u00bb][vc_column min_height=\u00a0\u00bb\u00a0\u00bb bg_type=\u00a0\u00bb\u00a0\u00bb dima_canvas_style=\u00a0\u00bb\u00a0\u00bb translate_x=\u00a0\u00bb0&Prime; dima_z_index=\u00a0\u00bb0&Prime; delay=\u00a0\u00bb\u00a0\u00bb delay_duration=\u00a0\u00bb\u00a0\u00bb delay_offset=\u00a0\u00bb\u00a0\u00bb top_and_bottom_padding=\u00a0\u00bb\u00a0\u00bb left_and_right_padding=\u00a0\u00bb\u00a0\u00bb width=\u00a0\u00bb1\/1&Prime;]<p>Le Centre d&rsquo;Innovation et d&rsquo;Entrepreneuriat de l&rsquo;Universit\u00e9 de Sebha a \u00e9t\u00e9 cr\u00e9\u00e9 en vertu de la d\u00e9cision num\u00e9ro 543 \/ 2018 \u00e9mise par le ministre de l&rsquo;\u00c9ducation.<br \/>\nLe centre se concentre principalement et fortement sur la diffusion de la pens\u00e9e entrepreneuriale et du leadership entrepreneurial parmi les \u00e9tudiants universitaires, en fournissant un soutien technique, administratif et financier n\u00e9cessaire aux id\u00e9es et projets innovants et entrepreneuriaux dans la communaut\u00e9 universitaire et locale, en coop\u00e9ration et int\u00e9gration avec le secteur priv\u00e9 dans le but de soutenir l&rsquo;autonomisation \u00e9conomique de ces communaut\u00e9s afin qu&rsquo;elles puissent contribuer r\u00e9ellement au d\u00e9veloppement durable. Il aide \u00e9galement les \u00e9tudiants \u00e0 cr\u00e9er des start-ups technologiques.<\/p>\n[\/vc_column][\/vc_row]<\/p>\n","protected":false},"excerpt":{"rendered":"<p>[vc_row bg_type=\u00a0\u00bb\u00a0\u00bb dima_canvas_style=\u00a0\u00bb\u00a0\u00bb translate_x=\u00a0\u00bb0&Prime; dima_z_index=\u00a0\u00bb0&Prime; delay=\u00a0\u00bb\u00a0\u00bb delay_duration=\u00a0\u00bb\u00a0\u00bb delay_offset=\u00a0\u00bb\u00a0\u00bb top_and_bottom_padding=\u00a0\u00bb\u00a0\u00bb left_and_right_padding=\u00a0\u00bb\u00a0\u00bb id=\u00a0\u00bb\u00a0\u00bb class=\u00a0\u00bb\u00a0\u00bb style=\u00a0\u00bb\u00a0\u00bb bg_color=\u00a0\u00bb#f7fafc\u00a0\u00bb border_color=\u00a0\u00bb\u00a0\u00bb][vc_column min_height=\u00a0\u00bb\u00a0\u00bb bg_type=\u00a0\u00bb\u00a0\u00bb dima_canvas_style=\u00a0\u00bb\u00a0\u00bb translate_x=\u00a0\u00bb0&Prime; dima_z_index=\u00a0\u00bb0&Prime; delay=\u00a0\u00bb\u00a0\u00bb delay_duration=\u00a0\u00bb\u00a0\u00bb delay_offset=\u00a0\u00bb\u00a0\u00bb top_and_bottom_padding=\u00a0\u00bb\u00a0\u00bb left_and_right_padding=\u00a0\u00bb\u00a0\u00bb width=\u00a0\u00bb1\/3&Prime;][\/vc_column][vc_column min_height=\u00a0\u00bb\u00a0\u00bb bg_type=\u00a0\u00bb\u00a0\u00bb dima_canvas_style=\u00a0\u00bb\u00a0\u00bb translate_x=\u00a0\u00bb0&Prime; dima_z_index=\u00a0\u00bb0&Prime; delay=\u00a0\u00bb\u00a0\u00bb delay_duration=\u00a0\u00bb\u00a0\u00bb delay_offset=\u00a0\u00bb\u00a0\u00bb top_and_bottom_padding=\u00a0\u00bb\u00a0\u00bb left_and_right_padding=\u00a0\u00bb\u00a0\u00bb width=\u00a0\u00bb1\/3&Prime;][\/vc_column][vc_column min_height=\u00a0\u00bb\u00a0\u00bb bg_type=\u00a0\u00bb\u00a0\u00bb dima_canvas_style=\u00a0\u00bb\u00a0\u00bb translate_x=\u00a0\u00bb0&Prime; dima_z_index=\u00a0\u00bb0&Prime; delay=\u00a0\u00bb\u00a0\u00bb delay_duration=\u00a0\u00bb\u00a0\u00bb delay_offset=\u00a0\u00bb\u00a0\u00bb top_and_bottom_padding=\u00a0\u00bb\u00a0\u00bb left_and_right_padding=\u00a0\u00bb\u00a0\u00bb width=\u00a0\u00bb1\/3&Prime;][\/vc_column][\/vc_row][vc_row equal_height=\u00a0\u00bbtrue\u00a0\u00bb dark=\u00a0\u00bbtrue\u00a0\u00bb bg_type=\u00a0\u00bb\u00a0\u00bb dima_canvas_style=\u00a0\u00bb\u00a0\u00bb translate_x=\u00a0\u00bb0&Prime; dima_z_index=\u00a0\u00bb0&Prime; delay=\u00a0\u00bb\u00a0\u00bb [&hellip;]<\/p>\n","protected":false},"author":1,"featured_media":0,"parent":0,"menu_order":0,"comment_status":"closed","ping_status":"closed","template":"","meta":{"_bbp_topic_count":0,"_bbp_reply_count":0,"_bbp_total_topic_count":0,"_bbp_total_reply_count":0,"_bbp_voice_count":0,"_bbp_anonymous_reply_count":0,"_bbp_topic_count_hidden":0,"_bbp_reply_count_hidden":0,"_bbp_forum_subforum_count":0},"amp_enabled":false,"_links":{"self":[{"href":"http:\/\/sebhau.edu.ly\/eaic\/fr\/wp-json\/wp\/v2\/pages\/707"}],"collection":[{"href":"http:\/\/sebhau.edu.ly\/eaic\/fr\/wp-json\/wp\/v2\/pages"}],"about":[{"href":"http:\/\/sebhau.edu.ly\/eaic\/fr\/wp-json\/wp\/v2\/types\/page"}],"author":[{"embeddable":true,"href":"http:\/\/sebhau.edu.ly\/eaic\/fr\/wp-json\/wp\/v2\/users\/1"}],"replies":[{"embeddable":true,"href":"http:\/\/sebhau.edu.ly\/eaic\/fr\/wp-json\/wp\/v2\/comments?post=707"}],"version-history":[{"count":7,"href":"http:\/\/sebhau.edu.ly\/eaic\/fr\/wp-json\/wp\/v2\/pages\/707\/revisions"}],"predecessor-version":[{"id":938,"href":"http:\/\/sebhau.edu.ly\/eaic\/fr\/wp-json\/wp\/v2\/pages\/707\/revisions\/938"}],"wp:attachment":[{"href":"http:\/\/sebhau.edu.ly\/eaic\/fr\/wp-json\/wp\/v2\/media?parent=707"}],"curies":[{"name":"wp","href":"https:\/\/api.w.org\/{rel}","templated":true}]}}