{"id":24187,"date":"2021-09-11T17:47:20","date_gmt":"2021-09-11T14:47:20","guid":{"rendered":"https:\/\/sebhau.edu.ly\/?page_id=24187"},"modified":"2023-12-03T08:47:22","modified_gmt":"2023-12-03T05:47:22","slug":"university-clinic","status":"publish","type":"page","link":"https:\/\/sebhau.edu.ly\/fr\/university-clinic\/","title":{"rendered":"Clinique universitaire"},"content":{"rendered":"<section class=\"wpb-content-wrapper\"><p>[vc_row bg_type=\u00a0\u00bb\u00a0\u00bb dima_canvas_style=\u00a0\u00bb\u00a0\u00bb translate_x=\u00a0\u00bb0&Prime; dima_z_index=\u00a0\u00bb0&Prime; delay=\u00a0\u00bb\u00a0\u00bb delay_duration=\u00a0\u00bb\u00a0\u00bb delay_offset=\u00a0\u00bb\u00a0\u00bb top_and_bottom_padding=\u00a0\u00bb\u00a0\u00bb left_and_right_padding=\u00a0\u00bb\u00a0\u00bb][vc_column min_height=\u00a0\u00bb\u00a0\u00bb bg_type=\u00a0\u00bb\u00a0\u00bb dima_canvas_style=\u00a0\u00bb\u00a0\u00bb translate_x=\u00a0\u00bb0&Prime; dima_z_index=\u00a0\u00bb0&Prime; delay=\u00a0\u00bb\u00a0\u00bb delay_duration=\u00a0\u00bb\u00a0\u00bb delay_offset=\u00a0\u00bb\u00a0\u00bb top_and_bottom_padding=\u00a0\u00bb\u00a0\u00bb left_and_right_padding=\u00a0\u00bb\u00a0\u00bb width=\u00a0\u00bb1\/1&Prime;]<h2  class=\"dima-custom-heading\" ><\/p>\n<h2><strong>La Clinique de l\u2019Universit\u00e9<\/strong><\/h2>\n<p><\/h2><h3  class=\"dima-custom-heading\" ><\/p>\n<h3>Le d\u00e9cret num\u00e9ro 10 de l&rsquo;ann\u00e9e 2001 concerne la r\u00e9\u00e9dition du r\u00e8glement des cliniques sp\u00e9cialis\u00e9es de traitement, de consultation et d&rsquo;\u00e9ducation.<\/h3>\n<p><\/h3><p>Apr\u00e8s examen de la loi num\u00e9ro 1\/92 relative \u00e0 l&rsquo;organisation de l&rsquo;enseignement sup\u00e9rieur, de la loi num\u00e9ro 55\/76 relative \u00e0 la fonction publique et de son r\u00e8glement d&rsquo;application, de la d\u00e9cision du Comit\u00e9 populaire g\u00e9n\u00e9ral num\u00e9ro 187\/83 concernant la cr\u00e9ation de l&rsquo;Universit\u00e9 de Sabha, de la d\u00e9cision du Comit\u00e9 populaire g\u00e9n\u00e9ral num\u00e9ro 187\/83 et 663\/92 concernant la structure organisationnelle des universit\u00e9s.<\/p>\n<p>Et suite \u00e0 la lettre de Monsieur le Secr\u00e9taire g\u00e9n\u00e9ral du Comit\u00e9 populaire g\u00e9n\u00e9ral de l&rsquo;enseignement et de la recherche scientifique num\u00e9ro (1022) soumise \u00e0 Monsieur le Secr\u00e9taire g\u00e9n\u00e9ral du Comit\u00e9 populaire g\u00e9n\u00e9ral de la sant\u00e9.<\/p>\n<p>Et suite au message de Monsieur le Secr\u00e9taire g\u00e9n\u00e9ral int\u00e9rimaire du <a href=\"https:\/\/www.lgmc.ly\/\">Comit\u00e9 populaire g\u00e9n\u00e9ral<\/a> de la sant\u00e9 num\u00e9ro 6452\/1428, et en vertu de l&rsquo;autorisation de l&rsquo;Ordre g\u00e9n\u00e9ral des m\u00e9decins num\u00e9ro 40\/1998, concernant l&rsquo;exercice de la profession m\u00e9dicale en clinique, ainsi que la d\u00e9cision du secr\u00e9taire de la commission populaire de l&rsquo;universit\u00e9 num\u00e9ro 196\/ concernant le r\u00e8glement des cliniques sp\u00e9cialis\u00e9es de consultation, et le proc\u00e8s-verbal de la r\u00e9union des cliniques sp\u00e9cialis\u00e9es de consultation tenue le 28\/3\/1430H.<\/p>\n<ul  class=\"dima-accordion dima-acc-arrow no-acc-border dima-acc-separated\" ><li  class=\"panel dima-accordion-group\" ><div class=\"dima-accordion-header\"><a class=\"dima-accordion-toggle collapsed\" data-toggle=\"collapse\"  href=\"#collapse-1\">Article 1 :<\/a><\/div><div id=\"collapse-1\" class=\"dima-accordion-content collapse\"><div class=\"dima-accordion-inner\">Les dispositions du r\u00e8glement des cliniques sp\u00e9cialis\u00e9es de conseil th\u00e9rapeutique et p\u00e9dagogique, dont les textes sont joints \u00e0 la pr\u00e9sente d\u00e9cision, s&rsquo;appliquent aux salari\u00e9s des cliniques sp\u00e9cialis\u00e9es de conseil affili\u00e9es \u00e0 l&rsquo;Universit\u00e9 Sebha.<\/div><\/div><\/li><li  class=\"panel dima-accordion-group\" ><div class=\"dima-accordion-header\"><a class=\"dima-accordion-toggle collapsed\" data-toggle=\"collapse\"  href=\"#collapse-2\">Article 2 :<\/a><\/div><div id=\"collapse-2\" class=\"dima-accordion-content collapse\"><div class=\"dima-accordion-inner\">La d\u00e9cision du secr\u00e9taire du Comit\u00e9 populaire universitaire n\u00b0 196\/26 AD concernant la liste des cliniques de consultation sp\u00e9cialis\u00e9es est annul\u00e9e, ainsi que toute disposition contraire aux dispositions de cette d\u00e9cision.<\/div><\/div><\/li><li  class=\"panel dima-accordion-group\" ><div class=\"dima-accordion-header\"><a class=\"dima-accordion-toggle collapsed\" data-toggle=\"collapse\"  href=\"#collapse-3\">Article 3 : <\/a><\/div><div id=\"collapse-3\" class=\"dima-accordion-content collapse\"><div class=\"dima-accordion-inner\">Cette d\u00e9cision entrera en vigueur le 1\/10\/2000 et les autorit\u00e9s comp\u00e9tentes devront la mettre \u00e0 ex\u00e9cution.<\/div><\/div><\/li><\/ul><h3  class=\"dima-custom-heading\" ><\/p>\n<h3><strong>Liste des cliniques sp\u00e9cialis\u00e9es de conseil th\u00e9rapeutique et \u00e9ducatif :<\/strong><\/h3>\n<p><\/h3><div  class=\"dima-tabs  dima-tab-style columns-5-tab\" ><ul class=\"dima-tab-nav top\"><li  class=\"tab active\" ><a href=\"#tab-1\" data-toggle=\"tab\">Article 1<\/a><\/li><li  class=\"tab\" ><a href=\"#tab-2\" data-toggle=\"tab\">Article 2<\/a><\/li><li  class=\"tab\" ><a href=\"#tab-3\" data-toggle=\"tab\">Article 3<\/a><\/li><li  class=\"tab\" ><a href=\"#tab-4\" data-toggle=\"tab\">Article 4<\/a><\/li><li  class=\"tab\" ><a href=\"#tab-5\" data-toggle=\"tab\">Article 5<\/a><\/li><\/ul><div  class=\"dima-tab-content\" ><div id=\"tab-1\" class=\"tab-pane fade in clearfix dima-tab_content fade in active\" >Un groupe de cliniques de conseil th\u00e9rapeutique et \u00e9ducatif sera cr\u00e9\u00e9, avec une affiliation administrative et financi\u00e8re \u00e0 l&rsquo;Universit\u00e9 Sebha.<\/div><div id=\"tab-2\" class=\"tab-pane fade in clearfix dima-tab_content\" >Les cliniques-conseils se sp\u00e9cialisent dans la prestation de services dans les domaines suivants\u00a0: &#8211;<\/p>\n<ul>\n<li>Enfants.<\/li>\n<li>L&rsquo;\u00e9sot\u00e9risme.<\/li>\n<li>les femmes et l&rsquo;accouchement.<\/li>\n<li>Chirurgie.<\/li>\n<li>Dermatologie.<\/li>\n<li>Maladies mentales et nerveuses.<\/li>\n<li>Nez, oreilles et gorge.<\/li>\n<li>les dents.<\/li>\n<li>les analyses m\u00e9dicales.<\/li>\n<\/ul>\n<p>D&rsquo;autres sp\u00e9cialisations peuvent \u00eatre ajout\u00e9es si les capacit\u00e9s n\u00e9cessaires sont disponibles sur proposition du directeur de la clinique.<\/div><div id=\"tab-3\" class=\"tab-pane fade in clearfix dima-tab_content\" >Un comit\u00e9 de surveillance est compos\u00e9 de : &#8211;<\/p>\n<ul>\n<li>Vice-doyen aux affaires scientifiques de l&rsquo;Universit\u00e9.<\/li>\n<li>Vice-doyen aux affaires administratives et financi\u00e8res de l&rsquo;Universit\u00e9.<\/li>\n<li>Vice-doyen aux affaires scientifiques, Facult\u00e9 de m\u00e9decine.<\/li>\n<li>Contr\u00f4leur Financier Universitaire.<\/li>\n<li>Le comit\u00e9 de surveillance susvis\u00e9 est comp\u00e9tent pour :<\/li>\n<li>Elaboration de la politique g\u00e9n\u00e9rale des cliniques.<\/li>\n<li>D\u00e9velopper des solutions aux probl\u00e8mes qui entravent le flux de travail.<\/li>\n<li>Travailler au d\u00e9veloppement de cliniques.<\/li>\n<\/ul>\n<p><\/div><div id=\"tab-4\" class=\"tab-pane fade in clearfix dima-tab_content\" >Les cliniques sp\u00e9cialis\u00e9es th\u00e9rapeutiques, de conseil et d&rsquo;\u00e9ducation sont g\u00e9r\u00e9es par un directeur administratif et financier \u00e0 l&rsquo;\u00e9gard duquel une d\u00e9cision est rendue par le recteur de l&rsquo;universit\u00e9 sur proposition du comit\u00e9 de direction, \u00e0 condition qu&rsquo;elle \u00e9mane d&rsquo;un m\u00e9decin ou d&rsquo;un service de m\u00e9decine connexe. sp\u00e9cialit\u00e9s.<\/div><div id=\"tab-5\" class=\"tab-pane fade in clearfix dima-tab_content\" >La structure administrative des cliniques de consultation sp\u00e9cialis\u00e9es est compos\u00e9e de : &#8211;<br \/>\nPremi\u00e8rement : Directeur G\u00e9n\u00e9ral des Cliniques, sp\u00e9cialis\u00e9 dans les domaines suivants : &#8211;<\/p>\n<p>Repr\u00e9senter les cliniques aupr\u00e8s des personnes morales dans le cadre d&rsquo;accords et de transactions.<\/p>\n<p>&#8211; Effectuer le suivi du travail quotidien des cliniques.<\/p>\n<p>Deuxi\u00e8mement : Bureau des Affaires Administratives et Financi\u00e8res :<\/p>\n<p>Le Bureau des Affaires Administratives est affili\u00e9 \u00e0 : &#8211;<br \/>\nune . Unit\u00e9 des relations publiques b. Unit\u00e9 d&rsquo;archives et d&rsquo;impression C. Unit\u00e9 des demandes de renseignements<\/p>\n<p>Il est charg\u00e9 de faire les choses suivantes :<\/p>\n<p>Effectuer les affaires administratives et les archives, y compris le courrier entrant et sortant, et pr\u00e9parer les dossiers n\u00e9cessaires \u00e0 cet effet.<br \/>\nTravaux d&rsquo;imprimerie.<br \/>\nImplanter les proc\u00e9dures li\u00e9es au travail de relations publiques dans les cliniques.<br \/>\nEffectuer le suivi des d\u00e9placements des v\u00e9hicules de la clinique, les organiser et effectuer toutes les d\u00e9marches s&rsquo;y rattachant.<br \/>\nSuperviser et suivre les cliniques de gardiennage.<br \/>\nOrganiser le processus d&rsquo;entr\u00e9e des visiteurs dans les cliniques et effectuer les d\u00e9marches n\u00e9cessaires \u00e0 cet effet.<br \/>\nMaintenir la s\u00e9curit\u00e9 et l&rsquo;ordre au sein des cliniques et informer en temps opportun les autorit\u00e9s comp\u00e9tentes de toute violation et de tout probl\u00e8me survenant.<br \/>\nBureau des affaires financi\u00e8res, affili\u00e9 \u00e0\u00a0:<br \/>\nune. D\u00e9partement des finances b. Unit\u00e9 de comptabilit\u00e9 c. Unit\u00e9 d&rsquo;entrep\u00f4t et d&rsquo;achat<\/p>\n<p>Ils sont responsables des t\u00e2ches suivantes\u00a0:<\/p>\n<p>Collecter les revenus quotidiens des cliniques et les d\u00e9poser sur le compte bancaire de la clinique.<br \/>\nPr\u00e9parer les primes pour les travailleurs de la clinique selon les pourcentages indiqu\u00e9s dans le pr\u00e9sent r\u00e8glement.<br \/>\nTravailler avec des coupons agr\u00e9\u00e9s par les Affaires Financi\u00e8res conform\u00e9ment \u00e0 la r\u00e9glementation en vigueur par la direction financi\u00e8re de l\u2019universit\u00e9.<br \/>\nConservez une copie des documents financiers apr\u00e8s avoir effectu\u00e9 les proc\u00e9dures de d\u00e9caissement par le service financier de l\u2019universit\u00e9.<br \/>\nPr\u00e9parer des rapports mensuels d\u00e9taill\u00e9s des revenus et des d\u00e9penses.<br \/>\nPr\u00e9paration et r\u00e9vision des contrats.<br \/>\nD\u00e9caisser et acheter l\u2019\u00e9quipement et les fournitures n\u00e9cessaires au fonctionnement des cliniques.<br \/>\nExaminer et examiner tous les comptes de la clinique.<br \/>\nPr\u00e9parer le rapport financier annuel des cliniques.<br \/>\nExercer toute autre mission pr\u00e9vue par la l\u00e9gislation financi\u00e8re applicable.<\/div><\/div><\/div><p><strong>Pour plus d&rsquo;informations, veuillez contacter l&rsquo;administration aux coordonn\u00e9es suivantes<\/strong><strong> :<\/strong><\/p>\n<p>Num\u00e9ro de t\u00e9l\u00e9phone : 0712626012<\/p>\n<p>Fax: 0712632963<\/p>\n<p>Adresse e-mail: info@sebhau.edu.ly ou uc@sebhau.edu.ly<\/p>\n[\/vc_column][\/vc_row]<\/p>\n<\/section>","protected":false},"excerpt":{"rendered":"<p>[vc_row bg_type=\u00a0\u00bb\u00a0\u00bb dima_canvas_style=\u00a0\u00bb\u00a0\u00bb translate_x=\u00a0\u00bb0&Prime; dima_z_index=\u00a0\u00bb0&Prime; delay=\u00a0\u00bb\u00a0\u00bb delay_duration=\u00a0\u00bb\u00a0\u00bb delay_offset=\u00a0\u00bb\u00a0\u00bb top_and_bottom_padding=\u00a0\u00bb\u00a0\u00bb left_and_right_padding=\u00a0\u00bb\u00a0\u00bb][vc_column min_height=\u00a0\u00bb\u00a0\u00bb bg_type=\u00a0\u00bb\u00a0\u00bb dima_canvas_style=\u00a0\u00bb\u00a0\u00bb translate_x=\u00a0\u00bb0&Prime; dima_z_index=\u00a0\u00bb0&Prime; delay=\u00a0\u00bb\u00a0\u00bb delay_duration=\u00a0\u00bb\u00a0\u00bb delay_offset=\u00a0\u00bb\u00a0\u00bb top_and_bottom_padding=\u00a0\u00bb\u00a0\u00bb left_and_right_padding=\u00a0\u00bb\u00a0\u00bb width=\u00a0\u00bb1\/1&Prime;][\/vc_column][\/vc_row]<\/p>\n","protected":false},"author":1,"featured_media":0,"parent":0,"menu_order":0,"comment_status":"closed","ping_status":"closed","template":"","meta":{"_uf_show_specific_survey":0,"_uf_disable_surveys":false,"footnotes":""},"class_list":["post-24187","page","type-page","status-publish","hentry"],"aioseo_notices":[],"amp_enabled":true,"_links":{"self":[{"href":"https:\/\/sebhau.edu.ly\/fr\/wp-json\/wp\/v2\/pages\/24187","targetHints":{"allow":["GET"]}}],"collection":[{"href":"https:\/\/sebhau.edu.ly\/fr\/wp-json\/wp\/v2\/pages"}],"about":[{"href":"https:\/\/sebhau.edu.ly\/fr\/wp-json\/wp\/v2\/types\/page"}],"author":[{"embeddable":true,"href":"https:\/\/sebhau.edu.ly\/fr\/wp-json\/wp\/v2\/users\/1"}],"replies":[{"embeddable":true,"href":"https:\/\/sebhau.edu.ly\/fr\/wp-json\/wp\/v2\/comments?post=24187"}],"version-history":[{"count":0,"href":"https:\/\/sebhau.edu.ly\/fr\/wp-json\/wp\/v2\/pages\/24187\/revisions"}],"wp:attachment":[{"href":"https:\/\/sebhau.edu.ly\/fr\/wp-json\/wp\/v2\/media?parent=24187"}],"curies":[{"name":"wp","href":"https:\/\/api.w.org\/{rel}","templated":true}]}}