{"id":24195,"date":"2021-09-11T17:54:26","date_gmt":"2021-09-11T14:54:26","guid":{"rendered":"https:\/\/sebhau.edu.ly\/?page_id=24195"},"modified":"2023-12-03T08:48:31","modified_gmt":"2023-12-03T05:48:31","slug":"oral-and-dental-surgery","status":"publish","type":"page","link":"https:\/\/sebhau.edu.ly\/fr\/oral-and-dental-surgery\/","title":{"rendered":"Cabinet de m\u00e9decine et de chirurgie dentaire"},"content":{"rendered":"<section class=\"wpb-content-wrapper\"><p>[vc_row bg_type=\u00a0\u00bb\u00a0\u00bb dima_canvas_style=\u00a0\u00bb\u00a0\u00bb translate_x=\u00a0\u00bb0&Prime; dima_z_index=\u00a0\u00bb0&Prime; delay=\u00a0\u00bb\u00a0\u00bb delay_duration=\u00a0\u00bb\u00a0\u00bb delay_offset=\u00a0\u00bb\u00a0\u00bb top_and_bottom_padding=\u00a0\u00bb\u00a0\u00bb left_and_right_padding=\u00a0\u00bb\u00a0\u00bb][vc_column min_height=\u00a0\u00bb\u00a0\u00bb bg_type=\u00a0\u00bb\u00a0\u00bb dima_canvas_style=\u00a0\u00bb\u00a0\u00bb translate_x=\u00a0\u00bb0&Prime; dima_z_index=\u00a0\u00bb0&Prime; delay=\u00a0\u00bb\u00a0\u00bb delay_duration=\u00a0\u00bb\u00a0\u00bb delay_offset=\u00a0\u00bb\u00a0\u00bb top_and_bottom_padding=\u00a0\u00bb\u00a0\u00bb left_and_right_padding=\u00a0\u00bb\u00a0\u00bb width=\u00a0\u00bb1\/1&Prime;]<h2  class=\"dima-custom-heading\" ><\/p>\n<hr \/>\n<h2><strong>La clinique de m\u00e9decine dentaire et de chirurgie buccale:<\/strong><\/h2>\n<p><\/h2><div class=\"\" dir=\"auto\">\n<div id=\"jsc_c_7s\" class=\"ecm0bbzt hv4rvrfc ihqw7lf3 dati1w0a\" data-ad-comet-preview=\"message\" data-ad-preview=\"message\">\n<div class=\"j83agx80 cbu4d94t ew0dbk1b irj2b8pg\">\n<div class=\"qzhwtbm6 knvmm38d\">\n<div class=\"kvgmc6g5 cxmmr5t8 oygrvhab hcukyx3x c1et5uql ii04i59q\">\n<div dir=\"auto\">\n<p>La clinique universitaire accueille de nombreux experts en dentisterie dans divers domaines, notamment dans le domaine des proth\u00e8ses dentaires, en particulier le traitement des canaux radiculaires.<\/p>\n<\/div>\n<\/div>\n<\/div>\n<\/div>\n<\/div>\n<\/div>\n<p>La clinique de m\u00e9decine dentaire et de chirurgie buccale comprend deux complexes de cliniques\u00a0:<\/p>\n<div  class=\"dima-tabs  dima-tab-style columns-3-tab\" ><ul class=\"dima-tab-nav top\"><li  class=\"tab active\" ><a href=\"#tab-1\" data-toggle=\"tab\">Clinique num\u00e9ro 1<\/a><\/li><li  class=\"tab\" ><a href=\"#tab-2\" data-toggle=\"tab\">Clinique num\u00e9ro 2<\/a><\/li><li  class=\"tab\" ><a href=\"#tab-3\" data-toggle=\"tab\">Clinique num\u00e9ro 3<\/a><\/li><\/ul><div  class=\"dima-tab-content\" ><div id=\"tab-1\" class=\"tab-pane fade in clearfix dima-tab_content fade in active\" ><\/p>\n<p style=\"direction: ltr;\"><div  class=\"container\" ><div class=\"ok-row\"><div  class=\" ok-md-8 ok-sd-8 ok-xsd-12\"  ><h4><strong>Le complexe des cliniques fait partie de la Facult\u00e9 de m\u00e9decine dentaire et de chirurgie buccale. Il a \u00e9t\u00e9 cr\u00e9\u00e9 en 2003 et se compose des \u00e9l\u00e9ments suivants :<br \/>\n<\/strong>Service de radiologie (salle de radiographie avec \u00e9quipements + salle de d\u00e9veloppement). La clinique dispose de quatre appareils de radiographie dentaire et d&rsquo;une machine panoramique standard.<br \/>\nService de diagnostic : une salle \u00e9quip\u00e9e de trois fauteuils de type KaVo (allemand) utilis\u00e9s pour l&rsquo;examen des patients, avec des \u00e9quipements de st\u00e9rilisation.<br \/>\nSalle d&rsquo;op\u00e9rations mineures avec un fauteuil de type Anthos italien). )<br \/>\nSalle principale comprenant 24 fauteuils de diff\u00e9rents mod\u00e8les Anthos (A3-A6). Il convient de noter que quatre de ces fauteuils (A5) ont \u00e9t\u00e9 install\u00e9s en 2012. Apr\u00e8s une r\u00e9novation en 2016, 12 nouveaux fauteuils ont \u00e9t\u00e9 ajout\u00e9s. La salle est divis\u00e9e en sections comme la suite :<br \/>\nSection des proth\u00e8ses fixes et amovibles : trois fauteuils dentaires en bon \u00e9tat.<br \/>\nSection des obturations :<br \/>\nSalle 1 : quatre fauteuils dentaires (2 italiens et 2 chinois) en bon \u00e9tat.<br \/>\nSalle 2 : six fauteuils dentaires.<br \/>\nSalle 3 : deux fauteuils italiens.<br \/>\nSection des proth\u00e8ses fixes et amovibles : trois fauteuils dentaires.<br \/>\nSalle de st\u00e9rilisation : mise en place en d\u00e9but de l&rsquo;ann\u00e9e 2019.<br \/>\nSalle de nettoyage des instruments et des fournitures.<br \/>\nService de maintenance : une pi\u00e8ce au sous-sol est d\u00e9di\u00e9e \u00e0 la maintenance des \u00e9quipements.<\/h4>\n<p style=\"direction: ltr;\">\n\n<p style=\"direction: ltr;\"><div  class=\" ok-md-4 ok-sd-4 ok-xsd-12\"  ><\/div><div  class=\"dima-flexslider\"><div  class=\"flexslider sample-slide small-control flexslider-1 dima-six-thumb\" data-dima-element=\"slider\" data-dima-params=\"{&quot;animation&quot;:&quot;fade&quot;,&quot;slideshowSpeed&quot;:&quot;5000&quot;,&quot;slideSpeed&quot;:&quot;600&quot;,&quot;controlNav&quot;:&quot;&quot;,&quot;directionNav&quot;:true,&quot;slideshow&quot;:true,&quot;random&quot;:false,&quot;is_rtl&quot;:false}\" ><ul class=\"slides\"><li   class=\"slide-item\" ><div class=\"column-item overflow-hidden text-center columns-300\"><img decoding=\"async\" width=\"\" height=\"\"  class=\"dima-img \" src=\"https:\/\/sebhau.edu.ly\/wp-content\/uploads\/2023\/01\/992A9793-300x200.jpg\"   alt=\"\"><\/div><\/li><li   class=\"slide-item\" ><div class=\"column-item overflow-hidden text-center columns-300\"><img decoding=\"async\" width=\"\" height=\"\"  class=\"dima-img \" src=\"https:\/\/sebhau.edu.ly\/wp-content\/uploads\/2023\/01\/992A9804-300x200.jpg\"   alt=\"\"><\/div><\/li><li   class=\"slide-item\" ><div class=\"column-item overflow-hidden text-center columns-300\"><img decoding=\"async\" width=\"\" height=\"\"  class=\"dima-img \" src=\"https:\/\/sebhau.edu.ly\/wp-content\/uploads\/2023\/01\/992A9811-300x200.jpg\"   alt=\"\"><\/div><\/li><\/p>\n<p style=\"direction: ltr;\">popup_content=\u00a0\u00bb\u00a0\u00bb id=\u00a0\u00bb\u00a0\u00bb class=\u00a0\u00bb\u00a0\u00bb style=\u00a0\u00bb\u00a0\u00bb][\/slide]<li   class=\"slide-item\" ><div class=\"column-item overflow-hidden text-center columns-300\"><img decoding=\"async\" width=\"\" height=\"\"  class=\"dima-img \" src=\"https:\/\/sebhau.edu.ly\/wp-content\/uploads\/2023\/01\/992A8866-300x200.jpg\"   alt=\"\u0639\u064a\u0627\u062f\u0629 \u0637\u0628 \u0648\u062c\u0631\u0627\u062d\u0629 \u0627\u0644\u0641\u0645 \u0648\u0627\u0644\u0623\u0633\u0646\u0627\u0646\"><\/div><\/li><\/ul><\/div><\/div><\/div><\/div><\/div>\n<p><\/div><div id=\"tab-2\" class=\"tab-pane fade in clearfix dima-tab_content\" ><\/p>\n<h3>Complexe clinique ambulatoire\u00a0:<\/h3>\n<p>(Ouvert en 2008 apr\u00e8s JC) Ce complexe comprend\u00a0:<\/p>\n<p>Le hall principal : qui contient (11) chaises allemandes Cavo<br \/>\n&#8211; Section enfants : Il y a 4 chaises.<br \/>\n&#8211; Service de Chirurgie : Il y a 7 fauteuils.<br \/>\nLa chambre du chef de service contient une chaise Intuos A6.<br \/>\nSalle de photographie panoramique num\u00e9rique, en plus de la photographie dentaire.<\/div><div id=\"tab-3\" class=\"tab-pane fade in clearfix dima-tab_content\" >La nouvelle salle, am\u00e9nag\u00e9e en 2010, se compose d&rsquo;une salle de clinique, d&rsquo;une salle de soins et d&rsquo;une autre pour la st\u00e9rilisation.<\/p>\n<p>Cette salle a \u00e9t\u00e9 con\u00e7ue pour recevoir (13) chaises<\/div><\/div><\/div><h3  class=\"dima-custom-heading\" ><\/p>\n<h3><strong>Conf\u00e9rences, cours et ateliers : <\/strong><\/h3>\n<p><\/h3><h5><a href=\"https:\/\/www.youtube.com\/watch?v=ugZhXRPZZ6E\">Activit\u00e9s du World Health Owl<\/a><br \/>\nUne campagne de sensibilisation aupr\u00e8s des \u00e9l\u00e8ves de l&rsquo;African Community School de Sebha<\/h5>\n<p>Les \u00e9tudiants et les membres du corps professoral de la <a href=\"https:\/\/sebhau.edu.ly\/dent\/\">Facult\u00e9 de m\u00e9decine dentaire de l&rsquo;Universit\u00e9 de Sebha<\/a> ont lanc\u00e9 une campagne de sensibilisation, un examen et un traitement dentaire pour les \u00e9tudiants de l&rsquo;\u00c9cole communautaire africaine de la ville, co\u00efncidant avec la Journ\u00e9e mondiale de la sant\u00e9 bucco-dentaire, c\u00e9l\u00e9br\u00e9e pour la premi\u00e8re fois \u00e0 l&rsquo;occasion de la Journ\u00e9e mondiale de la sant\u00e9 bucco-dentaire. Coll\u00e8ge de m\u00e9decine dentaire de Sebha.<\/p>\n<h5>Une campagne de sensibilisation au nettoyage dentaire dans les \u00e9coles Sebha<\/h5>\n<p>Une campagne de b\u00e9n\u00e9voles a \u00e9t\u00e9 lanc\u00e9e \u00e0 Sebha pour sensibiliser \u00e0 l&rsquo;importance du nettoyage des dents des enfants dans les \u00e9coles sous le slogan \u00ab Mes dents sont des diamants \u00bb, au cours de laquelle des \u00e9tudiants de la Facult\u00e9 de m\u00e9decine dentaire de l&rsquo;Universit\u00e9 de Sebha et un certain nombre de cliniques dentaires de la ville. particip\u00e9.<br \/>\nPlus de quarante b\u00e9n\u00e9voles de la Facult\u00e9 de m\u00e9decine dentaire ont \u00e9t\u00e9 r\u00e9partis dans les 37 \u00e9coles de la ville et ont organis\u00e9 des conf\u00e9rences de sensibilisation pour les \u00e9tudiants de l&rsquo;enseignement de base sur les m\u00e9thodes scientifiques de nettoyage et de protection des dents.<\/p>\n[\/vc_column][\/vc_row]<\/p>\n<\/section>","protected":false},"excerpt":{"rendered":"<p>[vc_row bg_type=\u00a0\u00bb\u00a0\u00bb dima_canvas_style=\u00a0\u00bb\u00a0\u00bb translate_x=\u00a0\u00bb0&Prime; dima_z_index=\u00a0\u00bb0&Prime; delay=\u00a0\u00bb\u00a0\u00bb delay_duration=\u00a0\u00bb\u00a0\u00bb delay_offset=\u00a0\u00bb\u00a0\u00bb top_and_bottom_padding=\u00a0\u00bb\u00a0\u00bb left_and_right_padding=\u00a0\u00bb\u00a0\u00bb][vc_column min_height=\u00a0\u00bb\u00a0\u00bb bg_type=\u00a0\u00bb\u00a0\u00bb dima_canvas_style=\u00a0\u00bb\u00a0\u00bb translate_x=\u00a0\u00bb0&Prime; dima_z_index=\u00a0\u00bb0&Prime; delay=\u00a0\u00bb\u00a0\u00bb delay_duration=\u00a0\u00bb\u00a0\u00bb delay_offset=\u00a0\u00bb\u00a0\u00bb top_and_bottom_padding=\u00a0\u00bb\u00a0\u00bb left_and_right_padding=\u00a0\u00bb\u00a0\u00bb width=\u00a0\u00bb1\/1&Prime;][\/vc_column][\/vc_row]<\/p>\n","protected":false},"author":1,"featured_media":0,"parent":0,"menu_order":0,"comment_status":"closed","ping_status":"closed","template":"","meta":{"_uf_show_specific_survey":0,"_uf_disable_surveys":false,"footnotes":""},"class_list":["post-24195","page","type-page","status-publish","hentry"],"aioseo_notices":[],"amp_enabled":true,"_links":{"self":[{"href":"https:\/\/sebhau.edu.ly\/fr\/wp-json\/wp\/v2\/pages\/24195","targetHints":{"allow":["GET"]}}],"collection":[{"href":"https:\/\/sebhau.edu.ly\/fr\/wp-json\/wp\/v2\/pages"}],"about":[{"href":"https:\/\/sebhau.edu.ly\/fr\/wp-json\/wp\/v2\/types\/page"}],"author":[{"embeddable":true,"href":"https:\/\/sebhau.edu.ly\/fr\/wp-json\/wp\/v2\/users\/1"}],"replies":[{"embeddable":true,"href":"https:\/\/sebhau.edu.ly\/fr\/wp-json\/wp\/v2\/comments?post=24195"}],"version-history":[{"count":0,"href":"https:\/\/sebhau.edu.ly\/fr\/wp-json\/wp\/v2\/pages\/24195\/revisions"}],"wp:attachment":[{"href":"https:\/\/sebhau.edu.ly\/fr\/wp-json\/wp\/v2\/media?parent=24195"}],"curies":[{"name":"wp","href":"https:\/\/api.w.org\/{rel}","templated":true}]}}