{"id":24203,"date":"2021-09-09T21:28:51","date_gmt":"2021-09-09T18:28:51","guid":{"rendered":"https:\/\/sebhau.edu.ly\/?page_id=24203"},"modified":"2023-12-03T08:45:09","modified_gmt":"2023-12-03T05:45:09","slug":"postgraduate-studies-committee","status":"publish","type":"page","link":"https:\/\/sebhau.edu.ly\/fr\/postgraduate-studies-committee\/","title":{"rendered":"Comit\u00e9 des \u00e9tudes sup\u00e9rieures"},"content":{"rendered":"<section class=\"wpb-content-wrapper\"><p>[vc_row bg_type=\u00a0\u00bb\u00a0\u00bb dima_canvas_style=\u00a0\u00bb\u00a0\u00bb translate_x=\u00a0\u00bb0&Prime; dima_z_index=\u00a0\u00bb0&Prime; delay=\u00a0\u00bb\u00a0\u00bb delay_duration=\u00a0\u00bb\u00a0\u00bb delay_offset=\u00a0\u00bb\u00a0\u00bb top_and_bottom_padding=\u00a0\u00bb\u00a0\u00bb left_and_right_padding=\u00a0\u00bb\u00a0\u00bb][vc_column min_height=\u00a0\u00bb\u00a0\u00bb bg_type=\u00a0\u00bb\u00a0\u00bb dima_canvas_style=\u00a0\u00bb\u00a0\u00bb translate_x=\u00a0\u00bb0&Prime; dima_z_index=\u00a0\u00bb0&Prime; delay=\u00a0\u00bb\u00a0\u00bb delay_duration=\u00a0\u00bb\u00a0\u00bb delay_offset=\u00a0\u00bb\u00a0\u00bb top_and_bottom_padding=\u00a0\u00bb\u00a0\u00bb left_and_right_padding=\u00a0\u00bb\u00a0\u00bb width=\u00a0\u00bb2\/3&Prime;]<h2  class=\"dima-custom-heading\" ><\/p>\n<h2><strong>Le Comit\u00e9 des \u00e9tudes sup\u00e9rieures de l&rsquo;universit\u00e9 :<\/strong><\/h2>\n<p><\/h2><p>Le comit\u00e9 des \u00e9tudes sup\u00e9rieures de l&rsquo;universit\u00e9 est constitu\u00e9 par d\u00e9cision du <a href=\"https:\/\/sebhau.edu.ly\/university-council\/\">Conseil de l&rsquo;universit\u00e9<\/a>, sous la pr\u00e9sidence du <a href=\"https:\/\/sebhau.edu.ly\/vice\/\">vice-pr\u00e9sident<\/a> charg\u00e9 des affaires acad\u00e9miques de l&rsquo;universit\u00e9 et avec la participation des directeurs des comit\u00e9s des \u00e9tudes sup\u00e9rieures des coll\u00e8ges qui proposent des programmes d&rsquo;\u00e9tudes sup\u00e9rieures. Le directeur du bureau des \u00e9tudes sup\u00e9rieures de l&rsquo;universit\u00e9 est \u00e9galement membre et secr\u00e9taire du comit\u00e9.<\/p>\n<p>Les discussions portent sur les points suivants\u00a0:<\/p>\n<ul  class=\"list-style stars\" ><li   >\u00c9tudes et admissions.<\/li><li   >Examiner les plaintes soumises par les d\u00e9partements universitaires.<\/li><li   >Examiner les propositions des proc\u00e8s-verbaux des comit\u00e9s des \u00e9tudes sup\u00e9rieures des coll\u00e8ges et soumettre leurs propositions aux autorit\u00e9s comp\u00e9tentes pour prendre des d\u00e9cisions d&rsquo;ex\u00e9cution.<\/li><li   >Superviser les \u00e9tudes sup\u00e9rieures \u00e0 l&rsquo;universit\u00e9, les suivre et les coordonner, \u00e9laborer des plans et des programmes, les d\u00e9velopper et allouer les ressources financi\u00e8res n\u00e9cessaires.<\/li><\/ul>[\/vc_column][vc_column min_height=\u00a0\u00bb\u00a0\u00bb bg_type=\u00a0\u00bb\u00a0\u00bb dima_canvas_style=\u00a0\u00bb\u00a0\u00bb translate_x=\u00a0\u00bb0&Prime; dima_z_index=\u00a0\u00bb0&Prime; delay=\u00a0\u00bb\u00a0\u00bb delay_duration=\u00a0\u00bb\u00a0\u00bb delay_offset=\u00a0\u00bb\u00a0\u00bb top_and_bottom_padding=\u00a0\u00bb\u00a0\u00bb left_and_right_padding=\u00a0\u00bb\u00a0\u00bb width=\u00a0\u00bb1\/3&Prime;][vc_hoverbox image=\u00a0\u00bb13761&Prime; primary_title=\u00a0\u00bb\u00a0\u00bb hover_title=\u00a0\u00bb\u0645\u0644\u062a\u0642\u0649 \u0627\u0644\u062f\u0631\u0627\u0633\u0627\u062a \u0627\u0644\u0639\u0644\u064a\u0627\u00a0\u00bb][\/vc_hoverbox][\/vc_column][\/vc_row][vc_row full_w_bg=\u00a0\u00bbtrue\u00a0\u00bb bg_type=\u00a0\u00bb\u00a0\u00bb dima_canvas_style=\u00a0\u00bb\u00a0\u00bb cover=\u00a0\u00bbtrue\u00a0\u00bb cover_pos=\u00a0\u00bbback\u00a0\u00bb cover_color=\u00a0\u00bb#dddddd\u00a0\u00bb translate_x=\u00a0\u00bb0&Prime; dima_z_index=\u00a0\u00bb0&Prime; delay=\u00a0\u00bb\u00a0\u00bb delay_duration=\u00a0\u00bb\u00a0\u00bb delay_offset=\u00a0\u00bb\u00a0\u00bb top_and_bottom_padding=\u00a0\u00bb\u00a0\u00bb left_and_right_padding=\u00a0\u00bb\u00a0\u00bb id=\u00a0\u00bb\u00a0\u00bb class=\u00a0\u00bb\u00a0\u00bb style=\u00a0\u00bb\u00a0\u00bb bg_color=\u00a0\u00bb#ddc899&Prime; border_color=\u00a0\u00bb\u00a0\u00bb][vc_column min_height=\u00a0\u00bb\u00a0\u00bb bg_type=\u00a0\u00bb\u00a0\u00bb dima_canvas_style=\u00a0\u00bb\u00a0\u00bb translate_x=\u00a0\u00bb0&Prime; dima_z_index=\u00a0\u00bb0&Prime; delay=\u00a0\u00bb\u00a0\u00bb delay_duration=\u00a0\u00bb\u00a0\u00bb delay_offset=\u00a0\u00bb\u00a0\u00bb top_and_bottom_padding=\u00a0\u00bb\u00a0\u00bb left_and_right_padding=\u00a0\u00bb\u00a0\u00bb width=\u00a0\u00bb1\/4&Prime;][vc_hoverbox image=\u00a0\u00bb13765&Prime; primary_title=\u00a0\u00bb\u00a0\u00bb hover_title=\u00a0\u00bb\u0627\u062c\u062a\u0645\u0627\u0639 \u0644\u062c\u0646\u0629 \u0627\u0644\u062f\u0631\u0627\u0633\u0627\u062a \u0627\u0644\u0639\u0644\u064a\u0627\u00a0\u00bb][\/vc_hoverbox][\/vc_column][vc_column min_height=\u00a0\u00bb\u00a0\u00bb bg_type=\u00a0\u00bb\u00a0\u00bb dima_canvas_style=\u00a0\u00bb\u00a0\u00bb translate_x=\u00a0\u00bb0&Prime; dima_z_index=\u00a0\u00bb0&Prime; delay=\u00a0\u00bb\u00a0\u00bb delay_duration=\u00a0\u00bb\u00a0\u00bb delay_offset=\u00a0\u00bb\u00a0\u00bb top_and_bottom_padding=\u00a0\u00bb\u00a0\u00bb left_and_right_padding=\u00a0\u00bb\u00a0\u00bb width=\u00a0\u00bb3\/4&Prime;]<h2  class=\"dima-custom-heading\" ><\/p>\n<h2><strong>Comit\u00e9 des \u00e9tudes sup\u00e9rieures \u00e0 la facult\u00e9\u00a0:<\/strong><\/h2>\n<p><\/h2><p>Le comit\u00e9 des \u00e9tudes sup\u00e9rieures du d\u00e9partement est pr\u00e9sid\u00e9 par le directeur du bureau des \u00e9tudes sup\u00e9rieures du coll\u00e8ge et comprend les coordinateurs des \u00e9tudes sup\u00e9rieures des d\u00e9partements universitaires proposant des programmes d&rsquo;\u00e9tudes sup\u00e9rieures. Ses t\u00e2ches sont les suivantes\u00a0:<\/p>\n<ul  class=\"list-style stars\" ><li   >Organiser et superviser les \u00e9tudes sup\u00e9rieures au sein de la facult\u00e9.<\/li><li   >Nommer les enseignants superviseurs des m\u00e9moires et des th\u00e8ses en coordination avec les d\u00e9partements universitaires.<\/li><li   >Organiser l&rsquo;inscription, l&rsquo;admission et les transferts au sein de la facult\u00e9.<\/li><li   >\u00c9valuer les \u00e9quivalences et d\u00e9terminer les grades en coordination avec les d\u00e9partements universitaires concern\u00e9s.<\/li><li   >Organiser les cours et les examens au sein de la facult\u00e9.<\/li><\/ul>[\/vc_column][\/vc_row][vc_row bg_type=\u00a0\u00bb\u00a0\u00bb dima_canvas_style=\u00a0\u00bb\u00a0\u00bb translate_x=\u00a0\u00bb0&Prime; dima_z_index=\u00a0\u00bb0&Prime; delay=\u00a0\u00bb\u00a0\u00bb delay_duration=\u00a0\u00bb\u00a0\u00bb delay_offset=\u00a0\u00bb\u00a0\u00bb top_and_bottom_padding=\u00a0\u00bb\u00a0\u00bb left_and_right_padding=\u00a0\u00bb\u00a0\u00bb][vc_column min_height=\u00a0\u00bb\u00a0\u00bb bg_type=\u00a0\u00bb\u00a0\u00bb dima_canvas_style=\u00a0\u00bb\u00a0\u00bb translate_x=\u00a0\u00bb0&Prime; dima_z_index=\u00a0\u00bb0&Prime; delay=\u00a0\u00bb\u00a0\u00bb delay_duration=\u00a0\u00bb\u00a0\u00bb delay_offset=\u00a0\u00bb\u00a0\u00bb top_and_bottom_padding=\u00a0\u00bb\u00a0\u00bb left_and_right_padding=\u00a0\u00bb\u00a0\u00bb width=\u00a0\u00bb2\/3&Prime;]<h2  class=\"dima-custom-heading\" ><\/p>\n<h2><strong>Comit\u00e9 des \u00e9tudes sup\u00e9rieures du d\u00e9partement\u00a0:<\/strong><\/h2>\n<p><\/h2><p>Le comit\u00e9 des \u00e9tudes sup\u00e9rieures du d\u00e9partement, pr\u00e9sid\u00e9 par le coordinateur des \u00e9tudes sup\u00e9rieures du d\u00e9partement, est compos\u00e9 de deux membres du corps professoral du d\u00e9partement. Ses t\u00e2ches sont les suivantes\u00a0:<\/p>\n<ul  class=\"list-style stars\" ><li   >Superviser les \u00e9tudes sup\u00e9rieures au sein du d\u00e9partement universitaire.<\/li><li   >Examiner les demandes des candidats aux \u00e9tudes sup\u00e9rieures du d\u00e9partement, superviser l&rsquo;examen d&rsquo;admission et mener des entretiens personnels avec les candidats, et formuler des propositions \u00e0 cet \u00e9gard au Conseil du d\u00e9partement universitaire.<\/li><li   >\u00c9tudier les demandes de transfert vers le d\u00e9partement et effectuer les \u00e9quivalences.<\/li><li   >Proposer la capacit\u00e9 d&rsquo;accueil du d\u00e9partement universitaire.<\/li><li   >Proposer et d\u00e9velopper des programmes et mettre en \u0153uvre les programmes du d\u00e9partement universitaire.<\/li><li   >\u00c9tudier les propositions individuelles, les cours sp\u00e9ciaux propos\u00e9s par les membres du corps professoral avant leur approbation par le Conseil du d\u00e9partement universitaire.<\/li><li   >Proposer des comit\u00e9s de soutenance pour les m\u00e9moires et les th\u00e8ses<\/li><li   >\u00c9tudier et \u00e9valuer les plans de recherche et les pr\u00e9senter au Conseil du d\u00e9partement pour approbation.<\/li><li   >Suivre l&rsquo;ex\u00e9cution des plans de recherche et pr\u00e9senter des rapports p\u00e9riodiques au Conseil du d\u00e9partement en coordination avec les superviseurs.<\/li><li   >Suivre les \u00e9tudes sup\u00e9rieures et superviser les examens au sein du d\u00e9partement universitaire.<\/li><\/ul>[\/vc_column][vc_column min_height=\u00a0\u00bb\u00a0\u00bb bg_type=\u00a0\u00bb\u00a0\u00bb dima_canvas_style=\u00a0\u00bb\u00a0\u00bb translate_x=\u00a0\u00bb0&Prime; dima_z_index=\u00a0\u00bb0&Prime; delay=\u00a0\u00bb\u00a0\u00bb delay_duration=\u00a0\u00bb\u00a0\u00bb delay_offset=\u00a0\u00bb\u00a0\u00bb top_and_bottom_padding=\u00a0\u00bb\u00a0\u00bb left_and_right_padding=\u00a0\u00bb\u00a0\u00bb width=\u00a0\u00bb1\/3&Prime;][vc_hoverbox image=\u00a0\u00bb13763&Prime; primary_title=\u00a0\u00bb\u00a0\u00bb hover_title=\u00a0\u00bb\u0627\u0644\u0627\u062c\u062a\u0645\u0627\u0639 \u0627\u0644\u062f\u0648\u0631\u064a \u0627\u0644\u062b\u0627\u0646\u064a \u0645\u0643\u0627\u062a\u0628 \u0627\u0644\u062f\u0631\u0627\u0633\u0627\u062a \u0627\u0644\u0639\u0644\u064a\u0627\u00a0\u00bb][\/vc_hoverbox][\/vc_column][\/vc_row][vc_row bg_type=\u00a0\u00bb\u00a0\u00bb dima_canvas_style=\u00a0\u00bb\u00a0\u00bb translate_x=\u00a0\u00bb0&Prime; dima_z_index=\u00a0\u00bb0&Prime; delay=\u00a0\u00bb\u00a0\u00bb delay_duration=\u00a0\u00bb\u00a0\u00bb delay_offset=\u00a0\u00bb\u00a0\u00bb top_and_bottom_padding=\u00a0\u00bb\u00a0\u00bb left_and_right_padding=\u00a0\u00bb\u00a0\u00bb][vc_column min_height=\u00a0\u00bb\u00a0\u00bb bg_type=\u00a0\u00bb\u00a0\u00bb dima_canvas_style=\u00a0\u00bb\u00a0\u00bb translate_x=\u00a0\u00bb0&Prime; dima_z_index=\u00a0\u00bb0&Prime; delay=\u00a0\u00bb\u00a0\u00bb delay_duration=\u00a0\u00bb\u00a0\u00bb delay_offset=\u00a0\u00bb\u00a0\u00bb top_and_bottom_padding=\u00a0\u00bb\u00a0\u00bb left_and_right_padding=\u00a0\u00bb\u00a0\u00bb width=\u00a0\u00bb1\/3&Prime;][\/vc_column][vc_column min_height=\u00a0\u00bb\u00a0\u00bb bg_type=\u00a0\u00bb\u00a0\u00bb dima_canvas_style=\u00a0\u00bb\u00a0\u00bb translate_x=\u00a0\u00bb0&Prime; dima_z_index=\u00a0\u00bb0&Prime; delay=\u00a0\u00bb\u00a0\u00bb delay_duration=\u00a0\u00bb\u00a0\u00bb delay_offset=\u00a0\u00bb\u00a0\u00bb top_and_bottom_padding=\u00a0\u00bb\u00a0\u00bb left_and_right_padding=\u00a0\u00bb\u00a0\u00bb width=\u00a0\u00bb1\/3&Prime;]<h3 style=\"text-align: center;\">Contactez le comit\u00e9 :<\/h3>\n<p style=\"text-align: center;\">Courriel\u00a0: pgsc@sebhau.edu.ly<\/p>\n<p style=\"text-align: center;\">T\u00e9l\u00e9phone : 0712629201<\/p>\n[\/vc_column][vc_column min_height=\u00a0\u00bb\u00a0\u00bb bg_type=\u00a0\u00bb\u00a0\u00bb dima_canvas_style=\u00a0\u00bb\u00a0\u00bb translate_x=\u00a0\u00bb0&Prime; dima_z_index=\u00a0\u00bb0&Prime; delay=\u00a0\u00bb\u00a0\u00bb delay_duration=\u00a0\u00bb\u00a0\u00bb delay_offset=\u00a0\u00bb\u00a0\u00bb top_and_bottom_padding=\u00a0\u00bb\u00a0\u00bb left_and_right_padding=\u00a0\u00bb\u00a0\u00bb width=\u00a0\u00bb1\/3&Prime;]<a   data-direction=\"down\" class=\"dima-button  dima-btn-rounded stroke dima-btn-big float-start\"  href=\"https:\/\/sebhau.edu.ly\/%d9%86%d9%85%d9%88%d8%b0%d8%ac-%d8%aa%d9%82%d8%af%d9%8a%d9%85-%d9%85%d9%82%d8%aa%d8%b1%d8%ad\/\"  target=\"_blank\" rel=\"noopener\"  >Soumettre une proposition<\/a>[\/vc_column][\/vc_row][vc_row bg_type=\u00a0\u00bb\u00a0\u00bb dima_canvas_style=\u00a0\u00bb\u00a0\u00bb translate_x=\u00a0\u00bb0&Prime; dima_z_index=\u00a0\u00bb0&Prime; delay=\u00a0\u00bb\u00a0\u00bb delay_duration=\u00a0\u00bb\u00a0\u00bb delay_offset=\u00a0\u00bb\u00a0\u00bb top_and_bottom_padding=\u00a0\u00bb\u00a0\u00bb left_and_right_padding=\u00a0\u00bb\u00a0\u00bb][vc_column min_height=\u00a0\u00bb\u00a0\u00bb bg_type=\u00a0\u00bb\u00a0\u00bb dima_canvas_style=\u00a0\u00bb\u00a0\u00bb translate_x=\u00a0\u00bb0&Prime; dima_z_index=\u00a0\u00bb0&Prime; delay=\u00a0\u00bb\u00a0\u00bb delay_duration=\u00a0\u00bb\u00a0\u00bb delay_offset=\u00a0\u00bb\u00a0\u00bb top_and_bottom_padding=\u00a0\u00bb\u00a0\u00bb left_and_right_padding=\u00a0\u00bb\u00a0\u00bb width=\u00a0\u00bb1\/1&Prime;]<div  class=\"social-media text-center\" ><div class=\"social-media dima-social-post social-medium\"><ul class=\"inline clearfix\"><li><a href=\"#share\" data-toggle=\"tooltip\" data-trigger=\"hover\" data-placement=\"bottom\"  title=\"Share on Facebook\" onclick=\"window.open('http:\/\/www.facebook.com\/sharer.php?u=https%3A%2F%2Fsebhau.edu.ly%2Ffr%2Fpostgraduate-studies-committee%2F&amp;t=Comit%C3%A9+des+%C3%A9tudes+sup%C3%A9rieures', 'popupFacebook', 'width=650, height=270, resizable=0, toolbar=0, menubar=0, status=0, location=0, scrollbars=0'); return false;\"><i class=\"fa-brands fa-facebook-f\"><\/i><\/a><\/li><li><a href=\"#share\" data-toggle=\"tooltip\" data-trigger=\"hover\" data-placement=\"bottom\"  title=\"Share on Twitter\" onclick=\"window.open('https:\/\/twitter.com\/intent\/tweet?text=Comit%C3%A9+des+%C3%A9tudes+sup%C3%A9rieures&amp;url=https%3A%2F%2Fsebhau.edu.ly%2Ffr%2Fpostgraduate-studies-committee%2F', 'popupTwitter', 'width=500, height=370, resizable=0, toolbar=0, menubar=0, status=0, location=0, scrollbars=0'); return false;\"><i class=\"fa-brands  fa-twitter\"><\/i><\/a><\/li><li><a href=\"#share\" data-toggle=\"tooltip\" data-trigger=\"hover\" data-placement=\"bottom\"  title=\"Share on LinkedIn\" onclick=\"window.open('http:\/\/www.linkedin.com\/shareArticle?mini=true&amp;url=https%3A%2F%2Fsebhau.edu.ly%2Ffr%2Fpostgraduate-studies-committee%2F&amp;title=Comit%C3%A9+des+%C3%A9tudes+sup%C3%A9rieures&amp;summary=%5Bvc_row+bg_type%3D%C2%A0%C2%BB%C2%A0%C2%BB+dima_canvas_style%3D%C2%A0%C2%BB%C2%A0%C2%BB+translate_x%3D%C2%A0%C2%BB0%26Prime%3B+dima_z_index%3D%C2%A0%C2%BB0%26Prime%3B+delay%3D%C2%A0%C2%BB%C2%A0%C2%BB+delay_duration%3D%C2%A0%C2%BB%C2%A0%C2%BB+delay_offset%3D%C2%A0%C2%BB%C2%A0%C2%BB+top_and_bottom_padding%3D%C2%A0%C2%BB%C2%A0%C2%BB+left_and_right_padding%3D%C2%A0%C2%BB%C2%A0%C2%BB%5D%5Bvc_column+min_height%3D%C2%A0%C2%BB%C2%A0%C2%BB+bg_type%3D%C2%A0%C2%BB%C2%A0%C2%BB+dima_canvas_style%3D%C2%A0%C2%BB%C2%A0%C2%BB+translate_x%3D%C2%A0%C2%BB0%26Prime%3B+dima_z_index%3D%C2%A0%C2%BB0%26Prime%3B+delay%3D%C2%A0%C2%BB%C2%A0%C2%BB+delay_duration%3D%C2%A0%C2%BB%C2%A0%C2%BB+delay_offset%3D%C2%A0%C2%BB%C2%A0%C2%BB+top_and_bottom_padding%3D%C2%A0%C2%BB%C2%A0%C2%BB+left_and_right_padding%3D%C2%A0%C2%BB%C2%A0%C2%BB+width%3D%C2%A0%C2%BB2%2F3%26Prime%3B%5D%5B%2Fvc_column%5D%5Bvc_column+min_height%3D%C2%A0%C2%BB%C2%A0%C2%BB+bg_type%3D%C2%A0%C2%BB%C2%A0%C2%BB+dima_canvas_style%3D%C2%A0%C2%BB%C2%A0%C2%BB+translate_x%3D%C2%A0%C2%BB0%26Prime%3B+dima_z_index%3D%C2%A0%C2%BB0%26Prime%3B+delay%3D%C2%A0%C2%BB%C2%A0%C2%BB+delay_duration%3D%C2%A0%C2%BB%C2%A0%C2%BB+delay_offset%3D%C2%A0%C2%BB%C2%A0%C2%BB+top_and_bottom_padding%3D%C2%A0%C2%BB%C2%A0%C2%BB+left_and_right_padding%3D%C2%A0%C2%BB%C2%A0%C2%BB+width%3D%C2%A0%C2%BB1%2F3%26Prime%3B%5D%5Bvc_hoverbox+image%3D%C2%A0%C2%BB13761%26Prime%3B+primary_title%3D%C2%A0%C2%BB%C2%A0%C2%BB+hover_title%3D%C2%A0%C2%BB%D9%85%D9%84%D8%AA%D9%82%D9%89+%D8%A7%D9%84%D8%AF%D8%B1%D8%A7%D8%B3%D8%A7%D8%AA+%D8%A7%D9%84%D8%B9%D9%84%D9%8A%D8%A7%C2%A0%C2%BB%5D%5B%2Fvc_hoverbox%5D%5B%2Fvc_column%5D%5B%2Fvc_row%5D%5Bvc_row+full_w_bg%3D%C2%A0%C2%BBtrue%C2%A0%C2%BB+bg_type%3D%C2%A0%C2%BB%C2%A0%C2%BB+dima_canvas_style%3D%C2%A0%C2%BB%C2%A0%C2%BB+cover%3D%C2%A0%C2%BBtrue%C2%A0%C2%BB+cover_pos%3D%C2%A0%C2%BBback%C2%A0%C2%BB+cover_color%3D%C2%A0%C2%BB%23dddddd%C2%A0%C2%BB+translate_x%3D%C2%A0%C2%BB0%26Prime%3B+dima_z_index%3D%C2%A0%C2%BB0%26Prime%3B+delay%3D%C2%A0%C2%BB%C2%A0%C2%BB+delay_duration%3D%C2%A0%C2%BB%C2%A0%C2%BB+delay_offset%3D%C2%A0%C2%BB%C2%A0%C2%BB+top_and_bottom_padding%3D%C2%A0%C2%BB%C2%A0%C2%BB+left_and_right_padding%3D%C2%A0%C2%BB%C2%A0%C2%BB+id%3D%C2%A0%C2%BB%C2%A0%C2%BB+class%3D%C2%A0%C2%BB%C2%A0%C2%BB+style%3D%C2%A0%C2%BB%C2%A0%C2%BB+bg_color%3D%C2%A0%C2%BB%23ddc899%26Prime%3B+border_color%3D%C2%A0%C2%BB%C2%A0%C2%BB%5D%5Bvc_column+%5B%26hellip%3B%5D&amp;source=%D8%AC%D8%A7%D9%85%D8%B9%D8%A9+%D8%B3%D8%A8%D9%87%D8%A7+%7C+Sebha+University', 'popupLinkedIn', 'width=610, height=480, resizable=0, toolbar=0, menubar=0, status=0, location=0, scrollbars=0'); return false;\"><i class=\"fa-brands fa-linkedin\"><\/i><\/a><\/li><li><a href=\"mailto:?subject=Comit\u00e9 des \u00e9tudes sup\u00e9rieures&amp;body=Hey, thought you might enjoy this! Check it out when you have a chance: https:\/\/sebhau.edu.ly\/fr\/postgraduate-studies-committee\/\" data-toggle=\"tooltip\" data-trigger=\"hover\" data-placement=\"bottom\"  class=\"email\" title=\"Share via Email\"><span><i class=\"far fa-envelope\"><\/i><\/span><\/a><\/ul><\/div><\/div>[\/vc_column][\/vc_row]<\/p>\n<\/section>","protected":false},"excerpt":{"rendered":"<p>[vc_row bg_type=\u00a0\u00bb\u00a0\u00bb dima_canvas_style=\u00a0\u00bb\u00a0\u00bb translate_x=\u00a0\u00bb0&Prime; dima_z_index=\u00a0\u00bb0&Prime; delay=\u00a0\u00bb\u00a0\u00bb delay_duration=\u00a0\u00bb\u00a0\u00bb delay_offset=\u00a0\u00bb\u00a0\u00bb top_and_bottom_padding=\u00a0\u00bb\u00a0\u00bb left_and_right_padding=\u00a0\u00bb\u00a0\u00bb][vc_column min_height=\u00a0\u00bb\u00a0\u00bb bg_type=\u00a0\u00bb\u00a0\u00bb dima_canvas_style=\u00a0\u00bb\u00a0\u00bb translate_x=\u00a0\u00bb0&Prime; dima_z_index=\u00a0\u00bb0&Prime; delay=\u00a0\u00bb\u00a0\u00bb delay_duration=\u00a0\u00bb\u00a0\u00bb delay_offset=\u00a0\u00bb\u00a0\u00bb top_and_bottom_padding=\u00a0\u00bb\u00a0\u00bb left_and_right_padding=\u00a0\u00bb\u00a0\u00bb width=\u00a0\u00bb2\/3&Prime;][\/vc_column][vc_column min_height=\u00a0\u00bb\u00a0\u00bb bg_type=\u00a0\u00bb\u00a0\u00bb dima_canvas_style=\u00a0\u00bb\u00a0\u00bb translate_x=\u00a0\u00bb0&Prime; dima_z_index=\u00a0\u00bb0&Prime; delay=\u00a0\u00bb\u00a0\u00bb delay_duration=\u00a0\u00bb\u00a0\u00bb delay_offset=\u00a0\u00bb\u00a0\u00bb top_and_bottom_padding=\u00a0\u00bb\u00a0\u00bb left_and_right_padding=\u00a0\u00bb\u00a0\u00bb width=\u00a0\u00bb1\/3&Prime;][vc_hoverbox image=\u00a0\u00bb13761&Prime; primary_title=\u00a0\u00bb\u00a0\u00bb hover_title=\u00a0\u00bb\u0645\u0644\u062a\u0642\u0649 \u0627\u0644\u062f\u0631\u0627\u0633\u0627\u062a \u0627\u0644\u0639\u0644\u064a\u0627\u00a0\u00bb][\/vc_hoverbox][\/vc_column][\/vc_row][vc_row full_w_bg=\u00a0\u00bbtrue\u00a0\u00bb bg_type=\u00a0\u00bb\u00a0\u00bb dima_canvas_style=\u00a0\u00bb\u00a0\u00bb cover=\u00a0\u00bbtrue\u00a0\u00bb cover_pos=\u00a0\u00bbback\u00a0\u00bb cover_color=\u00a0\u00bb#dddddd\u00a0\u00bb translate_x=\u00a0\u00bb0&Prime; dima_z_index=\u00a0\u00bb0&Prime; delay=\u00a0\u00bb\u00a0\u00bb delay_duration=\u00a0\u00bb\u00a0\u00bb delay_offset=\u00a0\u00bb\u00a0\u00bb top_and_bottom_padding=\u00a0\u00bb\u00a0\u00bb left_and_right_padding=\u00a0\u00bb\u00a0\u00bb id=\u00a0\u00bb\u00a0\u00bb class=\u00a0\u00bb\u00a0\u00bb style=\u00a0\u00bb\u00a0\u00bb bg_color=\u00a0\u00bb#ddc899&Prime; border_color=\u00a0\u00bb\u00a0\u00bb][vc_column [&hellip;]<\/p>\n","protected":false},"author":1,"featured_media":0,"parent":0,"menu_order":0,"comment_status":"closed","ping_status":"closed","template":"","meta":{"_uf_show_specific_survey":0,"_uf_disable_surveys":false,"footnotes":""},"class_list":["post-24203","page","type-page","status-publish","hentry"],"aioseo_notices":[],"amp_enabled":true,"_links":{"self":[{"href":"https:\/\/sebhau.edu.ly\/fr\/wp-json\/wp\/v2\/pages\/24203","targetHints":{"allow":["GET"]}}],"collection":[{"href":"https:\/\/sebhau.edu.ly\/fr\/wp-json\/wp\/v2\/pages"}],"about":[{"href":"https:\/\/sebhau.edu.ly\/fr\/wp-json\/wp\/v2\/types\/page"}],"author":[{"embeddable":true,"href":"https:\/\/sebhau.edu.ly\/fr\/wp-json\/wp\/v2\/users\/1"}],"replies":[{"embeddable":true,"href":"https:\/\/sebhau.edu.ly\/fr\/wp-json\/wp\/v2\/comments?post=24203"}],"version-history":[{"count":0,"href":"https:\/\/sebhau.edu.ly\/fr\/wp-json\/wp\/v2\/pages\/24203\/revisions"}],"wp:attachment":[{"href":"https:\/\/sebhau.edu.ly\/fr\/wp-json\/wp\/v2\/media?parent=24203"}],"curies":[{"name":"wp","href":"https:\/\/api.w.org\/{rel}","templated":true}]}}