{"id":24210,"date":"2021-09-09T22:05:34","date_gmt":"2021-09-09T19:05:34","guid":{"rendered":"https:\/\/sebhau.edu.ly\/?page_id=24210"},"modified":"2023-12-03T08:45:47","modified_gmt":"2023-12-03T05:45:47","slug":"research-ethics-committee","status":"publish","type":"page","link":"https:\/\/sebhau.edu.ly\/fr\/research-ethics-committee\/","title":{"rendered":"Comit\u00e9 d&rsquo;\u00e9thique de la recherche scientifique"},"content":{"rendered":"<section class=\"wpb-content-wrapper\"><p>[vc_row bg_type=\u00a0\u00bb\u00a0\u00bb dima_canvas_style=\u00a0\u00bb\u00a0\u00bb translate_x=\u00a0\u00bb0&Prime; dima_z_index=\u00a0\u00bb0&Prime; delay=\u00a0\u00bb\u00a0\u00bb delay_duration=\u00a0\u00bb\u00a0\u00bb delay_offset=\u00a0\u00bb\u00a0\u00bb top_and_bottom_padding=\u00a0\u00bb\u00a0\u00bb left_and_right_padding=\u00a0\u00bb\u00a0\u00bb][vc_column min_height=\u00a0\u00bb\u00a0\u00bb bg_type=\u00a0\u00bb\u00a0\u00bb dima_canvas_style=\u00a0\u00bb\u00a0\u00bb translate_x=\u00a0\u00bb0&Prime; dima_z_index=\u00a0\u00bb0&Prime; delay=\u00a0\u00bb\u00a0\u00bb delay_duration=\u00a0\u00bb\u00a0\u00bb delay_offset=\u00a0\u00bb\u00a0\u00bb top_and_bottom_padding=\u00a0\u00bb\u00a0\u00bb left_and_right_padding=\u00a0\u00bb\u00a0\u00bb width=\u00a0\u00bb1\/1&Prime;]<h2  class=\"dima-custom-heading\" ><\/p>\n<h1><strong>Comit\u00e9 d&rsquo;\u00e9thique de la recherche scientifique<\/strong><\/h1>\n<p><\/h2><p>L&rsquo;\u00e9thique est l&rsquo;un des principaux fondements du travail et de la vie en soci\u00e9t\u00e9. Elle est une n\u00e9cessit\u00e9 essentielle pour une vie civilis\u00e9e et un \u00e9l\u00e9ment essentiel \u00e0 l&rsquo;organisation et \u00e0 la stabilit\u00e9 de la soci\u00e9t\u00e9, conforme \u00e0 notre noble religion, aux normes sociales et encadr\u00e9e par les lois et r\u00e9glementations.<\/p>\n<p>La charte \u00e9thique est plus large et plus d\u00e9taill\u00e9e que le cadre de principes et de r\u00e8gles \u00e9nonc\u00e9es par la loi. Elle repose sur ces derniers, sp\u00e9cifiant leurs applications et implications, tout en ajoutant des \u00e9l\u00e9ments qui ne sont pas couverts par le texte l\u00e9gal, \u00e0 travers les directives morales, sociales et culturelles pr\u00e9dominantes dans la soci\u00e9t\u00e9.<\/p>\n<p>L&rsquo;enseignement est une profession noble, car elle joue un r\u00f4le fondamental dans la croissance et le progr\u00e8s de la soci\u00e9t\u00e9. Par cons\u00e9quent, sa pratique exige le respect d&rsquo;une \u00e9thique vertueuse et noble. L&rsquo;Universit\u00e9 de Sebha, comme d&rsquo;autres universit\u00e9s et institutions d&rsquo;enseignement et de recherche, s&rsquo;engage \u00e0 construire l&rsquo;individu et \u00e0 le pr\u00e9parer \u00e0 assumer son r\u00f4le dans la vie.<\/p>\n<p>L&rsquo;universit\u00e9 a donc inclus parmi ses objectifs la promotion des valeurs \u00e9thiques et s&rsquo;engage \u00e0 les incarner dans tous ses programmes, politiques et strat\u00e9gies. Elle est responsable de la diffusion et du d\u00e9veloppement de l&rsquo;engagement moral parmi tous ceux qui y travaillent.<\/p>\n<blockquote  class=\"post-quote text-center\" ><p>La recherche scientifique est l&rsquo;une des activit\u00e9s les plus nobles que l&rsquo;esprit humain puisse exercer pour r\u00e9aliser le d\u00e9veloppement et la prosp\u00e9rit\u00e9 des nations. Elle est la base naturelle de toute renaissance civile, en particulier \u00e0 l&rsquo;\u00e8re moderne. Cependant, certaines recherches peuvent avoir des cons\u00e9quences \u00e9thiques sur l&rsquo;homme, son environnement social et \u00e9cologique. <\/p><\/blockquote><p>. C&rsquo;est pourquoi de nombreux pays accordent une attention consid\u00e9rable aux questions \u00e9thiques dans la recherche scientifique, afin de sensibiliser \u00e0 l&rsquo;importance du respect de ces valeurs, tant par les chercheurs sp\u00e9cialis\u00e9s que par le grand public, et de garantir que les recherches scientifiques et les applications technologiques respectent les droits, la dignit\u00e9 et la libert\u00e9 de l&rsquo;homme. Cela se fait par la cr\u00e9ation de comit\u00e9s nationaux d&rsquo;\u00e9thique, l&rsquo;\u00e9tablissement de normes et de lois nationales dans ce domaine. Ainsi, en 2016, le Comit\u00e9 national de bios\u00e9curit\u00e9 et d&rsquo;\u00e9thique en Libye a \u00e9t\u00e9 cr\u00e9\u00e9 dans le but de renforcer les principes \u00e9thiques dans la recherche scientifique.<\/p>\n<p>A l&rsquo;Universit\u00e9 de Sebha, la recherche scientifique repr\u00e9sente un pilier essentiel du syst\u00e8me d&rsquo;enseignement sup\u00e9rieur, en accord avec les exigences nationales, le d\u00e9veloppement scientifique et technologique. Elle joue un r\u00f4le important et essentiel dans ce syst\u00e8me pour atteindre la vision de l&rsquo;universit\u00e9, qui consiste \u00e0 \u00ab\u00a0\u00eatre un leader dans l&rsquo;enseignement, la recherche scientifique et le service \u00e0 la soci\u00e9t\u00e9. \u00a0\u00bb<\/p>\n<p>&nbsp;<\/p>\n<p>Dans cette perspective, l&rsquo;universit\u00e9 cherche \u00e0 d\u00e9velopper ses programmes dans le cadre d&rsquo;une charte \u00e9thique qui garantit le respect des bonnes pratiques et des valeurs de la recherche scientifique, telles qu&rsquo;exig\u00e9es par les normes de qualit\u00e9, et qui souligne l&rsquo;engagement \u00e9thique dans la performance et les relations avec autrui, conform\u00e9ment aux normes nationales et internationales.<\/p>\n<p>Cette charte d\u00e9finit le cadre g\u00e9n\u00e9ral des principes et des valeurs \u00e9thiques que les membres du corps enseignant, les chercheurs et les \u00e9tudiants des \u00e9tudes sup\u00e9rieures de l&rsquo;Universit\u00e9 de Sebha doivent respecter. Toutes les parties prenantes du processus de recherche doivent s&rsquo;y conformer pour renforcer l&rsquo;\u00e9thique de la recherche scientifique de qualit\u00e9 au sein de l&rsquo;universit\u00e9.<\/p>\n<p>Comit\u00e9 de pr\u00e9paration de la charte d&rsquo;\u00e9thique de la recherche scientifique \u00e0 l&rsquo;universit\u00e9 (D\u00e9cision du Pr\u00e9sident de l&rsquo;Universit\u00e9 n\u00b0 376 de 2018.)<\/p>\n[\/vc_column][\/vc_row][vc_row bg_type=\u00a0\u00bb\u00a0\u00bb dima_canvas_style=\u00a0\u00bb\u00a0\u00bb translate_x=\u00a0\u00bb0&Prime; dima_z_index=\u00a0\u00bb0&Prime; delay=\u00a0\u00bb\u00a0\u00bb delay_duration=\u00a0\u00bb\u00a0\u00bb delay_offset=\u00a0\u00bb\u00a0\u00bb top_and_bottom_padding=\u00a0\u00bb\u00a0\u00bb left_and_right_padding=\u00a0\u00bb\u00a0\u00bb][vc_column min_height=\u00a0\u00bb\u00a0\u00bb bg_type=\u00a0\u00bb\u00a0\u00bb dima_canvas_style=\u00a0\u00bb\u00a0\u00bb translate_x=\u00a0\u00bb0&Prime; dima_z_index=\u00a0\u00bb0&Prime; delay=\u00a0\u00bb\u00a0\u00bb delay_duration=\u00a0\u00bb\u00a0\u00bb delay_offset=\u00a0\u00bb\u00a0\u00bb top_and_bottom_padding=\u00a0\u00bb\u00a0\u00bb left_and_right_padding=\u00a0\u00bb\u00a0\u00bb width=\u00a0\u00bb1\/2&Prime;]<a   data-direction=\"down\" class=\"dima-button  dima-btn-rounded stroke dima-btn-big float-end\"  href=\"https:\/\/sebhau.edu.ly\/elec\/theme\/upload\/clues\/%D9%85%D9%8A%D8%AA%D8%A7%D9%82_%D8%A7%D9%84%D8%A7%D8%AE%D9%84%D8%A7%D9%82%D9%8A%D8%A7%D8%AA_%D8%AC%D8%A7%D9%85%D8%B9%D8%A9_%D8%B3%D8%A8%D9%87%D8%A7_2019%D9%8A%D9%88%D9%84%D9%8A%D9%882.pdf\"  target=\"_blank\" rel=\"noopener\"  >Charte d'\u00e9thique de la recherche scientifique<\/a>[\/vc_column][vc_column min_height=\u00a0\u00bb\u00a0\u00bb bg_type=\u00a0\u00bb\u00a0\u00bb dima_canvas_style=\u00a0\u00bb\u00a0\u00bb translate_x=\u00a0\u00bb0&Prime; dima_z_index=\u00a0\u00bb0&Prime; delay=\u00a0\u00bb\u00a0\u00bb delay_duration=\u00a0\u00bb\u00a0\u00bb delay_offset=\u00a0\u00bb\u00a0\u00bb top_and_bottom_padding=\u00a0\u00bb\u00a0\u00bb left_and_right_padding=\u00a0\u00bb\u00a0\u00bb width=\u00a0\u00bb1\/2&Prime;]<a   data-direction=\"down\" class=\"dima-button  dima-btn-rounded stroke dima-btn-big float-start\"  href=\"#\"    >Formulaire de demande d'autorisation pour la pratique de la recherche scientifique<\/a>[\/vc_column][\/vc_row][vc_row bg_type=\u00a0\u00bb\u00a0\u00bb dima_canvas_style=\u00a0\u00bb\u00a0\u00bb translate_x=\u00a0\u00bb0&Prime; dima_z_index=\u00a0\u00bb0&Prime; delay=\u00a0\u00bb\u00a0\u00bb delay_duration=\u00a0\u00bb\u00a0\u00bb delay_offset=\u00a0\u00bb\u00a0\u00bb top_and_bottom_padding=\u00a0\u00bb\u00a0\u00bb left_and_right_padding=\u00a0\u00bb\u00a0\u00bb][vc_column min_height=\u00a0\u00bb\u00a0\u00bb bg_type=\u00a0\u00bb\u00a0\u00bb dima_canvas_style=\u00a0\u00bb\u00a0\u00bb translate_x=\u00a0\u00bb0&Prime; dima_z_index=\u00a0\u00bb0&Prime; delay=\u00a0\u00bb\u00a0\u00bb delay_duration=\u00a0\u00bb\u00a0\u00bb delay_offset=\u00a0\u00bb\u00a0\u00bb top_and_bottom_padding=\u00a0\u00bb\u00a0\u00bb left_and_right_padding=\u00a0\u00bb\u00a0\u00bb width=\u00a0\u00bb1\/1&Prime;]<div  class=\"social-media text-center\" ><div class=\"social-media dima-social-post social-medium\"><ul class=\"inline clearfix\"><li><a href=\"#share\" data-toggle=\"tooltip\" data-trigger=\"hover\" data-placement=\"bottom\"  title=\"Share on Facebook\" onclick=\"window.open('http:\/\/www.facebook.com\/sharer.php?u=https%3A%2F%2Fsebhau.edu.ly%2Ffr%2Fresearch-ethics-committee%2F&amp;t=Comit%C3%A9+d%26rsquo%3B%C3%A9thique+de+la+recherche+scientifique', 'popupFacebook', 'width=650, height=270, resizable=0, toolbar=0, menubar=0, status=0, location=0, scrollbars=0'); return false;\"><i class=\"fa-brands fa-facebook-f\"><\/i><\/a><\/li><li><a href=\"#share\" data-toggle=\"tooltip\" data-trigger=\"hover\" data-placement=\"bottom\"  title=\"Share on Twitter\" onclick=\"window.open('https:\/\/twitter.com\/intent\/tweet?text=Comit%C3%A9+d%26rsquo%3B%C3%A9thique+de+la+recherche+scientifique&amp;url=https%3A%2F%2Fsebhau.edu.ly%2Ffr%2Fresearch-ethics-committee%2F', 'popupTwitter', 'width=500, height=370, resizable=0, toolbar=0, menubar=0, status=0, location=0, scrollbars=0'); return false;\"><i class=\"fa-brands  fa-twitter\"><\/i><\/a><\/li><li><a href=\"#share\" data-toggle=\"tooltip\" data-trigger=\"hover\" data-placement=\"bottom\"  title=\"Share on LinkedIn\" onclick=\"window.open('http:\/\/www.linkedin.com\/shareArticle?mini=true&amp;url=https%3A%2F%2Fsebhau.edu.ly%2Ffr%2Fresearch-ethics-committee%2F&amp;title=Comit%C3%A9+d%26rsquo%3B%C3%A9thique+de+la+recherche+scientifique&amp;summary=%5Bvc_row+bg_type%3D%C2%A0%C2%BB%C2%A0%C2%BB+dima_canvas_style%3D%C2%A0%C2%BB%C2%A0%C2%BB+translate_x%3D%C2%A0%C2%BB0%26Prime%3B+dima_z_index%3D%C2%A0%C2%BB0%26Prime%3B+delay%3D%C2%A0%C2%BB%C2%A0%C2%BB+delay_duration%3D%C2%A0%C2%BB%C2%A0%C2%BB+delay_offset%3D%C2%A0%C2%BB%C2%A0%C2%BB+top_and_bottom_padding%3D%C2%A0%C2%BB%C2%A0%C2%BB+left_and_right_padding%3D%C2%A0%C2%BB%C2%A0%C2%BB%5D%5Bvc_column+min_height%3D%C2%A0%C2%BB%C2%A0%C2%BB+bg_type%3D%C2%A0%C2%BB%C2%A0%C2%BB+dima_canvas_style%3D%C2%A0%C2%BB%C2%A0%C2%BB+translate_x%3D%C2%A0%C2%BB0%26Prime%3B+dima_z_index%3D%C2%A0%C2%BB0%26Prime%3B+delay%3D%C2%A0%C2%BB%C2%A0%C2%BB+delay_duration%3D%C2%A0%C2%BB%C2%A0%C2%BB+delay_offset%3D%C2%A0%C2%BB%C2%A0%C2%BB+top_and_bottom_padding%3D%C2%A0%C2%BB%C2%A0%C2%BB+left_and_right_padding%3D%C2%A0%C2%BB%C2%A0%C2%BB+width%3D%C2%A0%C2%BB1%2F1%26Prime%3B%5D%5B%2Fvc_column%5D%5B%2Fvc_row%5D%5Bvc_row+bg_type%3D%C2%A0%C2%BB%C2%A0%C2%BB+dima_canvas_style%3D%C2%A0%C2%BB%C2%A0%C2%BB+translate_x%3D%C2%A0%C2%BB0%26Prime%3B+dima_z_index%3D%C2%A0%C2%BB0%26Prime%3B+delay%3D%C2%A0%C2%BB%C2%A0%C2%BB+delay_duration%3D%C2%A0%C2%BB%C2%A0%C2%BB+delay_offset%3D%C2%A0%C2%BB%C2%A0%C2%BB+top_and_bottom_padding%3D%C2%A0%C2%BB%C2%A0%C2%BB+left_and_right_padding%3D%C2%A0%C2%BB%C2%A0%C2%BB%5D%5Bvc_column+min_height%3D%C2%A0%C2%BB%C2%A0%C2%BB+bg_type%3D%C2%A0%C2%BB%C2%A0%C2%BB+dima_canvas_style%3D%C2%A0%C2%BB%C2%A0%C2%BB+translate_x%3D%C2%A0%C2%BB0%26Prime%3B+dima_z_index%3D%C2%A0%C2%BB0%26Prime%3B+delay%3D%C2%A0%C2%BB%C2%A0%C2%BB+delay_duration%3D%C2%A0%C2%BB%C2%A0%C2%BB+delay_offset%3D%C2%A0%C2%BB%C2%A0%C2%BB+top_and_bottom_padding%3D%C2%A0%C2%BB%C2%A0%C2%BB+left_and_right_padding%3D%C2%A0%C2%BB%C2%A0%C2%BB+width%3D%C2%A0%C2%BB1%2F2%26Prime%3B%5D%5B%2Fvc_column%5D%5Bvc_column+min_height%3D%C2%A0%C2%BB%C2%A0%C2%BB+bg_type%3D%C2%A0%C2%BB%C2%A0%C2%BB+dima_canvas_style%3D%C2%A0%C2%BB%C2%A0%C2%BB+translate_x%3D%C2%A0%C2%BB0%26Prime%3B+dima_z_index%3D%C2%A0%C2%BB0%26Prime%3B+delay%3D%C2%A0%C2%BB%C2%A0%C2%BB+delay_duration%3D%C2%A0%C2%BB%C2%A0%C2%BB+delay_offset%3D%C2%A0%C2%BB%C2%A0%C2%BB+top_and_bottom_padding%3D%C2%A0%C2%BB%C2%A0%C2%BB+left_and_right_padding%3D%C2%A0%C2%BB%C2%A0%C2%BB+width%3D%C2%A0%C2%BB1%2F2%26Prime%3B%5D%5B%2Fvc_column%5D%5B%2Fvc_row%5D%5Bvc_row+bg_type%3D%C2%A0%C2%BB%C2%A0%C2%BB+dima_canvas_style%3D%C2%A0%C2%BB%C2%A0%C2%BB+translate_x%3D%C2%A0%C2%BB0%26Prime%3B+%5B%26hellip%3B%5D&amp;source=%D8%AC%D8%A7%D9%85%D8%B9%D8%A9+%D8%B3%D8%A8%D9%87%D8%A7+%7C+Sebha+University', 'popupLinkedIn', 'width=610, height=480, resizable=0, toolbar=0, menubar=0, status=0, location=0, scrollbars=0'); return false;\"><i class=\"fa-brands fa-linkedin\"><\/i><\/a><\/li><li><a href=\"mailto:?subject=Comit\u00e9 d&rsquo;\u00e9thique de la recherche scientifique&amp;body=Hey, thought you might enjoy this! Check it out when you have a chance: https:\/\/sebhau.edu.ly\/fr\/research-ethics-committee\/\" data-toggle=\"tooltip\" data-trigger=\"hover\" data-placement=\"bottom\"  class=\"email\" title=\"Share via Email\"><span><i class=\"far fa-envelope\"><\/i><\/span><\/a><\/ul><\/div><\/div>[\/vc_column][\/vc_row]<\/p>\n<\/section>","protected":false},"excerpt":{"rendered":"<p>[vc_row bg_type=\u00a0\u00bb\u00a0\u00bb dima_canvas_style=\u00a0\u00bb\u00a0\u00bb translate_x=\u00a0\u00bb0&Prime; dima_z_index=\u00a0\u00bb0&Prime; delay=\u00a0\u00bb\u00a0\u00bb delay_duration=\u00a0\u00bb\u00a0\u00bb delay_offset=\u00a0\u00bb\u00a0\u00bb top_and_bottom_padding=\u00a0\u00bb\u00a0\u00bb left_and_right_padding=\u00a0\u00bb\u00a0\u00bb][vc_column min_height=\u00a0\u00bb\u00a0\u00bb bg_type=\u00a0\u00bb\u00a0\u00bb dima_canvas_style=\u00a0\u00bb\u00a0\u00bb translate_x=\u00a0\u00bb0&Prime; dima_z_index=\u00a0\u00bb0&Prime; delay=\u00a0\u00bb\u00a0\u00bb delay_duration=\u00a0\u00bb\u00a0\u00bb delay_offset=\u00a0\u00bb\u00a0\u00bb top_and_bottom_padding=\u00a0\u00bb\u00a0\u00bb left_and_right_padding=\u00a0\u00bb\u00a0\u00bb width=\u00a0\u00bb1\/1&Prime;][\/vc_column][\/vc_row][vc_row bg_type=\u00a0\u00bb\u00a0\u00bb dima_canvas_style=\u00a0\u00bb\u00a0\u00bb translate_x=\u00a0\u00bb0&Prime; dima_z_index=\u00a0\u00bb0&Prime; delay=\u00a0\u00bb\u00a0\u00bb delay_duration=\u00a0\u00bb\u00a0\u00bb delay_offset=\u00a0\u00bb\u00a0\u00bb top_and_bottom_padding=\u00a0\u00bb\u00a0\u00bb left_and_right_padding=\u00a0\u00bb\u00a0\u00bb][vc_column min_height=\u00a0\u00bb\u00a0\u00bb bg_type=\u00a0\u00bb\u00a0\u00bb dima_canvas_style=\u00a0\u00bb\u00a0\u00bb translate_x=\u00a0\u00bb0&Prime; dima_z_index=\u00a0\u00bb0&Prime; delay=\u00a0\u00bb\u00a0\u00bb delay_duration=\u00a0\u00bb\u00a0\u00bb delay_offset=\u00a0\u00bb\u00a0\u00bb top_and_bottom_padding=\u00a0\u00bb\u00a0\u00bb left_and_right_padding=\u00a0\u00bb\u00a0\u00bb width=\u00a0\u00bb1\/2&Prime;][\/vc_column][vc_column min_height=\u00a0\u00bb\u00a0\u00bb bg_type=\u00a0\u00bb\u00a0\u00bb dima_canvas_style=\u00a0\u00bb\u00a0\u00bb translate_x=\u00a0\u00bb0&Prime; dima_z_index=\u00a0\u00bb0&Prime; delay=\u00a0\u00bb\u00a0\u00bb delay_duration=\u00a0\u00bb\u00a0\u00bb delay_offset=\u00a0\u00bb\u00a0\u00bb top_and_bottom_padding=\u00a0\u00bb\u00a0\u00bb left_and_right_padding=\u00a0\u00bb\u00a0\u00bb width=\u00a0\u00bb1\/2&Prime;][\/vc_column][\/vc_row][vc_row bg_type=\u00a0\u00bb\u00a0\u00bb dima_canvas_style=\u00a0\u00bb\u00a0\u00bb translate_x=\u00a0\u00bb0&Prime; [&hellip;]<\/p>\n","protected":false},"author":1,"featured_media":0,"parent":0,"menu_order":0,"comment_status":"closed","ping_status":"closed","template":"","meta":{"_uf_show_specific_survey":0,"_uf_disable_surveys":false,"footnotes":""},"class_list":["post-24210","page","type-page","status-publish","hentry"],"aioseo_notices":[],"amp_enabled":true,"_links":{"self":[{"href":"https:\/\/sebhau.edu.ly\/fr\/wp-json\/wp\/v2\/pages\/24210","targetHints":{"allow":["GET"]}}],"collection":[{"href":"https:\/\/sebhau.edu.ly\/fr\/wp-json\/wp\/v2\/pages"}],"about":[{"href":"https:\/\/sebhau.edu.ly\/fr\/wp-json\/wp\/v2\/types\/page"}],"author":[{"embeddable":true,"href":"https:\/\/sebhau.edu.ly\/fr\/wp-json\/wp\/v2\/users\/1"}],"replies":[{"embeddable":true,"href":"https:\/\/sebhau.edu.ly\/fr\/wp-json\/wp\/v2\/comments?post=24210"}],"version-history":[{"count":0,"href":"https:\/\/sebhau.edu.ly\/fr\/wp-json\/wp\/v2\/pages\/24210\/revisions"}],"wp:attachment":[{"href":"https:\/\/sebhau.edu.ly\/fr\/wp-json\/wp\/v2\/media?parent=24210"}],"curies":[{"name":"wp","href":"https:\/\/api.w.org\/{rel}","templated":true}]}}