{"id":24219,"date":"2021-09-09T22:06:53","date_gmt":"2021-09-09T19:06:53","guid":{"rendered":"https:\/\/sebhau.edu.ly\/?page_id=24219"},"modified":"2023-12-03T08:46:35","modified_gmt":"2023-12-03T05:46:35","slug":"faculty-affairs-committee","status":"publish","type":"page","link":"https:\/\/sebhau.edu.ly\/fr\/faculty-affairs-committee\/","title":{"rendered":"Comit\u00e9 des Affaires des membres du corps professoral"},"content":{"rendered":"<section class=\"wpb-content-wrapper\"><p>[vc_row bg_type=\u00a0\u00bb\u00a0\u00bb dima_canvas_style=\u00a0\u00bb\u00a0\u00bb translate_x=\u00a0\u00bb0&Prime; dima_z_index=\u00a0\u00bb0&Prime; delay=\u00a0\u00bb\u00a0\u00bb delay_duration=\u00a0\u00bb\u00a0\u00bb delay_offset=\u00a0\u00bb\u00a0\u00bb top_and_bottom_padding=\u00a0\u00bb\u00a0\u00bb left_and_right_padding=\u00a0\u00bb\u00a0\u00bb][vc_column min_height=\u00a0\u00bb\u00a0\u00bb bg_type=\u00a0\u00bb\u00a0\u00bb dima_canvas_style=\u00a0\u00bb\u00a0\u00bb translate_x=\u00a0\u00bb0&Prime; dima_z_index=\u00a0\u00bb0&Prime; delay=\u00a0\u00bb\u00a0\u00bb delay_duration=\u00a0\u00bb\u00a0\u00bb delay_offset=\u00a0\u00bb\u00a0\u00bb top_and_bottom_padding=\u00a0\u00bb\u00a0\u00bb left_and_right_padding=\u00a0\u00bb\u00a0\u00bb]<h2><strong>Comit\u00e9 des affaires professorales\u00a0:<\/strong><\/h2>\n<p>Par d\u00e9cision <a href=\"https:\/\/sebhau.edu.ly\/fr\/university-council\/\">du Conseil de l&rsquo;Universit\u00e9,<\/a> il est constitu\u00e9 une commission charg\u00e9e des affaires facultaires comme suit :<\/p>\n<ul>\n<li>Un membre du corps professoral de l&rsquo;universit\u00e9 ayant rang de professeur &#8211; lorsque cela est possible &#8211; en tant que pr\u00e9sident.<\/li>\n<li>Un professeur pour chaque coll\u00e8ge, Dot\u00e9 d&rsquo;une exp\u00e9rience et d&rsquo;une comp\u00e9tence dont le rang n&rsquo;est pas inf\u00e9rieur \u00e0 celui de professeur adjoint, Le comit\u00e9 du coll\u00e8ge le choisit comme membre.<\/li>\n<li>Employ\u00e9 du service juridique de l\u2019universit\u00e9, membre.<\/li>\n<li>Directeur du D\u00e9partement des affaires professorales de l\u2019Universit\u00e9, membre-rapporteur.<\/li>\n<\/ul>\n<h3><\/h3>\n<h3>Ce comit\u00e9 travaille sous la supervision de l&rsquo;universit\u00e9. Et sous-secr\u00e9taire aux affaires scientifiques.<\/h3>\n<h3><\/h3>\n<h3><strong>Le comit\u00e9 se pr\u00e9occupe des points suivants :<\/strong><\/h3>\n<ul>\n<li>V\u00e9rifier que les conditions de nomination, de promotion, de transfert, de d\u00e9tachement et de d\u00e9tachement li\u00e9es aux membres du corps professoral et \u00e0 toutes les autres questions li\u00e9es \u00e0 l&#8217;emploi sont remplies.<\/li>\n<li>Examiner les rapports des comit\u00e9s d&rsquo;\u00e9valuation pour la promotion; Tirer ses conclusions et les recommander au Conseil universitaire.<\/li>\n<li>\u00c9tudier les rapports scientifiques des membres du corps professoral collaborateurs par les d\u00e9partements scientifiques concern\u00e9s des coll\u00e8ges.<\/li>\n<li>Tout travail qui lui est confi\u00e9 dans le cadre de sa comp\u00e9tence par le Conseil de l&rsquo;Universit\u00e9.<\/li>\n<\/ul>\n<h3><\/h3>\n<h3><strong>R\u00e9unions r\u00e9guli\u00e8res<\/strong> <strong>:<\/strong><\/h3>\n<p>La commission comp\u00e9tente se r\u00e9unit au moins une fois par mois. Durant l&rsquo;ann\u00e9e universitaire, sur invitation de son pr\u00e9sident, Ses r\u00e9unions ne sont valables que si les deux tiers des membres sont pr\u00e9sents. dont le pr\u00e9sident, Les recommandations du comit\u00e9 sont \u00e9mises \u00e0 la majorit\u00e9 des personnes pr\u00e9sentes. En cas d&rsquo;\u00e9galit\u00e9, le c\u00f4t\u00e9 du pr\u00e9sident l&#8217;emporte. Les proc\u00e8s-verbaux de ses r\u00e9unions sont sign\u00e9s par le Pr\u00e9sident et le Rapporteur, des participants pour pr\u00e9senter les recommandations du comit\u00e9, Ses dossiers sont soumis \u00e0 l&rsquo;administration universitaire pour approbation.<\/p>\n<p style=\"text-align: center;\"><strong>Contactez le comit\u00e9 :<\/strong><\/p>\n<p style=\"text-align: center;\">Email: comm.staff@sebhau.edu.ly<\/p>\n<p style=\"text-align: center;\">le t\u00e9l\u00e9phone: 0712629201<\/p>\n[\/vc_column][\/vc_row]<\/p>\n<\/section>","protected":false},"excerpt":{"rendered":"<p>[vc_row bg_type=\u00a0\u00bb\u00a0\u00bb dima_canvas_style=\u00a0\u00bb\u00a0\u00bb translate_x=\u00a0\u00bb0&Prime; dima_z_index=\u00a0\u00bb0&Prime; delay=\u00a0\u00bb\u00a0\u00bb delay_duration=\u00a0\u00bb\u00a0\u00bb delay_offset=\u00a0\u00bb\u00a0\u00bb top_and_bottom_padding=\u00a0\u00bb\u00a0\u00bb left_and_right_padding=\u00a0\u00bb\u00a0\u00bb][vc_column min_height=\u00a0\u00bb\u00a0\u00bb bg_type=\u00a0\u00bb\u00a0\u00bb dima_canvas_style=\u00a0\u00bb\u00a0\u00bb translate_x=\u00a0\u00bb0&Prime; dima_z_index=\u00a0\u00bb0&Prime; delay=\u00a0\u00bb\u00a0\u00bb delay_duration=\u00a0\u00bb\u00a0\u00bb delay_offset=\u00a0\u00bb\u00a0\u00bb top_and_bottom_padding=\u00a0\u00bb\u00a0\u00bb left_and_right_padding=\u00a0\u00bb\u00a0\u00bb][\/vc_column][\/vc_row]<\/p>\n","protected":false},"author":1,"featured_media":0,"parent":0,"menu_order":0,"comment_status":"closed","ping_status":"closed","template":"","meta":{"_uf_show_specific_survey":0,"_uf_disable_surveys":false,"footnotes":""},"class_list":["post-24219","page","type-page","status-publish","hentry"],"aioseo_notices":[],"amp_enabled":true,"_links":{"self":[{"href":"https:\/\/sebhau.edu.ly\/fr\/wp-json\/wp\/v2\/pages\/24219","targetHints":{"allow":["GET"]}}],"collection":[{"href":"https:\/\/sebhau.edu.ly\/fr\/wp-json\/wp\/v2\/pages"}],"about":[{"href":"https:\/\/sebhau.edu.ly\/fr\/wp-json\/wp\/v2\/types\/page"}],"author":[{"embeddable":true,"href":"https:\/\/sebhau.edu.ly\/fr\/wp-json\/wp\/v2\/users\/1"}],"replies":[{"embeddable":true,"href":"https:\/\/sebhau.edu.ly\/fr\/wp-json\/wp\/v2\/comments?post=24219"}],"version-history":[{"count":0,"href":"https:\/\/sebhau.edu.ly\/fr\/wp-json\/wp\/v2\/pages\/24219\/revisions"}],"wp:attachment":[{"href":"https:\/\/sebhau.edu.ly\/fr\/wp-json\/wp\/v2\/media?parent=24219"}],"curies":[{"name":"wp","href":"https:\/\/api.w.org\/{rel}","templated":true}]}}