{"id":26374,"date":"2021-08-30T03:41:44","date_gmt":"2021-08-30T00:41:44","guid":{"rendered":"https:\/\/sebhau.edu.ly\/call-us\/"},"modified":"2023-11-13T22:29:29","modified_gmt":"2023-11-13T19:29:29","slug":"call-us","status":"publish","type":"page","link":"https:\/\/sebhau.edu.ly\/fr\/call-us\/","title":{"rendered":"Pour nous contacter"},"content":{"rendered":"<section class=\"wpb-content-wrapper\"><p>[vc_row bg_type=\u00a0\u00bb\u00a0\u00bb dima_canvas_style=\u00a0\u00bb\u00a0\u00bb translate_x=\u00a0\u00bb0&Prime; dima_z_index=\u00a0\u00bb0&Prime; delay=\u00a0\u00bb\u00a0\u00bb delay_duration=\u00a0\u00bb\u00a0\u00bb delay_offset=\u00a0\u00bb\u00a0\u00bb top_and_bottom_padding=\u00a0\u00bb\u00a0\u00bb left_and_right_padding=\u00a0\u00bb\u00a0\u00bb][vc_column min_height=\u00a0\u00bb\u00a0\u00bb bg_type=\u00a0\u00bb\u00a0\u00bb dima_canvas_style=\u00a0\u00bb\u00a0\u00bb translate_x=\u00a0\u00bb0&Prime; dima_z_index=\u00a0\u00bb0&Prime; delay=\u00a0\u00bb\u00a0\u00bb delay_duration=\u00a0\u00bb\u00a0\u00bb delay_offset=\u00a0\u00bb\u00a0\u00bb top_and_bottom_padding=\u00a0\u00bb\u00a0\u00bb left_and_right_padding=\u00a0\u00bb\u00a0\u00bb width=\u00a0\u00bb1\/1&Prime;]<h2  class=\"dima-custom-heading\" ><\/p>\n<h2><strong>Pour nous contacter\u00a0:\u00a0\u00a0 <\/strong><\/h2>\n<p><\/h2><p>Vous pouvez nous contacter ou poser vos questions sur les affaires financi\u00e8res, administratives, acad\u00e9miques ou tout ce que vous souhaitez clarifier. Nous vous r\u00e9pondrons dans les plus brefs d\u00e9lais, dans un d\u00e9lai maximal de trois jours ouvrables<\/p>\n<p>Il existe un service sp\u00e9cial pour communiquer avec les \u00e9tudiants et le personnel de l&rsquo;universit\u00e9, o\u00f9 les questions sont r\u00e9pondues et les plaintes sont examin\u00e9es. Vous pouvez acc\u00e9der \u00e0 ce service via ce portail.<\/p>\n[\/vc_column][\/vc_row][vc_row bg_type=\u00a0\u00bb\u00a0\u00bb dima_canvas_style=\u00a0\u00bb\u00a0\u00bb translate_x=\u00a0\u00bb0&Prime; dima_z_index=\u00a0\u00bb0&Prime; delay=\u00a0\u00bb\u00a0\u00bb delay_duration=\u00a0\u00bb\u00a0\u00bb delay_offset=\u00a0\u00bb\u00a0\u00bb top_and_bottom_padding=\u00a0\u00bb\u00a0\u00bb left_and_right_padding=\u00a0\u00bb\u00a0\u00bb][vc_column min_height=\u00a0\u00bb\u00a0\u00bb bg_type=\u00a0\u00bb\u00a0\u00bb dima_canvas_style=\u00a0\u00bb\u00a0\u00bb translate_x=\u00a0\u00bb0&Prime; dima_z_index=\u00a0\u00bb0&Prime; animation=\u00a0\u00bbfadeInUp\u00a0\u00bb delay=\u00a0\u00bb400&Prime; delay_duration=\u00a0\u00bb\u00a0\u00bb delay_offset=\u00a0\u00bb\u00a0\u00bb top_and_bottom_padding=\u00a0\u00bb\u00a0\u00bb left_and_right_padding=\u00a0\u00bb\u00a0\u00bb width=\u00a0\u00bb1\/3&Prime; id=\u00a0\u00bb\u00a0\u00bb class=\u00a0\u00bb\u00a0\u00bb style=\u00a0\u00bb\u00a0\u00bb]<a href='https:\/\/sebhau.edu.ly\/phone-directory\/' target=\"_blank\" rel=\"noopener\"><div  class=\"dima-iconbox no-box text-center features-box\" ><header  class=\"icon-box-header\" ><i style=\"box-shadow: 0 0 0 1px #d6d6d6;color:#dd9933;\" class=\"simple-icon-phone box-circle  icon-box-medium  icon-box-hover\"><span class=\"topaz-hover\"><\/span><\/i><\/header><div  class=\"features-content\" ><h5 class=\"features-title\" >Adresse<\/h5>\n<p style=\"text-align: center;\">Rue 05 Octobre &#8211; Sebha -Libye<\/p>\n<p style=\"text-align: center;\">R\u00e9pertoire t\u00e9l\u00e9phonique\u00a0:<\/p>\n<p style=\"text-align: center;\">Les r\u00e9gies, les bureaux, les facult\u00e9s et les d\u00e9partements acad\u00e9miques de l\u2019Universit\u00e9.<\/p>\n<\/div><\/div><\/a>[\/vc_column][vc_column min_height=\u00a0\u00bb\u00a0\u00bb bg_type=\u00a0\u00bb\u00a0\u00bb dima_canvas_style=\u00a0\u00bb\u00a0\u00bb translate_x=\u00a0\u00bb0&Prime; dima_z_index=\u00a0\u00bb0&Prime; animation=\u00a0\u00bbfadeInUp\u00a0\u00bb delay=\u00a0\u00bb600&Prime; delay_duration=\u00a0\u00bb\u00a0\u00bb delay_offset=\u00a0\u00bb\u00a0\u00bb top_and_bottom_padding=\u00a0\u00bb\u00a0\u00bb left_and_right_padding=\u00a0\u00bb\u00a0\u00bb width=\u00a0\u00bb1\/3&Prime; id=\u00a0\u00bb\u00a0\u00bb class=\u00a0\u00bb\u00a0\u00bb style=\u00a0\u00bb\u00a0\u00bb]<div  class=\"dima-iconbox no-box text-center features-box\" ><header  class=\"icon-box-header\" ><i style=\"box-shadow: 0 0 0 1px #d6d6d6;color:#dd9933;\" class=\"simple-icon-phone box-circle  icon-box-medium  icon-box-hover\"><span class=\"topaz-hover\"><\/span><\/i><\/header><div  class=\"features-content\" ><h5 class=\"features-title\" >le t\u00e9l\u00e9phone<\/h5>\n<p style=\"text-align: center;\">712626012(218)<\/p>\n<p style=\"text-align: center;\">712627019(218)<\/p>\n<p style=\"text-align: center;\">\u00a0712635160(218)<\/p>\n<\/div><\/div>[\/vc_column][vc_column min_height=\u00a0\u00bb\u00a0\u00bb bg_type=\u00a0\u00bb\u00a0\u00bb dima_canvas_style=\u00a0\u00bb\u00a0\u00bb translate_x=\u00a0\u00bb0&Prime; dima_z_index=\u00a0\u00bb0&Prime; animation=\u00a0\u00bbfadeInUp\u00a0\u00bb delay=\u00a0\u00bb800&Prime; delay_duration=\u00a0\u00bb\u00a0\u00bb delay_offset=\u00a0\u00bb\u00a0\u00bb top_and_bottom_padding=\u00a0\u00bb\u00a0\u00bb left_and_right_padding=\u00a0\u00bb\u00a0\u00bb width=\u00a0\u00bb1\/3&Prime; id=\u00a0\u00bb\u00a0\u00bb class=\u00a0\u00bb\u00a0\u00bb style=\u00a0\u00bb\u00a0\u00bb]<a href='https:\/\/sebhau.edu.ly\/email-directory\/' target=\"_blank\" rel=\"noopener\"><div  class=\"dima-iconbox no-box text-center features-box\" ><header  class=\"icon-box-header\" ><i style=\"box-shadow: 0 0 0 1px #e8e8e8;color:#dd9933;\" class=\"simple-icon-envelope-open box-circle  icon-box-medium  icon-box-hover\"><span class=\"topaz-hover\"><\/span><\/i><\/header><div  class=\"features-content\" ><h5 class=\"features-title\" >Adresse \u00e9lectronique <\/h5>\n<p style=\"text-align: center;\">\u00a0Info@sebhau.edu.ly<\/p>\n<p style=\"text-align: center;\">Universit\u00e9 de Sebha\u00a0:<\/p>\n<p style=\"text-align: center;\">Formulaire de d\u00e9p\u00f4t de plainte de l&rsquo;Universit\u00e9 de Sebha<\/p>\n<p style=\"text-align: center;\">Mod\u00e8le de pr\u00e9sentation d&rsquo;une proposition de l\u2019Universit\u00e9 de Sebha<\/p>\n<\/div><\/div><\/a>[\/vc_column][\/vc_row][vc_row bg_type=\u00a0\u00bb\u00a0\u00bb dima_canvas_style=\u00a0\u00bb\u00a0\u00bb translate_x=\u00a0\u00bb0&Prime; dima_z_index=\u00a0\u00bb0&Prime; delay=\u00a0\u00bb\u00a0\u00bb delay_duration=\u00a0\u00bb\u00a0\u00bb delay_offset=\u00a0\u00bb\u00a0\u00bb top_and_bottom_padding=\u00a0\u00bb\u00a0\u00bb left_and_right_padding=\u00a0\u00bb\u00a0\u00bb][vc_column min_height=\u00a0\u00bb\u00a0\u00bb bg_type=\u00a0\u00bb\u00a0\u00bb dima_canvas_style=\u00a0\u00bb\u00a0\u00bb translate_x=\u00a0\u00bb0&Prime; dima_z_index=\u00a0\u00bb0&Prime; animation=\u00a0\u00bbfadeInUp\u00a0\u00bb delay=\u00a0\u00bb200&Prime; delay_duration=\u00a0\u00bb\u00a0\u00bb delay_offset=\u00a0\u00bb\u00a0\u00bb top_and_bottom_padding=\u00a0\u00bb\u00a0\u00bb left_and_right_padding=\u00a0\u00bb\u00a0\u00bb width=\u00a0\u00bb1\/2&Prime; id=\u00a0\u00bb\u00a0\u00bb class=\u00a0\u00bb\u00a0\u00bb style=\u00a0\u00bb\u00a0\u00bb]<div  class=\"dima-iconbox no-box text-center features-box\" ><header  class=\"icon-box-header\" ><i style=\"box-shadow: 0 0 0 1px #d6d6d6;color:#dd9933;\" class=\"simple-icon-envelope-open box-circle  icon-box-medium  icon-box-hover\"><span class=\"topaz-hover\"><\/span><\/i><\/header><div  class=\"features-content\" ><h5 class=\"features-title\" >Formulaire de plainte de l'Universit\u00e9 Sebha<\/h5><\/div><\/div>[\/vc_column][vc_column min_height=\u00a0\u00bb\u00a0\u00bb bg_type=\u00a0\u00bb\u00a0\u00bb dima_canvas_style=\u00a0\u00bb\u00a0\u00bb translate_x=\u00a0\u00bb0&Prime; dima_z_index=\u00a0\u00bb0&Prime; animation=\u00a0\u00bbfadeInUp\u00a0\u00bb delay=\u00a0\u00bb400&Prime; delay_duration=\u00a0\u00bb\u00a0\u00bb delay_offset=\u00a0\u00bb\u00a0\u00bb top_and_bottom_padding=\u00a0\u00bb\u00a0\u00bb left_and_right_padding=\u00a0\u00bb\u00a0\u00bb width=\u00a0\u00bb1\/2&Prime; id=\u00a0\u00bb\u00a0\u00bb class=\u00a0\u00bb\u00a0\u00bb style=\u00a0\u00bb\u00a0\u00bb]<a href='https:\/\/sebhau.edu.ly\/proposal-submission-form\/' target=\"_blank\" rel=\"noopener\"><div  class=\"dima-iconbox no-box text-center features-box\" ><header  class=\"icon-box-header\" ><i style=\"box-shadow: 0 0 0 1px #d6d6d6;color:#dd9933;\" class=\"simple-icon-envelope-open box-circle  icon-box-medium  icon-box-hover\"><span class=\"topaz-hover\"><\/span><\/i><\/header><div  class=\"features-content\" ><h5 class=\"features-title\" >Formulaire de soumission de proposition \u00e0 l'Universit\u00e9 Sebha<\/h5><\/div><\/div><\/a>[\/vc_column][\/vc_row][vc_row bg_type=\u00a0\u00bb\u00a0\u00bb dima_canvas_style=\u00a0\u00bb\u00a0\u00bb translate_x=\u00a0\u00bb0&Prime; dima_z_index=\u00a0\u00bb0&Prime; delay=\u00a0\u00bb\u00a0\u00bb delay_duration=\u00a0\u00bb\u00a0\u00bb delay_offset=\u00a0\u00bb\u00a0\u00bb full_width=\u00a0\u00bbfull_width\u00a0\u00bb top_and_bottom_padding=\u00a0\u00bb\u00a0\u00bb left_and_right_padding=\u00a0\u00bb\u00a0\u00bb class=\u00a0\u00bb\u00a0\u00bb style=\u00a0\u00bb\u00a0\u00bb][vc_column min_height=\u00a0\u00bb\u00a0\u00bb bg_type=\u00a0\u00bb\u00a0\u00bb dima_canvas_style=\u00a0\u00bb\u00a0\u00bb translate_x=\u00a0\u00bb0&Prime; dima_z_index=\u00a0\u00bb0&Prime; delay=\u00a0\u00bb\u00a0\u00bb delay_duration=\u00a0\u00bb\u00a0\u00bb delay_offset=\u00a0\u00bb\u00a0\u00bb top_and_bottom_padding=\u00a0\u00bb\u00a0\u00bb left_and_right_padding=\u00a0\u00bb\u00a0\u00bb width=\u00a0\u00bb1\/1&Prime;]<div id=\"dima-gmap-1\" class=\"dima-maps dima-google-map\" data-dima-element=\"google_map\" data-dima-params=\"{&quot;lat&quot;:&quot;27.034701&quot;,&quot;lng&quot;:&quot;14.434590&quot;,&quot;zoom&quot;:&quot;18&quot;,&quot;zoomControl&quot;:true,&quot;hue&quot;:&quot;#ff5733&quot;,&quot;height&quot;:&quot;450px&quot;,&quot;width&quot;:&quot;100%&quot;,&quot;drag&quot;:true}\" ><div id=\"dima-gmap-in-1\" class=\" dima-gmap-in\"><\/div><div class=\"dima-gmap-marker\" data-dima-element=\"google_map_marker\" data-dima-params=\"{&quot;lat&quot;:&quot;27.034701&quot;,&quot;lng&quot;:&quot;14.434590&quot;,&quot;info&quot;:&quot;Contactez-nous Universit\\u00e9 Sebha T\\u00e9l\\u00e9phone&quot;}\"><\/div><\/div>[\/vc_column][\/vc_row][vc_row bg_type=\u00a0\u00bb\u00a0\u00bb dima_canvas_style=\u00a0\u00bb\u00a0\u00bb translate_x=\u00a0\u00bb0&Prime; dima_z_index=\u00a0\u00bb0&Prime; delay=\u00a0\u00bb\u00a0\u00bb delay_duration=\u00a0\u00bb\u00a0\u00bb delay_offset=\u00a0\u00bb\u00a0\u00bb top_and_bottom_padding=\u00a0\u00bb\u00a0\u00bb left_and_right_padding=\u00a0\u00bb\u00a0\u00bb class=\u00a0\u00bb\u00a0\u00bb style=\u00a0\u00bb\u00a0\u00bb][vc_column min_height=\u00a0\u00bb\u00a0\u00bb bg_type=\u00a0\u00bb\u00a0\u00bb dima_canvas_style=\u00a0\u00bb\u00a0\u00bb translate_x=\u00a0\u00bb0&Prime; dima_z_index=\u00a0\u00bb0&Prime; delay=\u00a0\u00bb\u00a0\u00bb delay_duration=\u00a0\u00bb\u00a0\u00bb delay_offset=\u00a0\u00bb\u00a0\u00bb top_and_bottom_padding=\u00a0\u00bb\u00a0\u00bb left_and_right_padding=\u00a0\u00bb\u00a0\u00bb width=\u00a0\u00bb1\/1&Prime;]<div  class=\"social-media text-center social-big\" ><ul class=\"inline clearfix\" ><li    ><a href=\"https:\/\/www.facebook.com\/mcsbun\/\" data-toggle=\"tooltip\" data-trigger=\"hover\" data-placement=\"bottom\"  target=\"target=\"_blank\" rel=\"noopener\"\" title=\"\"><i class=\"fa fa-facebook\"><\/i><\/a><\/li><li    ><a href=\"https:\/\/twitter.com\/U_Sebha\" data-toggle=\"tooltip\" data-trigger=\"hover\" data-placement=\"bottom\"  target=\"target=\"_blank\" rel=\"noopener\"\" title=\"\"><i class=\"fa fa-twitter\"><\/i><\/a><\/li><li    ><a href=\"#\" data-toggle=\"tooltip\" data-trigger=\"hover\" data-placement=\"bottom\"  target=\"\" title=\"\"><i class=\"fa fa-google-plus\"><\/i><\/a><\/li><li    ><a href=\"https:\/\/www.linkedin.com\/in\/sebha-university-15656a145\" data-toggle=\"tooltip\" data-trigger=\"hover\" data-placement=\"bottom\"  target=\"\" title=\"\"><i class=\"fa fa-linkedin\"><\/i><\/a><\/li><li    ><a href=\"https:\/\/www.instagram.com\/university_media\/\" data-toggle=\"tooltip\" data-trigger=\"hover\" data-placement=\"bottom\"  target=\"target=\"_blank\" rel=\"noopener\"\" title=\"\"><i class=\"fa fa-instagram\"><\/i><\/a><\/li><\/ul><\/div>[\/vc_column][\/vc_row]<\/p>\n<\/section>","protected":false},"excerpt":{"rendered":"<p>[vc_row bg_type=\u00a0\u00bb\u00a0\u00bb dima_canvas_style=\u00a0\u00bb\u00a0\u00bb translate_x=\u00a0\u00bb0&Prime; dima_z_index=\u00a0\u00bb0&Prime; delay=\u00a0\u00bb\u00a0\u00bb delay_duration=\u00a0\u00bb\u00a0\u00bb delay_offset=\u00a0\u00bb\u00a0\u00bb top_and_bottom_padding=\u00a0\u00bb\u00a0\u00bb left_and_right_padding=\u00a0\u00bb\u00a0\u00bb][vc_column min_height=\u00a0\u00bb\u00a0\u00bb bg_type=\u00a0\u00bb\u00a0\u00bb dima_canvas_style=\u00a0\u00bb\u00a0\u00bb translate_x=\u00a0\u00bb0&Prime; dima_z_index=\u00a0\u00bb0&Prime; delay=\u00a0\u00bb\u00a0\u00bb delay_duration=\u00a0\u00bb\u00a0\u00bb delay_offset=\u00a0\u00bb\u00a0\u00bb top_and_bottom_padding=\u00a0\u00bb\u00a0\u00bb left_and_right_padding=\u00a0\u00bb\u00a0\u00bb width=\u00a0\u00bb1\/1&Prime;][\/vc_column][\/vc_row][vc_row bg_type=\u00a0\u00bb\u00a0\u00bb dima_canvas_style=\u00a0\u00bb\u00a0\u00bb translate_x=\u00a0\u00bb0&Prime; dima_z_index=\u00a0\u00bb0&Prime; delay=\u00a0\u00bb\u00a0\u00bb delay_duration=\u00a0\u00bb\u00a0\u00bb delay_offset=\u00a0\u00bb\u00a0\u00bb top_and_bottom_padding=\u00a0\u00bb\u00a0\u00bb left_and_right_padding=\u00a0\u00bb\u00a0\u00bb][vc_column min_height=\u00a0\u00bb\u00a0\u00bb bg_type=\u00a0\u00bb\u00a0\u00bb dima_canvas_style=\u00a0\u00bb\u00a0\u00bb translate_x=\u00a0\u00bb0&Prime; dima_z_index=\u00a0\u00bb0&Prime; animation=\u00a0\u00bbfadeInUp\u00a0\u00bb delay=\u00a0\u00bb400&Prime; delay_duration=\u00a0\u00bb\u00a0\u00bb delay_offset=\u00a0\u00bb\u00a0\u00bb top_and_bottom_padding=\u00a0\u00bb\u00a0\u00bb left_and_right_padding=\u00a0\u00bb\u00a0\u00bb width=\u00a0\u00bb1\/3&Prime; id=\u00a0\u00bb\u00a0\u00bb class=\u00a0\u00bb\u00a0\u00bb style=\u00a0\u00bb\u00a0\u00bb][\/vc_column][vc_column min_height=\u00a0\u00bb\u00a0\u00bb bg_type=\u00a0\u00bb\u00a0\u00bb dima_canvas_style=\u00a0\u00bb\u00a0\u00bb translate_x=\u00a0\u00bb0&Prime; dima_z_index=\u00a0\u00bb0&Prime; animation=\u00a0\u00bbfadeInUp\u00a0\u00bb delay=\u00a0\u00bb600&Prime; delay_duration=\u00a0\u00bb\u00a0\u00bb delay_offset=\u00a0\u00bb\u00a0\u00bb top_and_bottom_padding=\u00a0\u00bb\u00a0\u00bb [&hellip;]<\/p>\n","protected":false},"author":1,"featured_media":0,"parent":0,"menu_order":0,"comment_status":"closed","ping_status":"closed","template":"","meta":{"_uf_show_specific_survey":0,"_uf_disable_surveys":false,"footnotes":""},"class_list":["post-26374","page","type-page","status-publish","hentry"],"aioseo_notices":[],"amp_enabled":true,"_links":{"self":[{"href":"https:\/\/sebhau.edu.ly\/fr\/wp-json\/wp\/v2\/pages\/26374","targetHints":{"allow":["GET"]}}],"collection":[{"href":"https:\/\/sebhau.edu.ly\/fr\/wp-json\/wp\/v2\/pages"}],"about":[{"href":"https:\/\/sebhau.edu.ly\/fr\/wp-json\/wp\/v2\/types\/page"}],"author":[{"embeddable":true,"href":"https:\/\/sebhau.edu.ly\/fr\/wp-json\/wp\/v2\/users\/1"}],"replies":[{"embeddable":true,"href":"https:\/\/sebhau.edu.ly\/fr\/wp-json\/wp\/v2\/comments?post=26374"}],"version-history":[{"count":0,"href":"https:\/\/sebhau.edu.ly\/fr\/wp-json\/wp\/v2\/pages\/26374\/revisions"}],"wp:attachment":[{"href":"https:\/\/sebhau.edu.ly\/fr\/wp-json\/wp\/v2\/media?parent=26374"}],"curies":[{"name":"wp","href":"https:\/\/api.w.org\/{rel}","templated":true}]}}