{"id":26375,"date":"2021-08-30T03:38:53","date_gmt":"2021-08-30T00:38:53","guid":{"rendered":"https:\/\/sebhau.edu.ly\/the-southern-region-of-libya\/"},"modified":"2023-12-07T08:27:48","modified_gmt":"2023-12-07T05:27:48","slug":"the-southern-region-of-libya","status":"publish","type":"page","link":"https:\/\/sebhau.edu.ly\/fr\/the-southern-region-of-libya\/","title":{"rendered":"Le Sud libyen"},"content":{"rendered":"<section class=\"wpb-content-wrapper\"><p>[vc_row bg_type=\u00a0\u00bb\u00a0\u00bb dima_canvas_style=\u00a0\u00bb\u00a0\u00bb translate_x=\u00a0\u00bb0&Prime; dima_z_index=\u00a0\u00bb0&Prime; delay=\u00a0\u00bb\u00a0\u00bb delay_duration=\u00a0\u00bb\u00a0\u00bb delay_offset=\u00a0\u00bb\u00a0\u00bb top_and_bottom_padding=\u00a0\u00bb\u00a0\u00bb left_and_right_padding=\u00a0\u00bb\u00a0\u00bb][vc_column min_height=\u00a0\u00bb\u00a0\u00bb bg_type=\u00a0\u00bb\u00a0\u00bb dima_canvas_style=\u00a0\u00bb\u00a0\u00bb translate_x=\u00a0\u00bb0&Prime; dima_z_index=\u00a0\u00bb0&Prime; delay=\u00a0\u00bb\u00a0\u00bb delay_duration=\u00a0\u00bb\u00a0\u00bb delay_offset=\u00a0\u00bb\u00a0\u00bb top_and_bottom_padding=\u00a0\u00bb\u00a0\u00bb left_and_right_padding=\u00a0\u00bb\u00a0\u00bb width=\u00a0\u00bb1\/1&Prime;]<h2  class=\"dima-custom-heading\" >Le Sud libyen:<\/h2>[\/vc_column][\/vc_row][vc_row bg_type=\u00a0\u00bb\u00a0\u00bb dima_canvas_style=\u00a0\u00bb\u00a0\u00bb translate_x=\u00a0\u00bb0&Prime; dima_z_index=\u00a0\u00bb0&Prime; delay=\u00a0\u00bb\u00a0\u00bb delay_duration=\u00a0\u00bb\u00a0\u00bb delay_offset=\u00a0\u00bb\u00a0\u00bb top_and_bottom_padding=\u00a0\u00bb\u00a0\u00bb left_and_right_padding=\u00a0\u00bb\u00a0\u00bb][vc_column min_height=\u00a0\u00bb\u00a0\u00bb bg_type=\u00a0\u00bb\u00a0\u00bb dima_canvas_style=\u00a0\u00bb\u00a0\u00bb translate_x=\u00a0\u00bb0&Prime; dima_z_index=\u00a0\u00bb0&Prime; delay=\u00a0\u00bb\u00a0\u00bb delay_duration=\u00a0\u00bb\u00a0\u00bb delay_offset=\u00a0\u00bb\u00a0\u00bb top_and_bottom_padding=\u00a0\u00bb\u00a0\u00bb left_and_right_padding=\u00a0\u00bb\u00a0\u00bb width=\u00a0\u00bb2\/3&Prime;]<p><strong>\u00a0Fezzan<\/strong> (en latin Phasania) est une r\u00e9gion historique situ\u00e9e dans le sud-ouest de la Libye. Elle est tr\u00e8s ancienne, mentionn\u00e9e par Yaqut al-Hamawi dans son ouvrage g\u00e9ographique dictionnaire des pays. Il dit qu&rsquo;elle s&rsquo;appelle \u00ab\u00a0Fezzan\u00a0\u00bb, en r\u00e9f\u00e9rence \u00e0 Fezzan, fils de Ham, fils de No\u00e9 (paix soit sur lui). La r\u00e9gion est r\u00e9put\u00e9e pour ses nombreux palmiers et dattiers. Le po\u00e8te <strong>Djarir<\/strong> (mort en 110 de l&rsquo;H\u00e9gire) en a parl\u00e9 dans un de ses po\u00e8mes\u00a0:<\/p>\n<p><strong>Une aridit\u00e9 o\u00f9 les destin\u00e9s d&rsquo;autruches se ressembles- une f\u00eate o\u00f9 se sont rencontr\u00e9s Fezzan et les Noubas<\/strong><\/p>\n<p>La majeure partie de la r\u00e9gion est compos\u00e9e de terres d\u00e9sertiques, avec de nombreuses montagnes rocheuses, des plateaux, des collines de sable et des oueds ass\u00e9ch\u00e9s. Elle abrite plusieurs oasis pittoresques r\u00e9parties dans ses vastes d\u00e9serts, ainsi que de magnifiques lacs sahariens entour\u00e9s de hautes dunes de sable, notamment le lac Qabroun, le lac Mandara et le lac Waou-en-Namous.<\/p>\n[\/vc_column][vc_column min_height=\u00a0\u00bb\u00a0\u00bb bg_type=\u00a0\u00bb\u00a0\u00bb dima_canvas_style=\u00a0\u00bb\u00a0\u00bb translate_x=\u00a0\u00bb0&Prime; dima_z_index=\u00a0\u00bb0&Prime; delay=\u00a0\u00bb\u00a0\u00bb delay_duration=\u00a0\u00bb\u00a0\u00bb delay_offset=\u00a0\u00bb\u00a0\u00bb top_and_bottom_padding=\u00a0\u00bb\u00a0\u00bb left_and_right_padding=\u00a0\u00bb\u00a0\u00bb width=\u00a0\u00bb1\/3&Prime;]<div class=\"column-item overflow-hidden text-center columns-1 rounded\"><a data-lightbox=image  class=\"overlay dima-img  rounded\"  href=\"https:\/\/sebhau.edu.ly\/wp-content\/uploads\/2023\/06\/Sebha.jpg\"   ><img loading=\"lazy\" decoding=\"async\" src=\"https:\/\/sebhau.edu.ly\/wp-content\/uploads\/2023\/06\/Sebha.jpg\" alt=\"\" width=\"800\" height=\"533\"><\/a><\/div>[\/vc_column][\/vc_row][vc_row full_w_bg=\u00a0\u00bbtrue\u00a0\u00bb bg_type=\u00a0\u00bb\u00a0\u00bb dima_canvas_style=\u00a0\u00bb\u00a0\u00bb cover=\u00a0\u00bbtrue\u00a0\u00bb cover_pos=\u00a0\u00bbback\u00a0\u00bb cover_color=\u00a0\u00bb#dddddd\u00a0\u00bb translate_x=\u00a0\u00bb0&Prime; dima_z_index=\u00a0\u00bb0&Prime; delay=\u00a0\u00bb\u00a0\u00bb delay_duration=\u00a0\u00bb\u00a0\u00bb delay_offset=\u00a0\u00bb\u00a0\u00bb top_and_bottom_padding=\u00a0\u00bb\u00a0\u00bb left_and_right_padding=\u00a0\u00bb\u00a0\u00bb id=\u00a0\u00bb\u00a0\u00bb class=\u00a0\u00bb\u00a0\u00bb style=\u00a0\u00bb\u00a0\u00bb bg_color=\u00a0\u00bb#dddddd\u00a0\u00bb css=\u00a0\u00bb.vc_custom_1686974840311{background-color: #dddddd !important;}\u00a0\u00bb border_color=\u00a0\u00bb\u00a0\u00bb][vc_column min_height=\u00a0\u00bb\u00a0\u00bb bg_type=\u00a0\u00bb\u00a0\u00bb dima_canvas_style=\u00a0\u00bb\u00a0\u00bb translate_x=\u00a0\u00bb0&Prime; dima_z_index=\u00a0\u00bb0&Prime; delay=\u00a0\u00bb\u00a0\u00bb delay_duration=\u00a0\u00bb\u00a0\u00bb delay_offset=\u00a0\u00bb\u00a0\u00bb top_and_bottom_padding=\u00a0\u00bb\u00a0\u00bb left_and_right_padding=\u00a0\u00bb\u00a0\u00bb width=\u00a0\u00bb1\/4&Prime;]<div class=\"column-item overflow-hidden text-center\"><img loading=\"lazy\" decoding=\"async\" width=\"367\" height=\"206\"  class=\"dima-img \" src=\"https:\/\/sebhau.edu.ly\/wp-content\/uploads\/2023\/06\/Sabha_Castle.jpg\"   alt=\"\"><\/div>[\/vc_column][vc_column min_height=\u00a0\u00bb\u00a0\u00bb bg_type=\u00a0\u00bb\u00a0\u00bb dima_canvas_style=\u00a0\u00bb\u00a0\u00bb translate_x=\u00a0\u00bb0&Prime; dima_z_index=\u00a0\u00bb0&Prime; delay=\u00a0\u00bb\u00a0\u00bb delay_duration=\u00a0\u00bb\u00a0\u00bb delay_offset=\u00a0\u00bb\u00a0\u00bb top_and_bottom_padding=\u00a0\u00bb\u00a0\u00bb left_and_right_padding=\u00a0\u00bb\u00a0\u00bb width=\u00a0\u00bb3\/4&Prime;]<h2><strong>La ville de Sebha:<\/strong><\/h2>\n<p>Elle est la capitale de Fezzan et abrite de nombreux sites arch\u00e9ologiques, dont la forteresse historique de <a href=\"https:\/\/en.wikipedia.org\/wiki\/Sabha,_Libya\">Sebha<\/a> et certaines des anciennes villes telles que la vieille ville de Jadid, la vieille ville de Hajarah et la vieille ville de Al-Qurda. Ces anciennes villes sont des exemples de beaut\u00e9 urbaine o\u00f9 le pr\u00e9sent se m\u00eale \u00e0 l&rsquo;histoire \u00e0 travers leurs anciennes ruelles, places et cours. Elles sont donc une destination touristique et un t\u00e9moignage historique des \u00e9poques pass\u00e9es.<\/p>\n[\/vc_column][\/vc_row][vc_row bg_type=\u00a0\u00bb\u00a0\u00bb dima_canvas_style=\u00a0\u00bb\u00a0\u00bb translate_x=\u00a0\u00bb0&Prime; dima_z_index=\u00a0\u00bb0&Prime; delay=\u00a0\u00bb\u00a0\u00bb delay_duration=\u00a0\u00bb\u00a0\u00bb delay_offset=\u00a0\u00bb\u00a0\u00bb top_and_bottom_padding=\u00a0\u00bb\u00a0\u00bb left_and_right_padding=\u00a0\u00bb\u00a0\u00bb][vc_column min_height=\u00a0\u00bb\u00a0\u00bb bg_type=\u00a0\u00bb\u00a0\u00bb dima_canvas_style=\u00a0\u00bb\u00a0\u00bb translate_x=\u00a0\u00bb0&Prime; dima_z_index=\u00a0\u00bb0&Prime; delay=\u00a0\u00bb\u00a0\u00bb delay_duration=\u00a0\u00bb\u00a0\u00bb delay_offset=\u00a0\u00bb\u00a0\u00bb top_and_bottom_padding=\u00a0\u00bb\u00a0\u00bb left_and_right_padding=\u00a0\u00bb\u00a0\u00bb width=\u00a0\u00bb2\/3&Prime;]<h3  class=\"dima-custom-heading\" ><\/p>\n<h2>Tourisme dans le sud de la Libye (Fezzan) :<\/h2>\n<p>Le Fezzan est l&rsquo;une des zones touristiques les plus importantes de <a href=\"https:\/\/ar.wikipedia.org\/wiki\/%D9%84%D9%8A%D8%A8%D9%8A%D8%A7\">Libye<\/a> et se caract\u00e9rise par un tourisme arch\u00e9ologique et d\u00e9sertique, qui porte les secrets de l&rsquo;histoire du Fezzan et attire l&rsquo;attention des touristes, des amateurs d&rsquo;inscriptions et des arts populaires comme l&rsquo;art authentique de Al-Marskawi.<\/p>\n<p>La ville de Ghat est l&rsquo;une des villes du d\u00e9sert libyen et est consid\u00e9r\u00e9e comme un centre des civilisations du d\u00e9sert libyen. Elle poss\u00e8de une mosqu\u00e9e vieille de plus de 900 ans et est une destination touristique chaque ann\u00e9e. En raison de leur fascination pour ses monuments et de leur admiration pour son festival touristique du patrimoine culturel, qui a lieu \u00e0 la fin de chaque ann\u00e9e.<\/p>\n<p>Les montagnes Akakus ou Akakus Tedrart sont des <a href=\"https:\/\/ar.wikipedia.org\/wiki\/%D8%AC%D8%A8%D9%84\">montagnes<\/a> <a href=\"https:\/\/ar.wikipedia.org\/wiki\/%D8%B5%D8%AE%D8%B1\">rocheuses<\/a> situ\u00e9es au sud-ouest de la <a href=\"https:\/\/ar.wikipedia.org\/wiki\/%D9%84%D9%8A%D8%A8%D9%8A%D8%A7\">Libye<\/a> et dans <a href=\"https:\/\/ar.wikipedia.org\/wiki\/%D8%A7%D9%84%D8%B5%D8%AD%D8%B1%D8%A7%D8%A1_%D8%A7%D9%84%D9%83%D8%A8%D8%B1%D9%89\">le d\u00e9sert du Sahara<\/a>, et la ville la plus proche est l&rsquo;ancienne ville de <a href=\"https:\/\/ar.wikipedia.org\/wiki\/%D8%BA%D8%A7%D8%AA\">Ghat<\/a>.<\/p>\n<p>L&rsquo;UNESCO a inscrit les monts Akakus sur la Liste du patrimoine mondial en 1985 ; Car cette r\u00e9gion regorge de nombreux paysages naturels pittoresques, dont les plus c\u00e9l\u00e8bres sont les dunes color\u00e9es, les arches rocheuses, les peintures dessin\u00e9es sur les rochers et les sculptures retra\u00e7ant l&rsquo;histoire des civilisations de la r\u00e9gion. Qui remontent \u00e0 la pr\u00e9histoire, estim\u00e9e par les arch\u00e9ologues \u00e0 des milliers d&rsquo;ann\u00e9es avant JC, et comprennent des sculptures d&rsquo;animaux, tels que des girafes et des \u00e9l\u00e9phants, ainsi que des peintures refl\u00e9tant la vie humaine ancienne dans les montagnes d&rsquo;Akakus.<\/p>\n<h2>Rallye du Fezzan :<\/h2>\n<p>Le Rallye Fezzan pour voitures et motos du d\u00e9sert a lieu chaque ann\u00e9e dans la ville de Sebha, avec la participation de l&rsquo;int\u00e9rieur et de l&rsquo;ext\u00e9rieur du pays. La distance d\u00e9passe 250 kilom\u00e8tres, du point de d\u00e9part sur la Place de l&rsquo;Ind\u00e9pendance au centre de la ville de Sebha, en passant par la r\u00e9gion des lacs du d\u00e9sert libyen, et la course se termine dans la ville de Toywa, pr\u00e8s de la ville d&rsquo;Ubari.<\/h3>[\/vc_column][vc_column min_height=\u00a0\u00bb\u00a0\u00bb bg_type=\u00a0\u00bb\u00a0\u00bb dima_canvas_style=\u00a0\u00bb\u00a0\u00bb translate_x=\u00a0\u00bb0&Prime; dima_z_index=\u00a0\u00bb0&Prime; delay=\u00a0\u00bb\u00a0\u00bb delay_duration=\u00a0\u00bb\u00a0\u00bb delay_offset=\u00a0\u00bb\u00a0\u00bb top_and_bottom_padding=\u00a0\u00bb\u00a0\u00bb left_and_right_padding=\u00a0\u00bb\u00a0\u00bb width=\u00a0\u00bb1\/3&Prime;]<div class=\"column-item overflow-hidden text-center\"><img loading=\"lazy\" decoding=\"async\" width=\"1440\" height=\"979\"  class=\"dima-img \" src=\"https:\/\/sebhau.edu.ly\/wp-content\/uploads\/2023\/06\/72646677_3081754648564413_6163871376542269440_o.jpg\"   alt=\"\"><\/div><div class=\"column-item overflow-hidden text-center\"><img loading=\"lazy\" decoding=\"async\" width=\"512\" height=\"347\"  class=\"dima-img \" src=\"https:\/\/sebhau.edu.ly\/wp-content\/uploads\/2023\/06\/unnamed-2.jpg\"   alt=\"\"><\/div><div class=\"column-item overflow-hidden text-center\"><img loading=\"lazy\" decoding=\"async\" width=\"810\" height=\"608\"  class=\"dima-img \" src=\"https:\/\/sebhau.edu.ly\/wp-content\/uploads\/2023\/06\/86732856_2987270181293541_3268913967061270528_n-810x608-1.jpg\"   alt=\"\"><\/div>[\/vc_column][\/vc_row][vc_row bg_type=\u00a0\u00bb\u00a0\u00bb dima_canvas_style=\u00a0\u00bb\u00a0\u00bb translate_x=\u00a0\u00bb0&Prime; dima_z_index=\u00a0\u00bb0&Prime; delay=\u00a0\u00bb\u00a0\u00bb delay_duration=\u00a0\u00bb\u00a0\u00bb delay_offset=\u00a0\u00bb\u00a0\u00bb top_and_bottom_padding=\u00a0\u00bb\u00a0\u00bb left_and_right_padding=\u00a0\u00bb\u00a0\u00bb][vc_column min_height=\u00a0\u00bb\u00a0\u00bb bg_type=\u00a0\u00bb\u00a0\u00bb dima_canvas_style=\u00a0\u00bb\u00a0\u00bb translate_x=\u00a0\u00bb0&Prime; dima_z_index=\u00a0\u00bb0&Prime; delay=\u00a0\u00bb\u00a0\u00bb delay_duration=\u00a0\u00bb\u00a0\u00bb delay_offset=\u00a0\u00bb\u00a0\u00bb top_and_bottom_padding=\u00a0\u00bb\u00a0\u00bb left_and_right_padding=\u00a0\u00bb\u00a0\u00bb width=\u00a0\u00bb2\/3&Prime;][\/vc_column][vc_column min_height=\u00a0\u00bb\u00a0\u00bb bg_type=\u00a0\u00bb\u00a0\u00bb dima_canvas_style=\u00a0\u00bb\u00a0\u00bb translate_x=\u00a0\u00bb0&Prime; dima_z_index=\u00a0\u00bb0&Prime; delay=\u00a0\u00bb\u00a0\u00bb delay_duration=\u00a0\u00bb\u00a0\u00bb delay_offset=\u00a0\u00bb\u00a0\u00bb top_and_bottom_padding=\u00a0\u00bb\u00a0\u00bb left_and_right_padding=\u00a0\u00bb\u00a0\u00bb width=\u00a0\u00bb1\/3&Prime;][\/vc_column][\/vc_row]<\/p>\n<\/section>","protected":false},"excerpt":{"rendered":"<p>[vc_row bg_type=\u00a0\u00bb\u00a0\u00bb dima_canvas_style=\u00a0\u00bb\u00a0\u00bb translate_x=\u00a0\u00bb0&Prime; dima_z_index=\u00a0\u00bb0&Prime; delay=\u00a0\u00bb\u00a0\u00bb delay_duration=\u00a0\u00bb\u00a0\u00bb delay_offset=\u00a0\u00bb\u00a0\u00bb top_and_bottom_padding=\u00a0\u00bb\u00a0\u00bb left_and_right_padding=\u00a0\u00bb\u00a0\u00bb][vc_column min_height=\u00a0\u00bb\u00a0\u00bb bg_type=\u00a0\u00bb\u00a0\u00bb dima_canvas_style=\u00a0\u00bb\u00a0\u00bb translate_x=\u00a0\u00bb0&Prime; dima_z_index=\u00a0\u00bb0&Prime; delay=\u00a0\u00bb\u00a0\u00bb delay_duration=\u00a0\u00bb\u00a0\u00bb delay_offset=\u00a0\u00bb\u00a0\u00bb top_and_bottom_padding=\u00a0\u00bb\u00a0\u00bb left_and_right_padding=\u00a0\u00bb\u00a0\u00bb width=\u00a0\u00bb1\/1&Prime;][\/vc_column][\/vc_row][vc_row bg_type=\u00a0\u00bb\u00a0\u00bb dima_canvas_style=\u00a0\u00bb\u00a0\u00bb translate_x=\u00a0\u00bb0&Prime; dima_z_index=\u00a0\u00bb0&Prime; delay=\u00a0\u00bb\u00a0\u00bb delay_duration=\u00a0\u00bb\u00a0\u00bb delay_offset=\u00a0\u00bb\u00a0\u00bb top_and_bottom_padding=\u00a0\u00bb\u00a0\u00bb left_and_right_padding=\u00a0\u00bb\u00a0\u00bb][vc_column min_height=\u00a0\u00bb\u00a0\u00bb bg_type=\u00a0\u00bb\u00a0\u00bb dima_canvas_style=\u00a0\u00bb\u00a0\u00bb translate_x=\u00a0\u00bb0&Prime; dima_z_index=\u00a0\u00bb0&Prime; delay=\u00a0\u00bb\u00a0\u00bb delay_duration=\u00a0\u00bb\u00a0\u00bb delay_offset=\u00a0\u00bb\u00a0\u00bb top_and_bottom_padding=\u00a0\u00bb\u00a0\u00bb left_and_right_padding=\u00a0\u00bb\u00a0\u00bb width=\u00a0\u00bb2\/3&Prime;][\/vc_column][vc_column min_height=\u00a0\u00bb\u00a0\u00bb bg_type=\u00a0\u00bb\u00a0\u00bb dima_canvas_style=\u00a0\u00bb\u00a0\u00bb translate_x=\u00a0\u00bb0&Prime; dima_z_index=\u00a0\u00bb0&Prime; delay=\u00a0\u00bb\u00a0\u00bb delay_duration=\u00a0\u00bb\u00a0\u00bb delay_offset=\u00a0\u00bb\u00a0\u00bb top_and_bottom_padding=\u00a0\u00bb\u00a0\u00bb left_and_right_padding=\u00a0\u00bb\u00a0\u00bb width=\u00a0\u00bb1\/3&Prime;][\/vc_column][\/vc_row][vc_row full_w_bg=\u00a0\u00bbtrue\u00a0\u00bb bg_type=\u00a0\u00bb\u00a0\u00bb dima_canvas_style=\u00a0\u00bb\u00a0\u00bb [&hellip;]<\/p>\n","protected":false},"author":1,"featured_media":0,"parent":0,"menu_order":0,"comment_status":"closed","ping_status":"closed","template":"","meta":{"_uf_show_specific_survey":0,"_uf_disable_surveys":false,"footnotes":""},"class_list":["post-26375","page","type-page","status-publish","hentry"],"aioseo_notices":[],"amp_enabled":true,"_links":{"self":[{"href":"https:\/\/sebhau.edu.ly\/fr\/wp-json\/wp\/v2\/pages\/26375","targetHints":{"allow":["GET"]}}],"collection":[{"href":"https:\/\/sebhau.edu.ly\/fr\/wp-json\/wp\/v2\/pages"}],"about":[{"href":"https:\/\/sebhau.edu.ly\/fr\/wp-json\/wp\/v2\/types\/page"}],"author":[{"embeddable":true,"href":"https:\/\/sebhau.edu.ly\/fr\/wp-json\/wp\/v2\/users\/1"}],"replies":[{"embeddable":true,"href":"https:\/\/sebhau.edu.ly\/fr\/wp-json\/wp\/v2\/comments?post=26375"}],"version-history":[{"count":0,"href":"https:\/\/sebhau.edu.ly\/fr\/wp-json\/wp\/v2\/pages\/26375\/revisions"}],"wp:attachment":[{"href":"https:\/\/sebhau.edu.ly\/fr\/wp-json\/wp\/v2\/media?parent=26375"}],"curies":[{"name":"wp","href":"https:\/\/api.w.org\/{rel}","templated":true}]}}