{"id":26377,"date":"2021-08-30T03:01:09","date_gmt":"2021-08-30T00:01:09","guid":{"rendered":"https:\/\/sebhau.edu.ly\/president\/"},"modified":"2024-10-03T10:13:14","modified_gmt":"2024-10-03T07:13:14","slug":"president","status":"publish","type":"page","link":"https:\/\/sebhau.edu.ly\/fr\/president\/","title":{"rendered":"Recteur de l\u2019universit\u00e9"},"content":{"rendered":"<section class=\"wpb-content-wrapper\"><p>[vc_row bg_type=\u00a0\u00bb\u00a0\u00bb dima_canvas_style=\u00a0\u00bb\u00a0\u00bb translate_x=\u00a0\u00bb0&Prime; dima_z_index=\u00a0\u00bb0&Prime; delay=\u00a0\u00bb\u00a0\u00bb delay_duration=\u00a0\u00bb\u00a0\u00bb delay_offset=\u00a0\u00bb\u00a0\u00bb top_and_bottom_padding=\u00a0\u00bb\u00a0\u00bb left_and_right_padding=\u00a0\u00bb\u00a0\u00bb][vc_column min_height=\u00a0\u00bb\u00a0\u00bb bg_type=\u00a0\u00bb\u00a0\u00bb dima_canvas_style=\u00a0\u00bb\u00a0\u00bb translate_x=\u00a0\u00bb0&Prime; dima_z_index=\u00a0\u00bb0&Prime; delay=\u00a0\u00bb\u00a0\u00bb delay_duration=\u00a0\u00bb\u00a0\u00bb delay_offset=\u00a0\u00bb\u00a0\u00bb top_and_bottom_padding=\u00a0\u00bb0px\u00a0\u00bb left_and_right_padding=\u00a0\u00bb\u00a0\u00bb width=\u00a0\u00bb2\/3&Prime; id=\u00a0\u00bb\u00a0\u00bb class=\u00a0\u00bb\u00a0\u00bb style=\u00a0\u00bb\u00a0\u00bb]<h2  class=\"dima-custom-heading\" ><strong>Le Mot du Pr\u00e9sident de l\u2019Universit\u00e9 :<\/strong><\/h2><p>Louange \u00e0 Allah qui a enseign\u00e9 par le calame, a enseign\u00e9 \u00e0 l&rsquo;homme ce qu&rsquo;il ne savait pas. Que la paix et les b\u00e9n\u00e9dictions soient sur notre Seigneur Muhammad ibn Abdullah, ainsi que sur sa famille, ses compagnons et ceux qui le suivent.<\/p>\n<p>Je souhaite la bienvenue aux visiteurs du site de l&rsquo;Universit\u00e9 de Sebha, qui souhaitent d\u00e9couvrir l&rsquo;h\u00e9ritage scientifique et culturel de notre universit\u00e9, ainsi que les ressources humaines et les installations mat\u00e9rielles mises au service de la science et des chercheurs. Alors que l&rsquo;Universit\u00e9 de Sabha entre dans sa quatri\u00e8me d\u00e9cennie, elle a r\u00e9alis\u00e9 des r\u00e9alisations scientifiques, technologiques et consultatives qui la placent au niveau des universit\u00e9s et des centres de recherche sp\u00e9cialis\u00e9s.<\/p>\n<p>Consciemment de notre responsabilit\u00e9 envers les membres de la soci\u00e9t\u00e9 et de leurs droits en mati\u00e8re de connaissances, qui exigent l&rsquo;ouverture de nouveaux horizons du savoir et la pr\u00e9sentation de nouveaut\u00e9s et de d\u00e9veloppements dans les domaines des sciences, il \u00e9tait imp\u00e9ratif pour nous de d\u00e9finir une strat\u00e9gie pour construire un \u00e9difice scientifique \u00e0 travers lequel les \u00e9tudiants et les chercheurs puissent puiser dans les sources du savoir et de la connaissance, leur permettant de saisir les causes du renouveau et du progr\u00e8s afin de r\u00e9aliser leurs aspirations \u00e0 tracer les contours d&rsquo;un avenir radieux r\u00e9pondant \u00e0 leurs attentes en termes de communication et d&rsquo;ouverture pour suivre les m\u00e9thodes et les outils d&rsquo;apprentissage avanc\u00e9s cr\u00e9\u00e9s par les normes internationales de la technologie moderne et de ses divers outils.<\/p>\n<p>\u00c0 travers cet espace virtuel, nous esp\u00e9rons que les \u00e9tudiants et les chercheurs en qu\u00eate de connaissances pourront naviguer sur le site de l&rsquo;universit\u00e9 et y acc\u00e9der librement, y trouvant ainsi de quoi satisfaire leur passion. Nous esp\u00e9rons que les visiteurs de notre site contribueront au d\u00e9veloppement et \u00e0 l&rsquo;am\u00e9lioration de notre institution en offrant des conseils, des suggestions et une critique constructive sur laquelle nous comptons beaucoup pour atteindre le rang des universit\u00e9s de premier plan dans le monde. Nous demandons \u00e0 Allah, le Tr\u00e8s-Haut, de nous accorder la r\u00e9ussite et la guidance.<\/p>\n<h3 style=\"text-align: center;\">Masoud Al-Raqiq<\/h3>\n[\/vc_column][vc_column min_height=\u00a0\u00bb\u00a0\u00bb content_position=\u00a0\u00bbcenter\u00a0\u00bb bg_type=\u00a0\u00bb\u00a0\u00bb dima_canvas_style=\u00a0\u00bb\u00a0\u00bb translate_x=\u00a0\u00bb0&Prime; dima_z_index=\u00a0\u00bb0&Prime; delay=\u00a0\u00bb\u00a0\u00bb delay_duration=\u00a0\u00bb\u00a0\u00bb delay_offset=\u00a0\u00bb\u00a0\u00bb top_and_bottom_padding=\u00a0\u00bb\u00a0\u00bb left_and_right_padding=\u00a0\u00bb\u00a0\u00bb width=\u00a0\u00bb1\/3&Prime; id=\u00a0\u00bb\u00a0\u00bb class=\u00a0\u00bb\u00a0\u00bb style=\u00a0\u00bb\u00a0\u00bb]<div  class=\"dima-clear\" style=\"padding-bottom:30px\"><\/div><div class=\"column-item overflow-hidden text-center columns-1 rounded\"><div class=\"gray-opacity\"><a data-lightbox=image  class=\"dima-img  text-center\"  href=\"https:\/\/sebhau.edu.ly\/wp-content\/uploads\/2024\/03\/photo_2024-03-13_07-00-15.jpg\"   ><img loading=\"lazy\" decoding=\"async\" src=\"https:\/\/sebhau.edu.ly\/wp-content\/uploads\/2024\/03\/photo_2024-03-13_07-00-15.jpg\" alt=\"\u0631\u0626\u064a\u0633 \u062c\u0627\u0645\u0639\u0629 \u0633\u0628\u0647\u0627 \u0644\u064a\u0628\u064a\u0627 \u0645\u062f\u064a\u0631 \u0627\u062f\u0627\u0631\u0629 \u0645\u0624\u0633\u0633\u0629 \u0648\u0632\u0631\u0627\u0629 \u0627\u0644\u062a\u0639\u0644\u064a\u0645 \u0648\u0627\u0644\u0628\u062d\u062b \u0627\u0644\u0639\u0644\u0645\u064a\" width=\"1706\" height=\"2560\"><\/a><\/div><\/div>[vc_row_inner bg_type=\u00a0\u00bb\u00a0\u00bb dima_canvas_style=\u00a0\u00bb\u00a0\u00bb translate_x=\u00a0\u00bb0&Prime; dima_z_index=\u00a0\u00bb0&Prime; top_and_bottom_padding=\u00a0\u00bb\u00a0\u00bb left_and_right_padding=\u00a0\u00bb\u00a0\u00bb][vc_column_inner delay=\u00a0\u00bb\u00a0\u00bb delay_duration=\u00a0\u00bb\u00a0\u00bb delay_offset=\u00a0\u00bb\u00a0\u00bb translate_x=\u00a0\u00bb0&Prime; dima_z_index=\u00a0\u00bb0&Prime; width=\u00a0\u00bb1\/2&Prime;]<div  class=\"dima-iconbox no-box text-center features-box\" ><header  class=\"icon-box-header\" ><span style=\"color:#c4912c;\" class=\"svg_icon  box-circle icon-box-medium  icon-box-hover\" ><i class=\"fas fa-address-card\"><\/i><span class=\"topaz-hover\"><\/span><\/span><\/header><div  class=\"features-content\" ><h5 class=\"features-title\" ><\/h5>\n<p id=\"tw-target-text\" class=\"tw-data-text tw-text-large tw-ta\" dir=\"ltr\" data-placeholder=\"Translation\" data-ved=\"2ahUKEwjJ6rbd47mCAxXuTqQEHbcTCjoQ3ewLegQIBRAQ\"><span class=\"Y2IQFc\" lang=\"fr\">CV<\/span><\/p>\n<\/div><\/div>[\/vc_column_inner][vc_column_inner delay=\u00a0\u00bb\u00a0\u00bb delay_duration=\u00a0\u00bb\u00a0\u00bb delay_offset=\u00a0\u00bb\u00a0\u00bb translate_x=\u00a0\u00bb0&Prime; dima_z_index=\u00a0\u00bb0&Prime; width=\u00a0\u00bb1\/2&Prime;]<a href='https:\/\/sebhau.edu.ly\/elec\/theme\/upload\/clues\/350.pdf' target=\"_blank\" rel=\"noopener\"><div  class=\"dima-iconbox no-box text-center features-box\" ><header  class=\"icon-box-header\" ><span style=\"color:#c4912c;\" class=\"svg_icon  box-circle icon-box-medium  icon-box-hover\" ><i class=\"fas fa-paper-plane\"><\/i><span class=\"topaz-hover\"><\/span><\/span><\/header><div  class=\"features-content\" ><h5 class=\"features-title\" ><\/h5>\n<p id=\"tw-target-text\" class=\"tw-data-text tw-text-large tw-ta\" dir=\"ltr\" data-placeholder=\"Translation\" data-ved=\"2ahUKEwjJ6rbd47mCAxXuTqQEHbcTCjoQ3ewLegQIBRAQ\"><span class=\"Y2IQFc\" lang=\"fr\">Plan strat\u00e9gique<\/span><\/p>\n<\/div><\/div><\/a>[\/vc_column_inner][\/vc_row_inner][\/vc_column][\/vc_row][vc_row bg_type=\u00a0\u00bb\u00a0\u00bb dima_canvas_style=\u00a0\u00bb\u00a0\u00bb translate_x=\u00a0\u00bb0&Prime; dima_z_index=\u00a0\u00bb0&Prime; delay=\u00a0\u00bb\u00a0\u00bb delay_duration=\u00a0\u00bb\u00a0\u00bb delay_offset=\u00a0\u00bb\u00a0\u00bb top_and_bottom_padding=\u00a0\u00bb\u00a0\u00bb left_and_right_padding=\u00a0\u00bb\u00a0\u00bb][vc_column min_height=\u00a0\u00bb\u00a0\u00bb bg_type=\u00a0\u00bb\u00a0\u00bb dima_canvas_style=\u00a0\u00bb\u00a0\u00bb translate_x=\u00a0\u00bb0&Prime; dima_z_index=\u00a0\u00bb0&Prime; delay=\u00a0\u00bb\u00a0\u00bb delay_duration=\u00a0\u00bb\u00a0\u00bb delay_offset=\u00a0\u00bb\u00a0\u00bb top_and_bottom_padding=\u00a0\u00bb\u00a0\u00bb left_and_right_padding=\u00a0\u00bb\u00a0\u00bb width=\u00a0\u00bb1\/2&Prime;]<h2>Plusieurs personnalit\u00e9s \u00e9minentes ont occup\u00e9 la pr\u00e9sidence de l&rsquo;universit\u00e9, dont voici la liste<\/h2>\n<ul  class=\"list-style stars\" ><li   >Dr. Mohamed Al-Madani Al-Hadhiri (1983 &#8211; 1985)<\/li><li   >Dr. Mohamed Al-Mahdi Al-Shafi&rsquo;i (1985 &#8211; 1987)<\/li><li   >Dr. Mohamed Mohamed Al-Sha&rsquo;ir (1987 &#8211; 1988)<\/li><li   >Dr. Ali Mohamed Saleh (1988 &#8211; 1989)<\/li><li   >Dr. Al-Sanusi Salem Al-Sanusi (1989 &#8211; 1991)<\/li><li   >Dr. Abdulsalam Mohamed Al-Matnani (1991 &#8211; 1992)<\/li><li   >Dr. Abu Bakr Abdullah Othman (1992 &#8211; 1993)<\/li><li   >Dr. Mohamed Ali Zeidan (1993 &#8211; 1995)<\/li><li   >Dr. Abdulsalam Mohamed Al-Matnani (1995 &#8211; 1997)<\/li><li   >Dr. Abdul Kabir Mohamed Al-Fakhir (1997 &#8211; 2005)<\/li><li   >Dr. Mohamed Miftah Mohamed (2005 &#8211; 2010)<\/li><li   >Dr. Ali Imhamed Brehana (2010 &#8211; 2011)<\/li><li   >Dr. Mohamed Abdul Karim Al-Kilani (2011 &#8211; 2016)<\/li><li   >Dr. Masoud Al-Raqiq (2016 \u2013 present)<\/li><\/ul>[\/vc_column][vc_column min_height=\u00a0\u00bb\u00a0\u00bb bg_type=\u00a0\u00bb\u00a0\u00bb dima_canvas_style=\u00a0\u00bb\u00a0\u00bb translate_x=\u00a0\u00bb0&Prime; dima_z_index=\u00a0\u00bb0&Prime; delay=\u00a0\u00bb\u00a0\u00bb delay_duration=\u00a0\u00bb\u00a0\u00bb delay_offset=\u00a0\u00bb\u00a0\u00bb top_and_bottom_padding=\u00a0\u00bb\u00a0\u00bb left_and_right_padding=\u00a0\u00bb\u00a0\u00bb width=\u00a0\u00bb1\/2&Prime;]<h2>Pour plus d&rsquo;informations, veuillez contacter l&rsquo;administration\u00a0:<\/h2>\n<p>Num\u00e9ro de t\u00e9l\u00e9phone : 0712626012<\/p>\n<p>Fax : 0712632963<\/p>\n<p>(Ou contactez-nous par e-mail : adresse e-mai)<\/p>\n[\/vc_column][\/vc_row]<\/p>\n<\/section>","protected":false},"excerpt":{"rendered":"<p>[vc_row bg_type=\u00a0\u00bb\u00a0\u00bb dima_canvas_style=\u00a0\u00bb\u00a0\u00bb translate_x=\u00a0\u00bb0&Prime; dima_z_index=\u00a0\u00bb0&Prime; delay=\u00a0\u00bb\u00a0\u00bb delay_duration=\u00a0\u00bb\u00a0\u00bb delay_offset=\u00a0\u00bb\u00a0\u00bb top_and_bottom_padding=\u00a0\u00bb\u00a0\u00bb left_and_right_padding=\u00a0\u00bb\u00a0\u00bb][vc_column min_height=\u00a0\u00bb\u00a0\u00bb bg_type=\u00a0\u00bb\u00a0\u00bb dima_canvas_style=\u00a0\u00bb\u00a0\u00bb translate_x=\u00a0\u00bb0&Prime; dima_z_index=\u00a0\u00bb0&Prime; delay=\u00a0\u00bb\u00a0\u00bb delay_duration=\u00a0\u00bb\u00a0\u00bb delay_offset=\u00a0\u00bb\u00a0\u00bb top_and_bottom_padding=\u00a0\u00bb0px\u00a0\u00bb left_and_right_padding=\u00a0\u00bb\u00a0\u00bb width=\u00a0\u00bb2\/3&Prime; id=\u00a0\u00bb\u00a0\u00bb class=\u00a0\u00bb\u00a0\u00bb style=\u00a0\u00bb\u00a0\u00bb][\/vc_column][vc_column min_height=\u00a0\u00bb\u00a0\u00bb content_position=\u00a0\u00bbcenter\u00a0\u00bb bg_type=\u00a0\u00bb\u00a0\u00bb dima_canvas_style=\u00a0\u00bb\u00a0\u00bb translate_x=\u00a0\u00bb0&Prime; dima_z_index=\u00a0\u00bb0&Prime; delay=\u00a0\u00bb\u00a0\u00bb delay_duration=\u00a0\u00bb\u00a0\u00bb delay_offset=\u00a0\u00bb\u00a0\u00bb top_and_bottom_padding=\u00a0\u00bb\u00a0\u00bb left_and_right_padding=\u00a0\u00bb\u00a0\u00bb width=\u00a0\u00bb1\/3&Prime; id=\u00a0\u00bb\u00a0\u00bb class=\u00a0\u00bb\u00a0\u00bb style=\u00a0\u00bb\u00a0\u00bb][vc_row_inner bg_type=\u00a0\u00bb\u00a0\u00bb dima_canvas_style=\u00a0\u00bb\u00a0\u00bb translate_x=\u00a0\u00bb0&Prime; dima_z_index=\u00a0\u00bb0&Prime; top_and_bottom_padding=\u00a0\u00bb\u00a0\u00bb left_and_right_padding=\u00a0\u00bb\u00a0\u00bb][vc_column_inner delay=\u00a0\u00bb\u00a0\u00bb delay_duration=\u00a0\u00bb\u00a0\u00bb delay_offset=\u00a0\u00bb\u00a0\u00bb translate_x=\u00a0\u00bb0&Prime; dima_z_index=\u00a0\u00bb0&Prime; width=\u00a0\u00bb1\/2&Prime;][\/vc_column_inner][vc_column_inner delay=\u00a0\u00bb\u00a0\u00bb delay_duration=\u00a0\u00bb\u00a0\u00bb delay_offset=\u00a0\u00bb\u00a0\u00bb translate_x=\u00a0\u00bb0&Prime; [&hellip;]<\/p>\n","protected":false},"author":1,"featured_media":0,"parent":0,"menu_order":0,"comment_status":"closed","ping_status":"closed","template":"","meta":{"_uf_show_specific_survey":0,"_uf_disable_surveys":false,"footnotes":""},"class_list":["post-26377","page","type-page","status-publish","hentry"],"aioseo_notices":[],"amp_enabled":true,"_links":{"self":[{"href":"https:\/\/sebhau.edu.ly\/fr\/wp-json\/wp\/v2\/pages\/26377","targetHints":{"allow":["GET"]}}],"collection":[{"href":"https:\/\/sebhau.edu.ly\/fr\/wp-json\/wp\/v2\/pages"}],"about":[{"href":"https:\/\/sebhau.edu.ly\/fr\/wp-json\/wp\/v2\/types\/page"}],"author":[{"embeddable":true,"href":"https:\/\/sebhau.edu.ly\/fr\/wp-json\/wp\/v2\/users\/1"}],"replies":[{"embeddable":true,"href":"https:\/\/sebhau.edu.ly\/fr\/wp-json\/wp\/v2\/comments?post=26377"}],"version-history":[{"count":0,"href":"https:\/\/sebhau.edu.ly\/fr\/wp-json\/wp\/v2\/pages\/26377\/revisions"}],"wp:attachment":[{"href":"https:\/\/sebhau.edu.ly\/fr\/wp-json\/wp\/v2\/media?parent=26377"}],"curies":[{"name":"wp","href":"https:\/\/api.w.org\/{rel}","templated":true}]}}