{"id":26378,"date":"2021-08-30T02:59:38","date_gmt":"2021-08-29T23:59:38","guid":{"rendered":"https:\/\/sebhau.edu.ly\/university-council\/"},"modified":"2023-12-03T09:48:03","modified_gmt":"2023-12-03T06:48:03","slug":"university-council","status":"publish","type":"page","link":"https:\/\/sebhau.edu.ly\/fr\/university-council\/","title":{"rendered":"Conseil de l\u2019universit\u00e9 de Sebha"},"content":{"rendered":"<section class=\"wpb-content-wrapper\"><p>[vc_row bg_type=\u00a0\u00bb\u00a0\u00bb dima_canvas_style=\u00a0\u00bb\u00a0\u00bb translate_x=\u00a0\u00bb0&Prime; dima_z_index=\u00a0\u00bb0&Prime; delay=\u00a0\u00bb\u00a0\u00bb delay_duration=\u00a0\u00bb\u00a0\u00bb delay_offset=\u00a0\u00bb\u00a0\u00bb top_and_bottom_padding=\u00a0\u00bb0px\u00a0\u00bb left_and_right_padding=\u00a0\u00bb\u00a0\u00bb id=\u00a0\u00bb\u00a0\u00bb class=\u00a0\u00bb\u00a0\u00bb style=\u00a0\u00bb\u00a0\u00bb][vc_column min_height=\u00a0\u00bb\u00a0\u00bb bg_type=\u00a0\u00bb\u00a0\u00bb dima_canvas_style=\u00a0\u00bb\u00a0\u00bb translate_x=\u00a0\u00bb0&Prime; dima_z_index=\u00a0\u00bb0&Prime; delay=\u00a0\u00bb\u00a0\u00bb delay_duration=\u00a0\u00bb\u00a0\u00bb delay_offset=\u00a0\u00bb\u00a0\u00bb top_and_bottom_padding=\u00a0\u00bb\u00a0\u00bb left_and_right_padding=\u00a0\u00bb\u00a0\u00bb width=\u00a0\u00bb1\/1&Prime;]<h2  class=\"dima-custom-heading\" ><strong>Le Conseil de l&rsquo;Universit\u00e9 de Sebha<\/strong><\/p>\n<p><\/h2><ul>\n<li><strong>\u00a0<\/strong>Les facult\u00e9s<\/li>\n<li>Les centres universitaires<\/li>\n<li>Les d\u00e9partements et bureaux administratifs<\/li>\n<\/ul>\n<p><strong>Les membres du Conseil de l&rsquo;Universit\u00e9 de Sebha sont les suivants\u00a0:<\/strong><\/p>\n<ul>\n<li>Les doyens des facult\u00e9s<\/li>\n<li>Le secr\u00e9taire g\u00e9n\u00e9ral<\/li>\n<li>Le Centre de recherche et de consultation<\/li>\n<li>Le directeur du d\u00e9partement des membres du corps professoral<\/li>\n<li>Le directeur du d\u00e9partement des \u00e9tudes sup\u00e9rieures et de la formation<\/li>\n<li>Un repr\u00e9sentant du Conseil de planification de la municipalit\u00e9 o\u00f9 se trouve l&rsquo;universit\u00e9<\/li>\n<li>Le pr\u00e9sident du syndicat des membres du corps professoral de l&rsquo;universit\u00e9<\/li>\n<li>Un repr\u00e9sentant de l&rsquo;union des \u00e9tudiants de l&rsquo;universit\u00e9<\/li>\n<li>Un repr\u00e9sentant des administrateurs de l&rsquo;universit\u00e9<\/li>\n<\/ul>\n<p>&nbsp;<\/p>\n<p><strong>Les responsabilit\u00e9s du Conseil de l&rsquo;Universit\u00e9 de Sebha sont les suivantes\u00a0:<\/strong><\/p>\n<ul>\n<li>Contribuer \u00e0 relier l&rsquo;universit\u00e9 aux questions de la soci\u00e9t\u00e9 et r\u00e9soudre les probl\u00e8mes sociaux relevant de la comp\u00e9tence de l&rsquo;universit\u00e9.<\/li>\n<li>Proposer des plans et des programmes g\u00e9n\u00e9raux pour le d\u00e9veloppement de l&rsquo;enseignement \u00e0 l&rsquo;universit\u00e9.<\/li>\n<li>Approuver les dons, les subventions et les legs<\/li>\n<li>Approuver l&rsquo;attribution des dipl\u00f4mes honorifiques<\/li>\n<li>Proposer l&rsquo;attribution des prix d&rsquo;excellence acad\u00e9mique aux professeurs, aux \u00e9tudiants, aux coll\u00e8ges et aux d\u00e9partements de l&rsquo;universit\u00e9.<\/li>\n<li>Contribuer \u00e0 la pr\u00e9servation de la r\u00e9putation de l&rsquo;universit\u00e9, soutenir son statut et proposer des plans pr\u00e9ventifs pour pr\u00e9server les valeurs de la soci\u00e9t\u00e9 et pr\u00e9venir les ph\u00e9nom\u00e8nes destructeurs.<\/li>\n<\/ul>\n<p><strong>Les t\u00e2ches du Conseil de l&rsquo;universit\u00e9 sont les suivantes\u00a0:<\/strong><\/p>\n<p>Le conseil universitaire est charg\u00e9 d&rsquo;\u00e9laborer la politique g\u00e9n\u00e9rale de l&rsquo;universit\u00e9 afin de r\u00e9aliser les objectifs pour lesquels elle a \u00e9t\u00e9 cr\u00e9\u00e9e, dans les limites des objectifs g\u00e9n\u00e9raux de l&rsquo;\u00c9tat et de la politique \u00e9tablie par les autorit\u00e9s comp\u00e9tentes.<\/p>\n<p>&nbsp;<\/p>\n<p><strong>Le conseil universitaire est responsable de la gestion des affaires de l&rsquo;universit\u00e9, notamment des t\u00e2ches suivantes\u00a0<\/strong>:<\/p>\n<ul>\n<li>G\u00e9rer les fonds de l&rsquo;universit\u00e9, les investir et les administrer conform\u00e9ment \u00e0 la l\u00e9gislation en vigueur.<\/li>\n<li>D\u00e9l\u00e9guer au recteur de l&rsquo;universit\u00e9 ou \u00e0 son repr\u00e9sentant certaines actions juridiques relevant de sa comp\u00e9tence.<\/li>\n<li>Superviser le syst\u00e8me g\u00e9n\u00e9ral de l&rsquo;universit\u00e9, les facult\u00e9s, les d\u00e9partements acad\u00e9miques, ainsi que les centres de recherche scientifique et technique qui lui sont rattach\u00e9s.<\/li>\n<li>Approuver le budget et les comptes finaux de l&rsquo;universit\u00e9, puis les transmettre aux autorit\u00e9s comp\u00e9tentes.<\/li>\n<li>Proposer la cr\u00e9ation de nouvelles facult\u00e9s au sein de l&rsquo;universit\u00e9.<\/li>\n<li>Approuver la cr\u00e9ation de d\u00e9partements acad\u00e9miques et administratifs \u00e0 l&rsquo;universit\u00e9, sur la base des propositions des doyens des facult\u00e9s et des d\u00e9partements concern\u00e9s.<\/li>\n<li>Proposer la nomination, la promotion, le transfert, le d\u00e9tachement et le pr\u00eat du corps professoral, conform\u00e9ment \u00e0 l&rsquo;approbation de la facult\u00e9 comp\u00e9tente et dans le respect de la l\u00e9gislation en vigueur.<\/li>\n<li>Approuver l&rsquo;apport des enseignants \u00e0 temps partiel (adjoints) conform\u00e9ment \u00e0 la l\u00e9gislation en vigueur.<\/li>\n<li>Valider les plans d&rsquo;\u00e9tudes \u00e0 l&rsquo;universit\u00e9.<\/li>\n<li>Adopter les projets de r\u00e8glements internes des facult\u00e9s, des d\u00e9partements acad\u00e9miques, du bureau des consultations scientifiques, des centres de recherche et des \u00e9tudes scientifiques, conform\u00e9ment aux lois en vigueur \u00e0 cet \u00e9gard.<\/li>\n<li>Superviser la construction et la maintenance des installations universitaires.<\/li>\n<li>Accorder des grades universitaires et d&rsquo;autres certificats, ainsi que proposer l&rsquo;attribution de grades honorifiques.<\/li>\n<li>Organiser l&rsquo;admission des \u00e9tudiants dans les facult\u00e9s et les d\u00e9partements acad\u00e9miques en coordination avec les autorit\u00e9s comp\u00e9tentes.<\/li>\n<li>Accorder des cong\u00e9s scientifiques aux membres du corps professoral, conform\u00e9ment aux r\u00e8glements en vigueur.<\/li>\n<li>\u00c9tablir des r\u00e9glementations concernant les r\u00e9compenses et les aides financi\u00e8res, dans leurs diff\u00e9rentes formes et en respectant la l\u00e9gislation en vigueur.<\/li>\n<li>L\u2019Invitation des professeurs invit\u00e9s et des examinateurs, et verser des indemnit\u00e9s financi\u00e8res conform\u00e9ment aux r\u00e8glements en vigueur.<\/li>\n<\/ul>\n<h3><\/h3>\n[\/vc_column][\/vc_row]<\/p>\n<\/section>","protected":false},"excerpt":{"rendered":"<p>[vc_row bg_type=\u00a0\u00bb\u00a0\u00bb dima_canvas_style=\u00a0\u00bb\u00a0\u00bb translate_x=\u00a0\u00bb0&Prime; dima_z_index=\u00a0\u00bb0&Prime; delay=\u00a0\u00bb\u00a0\u00bb delay_duration=\u00a0\u00bb\u00a0\u00bb delay_offset=\u00a0\u00bb\u00a0\u00bb top_and_bottom_padding=\u00a0\u00bb0px\u00a0\u00bb left_and_right_padding=\u00a0\u00bb\u00a0\u00bb id=\u00a0\u00bb\u00a0\u00bb class=\u00a0\u00bb\u00a0\u00bb style=\u00a0\u00bb\u00a0\u00bb][vc_column min_height=\u00a0\u00bb\u00a0\u00bb bg_type=\u00a0\u00bb\u00a0\u00bb dima_canvas_style=\u00a0\u00bb\u00a0\u00bb translate_x=\u00a0\u00bb0&Prime; dima_z_index=\u00a0\u00bb0&Prime; delay=\u00a0\u00bb\u00a0\u00bb delay_duration=\u00a0\u00bb\u00a0\u00bb delay_offset=\u00a0\u00bb\u00a0\u00bb top_and_bottom_padding=\u00a0\u00bb\u00a0\u00bb left_and_right_padding=\u00a0\u00bb\u00a0\u00bb width=\u00a0\u00bb1\/1&Prime;][\/vc_column][\/vc_row]<\/p>\n","protected":false},"author":1,"featured_media":0,"parent":0,"menu_order":0,"comment_status":"closed","ping_status":"closed","template":"","meta":{"_uf_show_specific_survey":0,"_uf_disable_surveys":false,"footnotes":""},"class_list":["post-26378","page","type-page","status-publish","hentry"],"aioseo_notices":[],"amp_enabled":true,"_links":{"self":[{"href":"https:\/\/sebhau.edu.ly\/fr\/wp-json\/wp\/v2\/pages\/26378","targetHints":{"allow":["GET"]}}],"collection":[{"href":"https:\/\/sebhau.edu.ly\/fr\/wp-json\/wp\/v2\/pages"}],"about":[{"href":"https:\/\/sebhau.edu.ly\/fr\/wp-json\/wp\/v2\/types\/page"}],"author":[{"embeddable":true,"href":"https:\/\/sebhau.edu.ly\/fr\/wp-json\/wp\/v2\/users\/1"}],"replies":[{"embeddable":true,"href":"https:\/\/sebhau.edu.ly\/fr\/wp-json\/wp\/v2\/comments?post=26378"}],"version-history":[{"count":0,"href":"https:\/\/sebhau.edu.ly\/fr\/wp-json\/wp\/v2\/pages\/26378\/revisions"}],"wp:attachment":[{"href":"https:\/\/sebhau.edu.ly\/fr\/wp-json\/wp\/v2\/media?parent=26378"}],"curies":[{"name":"wp","href":"https:\/\/api.w.org\/{rel}","templated":true}]}}