{"id":26379,"date":"2021-08-29T13:20:28","date_gmt":"2021-08-29T10:20:28","guid":{"rendered":"https:\/\/sebhau.edu.ly\/ranking\/"},"modified":"2023-12-03T09:47:32","modified_gmt":"2023-12-03T06:47:32","slug":"sebha-universityranking","status":"publish","type":"page","link":"https:\/\/sebhau.edu.ly\/fr\/sebha-universityranking\/","title":{"rendered":"Classement de l\u2019universit\u00e9 de Sebha"},"content":{"rendered":"<section class=\"wpb-content-wrapper\"><p>[vc_row bg_type=\u00a0\u00bb\u00a0\u00bb dima_canvas_style=\u00a0\u00bb\u00a0\u00bb translate_x=\u00a0\u00bb0&Prime; dima_z_index=\u00a0\u00bb0&Prime; delay=\u00a0\u00bb\u00a0\u00bb delay_duration=\u00a0\u00bb\u00a0\u00bb delay_offset=\u00a0\u00bb\u00a0\u00bb top_and_bottom_padding=\u00a0\u00bb0px\u00a0\u00bb left_and_right_padding=\u00a0\u00bb\u00a0\u00bb id=\u00a0\u00bb\u00a0\u00bb class=\u00a0\u00bb\u00a0\u00bb style=\u00a0\u00bb\u00a0\u00bb][vc_column min_height=\u00a0\u00bb\u00a0\u00bb bg_type=\u00a0\u00bb\u00a0\u00bb dima_canvas_style=\u00a0\u00bb\u00a0\u00bb translate_x=\u00a0\u00bb0&Prime; dima_z_index=\u00a0\u00bb0&Prime; delay=\u00a0\u00bb\u00a0\u00bb delay_duration=\u00a0\u00bb\u00a0\u00bb delay_offset=\u00a0\u00bb\u00a0\u00bb top_and_bottom_padding=\u00a0\u00bb0px\u00a0\u00bb left_and_right_padding=\u00a0\u00bb\u00a0\u00bb width=\u00a0\u00bb1\/1&Prime; id=\u00a0\u00bb\u00a0\u00bb class=\u00a0\u00bb\u00a0\u00bb style=\u00a0\u00bb\u00a0\u00bb]<h2  class=\"dima-custom-heading\" ><strong>Classement local et international de l&rsquo;Universit\u00e9 de Sebha\u00a0:<\/strong><\/p>\n<p><\/h2><header>Le classement des universit\u00e9s suscite un int\u00e9r\u00eat croissant ces derni\u00e8res ann\u00e9es en raison de sa pertinence pour la qualit\u00e9 des institutions d&rsquo;enseignement, leur performance et l&rsquo;\u00e9valuation de leurs programmes acad\u00e9miques, de leurs activit\u00e9s de recherche et de la qualit\u00e9 de leurs dipl\u00f4m\u00e9s.<\/header>\n[\/vc_column][\/vc_row][vc_row bg_type=\u00a0\u00bb\u00a0\u00bb dima_canvas_style=\u00a0\u00bb\u00a0\u00bb translate_x=\u00a0\u00bb0&Prime; dima_z_index=\u00a0\u00bb0&Prime; delay=\u00a0\u00bb\u00a0\u00bb delay_duration=\u00a0\u00bb\u00a0\u00bb delay_offset=\u00a0\u00bb\u00a0\u00bb top_and_bottom_padding=\u00a0\u00bb0px\u00a0\u00bb left_and_right_padding=\u00a0\u00bb\u00a0\u00bb id=\u00a0\u00bb\u00a0\u00bb class=\u00a0\u00bb\u00a0\u00bb style=\u00a0\u00bb\u00a0\u00bb][vc_column min_height=\u00a0\u00bb\u00a0\u00bb bg_type=\u00a0\u00bb\u00a0\u00bb dima_canvas_style=\u00a0\u00bb\u00a0\u00bb translate_x=\u00a0\u00bb0&Prime; dima_z_index=\u00a0\u00bb0&Prime; delay=\u00a0\u00bb\u00a0\u00bb delay_duration=\u00a0\u00bb\u00a0\u00bb delay_offset=\u00a0\u00bb\u00a0\u00bb top_and_bottom_padding=\u00a0\u00bb0px\u00a0\u00bb left_and_right_padding=\u00a0\u00bb\u00a0\u00bb width=\u00a0\u00bb1\/1&Prime; id=\u00a0\u00bb\u00a0\u00bb class=\u00a0\u00bb\u00a0\u00bb style=\u00a0\u00bb\u00a0\u00bb][vc_row_inner bg_type=\u00a0\u00bb\u00a0\u00bb dima_canvas_style=\u00a0\u00bb\u00a0\u00bb translate_x=\u00a0\u00bb0&Prime; dima_z_index=\u00a0\u00bb0&Prime; top_and_bottom_padding=\u00a0\u00bb0px\u00a0\u00bb left_and_right_padding=\u00a0\u00bb\u00a0\u00bb id=\u00a0\u00bb\u00a0\u00bb class=\u00a0\u00bb\u00a0\u00bb style=\u00a0\u00bb\u00a0\u00bb][vc_column_inner delay=\u00a0\u00bb\u00a0\u00bb delay_duration=\u00a0\u00bb\u00a0\u00bb delay_offset=\u00a0\u00bb\u00a0\u00bb translate_x=\u00a0\u00bb0&Prime; dima_z_index=\u00a0\u00bb0&Prime; width=\u00a0\u00bb1\/2&Prime;]<h3  class=\"dima-custom-heading\" ><\/p>\n<h2><strong>Historique du classement de l&rsquo;Universit\u00e9 de Sebha au niveau local et international :<\/strong><\/h2>\n<p><\/h3><p><strong>\u00a0<\/strong>En 2021, <a href=\"http:\/\/sebhau.edu.ly\">l&rsquo;Universit\u00e9 de Sebha<\/a> a obtenu\u00a0:<\/p>\n<ul  class=\"list-style check\" ><li   >Le premier rang au niveau local pour la qualit\u00e9 du site web dans le classement local publi\u00e9 par la Commission nationale de classification des universit\u00e9s libyennes<\/li><li   >Le deuxi\u00e8me rang parmi les universit\u00e9s libyennes en termes de citations de recherche du site Google Scholar, avec 10 221 citations scientifiques, selon le classement Webometrics.<\/li><li   >Le quatri\u00e8me rang parmi les universit\u00e9s libyennes selon le classement Webometrics.<\/li><li   >Le premier rang au niveau local dans le classement local publi\u00e9 par la Commission nationale de classification des universit\u00e9s libyennes.<\/li><\/ul>[\/vc_column_inner][vc_column_inner delay=\u00a0\u00bb\u00a0\u00bb delay_duration=\u00a0\u00bb\u00a0\u00bb delay_offset=\u00a0\u00bb\u00a0\u00bb translate_x=\u00a0\u00bb0&Prime; dima_z_index=\u00a0\u00bb0&Prime; width=\u00a0\u00bb1\/2&Prime;]<ul  class=\"list-style check\" ><li   >En janvier 2020, elle \u00e9tait class\u00e9e 6250e, avec un avancement de 74 universit\u00e9s internationales et la quatri\u00e8me place au niveau local.<\/li><li   >En juillet 2020, elle \u00e9tait class\u00e9e deuxi\u00e8me en termes de citations de recherche avec 8651 citations scientifiques.<\/li><li   >En janvier 2020, elle \u00e9tait class\u00e9e deuxi\u00e8me en termes de citations de recherche avec 8330 citations scientifiques.<\/li><li   >En janvier 2019, elle \u00e9tait class\u00e9e 6189e, en avance sur 35 universit\u00e9s internationales.<\/li><li   >En juillet 2019, elle \u00e9tait class\u00e9e 5334e, en avance sur 855 universit\u00e9s internationales.<\/li><li   >En juillet 2018, elle \u00e9tait class\u00e9e 6224e, en avance sur 9776 universit\u00e9s internationales et septi\u00e8me au niveau local.<\/li><li   >En juillet 2017, l&rsquo;universit\u00e9 n&rsquo;\u00e9tait pas class\u00e9e parmi les 28 000 universit\u00e9s internationales.<\/li><\/ul>[\/vc_column_inner][\/vc_row_inner][\/vc_column][\/vc_row][vc_row bg_type=\u00a0\u00bb\u00a0\u00bb dima_canvas_style=\u00a0\u00bb\u00a0\u00bb translate_x=\u00a0\u00bb0&Prime; dima_z_index=\u00a0\u00bb0&Prime; delay=\u00a0\u00bb\u00a0\u00bb delay_duration=\u00a0\u00bb\u00a0\u00bb delay_offset=\u00a0\u00bb\u00a0\u00bb top_and_bottom_padding=\u00a0\u00bb0px\u00a0\u00bb left_and_right_padding=\u00a0\u00bb\u00a0\u00bb id=\u00a0\u00bb\u00a0\u00bb class=\u00a0\u00bb\u00a0\u00bb style=\u00a0\u00bb\u00a0\u00bb][vc_column min_height=\u00a0\u00bb\u00a0\u00bb bg_type=\u00a0\u00bb\u00a0\u00bb dima_canvas_style=\u00a0\u00bb\u00a0\u00bb translate_x=\u00a0\u00bb0&Prime; dima_z_index=\u00a0\u00bb0&Prime; delay=\u00a0\u00bb\u00a0\u00bb delay_duration=\u00a0\u00bb\u00a0\u00bb delay_offset=\u00a0\u00bb\u00a0\u00bb top_and_bottom_padding=\u00a0\u00bb\u00a0\u00bb left_and_right_padding=\u00a0\u00bb\u00a0\u00bb width=\u00a0\u00bb1\/3&Prime;]<div class=\"column-item overflow-hidden text-center rounded\"><div class=\"gray-opacity\"><a data-lightbox=image  class=\"dima-img  text-center\"  href=\"https:\/\/sebhau.edu.ly\/wp-content\/uploads\/2021\/09\/111.jpg\"   ><img loading=\"lazy\" decoding=\"async\" src=\"https:\/\/sebhau.edu.ly\/wp-content\/uploads\/2021\/09\/111.jpg\" alt=\"\" width=\"1600\" height=\"670\"><\/a><\/div><\/div>[\/vc_column][vc_column min_height=\u00a0\u00bb\u00a0\u00bb bg_type=\u00a0\u00bb\u00a0\u00bb dima_canvas_style=\u00a0\u00bb\u00a0\u00bb translate_x=\u00a0\u00bb0&Prime; dima_z_index=\u00a0\u00bb0&Prime; delay=\u00a0\u00bb\u00a0\u00bb delay_duration=\u00a0\u00bb\u00a0\u00bb delay_offset=\u00a0\u00bb\u00a0\u00bb top_and_bottom_padding=\u00a0\u00bb\u00a0\u00bb left_and_right_padding=\u00a0\u00bb\u00a0\u00bb width=\u00a0\u00bb1\/3&Prime;]<div class=\"column-item overflow-hidden text-center rounded\"><div class=\"gray-opacity\"><a data-lightbox=image  class=\"dima-img  text-center\"  href=\"https:\/\/sebhau.edu.ly\/wp-content\/uploads\/2021\/08\/award_sebha.jpeg\"   ><img loading=\"lazy\" decoding=\"async\" src=\"https:\/\/sebhau.edu.ly\/wp-content\/uploads\/2021\/08\/award_sebha.jpeg\" alt=\"\" width=\"900\" height=\"500\"><\/a><\/div><\/div>[\/vc_column][vc_column min_height=\u00a0\u00bb\u00a0\u00bb bg_type=\u00a0\u00bb\u00a0\u00bb dima_canvas_style=\u00a0\u00bb\u00a0\u00bb translate_x=\u00a0\u00bb0&Prime; dima_z_index=\u00a0\u00bb0&Prime; delay=\u00a0\u00bb\u00a0\u00bb delay_duration=\u00a0\u00bb\u00a0\u00bb delay_offset=\u00a0\u00bb\u00a0\u00bb top_and_bottom_padding=\u00a0\u00bb\u00a0\u00bb left_and_right_padding=\u00a0\u00bb\u00a0\u00bb width=\u00a0\u00bb1\/3&Prime;]<div class=\"column-item overflow-hidden text-center rounded\"><div class=\"gray-opacity\"><a data-lightbox=image  class=\"dima-img  text-center\"  href=\"https:\/\/sebhau.edu.ly\/wp-content\/uploads\/2021\/08\/quality2.jpg\"   ><img loading=\"lazy\" decoding=\"async\" src=\"https:\/\/sebhau.edu.ly\/wp-content\/uploads\/2021\/08\/quality2.jpg\" alt=\"\" width=\"550\" height=\"450\"><\/a><\/div><\/div>[\/vc_column][\/vc_row][vc_row bg_type=\u00a0\u00bb\u00a0\u00bb dima_canvas_style=\u00a0\u00bb\u00a0\u00bb translate_x=\u00a0\u00bb0&Prime; dima_z_index=\u00a0\u00bb0&Prime; delay=\u00a0\u00bb\u00a0\u00bb delay_duration=\u00a0\u00bb\u00a0\u00bb delay_offset=\u00a0\u00bb\u00a0\u00bb top_and_bottom_padding=\u00a0\u00bb\u00a0\u00bb left_and_right_padding=\u00a0\u00bb\u00a0\u00bb][vc_column min_height=\u00a0\u00bb\u00a0\u00bb bg_type=\u00a0\u00bb\u00a0\u00bb dima_canvas_style=\u00a0\u00bb\u00a0\u00bb translate_x=\u00a0\u00bb0&Prime; dima_z_index=\u00a0\u00bb0&Prime; delay=\u00a0\u00bb\u00a0\u00bb delay_duration=\u00a0\u00bb\u00a0\u00bb delay_offset=\u00a0\u00bb\u00a0\u00bb top_and_bottom_padding=\u00a0\u00bb0px\u00a0\u00bb left_and_right_padding=\u00a0\u00bb\u00a0\u00bb width=\u00a0\u00bb1\/1&Prime; id=\u00a0\u00bb\u00a0\u00bb class=\u00a0\u00bb\u00a0\u00bb style=\u00a0\u00bb\u00a0\u00bb]<h3  class=\"dima-custom-heading\" ><\/p>\n<h2><strong>Rapport sur le classement de l&rsquo;universit\u00e9 en 2019\u00a0:<\/strong><\/h2>\n<div id=\"gtx-trans\" style=\"position: absolute; left: 898px; top: 44.5125px;\">\n<div class=\"gtx-trans-icon\"><\/div>\n<\/div>\n<p><\/h3><blockquote  class=\"post-quote text-start\" ><p>L&rsquo;am\u00e9lioration totale du classement mondial de l&rsquo;Universit\u00e9 de Sebha entre 2017 et 2019 \u00e9tait de 10 666 universit\u00e9s internationales, soit une augmentation de 22 %, sur un total de 16 000 universit\u00e9s dans le classement. Cela indique que l&rsquo;Universit\u00e9 de Sebha progresse dans la bonne direction en termes de classement international.<\/p><\/blockquote><div dir=\"auto\">\n<p>Si nous comparons les derni\u00e8res versions de l&rsquo;\u00e9valuation, janvier 2019 et juillet 2019, nous constatons que l&rsquo;\u00e9valuation dans la derni\u00e8re version (juillet 2019) \u00e9tait bien meilleure que la pr\u00e9c\u00e9dente (janvier 2019). L&rsquo;Universit\u00e9 de Sebha a progress\u00e9 de 855 places dans la derni\u00e8re version, en sautant 855 universit\u00e9s internationales, tout en maintenant sa cinqui\u00e8me place au niveau local. Les am\u00e9liorations dans les deux versions pr\u00e9c\u00e9dentes (janvier 2019 et juillet 2018) \u00e9taient de seulement 35 places internationales, tout en maintenant le m\u00eame classement local. La proportion d&rsquo;am\u00e9lioration entre la derni\u00e8re version et la pr\u00e9c\u00e9dente \u00e9tait de 12 %, ce qui est une am\u00e9lioration significative en faveur de l&rsquo;universit\u00e9.\u00a0 Si l&rsquo;Universit\u00e9 de Sebha continue \u00e0 progresser \u00e0 ce rythme, il est pr\u00e9vu qu&rsquo;elle atteigne une position tr\u00e8s avanc\u00e9e dans les prochaines \u00e9ditions<\/p>\n<\/div>\n<div dir=\"auto\">\n<p>Cette am\u00e9lioration, selon les crit\u00e8res du Webometrics, a principalement \u00e9t\u00e9 r\u00e9alis\u00e9e gr\u00e2ce au crit\u00e8re d&rsquo;ouverture (Openness). Le classement pr\u00e9c\u00e9dent \u00e9tait de 4580 et il s&rsquo;est am\u00e9lior\u00e9 pour atteindre maintenant la 3275e place, ce qui repr\u00e9sente une am\u00e9lioration de 1305 places, soit une am\u00e9lioration de 39% par rapport \u00e0 l&rsquo;\u00e9dition pr\u00e9c\u00e9dente. Ce crit\u00e8re est calcul\u00e9 en fonction du nombre de fichiers textuels li\u00e9s \u00e0 l&rsquo;Universit\u00e9 de Sebha circulant sur le r\u00e9seau international d&rsquo;informations<\/p>\n<\/div>\n<div dir=\"auto\">\n<p>En ce qui concerne le crit\u00e8re (d&rsquo;excellence), qui est li\u00e9 aux recherches publi\u00e9es au nom de l&rsquo;universit\u00e9, le changement a \u00e9t\u00e9 tr\u00e8s marginal. Le classement pr\u00e9c\u00e9dent de l&rsquo;universit\u00e9 \u00e9tait de 4315 et il s&rsquo;est am\u00e9lior\u00e9 pour atteindre 4266, ce qui repr\u00e9sente une am\u00e9lioration de seulement 1,15% par rapport \u00e0 l&rsquo;\u00e9dition pr\u00e9c\u00e9dente. C&rsquo;est pr\u00e9cis\u00e9ment ce crit\u00e8re sur lequel tous les efforts doivent \u00eatre concentr\u00e9s afin de l&rsquo;am\u00e9liorer en publiant des recherches dans des revues scientifiques r\u00e9put\u00e9es. En effet, il est pr\u00e9vu qu&rsquo;\u00e0 un moment donn\u00e9, l&rsquo;am\u00e9lioration du classement de l&rsquo;universit\u00e9 se stabilise si nous ne nous soucions pas suffisamment des productions de recherche des facult\u00e9s.<\/p>\n<\/div>\n<div dir=\"auto\">\n<p>Quant aux crit\u00e8res de pr\u00e9sence sur le r\u00e9seau international d&rsquo;informations et d&rsquo;impact, qui sont li\u00e9s \u00e0 la visibilit\u00e9 du site web de l&rsquo;universit\u00e9 et \u00e0 sa citation par les utilisateurs du r\u00e9seau international d&rsquo;informations, ils ont \u00e9t\u00e9 inverses aux attentes, en particulier apr\u00e8s la r\u00e9cente mise \u00e0 jour du site. Le crit\u00e8re de pr\u00e9sence \u00e9tait pr\u00e9c\u00e9demment de 9848 et il a diminu\u00e9 pour atteindre 13136, soit une baisse d&rsquo;environ 25% par rapport \u00e0 l&rsquo;\u00e9dition pr\u00e9c\u00e9dente. Quant au crit\u00e8re d&rsquo;impact, il \u00e9tait de 16589 et il s&rsquo;est l\u00e9g\u00e8rement am\u00e9lior\u00e9 pour atteindre 15840, ce qui repr\u00e9sente une am\u00e9lioration de 4,73% par rapport \u00e0 l&rsquo;\u00e9dition pr\u00e9c\u00e9dente. En g\u00e9n\u00e9ral, il est pr\u00e9vu que ces deux crit\u00e8res s&rsquo;am\u00e9liorent dans les prochaines \u00e9ditions du classement, car le probl\u00e8me est temporaire et sera r\u00e9solu lorsque les utilisateurs du r\u00e9seau international d&rsquo;informations commenceront \u00e0 naviguer sur le site de l&rsquo;universit\u00e9, car la plupart des liens du site de l&rsquo;universit\u00e9 ont \u00e9t\u00e9 compl\u00e8tement modifi\u00e9s dans les moteurs de recherche.<\/p>\n<\/div>\n[\/vc_column][\/vc_row][vc_row bg_type=\u00a0\u00bb\u00a0\u00bb dima_canvas_style=\u00a0\u00bb\u00a0\u00bb translate_x=\u00a0\u00bb0&Prime; dima_z_index=\u00a0\u00bb0&Prime; delay=\u00a0\u00bb\u00a0\u00bb delay_duration=\u00a0\u00bb\u00a0\u00bb delay_offset=\u00a0\u00bb\u00a0\u00bb top_and_bottom_padding=\u00a0\u00bb0px\u00a0\u00bb left_and_right_padding=\u00a0\u00bb\u00a0\u00bb id=\u00a0\u00bb\u00a0\u00bb class=\u00a0\u00bb\u00a0\u00bb style=\u00a0\u00bb\u00a0\u00bb][vc_column min_height=\u00a0\u00bb\u00a0\u00bb bg_type=\u00a0\u00bb\u00a0\u00bb dima_canvas_style=\u00a0\u00bb\u00a0\u00bb translate_x=\u00a0\u00bb0&Prime; dima_z_index=\u00a0\u00bb0&Prime; delay=\u00a0\u00bb\u00a0\u00bb delay_duration=\u00a0\u00bb\u00a0\u00bb delay_offset=\u00a0\u00bb\u00a0\u00bb top_and_bottom_padding=\u00a0\u00bb\u00a0\u00bb left_and_right_padding=\u00a0\u00bb\u00a0\u00bb width=\u00a0\u00bb1\/2&Prime;]<h3  class=\"dima-custom-heading\" ><strong>Le chercheur Google Scholar pour l&rsquo;Universit\u00e9 de Sebha\u00a0<\/strong><\/h3><div dir=\"auto\">\n<p>Vous pouvez consulter les profils des chercheurs de l&rsquo;Universit\u00e9 de<\/p>\n<p>Sebha en <a href=\"https:\/\/scholar.google.com\/citations?hl=en&amp;view_op=search_authors&amp;mauthors=sebhau.edu.ly+&amp;btnG=\">cliquant ici<\/a><\/p>\n<p>&nbsp;<\/p>\n<\/div>\n<header>\n<h3>Pour plus d&rsquo;informations sur le classement\u00a0:<\/h3>\n<\/header>\n<p>Classement de l&rsquo;universit\u00e9 en juillet 2020 : <a href=\"http:\/\/www.webometrics.info\/en\/transparent?fbclid=IwAR3LJ6R8tQC4VenIuf0YyiE1gehF5wHsieQBUXoSe-GfqiPn-MM9BAmp-DU\">cliquez ici<\/a><\/p>\n<p>&nbsp;<\/p>\n[\/vc_column][vc_column min_height=\u00a0\u00bb\u00a0\u00bb bg_type=\u00a0\u00bb\u00a0\u00bb dima_canvas_style=\u00a0\u00bb\u00a0\u00bb translate_x=\u00a0\u00bb0&Prime; dima_z_index=\u00a0\u00bb0&Prime; delay=\u00a0\u00bb\u00a0\u00bb delay_duration=\u00a0\u00bb\u00a0\u00bb delay_offset=\u00a0\u00bb\u00a0\u00bb top_and_bottom_padding=\u00a0\u00bb\u00a0\u00bb left_and_right_padding=\u00a0\u00bb\u00a0\u00bb width=\u00a0\u00bb1\/2&Prime;]<div  class=\"dima-flexslider\"><div  class=\"flexslider sample-slide small-control flexslider-1true dima-six-thumb\" data-dima-element=\"slider\" data-dima-params=\"{&quot;animation&quot;:&quot;fade&quot;,&quot;slideshowSpeed&quot;:&quot;7000&quot;,&quot;slideSpeed&quot;:&quot;600&quot;,&quot;controlNav&quot;:&quot;true&quot;,&quot;directionNav&quot;:true,&quot;slideshow&quot;:true,&quot;random&quot;:false,&quot;is_rtl&quot;:false}\" ><ul class=\"slides\"><li   class=\"slide-item\" ><div class=\"column-item overflow-hidden text-center\"><img decoding=\"async\"    class=\"dima-img \" src=\"\"   alt=\"\"><\/div><\/li><li   class=\"slide-item\" ><div class=\"column-item overflow-hidden text-center\"><img decoding=\"async\"    class=\"dima-img \" src=\"\"   alt=\"\"><\/div><\/li><li   class=\"slide-item\" ><div class=\"column-item overflow-hidden text-center\"><img decoding=\"async\"    class=\"dima-img \" src=\"\"   alt=\"\"><\/div><\/li><\/ul><\/div><\/div>[\/vc_column][\/vc_row]<\/p>\n<\/section>","protected":false},"excerpt":{"rendered":"<p>[vc_row bg_type=\u00a0\u00bb\u00a0\u00bb dima_canvas_style=\u00a0\u00bb\u00a0\u00bb translate_x=\u00a0\u00bb0&Prime; dima_z_index=\u00a0\u00bb0&Prime; delay=\u00a0\u00bb\u00a0\u00bb delay_duration=\u00a0\u00bb\u00a0\u00bb delay_offset=\u00a0\u00bb\u00a0\u00bb top_and_bottom_padding=\u00a0\u00bb0px\u00a0\u00bb left_and_right_padding=\u00a0\u00bb\u00a0\u00bb id=\u00a0\u00bb\u00a0\u00bb class=\u00a0\u00bb\u00a0\u00bb style=\u00a0\u00bb\u00a0\u00bb][vc_column min_height=\u00a0\u00bb\u00a0\u00bb bg_type=\u00a0\u00bb\u00a0\u00bb dima_canvas_style=\u00a0\u00bb\u00a0\u00bb translate_x=\u00a0\u00bb0&Prime; dima_z_index=\u00a0\u00bb0&Prime; delay=\u00a0\u00bb\u00a0\u00bb delay_duration=\u00a0\u00bb\u00a0\u00bb delay_offset=\u00a0\u00bb\u00a0\u00bb top_and_bottom_padding=\u00a0\u00bb0px\u00a0\u00bb left_and_right_padding=\u00a0\u00bb\u00a0\u00bb width=\u00a0\u00bb1\/1&Prime; id=\u00a0\u00bb\u00a0\u00bb class=\u00a0\u00bb\u00a0\u00bb style=\u00a0\u00bb\u00a0\u00bb][\/vc_column][\/vc_row][vc_row bg_type=\u00a0\u00bb\u00a0\u00bb dima_canvas_style=\u00a0\u00bb\u00a0\u00bb translate_x=\u00a0\u00bb0&Prime; dima_z_index=\u00a0\u00bb0&Prime; delay=\u00a0\u00bb\u00a0\u00bb delay_duration=\u00a0\u00bb\u00a0\u00bb delay_offset=\u00a0\u00bb\u00a0\u00bb top_and_bottom_padding=\u00a0\u00bb0px\u00a0\u00bb left_and_right_padding=\u00a0\u00bb\u00a0\u00bb id=\u00a0\u00bb\u00a0\u00bb class=\u00a0\u00bb\u00a0\u00bb style=\u00a0\u00bb\u00a0\u00bb][vc_column min_height=\u00a0\u00bb\u00a0\u00bb bg_type=\u00a0\u00bb\u00a0\u00bb dima_canvas_style=\u00a0\u00bb\u00a0\u00bb translate_x=\u00a0\u00bb0&Prime; dima_z_index=\u00a0\u00bb0&Prime; delay=\u00a0\u00bb\u00a0\u00bb delay_duration=\u00a0\u00bb\u00a0\u00bb delay_offset=\u00a0\u00bb\u00a0\u00bb top_and_bottom_padding=\u00a0\u00bb0px\u00a0\u00bb left_and_right_padding=\u00a0\u00bb\u00a0\u00bb width=\u00a0\u00bb1\/1&Prime; id=\u00a0\u00bb\u00a0\u00bb class=\u00a0\u00bb\u00a0\u00bb style=\u00a0\u00bb\u00a0\u00bb][vc_row_inner bg_type=\u00a0\u00bb\u00a0\u00bb dima_canvas_style=\u00a0\u00bb\u00a0\u00bb [&hellip;]<\/p>\n","protected":false},"author":1,"featured_media":0,"parent":0,"menu_order":0,"comment_status":"closed","ping_status":"closed","template":"","meta":{"_uf_show_specific_survey":0,"_uf_disable_surveys":false,"footnotes":""},"class_list":["post-26379","page","type-page","status-publish","hentry"],"aioseo_notices":[],"amp_enabled":true,"_links":{"self":[{"href":"https:\/\/sebhau.edu.ly\/fr\/wp-json\/wp\/v2\/pages\/26379","targetHints":{"allow":["GET"]}}],"collection":[{"href":"https:\/\/sebhau.edu.ly\/fr\/wp-json\/wp\/v2\/pages"}],"about":[{"href":"https:\/\/sebhau.edu.ly\/fr\/wp-json\/wp\/v2\/types\/page"}],"author":[{"embeddable":true,"href":"https:\/\/sebhau.edu.ly\/fr\/wp-json\/wp\/v2\/users\/1"}],"replies":[{"embeddable":true,"href":"https:\/\/sebhau.edu.ly\/fr\/wp-json\/wp\/v2\/comments?post=26379"}],"version-history":[{"count":0,"href":"https:\/\/sebhau.edu.ly\/fr\/wp-json\/wp\/v2\/pages\/26379\/revisions"}],"wp:attachment":[{"href":"https:\/\/sebhau.edu.ly\/fr\/wp-json\/wp\/v2\/media?parent=26379"}],"curies":[{"name":"wp","href":"https:\/\/api.w.org\/{rel}","templated":true}]}}