{"id":26380,"date":"2021-08-29T12:47:00","date_gmt":"2021-08-29T09:47:00","guid":{"rendered":"https:\/\/sebhau.edu.ly\/institutional-program-accreditation\/"},"modified":"2024-07-28T11:50:39","modified_gmt":"2024-07-28T08:50:39","slug":"institutional-program-accreditation","status":"publish","type":"page","link":"https:\/\/sebhau.edu.ly\/fr\/institutional-program-accreditation\/","title":{"rendered":"Accr\u00e9ditation institutionnelle"},"content":{"rendered":"<section class=\"wpb-content-wrapper\"><p>[vc_row bg_type=\u00a0\u00bb\u00a0\u00bb dima_canvas_style=\u00a0\u00bb\u00a0\u00bb translate_x=\u00a0\u00bb0&Prime; dima_z_index=\u00a0\u00bb0&Prime; delay=\u00a0\u00bb\u00a0\u00bb delay_duration=\u00a0\u00bb\u00a0\u00bb delay_offset=\u00a0\u00bb\u00a0\u00bb top_and_bottom_padding=\u00a0\u00bb0px\u00a0\u00bb left_and_right_padding=\u00a0\u00bb\u00a0\u00bb id=\u00a0\u00bb\u00a0\u00bb class=\u00a0\u00bb\u00a0\u00bb style=\u00a0\u00bb\u00a0\u00bb][vc_column min_height=\u00a0\u00bb\u00a0\u00bb bg_type=\u00a0\u00bb\u00a0\u00bb dima_canvas_style=\u00a0\u00bb\u00a0\u00bb translate_x=\u00a0\u00bb0&Prime; dima_z_index=\u00a0\u00bb0&Prime; delay=\u00a0\u00bb\u00a0\u00bb delay_duration=\u00a0\u00bb\u00a0\u00bb delay_offset=\u00a0\u00bb\u00a0\u00bb top_and_bottom_padding=\u00a0\u00bb0px\u00a0\u00bb left_and_right_padding=\u00a0\u00bb\u00a0\u00bb width=\u00a0\u00bb1\/1&Prime; id=\u00a0\u00bb\u00a0\u00bb class=\u00a0\u00bb\u00a0\u00bb style=\u00a0\u00bb\u00a0\u00bb]<h2  class=\"dima-custom-heading\" ><\/p>\n<h2><strong>L\u2019Universit\u00e9 de Sebha et l\u2019accr\u00e9ditation institutionnelle et logicielle<\/strong><\/h2>\n<p><\/h2><p>L&rsquo;Universit\u00e9 de Sebha, est la plus grande universit\u00e9 du sud de la Libye, est bas\u00e9e dans la ville de Sebha, l&rsquo;une des principales villes du sud de la Libye. Elle se trouve \u00e0 quelques kilom\u00e8tres de l&rsquo;a\u00e9roport international de Sebha<\/p>\n<p>Au d\u00e9part, la premi\u00e8re entit\u00e9 sur laquelle l&rsquo;universit\u00e9 a \u00e9t\u00e9 fond\u00e9e \u00e9tait la branche de la facult\u00e9 de l&rsquo;\u00e9ducation de Sebha, qui a \u00e9t\u00e9 cr\u00e9\u00e9e en 1976 et faisait partie de l&rsquo;universit\u00e9 de Tripoli. Au d\u00e9but de l&rsquo;ann\u00e9e 1983, la d\u00e9cision n\u00b0 187 de 1983 a \u00e9t\u00e9 prise par l&rsquo;ancien Comit\u00e9 populaire g\u00e9n\u00e9ral concernant la cr\u00e9ation de l&rsquo;Universit\u00e9 de Sebha et l&rsquo;a rendue ind\u00e9pendante pour servir les municipalit\u00e9s du sud de la Libye.<\/p>\n<p>Au d\u00e9part, l&rsquo;universit\u00e9 comprenait les facult\u00e9s de l&rsquo;\u00c9ducation et des Sciences. Au fil du temps, et en fonction des besoins de la r\u00e9gion, plusieurs facult\u00e9s ont \u00e9t\u00e9 ouvertes, les facult\u00e9s de m\u00e9decine , d&rsquo;Agriculture, de Sciences\u00a0,de Technologie et d&rsquo;\u00c9conomie ce qui a port\u00e9 le nombre total de facult\u00e9s de l&rsquo;universit\u00e9 \u00e0 vingt-\u00a0 deux facult\u00e9s r\u00e9parties dans diff\u00e9rentes r\u00e9gions du sud, En plus de cela, il y a sept centres de recherche diff\u00e9rents.<\/p>\n<p>Actuellement, l&rsquo;universit\u00e9 compte plus de 25 000 \u00e9tudiant(e)s, plus de 1300 membres du corps professoral et 3500 employ\u00e9(e)s.<\/p>\n[\/vc_column][\/vc_row][vc_row content_position=\u00a0\u00bbcenter\u00a0\u00bb bg_type=\u00a0\u00bb\u00a0\u00bb dima_canvas_style=\u00a0\u00bb\u00a0\u00bb translate_x=\u00a0\u00bb0&Prime; dima_z_index=\u00a0\u00bb0&Prime; delay=\u00a0\u00bb\u00a0\u00bb delay_duration=\u00a0\u00bb\u00a0\u00bb delay_offset=\u00a0\u00bb\u00a0\u00bb top_and_bottom_padding=\u00a0\u00bb0px\u00a0\u00bb left_and_right_padding=\u00a0\u00bb\u00a0\u00bb id=\u00a0\u00bb\u00a0\u00bb class=\u00a0\u00bb\u00a0\u00bb style=\u00a0\u00bb\u00a0\u00bb][vc_column min_height=\u00a0\u00bb\u00a0\u00bb bg_type=\u00a0\u00bb\u00a0\u00bb dima_canvas_style=\u00a0\u00bb\u00a0\u00bb translate_x=\u00a0\u00bb0&Prime; dima_z_index=\u00a0\u00bb0&Prime; delay=\u00a0\u00bb\u00a0\u00bb delay_duration=\u00a0\u00bb\u00a0\u00bb delay_offset=\u00a0\u00bb\u00a0\u00bb top_and_bottom_padding=\u00a0\u00bb\u00a0\u00bb left_and_right_padding=\u00a0\u00bb\u00a0\u00bb width=\u00a0\u00bb1\/2&Prime;]<p>En 2020, l&rsquo;Universit\u00e9 de Sebha a obtenu l&rsquo;accr\u00e9ditation institutionnelle du <a href=\"https:\/\/qaa.ly\/\">Centre national d&rsquo;approbation de qualit\u00e9 et d&rsquo;accr\u00e9ditation des \u00e9tablissements d&rsquo;enseignement et de formation<\/a>. Ce centre est l&rsquo;un des piliers principaux du minist\u00e8re pour la r\u00e9forme et le d\u00e9veloppement de l&rsquo;\u00e9ducation en Libye, car il est responsable de la promotion de la culture de la qualit\u00e9, ainsi que du d\u00e9veloppement et de l&rsquo;am\u00e9lioration des normes locales conform\u00e9ment aux normes internationales.<\/p>\n<p>Il est charg\u00e9 de l&rsquo;accr\u00e9ditation des institutions \u00e9ducatives et de formation, ainsi que de l&rsquo;am\u00e9lioration de leurs r\u00e9sultats.<\/p>\n[\/vc_column][vc_column min_height=\u00a0\u00bb\u00a0\u00bb bg_type=\u00a0\u00bb\u00a0\u00bb dima_canvas_style=\u00a0\u00bb\u00a0\u00bb translate_x=\u00a0\u00bb0&Prime; dima_z_index=\u00a0\u00bb0&Prime; delay=\u00a0\u00bb\u00a0\u00bb delay_duration=\u00a0\u00bb\u00a0\u00bb delay_offset=\u00a0\u00bb\u00a0\u00bb top_and_bottom_padding=\u00a0\u00bb0px\u00a0\u00bb left_and_right_padding=\u00a0\u00bb\u00a0\u00bb width=\u00a0\u00bb1\/2&Prime; id=\u00a0\u00bb\u00a0\u00bb class=\u00a0\u00bb\u00a0\u00bb style=\u00a0\u00bb\u00a0\u00bb]<div class=\"column-item overflow-hidden text-center columns-4 rounded\"><div class=\"effect-julia\"><a data-lightbox=image  class=\"dima-img  text-center\"  href=\"https:\/\/sebhau.edu.ly\/wp-content\/uploads\/2021\/08\/quality.png\"   ><img loading=\"lazy\" decoding=\"async\" src=\"https:\/\/sebhau.edu.ly\/wp-content\/uploads\/2021\/08\/quality.png\" alt=\"\" width=\"1528\" height=\"1062\"><\/a><\/div><\/div>[\/vc_column][\/vc_row][vc_row content_position=\u00a0\u00bbcenter\u00a0\u00bb bg_type=\u00a0\u00bb\u00a0\u00bb dima_canvas_style=\u00a0\u00bb\u00a0\u00bb translate_x=\u00a0\u00bb0&Prime; dima_z_index=\u00a0\u00bb0&Prime; delay=\u00a0\u00bb\u00a0\u00bb delay_duration=\u00a0\u00bb\u00a0\u00bb delay_offset=\u00a0\u00bb\u00a0\u00bb top_and_bottom_padding=\u00a0\u00bb0px\u00a0\u00bb left_and_right_padding=\u00a0\u00bb\u00a0\u00bb id=\u00a0\u00bb\u00a0\u00bb class=\u00a0\u00bb\u00a0\u00bb style=\u00a0\u00bb\u00a0\u00bb][vc_column min_height=\u00a0\u00bb\u00a0\u00bb bg_type=\u00a0\u00bb\u00a0\u00bb dima_canvas_style=\u00a0\u00bb\u00a0\u00bb translate_x=\u00a0\u00bb0&Prime; dima_z_index=\u00a0\u00bb0&Prime; delay=\u00a0\u00bb\u00a0\u00bb delay_duration=\u00a0\u00bb\u00a0\u00bb delay_offset=\u00a0\u00bb\u00a0\u00bb top_and_bottom_padding=\u00a0\u00bb\u00a0\u00bb left_and_right_padding=\u00a0\u00bb\u00a0\u00bb width=\u00a0\u00bb1\/2&Prime;]<div class=\"column-item overflow-hidden text-center columns-4 circle\"><a data-lightbox=image  class=\"dima-img \"  href=\"https:\/\/sebhau.edu.ly\/wp-content\/uploads\/2021\/08\/quality2.jpg\"   ><img loading=\"lazy\" decoding=\"async\" src=\"https:\/\/sebhau.edu.ly\/wp-content\/uploads\/2021\/08\/quality2.jpg\" alt=\"\" width=\"550\" height=\"450\"><\/a><\/div>[\/vc_column][vc_column min_height=\u00a0\u00bb\u00a0\u00bb content_position=\u00a0\u00bbcenter\u00a0\u00bb bg_type=\u00a0\u00bb\u00a0\u00bb dima_canvas_style=\u00a0\u00bb\u00a0\u00bb translate_x=\u00a0\u00bb0&Prime; dima_z_index=\u00a0\u00bb0&Prime; delay=\u00a0\u00bb\u00a0\u00bb delay_duration=\u00a0\u00bb\u00a0\u00bb delay_offset=\u00a0\u00bb\u00a0\u00bb top_and_bottom_padding=\u00a0\u00bb\u00a0\u00bb left_and_right_padding=\u00a0\u00bb\u00a0\u00bb width=\u00a0\u00bb1\/2&Prime; id=\u00a0\u00bb\u00a0\u00bb class=\u00a0\u00bb\u00a0\u00bb style=\u00a0\u00bb\u00a0\u00bb]<h3  class=\"dima-custom-heading\" ><\/p>\n<h3 style=\"text-align: right;\"><span style=\"color: #000000;\"><strong>En ce qui concerne l&rsquo;accr\u00e9ditation institutionnelle et programmatique des facult\u00e9s :<\/strong><\/span><\/h3>\n<p><\/h3><div class=\"col-md-8 col-right\">\n<div class=\"content-wrapper\">\n<p><a href=\"https:\/\/sebhau.edu.ly\/eng\/\">La Facult\u00e9 des Sciences de l&rsquo;Ing\u00e9nierie et de la Technologie<\/a> de l&rsquo;Universit\u00e9 de Sebha a obtenu l&rsquo;accr\u00e9ditation institutionnelle en 2020, valable pour une p\u00e9riode de trois ans, d\u00e9livr\u00e9e par le <a href=\"https:\/\/qaa.ly\/\">Centre national d&rsquo;assurance qualit\u00e9 et d&rsquo;accr\u00e9ditation des \u00e9tablissements d&rsquo;enseignement et de formation<\/a>.<\/div>\n<\/div>\n<div class=\"col-md-8 col-right\">\n<div class=\"content-wrapper\">\n<p>De m\u00eame, la Facult\u00e9 des Sciences de l&rsquo;Universit\u00e9 de Sebha a \u00e9galement obtenu l&rsquo;accr\u00e9ditation institutionnelle en 2020, valable \u00e9galement pour une p\u00e9riode de trois ans, d\u00e9livr\u00e9e par le Centre national d&rsquo;assurance qualit\u00e9 et d&rsquo;accr\u00e9ditation des \u00e9tablissements d&rsquo;enseignement et de formation.<\/p>\n<\/div>\n<\/div>\n[\/vc_column][\/vc_row]<\/p>\n<\/section>","protected":false},"excerpt":{"rendered":"<p>[vc_row bg_type=\u00a0\u00bb\u00a0\u00bb dima_canvas_style=\u00a0\u00bb\u00a0\u00bb translate_x=\u00a0\u00bb0&Prime; dima_z_index=\u00a0\u00bb0&Prime; delay=\u00a0\u00bb\u00a0\u00bb delay_duration=\u00a0\u00bb\u00a0\u00bb delay_offset=\u00a0\u00bb\u00a0\u00bb top_and_bottom_padding=\u00a0\u00bb0px\u00a0\u00bb left_and_right_padding=\u00a0\u00bb\u00a0\u00bb id=\u00a0\u00bb\u00a0\u00bb class=\u00a0\u00bb\u00a0\u00bb style=\u00a0\u00bb\u00a0\u00bb][vc_column min_height=\u00a0\u00bb\u00a0\u00bb bg_type=\u00a0\u00bb\u00a0\u00bb dima_canvas_style=\u00a0\u00bb\u00a0\u00bb translate_x=\u00a0\u00bb0&Prime; dima_z_index=\u00a0\u00bb0&Prime; delay=\u00a0\u00bb\u00a0\u00bb delay_duration=\u00a0\u00bb\u00a0\u00bb delay_offset=\u00a0\u00bb\u00a0\u00bb top_and_bottom_padding=\u00a0\u00bb0px\u00a0\u00bb left_and_right_padding=\u00a0\u00bb\u00a0\u00bb width=\u00a0\u00bb1\/1&Prime; id=\u00a0\u00bb\u00a0\u00bb class=\u00a0\u00bb\u00a0\u00bb style=\u00a0\u00bb\u00a0\u00bb][\/vc_column][\/vc_row][vc_row content_position=\u00a0\u00bbcenter\u00a0\u00bb bg_type=\u00a0\u00bb\u00a0\u00bb dima_canvas_style=\u00a0\u00bb\u00a0\u00bb translate_x=\u00a0\u00bb0&Prime; dima_z_index=\u00a0\u00bb0&Prime; delay=\u00a0\u00bb\u00a0\u00bb delay_duration=\u00a0\u00bb\u00a0\u00bb delay_offset=\u00a0\u00bb\u00a0\u00bb top_and_bottom_padding=\u00a0\u00bb0px\u00a0\u00bb left_and_right_padding=\u00a0\u00bb\u00a0\u00bb id=\u00a0\u00bb\u00a0\u00bb class=\u00a0\u00bb\u00a0\u00bb style=\u00a0\u00bb\u00a0\u00bb][vc_column min_height=\u00a0\u00bb\u00a0\u00bb bg_type=\u00a0\u00bb\u00a0\u00bb dima_canvas_style=\u00a0\u00bb\u00a0\u00bb translate_x=\u00a0\u00bb0&Prime; dima_z_index=\u00a0\u00bb0&Prime; delay=\u00a0\u00bb\u00a0\u00bb delay_duration=\u00a0\u00bb\u00a0\u00bb delay_offset=\u00a0\u00bb\u00a0\u00bb top_and_bottom_padding=\u00a0\u00bb\u00a0\u00bb left_and_right_padding=\u00a0\u00bb\u00a0\u00bb width=\u00a0\u00bb1\/2&Prime;][\/vc_column][vc_column min_height=\u00a0\u00bb\u00a0\u00bb bg_type=\u00a0\u00bb\u00a0\u00bb dima_canvas_style=\u00a0\u00bb\u00a0\u00bb translate_x=\u00a0\u00bb0&Prime; [&hellip;]<\/p>\n","protected":false},"author":1,"featured_media":0,"parent":0,"menu_order":0,"comment_status":"closed","ping_status":"closed","template":"","meta":{"_uf_show_specific_survey":0,"_uf_disable_surveys":false,"footnotes":""},"class_list":["post-26380","page","type-page","status-publish","hentry"],"aioseo_notices":[],"amp_enabled":true,"_links":{"self":[{"href":"https:\/\/sebhau.edu.ly\/fr\/wp-json\/wp\/v2\/pages\/26380","targetHints":{"allow":["GET"]}}],"collection":[{"href":"https:\/\/sebhau.edu.ly\/fr\/wp-json\/wp\/v2\/pages"}],"about":[{"href":"https:\/\/sebhau.edu.ly\/fr\/wp-json\/wp\/v2\/types\/page"}],"author":[{"embeddable":true,"href":"https:\/\/sebhau.edu.ly\/fr\/wp-json\/wp\/v2\/users\/1"}],"replies":[{"embeddable":true,"href":"https:\/\/sebhau.edu.ly\/fr\/wp-json\/wp\/v2\/comments?post=26380"}],"version-history":[{"count":0,"href":"https:\/\/sebhau.edu.ly\/fr\/wp-json\/wp\/v2\/pages\/26380\/revisions"}],"wp:attachment":[{"href":"https:\/\/sebhau.edu.ly\/fr\/wp-json\/wp\/v2\/media?parent=26380"}],"curies":[{"name":"wp","href":"https:\/\/api.w.org\/{rel}","templated":true}]}}