{"id":26382,"date":"2021-08-29T12:17:35","date_gmt":"2021-08-29T09:17:35","guid":{"rendered":"https:\/\/sebhau.edu.ly\/vision-mission-goals\/"},"modified":"2024-10-03T08:41:51","modified_gmt":"2024-10-03T05:41:51","slug":"vision-mission-goals","status":"publish","type":"page","link":"https:\/\/sebhau.edu.ly\/fr\/vision-mission-goals\/","title":{"rendered":"Vision , mission et ojectifs"},"content":{"rendered":"<section class=\"wpb-content-wrapper\"><p>[vc_row bg_type=\u00a0\u00bb\u00a0\u00bb dima_canvas_style=\u00a0\u00bb\u00a0\u00bb translate_x=\u00a0\u00bb0&Prime; dima_z_index=\u00a0\u00bb0&Prime; delay=\u00a0\u00bb\u00a0\u00bb delay_duration=\u00a0\u00bb\u00a0\u00bb delay_offset=\u00a0\u00bb\u00a0\u00bb top_and_bottom_padding=\u00a0\u00bb\u00a0\u00bb left_and_right_padding=\u00a0\u00bb\u00a0\u00bb id=\u00a0\u00bb\u00a0\u00bb class=\u00a0\u00bb\u00a0\u00bb style=\u00a0\u00bb\u00a0\u00bb][vc_column min_height=\u00a0\u00bb\u00a0\u00bb bg_type=\u00a0\u00bb\u00a0\u00bb dima_canvas_style=\u00a0\u00bb\u00a0\u00bb translate_x=\u00a0\u00bb0&Prime; dima_z_index=\u00a0\u00bb0&Prime; delay=\u00a0\u00bb\u00a0\u00bb delay_duration=\u00a0\u00bb\u00a0\u00bb delay_offset=\u00a0\u00bb\u00a0\u00bb top_and_bottom_padding=\u00a0\u00bb\u00a0\u00bb left_and_right_padding=\u00a0\u00bb\u00a0\u00bb width=\u00a0\u00bb1\/1&Prime;]<h3  class=\"dima-custom-heading\" ><\/p>\n<h2><strong>Premi\u00e8rement : Vision de l&rsquo;universit\u00e9:<\/strong><\/h2>\n<p><\/h3><p>L&rsquo;excellence au niveau local, r\u00e9gional et mondial, le leadership dans les domaines de l&rsquo;\u00e9ducation, de la recherche scientifique et du service \u00e0 la communaut\u00e9.<\/p>\n<h3  class=\"dima-custom-heading\" ><\/p>\n<h2><strong>Deuxi\u00e8mement : Mission de l&rsquo;universit\u00e9 :<\/strong><\/h2>\n<p><\/h3><p>La diffusion des connaissances et le d\u00e9veloppement de la recherche scientifique en utilisant les m\u00e9thodes les plus r\u00e9centes, en encourageant l&rsquo;innovation et l&rsquo;excellence dans le service \u00e0 la communaut\u00e9, en localisant et en utilisant la technologie gr\u00e2ce \u00e0 un partenariat actif avec des institutions locales et internationales, et en r\u00e9pondant aux besoins de la soci\u00e9t\u00e9 en termes d&rsquo;expertise et de comp\u00e9tences scientifiques capables d&rsquo;interagir avec les probl\u00e8mes de la soci\u00e9t\u00e9.<\/p>\n<h3  class=\"dima-custom-heading\" ><\/p>\n<h2><strong>Troisi\u00e8mement : Objectifs de l&rsquo;universit\u00e9 :<\/strong><\/h2>\n<p><\/h3><ul  class=\"list-style check\" ><li   >Renforcer les valeurs islamiques, la culture arabe et promouvoir l&rsquo;esprit national.<\/li><li   >Promouvoir la recherche scientifique et s&rsquo;efforcer de diffuser les connaissances et la pens\u00e9e critique.<\/li><li   >Utiliser les connaissances scientifiques dans le domaine de la production et du d\u00e9veloppement de la soci\u00e9t\u00e9.<\/li><li   >Former des sp\u00e9cialistes dans divers domaines de la connaissance pour suivre les avanc\u00e9es dans le domaine de la science et de la technologie.<\/li><li   >Faire de l&rsquo;universit\u00e9 un centre d&rsquo;attraction pour l&rsquo;expertise et les comp\u00e9tences scientifiques capables de construire et de d\u00e9velopper.<\/li><li   >Appliquer des normes strictes pour gouverner les performances afin de porter l&rsquo;universit\u00e9 aux plus hauts niveaux de qualit\u00e9 et la hisser au niveau international.<\/li><li   >Maximiser l&rsquo;utilisation des capacit\u00e9s et des ressources disponibles de l&rsquo;universit\u00e9 pour am\u00e9liorer les performances et les r\u00e9sultats<\/li><\/ul><h3  class=\"dima-custom-heading\" ><\/p>\n<h2><strong>Quatri\u00e8mement : Les valeurs:<\/strong><\/h2>\n<p><\/h3><ul  class=\"list-style check\" ><li   >Qualit\u00e9.<\/li><li   >Excellence et \u00e9ducation continue.<\/li><li   >D\u00e9veloppement continu.<\/li><li   >Int\u00e9grit\u00e9 et transparence.<\/li><li   >Responsabilit\u00e9 sociale.<\/li><\/ul><h3  class=\"dima-custom-heading\" ><\/p>\n<h2><strong>Cinqui\u00e8mement : Objectifs :<\/strong><\/h2>\n<p><\/h3><ul  class=\"list-style check\" ><li   >Graduer des cadres distingu\u00e9s capables d&rsquo;innover et de concurrencer sur le march\u00e9 du travail.<\/li><li   >D\u00e9velopper les \u00e9tudes universitaires, sup\u00e9rieures et la recherche scientifique.<\/li><li   >Servir la communaut\u00e9 et l&rsquo;environnement.<\/li><\/ul>[\/vc_column][\/vc_row][vc_row bg_type=\u00a0\u00bb\u00a0\u00bb dima_canvas_style=\u00a0\u00bb\u00a0\u00bb translate_x=\u00a0\u00bb0&Prime; dima_z_index=\u00a0\u00bb0&Prime; delay=\u00a0\u00bb\u00a0\u00bb delay_duration=\u00a0\u00bb\u00a0\u00bb delay_offset=\u00a0\u00bb\u00a0\u00bb][vc_column min_height=\u00a0\u00bb\u00a0\u00bb bg_type=\u00a0\u00bb\u00a0\u00bb dima_canvas_style=\u00a0\u00bb\u00a0\u00bb translate_x=\u00a0\u00bb0&Prime; dima_z_index=\u00a0\u00bb0&Prime; delay=\u00a0\u00bb\u00a0\u00bb delay_duration=\u00a0\u00bb\u00a0\u00bb delay_offset=\u00a0\u00bb\u00a0\u00bb width=\u00a0\u00bb1\/1&Prime;]<div class=\"column-item overflow-hidden text-center rounded\"><img loading=\"lazy\" decoding=\"async\" width=\"900\" height=\"501\"  class=\"dima-img \" src=\"https:\/\/sebhau.edu.ly\/wp-content\/uploads\/2021\/08\/maxresdefault-1-1-1110x740-1.jpg\"   alt=\"\"><\/div>[\/vc_column][\/vc_row][vc_row content_position=\u00a0\u00bbcenter\u00a0\u00bb bg_type=\u00a0\u00bb\u00a0\u00bb dima_canvas_style=\u00a0\u00bb\u00a0\u00bb translate_x=\u00a0\u00bb0&Prime; dima_z_index=\u00a0\u00bb0&Prime; delay=\u00a0\u00bb\u00a0\u00bb delay_duration=\u00a0\u00bb\u00a0\u00bb delay_offset=\u00a0\u00bb\u00a0\u00bb full_width=\u00a0\u00bbfull_width\u00a0\u00bb top_and_bottom_padding=\u00a0\u00bb0px\u00a0\u00bb left_and_right_padding=\u00a0\u00bb\u00a0\u00bb id=\u00a0\u00bb\u00a0\u00bb class=\u00a0\u00bb\u00a0\u00bb style=\u00a0\u00bb\u00a0\u00bb border_color=\u00a0\u00bb\u00a0\u00bb tutorials=\u00a0\u00bb\u00a0\u00bb][vc_column min_height=\u00a0\u00bb\u00a0\u00bb bg_type=\u00a0\u00bb\u00a0\u00bb dima_canvas_style=\u00a0\u00bb\u00a0\u00bb translate_x=\u00a0\u00bb0&Prime; dima_z_index=\u00a0\u00bb0&Prime; delay=\u00a0\u00bb\u00a0\u00bb delay_duration=\u00a0\u00bb\u00a0\u00bb delay_offset=\u00a0\u00bb\u00a0\u00bb top_and_bottom_padding=\u00a0\u00bb\u00a0\u00bb left_and_right_padding=\u00a0\u00bb\u00a0\u00bb width=\u00a0\u00bb1\/1&Prime;]<a href='https:\/\/www.youtube.com\/channel\/UCjEGH--aN7rRas_lAdqF35Q' target=\"_blank\" rel=\"noopener\"><div  class=\"dima-iconbox no-box text-center features-box\" ><header  class=\"icon-box-header\" ><span style=\"box-shadow: 0 0 0 1px #d6d6d6;color:#022b65;\" class=\"svg_icon  box-circle icon-box-medium  icon-box-hover\" ><i class=\"fab fa-youtube\"><\/i><span class=\"topaz-hover\"><\/span><\/span><\/header><div  class=\"features-content\" ><h5 class=\"features-title\" >Galerie vid\u00e9o<\/h5><\/div><\/div><\/a>[\/vc_column][\/vc_row]<\/p>\n<\/section>","protected":false},"excerpt":{"rendered":"<p>[vc_row bg_type=\u00a0\u00bb\u00a0\u00bb dima_canvas_style=\u00a0\u00bb\u00a0\u00bb translate_x=\u00a0\u00bb0&Prime; dima_z_index=\u00a0\u00bb0&Prime; delay=\u00a0\u00bb\u00a0\u00bb delay_duration=\u00a0\u00bb\u00a0\u00bb delay_offset=\u00a0\u00bb\u00a0\u00bb top_and_bottom_padding=\u00a0\u00bb\u00a0\u00bb left_and_right_padding=\u00a0\u00bb\u00a0\u00bb id=\u00a0\u00bb\u00a0\u00bb class=\u00a0\u00bb\u00a0\u00bb style=\u00a0\u00bb\u00a0\u00bb][vc_column min_height=\u00a0\u00bb\u00a0\u00bb bg_type=\u00a0\u00bb\u00a0\u00bb dima_canvas_style=\u00a0\u00bb\u00a0\u00bb translate_x=\u00a0\u00bb0&Prime; dima_z_index=\u00a0\u00bb0&Prime; delay=\u00a0\u00bb\u00a0\u00bb delay_duration=\u00a0\u00bb\u00a0\u00bb delay_offset=\u00a0\u00bb\u00a0\u00bb top_and_bottom_padding=\u00a0\u00bb\u00a0\u00bb left_and_right_padding=\u00a0\u00bb\u00a0\u00bb width=\u00a0\u00bb1\/1&Prime;][\/vc_column][\/vc_row][vc_row bg_type=\u00a0\u00bb\u00a0\u00bb dima_canvas_style=\u00a0\u00bb\u00a0\u00bb translate_x=\u00a0\u00bb0&Prime; dima_z_index=\u00a0\u00bb0&Prime; delay=\u00a0\u00bb\u00a0\u00bb delay_duration=\u00a0\u00bb\u00a0\u00bb delay_offset=\u00a0\u00bb\u00a0\u00bb][vc_column min_height=\u00a0\u00bb\u00a0\u00bb bg_type=\u00a0\u00bb\u00a0\u00bb dima_canvas_style=\u00a0\u00bb\u00a0\u00bb translate_x=\u00a0\u00bb0&Prime; dima_z_index=\u00a0\u00bb0&Prime; delay=\u00a0\u00bb\u00a0\u00bb delay_duration=\u00a0\u00bb\u00a0\u00bb delay_offset=\u00a0\u00bb\u00a0\u00bb width=\u00a0\u00bb1\/1&Prime;][\/vc_column][\/vc_row][vc_row content_position=\u00a0\u00bbcenter\u00a0\u00bb bg_type=\u00a0\u00bb\u00a0\u00bb dima_canvas_style=\u00a0\u00bb\u00a0\u00bb translate_x=\u00a0\u00bb0&Prime; dima_z_index=\u00a0\u00bb0&Prime; delay=\u00a0\u00bb\u00a0\u00bb delay_duration=\u00a0\u00bb\u00a0\u00bb delay_offset=\u00a0\u00bb\u00a0\u00bb full_width=\u00a0\u00bbfull_width\u00a0\u00bb top_and_bottom_padding=\u00a0\u00bb0px\u00a0\u00bb left_and_right_padding=\u00a0\u00bb\u00a0\u00bb id=\u00a0\u00bb\u00a0\u00bb class=\u00a0\u00bb\u00a0\u00bb style=\u00a0\u00bb\u00a0\u00bb border_color=\u00a0\u00bb\u00a0\u00bb [&hellip;]<\/p>\n","protected":false},"author":1,"featured_media":0,"parent":0,"menu_order":0,"comment_status":"closed","ping_status":"closed","template":"","meta":{"_uf_show_specific_survey":0,"_uf_disable_surveys":false,"footnotes":""},"class_list":["post-26382","page","type-page","status-publish","hentry"],"aioseo_notices":[],"amp_enabled":true,"_links":{"self":[{"href":"https:\/\/sebhau.edu.ly\/fr\/wp-json\/wp\/v2\/pages\/26382","targetHints":{"allow":["GET"]}}],"collection":[{"href":"https:\/\/sebhau.edu.ly\/fr\/wp-json\/wp\/v2\/pages"}],"about":[{"href":"https:\/\/sebhau.edu.ly\/fr\/wp-json\/wp\/v2\/types\/page"}],"author":[{"embeddable":true,"href":"https:\/\/sebhau.edu.ly\/fr\/wp-json\/wp\/v2\/users\/1"}],"replies":[{"embeddable":true,"href":"https:\/\/sebhau.edu.ly\/fr\/wp-json\/wp\/v2\/comments?post=26382"}],"version-history":[{"count":0,"href":"https:\/\/sebhau.edu.ly\/fr\/wp-json\/wp\/v2\/pages\/26382\/revisions"}],"wp:attachment":[{"href":"https:\/\/sebhau.edu.ly\/fr\/wp-json\/wp\/v2\/media?parent=26382"}],"curies":[{"name":"wp","href":"https:\/\/api.w.org\/{rel}","templated":true}]}}