{"id":26383,"date":"2021-08-29T12:14:40","date_gmt":"2021-08-29T09:14:40","guid":{"rendered":"https:\/\/sebhau.edu.ly\/why-sebha-university\/"},"modified":"2024-10-14T22:53:42","modified_gmt":"2024-10-14T19:53:42","slug":"why-sebha-university","status":"publish","type":"page","link":"https:\/\/sebhau.edu.ly\/fr\/why-sebha-university\/","title":{"rendered":"Pour quoi l\u2019universit\u00e9 de Sebha(travail et \u00e9tudes)"},"content":{"rendered":"<section class=\"wpb-content-wrapper\"><p>[vc_row bg_type=\u00a0\u00bb\u00a0\u00bb dima_canvas_style=\u00a0\u00bb\u00a0\u00bb translate_x=\u00a0\u00bb0&Prime; dima_z_index=\u00a0\u00bb0&Prime; delay=\u00a0\u00bb\u00a0\u00bb delay_duration=\u00a0\u00bb\u00a0\u00bb delay_offset=\u00a0\u00bb\u00a0\u00bb top_and_bottom_padding=\u00a0\u00bb\u00a0\u00bb left_and_right_padding=\u00a0\u00bb\u00a0\u00bb][vc_column min_height=\u00a0\u00bb\u00a0\u00bb bg_type=\u00a0\u00bb\u00a0\u00bb dima_canvas_style=\u00a0\u00bb\u00a0\u00bb translate_x=\u00a0\u00bb0&Prime; dima_z_index=\u00a0\u00bb0&Prime; delay=\u00a0\u00bb\u00a0\u00bb delay_duration=\u00a0\u00bb\u00a0\u00bb delay_offset=\u00a0\u00bb\u00a0\u00bb top_and_bottom_padding=\u00a0\u00bb\u00a0\u00bb left_and_right_padding=\u00a0\u00bb\u00a0\u00bb width=\u00a0\u00bb1\/1&Prime;]<h2  class=\"dima-custom-heading\" ><strong>Pour quoi <a href=\"http:\/\/sebhau.edu.ly\/\">l\u2019Universit\u00e9 de Sebha<\/a> (travailler et \u00e9tudier)<\/strong><\/h2><p>Il existe plusieurs facteurs qui ont fait de l&rsquo;Universit\u00e9 de Sebha un centre d&rsquo;excellence et d&rsquo;innovation, ainsi qu&rsquo;une destination pris\u00e9e pour les \u00e9tudes et le travail. Parmi ces facteurs, on compte les nombreuses installations disponibles \u00e0 l&rsquo;universit\u00e9, notamment les cliniques de m\u00e9decine humaine, de m\u00e9decine dentaire et de chirurgie buccale, la biblioth\u00e8que centrale et le centre d\u2019apprentissage des langues.<\/p>\n<h4  class=\"dima-custom-heading\" >Parmi les facteurs importants, on peut mentionner\u00a0:<\/p>\n<p><strong>Premi\u00e8rement : les r\u00e9alisations de l\u2019Universit\u00e9\u00a0:<\/strong><\/h4><ul  class=\"list-style stars\" ><li   >L&rsquo;universit\u00e9 s&rsquo;est class\u00e9e premi\u00e8re parmi les universit\u00e9s libyennes dans le classement national de 2020 des sites Web par le Comit\u00e9 national de classification des universit\u00e9s libyennes<\/li><li   >L&rsquo;universit\u00e9 s&rsquo;est class\u00e9e quatri\u00e8me dans le classement mondial des universit\u00e9s publi\u00e9 par Webometrics en 2020.<\/li><li   >Elle s&rsquo;est class\u00e9e deuxi\u00e8me en termes de citations scientifiques sur Google Scholar en Libye.<\/li><li   >Membre de l&rsquo;Union des universit\u00e9s arabes, africaines et internationales.<\/li><\/ul><h4  class=\"dima-custom-heading\" ><strong>Initiatives prises par l&rsquo;universit\u00e9\u00a0:<\/strong> <strong>deuxi\u00e8mement <\/strong><\/h4><ul  class=\"list-style stars\" ><li   >Adoption d&rsquo;une politique de qualit\u00e9 en ouvrant le premier bureau de la qualit\u00e9 et de l&rsquo;\u00e9valuation des performances parmi les universit\u00e9s libyennes en 2004, avec un engagement envers les m\u00e9thodes d&rsquo;am\u00e9lioration et de d\u00e9veloppement pour assurer la qualit\u00e9 de ses services pour les \u00e9tudiants et le personnel.<\/li><li   >Adoption d&rsquo;une politique de formation pour les \u00e9tudiants et le personnel de l&rsquo;universit\u00e9 en ouvrant le premier centre de formation et de d\u00e9veloppement parmi les universit\u00e9s libyennes en 2016.<\/li><li   >Adoption d&rsquo;une politique de propri\u00e9t\u00e9 intellectuelle en ouvrant le premier bureau de propri\u00e9t\u00e9 intellectuelle, de brevets et d&rsquo;innovation parmi les universit\u00e9s libyennes.<\/li><li   >Adoption d&rsquo;une politique de soutien \u00e0 la recherche scientifique en la publiant au niveau local et r\u00e9gional par l&rsquo;ouverture de trois revues scientifiques \u00e9valu\u00e9es par les pairs en 1992. .<\/li><li   >Adoption d&rsquo;une politique de recherche scientifique et de son soutien \u00e0 travers le Prix de la recherche distingu\u00e9e d\u00e9cern\u00e9 par le Centre de recherche et de consultation.<\/li><li   >Adoption d&rsquo;une politique d&rsquo;universit\u00e9 \u00e9lectronique en ouvrant le premier centre de d\u00e9veloppement informatique parmi les universit\u00e9s libyennes en 2013 pour promouvoir l&rsquo;utilisation des proc\u00e9dures \u00e9lectroniques internes.<\/li><li   >Adoption d&rsquo;une politique de service \u00e0 la communaut\u00e9 et \u00e0 l&rsquo;environnement en ouvrant le premier centre de service \u00e0 la communaut\u00e9 et \u00e0 l&rsquo;environnement parmi les universit\u00e9s libyennes en 2020 pour fournir des services de consultation \u00e0 la communaut\u00e9 locale.<\/li><li   >Adoption d&rsquo;une politique de transparence dans la nomination des postes de direction par le biais de la s\u00e9lection, y compris le recteur de l&rsquo;universit\u00e9, le doyen de la facult\u00e9, le vice-recteur et les affaires administratives.<\/li><\/ul><h4  class=\"dima-custom-heading\" ><strong>Troisi\u00e8mement, en ce qui concerne ses \u00e9tudiants\u00a0:<\/strong><\/h4><ul  class=\"list-style stars\" ><li   >Les dipl\u00f4m\u00e9s de l&rsquo;universit\u00e9 ont occup\u00e9 des postes de premier plan dans l&rsquo;\u00c9tat libyen.<\/li><li   >L&rsquo;universit\u00e9 est en phase avec l&rsquo;\u00e8re de la r\u00e9volution informatique dans toutes les proc\u00e9dures administratives et acad\u00e9miques.<\/li><li   >Elle offre une bourse d&rsquo;\u00e9tudes annuelle aux \u00e9tudiants en provenance du Tchad<\/li><\/ul>[\/vc_column][\/vc_row]<\/p>\n<\/section>","protected":false},"excerpt":{"rendered":"<p>[vc_row bg_type=\u00a0\u00bb\u00a0\u00bb dima_canvas_style=\u00a0\u00bb\u00a0\u00bb translate_x=\u00a0\u00bb0&Prime; dima_z_index=\u00a0\u00bb0&Prime; delay=\u00a0\u00bb\u00a0\u00bb delay_duration=\u00a0\u00bb\u00a0\u00bb delay_offset=\u00a0\u00bb\u00a0\u00bb top_and_bottom_padding=\u00a0\u00bb\u00a0\u00bb left_and_right_padding=\u00a0\u00bb\u00a0\u00bb][vc_column min_height=\u00a0\u00bb\u00a0\u00bb bg_type=\u00a0\u00bb\u00a0\u00bb dima_canvas_style=\u00a0\u00bb\u00a0\u00bb translate_x=\u00a0\u00bb0&Prime; dima_z_index=\u00a0\u00bb0&Prime; delay=\u00a0\u00bb\u00a0\u00bb delay_duration=\u00a0\u00bb\u00a0\u00bb delay_offset=\u00a0\u00bb\u00a0\u00bb top_and_bottom_padding=\u00a0\u00bb\u00a0\u00bb left_and_right_padding=\u00a0\u00bb\u00a0\u00bb width=\u00a0\u00bb1\/1&Prime;][\/vc_column][\/vc_row]<\/p>\n","protected":false},"author":1,"featured_media":0,"parent":0,"menu_order":0,"comment_status":"closed","ping_status":"closed","template":"","meta":{"_uf_show_specific_survey":0,"_uf_disable_surveys":false,"footnotes":""},"class_list":["post-26383","page","type-page","status-publish","hentry"],"aioseo_notices":[],"amp_enabled":true,"_links":{"self":[{"href":"https:\/\/sebhau.edu.ly\/fr\/wp-json\/wp\/v2\/pages\/26383","targetHints":{"allow":["GET"]}}],"collection":[{"href":"https:\/\/sebhau.edu.ly\/fr\/wp-json\/wp\/v2\/pages"}],"about":[{"href":"https:\/\/sebhau.edu.ly\/fr\/wp-json\/wp\/v2\/types\/page"}],"author":[{"embeddable":true,"href":"https:\/\/sebhau.edu.ly\/fr\/wp-json\/wp\/v2\/users\/1"}],"replies":[{"embeddable":true,"href":"https:\/\/sebhau.edu.ly\/fr\/wp-json\/wp\/v2\/comments?post=26383"}],"version-history":[{"count":0,"href":"https:\/\/sebhau.edu.ly\/fr\/wp-json\/wp\/v2\/pages\/26383\/revisions"}],"wp:attachment":[{"href":"https:\/\/sebhau.edu.ly\/fr\/wp-json\/wp\/v2\/media?parent=26383"}],"curies":[{"name":"wp","href":"https:\/\/api.w.org\/{rel}","templated":true}]}}