{"id":26386,"date":"2021-08-29T12:06:59","date_gmt":"2021-08-29T09:06:59","guid":{"rendered":"https:\/\/sebhau.edu.ly\/about\/"},"modified":"2024-10-16T12:22:43","modified_gmt":"2024-10-16T09:22:43","slug":"about","status":"publish","type":"page","link":"https:\/\/sebhau.edu.ly\/fr\/about\/","title":{"rendered":"\u00c0 propos de l\u2019universit\u00e9"},"content":{"rendered":"<section class=\"wpb-content-wrapper\"><p>[vc_row bg_type=\u00a0\u00bb\u00a0\u00bb dima_canvas_style=\u00a0\u00bb\u00a0\u00bb translate_x=\u00a0\u00bb0&Prime; dima_z_index=\u00a0\u00bb0&Prime; delay=\u00a0\u00bb\u00a0\u00bb delay_duration=\u00a0\u00bb\u00a0\u00bb delay_offset=\u00a0\u00bb\u00a0\u00bb top_and_bottom_padding=\u00a0\u00bb\u00a0\u00bb left_and_right_padding=\u00a0\u00bb\u00a0\u00bb][vc_column min_height=\u00a0\u00bb\u00a0\u00bb bg_type=\u00a0\u00bb\u00a0\u00bb dima_canvas_style=\u00a0\u00bb\u00a0\u00bb translate_x=\u00a0\u00bb0&Prime; dima_z_index=\u00a0\u00bb0&Prime; delay=\u00a0\u00bb\u00a0\u00bb delay_duration=\u00a0\u00bb\u00a0\u00bb delay_offset=\u00a0\u00bb\u00a0\u00bb top_and_bottom_padding=\u00a0\u00bb0px\u00a0\u00bb left_and_right_padding=\u00a0\u00bb\u00a0\u00bb width=\u00a0\u00bb1\/1&Prime; id=\u00a0\u00bb\u00a0\u00bb class=\u00a0\u00bb\u00a0\u00bb style=\u00a0\u00bb\u00a0\u00bb]<h2  class=\"dima-custom-heading text-center\" ><\/p>\n<h2 style=\"text-align: left;\"><strong>\u00c0 propos de l&rsquo;universit\u00e9 <\/strong><\/h2>\n<p><\/h2><p>L&rsquo;Universit\u00e9 Sebha est la plus grande universit\u00e9 du sud de la Libye. Son si\u00e8ge est dans la ville de Sabha. Les plus grandes villes du sud de la Libye, Il est situ\u00e9 \u00e0 quelques kilom\u00e8tres de l\u2019a\u00e9roport international de Sebha. Le premier noyau sur lequel l&rsquo;universit\u00e9 a \u00e9t\u00e9 fond\u00e9e \u00e9tait le Coll\u00e8ge d&rsquo;\u00c9ducation &#8211; Branche Sebha. Qui a \u00e9t\u00e9 cr\u00e9\u00e9 en 1976 apr\u00e8s JC, Affili\u00e9 \u00e0 l&rsquo;Universit\u00e9 de Tripoli, Au d\u00e9but de 1983, la r\u00e9solution n\u00b0 187 de 1983 a \u00e9t\u00e9 publi\u00e9e. De l\u2019ancien Comit\u00e9 populaire g\u00e9n\u00e9ral concernant la cr\u00e9ation de l\u2019Universit\u00e9 Sebha, Et en faire une universit\u00e9 ind\u00e9pendante au service des municipalit\u00e9s du sud de la Libye.<\/p>\n<p>Initialement, les coll\u00e8ges d&rsquo;\u00e9ducation et de sciences ont \u00e9t\u00e9 cr\u00e9\u00e9s. Puis les facult\u00e9s de m\u00e9decine humaine et d&rsquo;agriculture leur furent rattach\u00e9es. sciences de l&rsquo;ing\u00e9nieur et techniques, L&rsquo;\u00e9conomie et la comptabilit\u00e9 jusqu&rsquo;\u00e0 ce que le nombre de coll\u00e8ges universitaires atteigne vingt-deux coll\u00e8ges. Distribu\u00e9 dans les r\u00e9gions du sud, En plus de 7 centres de recherche diff\u00e9rents, L&rsquo;universit\u00e9 compte actuellement plus de (25 000) \u00e9tudiants, hommes et femmes. Et plus de (1300) professeurs, Et (3500) salari\u00e9s hommes et femmes.<\/p>\n<p>L&rsquo;universit\u00e9 organise p\u00e9riodiquement des activit\u00e9s scientifiques et sportives, Expositions et conf\u00e9rences scientifiques, S\u00e9minaires de sensibilisation, et des stages de formation, \u00c9valuer la recherche scientifique dans des revues scientifiques locales et internationales, Elle participe \u00e9galement \u00e0 diverses activit\u00e9s organis\u00e9es par d&rsquo;autres universit\u00e9s en Libye et \u00e0 l&rsquo;\u00e9tranger.<\/p>\n<h3  class=\"dima-custom-heading\" ><\/p>\n<h2><strong>\u00c9tudes de premier cycle dans les coll\u00e8ges<\/strong><\/h2>\n<p><\/h3><h3  class=\"dima-custom-heading\" ><\/p>\n<h2 style=\"text-align: left;\">Programmes \u00e9ducatifs et acad\u00e9miques \u00e0 l&rsquo;universit\u00e9<\/h2>\n<p><\/h3><p>L&rsquo;Universit\u00e9 Sebha propose plusieurs programmes acad\u00e9miques dans divers coll\u00e8ges de l&rsquo;universit\u00e9. Les \u00e9tudiants re\u00e7oivent des certificats universitaires dans tous les d\u00e9partements\u00a0; Selon les projets acad\u00e9miques des coll\u00e8ges :<\/p>\n<h3  class=\"dima-custom-heading\" ><\/p>\n<h2><strong>\u00c9tudes sup\u00e9rieures dans les coll\u00e8ges<\/strong><\/h2>\n<div id=\"gtx-trans\" style=\"position: absolute; left: 971px; top: -9.6px;\">\n<div class=\"gtx-trans-icon\"><\/div>\n<\/div>\n<p><\/h3><p>Le programme d&rsquo;\u00e9tudes sup\u00e9rieures de l&rsquo;universit\u00e9 a d\u00e9but\u00e9 au Coll\u00e8ge des Arts, Au cours de l&rsquo;ann\u00e9e universitaire 1990\/1991 apr\u00e8s JC, Il a \u00e9t\u00e9 suivi par les coll\u00e8ges : sciences, ing\u00e9nierie, technologie, Agriculture, ing\u00e9nierie \u00e9nerg\u00e9tique et mines.<\/p>\n<p>L&rsquo;universit\u00e9 propose un programme de troisi\u00e8me cycle (ma\u00eetrise) selon les plans d&rsquo;\u00e9tudes du coll\u00e8ge. Elle poursuit actuellement son programme de doctorat.<\/p>\n<p>Le nombre total de programmes \u00e9ducatifs au niveau sup\u00e9rieur est de 22 programmes r\u00e9partis dans cinq coll\u00e8ges :<\/p>\n<ul  class=\"list-style check\" ><li   >Facult\u00e9 des lettres: Le certificat de troisi\u00e8me cycle est d\u00e9livr\u00e9 dans les d\u00e9partements suivants : Langue arabe, sciences coraniques, histoire, interpr\u00e9tation, g\u00e9ographie, psychologie, sociologie, langue anglaise.<\/li><li   >Facult\u00e9 des sciences: Le Certificat Sup\u00e9rieur (Master) est d\u00e9livr\u00e9 dans les d\u00e9partements suivants : Chimie, plantes, zoologie, physique, informatique, math\u00e9matiques.<\/li><li   >Coll\u00e8ge des Sciences de l&rsquo;Ing\u00e9nierie et Techniques : Le dipl\u00f4me de troisi\u00e8me cycle (master) est d\u00e9livr\u00e9 dans les d\u00e9partements suivants\u00a0: G\u00e9nie civil &#8211; G\u00e9nie \u00e9lectronique &#8211; Sciences de laboratoire m\u00e9dical &#8211; Sciences de l&rsquo;environnement &#8211; Sciences et technologies alimentaires.<\/li><li   >Facult\u00e9 de l&rsquo;\u00c9nergie et des Mines : Le Dipl\u00f4me Sup\u00e9rieur (Master) en \u00c9nergies Renouvelables est d\u00e9livr\u00e9 au D\u00e9partement des \u00c9nergies Renouvelables et est accr\u00e9dit\u00e9 aupr\u00e8s du programme Tempus<\/li><li   >Coll\u00e8ge de l&rsquo;Agriculture: Le Dipl\u00f4me Sup\u00e9rieur de Licence (Master) est d\u00e9livr\u00e9 dans les d\u00e9partements suivants : Sol et eau &#8211; \u00c9conomie agricole.<\/p>\n<p>.<\/li><\/ul>[\/vc_column][\/vc_row][vc_row bg_type=\u00a0\u00bb\u00a0\u00bb dima_canvas_style=\u00a0\u00bb\u00a0\u00bb translate_x=\u00a0\u00bb0&Prime; dima_z_index=\u00a0\u00bb0&Prime; delay=\u00a0\u00bb\u00a0\u00bb delay_duration=\u00a0\u00bb\u00a0\u00bb delay_offset=\u00a0\u00bb\u00a0\u00bb top_and_bottom_padding=\u00a0\u00bb0px\u00a0\u00bb left_and_right_padding=\u00a0\u00bb\u00a0\u00bb id=\u00a0\u00bb\u00a0\u00bb class=\u00a0\u00bb\u00a0\u00bb style=\u00a0\u00bb\u00a0\u00bb][vc_column min_height=\u00a0\u00bb\u00a0\u00bb bg_type=\u00a0\u00bb\u00a0\u00bb dima_canvas_style=\u00a0\u00bb\u00a0\u00bb translate_x=\u00a0\u00bb0&Prime; dima_z_index=\u00a0\u00bb0&Prime; delay=\u00a0\u00bb\u00a0\u00bb delay_duration=\u00a0\u00bb\u00a0\u00bb delay_offset=\u00a0\u00bb\u00a0\u00bb top_and_bottom_padding=\u00a0\u00bb\u00a0\u00bb left_and_right_padding=\u00a0\u00bb\u00a0\u00bb width=\u00a0\u00bb2\/3&Prime;]<h4  class=\"dima-custom-heading\" ><\/p>\n<h2><strong>Informations de base sur l&rsquo;universit\u00e9 :<\/strong><\/h2>\n<p><\/h4><p><span style=\"color: #c4912c;\">une.<\/span> Ann\u00e9e de fondation: R\u00e9solution n\u00b0 187 <span style=\"color: #c4912c;\">B de<\/span> 1983. Le nombre de coll\u00e8ges est de 20 coll\u00e8ges<\/p>\n<p><span style=\"color: #c4912c;\">C.<\/span> L&rsquo;un des coll\u00e8ges hors de Libye, N&rsquo;Djamena, Tchad <span style=\"color: #c4912c;\">, Dr.<\/span> Obtention de 3 brevets<\/p>\n<h4  class=\"dima-custom-heading\" ><\/p>\n<h2><strong>Nombre d&rsquo;accords sign\u00e9s avec les institutions correspondantes :<\/strong><\/h2>\n<p><\/h4><p><span style=\"color: #c4912c;\">1 &#8211;<\/span> Au niveau local, 4 accords locaux<\/p>\n<p><span style=\"color: #c4912c;\">2-<\/span> Au niveau international, Il existe 44 accords internationaux r\u00e9partis comme suit\u00a0: \u2013<\/p>\n<p>\u2013 6 accords locaux<\/p>\n<p>\u2013 26 accords internationaux<\/p>\n<p>\u2013 18 accords internationaux en cours de mise en \u0153uvre.<\/p>\n[\/vc_column][vc_column min_height=\u00a0\u00bb\u00a0\u00bb bg_type=\u00a0\u00bb\u00a0\u00bb dima_canvas_style=\u00a0\u00bb\u00a0\u00bb translate_x=\u00a0\u00bb0&Prime; dima_z_index=\u00a0\u00bb0&Prime; delay=\u00a0\u00bb\u00a0\u00bb delay_duration=\u00a0\u00bb\u00a0\u00bb delay_offset=\u00a0\u00bb\u00a0\u00bb top_and_bottom_padding=\u00a0\u00bb\u00a0\u00bb left_and_right_padding=\u00a0\u00bb\u00a0\u00bb width=\u00a0\u00bb1\/3&Prime;]<div class=\"column-item overflow-hidden text-center rounded\"><a data-lightbox=image  class=\"dima-img \"  href=\"https:\/\/sebhau.edu.ly\/wp-content\/uploads\/2021\/08\/maxresdefault-1-1-1110x740-1.jpg\"   ><img loading=\"lazy\" decoding=\"async\" src=\"https:\/\/sebhau.edu.ly\/wp-content\/uploads\/2021\/08\/maxresdefault-1-1-1110x740-1.jpg\" alt=\"\" width=\"900\" height=\"501\"><\/a><\/div>[\/vc_column][\/vc_row][vc_row bg_type=\u00a0\u00bb\u00a0\u00bb dima_canvas_style=\u00a0\u00bb\u00a0\u00bb translate_x=\u00a0\u00bb0&Prime; dima_z_index=\u00a0\u00bb0&Prime; delay=\u00a0\u00bb\u00a0\u00bb delay_duration=\u00a0\u00bb\u00a0\u00bb delay_offset=\u00a0\u00bb\u00a0\u00bb top_and_bottom_padding=\u00a0\u00bb0px\u00a0\u00bb left_and_right_padding=\u00a0\u00bb\u00a0\u00bb id=\u00a0\u00bb\u00a0\u00bb class=\u00a0\u00bb\u00a0\u00bb style=\u00a0\u00bb\u00a0\u00bb][vc_column min_height=\u00a0\u00bb\u00a0\u00bb bg_type=\u00a0\u00bb\u00a0\u00bb dima_canvas_style=\u00a0\u00bb\u00a0\u00bb translate_x=\u00a0\u00bb0&Prime; dima_z_index=\u00a0\u00bb0&Prime; delay=\u00a0\u00bb\u00a0\u00bb delay_duration=\u00a0\u00bb\u00a0\u00bb delay_offset=\u00a0\u00bb\u00a0\u00bb top_and_bottom_padding=\u00a0\u00bb\u00a0\u00bb left_and_right_padding=\u00a0\u00bb\u00a0\u00bb width=\u00a0\u00bb2\/3&Prime;]<h4  class=\"dima-custom-heading\" ><\/p>\n<h2><strong>Projets internationaux soutenus par l&rsquo;Union Europ\u00e9enne<\/strong> :<\/h2>\n<p><\/h4><ul>\n<li>Uni.Gov<\/li>\n<li>Roue<\/li>\n<li>Tempus<\/li>\n<li>Cerveau<\/li>\n<li>Initiative de Nicosie<\/li>\n<li>LibyeUP<\/li>\n<li>SAHA<\/li>\n<li>IBTIKAR<\/li>\n<\/ul>\n[\/vc_column][vc_column min_height=\u00a0\u00bb\u00a0\u00bb bg_type=\u00a0\u00bb\u00a0\u00bb dima_canvas_style=\u00a0\u00bb\u00a0\u00bb translate_x=\u00a0\u00bb0&Prime; dima_z_index=\u00a0\u00bb0&Prime; delay=\u00a0\u00bb\u00a0\u00bb delay_duration=\u00a0\u00bb\u00a0\u00bb delay_offset=\u00a0\u00bb\u00a0\u00bb top_and_bottom_padding=\u00a0\u00bb\u00a0\u00bb left_and_right_padding=\u00a0\u00bb\u00a0\u00bb width=\u00a0\u00bb1\/3&Prime;]<div class=\"column-item overflow-hidden text-center rounded\"><a data-lightbox=image  class=\"dima-img \"  href=\"https:\/\/sebhau.edu.ly\/wp-content\/uploads\/2021\/08\/agreement.jpg\"   ><img loading=\"lazy\" decoding=\"async\" src=\"https:\/\/sebhau.edu.ly\/wp-content\/uploads\/2021\/08\/agreement.jpg\" alt=\"Un accord commun de coop\u00e9ration scientifique entre : l\u2019Universit\u00e9 Sebha et l\u2019Universit\u00e9 de Benghazi\" width=\"1200\" height=\"900\"><\/a><\/div>[\/vc_column][\/vc_row][vc_row bg_type=\u00a0\u00bb\u00a0\u00bb dima_canvas_style=\u00a0\u00bb\u00a0\u00bb translate_x=\u00a0\u00bb0&Prime; dima_z_index=\u00a0\u00bb0&Prime; delay=\u00a0\u00bb\u00a0\u00bb delay_duration=\u00a0\u00bb\u00a0\u00bb delay_offset=\u00a0\u00bb\u00a0\u00bb top_and_bottom_padding=\u00a0\u00bb0px\u00a0\u00bb left_and_right_padding=\u00a0\u00bb\u00a0\u00bb id=\u00a0\u00bb\u00a0\u00bb class=\u00a0\u00bb\u00a0\u00bb style=\u00a0\u00bb\u00a0\u00bb][vc_column min_height=\u00a0\u00bb\u00a0\u00bb bg_type=\u00a0\u00bb\u00a0\u00bb dima_canvas_style=\u00a0\u00bb\u00a0\u00bb translate_x=\u00a0\u00bb0&Prime; dima_z_index=\u00a0\u00bb0&Prime; delay=\u00a0\u00bb\u00a0\u00bb delay_duration=\u00a0\u00bb\u00a0\u00bb delay_offset=\u00a0\u00bb\u00a0\u00bb top_and_bottom_padding=\u00a0\u00bb\u00a0\u00bb left_and_right_padding=\u00a0\u00bb\u00a0\u00bb width=\u00a0\u00bb2\/3&Prime;]<h4  class=\"dima-custom-heading\" ><\/p>\n<h2><strong>Publications publi\u00e9es par l&rsquo;universit\u00e9<\/strong> :<\/h2>\n<p><\/h4><p><span style=\"color: #c4912c;\">1-<\/span> Revues scientifiques : L&rsquo;Universit\u00e9 Sebha publie trois revues scientifiques semestrielles<\/p>\n<p>\u2013 Revue des Sciences Humaines<\/p>\n<p>\u2013 Revue des sciences appliqu\u00e9es<\/p>\n<p>\u2013 Journal des sciences m\u00e9dicales<\/p>\n<p><span style=\"color: #c4912c;\">2-<\/span> Livres publi\u00e9s : 181 livres<\/p>\n[\/vc_column][vc_column min_height=\u00a0\u00bb\u00a0\u00bb bg_type=\u00a0\u00bb\u00a0\u00bb dima_canvas_style=\u00a0\u00bb\u00a0\u00bb translate_x=\u00a0\u00bb0&Prime; dima_z_index=\u00a0\u00bb0&Prime; delay=\u00a0\u00bb\u00a0\u00bb delay_duration=\u00a0\u00bb\u00a0\u00bb delay_offset=\u00a0\u00bb\u00a0\u00bb top_and_bottom_padding=\u00a0\u00bb\u00a0\u00bb left_and_right_padding=\u00a0\u00bb\u00a0\u00bb width=\u00a0\u00bb1\/3&Prime;]<div  class=\"dima-clear\" style=\"padding-bottom:20px\"><\/div><div class=\"column-item overflow-hidden text-center rounded\"><a data-lightbox=image  class=\"overlay dima-img  rounded\"  href=\"https:\/\/sebhau.edu.ly\/wp-content\/uploads\/2021\/08\/agreement1.jpg\"   ><img loading=\"lazy\" decoding=\"async\" src=\"https:\/\/sebhau.edu.ly\/wp-content\/uploads\/2021\/08\/agreement1.jpg\" alt=\"\" width=\"1008\" height=\"564\"><\/a><\/div>[\/vc_column][\/vc_row][vc_row bg_type=\u00a0\u00bb\u00a0\u00bb dima_canvas_style=\u00a0\u00bb\u00a0\u00bb translate_x=\u00a0\u00bb0&Prime; dima_z_index=\u00a0\u00bb0&Prime; delay=\u00a0\u00bb\u00a0\u00bb delay_duration=\u00a0\u00bb\u00a0\u00bb delay_offset=\u00a0\u00bb\u00a0\u00bb top_and_bottom_padding=\u00a0\u00bb0px\u00a0\u00bb left_and_right_padding=\u00a0\u00bb\u00a0\u00bb id=\u00a0\u00bb\u00a0\u00bb class=\u00a0\u00bb\u00a0\u00bb style=\u00a0\u00bb\u00a0\u00bb][vc_column min_height=\u00a0\u00bb\u00a0\u00bb bg_type=\u00a0\u00bb\u00a0\u00bb dima_canvas_style=\u00a0\u00bb\u00a0\u00bb translate_x=\u00a0\u00bb0&Prime; dima_z_index=\u00a0\u00bb0&Prime; delay=\u00a0\u00bb\u00a0\u00bb delay_duration=\u00a0\u00bb\u00a0\u00bb delay_offset=\u00a0\u00bb\u00a0\u00bb top_and_bottom_padding=\u00a0\u00bb\u00a0\u00bb left_and_right_padding=\u00a0\u00bb\u00a0\u00bb width=\u00a0\u00bb2\/3&Prime;]<h4  class=\"dima-custom-heading\" ><\/p>\n<h2><strong>Centres\u00a0:<\/strong><\/h2>\n<p><\/h4><p>L&rsquo;Universit\u00e9 Sebha dispose de 6 centres qui fournissent des services aux \u00e9tudiants, Membres du corps professoral et de la communaut\u00e9\u00a0:<\/p>\n<p>Le tableau 1 montre le nombre de centres \u00e0 l&rsquo;Universit\u00e9 Sebha :<\/p>\n<table width=\"650\">\n<tbody>\n<tr>\n<td width=\"195\">Date cr\u00e9\u00e9e<\/td>\n<td width=\"454\">Centre\/bureau<\/td>\n<\/tr>\n<tr>\n<td width=\"195\">7\/10\/2001<\/td>\n<td width=\"454\">Centre des m\u00e9dias<\/td>\n<\/tr>\n<tr>\n<td width=\"195\">12\/6\/2004<\/td>\n<td width=\"454\">Bureau de la qualit\u00e9 et de l&rsquo;\u00e9valuation des performances (le premier bureau des universit\u00e9s libyennes)<\/td>\n<\/tr>\n<tr>\n<td width=\"195\">2001<\/td>\n<td width=\"454\">Centre de technologie de l&rsquo;information<\/td>\n<\/tr>\n<tr>\n<td width=\"195\">2016<\/td>\n<td width=\"454\">Centre de formation et de d\u00e9veloppement<\/td>\n<\/tr>\n<tr>\n<td width=\"195\">2018<\/td>\n<td width=\"454\">Centre de recherche et de conseil<\/td>\n<\/tr>\n<tr>\n<td width=\"195\">2008<\/td>\n<td width=\"454\">Centre de langue<\/td>\n<\/tr>\n<tr>\n<td width=\"195\">2019<\/td>\n<td width=\"454\">Centre de d\u00e9veloppement de l&rsquo;information<\/td>\n<\/tr>\n<tr>\n<td width=\"195\">2019<\/td>\n<td width=\"454\">Centre d&rsquo;environnement et de services communautaires<\/td>\n<\/tr>\n<tr>\n<td width=\"195\">2019<\/td>\n<td width=\"454\">\n<table width=\"650\">\n<tbody>\n<tr>\n<td width=\"454\">Centre de leadership et d&rsquo;innovation<\/td>\n<\/tr>\n<\/tbody>\n<\/table>\n<\/td>\n<\/tr>\n<tr>\n<td width=\"195\"><\/td>\n<td width=\"454\"><\/td>\n<\/tr>\n<\/tbody>\n<\/table>\n<p><!--more--> <!--more--><\/p>\n<p><!--more--><\/p>\n[\/vc_column][vc_column min_height=\u00a0\u00bb\u00a0\u00bb bg_type=\u00a0\u00bb\u00a0\u00bb dima_canvas_style=\u00a0\u00bb\u00a0\u00bb translate_x=\u00a0\u00bb0&Prime; dima_z_index=\u00a0\u00bb0&Prime; delay=\u00a0\u00bb\u00a0\u00bb delay_duration=\u00a0\u00bb\u00a0\u00bb delay_offset=\u00a0\u00bb\u00a0\u00bb top_and_bottom_padding=\u00a0\u00bb\u00a0\u00bb left_and_right_padding=\u00a0\u00bb\u00a0\u00bb width=\u00a0\u00bb1\/3&Prime;]<div class=\"column-item overflow-hidden text-center rounded\"><a data-lightbox=image  class=\"overlay dima-img  rounded\"  href=\"https:\/\/sebhau.edu.ly\/wp-content\/uploads\/2021\/08\/jur.jpg\"   ><img loading=\"lazy\" decoding=\"async\" src=\"https:\/\/sebhau.edu.ly\/wp-content\/uploads\/2021\/08\/jur.jpg\" alt=\"\" width=\"960\" height=\"560\"><\/a><\/div>[\/vc_column][\/vc_row][vc_row bg_type=\u00a0\u00bb\u00a0\u00bb dima_canvas_style=\u00a0\u00bb\u00a0\u00bb translate_x=\u00a0\u00bb0&Prime; dima_z_index=\u00a0\u00bb0&Prime; delay=\u00a0\u00bb\u00a0\u00bb delay_duration=\u00a0\u00bb\u00a0\u00bb delay_offset=\u00a0\u00bb\u00a0\u00bb top_and_bottom_padding=\u00a0\u00bb0px\u00a0\u00bb left_and_right_padding=\u00a0\u00bb\u00a0\u00bb id=\u00a0\u00bb\u00a0\u00bb class=\u00a0\u00bb\u00a0\u00bb style=\u00a0\u00bb\u00a0\u00bb][vc_column min_height=\u00a0\u00bb\u00a0\u00bb bg_type=\u00a0\u00bb\u00a0\u00bb dima_canvas_style=\u00a0\u00bb\u00a0\u00bb translate_x=\u00a0\u00bb0&Prime; dima_z_index=\u00a0\u00bb0&Prime; delay=\u00a0\u00bb\u00a0\u00bb delay_duration=\u00a0\u00bb\u00a0\u00bb delay_offset=\u00a0\u00bb\u00a0\u00bb top_and_bottom_padding=\u00a0\u00bb\u00a0\u00bb left_and_right_padding=\u00a0\u00bb\u00a0\u00bb width=\u00a0\u00bb2\/3&Prime;]<h2><\/h2>\n<h2><strong>l&rsquo;enseignement \u00e9lectronique<\/strong><\/h2>\n<p>&nbsp;<\/p>\n<p>L&rsquo;universit\u00e9 s&rsquo;est tourn\u00e9e vers le domaine du e-learning, Et l&rsquo;enseignement \u00e0 distance depuis d\u00e9but 2016. L&rsquo;utilisation de cette technologie a contribu\u00e9 \u00e0 trouver des solutions \u00e0 certains probl\u00e8mes, les goulots d&rsquo;\u00e9tranglement en mati\u00e8re d&rsquo;\u00e9ducation\u00a0; Certains coll\u00e8ges souffraient de carences dans l\u2019enseignement des cours. Notamment (les Facult\u00e9s de M\u00e9decine Humaine et de Pharmacie) en raison du manque de professeurs qualifi\u00e9s dans certaines fili\u00e8res. La difficult\u00e9 des professeurs coop\u00e9rants \u00e0 voyager et \u00e0 se d\u00e9placer entre d\u2019autres universit\u00e9s. En raison de la distance g\u00e9ographique.<\/p>\n<p>En cons\u00e9quence, une salle de conf\u00e9rence a \u00e9t\u00e9 am\u00e9nag\u00e9e \u00e0 la Facult\u00e9 de m\u00e9decine. Dans le but de coop\u00e9rer avec certains professeurs, Pour combler le d\u00e9ficit de certains de ces cours, Cette technique a \u00e9t\u00e9 accept\u00e9e et approuv\u00e9e par les professeurs. Et les \u00e9tudiants.<\/p>\n<p>Cette technologie a \u00e9galement \u00e9t\u00e9 utilis\u00e9e pour r\u00e9soudre les probl\u00e8mes de soutenance des m\u00e9moires de ma\u00eetrise dans la plupart des coll\u00e8ges. qui avait des difficult\u00e9s \u00e0 communiquer, Transfert de l&rsquo;examinateur externe, Avec la pr\u00e9sence de cette technologie, plus de (20) messages ont \u00e9t\u00e9 discut\u00e9s via la technologie (vid\u00e9oconf\u00e9rence) au cours des ann\u00e9es (2016), (2017) et (2018). (2019) .<\/p>\n<p>Pour plus d\u2019informations, veuillez visiter le site Web de la biblioth\u00e8que \u00e9lectronique et le site Web d\u2019apprentissage en ligne.<\/p>\n[\/vc_column][vc_column min_height=\u00a0\u00bb\u00a0\u00bb bg_type=\u00a0\u00bb\u00a0\u00bb dima_canvas_style=\u00a0\u00bb\u00a0\u00bb translate_x=\u00a0\u00bb0&Prime; dima_z_index=\u00a0\u00bb0&Prime; delay=\u00a0\u00bb\u00a0\u00bb delay_duration=\u00a0\u00bb\u00a0\u00bb delay_offset=\u00a0\u00bb\u00a0\u00bb top_and_bottom_padding=\u00a0\u00bb\u00a0\u00bb left_and_right_padding=\u00a0\u00bb\u00a0\u00bb width=\u00a0\u00bb1\/3&Prime;]<div class=\"column-item overflow-hidden text-center rounded\"><a data-lightbox=image  class=\"overlay dima-img  rounded\"  href=\"https:\/\/sebhau.edu.ly\/wp-content\/uploads\/2021\/08\/lan_center.jpg\"   ><img loading=\"lazy\" decoding=\"async\" src=\"https:\/\/sebhau.edu.ly\/wp-content\/uploads\/2021\/08\/lan_center.jpg\" alt=\"\" width=\"960\" height=\"560\"><\/a><\/div>[\/vc_column][\/vc_row][vc_row bg_type=\u00a0\u00bb\u00a0\u00bb dima_canvas_style=\u00a0\u00bb\u00a0\u00bb translate_x=\u00a0\u00bb0&Prime; dima_z_index=\u00a0\u00bb0&Prime; delay=\u00a0\u00bb\u00a0\u00bb delay_duration=\u00a0\u00bb\u00a0\u00bb delay_offset=\u00a0\u00bb\u00a0\u00bb top_and_bottom_padding=\u00a0\u00bb0px\u00a0\u00bb left_and_right_padding=\u00a0\u00bb\u00a0\u00bb id=\u00a0\u00bb\u00a0\u00bb class=\u00a0\u00bb\u00a0\u00bb style=\u00a0\u00bb\u00a0\u00bb][vc_column min_height=\u00a0\u00bb\u00a0\u00bb bg_type=\u00a0\u00bb\u00a0\u00bb dima_canvas_style=\u00a0\u00bb\u00a0\u00bb translate_x=\u00a0\u00bb0&Prime; dima_z_index=\u00a0\u00bb0&Prime; delay=\u00a0\u00bb\u00a0\u00bb delay_duration=\u00a0\u00bb\u00a0\u00bb delay_offset=\u00a0\u00bb\u00a0\u00bb top_and_bottom_padding=\u00a0\u00bb\u00a0\u00bb left_and_right_padding=\u00a0\u00bb\u00a0\u00bb width=\u00a0\u00bb1\/1&Prime;][vc_raw_html]PHA+CjxpZnJhbWUgd2lkdGg9IjcwMCIgaGVpZ2h0PSI1MDAiIHNyYz0iaHR0cHM6Ly93d3cueW91dHViZS5jb20vZW1iZWQvOHVhRU9HM2RTc1U\/YXV0b3BsYXk9MSI+CjwvaWZyYW1lPgo8L3A+[\/vc_raw_html][\/vc_column][\/vc_row]<\/p>\n<\/section>","protected":false},"excerpt":{"rendered":"<p>[vc_row bg_type=\u00a0\u00bb\u00a0\u00bb dima_canvas_style=\u00a0\u00bb\u00a0\u00bb translate_x=\u00a0\u00bb0&Prime; dima_z_index=\u00a0\u00bb0&Prime; delay=\u00a0\u00bb\u00a0\u00bb delay_duration=\u00a0\u00bb\u00a0\u00bb delay_offset=\u00a0\u00bb\u00a0\u00bb top_and_bottom_padding=\u00a0\u00bb\u00a0\u00bb left_and_right_padding=\u00a0\u00bb\u00a0\u00bb][vc_column min_height=\u00a0\u00bb\u00a0\u00bb bg_type=\u00a0\u00bb\u00a0\u00bb dima_canvas_style=\u00a0\u00bb\u00a0\u00bb translate_x=\u00a0\u00bb0&Prime; dima_z_index=\u00a0\u00bb0&Prime; delay=\u00a0\u00bb\u00a0\u00bb delay_duration=\u00a0\u00bb\u00a0\u00bb delay_offset=\u00a0\u00bb\u00a0\u00bb top_and_bottom_padding=\u00a0\u00bb0px\u00a0\u00bb left_and_right_padding=\u00a0\u00bb\u00a0\u00bb width=\u00a0\u00bb1\/1&Prime; id=\u00a0\u00bb\u00a0\u00bb class=\u00a0\u00bb\u00a0\u00bb style=\u00a0\u00bb\u00a0\u00bb][\/vc_column][\/vc_row][vc_row bg_type=\u00a0\u00bb\u00a0\u00bb dima_canvas_style=\u00a0\u00bb\u00a0\u00bb translate_x=\u00a0\u00bb0&Prime; dima_z_index=\u00a0\u00bb0&Prime; delay=\u00a0\u00bb\u00a0\u00bb delay_duration=\u00a0\u00bb\u00a0\u00bb delay_offset=\u00a0\u00bb\u00a0\u00bb top_and_bottom_padding=\u00a0\u00bb0px\u00a0\u00bb left_and_right_padding=\u00a0\u00bb\u00a0\u00bb id=\u00a0\u00bb\u00a0\u00bb class=\u00a0\u00bb\u00a0\u00bb style=\u00a0\u00bb\u00a0\u00bb][vc_column min_height=\u00a0\u00bb\u00a0\u00bb bg_type=\u00a0\u00bb\u00a0\u00bb dima_canvas_style=\u00a0\u00bb\u00a0\u00bb translate_x=\u00a0\u00bb0&Prime; dima_z_index=\u00a0\u00bb0&Prime; delay=\u00a0\u00bb\u00a0\u00bb delay_duration=\u00a0\u00bb\u00a0\u00bb delay_offset=\u00a0\u00bb\u00a0\u00bb top_and_bottom_padding=\u00a0\u00bb\u00a0\u00bb left_and_right_padding=\u00a0\u00bb\u00a0\u00bb width=\u00a0\u00bb2\/3&Prime;][\/vc_column][vc_column min_height=\u00a0\u00bb\u00a0\u00bb bg_type=\u00a0\u00bb\u00a0\u00bb dima_canvas_style=\u00a0\u00bb\u00a0\u00bb translate_x=\u00a0\u00bb0&Prime; dima_z_index=\u00a0\u00bb0&Prime; delay=\u00a0\u00bb\u00a0\u00bb delay_duration=\u00a0\u00bb\u00a0\u00bb delay_offset=\u00a0\u00bb\u00a0\u00bb [&hellip;]<\/p>\n","protected":false},"author":1,"featured_media":0,"parent":0,"menu_order":0,"comment_status":"closed","ping_status":"closed","template":"","meta":{"_uf_show_specific_survey":0,"_uf_disable_surveys":false,"footnotes":""},"class_list":["post-26386","page","type-page","status-publish","hentry"],"aioseo_notices":[],"amp_enabled":true,"_links":{"self":[{"href":"https:\/\/sebhau.edu.ly\/fr\/wp-json\/wp\/v2\/pages\/26386","targetHints":{"allow":["GET"]}}],"collection":[{"href":"https:\/\/sebhau.edu.ly\/fr\/wp-json\/wp\/v2\/pages"}],"about":[{"href":"https:\/\/sebhau.edu.ly\/fr\/wp-json\/wp\/v2\/types\/page"}],"author":[{"embeddable":true,"href":"https:\/\/sebhau.edu.ly\/fr\/wp-json\/wp\/v2\/users\/1"}],"replies":[{"embeddable":true,"href":"https:\/\/sebhau.edu.ly\/fr\/wp-json\/wp\/v2\/comments?post=26386"}],"version-history":[{"count":0,"href":"https:\/\/sebhau.edu.ly\/fr\/wp-json\/wp\/v2\/pages\/26386\/revisions"}],"wp:attachment":[{"href":"https:\/\/sebhau.edu.ly\/fr\/wp-json\/wp\/v2\/media?parent=26386"}],"curies":[{"name":"wp","href":"https:\/\/api.w.org\/{rel}","templated":true}]}}