{"id":26389,"date":"2022-11-28T21:25:32","date_gmt":"2022-11-28T18:25:32","guid":{"rendered":"https:\/\/sebhau.edu.ly\/scientific-activities-of-the-ministry\/"},"modified":"2024-05-29T13:03:19","modified_gmt":"2024-05-29T10:03:19","slug":"scientific-activities-of-the-ministry","status":"publish","type":"page","link":"https:\/\/sebhau.edu.ly\/fr\/scientific-activities-of-the-ministry\/","title":{"rendered":"Activit\u00e9s scientifiques du minist\u00e8re de l\u2019Enseignement sup\u00e9rieur et de la Recherche"},"content":{"rendered":"<section class=\"wpb-content-wrapper\"><p>[vc_row bg_type=\u00a0\u00bb\u00a0\u00bb dima_canvas_style=\u00a0\u00bb\u00a0\u00bb translate_x=\u00a0\u00bb0&Prime; dima_z_index=\u00a0\u00bb0&Prime; delay=\u00a0\u00bb\u00a0\u00bb delay_duration=\u00a0\u00bb\u00a0\u00bb delay_offset=\u00a0\u00bb\u00a0\u00bb][vc_column min_height=\u00a0\u00bb\u00a0\u00bb bg_type=\u00a0\u00bb\u00a0\u00bb dima_canvas_style=\u00a0\u00bb\u00a0\u00bb translate_x=\u00a0\u00bb0&Prime; dima_z_index=\u00a0\u00bb0&Prime; delay=\u00a0\u00bb\u00a0\u00bb delay_duration=\u00a0\u00bb\u00a0\u00bb delay_offset=\u00a0\u00bb\u00a0\u00bb width=\u00a0\u00bb1\/1&Prime;]<h2  class=\"dima-custom-heading\" ><\/p>\n<h2>Les activit\u00e9s scientifiques du minist\u00e8re de l\u2019enseignement sup\u00e9rieur<\/h2>\n<p><\/h2><p><a href=\"https:\/\/mhesr.gov.ly\/\">Le minist\u00e8re de l&rsquo;Enseignement sup\u00e9rieur<\/a> et de la Recherche scientifique a mis en place un certain nombre d&rsquo;activit\u00e9s li\u00e9es aux universit\u00e9s libyennes, qui sont \u00e9num\u00e9r\u00e9es comme suit\u00a0:<\/p>\n<p style=\"direction: ltr;\">\n<table id=\"tablepress-29\" class=\"tablepress tablepress-id-29\">\n<thead>\n<tr class=\"row-1\">\n\t<th class=\"column-1\">\u0631.\u0645<\/th><th class=\"column-2\">\u0627\u0633\u0645 \u0627\u0644\u0645\u0644\u0641<\/th><th class=\"column-3\">\u0627\u0644\u062a\u062d\u0645\u064a\u0644<\/th>\n<\/tr>\n<\/thead>\n<tbody class=\"row-striping row-hover\">\n<tr class=\"row-2\">\n\t<td class=\"column-1\">1<\/td><td class=\"column-2\">\u0623\u0646\u0634\u0637\u0629 \u0627\u0644\u0648\u0632\u0627\u0631\u0629 \u0639\u0646 \u0633\u0646\u0629 2021\u0645<\/td><td class=\"column-3\"><a href=\"https:\/\/sebhau.edu.ly\/wp-content\/uploads\/2022\/11\/rep2.pdf\" target=\"_blank\" rel=\"noopener\"><img loading=\"lazy\" decoding=\"async\" src=\"https:\/\/sebhau.edu.ly\/wp-content\/uploads\/2022\/11\/pngkit_pdf-icon-png_1963090.png\" alt=\"\" width=\"35\" height=\"35\"  \/><\/a><\/td>\n<\/tr>\n<tr class=\"row-3\">\n\t<td class=\"column-1\">2<\/td><td class=\"column-2\">\u0623\u0646\u0634\u0637\u0629 \u0627\u0644\u0625\u062f\u0627\u0631\u0627\u062a \u0648\u0627\u0644\u0645\u0643\u0627\u062a\u0628 \u0644\u0648\u0632\u0627\u0631\u0629 \u0627\u0644\u062a\u0639\u0644\u064a\u0645 \u0639\u0646 \u0633\u0646\u0629 2021\u0645<\/td><td class=\"column-3\"><a href=\"https:\/\/sebhau.edu.ly\/wp-content\/uploads\/2022\/11\/rep1.pdf\" target=\"_blank\" rel=\"noopener\"><img loading=\"lazy\" decoding=\"async\" src=\"https:\/\/sebhau.edu.ly\/wp-content\/uploads\/2022\/11\/pngkit_pdf-icon-png_1963090.png\" alt=\"\" width=\"35\" height=\"35\"  \/><\/a><\/td>\n<\/tr>\n<tr class=\"row-4\">\n\t<td class=\"column-1\">3<\/td><td class=\"column-2\">\u0627\u0644\u062a\u0642\u0631\u064a\u0631 \u0627\u0644\u0646\u0647\u0627\u0626\u064a \u0644\u062a\u0642\u064a\u064a\u0645 \u0623\u062f\u0627\u0621 \u0627\u0644\u0643\u0644\u064a\u0627\u062a \u0627\u0644\u0637\u0628\u064a\u0629 \u0628\u0627\u0644\u062c\u0627\u0645\u0639\u0627\u062a \u0627\u0644\u062d\u0643\u0648\u0645\u064a\u0629 \u0639\u0646 \u0633\u0646\u0629 2021\u0645<\/td><td class=\"column-3\"><a href=\"https:\/\/sebhau.edu.ly\/wp-content\/uploads\/2022\/11\/rep4.pdf\" target=\"_blank\" rel=\"noopener\"><img loading=\"lazy\" decoding=\"async\" src=\"https:\/\/sebhau.edu.ly\/wp-content\/uploads\/2022\/11\/pngkit_pdf-icon-png_1963090.png\" alt=\"\" width=\"35\" height=\"35\"  \/><\/a><\/td>\n<\/tr>\n<tr class=\"row-5\">\n\t<td class=\"column-1\">4<\/td><td class=\"column-2\">\u062a\u0642\u0631\u064a\u0631 \u0644\u062c\u0646\u0629 \u062a\u0642\u064a\u064a\u0645 \u0623\u0648\u0636\u0627\u0639 \u0643\u0644\u064a\u0627\u062a \u0627\u0644\u062a\u0631\u0628\u064a\u0629 \u0648\u0627\u0644\u0622\u062f\u0627\u0628 \u0648\u0627\u0644\u0639\u0644\u0648\u0645 \u0628\u0627\u0644\u062c\u0627\u0645\u0639\u0627\u062a \u0627\u0644\u0644\u064a\u0628\u064a\u0629<\/td><td class=\"column-3\"><a href=\"https:\/\/sebhau.edu.ly\/wp-content\/uploads\/2022\/11\/rep5.pdf\" target=\"_blank\" rel=\"noopener\"><img loading=\"lazy\" decoding=\"async\" src=\"https:\/\/sebhau.edu.ly\/wp-content\/uploads\/2022\/11\/pngkit_pdf-icon-png_1963090.png\" alt=\"\" width=\"35\" height=\"35\"  \/><\/a><\/td>\n<\/tr>\n<tr class=\"row-6\">\n\t<td class=\"column-1\">5<\/td><td class=\"column-2\">\u062f\u0631\u0627\u0633\u0629 \u0645\u0642\u0627\u0631\u0646\u0629 \u0628\u064a\u0646 \u062a\u0643\u0627\u0644\u064a\u0641 \u0627\u0644\u062f\u0631\u0627\u0633\u0629 \u0641\u064a \u0627\u0644\u062f\u0627\u062e\u0644 (\u0627\u0644\u0623\u0643\u0627\u062f\u064a\u0645\u064a\u0629 \u0627\u0644\u0644\u064a\u0628\u064a\u0629) \u0648\u0627\u0644\u062f\u0631\u0627\u0633\u0629 \u0641\u064a \u0627\u0644\u062e\u0627\u0631\u062c<\/td><td class=\"column-3\"><a href=\"https:\/\/sebhau.edu.ly\/wp-content\/uploads\/2022\/11\/rep6.pdf\" target=\"_blank\" rel=\"noopener\"><img loading=\"lazy\" decoding=\"async\" src=\"https:\/\/sebhau.edu.ly\/wp-content\/uploads\/2022\/11\/pngkit_pdf-icon-png_1963090.png\" alt=\"\" width=\"35\" height=\"35\"  \/><\/a><\/td>\n<\/tr>\n<tr class=\"row-7\">\n\t<td class=\"column-1\">6<\/td><td class=\"column-2\">\u062a\u0642\u0631\u064a\u0631 \u0625\u0639\u0627\u062f\u0629 \u0647\u064a\u0643\u0644\u064a\u0629 \u0627\u0644\u062c\u0627\u0645\u0639\u0627\u062a \u0627\u0644\u0639\u0627\u0645\u0629<\/td><td class=\"column-3\"><a href=\"https:\/\/sebhau.edu.ly\/wp-content\/uploads\/2022\/11\/rep3.pdf\" target=\"_blank\" rel=\"noopener\"><img loading=\"lazy\" decoding=\"async\" src=\"https:\/\/sebhau.edu.ly\/wp-content\/uploads\/2022\/11\/pngkit_pdf-icon-png_1963090.png\" alt=\"\" width=\"35\" height=\"35\"  \/><\/a><\/td>\n<\/tr>\n<tr class=\"row-8\">\n\t<td class=\"column-1\">7<\/td><td class=\"column-2\">\u062f\u0644\u064a\u0644 \u0643\u0644\u064a\u0627\u062a \u0627\u0644\u062a\u0645\u0631\u064a\u0636<\/td><td class=\"column-3\"><a href=\"https:\/\/sebhau.edu.ly\/wp-content\/uploads\/2023\/02\/fnurs.pdf\" target=\"_blank\" rel=\"noopener\"><img loading=\"lazy\" decoding=\"async\" src=\"https:\/\/sebhau.edu.ly\/wp-content\/uploads\/2022\/11\/pngkit_pdf-icon-png_1963090.png\" alt=\"\" width=\"35\" height=\"35\"  \/><\/a><\/td>\n<\/tr>\n<tr class=\"row-9\">\n\t<td class=\"column-1\">8<\/td><td class=\"column-2\">\u062f\u0644\u064a\u0644 \u0643\u0644\u064a\u0627\u062a \u0627\u0644\u0635\u064a\u062f\u0644\u0629<\/td><td class=\"column-3\"><a href=\"https:\/\/sebhau.edu.ly\/wp-content\/uploads\/2023\/02\/fpharm.pdf\" target=\"_blank\" rel=\"noopener\"><img loading=\"lazy\" decoding=\"async\" src=\"https:\/\/sebhau.edu.ly\/wp-content\/uploads\/2022\/11\/pngkit_pdf-icon-png_1963090.png\" alt=\"\" width=\"35\" height=\"35\"  \/><\/a><\/td>\n<\/tr>\n<tr class=\"row-10\">\n\t<td class=\"column-1\">9<\/td><td class=\"column-2\">\u062f\u0644\u064a\u0644 \u0643\u0644\u064a\u0627\u062a \u0627\u0644\u0635\u062d\u0629 \u0627\u0644\u0639\u0627\u0645\u0629<\/td><td class=\"column-3\"><a href=\"https:\/\/drive.google.com\/file\/d\/1dE18KLruM3n6rSdICw5xPjZFY7-c1xCW\/view?usp=share_link\" target=\"_blank\" rel=\"noopener\"><img loading=\"lazy\" decoding=\"async\" src=\"https:\/\/sebhau.edu.ly\/wp-content\/uploads\/2022\/11\/pngkit_pdf-icon-png_1963090.png\" alt=\"\" width=\"35\" height=\"35\"  \/><\/a><\/td>\n<\/tr>\n<tr class=\"row-11\">\n\t<td class=\"column-1\">10<\/td><td class=\"column-2\">\u062f\u0644\u064a\u0644 \u0643\u0644\u064a\u0627\u062a \u0627\u0644\u0637\u0628 \u0627\u0644\u0628\u0634\u0631\u064a<\/td><td class=\"column-3\"><a href=\"https:\/\/sebhau.edu.ly\/wp-content\/uploads\/2023\/02\/medd.pdf\" target=\"_blank\" rel=\"noopener\"><img loading=\"lazy\" decoding=\"async\" src=\"https:\/\/sebhau.edu.ly\/wp-content\/uploads\/2022\/11\/pngkit_pdf-icon-png_1963090.png\" alt=\"\" width=\"35\" height=\"35\"  \/><\/a><\/td>\n<\/tr>\n<tr class=\"row-12\">\n\t<td class=\"column-1\">11<\/td><td class=\"column-2\">\u062f\u0644\u064a\u0644 \u0643\u0644\u064a\u0627\u062a \u0637\u0628 \u0648\u062c\u0631\u0627\u062d\u0629 \u0627\u0644\u0641\u0645 \u0648\u0627\u0644\u0627\u0633\u0646\u0627\u0646<\/td><td class=\"column-3\"><a href=\"https:\/\/sebhau.edu.ly\/wp-content\/uploads\/2023\/02\/fmed.pdf\" target=\"_blank\" rel=\"noopener\"><img loading=\"lazy\" decoding=\"async\" src=\"https:\/\/sebhau.edu.ly\/wp-content\/uploads\/2022\/11\/pngkit_pdf-icon-png_1963090.png\" alt=\"\" width=\"35\" height=\"35\"  \/><\/a><\/td>\n<\/tr>\n<tr class=\"row-13\">\n\t<td class=\"column-1\">12<\/td><td class=\"column-2\">\u062f\u0644\u064a\u0644 \u0643\u0644\u064a\u0627\u062a \u0627\u0644\u0637\u0628 \u0627\u0644\u0628\u064a\u0637\u0631\u064a<\/td><td class=\"column-3\"><a href=\"https:\/\/sebhau.edu.ly\/wp-content\/uploads\/2023\/02\/Veterinary.pdf\" target=\"_blank\" rel=\"noopener\"><img loading=\"lazy\" decoding=\"async\" src=\"https:\/\/sebhau.edu.ly\/wp-content\/uploads\/2022\/11\/pngkit_pdf-icon-png_1963090.png\" alt=\"\" width=\"35\" height=\"35\"  \/><\/a><\/td>\n<\/tr>\n<tr class=\"row-14\">\n\t<td class=\"column-1\">13<\/td><td class=\"column-2\">\u062f\u0644\u064a\u0644 \u0643\u0644\u064a\u0627\u062a \u0627\u0644\u062a\u0642\u0646\u064a\u0629 \u0627\u0644\u0637\u0628\u064a\u0629 \u0627\u0644\u062c\u0632\u0621 1<\/td><td class=\"column-3\"><a href=\"https:\/\/sebhau.edu.ly\/wp-content\/uploads\/2023\/02\/tec-med1.pdf\" target=\"_blank\" rel=\"noopener\"><img loading=\"lazy\" decoding=\"async\" src=\"https:\/\/sebhau.edu.ly\/wp-content\/uploads\/2022\/11\/pngkit_pdf-icon-png_1963090.png\" alt=\"\" width=\"35\" height=\"35\"  \/><\/a><\/td>\n<\/tr>\n<tr class=\"row-15\">\n\t<td class=\"column-1\">14<\/td><td class=\"column-2\">\u062f\u0644\u064a\u0644 \u0643\u0644\u064a\u0627\u062a \u0627\u0644\u062a\u0642\u0646\u064a\u0629 \u0627\u0644\u0637\u0628\u064a\u0629 \u0627\u0644\u062c\u0632\u0621 2<\/td><td class=\"column-3\"><a href=\"https:\/\/sebhau.edu.ly\/wp-content\/uploads\/2023\/02\/tec-med2.pdf\" target=\"_blank\" rel=\"noopener\"><img loading=\"lazy\" decoding=\"async\" src=\"https:\/\/sebhau.edu.ly\/wp-content\/uploads\/2022\/11\/pngkit_pdf-icon-png_1963090.png\" alt=\"\" width=\"35\" height=\"35\"  \/><\/a><\/td>\n<\/tr>\n<tr class=\"row-16\">\n\t<td class=\"column-1\">15<\/td><td class=\"column-2\">\u062f\u0644\u064a\u0644 \u0643\u0644\u064a\u0627\u062a \u0627\u0644\u0639\u0644\u0648\u0645 \u0627\u0644\u0635\u062d\u064a\u0629 \u0627\u0644\u062c\u0632\u0621 1<\/td><td class=\"column-3\"><a href=\"https:\/\/sebhau.edu.ly\/wp-content\/uploads\/2023\/02\/med-sinc1.pdf\" target=\"_blank\" rel=\"noopener\"><img loading=\"lazy\" decoding=\"async\" src=\"https:\/\/sebhau.edu.ly\/wp-content\/uploads\/2022\/11\/pngkit_pdf-icon-png_1963090.png\" alt=\"\" width=\"35\" height=\"35\"  \/><\/a><\/td>\n<\/tr>\n<tr class=\"row-17\">\n\t<td class=\"column-1\">16<\/td><td class=\"column-2\">\u062f\u0644\u064a\u0644 \u0643\u0644\u064a\u0627\u062a \u0627\u0644\u0639\u0644\u0648\u0645 \u0627\u0644\u0635\u062d\u064a\u0629 \u0627\u0644\u062c\u0632\u0621 2<\/td><td class=\"column-3\"><a href=\"https:\/\/sebhau.edu.ly\/wp-content\/uploads\/2023\/02\/med-sinc2.pdf\" target=\"_blank\" rel=\"noopener\"><img loading=\"lazy\" decoding=\"async\" src=\"https:\/\/sebhau.edu.ly\/wp-content\/uploads\/2022\/11\/pngkit_pdf-icon-png_1963090.png\" alt=\"\" width=\"35\" height=\"35\"  \/><\/a><\/td>\n<\/tr>\n<tr class=\"row-18\">\n\t<td class=\"column-1\">17<\/td><td class=\"column-2\">\u062f\u0644\u064a\u0644 \u0627\u0644\u062f\u0631\u0627\u0633\u0629 \u0644\u0643\u0644\u064a\u0627\u062a \u0627\u0644\u0639\u0644\u0648\u0645 \u0628\u0627\u0644\u062c\u0627\u0645\u0639\u0627\u062a \u0627\u0644\u0644\u064a\u0628\u064a\u0629 \u0644\u0633\u0646\u0629 2023 \u0627\u0644\u062c\u0632\u0621 \u0627\u0644\u0627\u0648\u0644<\/td><td class=\"column-3\"><a href=\"https:\/\/sebhau.edu.ly\/wp-content\/uploads\/2023\/06\/guide-for-science-faculties-part1-1.pdf\" target=\"_blank\" rel=\"noopener\"><img loading=\"lazy\" decoding=\"async\" src=\"https:\/\/sebhau.edu.ly\/wp-content\/uploads\/2022\/11\/pngkit_pdf-icon-png_1963090.png\" alt=\"\" width=\"35\" height=\"35\"  \/><\/a><\/td>\n<\/tr>\n<tr class=\"row-19\">\n\t<td class=\"column-1\">18<\/td><td class=\"column-2\">\u062f\u0644\u064a\u0644 \u0627\u0644\u062f\u0631\u0627\u0633\u0629 \u0644\u0643\u0644\u064a\u0627\u062a \u0627\u0644\u0639\u0644\u0648\u0645 \u0628\u0627\u0644\u062c\u0627\u0645\u0639\u0627\u062a \u0627\u0644\u0644\u064a\u0628\u064a\u0629 \u0644\u0633\u0646\u0629 2023 \u0627\u0644\u062c\u0632\u0621 \u0627\u0644\u062b\u0627\u0646\u064a<\/td><td class=\"column-3\"><a href=\"https:\/\/sebhau.edu.ly\/wp-content\/uploads\/2023\/06\/guide-for-science-faculties-part2.pdf\" target=\"_blank\" rel=\"noopener\"><img loading=\"lazy\" decoding=\"async\" src=\"https:\/\/sebhau.edu.ly\/wp-content\/uploads\/2022\/11\/pngkit_pdf-icon-png_1963090.png\" alt=\"\" width=\"35\" height=\"35\"  \/><\/a><\/td>\n<\/tr>\n<\/tbody>\n<\/table>\n<\/p>\n[\/vc_column][\/vc_row]<\/p>\n<\/section>","protected":false},"excerpt":{"rendered":"<p>[vc_row bg_type=\u00a0\u00bb\u00a0\u00bb dima_canvas_style=\u00a0\u00bb\u00a0\u00bb translate_x=\u00a0\u00bb0&Prime; dima_z_index=\u00a0\u00bb0&Prime; delay=\u00a0\u00bb\u00a0\u00bb delay_duration=\u00a0\u00bb\u00a0\u00bb delay_offset=\u00a0\u00bb\u00a0\u00bb][vc_column min_height=\u00a0\u00bb\u00a0\u00bb bg_type=\u00a0\u00bb\u00a0\u00bb dima_canvas_style=\u00a0\u00bb\u00a0\u00bb translate_x=\u00a0\u00bb0&Prime; dima_z_index=\u00a0\u00bb0&Prime; delay=\u00a0\u00bb\u00a0\u00bb delay_duration=\u00a0\u00bb\u00a0\u00bb delay_offset=\u00a0\u00bb\u00a0\u00bb width=\u00a0\u00bb1\/1&Prime;][\/vc_column][\/vc_row]<\/p>\n","protected":false},"author":1,"featured_media":0,"parent":0,"menu_order":0,"comment_status":"closed","ping_status":"closed","template":"","meta":{"_uf_show_specific_survey":0,"_uf_disable_surveys":false,"footnotes":""},"class_list":["post-26389","page","type-page","status-publish","hentry"],"aioseo_notices":[],"amp_enabled":true,"_links":{"self":[{"href":"https:\/\/sebhau.edu.ly\/fr\/wp-json\/wp\/v2\/pages\/26389","targetHints":{"allow":["GET"]}}],"collection":[{"href":"https:\/\/sebhau.edu.ly\/fr\/wp-json\/wp\/v2\/pages"}],"about":[{"href":"https:\/\/sebhau.edu.ly\/fr\/wp-json\/wp\/v2\/types\/page"}],"author":[{"embeddable":true,"href":"https:\/\/sebhau.edu.ly\/fr\/wp-json\/wp\/v2\/users\/1"}],"replies":[{"embeddable":true,"href":"https:\/\/sebhau.edu.ly\/fr\/wp-json\/wp\/v2\/comments?post=26389"}],"version-history":[{"count":0,"href":"https:\/\/sebhau.edu.ly\/fr\/wp-json\/wp\/v2\/pages\/26389\/revisions"}],"wp:attachment":[{"href":"https:\/\/sebhau.edu.ly\/fr\/wp-json\/wp\/v2\/media?parent=26389"}],"curies":[{"name":"wp","href":"https:\/\/api.w.org\/{rel}","templated":true}]}}