{"id":26396,"date":"2021-09-06T23:15:16","date_gmt":"2021-09-06T20:15:16","guid":{"rendered":"https:\/\/sebhau.edu.ly\/faculty-affairs-administration\/"},"modified":"2023-12-03T08:41:00","modified_gmt":"2023-12-03T05:41:00","slug":"faculty-affairs-administration","status":"publish","type":"page","link":"https:\/\/sebhau.edu.ly\/fr\/faculty-affairs-administration\/","title":{"rendered":"Direction des Affaires des membres du corps professorales"},"content":{"rendered":"<section class=\"wpb-content-wrapper\"><p>[vc_row bg_type=\u00a0\u00bb\u00a0\u00bb dima_canvas_style=\u00a0\u00bb\u00a0\u00bb translate_x=\u00a0\u00bb0&Prime; dima_z_index=\u00a0\u00bb0&Prime; delay=\u00a0\u00bb\u00a0\u00bb delay_duration=\u00a0\u00bb\u00a0\u00bb delay_offset=\u00a0\u00bb\u00a0\u00bb top_and_bottom_padding=\u00a0\u00bb\u00a0\u00bb left_and_right_padding=\u00a0\u00bb\u00a0\u00bb][vc_column min_height=\u00a0\u00bb\u00a0\u00bb bg_type=\u00a0\u00bb\u00a0\u00bb dima_canvas_style=\u00a0\u00bb\u00a0\u00bb translate_x=\u00a0\u00bb0&Prime; dima_z_index=\u00a0\u00bb0&Prime; delay=\u00a0\u00bb\u00a0\u00bb delay_duration=\u00a0\u00bb\u00a0\u00bb delay_offset=\u00a0\u00bb\u00a0\u00bb top_and_bottom_padding=\u00a0\u00bb\u00a0\u00bb left_and_right_padding=\u00a0\u00bb\u00a0\u00bb]<p>La gestion des affaires du corps professoral se sp\u00e9cialise dans tout ce qui concerne les membres du corps enseignant et prend les mesures n\u00e9cessaires pour surmonter les difficult\u00e9s auxquelles ils sont confront\u00e9s afin qu&rsquo;ils puissent accomplir leurs t\u00e2ches \u00e9ducatives et de recherche de mani\u00e8re optimale.<\/p>\n<p>&nbsp;<\/p>\n<p style=\"text-align: center;\">Le directeur de la gestion des affaires du corps professoral \u00e0 l&rsquo;Universit\u00e9 de Sebha est le Dr. Taha Ibrahim Ali Abdullah.<\/p>\n<div  class=\"dima-divider line-start line-hr\" ><\/div><ul  class=\"dima-accordion dima-acc-plus acc-circle dima-acc-janobi\" ><li  class=\"panel dima-accordion-group\" ><div class=\"dima-accordion-header\"><a class=\"dima-accordion-toggle\" data-toggle=\"collapse\"  href=\"#collapse-1\">Bureau des affaires du corps professoral nationaux<\/a><\/div><div id=\"collapse-1\" class=\"dima-accordion-content collapse in\"><div class=\"dima-accordion-inner\">Il se sp\u00e9cialise dans les domaines suivants\u00a0:<\/p>\n<ol>\n<li>Prendre en charge les affaires des membres du corps professoral nationaux, surmonter les difficult\u00e9s auxquelles ils sont confront\u00e9s, et proposer les principes et les r\u00e8gles qui les aident \u00e0 accomplir leurs devoirs et responsabilit\u00e9s universitaires.<\/li>\n<li>Suivre les activit\u00e9s scientifiques des membres du corps enseignant nationaux, pr\u00e9parer des rapports sur les \u00e9tudes et les recherches qu&rsquo;ils r\u00e9alisent, et accomplir les proc\u00e9dures d&rsquo;\u00e9valuation.<\/li>\n<li>Organiser la participation des membres du corps enseignant nationaux aux s\u00e9minaires et aux conf\u00e9rences scientifiques en Libye et \u00e0 l&rsquo;\u00e9trange.<\/li>\n<li>4-Assumer la responsabilit\u00e9 et la gestion du recours \u00e0 des membres du corps enseignant nationaux en dehors de l&rsquo;universit\u00e9 pour des activit\u00e9s d&rsquo;enseignement et de formation.<\/li>\n<li>\u00c9laborer le tableau des effectifs pour les membres du corps enseignant.<\/li>\n<li>Conserver les dossiers principaux des membres du corps enseignant, ainsi que toutes les affaires li\u00e9es \u00e0 chaque membre du corps enseignant, en ouvrant un dossier subalterne pour chaque facult\u00e9.<\/li>\n<\/ol>\n<p><\/div><\/div><\/li><li  class=\"panel dima-accordion-group\" ><div class=\"dima-accordion-header\"><a class=\"dima-accordion-toggle collapsed\" data-toggle=\"collapse\"  href=\"#collapse-2\">Bureau des affaires du corps professoral non nationaux<\/a><\/div><div id=\"collapse-2\" class=\"dima-accordion-content collapse\"><div class=\"dima-accordion-inner\">Il se sp\u00e9cialise dans les domaines suivants\u00a0:<\/p>\n<ol>\n<li>G\u00e9rer les contrats des membres du corps enseignant non nationaux, mettre en \u0153uvre les proc\u00e9dures de conclusion de contrats et \u00e9valuer leur situation acad\u00e9mique et \u00e9ducative, et pr\u00e9parer les rapports n\u00e9cessaires \u00e0 leur sujet.<\/li>\n<li>Prendre les mesures n\u00e9cessaires pour accueillir, recevoir, h\u00e9berger et renvoyer les enseignants visiteurs et les examinateurs, afin de faciliter l&rsquo;ex\u00e9cution de leurs t\u00e2ches acad\u00e9miques.<\/li>\n<li>Suivre les activit\u00e9s scientifiques des membres du corps enseignant non nationaux, pr\u00e9parer des rapports sur les \u00e9tudes et les recherches qu&rsquo;ils r\u00e9alisent, et travailler \u00e0 les \u00e9valuer.<\/li>\n<li>Organiser la participation des membres du corps enseignant non nationaux aux s\u00e9minaires et conf\u00e9rences scientifiques nationaux et internationaux.<\/li>\n<li>Conserver les dossiers principaux des membres du corps enseignant non nationaux en dehors de l&rsquo;universit\u00e9, g\u00e9rer le recours \u00e0 eux pour des activit\u00e9s d&rsquo;enseignement et de formation.<\/li>\n<\/ol>\n<p><\/div><\/div><\/li><li  class=\"panel dima-accordion-group\" ><div class=\"dima-accordion-header\"><a class=\"dima-accordion-toggle collapsed\" data-toggle=\"collapse\"  href=\"#collapse-3\">Bureau du logement des membres du corps enseignant<\/a><\/div><div id=\"collapse-3\" class=\"dima-accordion-content collapse\"><div class=\"dima-accordion-inner\"><strong>\u00a0<\/strong><\/p>\n<p>Il se sp\u00e9cialise dans les domaines suivants\u00a0:<\/p>\n<ol>\n<li>Fournir et \u00e9quiper un logement appropri\u00e9 pour les membres du corps enseignant, afin qu&rsquo;ils puissent s&rsquo;installer et cr\u00e9er un environnement scientifique propice \u00e0 la recherche et \u00e0 la cr\u00e9ativit\u00e9.<\/li>\n<li>Accueillir les membres du corps enseignant dans les r\u00e9sidences universitaires, leur permettre d&rsquo;y r\u00e9sider conform\u00e9ment aux r\u00e8gles d\u00e9finies par l&rsquo;universit\u00e9.<\/li>\n<li>Superviser les r\u00e9sidences universitaires, suivre les travaux de maintenance et signaler tout dysfonctionnement ou panne \u00e0 l&rsquo;autorit\u00e9 comp\u00e9tente pour r\u00e9paration.<\/li>\n<li>Pr\u00e9parer les \u00e9tudes et les programmes n\u00e9cessaires pour fournir un logement appropri\u00e9 aux membres du corps enseignant.<\/li>\n<li>Contacter les autorit\u00e9s comp\u00e9tentes et coordonner avec elles pour obtenir des terrains ou des logements \u00e0 distribuer aux membres du corps enseignant, conform\u00e9ment aux r\u00e8gles et conditions d\u00e9finies par l&rsquo;universit\u00e9.<\/li>\n<\/ol>\n<p><\/div><\/div><\/li><\/ul><div  class=\"dima-clear\" style=\"padding-bottom:15px\"><\/div>[\/vc_column][\/vc_row][vc_row full_w_bg=\u00a0\u00bbtrue\u00a0\u00bb bg_type=\u00a0\u00bb\u00a0\u00bb dima_canvas_style=\u00a0\u00bbcanvas_1&Prime; dima_canvas_color=\u00a0\u00bbrgba(255,255,255,0.2)\u00a0\u00bb cover=\u00a0\u00bbtrue\u00a0\u00bb cover_pos=\u00a0\u00bbback\u00a0\u00bb cover_color=\u00a0\u00bb#e0e0e0&Prime; translate_x=\u00a0\u00bb0&Prime; dima_z_index=\u00a0\u00bb0&Prime; delay=\u00a0\u00bb\u00a0\u00bb delay_duration=\u00a0\u00bb\u00a0\u00bb delay_offset=\u00a0\u00bb\u00a0\u00bb id=\u00a0\u00bb\u00a0\u00bb class=\u00a0\u00bb\u00a0\u00bb border_color=\u00a0\u00bb\u00a0\u00bb][vc_column min_height=\u00a0\u00bb\u00a0\u00bb bg_type=\u00a0\u00bb\u00a0\u00bb dima_canvas_style=\u00a0\u00bb\u00a0\u00bb translate_x=\u00a0\u00bb0&Prime; dima_z_index=\u00a0\u00bb0&Prime; delay=\u00a0\u00bb\u00a0\u00bb delay_duration=\u00a0\u00bb\u00a0\u00bb delay_offset=\u00a0\u00bb\u00a0\u00bb width=\u00a0\u00bb5\/6&Prime;]<p>La direction des affaires du corps enseignant \u00e0 l&rsquo;Universit\u00e9 de Sebha est heureuse de pr\u00e9senter \u00e0 la communaut\u00e9 universitaire un guide des proc\u00e9dures pour les membres du corps enseignant de l&rsquo;universit\u00e9, contribuant ainsi \u00e0 faciliter le travail de l&rsquo;administration et \u00e0 acc\u00e9l\u00e9rer les proc\u00e9dures pour ceux qui ont des contrats avec l&rsquo;universit\u00e9. Ce guide, \u00e9tant le premier du genre, invite tous les membres du corps enseignant \u00e0 nous faire part de leurs commentaires et de leurs ajouts pour am\u00e9liorer la qualit\u00e9 de cette administration.<\/p>\n[\/vc_column][vc_column min_height=\u00a0\u00bb\u00a0\u00bb bg_type=\u00a0\u00bb\u00a0\u00bb dima_canvas_style=\u00a0\u00bb\u00a0\u00bb translate_x=\u00a0\u00bb0&Prime; dima_z_index=\u00a0\u00bb0&Prime; delay=\u00a0\u00bb\u00a0\u00bb delay_duration=\u00a0\u00bb\u00a0\u00bb delay_offset=\u00a0\u00bb\u00a0\u00bb width=\u00a0\u00bb1\/6&Prime;]<a   data-direction=\"down\" class=\"dima-button  dima-btn-rounded stroke dima-btn-big\"  href=\"https:\/\/sebhau.edu.ly\/elec\/theme\/upload\/clues\/11.pdf\"  target=\"_blank\" rel=\"noopener\"  >Manuel de proc\u00e9dures de la facult\u00e9<\/a>[\/vc_column][\/vc_row][vc_row content_position=\u00a0\u00bbend\u00a0\u00bb bg_type=\u00a0\u00bb\u00a0\u00bb dima_canvas_style=\u00a0\u00bb\u00a0\u00bb translate_x=\u00a0\u00bb0&Prime; dima_z_index=\u00a0\u00bb0&Prime; delay=\u00a0\u00bb\u00a0\u00bb delay_duration=\u00a0\u00bb\u00a0\u00bb delay_offset=\u00a0\u00bb\u00a0\u00bb top_and_bottom_padding=\u00a0\u00bb\u00a0\u00bb left_and_right_padding=\u00a0\u00bb\u00a0\u00bb id=\u00a0\u00bb\u00a0\u00bb class=\u00a0\u00bb\u00a0\u00bb border_color=\u00a0\u00bb\u00a0\u00bb][vc_column min_height=\u00a0\u00bb\u00a0\u00bb bg_type=\u00a0\u00bb\u00a0\u00bb dima_canvas_style=\u00a0\u00bb\u00a0\u00bb translate_x=\u00a0\u00bb0&Prime; dima_z_index=\u00a0\u00bb0&Prime; delay=\u00a0\u00bb\u00a0\u00bb delay_duration=\u00a0\u00bb\u00a0\u00bb delay_offset=\u00a0\u00bb\u00a0\u00bb top_and_bottom_padding=\u00a0\u00bb\u00a0\u00bb left_and_right_padding=\u00a0\u00bb\u00a0\u00bb width=\u00a0\u00bb1\/3&Prime;]<a   data-direction=\"down\" class=\"dima-button  dima-btn-rounded stroke dima-btn-big float-center icon\"  href=\"https:\/\/sebhau.edu.ly\/electronic-forms\/\"  target=\"_blank\" rel=\"noopener\"  ><i class=\"fas fa-file-pdf\"><\/i>Mod\u00e8les de professeurs<\/a>[\/vc_column][vc_column min_height=\u00a0\u00bb\u00a0\u00bb bg_type=\u00a0\u00bb\u00a0\u00bb dima_canvas_style=\u00a0\u00bb\u00a0\u00bb translate_x=\u00a0\u00bb0&Prime; dima_z_index=\u00a0\u00bb0&Prime; delay=\u00a0\u00bb\u00a0\u00bb delay_duration=\u00a0\u00bb\u00a0\u00bb delay_offset=\u00a0\u00bb\u00a0\u00bb top_and_bottom_padding=\u00a0\u00bb\u00a0\u00bb left_and_right_padding=\u00a0\u00bb\u00a0\u00bb width=\u00a0\u00bb1\/3&Prime;]<a   data-direction=\"down\" class=\"dima-button  dima-btn-rounded stroke dima-btn-big float-center icon\"  href=\"https:\/\/sebhau.edu.ly\/elec\/theme\/upload\/clues\/%D8%AF%D9%84%D9%8A%D9%84_%D8%A7%D8%AC%D8%B1%D8%A7%D8%A1%D8%A7%D8%AA_%D8%A7%D9%84%D8%A7%D9%82%D8%B3%D8%A7%D9%85_%D8%A7%D9%84%D8%B9%D9%84%D9%85%D9%8A%D8%A91.pdf\"  target=\"_blank\" rel=\"noopener\"  ><i class=\"fas fa-directions\"><\/i>Bref guide du corps professoral<\/a>[\/vc_column][vc_column min_height=\u00a0\u00bb\u00a0\u00bb bg_type=\u00a0\u00bb\u00a0\u00bb dima_canvas_style=\u00a0\u00bb\u00a0\u00bb translate_x=\u00a0\u00bb0&Prime; dima_z_index=\u00a0\u00bb0&Prime; delay=\u00a0\u00bb\u00a0\u00bb delay_duration=\u00a0\u00bb\u00a0\u00bb delay_offset=\u00a0\u00bb\u00a0\u00bb top_and_bottom_padding=\u00a0\u00bb\u00a0\u00bb left_and_right_padding=\u00a0\u00bb\u00a0\u00bb width=\u00a0\u00bb1\/3&Prime;]<a   data-direction=\"down\" class=\"dima-button  dima-btn-rounded stroke dima-btn-big float-center icon\"  href=\"https:\/\/sebhau.edu.ly\/elec\/theme\/upload\/clues\/%D8%AF%D9%84%D9%8A%D9%84_%D8%A7%D8%AC%D8%B1%D8%A7%D8%A1%D8%A7%D8%AA_%D8%A7%D9%84%D8%AA%D8%B9%D9%8A%D9%8A%D9%86_%D9%88%D8%A7%D9%84%D9%86%D9%82%D9%84_%D9%88%D8%A7%D9%84%D8%A7%D8%B9%D8%A7%D8%B1%D9%87_%D8%A3%D8%B9%D8%B6%D8%A7%D8%A1_%D9%87%D9%8A%D8%A6%D8%A9_%D8%A7%D9%84%D8%AA%D8%AF%D8%B1%D9%8A%D8%B3.pdf\"  target=\"_blank\" rel=\"noopener\"  ><i class=\"fas fa-directions\"><\/i>Guide des proc\u00e9dures de passation de contrats, de mutation, de d\u00e9tachement et de d\u00e9tachement<\/a>[\/vc_column][\/vc_row][vc_row content_position=\u00a0\u00bbstart\u00a0\u00bb bg_type=\u00a0\u00bb\u00a0\u00bb dima_canvas_style=\u00a0\u00bb\u00a0\u00bb translate_x=\u00a0\u00bb0&Prime; dima_z_index=\u00a0\u00bb0&Prime; delay=\u00a0\u00bb\u00a0\u00bb delay_duration=\u00a0\u00bb\u00a0\u00bb delay_offset=\u00a0\u00bb\u00a0\u00bb top_and_bottom_padding=\u00a0\u00bb\u00a0\u00bb left_and_right_padding=\u00a0\u00bb\u00a0\u00bb id=\u00a0\u00bb\u00a0\u00bb class=\u00a0\u00bb\u00a0\u00bb border_color=\u00a0\u00bb\u00a0\u00bb][vc_column min_height=\u00a0\u00bb\u00a0\u00bb bg_type=\u00a0\u00bb\u00a0\u00bb dima_canvas_style=\u00a0\u00bb\u00a0\u00bb translate_x=\u00a0\u00bb0&Prime; dima_z_index=\u00a0\u00bb0&Prime; delay=\u00a0\u00bb\u00a0\u00bb delay_duration=\u00a0\u00bb\u00a0\u00bb delay_offset=\u00a0\u00bb\u00a0\u00bb top_and_bottom_padding=\u00a0\u00bb\u00a0\u00bb left_and_right_padding=\u00a0\u00bb\u00a0\u00bb width=\u00a0\u00bb1\/4&Prime;]<a   data-direction=\"down\" class=\"dima-button  dima-btn-rounded stroke dima-btn-big float-center icon\"  href=\"https:\/\/sebhau.edu.ly\/elec\/theme\/upload\/clues\/%D8%A5%D8%AC%D8%A7%D8%B2%D8%A9_%D8%A7%D9%84%D8%AA%D9%81%D8%B1%D8%BA_%D8%A7%D9%84%D8%B9%D9%84%D9%85%D9%8A_%D9%84%D8%B9%D8%B6%D9%88_%D9%87%D9%8A%D8%A6%D8%A9_%D8%A7%D9%84%D8%AA%D8%AF%D8%B1%D9%8A%D8%B3_%D8%A7%D9%84%D9%88%D8%B7%D9%86%D9%8A.pdf\"  target=\"_blank\" rel=\"noopener\"  ><i class=\"fas fa-directions\"><\/i>Cong\u00e9 sabbatique<\/a>[\/vc_column][vc_column min_height=\u00a0\u00bb\u00a0\u00bb bg_type=\u00a0\u00bb\u00a0\u00bb dima_canvas_style=\u00a0\u00bb\u00a0\u00bb translate_x=\u00a0\u00bb0&Prime; dima_z_index=\u00a0\u00bb0&Prime; delay=\u00a0\u00bb\u00a0\u00bb delay_duration=\u00a0\u00bb\u00a0\u00bb delay_offset=\u00a0\u00bb\u00a0\u00bb top_and_bottom_padding=\u00a0\u00bb\u00a0\u00bb left_and_right_padding=\u00a0\u00bb\u00a0\u00bb width=\u00a0\u00bb1\/4&Prime;]<a   data-direction=\"down\" class=\"dima-button  dima-btn-rounded stroke dima-btn-big float-center icon\"  href=\"https:\/\/sebhau.edu.ly\/elec\/theme\/upload\/clues\/%D8%AF%D9%84%D9%8A%D9%84_%D8%A7%D8%AC%D8%B1%D8%A1%D8%A7%D8%AA_%D8%AD%D8%B6%D9%88%D8%B1_%D9%85%D8%A4%D8%AA%D9%85%D8%B1_%D8%B9%D9%84%D9%85%D9%8A.pdf\"  target=\"_blank\" rel=\"noopener\"  ><i class=\"fas fa-directions\"><\/i>Guide d'exp\u00e9dition pour un membre du corps professoral<\/a>[\/vc_column][vc_column min_height=\u00a0\u00bb\u00a0\u00bb bg_type=\u00a0\u00bb\u00a0\u00bb dima_canvas_style=\u00a0\u00bb\u00a0\u00bb translate_x=\u00a0\u00bb0&Prime; dima_z_index=\u00a0\u00bb0&Prime; delay=\u00a0\u00bb\u00a0\u00bb delay_duration=\u00a0\u00bb\u00a0\u00bb delay_offset=\u00a0\u00bb\u00a0\u00bb top_and_bottom_padding=\u00a0\u00bb\u00a0\u00bb left_and_right_padding=\u00a0\u00bb\u00a0\u00bb width=\u00a0\u00bb1\/4&Prime;]<a   data-direction=\"down\" class=\"dima-button  dima-btn-rounded stroke dima-btn-big float-center icon\"  href=\"https:\/\/sebhau.edu.ly\/elec\/theme\/upload\/clues\/%D8%AF%D9%84%D9%8A%D9%84_%D8%AA%D8%B1%D9%82%D9%8A%D8%A9_%D8%B9%D8%B6%D9%88_%D9%87%D8%A8%D8%A6%D8%A9_%D8%A7%D9%84%D8%AA%D8%AF%D8%B1%D9%8A%D8%B3_%D8%A8%D8%AC%D8%A7%D9%85%D8%B9%D8%A9_%D8%B3%D8%A8%D9%87%D8%A7.pdf\"  target=\"_blank\" rel=\"noopener\"  ><i class=\"fas fa-directions\"><\/i>Guide des proc\u00e9dures de mise \u00e0 niveau<\/a>[\/vc_column][vc_column min_height=\u00a0\u00bb\u00a0\u00bb bg_type=\u00a0\u00bb\u00a0\u00bb dima_canvas_style=\u00a0\u00bb\u00a0\u00bb translate_x=\u00a0\u00bb0&Prime; dima_z_index=\u00a0\u00bb0&Prime; delay=\u00a0\u00bb\u00a0\u00bb delay_duration=\u00a0\u00bb\u00a0\u00bb delay_offset=\u00a0\u00bb\u00a0\u00bb width=\u00a0\u00bb1\/4&Prime;]<a   data-direction=\"down\" class=\"dima-button  dima-btn-rounded stroke dima-btn-big float-center icon\"  href=\"https:\/\/sebhau.edu.ly\/elec\/theme\/upload\/clues\/%D8%AF%D9%84%D9%8A%D9%84_%D9%84%D8%AC%D9%86%D8%A9_%D8%A3%D8%B9%D8%B6%D8%A7%D8%A1_%D9%87%D9%8A%D8%A6%D8%A9_%D8%A7%D9%84%D8%AA%D8%AF%D8%B1%D9%8A%D8%B3.pdf\"  target=\"_blank\" rel=\"noopener\"  ><i class=\"fas fa-directions\"><\/i>R\u00e9pertoire des professeurs<\/a>[\/vc_column][\/vc_row][vc_row bg_type=\u00a0\u00bb\u00a0\u00bb dima_canvas_style=\u00a0\u00bb\u00a0\u00bb translate_x=\u00a0\u00bb0&Prime; dima_z_index=\u00a0\u00bb0&Prime; delay=\u00a0\u00bb\u00a0\u00bb delay_duration=\u00a0\u00bb\u00a0\u00bb delay_offset=\u00a0\u00bb\u00a0\u00bb top_and_bottom_padding=\u00a0\u00bb\u00a0\u00bb left_and_right_padding=\u00a0\u00bb\u00a0\u00bb][vc_column min_height=\u00a0\u00bb\u00a0\u00bb bg_type=\u00a0\u00bb\u00a0\u00bb dima_canvas_style=\u00a0\u00bb\u00a0\u00bb translate_x=\u00a0\u00bb0&Prime; dima_z_index=\u00a0\u00bb0&Prime; delay=\u00a0\u00bb\u00a0\u00bb delay_duration=\u00a0\u00bb\u00a0\u00bb delay_offset=\u00a0\u00bb\u00a0\u00bb top_and_bottom_padding=\u00a0\u00bb\u00a0\u00bb left_and_right_padding=\u00a0\u00bb\u00a0\u00bb width=\u00a0\u00bb1\/1&Prime;]<div  class=\"social-media text-center\" ><div class=\"social-media dima-social-post social-medium\"><ul class=\"inline clearfix\"><li><a href=\"#share\" data-toggle=\"tooltip\" data-trigger=\"hover\" data-placement=\"bottom\"  title=\"Share on Facebook\" onclick=\"window.open('http:\/\/www.facebook.com\/sharer.php?u=https%3A%2F%2Fsebhau.edu.ly%2Ffr%2Ffaculty-affairs-administration%2F&amp;t=Direction+des+Affaires+des+membres+du+corps+professorales', 'popupFacebook', 'width=650, height=270, resizable=0, toolbar=0, menubar=0, status=0, location=0, scrollbars=0'); return false;\"><i class=\"fa-brands fa-facebook-f\"><\/i><\/a><\/li><li><a href=\"#share\" data-toggle=\"tooltip\" data-trigger=\"hover\" data-placement=\"bottom\"  title=\"Share on Twitter\" onclick=\"window.open('https:\/\/twitter.com\/intent\/tweet?text=Direction+des+Affaires+des+membres+du+corps+professorales&amp;url=https%3A%2F%2Fsebhau.edu.ly%2Ffr%2Ffaculty-affairs-administration%2F', 'popupTwitter', 'width=500, height=370, resizable=0, toolbar=0, menubar=0, status=0, location=0, scrollbars=0'); return false;\"><i class=\"fa-brands  fa-twitter\"><\/i><\/a><\/li><li><a href=\"#share\" data-toggle=\"tooltip\" data-trigger=\"hover\" data-placement=\"bottom\"  title=\"Share on LinkedIn\" onclick=\"window.open('http:\/\/www.linkedin.com\/shareArticle?mini=true&amp;url=https%3A%2F%2Fsebhau.edu.ly%2Ffr%2Ffaculty-affairs-administration%2F&amp;title=Direction+des+Affaires+des+membres+du+corps+professorales&amp;summary=%5Bvc_row+bg_type%3D%C2%A0%C2%BB%C2%A0%C2%BB+dima_canvas_style%3D%C2%A0%C2%BB%C2%A0%C2%BB+translate_x%3D%C2%A0%C2%BB0%26Prime%3B+dima_z_index%3D%C2%A0%C2%BB0%26Prime%3B+delay%3D%C2%A0%C2%BB%C2%A0%C2%BB+delay_duration%3D%C2%A0%C2%BB%C2%A0%C2%BB+delay_offset%3D%C2%A0%C2%BB%C2%A0%C2%BB+top_and_bottom_padding%3D%C2%A0%C2%BB%C2%A0%C2%BB+left_and_right_padding%3D%C2%A0%C2%BB%C2%A0%C2%BB%5D%5Bvc_column+min_height%3D%C2%A0%C2%BB%C2%A0%C2%BB+bg_type%3D%C2%A0%C2%BB%C2%A0%C2%BB+dima_canvas_style%3D%C2%A0%C2%BB%C2%A0%C2%BB+translate_x%3D%C2%A0%C2%BB0%26Prime%3B+dima_z_index%3D%C2%A0%C2%BB0%26Prime%3B+delay%3D%C2%A0%C2%BB%C2%A0%C2%BB+delay_duration%3D%C2%A0%C2%BB%C2%A0%C2%BB+delay_offset%3D%C2%A0%C2%BB%C2%A0%C2%BB+top_and_bottom_padding%3D%C2%A0%C2%BB%C2%A0%C2%BB+left_and_right_padding%3D%C2%A0%C2%BB%C2%A0%C2%BB%5D%5B%2Fvc_column%5D%5B%2Fvc_row%5D%5Bvc_row+full_w_bg%3D%C2%A0%C2%BBtrue%C2%A0%C2%BB+bg_type%3D%C2%A0%C2%BB%C2%A0%C2%BB+dima_canvas_style%3D%C2%A0%C2%BBcanvas_1%26Prime%3B+dima_canvas_color%3D%C2%A0%C2%BBrgba%28255%2C255%2C255%2C0.2%29%C2%A0%C2%BB+cover%3D%C2%A0%C2%BBtrue%C2%A0%C2%BB+cover_pos%3D%C2%A0%C2%BBback%C2%A0%C2%BB+cover_color%3D%C2%A0%C2%BB%23e0e0e0%26Prime%3B+translate_x%3D%C2%A0%C2%BB0%26Prime%3B+dima_z_index%3D%C2%A0%C2%BB0%26Prime%3B+delay%3D%C2%A0%C2%BB%C2%A0%C2%BB+delay_duration%3D%C2%A0%C2%BB%C2%A0%C2%BB+delay_offset%3D%C2%A0%C2%BB%C2%A0%C2%BB+id%3D%C2%A0%C2%BB%C2%A0%C2%BB+class%3D%C2%A0%C2%BB%C2%A0%C2%BB+border_color%3D%C2%A0%C2%BB%C2%A0%C2%BB%5D%5Bvc_column+min_height%3D%C2%A0%C2%BB%C2%A0%C2%BB+bg_type%3D%C2%A0%C2%BB%C2%A0%C2%BB+dima_canvas_style%3D%C2%A0%C2%BB%C2%A0%C2%BB+translate_x%3D%C2%A0%C2%BB0%26Prime%3B+dima_z_index%3D%C2%A0%C2%BB0%26Prime%3B+delay%3D%C2%A0%C2%BB%C2%A0%C2%BB+delay_duration%3D%C2%A0%C2%BB%C2%A0%C2%BB+delay_offset%3D%C2%A0%C2%BB%C2%A0%C2%BB+width%3D%C2%A0%C2%BB5%2F6%26Prime%3B%5D%5B%2Fvc_column%5D%5Bvc_column+min_height%3D%C2%A0%C2%BB%C2%A0%C2%BB+bg_type%3D%C2%A0%C2%BB%C2%A0%C2%BB+dima_canvas_style%3D%C2%A0%C2%BB%C2%A0%C2%BB+translate_x%3D%C2%A0%C2%BB0%26Prime%3B+dima_z_index%3D%C2%A0%C2%BB0%26Prime%3B+delay%3D%C2%A0%C2%BB%C2%A0%C2%BB+delay_duration%3D%C2%A0%C2%BB%C2%A0%C2%BB+delay_offset%3D%C2%A0%C2%BB%C2%A0%C2%BB+width%3D%C2%A0%C2%BB1%2F6%26Prime%3B%5D%5B%2Fvc_column%5D%5B%2Fvc_row%5D%5Bvc_row+content_position%3D%C2%A0%C2%BBend%C2%A0%C2%BB+bg_type%3D%C2%A0%C2%BB%C2%A0%C2%BB+%5B%26hellip%3B%5D&amp;source=%D8%AC%D8%A7%D9%85%D8%B9%D8%A9+%D8%B3%D8%A8%D9%87%D8%A7+%7C+Sebha+University', 'popupLinkedIn', 'width=610, height=480, resizable=0, toolbar=0, menubar=0, status=0, location=0, scrollbars=0'); return false;\"><i class=\"fa-brands fa-linkedin\"><\/i><\/a><\/li><li><a href=\"#share\" data-toggle=\"tooltip\" data-trigger=\"hover\" data-placement=\"bottom\"  title=\"Share on Pinterest\" onclick=\"window.open('http:\/\/pinterest.com\/pin\/create\/button\/?url=https%3A%2F%2Fsebhau.edu.ly%2Ffr%2Ffaculty-affairs-administration%2F&amp;media=&amp;description=%5Bvc_row+bg_type%3D%C2%A0%C2%BB%C2%A0%C2%BB+dima_canvas_style%3D%C2%A0%C2%BB%C2%A0%C2%BB+translate_x%3D%C2%A0%C2%BB0%26Prime%3B+dima_z_index%3D%C2%A0%C2%BB0%26Prime%3B+delay%3D%C2%A0%C2%BB%C2%A0%C2%BB+delay_duration%3D%C2%A0%C2%BB%C2%A0%C2%BB+delay_offset%3D%C2%A0%C2%BB%C2%A0%C2%BB+top_and_bottom_padding%3D%C2%A0%C2%BB%C2%A0%C2%BB+left_and_right_padding%3D%C2%A0%C2%BB%C2%A0%C2%BB%5D%5Bvc_column+min_height%3D%C2%A0%C2%BB%C2%A0%C2%BB+bg_type%3D%C2%A0%C2%BB%C2%A0%C2%BB+dima_canvas_style%3D%C2%A0%C2%BB%C2%A0%C2%BB+translate_x%3D%C2%A0%C2%BB0%26Prime%3B+dima_z_index%3D%C2%A0%C2%BB0%26Prime%3B+delay%3D%C2%A0%C2%BB%C2%A0%C2%BB+delay_duration%3D%C2%A0%C2%BB%C2%A0%C2%BB+delay_offset%3D%C2%A0%C2%BB%C2%A0%C2%BB+top_and_bottom_padding%3D%C2%A0%C2%BB%C2%A0%C2%BB+left_and_right_padding%3D%C2%A0%C2%BB%C2%A0%C2%BB%5D%5B%2Fvc_column%5D%5B%2Fvc_row%5D%5Bvc_row+full_w_bg%3D%C2%A0%C2%BBtrue%C2%A0%C2%BB+bg_type%3D%C2%A0%C2%BB%C2%A0%C2%BB+dima_canvas_style%3D%C2%A0%C2%BBcanvas_1%26Prime%3B+dima_canvas_color%3D%C2%A0%C2%BBrgba%28255%2C255%2C255%2C0.2%29%C2%A0%C2%BB+cover%3D%C2%A0%C2%BBtrue%C2%A0%C2%BB+cover_pos%3D%C2%A0%C2%BBback%C2%A0%C2%BB+cover_color%3D%C2%A0%C2%BB%23e0e0e0%26Prime%3B+translate_x%3D%C2%A0%C2%BB0%26Prime%3B+dima_z_index%3D%C2%A0%C2%BB0%26Prime%3B+delay%3D%C2%A0%C2%BB%C2%A0%C2%BB+delay_duration%3D%C2%A0%C2%BB%C2%A0%C2%BB+delay_offset%3D%C2%A0%C2%BB%C2%A0%C2%BB+id%3D%C2%A0%C2%BB%C2%A0%C2%BB+class%3D%C2%A0%C2%BB%C2%A0%C2%BB+border_color%3D%C2%A0%C2%BB%C2%A0%C2%BB%5D%5Bvc_column+min_height%3D%C2%A0%C2%BB%C2%A0%C2%BB+bg_type%3D%C2%A0%C2%BB%C2%A0%C2%BB+dima_canvas_style%3D%C2%A0%C2%BB%C2%A0%C2%BB+translate_x%3D%C2%A0%C2%BB0%26Prime%3B+dima_z_index%3D%C2%A0%C2%BB0%26Prime%3B+delay%3D%C2%A0%C2%BB%C2%A0%C2%BB+delay_duration%3D%C2%A0%C2%BB%C2%A0%C2%BB+delay_offset%3D%C2%A0%C2%BB%C2%A0%C2%BB+width%3D%C2%A0%C2%BB5%2F6%26Prime%3B%5D%5B%2Fvc_column%5D%5Bvc_column+min_height%3D%C2%A0%C2%BB%C2%A0%C2%BB+bg_type%3D%C2%A0%C2%BB%C2%A0%C2%BB+dima_canvas_style%3D%C2%A0%C2%BB%C2%A0%C2%BB+translate_x%3D%C2%A0%C2%BB0%26Prime%3B+dima_z_index%3D%C2%A0%C2%BB0%26Prime%3B+delay%3D%C2%A0%C2%BB%C2%A0%C2%BB+delay_duration%3D%C2%A0%C2%BB%C2%A0%C2%BB+delay_offset%3D%C2%A0%C2%BB%C2%A0%C2%BB+width%3D%C2%A0%C2%BB1%2F6%26Prime%3B%5D%5B%2Fvc_column%5D%5B%2Fvc_row%5D%5Bvc_row+content_position%3D%C2%A0%C2%BBend%C2%A0%C2%BB+bg_type%3D%C2%A0%C2%BB%C2%A0%C2%BB+%5B%26hellip%3B%5D', 'popupPinterest', 'width=750, height=265, resizable=0, toolbar=0, menubar=0, status=0, location=0, scrollbars=0'); return false;\"><i class=\"fa-brands fa-pinterest\"><\/i><\/a><\/li><li><a href=\"#share\" data-toggle=\"tooltip\" data-trigger=\"hover\" data-placement=\"bottom\"  title=\"Share on Reddit\" onclick=\"window.open('http:\/\/www.reddit.com\/submit?url=https%3A%2F%2Fsebhau.edu.ly%2Ffr%2Ffaculty-affairs-administration%2F', 'popupReddit', 'width=875, height=450, resizable=0, toolbar=0, menubar=0, status=0, location=0, scrollbars=0'); return false;\"><i class=\"fa-brands fa-reddit\"><\/i><\/a><\/li><\/ul><\/div><\/div>[\/vc_column][\/vc_row]<\/p>\n<\/section>","protected":false},"excerpt":{"rendered":"<p>[vc_row bg_type=\u00a0\u00bb\u00a0\u00bb dima_canvas_style=\u00a0\u00bb\u00a0\u00bb translate_x=\u00a0\u00bb0&Prime; dima_z_index=\u00a0\u00bb0&Prime; delay=\u00a0\u00bb\u00a0\u00bb delay_duration=\u00a0\u00bb\u00a0\u00bb delay_offset=\u00a0\u00bb\u00a0\u00bb top_and_bottom_padding=\u00a0\u00bb\u00a0\u00bb left_and_right_padding=\u00a0\u00bb\u00a0\u00bb][vc_column min_height=\u00a0\u00bb\u00a0\u00bb bg_type=\u00a0\u00bb\u00a0\u00bb dima_canvas_style=\u00a0\u00bb\u00a0\u00bb translate_x=\u00a0\u00bb0&Prime; dima_z_index=\u00a0\u00bb0&Prime; delay=\u00a0\u00bb\u00a0\u00bb delay_duration=\u00a0\u00bb\u00a0\u00bb delay_offset=\u00a0\u00bb\u00a0\u00bb top_and_bottom_padding=\u00a0\u00bb\u00a0\u00bb left_and_right_padding=\u00a0\u00bb\u00a0\u00bb][\/vc_column][\/vc_row][vc_row full_w_bg=\u00a0\u00bbtrue\u00a0\u00bb bg_type=\u00a0\u00bb\u00a0\u00bb dima_canvas_style=\u00a0\u00bbcanvas_1&Prime; dima_canvas_color=\u00a0\u00bbrgba(255,255,255,0.2)\u00a0\u00bb cover=\u00a0\u00bbtrue\u00a0\u00bb cover_pos=\u00a0\u00bbback\u00a0\u00bb cover_color=\u00a0\u00bb#e0e0e0&Prime; translate_x=\u00a0\u00bb0&Prime; dima_z_index=\u00a0\u00bb0&Prime; delay=\u00a0\u00bb\u00a0\u00bb delay_duration=\u00a0\u00bb\u00a0\u00bb delay_offset=\u00a0\u00bb\u00a0\u00bb id=\u00a0\u00bb\u00a0\u00bb class=\u00a0\u00bb\u00a0\u00bb border_color=\u00a0\u00bb\u00a0\u00bb][vc_column min_height=\u00a0\u00bb\u00a0\u00bb bg_type=\u00a0\u00bb\u00a0\u00bb dima_canvas_style=\u00a0\u00bb\u00a0\u00bb translate_x=\u00a0\u00bb0&Prime; dima_z_index=\u00a0\u00bb0&Prime; delay=\u00a0\u00bb\u00a0\u00bb delay_duration=\u00a0\u00bb\u00a0\u00bb delay_offset=\u00a0\u00bb\u00a0\u00bb width=\u00a0\u00bb5\/6&Prime;][\/vc_column][vc_column min_height=\u00a0\u00bb\u00a0\u00bb bg_type=\u00a0\u00bb\u00a0\u00bb dima_canvas_style=\u00a0\u00bb\u00a0\u00bb translate_x=\u00a0\u00bb0&Prime; dima_z_index=\u00a0\u00bb0&Prime; delay=\u00a0\u00bb\u00a0\u00bb delay_duration=\u00a0\u00bb\u00a0\u00bb delay_offset=\u00a0\u00bb\u00a0\u00bb width=\u00a0\u00bb1\/6&Prime;][\/vc_column][\/vc_row][vc_row content_position=\u00a0\u00bbend\u00a0\u00bb bg_type=\u00a0\u00bb\u00a0\u00bb [&hellip;]<\/p>\n","protected":false},"author":1,"featured_media":0,"parent":0,"menu_order":0,"comment_status":"closed","ping_status":"closed","template":"","meta":{"_uf_show_specific_survey":0,"_uf_disable_surveys":false,"footnotes":""},"class_list":["post-26396","page","type-page","status-publish","hentry"],"aioseo_notices":[],"amp_enabled":true,"_links":{"self":[{"href":"https:\/\/sebhau.edu.ly\/fr\/wp-json\/wp\/v2\/pages\/26396","targetHints":{"allow":["GET"]}}],"collection":[{"href":"https:\/\/sebhau.edu.ly\/fr\/wp-json\/wp\/v2\/pages"}],"about":[{"href":"https:\/\/sebhau.edu.ly\/fr\/wp-json\/wp\/v2\/types\/page"}],"author":[{"embeddable":true,"href":"https:\/\/sebhau.edu.ly\/fr\/wp-json\/wp\/v2\/users\/1"}],"replies":[{"embeddable":true,"href":"https:\/\/sebhau.edu.ly\/fr\/wp-json\/wp\/v2\/comments?post=26396"}],"version-history":[{"count":0,"href":"https:\/\/sebhau.edu.ly\/fr\/wp-json\/wp\/v2\/pages\/26396\/revisions"}],"wp:attachment":[{"href":"https:\/\/sebhau.edu.ly\/fr\/wp-json\/wp\/v2\/media?parent=26396"}],"curies":[{"name":"wp","href":"https:\/\/api.w.org\/{rel}","templated":true}]}}