{"id":26771,"date":"2021-08-30T03:15:49","date_gmt":"2021-08-30T00:15:49","guid":{"rendered":"https:\/\/sebhau.edu.ly\/?page_id=26771"},"modified":"2024-10-03T09:15:18","modified_gmt":"2024-10-03T06:15:18","slug":"vice-president-of-academic-affairs-2","status":"publish","type":"page","link":"https:\/\/sebhau.edu.ly\/fr\/vice-president-of-academic-affairs-2\/","title":{"rendered":"Vice-recteur aux affaires acad\u00e9miques"},"content":{"rendered":"<section class=\"wpb-content-wrapper\"><p>[vc_row bg_type=\u00a0\u00bb\u00a0\u00bb dima_canvas_style=\u00a0\u00bb\u00a0\u00bb translate_x=\u00a0\u00bb0&Prime; dima_z_index=\u00a0\u00bb0&Prime; delay=\u00a0\u00bb\u00a0\u00bb delay_duration=\u00a0\u00bb\u00a0\u00bb delay_offset=\u00a0\u00bb\u00a0\u00bb][vc_column min_height=\u00a0\u00bb\u00a0\u00bb bg_type=\u00a0\u00bb\u00a0\u00bb dima_canvas_style=\u00a0\u00bb\u00a0\u00bb translate_x=\u00a0\u00bb0&Prime; dima_z_index=\u00a0\u00bb0&Prime; delay=\u00a0\u00bb\u00a0\u00bb delay_duration=\u00a0\u00bb\u00a0\u00bb delay_offset=\u00a0\u00bb\u00a0\u00bb width=\u00a0\u00bb2\/3&Prime;]<h1  class=\"dima-custom-heading\" ><\/p>\n<h2><strong>Discours du Sous-secr\u00e9taire aux Affaires Scientifiques :<\/strong><\/h2>\n<p><\/h1><p>Louange \u00e0 Allah, et que la pri\u00e8re et la paix soient sur notre proph\u00e8te MOHAMED, ainsi que sur sa famille et ses compagnons purs.<\/p>\n<p>En ce qui concerne\u2026\u2026<\/p>\n<p>Le vice-pr\u00e9sident des Affaires scientifiques, acad\u00e9miques dans toute facult\u00e9 ou universit\u00e9 est consid\u00e9r\u00e9 comme le principal moteur de son d\u00e9veloppement et constitue l&rsquo;un des piliers importants de l&rsquo;universit\u00e9. Il contribue g\u00e9n\u00e9ralement \u00e0 la r\u00e9alisation de la vision et des objectifs de l&rsquo;universit\u00e9, conform\u00e9ment aux exigences et normes d&rsquo;accr\u00e9ditation acad\u00e9mique des d\u00e9partements scientifiques de l&rsquo;universit\u00e9.<\/p>\n<p>&nbsp;<\/p>\n<p>Le vice-pr\u00e9sident des Affaires scientifiques , acad\u00e9miques de l&rsquo;Universit\u00e9 de Sabha s&rsquo;efforce d&rsquo;obtenir une accr\u00e9ditation globale afin de travailler de mani\u00e8re professionnelle et institutionnelle, en renfor\u00e7ant la culture du travail d&rsquo;\u00e9quipe, en soutenant l&rsquo;effort s\u00e9rieux en mati\u00e8re d&rsquo;innovation, de d\u00e9veloppement, d&rsquo;initiative, afin que tous les d\u00e9partements scientifiques des facult\u00e9s de l&rsquo;universit\u00e9 obtiennent l&rsquo;accr\u00e9ditation de leurs d\u00e9partements et puissent rivaliser \u00e0 l&rsquo;\u00e9chelle nationale et internationale.<\/p>\n<p>&nbsp;<\/p>\n<p>Par le biais de ses d\u00e9partements, facult\u00e9s et divisions scientifiques et administratives, le rectorat vise \u00e0 mettre \u00e0 jour les plans et programmes d&rsquo;\u00e9tudes, les techniques d&rsquo;enseignement, l&rsquo;accr\u00e9ditation et la qualit\u00e9 de la performance par des efforts de d\u00e9veloppement visant \u00e0 rehausser le niveau de l&rsquo;\u00e9ducation dans le pays. En g\u00e9n\u00e9ral Le rectorat universitaire des Affaires acad\u00e9miques concentre ses efforts sur la r\u00e9alisation des objectifs sup\u00e9rieurs de l&rsquo;universit\u00e9, conform\u00e9ment \u00e0 la strat\u00e9gie approuv\u00e9e par l&rsquo;universit\u00e9 en 2018. Ces objectifs visent principalement \u00e0 r\u00e9pondre aux exigences et besoins de la soci\u00e9t\u00e9, en conformit\u00e9 avec les instructions et d\u00e9cisions de Son Excellence le pr\u00e9sident de l&rsquo;universit\u00e9, du Conseil de l&rsquo;universit\u00e9 et des vice-pr\u00e9sidents, dans leur effort continu pour d\u00e9velopper l&rsquo;universit\u00e9. Que Dieu facilite \u00e0 tous la r\u00e9alisation de ce qu&rsquo;Il aime et agr\u00e9e.<\/p>\n<p>&nbsp;<\/p>\n<h2><strong>Les responsabilit\u00e9s du vice-pr\u00e9sident des Affaires acad\u00e9miques de l&rsquo;universit\u00e9 sont les suivantes\u00a0:<\/strong><\/h2>\n<p>Le vice-pr\u00e9sident des affaires acad\u00e9miques de l&rsquo;universit\u00e9 de Sabha est un membre du corps professoral charg\u00e9 de superviser le d\u00e9roulement du processus \u00e9ducatif et de mettre en \u0153uvre les politiques et objectifs conform\u00e9ment \u00e0 la strat\u00e9gie g\u00e9n\u00e9rale de l&rsquo;universit\u00e9.<\/p>\n<p>Le <a href=\"https:\/\/sebhau.edu.ly\/fr\/president\/\">vice-pr\u00e9sident<\/a> des affaires acad\u00e9miques de l&rsquo;universit\u00e9 aide le recteur dans la mise en \u0153uvre des d\u00e9cisions du conseil de l&rsquo;universit\u00e9 de nature scientifique et supervise les d\u00e9partements qui lui sont confi\u00e9s par le recteur.<\/p>\n<p>Selon les pouvoirs et les comp\u00e9tences accord\u00e9s par la structure organisationnelle des universit\u00e9s libyennes, \u00e9nonc\u00e9s dans la d\u00e9cision num\u00e9ro 22 de l&rsquo;ann\u00e9e 2008, les t\u00e2ches du vice-pr\u00e9sident sont les suivantes.<\/p>\n<ul>\n<li>Suivi des affaires acad\u00e9miques et \u00e9ducatives des facult\u00e9s de l&rsquo;universit\u00e9.<\/li>\n<li>Le suivi du contr\u00f4le de la qualit\u00e9 pour am\u00e9liorer le classement de l&rsquo;universit\u00e9.<\/li>\n<li>Le suivi des \u00e9tudes de terrain sur les obstacles \u00e0 la performance acad\u00e9mique au sein de l&rsquo;universit\u00e9 et proposition de solutions appropri\u00e9es.<\/li>\n<li>Le suivi des programmes acad\u00e9miques et des plans d&rsquo;\u00e9tudes scientifiques et p\u00e9dagogiques et leur d\u00e9veloppement.<\/li>\n<li>Le suivi des publications, livres et r\u00e9f\u00e9rences n\u00e9cessaires aux facult\u00e9s pour faciliter le processus \u00e9ducatif.<\/li>\n<li>Le suivi de la revue de l&rsquo;universit\u00e9.<\/li>\n<li>Le suivi des affaires administratives et financi\u00e8res des membres du corps professoral.<\/li>\n<li>Recrutement de nouveaux membres du corps professoral.<\/li>\n<li>Le suivi des enseignants adjoints dont les services sont n\u00e9cessaires aux facult\u00e9s.<\/li>\n<li>Organisation r\u00e9guli\u00e8re de conf\u00e9rences scientifiques, avec un accent sur la formation interne et externe.<\/li>\n<li>Le suivi des programmes d&rsquo;\u00e9tudes sup\u00e9rieures.<\/li>\n<li>Le suivi du nombre d&rsquo;\u00e9tudiants pouvant \u00eatre admis dans les facult\u00e9s en fonction des capacit\u00e9s et des besoins de la soci\u00e9t\u00e9.<\/li>\n<li>Le suivi des sites web de l&rsquo;universit\u00e9.<\/li>\n<li>l\u2019accomplissement des t\u00e2ches confi\u00e9es par le recteur de l&rsquo;universit\u00e9.<\/li>\n<\/ul>\n[\/vc_column][vc_column min_height=\u00a0\u00bb\u00a0\u00bb bg_type=\u00a0\u00bb\u00a0\u00bb dima_canvas_style=\u00a0\u00bb\u00a0\u00bb translate_x=\u00a0\u00bb0&Prime; dima_z_index=\u00a0\u00bb0&Prime; delay=\u00a0\u00bb\u00a0\u00bb delay_duration=\u00a0\u00bb\u00a0\u00bb delay_offset=\u00a0\u00bb\u00a0\u00bb width=\u00a0\u00bb1\/3&Prime;]<div class=\"column-item overflow-hidden text-center\"><img loading=\"lazy\" decoding=\"async\" width=\"1706\" height=\"2560\"  class=\"dima-img \" src=\"https:\/\/sebhau.edu.ly\/wp-content\/uploads\/2024\/03\/photo_2024-03-13_06-59-46-1.jpg\"   alt=\"\"><\/div>[vc_row_inner bg_type=\u00a0\u00bb\u00a0\u00bb dima_canvas_style=\u00a0\u00bb\u00a0\u00bb translate_x=\u00a0\u00bb0&Prime; dima_z_index=\u00a0\u00bb0&Prime;][vc_column_inner delay=\u00a0\u00bb\u00a0\u00bb delay_duration=\u00a0\u00bb\u00a0\u00bb delay_offset=\u00a0\u00bb\u00a0\u00bb translate_x=\u00a0\u00bb0&Prime; dima_z_index=\u00a0\u00bb0&Prime; width=\u00a0\u00bb1\/2&Prime;]<a href='https:\/\/sebhau.edu.ly\/directlystaff\/Fatch\/detail\/220' target=\"_blank\" rel=\"noopener\"><div  class=\"dima-iconbox no-box text-center features-box\" ><header  class=\"icon-box-header\" ><span style=\"color:#dd9933;\" class=\"svg_icon  box-circle icon-box-medium  icon-box-hover\" ><i class=\"fas fa-id-card\"><\/i><span class=\"topaz-hover\"><\/span><\/span><\/header><div  class=\"features-content\" ><h5 class=\"features-title\" ><\/h5>CV<\/div><\/div><\/a>[\/vc_column_inner][vc_column_inner delay=\u00a0\u00bb\u00a0\u00bb delay_duration=\u00a0\u00bb\u00a0\u00bb delay_offset=\u00a0\u00bb\u00a0\u00bb translate_x=\u00a0\u00bb0&Prime; dima_z_index=\u00a0\u00bb0&Prime; width=\u00a0\u00bb1\/2&Prime;]<a href='https:\/\/sebhau.edu.ly\/elec\/theme\/upload\/clues\/%D8%A7%D9%84%D8%AF%D9%84%D9%8A%D9%84_%D8%A7%D9%84%D8%AA%D9%86%D8%B8%D9%8A%D9%85%D9%8A_%D9%84%D9%85%D9%83%D8%AA%D8%A8_%D8%A7%D9%84%D8%B4%D8%A4%D9%88%D9%86_%D8%A7%D9%84%D8%B9%D9%84%D9%85%D9%8A%D8%A9_%D8%A8%D8%A7%D9%84%D8%AC%D8%A7%D9%85%D8%B9%D8%A9.pdf' target=\"_blank\" rel=\"noopener\"><div  class=\"dima-iconbox no-box text-center features-box\" ><header  class=\"icon-box-header\" ><span style=\"color:#dd9933;\" class=\"svg_icon  box-circle icon-box-medium  icon-box-hover\" ><i class=\"fas fa-hand-point-left\"><\/i><span class=\"topaz-hover\"><\/span><\/span><\/header><div  class=\"features-content\" ><h5 class=\"features-title\" ><\/h5>Structure organisationnelle<\/div><\/div><\/a>[\/vc_column_inner][\/vc_row_inner][\/vc_column][\/vc_row]<\/p>\n<\/section>","protected":false},"excerpt":{"rendered":"<p>[vc_row bg_type=\u00a0\u00bb\u00a0\u00bb dima_canvas_style=\u00a0\u00bb\u00a0\u00bb translate_x=\u00a0\u00bb0&Prime; dima_z_index=\u00a0\u00bb0&Prime; delay=\u00a0\u00bb\u00a0\u00bb delay_duration=\u00a0\u00bb\u00a0\u00bb delay_offset=\u00a0\u00bb\u00a0\u00bb][vc_column min_height=\u00a0\u00bb\u00a0\u00bb bg_type=\u00a0\u00bb\u00a0\u00bb dima_canvas_style=\u00a0\u00bb\u00a0\u00bb translate_x=\u00a0\u00bb0&Prime; dima_z_index=\u00a0\u00bb0&Prime; delay=\u00a0\u00bb\u00a0\u00bb delay_duration=\u00a0\u00bb\u00a0\u00bb delay_offset=\u00a0\u00bb\u00a0\u00bb width=\u00a0\u00bb2\/3&Prime;][\/vc_column][vc_column min_height=\u00a0\u00bb\u00a0\u00bb bg_type=\u00a0\u00bb\u00a0\u00bb dima_canvas_style=\u00a0\u00bb\u00a0\u00bb translate_x=\u00a0\u00bb0&Prime; dima_z_index=\u00a0\u00bb0&Prime; delay=\u00a0\u00bb\u00a0\u00bb delay_duration=\u00a0\u00bb\u00a0\u00bb delay_offset=\u00a0\u00bb\u00a0\u00bb width=\u00a0\u00bb1\/3&Prime;][vc_row_inner bg_type=\u00a0\u00bb\u00a0\u00bb dima_canvas_style=\u00a0\u00bb\u00a0\u00bb translate_x=\u00a0\u00bb0&Prime; dima_z_index=\u00a0\u00bb0&Prime;][vc_column_inner delay=\u00a0\u00bb\u00a0\u00bb delay_duration=\u00a0\u00bb\u00a0\u00bb delay_offset=\u00a0\u00bb\u00a0\u00bb translate_x=\u00a0\u00bb0&Prime; dima_z_index=\u00a0\u00bb0&Prime; width=\u00a0\u00bb1\/2&Prime;][\/vc_column_inner][vc_column_inner delay=\u00a0\u00bb\u00a0\u00bb delay_duration=\u00a0\u00bb\u00a0\u00bb delay_offset=\u00a0\u00bb\u00a0\u00bb translate_x=\u00a0\u00bb0&Prime; dima_z_index=\u00a0\u00bb0&Prime; width=\u00a0\u00bb1\/2&Prime;][\/vc_column_inner][\/vc_row_inner][\/vc_column][\/vc_row]<\/p>\n","protected":false},"author":1,"featured_media":0,"parent":0,"menu_order":0,"comment_status":"closed","ping_status":"closed","template":"","meta":{"_uf_show_specific_survey":0,"_uf_disable_surveys":false,"footnotes":""},"class_list":["post-26771","page","type-page","status-publish","hentry"],"aioseo_notices":[],"amp_enabled":true,"_links":{"self":[{"href":"https:\/\/sebhau.edu.ly\/fr\/wp-json\/wp\/v2\/pages\/26771","targetHints":{"allow":["GET"]}}],"collection":[{"href":"https:\/\/sebhau.edu.ly\/fr\/wp-json\/wp\/v2\/pages"}],"about":[{"href":"https:\/\/sebhau.edu.ly\/fr\/wp-json\/wp\/v2\/types\/page"}],"author":[{"embeddable":true,"href":"https:\/\/sebhau.edu.ly\/fr\/wp-json\/wp\/v2\/users\/1"}],"replies":[{"embeddable":true,"href":"https:\/\/sebhau.edu.ly\/fr\/wp-json\/wp\/v2\/comments?post=26771"}],"version-history":[{"count":0,"href":"https:\/\/sebhau.edu.ly\/fr\/wp-json\/wp\/v2\/pages\/26771\/revisions"}],"wp:attachment":[{"href":"https:\/\/sebhau.edu.ly\/fr\/wp-json\/wp\/v2\/media?parent=26771"}],"curies":[{"name":"wp","href":"https:\/\/api.w.org\/{rel}","templated":true}]}}