{"id":26966,"date":"2023-01-17T21:13:45","date_gmt":"2023-01-17T18:13:45","guid":{"rendered":"https:\/\/sebhau.edu.ly\/actualites-academiques\/"},"modified":"2024-05-29T13:31:43","modified_gmt":"2024-05-29T10:31:43","slug":"acad-news","status":"publish","type":"page","link":"https:\/\/sebhau.edu.ly\/fr\/acad-news\/","title":{"rendered":"Actualit\u00e9s acad\u00e9miques"},"content":{"rendered":"<section class=\"wpb-content-wrapper\"><p>[vc_row bg_type=\u00a0\u00bb\u00a0\u00bb dima_canvas_style=\u00a0\u00bb\u00a0\u00bb translate_x=\u00a0\u00bb0&Prime; dima_z_index=\u00a0\u00bb0&Prime; delay=\u00a0\u00bb\u00a0\u00bb delay_duration=\u00a0\u00bb\u00a0\u00bb delay_offset=\u00a0\u00bb\u00a0\u00bb][vc_column min_height=\u00a0\u00bb\u00a0\u00bb bg_type=\u00a0\u00bb\u00a0\u00bb dima_canvas_style=\u00a0\u00bb\u00a0\u00bb translate_x=\u00a0\u00bb0&Prime; dima_z_index=\u00a0\u00bb0&Prime; delay=\u00a0\u00bb\u00a0\u00bb delay_duration=\u00a0\u00bb\u00a0\u00bb delay_offset=\u00a0\u00bb\u00a0\u00bb width=\u00a0\u00bb1\/1&Prime;]<h2  class=\"dima-custom-heading\" ><\/p>\n<h2 style=\"text-align: center;\"><strong>Actualit\u00e9s acad\u00e9miques<\/strong><\/h2>\n<p><\/h2>\t<div class=\"boxed-blog blog-list\">\n\t\t<article class=\"post-28700 post type-post status-publish format-standard has-post-thumbnail hentry category-actualites-academiques\" >\n\n\t<div class=\"post-img\">\n                        <div class=\" effect-roxy\">\n                            <a href=\"https:\/\/sebhau.edu.ly\/fr\/2023\/12\/11\/utilisation-de-la-fonction-operateur-recepteur-pour-ameliorer-la-precision-et-le-rappel-de-lalgorithme-et-de-la-regression-pour-le-diagnostic-du-cancer-du-sein\/\" class=\"entry-thumb\" title=\"Permalien vers : \u00ab\u00a0Utilisation de la fonction op\u00e9rateur r\u00e9cepteur pour am\u00e9liorer la pr\u00e9cision et le rappel de l&rsquo;algorithme et de la r\u00e9gression pour le diagnostic du cancer du sein\u00a0\u00bb\"><img loading=\"lazy\" decoding=\"async\" width=\"585\" height=\"336\" src=\"https:\/\/sebhau.edu.ly\/wp-content\/uploads\/2023\/12\/the-receiver-operator-feature-100x39.png\" class=\"attachment-dima-side-post-image size-dima-side-post-image lazyload js-lazy-image wp-post-image\" alt=\"\u0627\u0633\u062a\u062e\u062f\u0627\u0645 \u062e\u0627\u0635\u064a\u0629 \u0645\u0634\u063a\u0644 \u0627\u0644\u0645\u0633\u062a\u0642\u0628\u0644 \u0644\u062a\u0639\u0632\u064a\u0632 \u062f\u0642\u0629 \u0648\u0627\u0633\u062a\u062f\u0639\u0627\u0621 \u0627\u0644\u062e\u0648\u0627\u0631\u0632\u0645\u064a\u0629 \u0648\u0627\u0644\u0627\u0646\u062d\u062f\u0627\u0631 \u0644\u062a\u0634\u062e\u064a\u0635 \u0633\u0631\u0637\u0627\u0646 \u0627\u0644\u062b\u062f\u064a\" data-src=\"https:\/\/sebhau.edu.ly\/wp-content\/uploads\/2023\/12\/the-receiver-operator-feature-585x336.png\" \/><\/a>\n                        <div class=\"post-icon link_overlay\">\n                        <ul class=\"icons-media\">\n                        <li>\n                            <a href=\"https:\/\/sebhau.edu.ly\/fr\/2023\/12\/11\/utilisation-de-la-fonction-operateur-recepteur-pour-ameliorer-la-precision-et-le-rappel-de-lalgorithme-et-de-la-regression-pour-le-diagnostic-du-cancer-du-sein\/\" title=\"Permalien vers : \u00ab\u00a0Utilisation de la fonction op\u00e9rateur r\u00e9cepteur pour am\u00e9liorer la pr\u00e9cision et le rappel de l&rsquo;algorithme et de la r\u00e9gression pour le diagnostic du cancer du sein\u00a0\u00bb\">\n                                <i class=\"fa fa-link\"><\/i>\n                            <\/a>\n                        <\/li>\n                        <\/ul>  <span class=\"topaz-hover\"><\/span >\n                        <\/div >\n                        <\/div >\n                        <\/div > \n\t<div class=\"post-meta box\"><ul><li class=\"post-on\"><span class=\"entry-author\">Par <a href=\"https:\/\/sebhau.edu.ly\/fr\/author\/sebha\/\" rel=\"author\" class=\"vcard\"><span  class=\"fn\">sebha<\/span><\/a><\/span> <span class=\"slash\">\/<\/span> <time class=\"entry-date\" datetime=\"2023-12-11T12:59:16+03:00\"> 2023-12-11<\/time><\/li><li class=\"post-view\"><i class=\"fa fa-eye\"><\/i> 844 <\/li><\/ul><\/div>\n\t<div class=\"entry-content post-content text-start box-bg-color box\">\n\t\t\n<header>\n\t\t\t<h4 class=\"entry-title\">\n\t\t\t<a href=\"https:\/\/sebhau.edu.ly\/fr\/2023\/12\/11\/utilisation-de-la-fonction-operateur-recepteur-pour-ameliorer-la-precision-et-le-rappel-de-lalgorithme-et-de-la-regression-pour-le-diagnostic-du-cancer-du-sein\/\"\n\t\t\t   title=\"Permalien vers : \u00ab\u00a0Utilisation de la fonction op\u00e9rateur r\u00e9cepteur pour am\u00e9liorer la pr\u00e9cision et le rappel de l&rsquo;algorithme et de la r\u00e9gression pour le diagnostic du cancer du sein\u00a0\u00bb\">\n\t\t\t\tUtilisation de la fonction op\u00e9rateur r\u00e9cepteur pour am\u00e9liorer la pr\u00e9cision et le rappel de l&rsquo;algorithme et de la r\u00e9gression pour le diagnostic du cancer du sein\t\t\t<\/a>\n\t\t<\/h4>\n\t<\/header>\n\t\t<p>Une recherche scientifique r\u00e9cemment publi\u00e9e (2023) par le professeur Asmaa Aqeel et d&rsquo;autres, \u00e9tudiante dipl\u00f4m\u00e9e au Coll\u00e8ge des sciences, d\u00e9partement informatique de l&rsquo;Universit\u00e9 Sebha. Cette \u00e9tude visait \u00e0 utiliser &#8230;<\/p>\n\t\t\t<\/div>\n\n<\/article>\n<article class=\"post-28710 post type-post status-publish format-standard has-post-thumbnail hentry category-actualites-academiques\" >\n\n\t<div class=\"post-img\">\n                        <div class=\" effect-roxy\">\n                            <a href=\"https:\/\/sebhau.edu.ly\/fr\/2023\/12\/19\/utilisation-du-compose-ferrite-de-calcium-dope-au-ce-cafe2o4-dope-au-ce-pour-eliminer-le-colorant-cationique-vert-malachite-mg\/\" class=\"entry-thumb\" title=\"Permalien vers : \u00ab\u00a0Utilisation du compos\u00e9 ferrite de calcium dop\u00e9 au Ce (CaFe2O4 dop\u00e9 au Ce) pour \u00e9liminer le colorant cationique (vert malachite&nbsp;; mg)\u00a0\u00bb\"><img loading=\"lazy\" decoding=\"async\" width=\"585\" height=\"343\" src=\"https:\/\/sebhau.edu.ly\/wp-content\/uploads\/2023\/12\/cerium-doped-calcium-ferrite-100x53.jpg\" class=\"attachment-dima-side-post-image size-dima-side-post-image lazyload js-lazy-image wp-post-image\" alt=\"\" data-src=\"https:\/\/sebhau.edu.ly\/wp-content\/uploads\/2023\/12\/cerium-doped-calcium-ferrite-585x343.jpg\" \/><\/a>\n                        <div class=\"post-icon link_overlay\">\n                        <ul class=\"icons-media\">\n                        <li>\n                            <a href=\"https:\/\/sebhau.edu.ly\/fr\/2023\/12\/19\/utilisation-du-compose-ferrite-de-calcium-dope-au-ce-cafe2o4-dope-au-ce-pour-eliminer-le-colorant-cationique-vert-malachite-mg\/\" title=\"Permalien vers : \u00ab\u00a0Utilisation du compos\u00e9 ferrite de calcium dop\u00e9 au Ce (CaFe2O4 dop\u00e9 au Ce) pour \u00e9liminer le colorant cationique (vert malachite&nbsp;; mg)\u00a0\u00bb\">\n                                <i class=\"fa fa-link\"><\/i>\n                            <\/a>\n                        <\/li>\n                        <\/ul>  <span class=\"topaz-hover\"><\/span >\n                        <\/div >\n                        <\/div >\n                        <\/div > \n\t<div class=\"post-meta box\"><ul><li class=\"post-on\"><span class=\"entry-author\">Par <a href=\"https:\/\/sebhau.edu.ly\/fr\/author\/sebha\/\" rel=\"author\" class=\"vcard\"><span  class=\"fn\">sebha<\/span><\/a><\/span> <span class=\"slash\">\/<\/span> <time class=\"entry-date\" datetime=\"2023-12-19T12:30:35+03:00\"> 2023-12-19<\/time><\/li><li class=\"post-view\"><i class=\"fa fa-eye\"><\/i> 743 <\/li><\/ul><\/div>\n\t<div class=\"entry-content post-content text-start box-bg-color box\">\n\t\t\n<header>\n\t\t\t<h4 class=\"entry-title\">\n\t\t\t<a href=\"https:\/\/sebhau.edu.ly\/fr\/2023\/12\/19\/utilisation-du-compose-ferrite-de-calcium-dope-au-ce-cafe2o4-dope-au-ce-pour-eliminer-le-colorant-cationique-vert-malachite-mg\/\"\n\t\t\t   title=\"Permalien vers : \u00ab\u00a0Utilisation du compos\u00e9 ferrite de calcium dop\u00e9 au Ce (CaFe2O4 dop\u00e9 au Ce) pour \u00e9liminer le colorant cationique (vert malachite&nbsp;; mg)\u00a0\u00bb\">\n\t\t\t\tUtilisation du compos\u00e9 ferrite de calcium dop\u00e9 au Ce (CaFe2O4 dop\u00e9 au Ce) pour \u00e9liminer le colorant cationique (vert malachite&nbsp;; mg)\t\t\t<\/a>\n\t\t<\/h4>\n\t<\/header>\n\t\t<p>Une recherche scientifique r\u00e9cemment publi\u00e9e (2023) par le Dr Ibrahim Ali Ahmed Ammar et d&rsquo;autres. Il est membre du corps professoral du Coll\u00e8ge des sciences, D\u00e9partement de chimie de &#8230;<\/p>\n\t\t\t<\/div>\n\n<\/article>\n<article class=\"post-51769 post type-post status-publish format-standard has-post-thumbnail hentry category-actualites-academiques category-news-fr\" >\n\n\t<div class=\"post-img\">\n                        <div class=\" effect-roxy\">\n                            <a href=\"https:\/\/sebhau.edu.ly\/fr\/2025\/10\/16\/discussion-of-the-masters-thesis\/\" class=\"entry-thumb\" title=\"Permalien vers : \u00ab\u00a0\u0645\u0646\u0627\u0642\u0634\u0640\u0640\u0640\u0629 \u0631\u0633\u0627\u0644\u0640\u0640\u0640\u0640\u0629 \u062f\u0631\u062c\u0640\u0640\u0640\u0640\u0629 \u0627\u0644\u0625\u062c\u0640\u0640\u0640\u0640\u0627\u0632\u0629 \u0627\u0644\u0639\u0627\u0644\u064a\u0640\u0640\u0640\u0629 (\u0627\u0644\u0645\u0627\u062c\u0633\u062a\u064a\u0640\u0640\u0640\u0631).\u00a0\u00bb\"><img loading=\"lazy\" decoding=\"async\" width=\"585\" height=\"343\" src=\"https:\/\/sebhau.edu.ly\/wp-content\/uploads\/2025\/10\/66420d84-35de-4309-8778-82147d6f5414-100x67.jpg\" class=\"attachment-dima-side-post-image size-dima-side-post-image lazyload js-lazy-image wp-post-image\" alt=\"\u0645\u0646\u0627\u0642\u0634\u0640\u0640\u0640\u0629 \u0631\u0633\u0627\u0644\u0640\u0640\u0640\u0640\u0629 \u062f\u0631\u062c\u0640\u0640\u0640\u0640\u0629 \u0627\u0644\u0625\u062c\u0640\u0640\u0640\u0640\u0627\u0632\u0629 \u0627\u0644\u0639\u0627\u0644\u064a\u0640\u0640\u0640\u0629 (\u0627\u0644\u0645\u0627\u062c\u0633\u062a\u064a\u0640\u0640\u0640\u0631).\" data-src=\"https:\/\/sebhau.edu.ly\/wp-content\/uploads\/2025\/10\/66420d84-35de-4309-8778-82147d6f5414-585x343.jpg\" data-srcset=\"https:\/\/sebhau.edu.ly\/wp-content\/uploads\/2025\/10\/66420d84-35de-4309-8778-82147d6f5414-585x343.jpg 585w, https:\/\/sebhau.edu.ly\/wp-content\/uploads\/2025\/10\/66420d84-35de-4309-8778-82147d6f5414-846x498.jpg 846w\" data-sizes=\"(max-width: 585px) 100vw, 585px\" \/><\/a>\n                        <div class=\"post-icon link_overlay\">\n                        <ul class=\"icons-media\">\n                        <li>\n                            <a href=\"https:\/\/sebhau.edu.ly\/fr\/2025\/10\/16\/discussion-of-the-masters-thesis\/\" title=\"Permalien vers : \u00ab\u00a0\u0645\u0646\u0627\u0642\u0634\u0640\u0640\u0640\u0629 \u0631\u0633\u0627\u0644\u0640\u0640\u0640\u0640\u0629 \u062f\u0631\u062c\u0640\u0640\u0640\u0640\u0629 \u0627\u0644\u0625\u062c\u0640\u0640\u0640\u0640\u0627\u0632\u0629 \u0627\u0644\u0639\u0627\u0644\u064a\u0640\u0640\u0640\u0629 (\u0627\u0644\u0645\u0627\u062c\u0633\u062a\u064a\u0640\u0640\u0640\u0631).\u00a0\u00bb\">\n                                <i class=\"fa fa-link\"><\/i>\n                            <\/a>\n                        <\/li>\n                        <\/ul>  <span class=\"topaz-hover\"><\/span >\n                        <\/div >\n                        <\/div >\n                        <\/div > \n\t<div class=\"post-meta box\"><ul><li class=\"post-on\"><span class=\"entry-author\">Par <a href=\"https:\/\/sebhau.edu.ly\/fr\/author\/user\/\" rel=\"author\" class=\"vcard\"><span  class=\"fn\">\u0627\u0644\u0627\u0639\u0644\u0627\u0645 \u0627\u0644\u062c\u0627\u0645\u0639\u064a<\/span><\/a><\/span> <span class=\"slash\">\/<\/span> <time class=\"entry-date\" datetime=\"2025-10-16T23:46:15+03:00\"> 2025-10-16<\/time><\/li><li class=\"post-view\"><i class=\"fa fa-eye\"><\/i> 173 <\/li><\/ul><\/div>\n\t<div class=\"entry-content post-content text-start box-bg-color box\">\n\t\t\n<header>\n\t\t\t<h4 class=\"entry-title\">\n\t\t\t<a href=\"https:\/\/sebhau.edu.ly\/fr\/2025\/10\/16\/discussion-of-the-masters-thesis\/\"\n\t\t\t   title=\"Permalien vers : \u00ab\u00a0\u0645\u0646\u0627\u0642\u0634\u0640\u0640\u0640\u0629 \u0631\u0633\u0627\u0644\u0640\u0640\u0640\u0640\u0629 \u062f\u0631\u062c\u0640\u0640\u0640\u0640\u0629 \u0627\u0644\u0625\u062c\u0640\u0640\u0640\u0640\u0627\u0632\u0629 \u0627\u0644\u0639\u0627\u0644\u064a\u0640\u0640\u0640\u0629 (\u0627\u0644\u0645\u0627\u062c\u0633\u062a\u064a\u0640\u0640\u0640\u0631).\u00a0\u00bb\">\n\t\t\t\t\u0645\u0646\u0627\u0642\u0634\u0640\u0640\u0640\u0629 \u0631\u0633\u0627\u0644\u0640\u0640\u0640\u0640\u0629 \u062f\u0631\u062c\u0640\u0640\u0640\u0640\u0629 \u0627\u0644\u0625\u062c\u0640\u0640\u0640\u0640\u0627\u0632\u0629 \u0627\u0644\u0639\u0627\u0644\u064a\u0640\u0640\u0640\u0629 (\u0627\u0644\u0645\u0627\u062c\u0633\u062a\u064a\u0640\u0640\u0640\u0631).\t\t\t<\/a>\n\t\t<\/h4>\n\t<\/header>\n\t\t<p>\u0643\u0644\u064a\u0629 \u0627\u0644\u0639\u0644\u0648\u0645.<br \/>\n\u0642\u0633\u0645 \u0639\u0644\u0645 \u0627\u0644\u0646\u0628\u0627\u062a.<br \/>\n\u0645\u0646\u0627\u0642\u0634\u0629 \u0631\u0633\u0627\u0644\u0629 \u062f\u0631\u062c\u0629 \u0627\u0644\u0625\u062c\u0627\u0632\u0629 \u0627\u0644\u0639\u0627\u0644\u064a\u0629 (\u0627\u0644\u0645\u0627\u062c\u0633\u062a\u064a\u0631).<\/p>\n<p>&#8211; \u0634\u0647\u062f \u0642\u0633\u0645 \u0639\u0644\u0645 \u0627\u0644\u0646\u0628\u0627\u062a \u0628\u0643\u0644\u064a\u0629 \u0627\u0644\u0639\u0644\u0648\u0645 &#8211; \u062c\u0627\u0645\u0639\u0629 \u0633\u0628\u0647\u0627 &#8211; \u0635\u0628\u0627\u062d \u064a\u0648\u0645 \u0627\u0644\u0623\u0631\u0628\u0639\u0627\u0621 (15-10- 2025\u0645)<br \/>\n\u0639\u0646\u062f \u0627\u0644\u0633\u0627\u0639\u0629 (10:30) \u0635\u0628\u0627\u062d\u064b\u0627 \u0641\u064a \u0645\u062f\u0631\u062c &#8230;<\/p>\n\t\t\t<\/div>\n\n<\/article>\n<article class=\"post-51827 post type-post status-publish format-standard has-post-thumbnail hentry category-actualites-academiques category-news-fr\" >\n\n\t<div class=\"post-img\">\n                        <div class=\" effect-roxy\">\n                            <a href=\"https:\/\/sebhau.edu.ly\/fr\/2025\/10\/06\/the-8th-international-conference-on-science-and-technology-has-begun\/\" class=\"entry-thumb\" title=\"Permalien vers : \u00ab\u00a0\u0627\u0646\u0637\u0644\u0627\u0642 \u0641\u0639\u0627\u0644\u064a\u0627\u062a \u0627\u0644\u0645\u0624\u062a\u0645\u0631 \u0627\u0644\u062f\u0648\u0644\u064a \u0627\u0644\u062b\u0627\u0645\u0646 \u0644\u0644\u0639\u0644\u0648\u0645 \u0648\u0627\u0644\u062a\u0643\u0646\u0648\u0644\u0648\u062c\u064a\u0627.\u00a0\u00bb\"><img loading=\"lazy\" decoding=\"async\" width=\"585\" height=\"343\" src=\"https:\/\/sebhau.edu.ly\/wp-content\/uploads\/2025\/10\/22-1-100x67.jpg\" class=\"attachment-dima-side-post-image size-dima-side-post-image lazyload js-lazy-image wp-post-image\" alt=\"\u0627\u0646\u0637\u0644\u0627\u0642 \u0641\u0639\u0627\u0644\u064a\u0627\u062a\n\u0627\u0644\u0645\u0624\u062a\u0645\u0631 \u0627\u0644\u062f\u0648\u0644\u064a \u0627\u0644\u062b\u0627\u0645\u0646 \u0644\u0644\u0639\u0644\u0648\u0645 \u0648\u0627\u0644\u062a\u0643\u0646\u0648\u0644\u0648\u062c\u064a\u0627.\" data-src=\"https:\/\/sebhau.edu.ly\/wp-content\/uploads\/2025\/10\/22-1-585x343.jpg\" \/><\/a>\n                        <div class=\"post-icon link_overlay\">\n                        <ul class=\"icons-media\">\n                        <li>\n                            <a href=\"https:\/\/sebhau.edu.ly\/fr\/2025\/10\/06\/the-8th-international-conference-on-science-and-technology-has-begun\/\" title=\"Permalien vers : \u00ab\u00a0\u0627\u0646\u0637\u0644\u0627\u0642 \u0641\u0639\u0627\u0644\u064a\u0627\u062a \u0627\u0644\u0645\u0624\u062a\u0645\u0631 \u0627\u0644\u062f\u0648\u0644\u064a \u0627\u0644\u062b\u0627\u0645\u0646 \u0644\u0644\u0639\u0644\u0648\u0645 \u0648\u0627\u0644\u062a\u0643\u0646\u0648\u0644\u0648\u062c\u064a\u0627.\u00a0\u00bb\">\n                                <i class=\"fa fa-link\"><\/i>\n                            <\/a>\n                        <\/li>\n                        <\/ul>  <span class=\"topaz-hover\"><\/span >\n                        <\/div >\n                        <\/div >\n                        <\/div > \n\t<div class=\"post-meta box\"><ul><li class=\"post-on\"><span class=\"entry-author\">Par <a href=\"https:\/\/sebhau.edu.ly\/fr\/author\/user\/\" rel=\"author\" class=\"vcard\"><span  class=\"fn\">\u0627\u0644\u0627\u0639\u0644\u0627\u0645 \u0627\u0644\u062c\u0627\u0645\u0639\u064a<\/span><\/a><\/span> <span class=\"slash\">\/<\/span> <time class=\"entry-date\" datetime=\"2025-10-06T13:02:00+03:00\"> 2025-10-06<\/time><\/li><li class=\"post-view\"><i class=\"fa fa-eye\"><\/i> 165 <\/li><\/ul><\/div>\n\t<div class=\"entry-content post-content text-start box-bg-color box\">\n\t\t\n<header>\n\t\t\t<h4 class=\"entry-title\">\n\t\t\t<a href=\"https:\/\/sebhau.edu.ly\/fr\/2025\/10\/06\/the-8th-international-conference-on-science-and-technology-has-begun\/\"\n\t\t\t   title=\"Permalien vers : \u00ab\u00a0\u0627\u0646\u0637\u0644\u0627\u0642 \u0641\u0639\u0627\u0644\u064a\u0627\u062a \u0627\u0644\u0645\u0624\u062a\u0645\u0631 \u0627\u0644\u062f\u0648\u0644\u064a \u0627\u0644\u062b\u0627\u0645\u0646 \u0644\u0644\u0639\u0644\u0648\u0645 \u0648\u0627\u0644\u062a\u0643\u0646\u0648\u0644\u0648\u062c\u064a\u0627.\u00a0\u00bb\">\n\t\t\t\t\u0627\u0646\u0637\u0644\u0627\u0642 \u0641\u0639\u0627\u0644\u064a\u0627\u062a \u0627\u0644\u0645\u0624\u062a\u0645\u0631 \u0627\u0644\u062f\u0648\u0644\u064a \u0627\u0644\u062b\u0627\u0645\u0646 \u0644\u0644\u0639\u0644\u0648\u0645 \u0648\u0627\u0644\u062a\u0643\u0646\u0648\u0644\u0648\u062c\u064a\u0627.\t\t\t<\/a>\n\t\t<\/h4>\n\t<\/header>\n\t\t<p>\u0627\u0646\u0637\u0644\u0627\u0642 \u0641\u0639\u0627\u0644\u064a\u0627\u062a<br \/>\n\u0627\u0644\u0645\u0624\u062a\u0645\u0631 \u0627\u0644\u062f\u0648\u0644\u064a \u0627\u0644\u062b\u0627\u0645\u0646 \u0644\u0644\u0639\u0644\u0648\u0645 \u0648\u0627\u0644\u062a\u0643\u0646\u0648\u0644\u0648\u062c\u064a\u0627.<br \/>\n&#8211; \u0641\u064a \u0625\u0637\u0627\u0631 \u0627\u0644\u0633\u0639\u064a \u0627\u0644\u062f\u0627\u0626\u0645 \u0646\u062d\u0648 \u0627\u0644\u0646\u0647\u0636\u0629 \u0627\u0644\u0639\u0644\u0645\u064a\u0629 \u0627\u0644\u062f\u0627\u0626\u0645\u0629\u060c<br \/>\n\u0648\u0645\u0648\u0627\u0643\u0628\u0629 \u0627\u0644\u062a\u0637\u0648\u0631\u0627\u062a<br \/>\n\u0627\u0644\u062a\u0643\u0646\u0648\u0644\u0648\u062c\u064a\u0629 \u0627\u0644\u062a\u064a \u0623\u0635\u0628\u062d\u062a \u062c\u0632\u0621\u0627\u064b \u0644\u0627 \u064a\u062a\u062c\u0632\u0623 \u0645\u0646 \u0645\u062a\u0637\u0644\u0628\u0627\u062a \u0627\u0644\u062d\u064a\u0627\u0629 \u0627\u0644\u0639\u0635\u0631\u064a\u0629\u060c \u0648\u0627\u0646\u0637\u0644\u0627\u0642\u0627\u064b \u0645\u0646 \u0623\u0647\u0645\u064a\u0629 \u062a\u0623\u0633\u064a\u0633 &#8230;<\/p>\n\t\t\t<\/div>\n\n<\/article>\n<article class=\"post-51835 post type-post status-publish format-standard has-post-thumbnail hentry category-actualites-academiques category-activities-fr\" >\n\n\t<div class=\"post-img\">\n                        <div class=\" effect-roxy\">\n                            <a href=\"https:\/\/sebhau.edu.ly\/fr\/2025\/09\/30\/the-university-president-discussed-developing-the-media-system-in-an-expanded-meeting-with-the-university-media-center\/\" class=\"entry-thumb\" title=\"Permalien vers : \u00ab\u00a0\u0631\u0626\u064a\u0640\u0640\u0633 \u0627\u0644\u062c\u0627\u0645\u0639\u0640\u0640\u0629 \u064a\u0646\u0627\u0642\u0634 \u062a\u0637\u0648\u064a\u0631 \u0627\u0644\u0645\u0646\u0638\u0648\u0645\u0629 \u0627\u0644\u0625\u0639\u0644\u0627\u0645\u064a\u0629 \u0641\u064a \u0627\u062c\u062a\u0645\u0627\u0639 \u0645\u0648\u0633\u0651\u0639 \u0645\u0639 \u0645\u0631\u0643\u0632 \u0627\u0644\u0625\u0639\u0644\u0627\u0645 \u0627\u0644\u062c\u0627\u0645\u0639\u064a.\u00a0\u00bb\"><img loading=\"lazy\" decoding=\"async\" width=\"585\" height=\"343\" src=\"https:\/\/sebhau.edu.ly\/wp-content\/uploads\/2025\/09\/a3757aff-eefb-418f-8b4e-0a0571df84e1-1-100x49.jpg\" class=\"attachment-dima-side-post-image size-dima-side-post-image lazyload js-lazy-image wp-post-image\" alt=\"\u0631\u0626\u064a\u0633 \u0627\u0644\u062c\u0627\u0645\u0639\u0629 \u064a\u0646\u0627\u0642\u0634 \u062a\u0637\u0648\u064a\u0631 \u0627\u0644\u0645\u0646\u0638\u0648\u0645\u0629 \u0627\u0644\u0625\u0639\u0644\u0627\u0645\u064a\u0629 \u0641\u064a \u0627\u062c\u062a\u0645\u0627\u0639 \u0645\u0648\u0633\u0651\u0639 \u0645\u0639 \u0645\u0631\u0643\u0632 \u0627\u0644\u0625\u0639\u0644\u0627\u0645 \u0627\u0644\u062c\u0627\u0645\u0639\u064a.\" data-src=\"https:\/\/sebhau.edu.ly\/wp-content\/uploads\/2025\/09\/a3757aff-eefb-418f-8b4e-0a0571df84e1-1-585x343.jpg\" data-srcset=\"https:\/\/sebhau.edu.ly\/wp-content\/uploads\/2025\/09\/a3757aff-eefb-418f-8b4e-0a0571df84e1-1-585x343.jpg 585w, https:\/\/sebhau.edu.ly\/wp-content\/uploads\/2025\/09\/a3757aff-eefb-418f-8b4e-0a0571df84e1-1-846x498.jpg 846w\" data-sizes=\"(max-width: 585px) 100vw, 585px\" \/><\/a>\n                        <div class=\"post-icon link_overlay\">\n                        <ul class=\"icons-media\">\n                        <li>\n                            <a href=\"https:\/\/sebhau.edu.ly\/fr\/2025\/09\/30\/the-university-president-discussed-developing-the-media-system-in-an-expanded-meeting-with-the-university-media-center\/\" title=\"Permalien vers : \u00ab\u00a0\u0631\u0626\u064a\u0640\u0640\u0633 \u0627\u0644\u062c\u0627\u0645\u0639\u0640\u0640\u0629 \u064a\u0646\u0627\u0642\u0634 \u062a\u0637\u0648\u064a\u0631 \u0627\u0644\u0645\u0646\u0638\u0648\u0645\u0629 \u0627\u0644\u0625\u0639\u0644\u0627\u0645\u064a\u0629 \u0641\u064a \u0627\u062c\u062a\u0645\u0627\u0639 \u0645\u0648\u0633\u0651\u0639 \u0645\u0639 \u0645\u0631\u0643\u0632 \u0627\u0644\u0625\u0639\u0644\u0627\u0645 \u0627\u0644\u062c\u0627\u0645\u0639\u064a.\u00a0\u00bb\">\n                                <i class=\"fa fa-link\"><\/i>\n                            <\/a>\n                        <\/li>\n                        <\/ul>  <span class=\"topaz-hover\"><\/span >\n                        <\/div >\n                        <\/div >\n                        <\/div > \n\t<div class=\"post-meta box\"><ul><li class=\"post-on\"><span class=\"entry-author\">Par <a href=\"https:\/\/sebhau.edu.ly\/fr\/author\/user\/\" rel=\"author\" class=\"vcard\"><span  class=\"fn\">\u0627\u0644\u0627\u0639\u0644\u0627\u0645 \u0627\u0644\u062c\u0627\u0645\u0639\u064a<\/span><\/a><\/span> <span class=\"slash\">\/<\/span> <time class=\"entry-date\" datetime=\"2025-09-30T21:09:45+03:00\"> 2025-09-30<\/time><\/li><li class=\"post-view\"><i class=\"fa fa-eye\"><\/i> 166 <\/li><\/ul><\/div>\n\t<div class=\"entry-content post-content text-start box-bg-color box\">\n\t\t\n<header>\n\t\t\t<h4 class=\"entry-title\">\n\t\t\t<a href=\"https:\/\/sebhau.edu.ly\/fr\/2025\/09\/30\/the-university-president-discussed-developing-the-media-system-in-an-expanded-meeting-with-the-university-media-center\/\"\n\t\t\t   title=\"Permalien vers : \u00ab\u00a0\u0631\u0626\u064a\u0640\u0640\u0633 \u0627\u0644\u062c\u0627\u0645\u0639\u0640\u0640\u0629 \u064a\u0646\u0627\u0642\u0634 \u062a\u0637\u0648\u064a\u0631 \u0627\u0644\u0645\u0646\u0638\u0648\u0645\u0629 \u0627\u0644\u0625\u0639\u0644\u0627\u0645\u064a\u0629 \u0641\u064a \u0627\u062c\u062a\u0645\u0627\u0639 \u0645\u0648\u0633\u0651\u0639 \u0645\u0639 \u0645\u0631\u0643\u0632 \u0627\u0644\u0625\u0639\u0644\u0627\u0645 \u0627\u0644\u062c\u0627\u0645\u0639\u064a.\u00a0\u00bb\">\n\t\t\t\t\u0631\u0626\u064a\u0640\u0640\u0633 \u0627\u0644\u062c\u0627\u0645\u0639\u0640\u0640\u0629 \u064a\u0646\u0627\u0642\u0634 \u062a\u0637\u0648\u064a\u0631 \u0627\u0644\u0645\u0646\u0638\u0648\u0645\u0629 \u0627\u0644\u0625\u0639\u0644\u0627\u0645\u064a\u0629 \u0641\u064a \u0627\u062c\u062a\u0645\u0627\u0639 \u0645\u0648\u0633\u0651\u0639 \u0645\u0639 \u0645\u0631\u0643\u0632 \u0627\u0644\u0625\u0639\u0644\u0627\u0645 \u0627\u0644\u062c\u0627\u0645\u0639\u064a.\t\t\t<\/a>\n\t\t<\/h4>\n\t<\/header>\n\t\t<p>\u0631\u0626\u064a\u0633 \u0627\u0644\u062c\u0627\u0645\u0639\u0629 \u064a\u0646\u0627\u0642\u0634 \u062a\u0637\u0648\u064a\u0631 \u0627\u0644\u0645\u0646\u0638\u0648\u0645\u0629 \u0627\u0644\u0625\u0639\u0644\u0627\u0645\u064a\u0629 \u0641\u064a \u0627\u062c\u062a\u0645\u0627\u0639 \u0645\u0648\u0633\u0651\u0639 \u0645\u0639 \u0645\u0631\u0643\u0632 \u0627\u0644\u0625\u0639\u0644\u0627\u0645 \u0627\u0644\u062c\u0627\u0645\u0639\u064a.<br \/>\n&#8211; \u0646\u0627\u0642\u0634 \u062f. \u0645\u0633\u0639\u0648\u062f \u0625\u0645\u062d\u0645\u062f \u0627\u0644\u0631\u0642\u064a\u0642 \u0631\u0626\u064a\u0633 \u062c\u0627\u0645\u0639\u0629 \u0633\u0628\u0647\u0627 \u0635\u0628\u0627\u062d \u0623\u0645\u0633 \u0627\u0644\u0627\u062b\u0646\u064a\u0646 (29-9-2025\u0645) \u0639\u0644\u0649 \u062a\u0645\u0627\u0645 \u0627\u0644\u0633\u0627\u0639\u0629 \u0627\u0644\u062d\u0627\u062f\u064a\u0629 &#8230;<\/p>\n\t\t\t<\/div>\n\n<\/article>\n\t<\/div>\n\t\t<div class=\"dima-pagination text-center\"><ul class=\"center-list center-text\">\n<li><span class=\"pages\">Page 1 sur 2<\/span><\/li><li><\/li><li><a href=\"#\" class=\"current-page\"><\/span>1<\/span><\/a><\/li><li><a href=\"https:\/\/sebhau.edu.ly\/fr\/wp-json\/wp\/v2\/pages\/26966\/page\/2\/\" class=\"single_page\" title=\"2\"><span>2<\/span><\/a><\/li><li><a href=\"https:\/\/sebhau.edu.ly\/fr\/wp-json\/wp\/v2\/pages\/26966\/page\/2\/\" class=\"dima-next\">&#x2192;<\/a><\/li><\/ul><\/div>\n[\/vc_column][\/vc_row]<\/p>\n<\/section>","protected":false},"excerpt":{"rendered":"<p>[vc_row bg_type=\u00a0\u00bb\u00a0\u00bb dima_canvas_style=\u00a0\u00bb\u00a0\u00bb translate_x=\u00a0\u00bb0&Prime; dima_z_index=\u00a0\u00bb0&Prime; delay=\u00a0\u00bb\u00a0\u00bb delay_duration=\u00a0\u00bb\u00a0\u00bb delay_offset=\u00a0\u00bb\u00a0\u00bb][vc_column min_height=\u00a0\u00bb\u00a0\u00bb bg_type=\u00a0\u00bb\u00a0\u00bb dima_canvas_style=\u00a0\u00bb\u00a0\u00bb translate_x=\u00a0\u00bb0&Prime; dima_z_index=\u00a0\u00bb0&Prime; delay=\u00a0\u00bb\u00a0\u00bb delay_duration=\u00a0\u00bb\u00a0\u00bb delay_offset=\u00a0\u00bb\u00a0\u00bb width=\u00a0\u00bb1\/1&Prime;][\/vc_column][\/vc_row]<\/p>\n","protected":false},"author":1,"featured_media":0,"parent":0,"menu_order":0,"comment_status":"closed","ping_status":"closed","template":"","meta":{"_uf_show_specific_survey":0,"_uf_disable_surveys":false,"footnotes":""},"class_list":["post-26966","page","type-page","status-publish","hentry","has-post-thumbnail"],"aioseo_notices":[],"amp_enabled":true,"_links":{"self":[{"href":"https:\/\/sebhau.edu.ly\/fr\/wp-json\/wp\/v2\/pages\/26966","targetHints":{"allow":["GET"]}}],"collection":[{"href":"https:\/\/sebhau.edu.ly\/fr\/wp-json\/wp\/v2\/pages"}],"about":[{"href":"https:\/\/sebhau.edu.ly\/fr\/wp-json\/wp\/v2\/types\/page"}],"author":[{"embeddable":true,"href":"https:\/\/sebhau.edu.ly\/fr\/wp-json\/wp\/v2\/users\/1"}],"replies":[{"embeddable":true,"href":"https:\/\/sebhau.edu.ly\/fr\/wp-json\/wp\/v2\/comments?post=26966"}],"version-history":[{"count":0,"href":"https:\/\/sebhau.edu.ly\/fr\/wp-json\/wp\/v2\/pages\/26966\/revisions"}],"wp:attachment":[{"href":"https:\/\/sebhau.edu.ly\/fr\/wp-json\/wp\/v2\/media?parent=26966"}],"curies":[{"name":"wp","href":"https:\/\/api.w.org\/{rel}","templated":true}]}}