{"id":26986,"date":"2021-12-09T04:18:35","date_gmt":"2021-12-09T01:18:35","guid":{"rendered":"https:\/\/sebhau.edu.ly\/?page_id=26986"},"modified":"2024-10-14T21:43:20","modified_gmt":"2024-10-14T18:43:20","slug":"site-map","status":"publish","type":"page","link":"https:\/\/sebhau.edu.ly\/fr\/site-map\/","title":{"rendered":"Plan du site"},"content":{"rendered":"<section class=\"wpb-content-wrapper\"><p>[vc_row bg_type=\u00a0\u00bb\u00a0\u00bb dima_canvas_style=\u00a0\u00bb\u00a0\u00bb translate_x=\u00a0\u00bb0&Prime; dima_z_index=\u00a0\u00bb0&Prime; delay=\u00a0\u00bb\u00a0\u00bb delay_duration=\u00a0\u00bb\u00a0\u00bb delay_offset=\u00a0\u00bb\u00a0\u00bb][vc_column min_height=\u00a0\u00bb\u00a0\u00bb bg_type=\u00a0\u00bb\u00a0\u00bb dima_canvas_style=\u00a0\u00bb\u00a0\u00bb translate_x=\u00a0\u00bb0&Prime; dima_z_index=\u00a0\u00bb0&Prime; delay=\u00a0\u00bb\u00a0\u00bb delay_duration=\u00a0\u00bb\u00a0\u00bb delay_offset=\u00a0\u00bb\u00a0\u00bb width=\u00a0\u00bb1\/1&Prime;]<h4>Plan du site et classement des facult\u00e9s de l&rsquo;Universit\u00e9 de Sebha par num\u00e9ro administratif<\/h4>\n<p><strong>Accueil<\/strong><\/p>\n<ul>\n<li><a href=\"#a-propos-de-luniversite\" rel=\"noopener\">\u00c0 propos de l&rsquo;universit\u00e9<\/a><\/li>\n<li><a href=\"#luniversite-en-chiffres\" rel=\"noopener\">L&rsquo;universit\u00e9 en chiffres<\/a><\/li>\n<li><a href=\"#pourquoi-luniversite-de-sebha\" rel=\"noopener\">Pourquoi l&rsquo;universit\u00e9 de Sebha ? (Travail et \u00c9tude)<\/a><\/li>\n<li><a href=\"#vision-mission-objectifs-et-valeurs\" rel=\"noopener\">Vision, Mission, Objectifs, Objectifs et Valeurs<\/a><\/li>\n<li><a href=\"#accreditation-institutionnelle-et-de-programme\" rel=\"noopener\">Accr\u00e9ditation institutionnelle et de programme<\/a><\/li>\n<li><a href=\"#classification-de-luniversite\" rel=\"noopener\">Classification de l&rsquo;universit\u00e9<\/a><\/li>\n<li><a href=\"#conseil-de-luniversite-de-sebha\" rel=\"noopener\">Conseil de l&rsquo;universit\u00e9 de Sebha<\/a><\/li>\n<li><a href=\"#president-de-luniversite\" rel=\"noopener\">Pr\u00e9sident de l&rsquo;universit\u00e9<\/a><\/li>\n<li><a href=\"#vice-president-aux-affaires-scientifiques\" rel=\"noopener\">Vice-Pr\u00e9sident aux affaires scientifiques<\/a><\/li>\n<li><a href=\"#activites-scientifiques-du-ministere\" rel=\"noopener\">Activit\u00e9s scientifiques du minist\u00e8re de l&rsquo;enseignement sup\u00e9rieur et de la recherche scientifique<\/a><\/li>\n<li><a href=\"#portail-des-guides-academiques\" rel=\"noopener\">Portail des guides acad\u00e9miques<\/a><\/li>\n<li><a href=\"#plan-strategique\" rel=\"noopener\">Plan strat\u00e9gique<\/a><\/li>\n<li><a href=\"#sud-libyen\" rel=\"noopener\">Sud libyen<\/a><\/li>\n<li><a href=\"#contactez-nous\" rel=\"noopener\">Contactez-nous<\/a><\/li>\n<\/ul>\n<p><strong>Facult\u00e9s<\/strong><\/p>\n<p><strong>Sur le campus<\/strong><\/p>\n<ul>\n<li><a href=\"#faculte-des-arts\" rel=\"noopener\">Facult\u00e9 des Arts<\/a><\/li>\n<li><a href=\"#faculte-des-sciences\" rel=\"noopener\">Facult\u00e9 des Sciences<\/a><\/li>\n<li><a href=\"#faculte-de-medecine\" rel=\"noopener\">Facult\u00e9 de M\u00e9decine<\/a><\/li>\n<li><a href=\"#faculte-de-chirurgie-dentaire\" rel=\"noopener\">Facult\u00e9 de Chirurgie Dentaire<\/a><\/li>\n<li><a href=\"#faculte-de-pharmacie\" rel=\"noopener\">Facult\u00e9 de Pharmacie<\/a><\/li>\n<li><a href=\"#faculte-dagriculture\" rel=\"noopener\">Facult\u00e9 d&rsquo;Agriculture<\/a><\/li>\n<li><a href=\"#faculte-de-soins-infirmiers\" rel=\"noopener\">Facult\u00e9 de Soins Infirmiers<\/a><\/li>\n<li><a href=\"#faculte-de-technologie-de-linformation\" rel=\"noopener\">Facult\u00e9 de Technologie de l&rsquo;Information<\/a><\/li>\n<li><a href=\"#faculte-deducation-physique\" rel=\"noopener\">Facult\u00e9 d&rsquo;\u00c9ducation Physique<\/a><\/li>\n<li><a href=\"#faculte-de-commerce-et-sciences-politiques\" rel=\"noopener\">Facult\u00e9 de Commerce et Sciences Politiques<\/a><\/li>\n<li><a href=\"#faculte-dingenierie\" rel=\"noopener\">Facult\u00e9 d&rsquo;Ing\u00e9nierie<\/a><\/li>\n<li><a href=\"#faculte-de-droit\" rel=\"noopener\">Facult\u00e9 de Droit<\/a><\/li>\n<li><a href=\"#faculte-de-technologie-medicale\" rel=\"noopener\">Facult\u00e9 de Technologie M\u00e9dicale<\/a><\/li>\n<li><a href=\"#faculte-des-langues\" rel=\"noopener\">Facult\u00e9 des Langues<\/a><\/li>\n<\/ul>\n<p><strong>Hors campus<\/strong><\/p>\n<ul>\n<li><a href=\"#faculte-deducation-obari\" rel=\"noopener\">Facult\u00e9 d&rsquo;\u00c9ducation &#8211; Obari<\/a><\/li>\n<li><a href=\"#faculte-des-arts-et-sciences-obari\" rel=\"noopener\">Facult\u00e9 des Arts et Sciences &#8211; Obari<\/a><\/li>\n<li><a href=\"#faculte-deducation-zuwaila\" rel=\"noopener\">Facult\u00e9 d&rsquo;\u00c9ducation &#8211; Zuwaila<\/a><\/li>\n<li><a href=\"#faculte-deducation-ghat\" rel=\"noopener\">Facult\u00e9 d&rsquo;\u00c9ducation &#8211; Ghat<\/a><\/li>\n<li><a href=\"#faculte-deducation-tchad\" rel=\"noopener\">Facult\u00e9 d&rsquo;\u00c9ducation &#8211; Tchad<\/a><\/li>\n<\/ul>\n<p><strong>Programmes acad\u00e9miques<\/strong><\/p>\n<ul>\n<li><a href=\"#programmes-de-premier-cycle\" rel=\"noopener\">Programmes de premier cycle<\/a><\/li>\n<li><a href=\"#programmes-de-deuxieme-cycle\" rel=\"noopener\">Programmes de deuxi\u00e8me cycle<\/a><\/li>\n<li><a href=\"#guide-des-conditions-dadmission\" rel=\"noopener\">Guide des conditions d&rsquo;admission<\/a><\/li>\n<li><a href=\"#video-explicative-pour-linscription-electronique\" rel=\"noopener\">Vid\u00e9o explicative pour l&rsquo;inscription \u00e9lectronique<\/a><\/li>\n<li><a href=\"#choisir-une-specialite\" rel=\"noopener\">Choisir une sp\u00e9cialit\u00e9<\/a><\/li>\n<li><a href=\"#guide-complet-pour-les-etudiants\" rel=\"noopener\">Guide complet pour les \u00e9tudiants<\/a><\/li>\n<li><a href=\"#calendrier-academique\" rel=\"noopener\">Calendrier acad\u00e9mique<\/a><\/li>\n<\/ul>\n<p><strong>D\u00e9partements, bureaux et centres<\/strong><\/p>\n<p><strong>Centres<\/strong><\/p>\n<ul>\n<li><a href=\"#centre-des-langues\" rel=\"noopener\">Centre des Langues<\/a><\/li>\n<li><a href=\"#centre-de-technologie-de-linformation\" rel=\"noopener\">Centre de Technologie de l&rsquo;Information<\/a><\/li>\n<li><a href=\"#centre-de-formation-et-de-developpement\" rel=\"noopener\">Centre de Formation et de D\u00e9veloppement<\/a><\/li>\n<li><a href=\"#centre-dentrepreneuriat-et-dinnovation\" rel=\"noopener\">Centre d&rsquo;Entrepreneuriat et d&rsquo;Innovation<\/a><\/li>\n<li><a href=\"#centre-des-medias-universitaires\" rel=\"noopener\">Centre des M\u00e9dias Universitaires<\/a><\/li>\n<li><a href=\"#centre-de-developpement-de-linformation\" rel=\"noopener\">Centre de D\u00e9veloppement de l&rsquo;Information<\/a><\/li>\n<li><a href=\"#centre-dinformation-et-de-documentation\" rel=\"noopener\">Centre d&rsquo;Information et de Documentation<\/a><\/li>\n<li><a href=\"#centre-de-recherche-scientifique\" rel=\"noopener\">Centre de Recherche Scientifique et de Consultation<\/a><\/li>\n<li><a href=\"#centre-de-service-a-la-communaute\" rel=\"noopener\">Centre de Service \u00e0 la Communaut\u00e9 et \u00e0 l&rsquo;Environnement<\/a><\/li>\n<\/ul>\n<p><strong>Bureaux<\/strong><\/p>\n<ul>\n<li><a href=\"#bureau-des-affaires-du-conseil-universitaire\" rel=\"noopener\">Bureau des Affaires du Conseil Universitaire<\/a><\/li>\n<li><a href=\"#bureau-des-affaires-juridiques\" rel=\"noopener\">Bureau des Affaires Juridiques<\/a><\/li>\n<li><a href=\"#bureau-de-la-qualite\" rel=\"noopener\">Bureau de la Qualit\u00e9 et de l&rsquo;\u00c9valuation des Performances<\/a><\/li>\n<li><a href=\"#bureau-de-cooperation-culturelle\" rel=\"noopener\">Bureau de Coop\u00e9ration Culturelle<\/a><\/li>\n<li><a href=\"#bureau-de-laudit-interne\" rel=\"noopener\">Bureau de l&rsquo;Audit Interne<\/a><\/li>\n<li><a href=\"#bureau-de-consultation-technique\" rel=\"noopener\">Bureau de Consultation Technique<\/a><\/li>\n<li><a href=\"#bureau-de-controle-et-de-suivi\" rel=\"noopener\">Bureau de Contr\u00f4le et de Suivi<\/a><\/li>\n<li><a href=\"#bureau-de-securite-universitaire\" rel=\"noopener\">Bureau de S\u00e9curit\u00e9 Universitaire<\/a><\/li>\n<li><a href=\"#bureau-de-developpement-des-ressources\" rel=\"noopener\">Bureau de D\u00e9veloppement des Ressources Autonomes<\/a><\/li>\n<li><a href=\"#bureau-de-propriete-intellectuelle\" rel=\"noopener\">Bureau de Propri\u00e9t\u00e9 Intellectuelle, d&rsquo;Innovation et de Brevets<\/a><\/li>\n<li><a href=\"#bureau-de-developpement-des-ressources-humaines\" rel=\"noopener\">Bureau de D\u00e9veloppement des Ressources Humaines<\/a><\/li>\n<\/ul>\n<p><strong>D\u00e9partements<\/strong><\/p>\n<ul>\n<li><a href=\"#bureau-du-registraire-general\" rel=\"noopener\">Bureau du Registraire G\u00e9n\u00e9ral<\/a><\/li>\n<li><a href=\"#departement-des-etudes-superieures\" rel=\"noopener\">D\u00e9partement des \u00c9tudes Sup\u00e9rieures<\/a><\/li>\n<li><a href=\"#departement-des-affaires-des-membres\" rel=\"noopener\">D\u00e9partement des Affaires des Membres du Corps Enseignant<\/a><\/li>\n<li><a href=\"#departement-des-affaires-techniques\" rel=\"noopener\">D\u00e9partement des Affaires Techniques et des Projets<\/a><\/li>\n<li><a href=\"#administration-generale-des-bibliotheques\" rel=\"noopener\">Administration G\u00e9n\u00e9rale des Biblioth\u00e8ques et Publications<\/a><\/li>\n<li><a href=\"#departement-des-affaires-administratives\" rel=\"noopener\">D\u00e9partement des Affaires Administratives et Financi\u00e8res (Bureau du Secr\u00e9taire G\u00e9n\u00e9ral)<\/a><\/li>\n<li><a href=\"#departement-des-activites-etudiantes\" rel=\"noopener\">D\u00e9partement des Activit\u00e9s \u00c9tudiantes<\/a><\/li>\n<li><a href=\"#departement-de-la-sante\" rel=\"noopener\">D\u00e9partement de la Sant\u00e9, de la S\u00e9curit\u00e9 et de l&rsquo;Environnement<\/a><\/li>\n<\/ul>\n<p><strong>Comit\u00e9s Permanents<\/strong><\/p>\n<ul>\n<li><a href=\"#comite-des-appels-doffres\" rel=\"noopener\">Comit\u00e9 des Appels d&rsquo;Offres<\/a><\/li>\n<li><a href=\"#comite-des-etudes-superieures\" rel=\"noopener\">Comit\u00e9 des \u00c9tudes Sup\u00e9rieures<\/a><\/li>\n<li><a href=\"#comite-dethique\" rel=\"noopener\">Comit\u00e9 d&rsquo;\u00c9thique de la Recherche Scientifique<\/a><\/li>\n<li><a href=\"#comite-des-affaires-des-membres\" rel=\"noopener\">Comit\u00e9 des Affaires des Membres du Corps Enseignant<\/a><\/li>\n<li><a href=\"#comite-technique\" rel=\"noopener\">Comit\u00e9 Technique pour les Publications, l&rsquo;\u00c9dition, l&rsquo;Auteur et la Traduction<\/a><\/li>\n<\/ul>\n<p><strong>Installations<\/strong><\/p>\n<ul>\n<li><a href=\"#clinique-universitaire\" rel=\"noopener\">Clinique Universitaire<\/a><\/li>\n<li><a href=\"#clinique-de-chirurgie-dentaire\" rel=\"noopener\">Clinique de Chirurgie Dentaire<\/a><\/li>\n<\/ul>\n<p><strong>Revues Scientifiques<\/strong><\/p>\n<ul>\n<li><a href=\"#conferences-scientifiques\" rel=\"noopener\">Conf\u00e9rences Scientifiques<\/a><\/li>\n<li><a href=\"#revue-de-recherche-scientifique\" rel=\"noopener\">Revue de Recherche Scientifique et d&rsquo;Applications<\/a><\/li>\n<li><a href=\"#revue-des-sciences-humaines\" rel=\"noopener\">Revue des Sciences Humaines<\/a><\/li>\n<li><a href=\"#revue-des-sciences-medicales\" rel=\"noopener\">Revue des Sciences M\u00e9dicales<\/a><\/li>\n<li><a href=\"#revue-echo-universitaire\" rel=\"noopener\">Revue \u00c9cho Universitaire<\/a><\/li>\n<\/ul>\n<p><strong>Recherche Scientifique<\/strong><\/p>\n<ul>\n<li><a href=\"#les-academiques\" rel=\"noopener\">Les Acad\u00e9miques sur les Plateformes de Recherche Scientifique Mondiales<\/a><\/li>\n<li><a href=\"#publications-de-luniversite-de-sebha\" rel=\"noopener\">Publications de l&rsquo;Universit\u00e9 de Sebha<\/a><\/li>\n<li><a href=\"#depot-numerique\" rel=\"noopener\">D\u00e9p\u00f4t Num\u00e9rique (ISSN: 2708-7247)<\/a><\/li>\n<li><a href=\"#recompenses-et-distinctions\" rel=\"noopener\">R\u00e9compenses et Distinctions<\/a><\/li>\n<li><a href=\"#evaluation-scientifique\" rel=\"noopener\">\u00c9valuation Scientifique (Publons)<\/a><\/li>\n<li><a href=\"#google-scholar\" rel=\"noopener\">Google Scholar<\/a><\/li>\n<li><a href=\"#code-dethique-de-la-recherche\" rel=\"noopener\">Code d&rsquo;\u00c9thique de la Recherche<\/a><\/li>\n<li><a href=\"#appareils-scientifiques\" rel=\"noopener\">Appareils Scientifiques \u00e0 l&rsquo;Universit\u00e9 de Sebha<\/a><\/li>\n<\/ul>\n<p><strong>Association des Anciens \u00c9l\u00e8ves<\/strong><\/p>\n<ul>\n<li><a href=\"#site-web-des-anciens-eleves\" rel=\"noopener\">Site Web des Anciens \u00c9l\u00e8ves<\/a><\/li>\n<li><a href=\"#site-web-des-anciens-eleves-2021\" rel=\"noopener\">Site Web des Anciens \u00c9l\u00e8ves 2021<\/a><\/li>\n<li><a href=\"#verification-des-documents-de-diplome\" rel=\"noopener\">V\u00e9rification des Documents de Dipl\u00f4me<\/a><\/li>\n<\/ul>\n<p><strong>AR<\/strong><\/p>\n<p><strong>EN<\/strong><\/p>\n<p><strong>FR<\/strong><\/p>\n<ul id=\"menu-main_menu-2\" class=\"menu\">\n<li id=\"menu-item-5188\" class=\"trp-language-switcher-container menu-item menu-item-type-post_type menu-item-object-language_switcher menu-item-has-children menu-item-5188\"><\/li>\n<\/ul>\n<div  class=\"dima-clear\" style=\"padding-bottom:30px\"><\/div><p>Le num\u00e9ro administratif \u00e0 l&rsquo;Universit\u00e9 de Sebha indique le classement de la facult\u00e9 en termes de cr\u00e9ation, qui figure dans le num\u00e9ro acad\u00e9mique de l&rsquo;\u00e9tudiant.<\/p>\n<p><strong>Tableau montrant le num\u00e9ro administratif des facult\u00e9s de l&rsquo;Universit\u00e9 de Sebha<\/strong><\/p>\n<p style=\"text-align: center;\">\n<table id=\"tablepress-25\" class=\"tablepress tablepress-id-25\">\n<thead>\n<tr class=\"row-1\">\n\t<th class=\"column-1\">\u0627\u0644\u0631\u0642\u0645 \u0627\u0644\u0625\u062f\u0627\u0631\u064a<\/th><th class=\"column-2\">\u0627\u0644\u0643\u0644\u064a\u0629<\/th><th class=\"column-3\">\u0644\u0644\u062a\u0639\u0631\u0641 \u0639\u0644\u0649 \u0627\u0644\u0645\u0632\u064a\u062f<\/th>\n<\/tr>\n<\/thead>\n<tbody class=\"row-striping row-hover\">\n<tr class=\"row-2\">\n\t<td class=\"column-1\">1<\/td><td class=\"column-2\">\u0627\u0644\u0622\u062f\u0627\u0628 \u0633\u0628\u0647\u0627<\/td><td class=\"column-3\"><a href=\"http:\/\/sebhau.edu.ly\/arts\/index.php\" rel=\"noopener noreferrer\" target=\"_blank\">\u0644\u0644\u062f\u062e\u0648\u0644 \u0639\u0644\u0649 \u0643\u0644\u064a\u0629 \u0627\u0644\u0622\u062f\u0627\u0628<\/a><\/td>\n<\/tr>\n<tr class=\"row-3\">\n\t<td class=\"column-1\">2<\/td><td class=\"column-2\">\u0627\u0644\u0639\u0644\u0648\u0645 \u0633\u0628\u0647\u0627<\/td><td class=\"column-3\"><a href=\"http:\/\/sebhau.edu.ly\/sc\/index.php\" rel=\"noopener noreferrer\" target=\"_blank\">\u0644\u0644\u062f\u062e\u0648\u0644 \u0639\u0644\u0649 \u0643\u0644\u064a\u0629 \u0627\u0644\u0639\u0644\u0648\u0645<\/a><\/td>\n<\/tr>\n<tr class=\"row-4\">\n\t<td class=\"column-1\">3<\/td><td class=\"column-2\">\u0627\u0644\u0632\u0631\u0627\u0639\u0629 \u0633\u0628\u0647\u0627<\/td><td class=\"column-3\"><a href=\"http:\/\/sebhau.edu.ly\/agr\/index.php\" rel=\"noopener noreferrer\" target=\"_blank\">\u0644\u0644\u062f\u062e\u0648\u0644 \u0639\u0644\u0649 \u0643\u0644\u064a\u0629 \u0627\u0644\u0632\u0631\u0627\u0639\u0629<\/a><\/td>\n<\/tr>\n<tr class=\"row-5\">\n\t<td class=\"column-1\">4<\/td><td class=\"column-2\">\u0627\u0644\u0637\u0628 \u0627\u0644\u0628\u0634\u0631\u064a \u0633\u0628\u0647\u0627<\/td><td class=\"column-3\"><a href=\"http:\/\/sebhau.edu.ly\/med\/index.php\" rel=\"noopener noreferrer\" target=\"_blank\">\u0644\u0644\u062f\u062e\u0648\u0644 \u0639\u0644\u0649 \u0643\u0644\u064a\u0629 \u0627\u0644\u0637\u0628 \u0627\u0644\u0628\u0634\u0631\u064a<\/a><\/td>\n<\/tr>\n<tr class=\"row-6\">\n\t<td class=\"column-1\">7<\/td><td class=\"column-2\">\u0627\u0644\u062a\u0631\u0628\u064a\u0629 \u0623\u0648\u0628\u0627\u0631\u064a<\/td><td class=\"column-3\"><a href=\"https:\/\/sebhau.edu.ly\/eduub\/index.php\" rel=\"noopener noreferrer\" target=\"_blank\">\u0644\u0644\u062f\u062e\u0648\u0644 \u0639\u0644\u0649 \u0643\u0644\u064a\u0629 \u0627\u0644\u062a\u0631\u0628\u064a\u0629 \u0623\u0648\u0628\u0627\u0631\u064a<\/a><\/td>\n<\/tr>\n<tr class=\"row-7\">\n\t<td class=\"column-1\">8<\/td><td class=\"column-2\">\u0627\u0644\u0642\u0627\u0646\u0648\u0646 \u0628\u0631\u0627\u0643<\/td><td class=\"column-3\"><a href=\"http:\/\/sebhau.edu.ly\/law\/index.php\" rel=\"noopener noreferrer\" target=\"_blank\">\u0644\u0644\u062f\u062e\u0648\u0644 \u0639\u0644\u0649 \u0643\u0644\u064a\u0629 \u0627\u0644\u0642\u0627\u0646\u0648\u0646<\/a><\/td>\n<\/tr>\n<tr class=\"row-8\">\n\t<td class=\"column-1\">9<\/td><td class=\"column-2\">\u0637\u0628 \u0627\u0644\u0623\u0633\u0646\u0627\u0646 \u0648\u062c\u0631\u0627\u062d\u0629 \u0627\u0644\u0641\u0645<\/td><td class=\"column-3\"><a href=\"http:\/\/sebhau.edu.ly\/dent\/index.php\" rel=\"noopener noreferrer\" target=\"_blank\">\u0644\u0644\u062f\u062e\u0648\u0644 \u0639\u0644\u0649 \u0643\u0644\u064a\u0629 \u0637\u0628 \u0627\u0644\u0623\u0633\u0646\u0627\u0646<\/a><\/td>\n<\/tr>\n<tr class=\"row-9\">\n\t<td class=\"column-1\">13<\/td><td class=\"column-2\">\u0627\u0644\u062a\u0631\u0628\u064a\u0629 \u062a\u0634\u0627\u062f<\/td><td class=\"column-3\"><a href=\"http:\/\/sebhau.edu.ly\/educhad\/index.php\" rel=\"noopener noreferrer\" target=\"_blank\">\u0644\u0644\u062f\u062e\u0648\u0644 \u0639\u0644\u0649 \u0643\u0644\u064a\u0629 \u0627\u0644\u062a\u0631\u0628\u064a\u0629 \u062a\u0634\u0627\u062f<\/a><\/td>\n<\/tr>\n<tr class=\"row-10\">\n\t<td class=\"column-1\">15<\/td><td class=\"column-2\">\u0627\u0644\u062a\u0631\u0628\u064a\u0629 \u063a\u0627\u062a<\/td><td class=\"column-3\"><a href=\"http:\/\/sebhau.edu.ly\/edgat\/index.php\" rel=\"noopener noreferrer\" target=\"_blank\">\u0644\u0644\u062f\u062e\u0648\u0644 \u0639\u0644\u0649 \u0643\u0644\u064a\u0629 \u0627\u0644\u062a\u0631\u0628\u064a\u0629 \u063a\u0627\u062a<\/a><\/td>\n<\/tr>\n<tr class=\"row-11\">\n\t<td class=\"column-1\">17<\/td><td class=\"column-2\">\u0627\u0644\u062a\u0645\u0631\u064a\u0636 \u0633\u0628\u0647\u0627<\/td><td class=\"column-3\"><a href=\"http:\/\/sebhau.edu.ly\/nurs\/index.php\" rel=\"noopener noreferrer\" target=\"_blank\">\u0644\u0644\u062f\u062e\u0648\u0644 \u0639\u0644\u0649 \u0643\u0644\u064a\u0629 \u0627\u0644\u062a\u0645\u0631\u064a\u0636<\/a><\/td>\n<\/tr>\n<tr class=\"row-12\">\n\t<td class=\"column-1\">20<\/td><td class=\"column-2\">\u0643\u0644\u064a\u0629 \u062a\u0642\u0646\u064a\u0629 \u0627\u0644\u0645\u0639\u0644\u0648\u0645\u0627\u062a<\/td><td class=\"column-3\"><a href=\"http:\/\/sebhau.edu.ly\/it\/index.php\" rel=\"noopener noreferrer\" target=\"_blank\">\u0644\u0644\u062f\u062e\u0648\u0644 \u0639\u0644\u0649 \u0643\u0644\u064a\u0629 \u062a\u0642\u0646\u064a\u0629 \u0627\u0644\u0645\u0639\u0644\u0648\u0645\u0627\u062a<\/a><\/td>\n<\/tr>\n<tr class=\"row-13\">\n\t<td class=\"column-1\">21<\/td><td class=\"column-2\">\u0627\u0644\u062a\u0631\u0628\u064a\u0629 \u0627\u0644\u0628\u062f\u0646\u064a\u0629 \u2013 \u0633\u0628\u0647\u0627<\/td><td class=\"column-3\"><a href=\"http:\/\/sebhau.edu.ly\/sport\/index.php\" rel=\"noopener noreferrer\" target=\"_blank\">\u0644\u0644\u062f\u062e\u0648\u0644 \u0639\u0644\u0649 \u0643\u0644\u064a\u0629 \u0627\u0644\u062a\u0631\u0628\u064a\u0629 \u0627\u0644\u0628\u062f\u0646\u064a\u0629<\/a><\/td>\n<\/tr>\n<tr class=\"row-14\">\n\t<td class=\"column-1\">22<\/td><td class=\"column-2\">\u0627\u0644\u0647\u0646\u062f\u0633\u0629<\/td><td class=\"column-3\"><a href=\"https:\/\/sebhau.edu.ly\/eng_tec\/\" rel=\"noopener noreferrer\" target=\"_blank\">\u0644\u0644\u062f\u062e\u0648\u0644 \u0639\u0644\u0649 \u0643\u0644\u064a\u0629 \u0627\u0644\u0647\u0646\u062f\u0633\u0629 <\/a><\/td>\n<\/tr>\n<tr class=\"row-15\">\n\t<td class=\"column-1\">24<\/td><td class=\"column-2\">\u0643\u0644\u064a\u0629 \u0627\u0644\u062a\u0631\u0628\u064a\u0629 \u0632\u0648\u064a\u0644\u0629<\/td><td class=\"column-3\"><a href=\"http:\/\/sebhau.edu.ly\/eduzew\/index.php\" rel=\"noopener noreferrer\" target=\"_blank\">\u0644\u0644\u062f\u062e\u0648\u0644 \u0639\u0644\u0649 \u0643\u0644\u064a\u0629 \u0627\u0644\u062a\u0631\u0628\u064a\u0629 \u0632\u0648\u064a\u0644\u0629<\/a><\/td>\n<\/tr>\n<\/tbody>\n<\/table>\n<\/p>\n[\/vc_column][\/vc_row]<\/p>\n<\/section>","protected":false},"excerpt":{"rendered":"<p>[vc_row bg_type=\u00a0\u00bb\u00a0\u00bb dima_canvas_style=\u00a0\u00bb\u00a0\u00bb translate_x=\u00a0\u00bb0&Prime; dima_z_index=\u00a0\u00bb0&Prime; delay=\u00a0\u00bb\u00a0\u00bb delay_duration=\u00a0\u00bb\u00a0\u00bb delay_offset=\u00a0\u00bb\u00a0\u00bb][vc_column min_height=\u00a0\u00bb\u00a0\u00bb bg_type=\u00a0\u00bb\u00a0\u00bb dima_canvas_style=\u00a0\u00bb\u00a0\u00bb translate_x=\u00a0\u00bb0&Prime; dima_z_index=\u00a0\u00bb0&Prime; delay=\u00a0\u00bb\u00a0\u00bb delay_duration=\u00a0\u00bb\u00a0\u00bb delay_offset=\u00a0\u00bb\u00a0\u00bb width=\u00a0\u00bb1\/1&Prime;][\/vc_column][\/vc_row]<\/p>\n","protected":false},"author":1,"featured_media":0,"parent":0,"menu_order":0,"comment_status":"closed","ping_status":"closed","template":"","meta":{"_uf_show_specific_survey":0,"_uf_disable_surveys":false,"footnotes":""},"class_list":["post-26986","page","type-page","status-publish","hentry"],"aioseo_notices":[],"amp_enabled":true,"_links":{"self":[{"href":"https:\/\/sebhau.edu.ly\/fr\/wp-json\/wp\/v2\/pages\/26986","targetHints":{"allow":["GET"]}}],"collection":[{"href":"https:\/\/sebhau.edu.ly\/fr\/wp-json\/wp\/v2\/pages"}],"about":[{"href":"https:\/\/sebhau.edu.ly\/fr\/wp-json\/wp\/v2\/types\/page"}],"author":[{"embeddable":true,"href":"https:\/\/sebhau.edu.ly\/fr\/wp-json\/wp\/v2\/users\/1"}],"replies":[{"embeddable":true,"href":"https:\/\/sebhau.edu.ly\/fr\/wp-json\/wp\/v2\/comments?post=26986"}],"version-history":[{"count":0,"href":"https:\/\/sebhau.edu.ly\/fr\/wp-json\/wp\/v2\/pages\/26986\/revisions"}],"wp:attachment":[{"href":"https:\/\/sebhau.edu.ly\/fr\/wp-json\/wp\/v2\/media?parent=26986"}],"curies":[{"name":"wp","href":"https:\/\/api.w.org\/{rel}","templated":true}]}}