{"id":27275,"date":"2021-08-31T20:14:04","date_gmt":"2021-08-31T17:14:04","guid":{"rendered":"https:\/\/sebhau.edu.ly\/choisissez-votre-specialite\/"},"modified":"2024-05-28T12:03:10","modified_gmt":"2024-05-28T09:03:10","slug":"selection-specialization","status":"publish","type":"page","link":"https:\/\/sebhau.edu.ly\/fr\/selection-specialization\/","title":{"rendered":"Choix de la sp\u00e9cialisation"},"content":{"rendered":"<section class=\"wpb-content-wrapper\"><p>[vc_row bg_type=\u00a0\u00bb\u00a0\u00bb dima_canvas_style=\u00a0\u00bb\u00a0\u00bb translate_x=\u00a0\u00bb0&Prime; dima_z_index=\u00a0\u00bb0&Prime; delay=\u00a0\u00bb\u00a0\u00bb delay_duration=\u00a0\u00bb\u00a0\u00bb delay_offset=\u00a0\u00bb\u00a0\u00bb top_and_bottom_padding=\u00a0\u00bb\u00a0\u00bb left_and_right_padding=\u00a0\u00bb\u00a0\u00bb][vc_column min_height=\u00a0\u00bb\u00a0\u00bb bg_type=\u00a0\u00bb\u00a0\u00bb dima_canvas_style=\u00a0\u00bb\u00a0\u00bb translate_x=\u00a0\u00bb0&Prime; dima_z_index=\u00a0\u00bb0&Prime; delay=\u00a0\u00bb\u00a0\u00bb delay_duration=\u00a0\u00bb\u00a0\u00bb delay_offset=\u00a0\u00bb\u00a0\u00bb top_and_bottom_padding=\u00a0\u00bb\u00a0\u00bb left_and_right_padding=\u00a0\u00bb\u00a0\u00bb width=\u00a0\u00bb1\/1&Prime;]<h2  class=\"dima-custom-heading\" ><\/p>\n<h2 style=\"text-align: center;\">Conditions de choix de la sp\u00e9cialisation<\/h2>\n<h2 style=\"text-align: center;\">Le service d&rsquo;inscription et d&rsquo;admission de l&rsquo;administration du registraire g\u00e9n\u00e9ral\u00a0:<\/h2>\n<p><\/h2><ul  class=\"list-style thumb-tack\" ><li   >Le registre g\u00e9n\u00e9ral accepte les \u00e9tudiants \u00e0 l&rsquo;Universit\u00e9 de Sebha conform\u00e9ment au programme pr\u00e9par\u00e9 pour le cycle universitaire, dans les d\u00e9partements scientifiques et les facult\u00e9s o\u00f9 ils ont l&rsquo;intention d&rsquo;\u00e9tudier.<\/li><li   >Avant de s&rsquo;inscrire ou de pr\u00e9senter une demande d&rsquo;admission \u00e0 l&rsquo;universit\u00e9, l&rsquo;\u00e9tudiant doit consulter le plan d&rsquo;\u00e9tudes du d\u00e9partement.<\/li><li   >L&rsquo;\u00e9tudiant choisit la sp\u00e9cialisation souhait\u00e9e directement lors de l&rsquo;admission ou apr\u00e8s avoir r\u00e9ussi les cours g\u00e9n\u00e9raux selon le programme de la facult\u00e9 et apr\u00e8s avoir atteint le minimum requis en termes de performances acad\u00e9miques.<\/li><li   >L&rsquo;Universit\u00e9 de Sebha fonctionne sur un syst\u00e8me d&rsquo;admission en sp\u00e9cialisation bas\u00e9 sur la comp\u00e9tition entre les candidats, soit par des examens de s\u00e9lection, soit en r\u00e9ussissant des cours sp\u00e9cifiques.<\/li><li   >La r\u00e9alisation du minimum requis en termes de conditions et de cours g\u00e9n\u00e9raux ne garantit pas n\u00e9cessairement l&rsquo;admission dans la sp\u00e9cialisation souhait\u00e9e.<\/li><li   >L&rsquo;approbation du d\u00e9partement acad\u00e9mique pour l&rsquo;\u00e9tude de l&rsquo;\u00e9tudiant dans la sp\u00e9cialisation d\u00e9pend de la capacit\u00e9 d&rsquo;accueil de celle-ci.<\/li><\/ul>[\/vc_column][\/vc_row][vc_row bg_type=\u00a0\u00bb\u00a0\u00bb dima_canvas_style=\u00a0\u00bb\u00a0\u00bb translate_x=\u00a0\u00bb0&Prime; dima_z_index=\u00a0\u00bb0&Prime; delay=\u00a0\u00bb\u00a0\u00bb delay_duration=\u00a0\u00bb\u00a0\u00bb delay_offset=\u00a0\u00bb\u00a0\u00bb top_and_bottom_padding=\u00a0\u00bb\u00a0\u00bb left_and_right_padding=\u00a0\u00bb\u00a0\u00bb][vc_column min_height=\u00a0\u00bb\u00a0\u00bb bg_type=\u00a0\u00bb\u00a0\u00bb dima_canvas_style=\u00a0\u00bb\u00a0\u00bb translate_x=\u00a0\u00bb0&Prime; dima_z_index=\u00a0\u00bb0&Prime; delay=\u00a0\u00bb\u00a0\u00bb delay_duration=\u00a0\u00bb\u00a0\u00bb delay_offset=\u00a0\u00bb\u00a0\u00bb top_and_bottom_padding=\u00a0\u00bb\u00a0\u00bb left_and_right_padding=\u00a0\u00bb\u00a0\u00bb width=\u00a0\u00bb1\/4&Prime;]<a   data-direction=\"start\" class=\"dima-button di_header  dima-btn-pill stroke dima-btn-small float-center\"  href=\"https:\/\/www.youtube.com\/watch?v=6H9mm0dqX4g\"  target=\"_blank\" rel=\"noopener\"  >Une vid\u00e9o explicative pour s'inscrire<\/a>[\/vc_column][vc_column min_height=\u00a0\u00bb\u00a0\u00bb bg_type=\u00a0\u00bb\u00a0\u00bb dima_canvas_style=\u00a0\u00bb\u00a0\u00bb translate_x=\u00a0\u00bb0&Prime; dima_z_index=\u00a0\u00bb0&Prime; delay=\u00a0\u00bb\u00a0\u00bb delay_duration=\u00a0\u00bb\u00a0\u00bb delay_offset=\u00a0\u00bb\u00a0\u00bb top_and_bottom_padding=\u00a0\u00bb\u00a0\u00bb left_and_right_padding=\u00a0\u00bb\u00a0\u00bb width=\u00a0\u00bb1\/4&Prime;]<a   data-direction=\"start\" class=\"dima-button di_blue  dima-btn-pill stroke dima-btn-small float-center\"  href=\"https:\/\/sebhau.edu.ly\/elec\/theme\/upload\/clues\/12.pdf\"  target=\"_blank\" rel=\"noopener\"  >Code de d\u00e9ontologie pour les \u00e9tudiants universitaires<\/a>[\/vc_column][vc_column min_height=\u00a0\u00bb\u00a0\u00bb bg_type=\u00a0\u00bb\u00a0\u00bb dima_canvas_style=\u00a0\u00bb\u00a0\u00bb translate_x=\u00a0\u00bb0&Prime; dima_z_index=\u00a0\u00bb0&Prime; delay=\u00a0\u00bb\u00a0\u00bb delay_duration=\u00a0\u00bb\u00a0\u00bb delay_offset=\u00a0\u00bb\u00a0\u00bb top_and_bottom_padding=\u00a0\u00bb\u00a0\u00bb left_and_right_padding=\u00a0\u00bb\u00a0\u00bb width=\u00a0\u00bb1\/4&Prime;]<a   data-direction=\"start\" class=\"dima-button di_header  dima-btn-pill stroke dima-btn-small float-center\"  href=\"https:\/\/sebhau.edu.ly\/elec\/theme\/upload\/clues\/%D8%AF%D9%84%D9%8A%D9%84_%D8%A7%D9%84%D8%B7%D8%A7%D9%84%D8%A8_%D9%84%D9%84%D9%82%D8%A8%D9%88%D9%84_%D8%AC%D8%A7%D9%85%D8%B9%D8%A9_%D8%B3%D8%A8%D9%87%D8%A7.pdf\"  target=\"_blank\" rel=\"noopener\"  >Modalit\u00e9s et conditions d'admission<\/a>[\/vc_column][vc_column min_height=\u00a0\u00bb\u00a0\u00bb bg_type=\u00a0\u00bb\u00a0\u00bb dima_canvas_style=\u00a0\u00bb\u00a0\u00bb translate_x=\u00a0\u00bb0&Prime; dima_z_index=\u00a0\u00bb0&Prime; delay=\u00a0\u00bb\u00a0\u00bb delay_duration=\u00a0\u00bb\u00a0\u00bb delay_offset=\u00a0\u00bb\u00a0\u00bb top_and_bottom_padding=\u00a0\u00bb\u00a0\u00bb left_and_right_padding=\u00a0\u00bb\u00a0\u00bb width=\u00a0\u00bb1\/4&Prime;]<a   data-direction=\"start\" class=\"dima-button di_blue  dima-btn-pill stroke dima-btn-small float-center\"  href=\"https:\/\/sebhau.edu.ly\/elec\/theme\/upload\/clues\/%D8%AF%D9%84%D9%8A%D9%84_%D8%A7%D9%84%D8%B7%D8%A7%D9%84%D8%A8_%D8%A7%D9%84%D8%B4%D8%A7%D9%85%D9%84_%D8%AC%D8%A7%D9%85%D8%B9%D8%A9_%D8%B3%D8%A8%D9%87%D8%A7_%D9%84%D9%84%D9%85%D8%B1%D8%AD%D9%84%D8%A9.pdf\"  target=\"_blank\" rel=\"noopener\"  >Guide complet pour les \u00e9tudiants<\/a>[\/vc_column][\/vc_row][vc_row no_padding=\u00a0\u00bbtrue\u00a0\u00bb bg_type=\u00a0\u00bb\u00a0\u00bb dima_canvas_style=\u00a0\u00bb\u00a0\u00bb translate_x=\u00a0\u00bb0&Prime; dima_z_index=\u00a0\u00bb0&Prime; delay=\u00a0\u00bb\u00a0\u00bb delay_duration=\u00a0\u00bb\u00a0\u00bb delay_offset=\u00a0\u00bb\u00a0\u00bb id=\u00a0\u00bb\u00a0\u00bb class=\u00a0\u00bb\u00a0\u00bb border_color=\u00a0\u00bb\u00a0\u00bb][vc_column min_height=\u00a0\u00bb\u00a0\u00bb bg_type=\u00a0\u00bb\u00a0\u00bb dima_canvas_style=\u00a0\u00bb\u00a0\u00bb translate_x=\u00a0\u00bb0&Prime; dima_z_index=\u00a0\u00bb0&Prime; delay=\u00a0\u00bb\u00a0\u00bb delay_duration=\u00a0\u00bb\u00a0\u00bb delay_offset=\u00a0\u00bb\u00a0\u00bb width=\u00a0\u00bb1\/1&Prime;]<div  class=\"dima-divider full-divider line-hr\" ><\/div><blockquote  class=\"post-quote text-start\" ><p><\/p>\n<h3>Choisissez votre sp\u00e9cialit\u00e9 :<\/h3>\n<p><\/p><\/blockquote>[vc_row_inner bg_type=\u00a0\u00bb\u00a0\u00bb dima_canvas_style=\u00a0\u00bb\u00a0\u00bb translate_x=\u00a0\u00bb0&Prime; dima_z_index=\u00a0\u00bb0&Prime;][vc_column_inner delay=\u00a0\u00bb\u00a0\u00bb delay_duration=\u00a0\u00bb\u00a0\u00bb delay_offset=\u00a0\u00bb\u00a0\u00bb translate_x=\u00a0\u00bb0&Prime; dima_z_index=\u00a0\u00bb0&Prime; width=\u00a0\u00bb1\/2&Prime;]<div class=\"ok-xsd-12 ok-md-6\">\n<div class=\"page-section \">\n<div class=\"page-section\">\n<p><a href=\"http:\/\/sebhau.edu.ly\/arts\/\" target=\"_blank\" rel=\"noopener\">Facult\u00e9 des lettres<\/a><\/p>\n<p><a href=\"http:\/\/sebhau.edu.ly\/sc\/\" target=\"_blank\" rel=\"noopener\">Facult\u00e9 des sciences<\/a><\/p>\n<p><a href=\"http:\/\/sebhau.edu.ly\/med\/\" target=\"_blank\" rel=\"noopener\">Coll\u00e8ge de m\u00e9decine humaine<\/a><\/p>\n<p><a href=\"https:\/\/sebhau.edu.ly\/eng_tec\/\" target=\"_blank\" rel=\"noopener\">\u00e9cole sup\u00e9rieure d&rsquo;architecture<\/a><\/p>\n<p><a href=\"http:\/\/sebhau.edu.ly\/dent\/\" target=\"_blank\" rel=\"noopener\">facult\u00e9 de m\u00e9decine dentaire<\/a><\/p>\n<p><a href=\"http:\/\/sebhau.edu.ly\/pharma\/\" target=\"_blank\" rel=\"noopener\">facult\u00e9 de pharmacie<\/a><\/p>\n<p><a href=\"http:\/\/sebhau.edu.ly\/agr\/\" target=\"_blank\" rel=\"noopener\">Coll\u00e8ge de l&rsquo;Agriculture<\/a><\/p>\n<p><a href=\"http:\/\/sebhau.edu.ly\/nurs\/\" target=\"_blank\" rel=\"noopener\">Coll\u00e8ge des sciences infirmi\u00e8res<\/a><\/p>\n<p><a href=\"http:\/\/sebhau.edu.ly\/it\/\" target=\"_blank\" rel=\"noopener\">Coll\u00e8ge de technologie de l&rsquo;information<\/a><\/p>\n<\/div>\n<\/div>\n<\/div>\n[\/vc_column_inner][vc_column_inner delay=\u00a0\u00bb\u00a0\u00bb delay_duration=\u00a0\u00bb\u00a0\u00bb delay_offset=\u00a0\u00bb\u00a0\u00bb translate_x=\u00a0\u00bb0&Prime; dima_z_index=\u00a0\u00bb0&Prime; width=\u00a0\u00bb1\/2&Prime;]<p><a href=\"https:\/\/sebhau.edu.ly\/lang\/\" target=\"_blank\" rel=\"noopener\">facult\u00e9 des langues<\/a><\/p>\n<p><a href=\"http:\/\/sebhau.edu.ly\/cps\" target=\"_blank\" rel=\"noopener\">Coll\u00e8ge de commerce et de sciences politiques<\/a><\/p>\n<p><a href=\"http:\/\/sebhau.edu.ly\/law\" target=\"_blank\" rel=\"noopener\">la facult\u00e9 de droit<\/a><\/p>\n<p><a href=\"https:\/\/sebhau.edu.ly\/eduub\/\" target=\"_blank\" rel=\"noopener\">Coll\u00e8ge d&rsquo;\u00e9ducation &#8211; Ubari<\/a><\/p>\n<p><a href=\"http:\/\/sebhau.edu.ly\/eduzew\" target=\"_blank\" rel=\"noopener\">Coll\u00e8ge d&rsquo;\u00e9ducation &#8211; Zuwaila<\/a><\/p>\n<p><a href=\"http:\/\/sebhau.edu.ly\/sport\" target=\"_blank\" rel=\"noopener\">Coll\u00e8ge d&rsquo;\u00e9ducation physique<\/a><\/p>\n<p><a href=\"http:\/\/sebhau.edu.ly\/edgat\" target=\"_blank\" rel=\"noopener\">Coll\u00e8ge d&rsquo;\u00e9ducation &#8211; Ghat<\/a><\/p>\n<p><a href=\"http:\/\/sebhau.edu.ly\/educhad\" target=\"_blank\" rel=\"noopener\">Coll\u00e8ge d&rsquo;\u00c9ducation &#8211; Tchad<\/a><\/p>\n[\/vc_column_inner][\/vc_row_inner][\/vc_column][\/vc_row][vc_row bg_type=\u00a0\u00bb\u00a0\u00bb dima_canvas_style=\u00a0\u00bb\u00a0\u00bb translate_x=\u00a0\u00bb0&Prime; dima_z_index=\u00a0\u00bb0&Prime; delay=\u00a0\u00bb\u00a0\u00bb delay_duration=\u00a0\u00bb\u00a0\u00bb delay_offset=\u00a0\u00bb\u00a0\u00bb top_and_bottom_padding=\u00a0\u00bb\u00a0\u00bb left_and_right_padding=\u00a0\u00bb\u00a0\u00bb][vc_column min_height=\u00a0\u00bb\u00a0\u00bb bg_type=\u00a0\u00bb\u00a0\u00bb dima_canvas_style=\u00a0\u00bb\u00a0\u00bb translate_x=\u00a0\u00bb0&Prime; dima_z_index=\u00a0\u00bb0&Prime; delay=\u00a0\u00bb\u00a0\u00bb delay_duration=\u00a0\u00bb\u00a0\u00bb delay_offset=\u00a0\u00bb\u00a0\u00bb top_and_bottom_padding=\u00a0\u00bb\u00a0\u00bb left_and_right_padding=\u00a0\u00bb\u00a0\u00bb width=\u00a0\u00bb1\/2&Prime;]<a   data-direction=\"start\" class=\"dima-button di_header  dima-btn-pill stroke dima-btn-big float-end\"  href=\"https:\/\/sebhau.edu.ly\/qao\/121-2\/\"  target=\"_blank\" rel=\"noopener\"  >Descriptions de cours<\/a>[\/vc_column][vc_column min_height=\u00a0\u00bb\u00a0\u00bb bg_type=\u00a0\u00bb\u00a0\u00bb dima_canvas_style=\u00a0\u00bb\u00a0\u00bb translate_x=\u00a0\u00bb0&Prime; dima_z_index=\u00a0\u00bb0&Prime; delay=\u00a0\u00bb\u00a0\u00bb delay_duration=\u00a0\u00bb\u00a0\u00bb delay_offset=\u00a0\u00bb\u00a0\u00bb top_and_bottom_padding=\u00a0\u00bb\u00a0\u00bb left_and_right_padding=\u00a0\u00bb\u00a0\u00bb width=\u00a0\u00bb1\/2&Prime;]<a   data-direction=\"start\" class=\"dima-button di_blue  dima-btn-pill stroke dima-btn-big float-start\"  href=\"https:\/\/sebhau.edu.ly\/fr\/why-sebha-university\/\"  target=\"_blank\" rel=\"noopener\"  >Pourquoi l'Universit\u00e9 Sebha travaille et \u00e9tudie<\/a>[\/vc_column][\/vc_row][vc_row bg_type=\u00a0\u00bb\u00a0\u00bb dima_canvas_style=\u00a0\u00bb\u00a0\u00bb translate_x=\u00a0\u00bb0&Prime; dima_z_index=\u00a0\u00bb0&Prime; delay=\u00a0\u00bb\u00a0\u00bb delay_duration=\u00a0\u00bb\u00a0\u00bb delay_offset=\u00a0\u00bb\u00a0\u00bb top_and_bottom_padding=\u00a0\u00bb\u00a0\u00bb left_and_right_padding=\u00a0\u00bb\u00a0\u00bb][vc_column min_height=\u00a0\u00bb\u00a0\u00bb bg_type=\u00a0\u00bb\u00a0\u00bb dima_canvas_style=\u00a0\u00bb\u00a0\u00bb translate_x=\u00a0\u00bb0&Prime; dima_z_index=\u00a0\u00bb0&Prime; delay=\u00a0\u00bb\u00a0\u00bb delay_duration=\u00a0\u00bb\u00a0\u00bb delay_offset=\u00a0\u00bb\u00a0\u00bb top_and_bottom_padding=\u00a0\u00bb\u00a0\u00bb left_and_right_padding=\u00a0\u00bb\u00a0\u00bb width=\u00a0\u00bb1\/1&Prime;]<p><strong>Les \u00e9tudiants sont accept\u00e9s et inscrits selon les cat\u00e9gories suivantes :<\/strong><\/p>\n<ul>\n<li>\u00e9tudiants r\u00e9guliers, Cette cat\u00e9gorie comprend tous les \u00e9tudiants qui \u00e9tudient \u00e0 temps plein.<\/li>\n<li>\u00e9tudiants internationaux, Ce sont des \u00e9tudiants non libyens qui se voient attribuer des places acad\u00e9miques et la mani\u00e8re dont ils sont accept\u00e9s est d\u00e9termin\u00e9e par une d\u00e9cision du minist\u00e8re de l&rsquo;Enseignement sup\u00e9rieur.<\/li>\n<\/ul>\n<p style=\"text-align: center;\">\n<table id=\"tablepress-48\" class=\"tablepress tablepress-id-48\">\n<thead>\n<tr class=\"row-1\">\n\t<th class=\"column-1\">Num\u00e9rotation<\/th><th class=\"column-2\">Disciplines acad\u00e9miques<\/th><th class=\"column-3\">Conditions d'admission 1<\/th><th class=\"column-4\">Conditions d'admission 2<\/th><th class=\"column-5\">Pourcentage g\u00e9n\u00e9ral<\/th><th class=\"column-6\">Conditions g\u00e9n\u00e9rales<\/th><th class=\"column-7\">Examen d'entr\u00e9e<\/th><th class=\"column-8\">Examen de s\u00e9lection<\/th>\n<\/tr>\n<\/thead>\n<tbody class=\"row-striping row-hover\">\n<tr class=\"row-2\">\n\t<td class=\"column-1\">1<\/td><td class=\"column-2\">Facult\u00e9s d'\u00c9ducation<\/td><td class=\"column-3\">Baccalaur\u00e9at g\u00e9n\u00e9ral (Scientifique)<\/td><td class=\"column-4\">Baccalaur\u00e9at g\u00e9n\u00e9ral (Litt\u00e9raire)<\/td><td class=\"column-5\">65<\/td><td class=\"column-6\">L'\u00e9tudiant est accept\u00e9 apr\u00e8s avoir satisfait aux conditions d\u00e9finies par la facult\u00e9.<\/td><td class=\"column-7\">Non<\/td><td class=\"column-8\">Non<\/td>\n<\/tr>\n<tr class=\"row-3\">\n\t<td class=\"column-1\">2<\/td><td class=\"column-2\">Facult\u00e9 des Sciences<\/td><td class=\"column-3\">Baccalaur\u00e9at g\u00e9n\u00e9ral (Scientifique)<\/td><td class=\"column-4\">Baccalaur\u00e9at g\u00e9n\u00e9ral (Scientifique)<\/td><td class=\"column-5\">65<\/td><td class=\"column-6\">L'\u00e9tudiant est accept\u00e9 apr\u00e8s avoir satisfait aux conditions d\u00e9finies par la facult\u00e9.<\/td><td class=\"column-7\">Non<\/td><td class=\"column-8\">Non<\/td>\n<\/tr>\n<tr class=\"row-4\">\n\t<td class=\"column-1\">3<\/td><td class=\"column-2\">Facult\u00e9s d'Ing\u00e9nierie<\/td><td class=\"column-3\">Baccalaur\u00e9at g\u00e9n\u00e9ral (Scientifique)<\/td><td class=\"column-4\">Baccalaur\u00e9at g\u00e9n\u00e9ral (Scientifique)<\/td><td class=\"column-5\">75<\/td><td class=\"column-6\">L'\u00e9tudiant est accept\u00e9 apr\u00e8s avoir satisfait aux conditions d\u00e9finies par la facult\u00e9.<\/td><td class=\"column-7\">Non<\/td><td class=\"column-8\">Non<\/td>\n<\/tr>\n<tr class=\"row-5\">\n\t<td class=\"column-1\">4<\/td><td class=\"column-2\">Facult\u00e9s de M\u00e9decine<\/td><td class=\"column-3\">Baccalaur\u00e9at g\u00e9n\u00e9ral (Scientifique)<\/td><td class=\"column-4\">Baccalaur\u00e9at g\u00e9n\u00e9ral (Scientifique)<\/td><td class=\"column-5\">85<\/td><td class=\"column-6\">L'\u00e9tudiant est accept\u00e9 apr\u00e8s avoir satisfait aux conditions d\u00e9finies par la facult\u00e9.<\/td><td class=\"column-7\">Oui<\/td><td class=\"column-8\">Oui<\/td>\n<\/tr>\n<\/tbody>\n<\/table>\n<!-- #tablepress-48 from cache --><\/p>\n[\/vc_column][\/vc_row][vc_row bg_type=\u00a0\u00bb\u00a0\u00bb dima_canvas_style=\u00a0\u00bb\u00a0\u00bb translate_x=\u00a0\u00bb0&Prime; dima_z_index=\u00a0\u00bb0&Prime; delay=\u00a0\u00bb\u00a0\u00bb delay_duration=\u00a0\u00bb\u00a0\u00bb delay_offset=\u00a0\u00bb\u00a0\u00bb top_and_bottom_padding=\u00a0\u00bb\u00a0\u00bb left_and_right_padding=\u00a0\u00bb\u00a0\u00bb][vc_column min_height=\u00a0\u00bb\u00a0\u00bb bg_type=\u00a0\u00bb\u00a0\u00bb dima_canvas_style=\u00a0\u00bb\u00a0\u00bb translate_x=\u00a0\u00bb0&Prime; dima_z_index=\u00a0\u00bb0&Prime; delay=\u00a0\u00bb\u00a0\u00bb delay_duration=\u00a0\u00bb\u00a0\u00bb delay_offset=\u00a0\u00bb\u00a0\u00bb top_and_bottom_padding=\u00a0\u00bb\u00a0\u00bb left_and_right_padding=\u00a0\u00bb\u00a0\u00bb width=\u00a0\u00bb1\/1&Prime;]<div  class=\"social-media text-center\" ><div class=\"social-media dima-social-post social-medium\"><ul class=\"inline clearfix\"><li><a href=\"#share\" data-toggle=\"tooltip\" data-trigger=\"hover\" data-placement=\"bottom\"  title=\"Share on Facebook\" onclick=\"window.open('http:\/\/www.facebook.com\/sharer.php?u=https%3A%2F%2Fsebhau.edu.ly%2Ffr%2Fselection-specialization%2F&amp;t=Choix+de+la+sp%C3%A9cialisation', 'popupFacebook', 'width=650, height=270, resizable=0, toolbar=0, menubar=0, status=0, location=0, scrollbars=0'); return false;\"><i class=\"fa-brands fa-facebook-f\"><\/i><\/a><\/li><li><a href=\"#share\" data-toggle=\"tooltip\" data-trigger=\"hover\" data-placement=\"bottom\"  title=\"Share on Twitter\" onclick=\"window.open('https:\/\/twitter.com\/intent\/tweet?text=Choix+de+la+sp%C3%A9cialisation&amp;url=https%3A%2F%2Fsebhau.edu.ly%2Ffr%2Fselection-specialization%2F', 'popupTwitter', 'width=500, height=370, resizable=0, toolbar=0, menubar=0, status=0, location=0, scrollbars=0'); return false;\"><i class=\"fa-brands  fa-twitter\"><\/i><\/a><\/li><li><a href=\"#share\" data-toggle=\"tooltip\" data-trigger=\"hover\" data-placement=\"bottom\"  title=\"Share on LinkedIn\" onclick=\"window.open('http:\/\/www.linkedin.com\/shareArticle?mini=true&amp;url=https%3A%2F%2Fsebhau.edu.ly%2Ffr%2Fselection-specialization%2F&amp;title=Choix+de+la+sp%C3%A9cialisation&amp;summary=%5Bvc_row+bg_type%3D%C2%A0%C2%BB%C2%A0%C2%BB+dima_canvas_style%3D%C2%A0%C2%BB%C2%A0%C2%BB+translate_x%3D%C2%A0%C2%BB0%26Prime%3B+dima_z_index%3D%C2%A0%C2%BB0%26Prime%3B+delay%3D%C2%A0%C2%BB%C2%A0%C2%BB+delay_duration%3D%C2%A0%C2%BB%C2%A0%C2%BB+delay_offset%3D%C2%A0%C2%BB%C2%A0%C2%BB+top_and_bottom_padding%3D%C2%A0%C2%BB%C2%A0%C2%BB+left_and_right_padding%3D%C2%A0%C2%BB%C2%A0%C2%BB%5D%5Bvc_column+min_height%3D%C2%A0%C2%BB%C2%A0%C2%BB+bg_type%3D%C2%A0%C2%BB%C2%A0%C2%BB+dima_canvas_style%3D%C2%A0%C2%BB%C2%A0%C2%BB+translate_x%3D%C2%A0%C2%BB0%26Prime%3B+dima_z_index%3D%C2%A0%C2%BB0%26Prime%3B+delay%3D%C2%A0%C2%BB%C2%A0%C2%BB+delay_duration%3D%C2%A0%C2%BB%C2%A0%C2%BB+delay_offset%3D%C2%A0%C2%BB%C2%A0%C2%BB+top_and_bottom_padding%3D%C2%A0%C2%BB%C2%A0%C2%BB+left_and_right_padding%3D%C2%A0%C2%BB%C2%A0%C2%BB+width%3D%C2%A0%C2%BB1%2F1%26Prime%3B%5D%5B%2Fvc_column%5D%5B%2Fvc_row%5D%5Bvc_row+bg_type%3D%C2%A0%C2%BB%C2%A0%C2%BB+dima_canvas_style%3D%C2%A0%C2%BB%C2%A0%C2%BB+translate_x%3D%C2%A0%C2%BB0%26Prime%3B+dima_z_index%3D%C2%A0%C2%BB0%26Prime%3B+delay%3D%C2%A0%C2%BB%C2%A0%C2%BB+delay_duration%3D%C2%A0%C2%BB%C2%A0%C2%BB+delay_offset%3D%C2%A0%C2%BB%C2%A0%C2%BB+top_and_bottom_padding%3D%C2%A0%C2%BB%C2%A0%C2%BB+left_and_right_padding%3D%C2%A0%C2%BB%C2%A0%C2%BB%5D%5Bvc_column+min_height%3D%C2%A0%C2%BB%C2%A0%C2%BB+bg_type%3D%C2%A0%C2%BB%C2%A0%C2%BB+dima_canvas_style%3D%C2%A0%C2%BB%C2%A0%C2%BB+translate_x%3D%C2%A0%C2%BB0%26Prime%3B+dima_z_index%3D%C2%A0%C2%BB0%26Prime%3B+delay%3D%C2%A0%C2%BB%C2%A0%C2%BB+delay_duration%3D%C2%A0%C2%BB%C2%A0%C2%BB+delay_offset%3D%C2%A0%C2%BB%C2%A0%C2%BB+top_and_bottom_padding%3D%C2%A0%C2%BB%C2%A0%C2%BB+left_and_right_padding%3D%C2%A0%C2%BB%C2%A0%C2%BB+width%3D%C2%A0%C2%BB1%2F4%26Prime%3B%5D%5B%2Fvc_column%5D%5Bvc_column+min_height%3D%C2%A0%C2%BB%C2%A0%C2%BB+bg_type%3D%C2%A0%C2%BB%C2%A0%C2%BB+dima_canvas_style%3D%C2%A0%C2%BB%C2%A0%C2%BB+translate_x%3D%C2%A0%C2%BB0%26Prime%3B+dima_z_index%3D%C2%A0%C2%BB0%26Prime%3B+delay%3D%C2%A0%C2%BB%C2%A0%C2%BB+delay_duration%3D%C2%A0%C2%BB%C2%A0%C2%BB+delay_offset%3D%C2%A0%C2%BB%C2%A0%C2%BB+top_and_bottom_padding%3D%C2%A0%C2%BB%C2%A0%C2%BB+left_and_right_padding%3D%C2%A0%C2%BB%C2%A0%C2%BB+width%3D%C2%A0%C2%BB1%2F4%26Prime%3B%5D%5B%2Fvc_column%5D%5Bvc_column+min_height%3D%C2%A0%C2%BB%C2%A0%C2%BB+bg_type%3D%C2%A0%C2%BB%C2%A0%C2%BB+dima_canvas_style%3D%C2%A0%C2%BB%C2%A0%C2%BB+%5B%26hellip%3B%5D&amp;source=%D8%AC%D8%A7%D9%85%D8%B9%D8%A9+%D8%B3%D8%A8%D9%87%D8%A7+%7C+Sebha+University', 'popupLinkedIn', 'width=610, height=480, resizable=0, toolbar=0, menubar=0, status=0, location=0, scrollbars=0'); return false;\"><i class=\"fa-brands fa-linkedin\"><\/i><\/a><\/li><li><a href=\"mailto:?subject=Choix de la sp\u00e9cialisation&amp;body=Hey, thought you might enjoy this! Check it out when you have a chance: https:\/\/sebhau.edu.ly\/fr\/selection-specialization\/\" data-toggle=\"tooltip\" data-trigger=\"hover\" data-placement=\"bottom\"  class=\"email\" title=\"Share via Email\"><span><i class=\"far fa-envelope\"><\/i><\/span><\/a><\/ul><\/div><\/div>[\/vc_column][\/vc_row]<\/p>\n<\/section>","protected":false},"excerpt":{"rendered":"<p>[vc_row bg_type=\u00a0\u00bb\u00a0\u00bb dima_canvas_style=\u00a0\u00bb\u00a0\u00bb translate_x=\u00a0\u00bb0&Prime; dima_z_index=\u00a0\u00bb0&Prime; delay=\u00a0\u00bb\u00a0\u00bb delay_duration=\u00a0\u00bb\u00a0\u00bb delay_offset=\u00a0\u00bb\u00a0\u00bb top_and_bottom_padding=\u00a0\u00bb\u00a0\u00bb left_and_right_padding=\u00a0\u00bb\u00a0\u00bb][vc_column min_height=\u00a0\u00bb\u00a0\u00bb bg_type=\u00a0\u00bb\u00a0\u00bb dima_canvas_style=\u00a0\u00bb\u00a0\u00bb translate_x=\u00a0\u00bb0&Prime; dima_z_index=\u00a0\u00bb0&Prime; delay=\u00a0\u00bb\u00a0\u00bb delay_duration=\u00a0\u00bb\u00a0\u00bb delay_offset=\u00a0\u00bb\u00a0\u00bb top_and_bottom_padding=\u00a0\u00bb\u00a0\u00bb left_and_right_padding=\u00a0\u00bb\u00a0\u00bb width=\u00a0\u00bb1\/1&Prime;][\/vc_column][\/vc_row][vc_row bg_type=\u00a0\u00bb\u00a0\u00bb dima_canvas_style=\u00a0\u00bb\u00a0\u00bb translate_x=\u00a0\u00bb0&Prime; dima_z_index=\u00a0\u00bb0&Prime; delay=\u00a0\u00bb\u00a0\u00bb delay_duration=\u00a0\u00bb\u00a0\u00bb delay_offset=\u00a0\u00bb\u00a0\u00bb top_and_bottom_padding=\u00a0\u00bb\u00a0\u00bb left_and_right_padding=\u00a0\u00bb\u00a0\u00bb][vc_column min_height=\u00a0\u00bb\u00a0\u00bb bg_type=\u00a0\u00bb\u00a0\u00bb dima_canvas_style=\u00a0\u00bb\u00a0\u00bb translate_x=\u00a0\u00bb0&Prime; dima_z_index=\u00a0\u00bb0&Prime; delay=\u00a0\u00bb\u00a0\u00bb delay_duration=\u00a0\u00bb\u00a0\u00bb delay_offset=\u00a0\u00bb\u00a0\u00bb top_and_bottom_padding=\u00a0\u00bb\u00a0\u00bb left_and_right_padding=\u00a0\u00bb\u00a0\u00bb width=\u00a0\u00bb1\/4&Prime;][\/vc_column][vc_column min_height=\u00a0\u00bb\u00a0\u00bb bg_type=\u00a0\u00bb\u00a0\u00bb dima_canvas_style=\u00a0\u00bb\u00a0\u00bb translate_x=\u00a0\u00bb0&Prime; dima_z_index=\u00a0\u00bb0&Prime; delay=\u00a0\u00bb\u00a0\u00bb delay_duration=\u00a0\u00bb\u00a0\u00bb delay_offset=\u00a0\u00bb\u00a0\u00bb top_and_bottom_padding=\u00a0\u00bb\u00a0\u00bb left_and_right_padding=\u00a0\u00bb\u00a0\u00bb width=\u00a0\u00bb1\/4&Prime;][\/vc_column][vc_column min_height=\u00a0\u00bb\u00a0\u00bb bg_type=\u00a0\u00bb\u00a0\u00bb dima_canvas_style=\u00a0\u00bb\u00a0\u00bb [&hellip;]<\/p>\n","protected":false},"author":1,"featured_media":0,"parent":0,"menu_order":0,"comment_status":"closed","ping_status":"closed","template":"","meta":{"_uf_show_specific_survey":0,"_uf_disable_surveys":false,"footnotes":""},"class_list":["post-27275","page","type-page","status-publish","hentry"],"aioseo_notices":[],"amp_enabled":true,"_links":{"self":[{"href":"https:\/\/sebhau.edu.ly\/fr\/wp-json\/wp\/v2\/pages\/27275","targetHints":{"allow":["GET"]}}],"collection":[{"href":"https:\/\/sebhau.edu.ly\/fr\/wp-json\/wp\/v2\/pages"}],"about":[{"href":"https:\/\/sebhau.edu.ly\/fr\/wp-json\/wp\/v2\/types\/page"}],"author":[{"embeddable":true,"href":"https:\/\/sebhau.edu.ly\/fr\/wp-json\/wp\/v2\/users\/1"}],"replies":[{"embeddable":true,"href":"https:\/\/sebhau.edu.ly\/fr\/wp-json\/wp\/v2\/comments?post=27275"}],"version-history":[{"count":0,"href":"https:\/\/sebhau.edu.ly\/fr\/wp-json\/wp\/v2\/pages\/27275\/revisions"}],"wp:attachment":[{"href":"https:\/\/sebhau.edu.ly\/fr\/wp-json\/wp\/v2\/media?parent=27275"}],"curies":[{"name":"wp","href":"https:\/\/api.w.org\/{rel}","templated":true}]}}