{"id":27394,"date":"2021-09-02T15:40:15","date_gmt":"2021-09-02T12:40:15","guid":{"rendered":"https:\/\/sebhau.edu.ly\/centre-dinformation-et-de-documentation\/"},"modified":"2024-10-14T23:05:25","modified_gmt":"2024-10-14T20:05:25","slug":"information-documentation-center","status":"publish","type":"page","link":"https:\/\/sebhau.edu.ly\/fr\/information-documentation-center\/","title":{"rendered":"Centre de formation et de la documentation"},"content":{"rendered":"<section class=\"wpb-content-wrapper\"><p>[vc_row bg_type=\u00a0\u00bb\u00a0\u00bb dima_canvas_style=\u00a0\u00bb\u00a0\u00bb translate_x=\u00a0\u00bb0&Prime; dima_z_index=\u00a0\u00bb0&Prime; delay=\u00a0\u00bb\u00a0\u00bb delay_duration=\u00a0\u00bb\u00a0\u00bb delay_offset=\u00a0\u00bb\u00a0\u00bb top_and_bottom_padding=\u00a0\u00bb\u00a0\u00bb left_and_right_padding=\u00a0\u00bb\u00a0\u00bb][vc_column min_height=\u00a0\u00bb\u00a0\u00bb bg_type=\u00a0\u00bb\u00a0\u00bb dima_canvas_style=\u00a0\u00bb\u00a0\u00bb translate_x=\u00a0\u00bb0&Prime; dima_z_index=\u00a0\u00bb0&Prime; delay=\u00a0\u00bb\u00a0\u00bb delay_duration=\u00a0\u00bb\u00a0\u00bb delay_offset=\u00a0\u00bb\u00a0\u00bb top_and_bottom_padding=\u00a0\u00bb\u00a0\u00bb left_and_right_padding=\u00a0\u00bb\u00a0\u00bb width=\u00a0\u00bb1\/1&Prime;][vc_row_inner bg_type=\u00a0\u00bb\u00a0\u00bb dima_canvas_style=\u00a0\u00bb\u00a0\u00bb translate_x=\u00a0\u00bb0&Prime; dima_z_index=\u00a0\u00bb0&Prime;][vc_column_inner delay=\u00a0\u00bb\u00a0\u00bb delay_duration=\u00a0\u00bb\u00a0\u00bb delay_offset=\u00a0\u00bb\u00a0\u00bb translate_x=\u00a0\u00bb0&Prime; dima_z_index=\u00a0\u00bb0&Prime; width=\u00a0\u00bb2\/3&Prime;]<p style=\"text-align: right;\">Le Centre d&rsquo;Information et de Documentation <strong>est<\/strong> l&rsquo;un des piliers de l&rsquo;Universit\u00e9 Sebha en raison de son r\u00f4le pr\u00e9pond\u00e9rant dans la prise de mesures et de proc\u00e9dures. qui doivent \u00eatre prises pour atteindre les objectifs souhait\u00e9s, Le travail se poursuit avec une grande efficacit\u00e9 et coh\u00e9rence.<\/p>\n<p style=\"text-align: center;\">Le Bureau d&rsquo;information et de documentation a \u00e9t\u00e9 cr\u00e9\u00e9 en 2000 dans le but de fournir, traiter et analyser toutes les donn\u00e9es, informations statistiques et documents. Il a \u00e9t\u00e9 cr\u00e9\u00e9 par d\u00e9cision de l\u2019ancien Comit\u00e9 populaire g\u00e9n\u00e9ral (Premier ministre) n\u00b0 (772) de 1989 apr\u00e8s JC. Lequel stipule la cr\u00e9ation de centres d\u2019information et de documentation dans diverses institutions.<\/p>\n<p style=\"text-align: center;\">Par d\u00e9cision du Pr\u00e9sident de l&rsquo;Universit\u00e9 Sebha pour l&rsquo;ann\u00e9e 2010 AD, Le centre est devenu un centre ind\u00e9pendant ; Il vise \u00e0 construire, g\u00e9rer et d\u00e9velopper un syst\u00e8me d\u2019information int\u00e9gr\u00e9 qui fournit le soutien n\u00e9cessaire \u00e0 l\u2019\u00e9laboration des politiques. Et prendre des d\u00e9cisions fructueuses gr\u00e2ce auxquelles nous pouvons contribuer \u00e0 \u00e9lever et \u00e0 am\u00e9liorer le niveau d\u2019efficience et d\u2019efficacit\u00e9 dans tous les domaines scientifiques et de services de l\u2019universit\u00e9.<\/p>\n[\/vc_column_inner][vc_column_inner delay=\u00a0\u00bb\u00a0\u00bb delay_duration=\u00a0\u00bb\u00a0\u00bb delay_offset=\u00a0\u00bb\u00a0\u00bb translate_x=\u00a0\u00bb0&Prime; dima_z_index=\u00a0\u00bb0&Prime; width=\u00a0\u00bb1\/3&Prime;]<div class=\"column-item overflow-hidden text-center rounded\"><a data-lightbox=image  class=\"overlay dima-img  rounded\"  href=\"https:\/\/sebhau.edu.ly\/wp-content\/uploads\/2021\/09\/knowledge.jpg\"   ><img loading=\"lazy\" decoding=\"async\" src=\"https:\/\/sebhau.edu.ly\/wp-content\/uploads\/2021\/09\/knowledge.jpg\" alt=\"\" width=\"1280\" height=\"720\"><\/a><\/div>[\/vc_column_inner][\/vc_row_inner][\/vc_column][\/vc_row][vc_row bg_type=\u00a0\u00bb\u00a0\u00bb dima_canvas_style=\u00a0\u00bb\u00a0\u00bb translate_x=\u00a0\u00bb0&Prime; dima_z_index=\u00a0\u00bb0&Prime; delay=\u00a0\u00bb\u00a0\u00bb delay_duration=\u00a0\u00bb\u00a0\u00bb delay_offset=\u00a0\u00bb\u00a0\u00bb top_and_bottom_padding=\u00a0\u00bb\u00a0\u00bb left_and_right_padding=\u00a0\u00bb\u00a0\u00bb][vc_column min_height=\u00a0\u00bb\u00a0\u00bb bg_type=\u00a0\u00bb\u00a0\u00bb dima_canvas_style=\u00a0\u00bb\u00a0\u00bb translate_x=\u00a0\u00bb0&Prime; dima_z_index=\u00a0\u00bb0&Prime; delay=\u00a0\u00bb\u00a0\u00bb delay_duration=\u00a0\u00bb\u00a0\u00bb delay_offset=\u00a0\u00bb\u00a0\u00bb top_and_bottom_padding=\u00a0\u00bb\u00a0\u00bb left_and_right_padding=\u00a0\u00bb\u00a0\u00bb width=\u00a0\u00bb1\/1&Prime;]<div  class=\"dima-tabs  dima-tab-style columns-3-tab\" ><ul class=\"dima-tab-nav top\"><li  class=\"tab active\" ><a href=\"#tab-1\" data-toggle=\"tab\">Vision, mission et objectifs<\/a><\/li><li  class=\"tab\" ><a href=\"#tab-2\" data-toggle=\"tab\">Sp\u00e9cialisations du centre<\/a><\/li><li  class=\"tab\" ><a href=\"#tab-3\" data-toggle=\"tab\">Structure organisationnelle<\/a><\/li><\/ul><div  class=\"dima-tab-content\" ><div id=\"tab-1\" class=\"tab-pane fade in clearfix dima-tab_content fade in active\" ><\/p>\n<h2>Vision, mission et objectifs<\/h2>\n<p><strong>d&rsquo;abord : Vision<\/strong><strong>:<\/strong><\/p>\n<p>Construire une base de donn\u00e9es scientifique et technique ; Assure la r\u00e9gularit\u00e9 et la circulation de l\u2019information r\u00e9pondant aux besoins de tous les b\u00e9n\u00e9ficiaires. Qu&rsquo;ils soient chercheurs ou d\u00e9cideurs, Afin d&rsquo;\u00e9lever et d&rsquo;am\u00e9liorer le niveau d&rsquo;efficience et d&rsquo;efficacit\u00e9 dans tous les domaines scientifiques, Et les services \u00e0 l&rsquo;universit\u00e9.<\/p>\n<p><strong>deuxi\u00e8mement: Le message<\/strong><strong> :<\/strong><\/p>\n<p>Travailler \u00e0 fournir des informations, des statistiques et des donn\u00e9es li\u00e9es \u00e0 l&rsquo;\u00e9ducation, faciliter le flux d&rsquo;informations aux fonctionnaires et \u00e0 ceux qui s&rsquo;int\u00e9ressent \u00e0 l&rsquo;\u00e9ducation \u00e0 l&rsquo;int\u00e9rieur et \u00e0 l&rsquo;ext\u00e9rieur de l&rsquo;universit\u00e9, et pr\u00eater attention \u00e0 la construction et au d\u00e9veloppement de bases de donn\u00e9es d&rsquo;informations, de statistiques et de donn\u00e9es contenant tout ce qui concerne \u00e0 l&rsquo;universit\u00e9, et en renfor\u00e7ant l&rsquo;int\u00e9gration entre eux et en les reliant automatiquement aux sources d&rsquo;information en Libye.<\/p>\n<p><strong>Troisi\u00e8me: Objectifs<\/strong><strong>:<\/strong><\/p>\n<ol>\n<li>Conserver les informations, donn\u00e9es et documents selon les m\u00e9thodes et moyens techniques, Et le rendre accessible aux entit\u00e9s publiques et priv\u00e9es.<\/li>\n<li>Examiner les informations approuv\u00e9es par les autorit\u00e9s comp\u00e9tentes et les traiter pour fournir aux autorit\u00e9s comp\u00e9tentes des donn\u00e9es pr\u00e9cises et de haute qualit\u00e9.<\/li>\n<li>Organiser et suivre les objectifs du syst\u00e8me d&rsquo;information et de documentation p\u00e9dagogique, Coordonner le travail avec les diff\u00e9rents d\u00e9partements, bureaux et centres, Superviser la mise en \u0153uvre du syst\u00e8me d&rsquo;information p\u00e9dagogique et assurer le suivi des guides, instructions et proc\u00e9dures publi\u00e9s.<\/li>\n<li>Organiser l&rsquo;information et les donn\u00e9es \u00e0 l&rsquo;int\u00e9rieur et \u00e0 l&rsquo;ext\u00e9rieur de l&rsquo;universit\u00e9 et les relier dans le cadre du r\u00e9seau national d&rsquo;information.<\/li>\n<li>Implanter un syst\u00e8me d&rsquo;archivage \u00e9lectronique des documents et publications universitaires; Pour faciliter le processus de stockage, Et r\u00e9cup\u00e9rez-les et r\u00e9duisez l\u2019utilisation et la perte de papiers.<\/li>\n<li>Pr\u00e9paration d&rsquo;un guide d&rsquo;information universitaire.<\/li>\n<\/ol>\n<p><\/div><div id=\"tab-2\" class=\"tab-pane fade in clearfix dima-tab_content\" ><\/p>\n<ol>\n<li><strong>Le centre est sp\u00e9cialis\u00e9 dans les domaines suivants<\/strong> <strong>:<\/strong>\n<ol>\n<li>Participer \u00e0 proposer des plans pour r\u00e9pondre aux besoins de la communaut\u00e9 dans diverses sp\u00e9cialisations.<\/li>\n<li>Pr\u00e9server et documenter les informations et les statistiques de mani\u00e8re organis\u00e9e afin de garantir un acc\u00e8s facile en cas de besoin.<\/li>\n<li>Collecter des informations et des donn\u00e9es relatives \u00e0 toutes les activit\u00e9s et affaires universitaires, Et pr\u00e9parez les statistiques n\u00e9cessaires \u00e0 ce sujet.<\/li>\n<li>Pr\u00e9parer des brochures et des bulletins li\u00e9s aux activit\u00e9s et guides universitaires.<\/li>\n<li>Fournir aux autorit\u00e9s comp\u00e9tentes, \u00e0 l&rsquo;universit\u00e9 et autres les diverses donn\u00e9es et statistiques dont ils ont besoin sur les \u00e9tudiants ou les membres du corps professoral, Ou des projets, des appareils, etc.<\/li>\n<\/ol>\n<p>6- Construire et d\u00e9velopper des bases d&rsquo;informations, Et des statistiques et des donn\u00e9es, qui contiennent tout ce qui concerne l&rsquo;universit\u00e9, renfor\u00e7ant l&rsquo;int\u00e9gration entre elles et les reliant automatiquement aux sources d&rsquo;informations en Libye.<\/p>\n<p>&nbsp;<\/li>\n<\/ol>\n<p><\/div><div id=\"tab-3\" class=\"tab-pane fade in clearfix dima-tab_content\" ><\/p>\n<ul>\n<li style=\"list-style-type: none;\">\n<ul>\n<li style=\"list-style-type: none;\">\n<ul>\n<li><b>D\u00e9partement des Affaires administratives.<\/b><\/li>\n<\/ul>\n<p>Organisation du flux de travail, Et suivre les proc\u00e9dures \u00e0 l\u2019int\u00e9rieur et \u00e0 l\u2019ext\u00e9rieur du centre.<\/p>\n<ul>\n<li><strong>D\u00e9partement de l&rsquo;information et des statistiques<\/strong><\/li>\n<\/ul>\n<p>Recueillir des donn\u00e9es et des informations aupr\u00e8s des autorit\u00e9s comp\u00e9tentes au sein de l&rsquo;universit\u00e9 et pr\u00e9parer des statistiques qui fournissent aux b\u00e9n\u00e9ficiaires les informations dont ils ont besoin.<\/p>\n<ul>\n<li><strong>Service de traitement et d\u2019audit<\/strong><\/li>\n<\/ul>\n<p>Examiner et auditer les donn\u00e9es et informations obtenues, et pr\u00e9parer des m\u00e9thodes pour les traiter. Pr\u00e9parer un rapport pour que les autorit\u00e9s comp\u00e9tentes mettent \u00e0 jour les donn\u00e9es en cons\u00e9quence.<\/li>\n<\/ul>\n<\/li>\n<\/ul>\n<p><\/div><\/div><\/div>[\/vc_column][\/vc_row][vc_row full_w_bg=\u00a0\u00bbtrue\u00a0\u00bb bg_type=\u00a0\u00bbbg_image\u00a0\u00bb back_repeat=\u00a0\u00bbrepeat\u00a0\u00bb dima_canvas_style=\u00a0\u00bbdefault\u00a0\u00bb translate_x=\u00a0\u00bb0&Prime; dima_z_index=\u00a0\u00bb0&Prime; delay=\u00a0\u00bb\u00a0\u00bb delay_duration=\u00a0\u00bb\u00a0\u00bb delay_offset=\u00a0\u00bb\u00a0\u00bb top_and_bottom_padding=\u00a0\u00bb\u00a0\u00bb left_and_right_padding=\u00a0\u00bb\u00a0\u00bb id=\u00a0\u00bb\u00a0\u00bb class=\u00a0\u00bb\u00a0\u00bb style=\u00a0\u00bb\u00a0\u00bb bg_color=\u00a0\u00bb#dddddd\u00a0\u00bb di_bg_image=\u00a0\u00bb5895&Prime; css=\u00a0\u00bb.vc_custom_1630494616669{background-color: #dddddd !important;}\u00a0\u00bb border_color=\u00a0\u00bb\u00a0\u00bb][vc_column min_height=\u00a0\u00bb\u00a0\u00bb bg_type=\u00a0\u00bb\u00a0\u00bb dima_canvas_style=\u00a0\u00bb\u00a0\u00bb translate_x=\u00a0\u00bb0&Prime; dima_z_index=\u00a0\u00bb0&Prime; delay=\u00a0\u00bb\u00a0\u00bb delay_duration=\u00a0\u00bb\u00a0\u00bb delay_offset=\u00a0\u00bb\u00a0\u00bb top_and_bottom_padding=\u00a0\u00bb\u00a0\u00bb left_and_right_padding=\u00a0\u00bb\u00a0\u00bb width=\u00a0\u00bb1\/1&Prime;]<div  class=\"dima-clear\" style=\"padding-bottom:15px\"><\/div><h2 style=\"text-align: center;\"><span style=\"color: #ffffff;\">Statistiques annuelles<\/span><\/h2>\n<a   data-direction=\"down\" class=\"dima-button di_blue  dima-btn-pill stroke dima-btn-big float-center\"  href=\"https:\/\/sebhau.edu.ly\/annual-or-quarterly-reports\/\"  target=\"_blank\" rel=\"noopener\"  >Statistiques annuelles du Centre d'Information et de Documentation<\/a><div  class=\"dima-clear\" style=\"padding-bottom:15px\"><\/div>[\/vc_column][\/vc_row][vc_row bg_type=\u00a0\u00bb\u00a0\u00bb dima_canvas_style=\u00a0\u00bb\u00a0\u00bb translate_x=\u00a0\u00bb0&Prime; dima_z_index=\u00a0\u00bb0&Prime; delay=\u00a0\u00bb\u00a0\u00bb delay_duration=\u00a0\u00bb\u00a0\u00bb delay_offset=\u00a0\u00bb\u00a0\u00bb top_and_bottom_padding=\u00a0\u00bb\u00a0\u00bb left_and_right_padding=\u00a0\u00bb\u00a0\u00bb][vc_column min_height=\u00a0\u00bb\u00a0\u00bb bg_type=\u00a0\u00bb\u00a0\u00bb dima_canvas_style=\u00a0\u00bb\u00a0\u00bb translate_x=\u00a0\u00bb0&Prime; dima_z_index=\u00a0\u00bb0&Prime; delay=\u00a0\u00bb\u00a0\u00bb delay_duration=\u00a0\u00bb\u00a0\u00bb delay_offset=\u00a0\u00bb\u00a0\u00bb top_and_bottom_padding=\u00a0\u00bb\u00a0\u00bb left_and_right_padding=\u00a0\u00bb\u00a0\u00bb width=\u00a0\u00bb1\/1&Prime;]<p style=\"text-align: center;\">Pour plus d\u2019informations, veuillez contacter l\u2019administration :<\/p>\n<p style=\"text-align: center;\">Num\u00e9ro de t\u00e9l\u00e9phone: 0712626012<\/p>\n<p style=\"text-align: center;\">Fax: 0712632963<\/p>\n<p style=\"text-align: center;\">Courriel\u00a0: <a href=\"https:\/\/sebhau.edu.ly\/statistics-knowledge-repository-sebha-university\/idc@sebhau.edu.ly\">idc@sebhau.edu.ly<\/a><\/p>\n[\/vc_column][\/vc_row][vc_row bg_type=\u00a0\u00bb\u00a0\u00bb dima_canvas_style=\u00a0\u00bb\u00a0\u00bb translate_x=\u00a0\u00bb0&Prime; dima_z_index=\u00a0\u00bb0&Prime; delay=\u00a0\u00bb\u00a0\u00bb delay_duration=\u00a0\u00bb\u00a0\u00bb delay_offset=\u00a0\u00bb\u00a0\u00bb top_and_bottom_padding=\u00a0\u00bb\u00a0\u00bb left_and_right_padding=\u00a0\u00bb\u00a0\u00bb][vc_column min_height=\u00a0\u00bb\u00a0\u00bb bg_type=\u00a0\u00bb\u00a0\u00bb dima_canvas_style=\u00a0\u00bb\u00a0\u00bb translate_x=\u00a0\u00bb0&Prime; dima_z_index=\u00a0\u00bb0&Prime; delay=\u00a0\u00bb\u00a0\u00bb delay_duration=\u00a0\u00bb\u00a0\u00bb delay_offset=\u00a0\u00bb\u00a0\u00bb top_and_bottom_padding=\u00a0\u00bb\u00a0\u00bb left_and_right_padding=\u00a0\u00bb\u00a0\u00bb width=\u00a0\u00bb1\/1&Prime;]<div  class=\"social-media text-center\" ><div class=\"social-media dima-social-post social-medium\"><ul class=\"inline clearfix\"><li><a href=\"#share\" data-toggle=\"tooltip\" data-trigger=\"hover\" data-placement=\"bottom\"  title=\"Share on Facebook\" onclick=\"window.open('http:\/\/www.facebook.com\/sharer.php?u=https%3A%2F%2Fsebhau.edu.ly%2Ffr%2Finformation-documentation-center%2F&amp;t=Centre+de+formation+et+de+la+documentation', 'popupFacebook', 'width=650, height=270, resizable=0, toolbar=0, menubar=0, status=0, location=0, scrollbars=0'); return false;\"><i class=\"fa-brands fa-facebook-f\"><\/i><\/a><\/li><li><a href=\"#share\" data-toggle=\"tooltip\" data-trigger=\"hover\" data-placement=\"bottom\"  title=\"Share on Twitter\" onclick=\"window.open('https:\/\/twitter.com\/intent\/tweet?text=Centre+de+formation+et+de+la+documentation&amp;url=https%3A%2F%2Fsebhau.edu.ly%2Ffr%2Finformation-documentation-center%2F', 'popupTwitter', 'width=500, height=370, resizable=0, toolbar=0, menubar=0, status=0, location=0, scrollbars=0'); return false;\"><i class=\"fa-brands  fa-twitter\"><\/i><\/a><\/li><li><a href=\"#share\" data-toggle=\"tooltip\" data-trigger=\"hover\" data-placement=\"bottom\"  title=\"Share on LinkedIn\" onclick=\"window.open('http:\/\/www.linkedin.com\/shareArticle?mini=true&amp;url=https%3A%2F%2Fsebhau.edu.ly%2Ffr%2Finformation-documentation-center%2F&amp;title=Centre+de+formation+et+de+la+documentation&amp;summary=%5Bvc_row+bg_type%3D%C2%A0%C2%BB%C2%A0%C2%BB+dima_canvas_style%3D%C2%A0%C2%BB%C2%A0%C2%BB+translate_x%3D%C2%A0%C2%BB0%26Prime%3B+dima_z_index%3D%C2%A0%C2%BB0%26Prime%3B+delay%3D%C2%A0%C2%BB%C2%A0%C2%BB+delay_duration%3D%C2%A0%C2%BB%C2%A0%C2%BB+delay_offset%3D%C2%A0%C2%BB%C2%A0%C2%BB+top_and_bottom_padding%3D%C2%A0%C2%BB%C2%A0%C2%BB+left_and_right_padding%3D%C2%A0%C2%BB%C2%A0%C2%BB%5D%5Bvc_column+min_height%3D%C2%A0%C2%BB%C2%A0%C2%BB+bg_type%3D%C2%A0%C2%BB%C2%A0%C2%BB+dima_canvas_style%3D%C2%A0%C2%BB%C2%A0%C2%BB+translate_x%3D%C2%A0%C2%BB0%26Prime%3B+dima_z_index%3D%C2%A0%C2%BB0%26Prime%3B+delay%3D%C2%A0%C2%BB%C2%A0%C2%BB+delay_duration%3D%C2%A0%C2%BB%C2%A0%C2%BB+delay_offset%3D%C2%A0%C2%BB%C2%A0%C2%BB+top_and_bottom_padding%3D%C2%A0%C2%BB%C2%A0%C2%BB+left_and_right_padding%3D%C2%A0%C2%BB%C2%A0%C2%BB+width%3D%C2%A0%C2%BB1%2F1%26Prime%3B%5D%5Bvc_row_inner+bg_type%3D%C2%A0%C2%BB%C2%A0%C2%BB+dima_canvas_style%3D%C2%A0%C2%BB%C2%A0%C2%BB+translate_x%3D%C2%A0%C2%BB0%26Prime%3B+dima_z_index%3D%C2%A0%C2%BB0%26Prime%3B%5D%5Bvc_column_inner+delay%3D%C2%A0%C2%BB%C2%A0%C2%BB+delay_duration%3D%C2%A0%C2%BB%C2%A0%C2%BB+delay_offset%3D%C2%A0%C2%BB%C2%A0%C2%BB+translate_x%3D%C2%A0%C2%BB0%26Prime%3B+dima_z_index%3D%C2%A0%C2%BB0%26Prime%3B+width%3D%C2%A0%C2%BB2%2F3%26Prime%3B%5D%5B%2Fvc_column_inner%5D%5Bvc_column_inner+delay%3D%C2%A0%C2%BB%C2%A0%C2%BB+delay_duration%3D%C2%A0%C2%BB%C2%A0%C2%BB+delay_offset%3D%C2%A0%C2%BB%C2%A0%C2%BB+translate_x%3D%C2%A0%C2%BB0%26Prime%3B+dima_z_index%3D%C2%A0%C2%BB0%26Prime%3B+width%3D%C2%A0%C2%BB1%2F3%26Prime%3B%5D%5B%2Fvc_column_inner%5D%5B%2Fvc_row_inner%5D%5B%2Fvc_column%5D%5B%2Fvc_row%5D%5Bvc_row+bg_type%3D%C2%A0%C2%BB%C2%A0%C2%BB+dima_canvas_style%3D%C2%A0%C2%BB%C2%A0%C2%BB+translate_x%3D%C2%A0%C2%BB0%26Prime%3B+dima_z_index%3D%C2%A0%C2%BB0%26Prime%3B+delay%3D%C2%A0%C2%BB%C2%A0%C2%BB+delay_duration%3D%C2%A0%C2%BB%C2%A0%C2%BB+delay_offset%3D%C2%A0%C2%BB%C2%A0%C2%BB+top_and_bottom_padding%3D%C2%A0%C2%BB%C2%A0%C2%BB+left_and_right_padding%3D%C2%A0%C2%BB%C2%A0%C2%BB%5D%5Bvc_column+min_height%3D%C2%A0%C2%BB%C2%A0%C2%BB+bg_type%3D%C2%A0%C2%BB%C2%A0%C2%BB+dima_canvas_style%3D%C2%A0%C2%BB%C2%A0%C2%BB+translate_x%3D%C2%A0%C2%BB0%26Prime%3B+dima_z_index%3D%C2%A0%C2%BB0%26Prime%3B+delay%3D%C2%A0%C2%BB%C2%A0%C2%BB+delay_duration%3D%C2%A0%C2%BB%C2%A0%C2%BB+delay_offset%3D%C2%A0%C2%BB%C2%A0%C2%BB+top_and_bottom_padding%3D%C2%A0%C2%BB%C2%A0%C2%BB+%5B%26hellip%3B%5D&amp;source=%D8%AC%D8%A7%D9%85%D8%B9%D8%A9+%D8%B3%D8%A8%D9%87%D8%A7+%7C+Sebha+University', 'popupLinkedIn', 'width=610, height=480, resizable=0, toolbar=0, menubar=0, status=0, location=0, scrollbars=0'); return false;\"><i class=\"fa-brands fa-linkedin\"><\/i><\/a><\/li><li><a href=\"#share\" data-toggle=\"tooltip\" data-trigger=\"hover\" data-placement=\"bottom\"  title=\"Share on Pinterest\" onclick=\"window.open('http:\/\/pinterest.com\/pin\/create\/button\/?url=https%3A%2F%2Fsebhau.edu.ly%2Ffr%2Finformation-documentation-center%2F&amp;media=&amp;description=%5Bvc_row+bg_type%3D%C2%A0%C2%BB%C2%A0%C2%BB+dima_canvas_style%3D%C2%A0%C2%BB%C2%A0%C2%BB+translate_x%3D%C2%A0%C2%BB0%26Prime%3B+dima_z_index%3D%C2%A0%C2%BB0%26Prime%3B+delay%3D%C2%A0%C2%BB%C2%A0%C2%BB+delay_duration%3D%C2%A0%C2%BB%C2%A0%C2%BB+delay_offset%3D%C2%A0%C2%BB%C2%A0%C2%BB+top_and_bottom_padding%3D%C2%A0%C2%BB%C2%A0%C2%BB+left_and_right_padding%3D%C2%A0%C2%BB%C2%A0%C2%BB%5D%5Bvc_column+min_height%3D%C2%A0%C2%BB%C2%A0%C2%BB+bg_type%3D%C2%A0%C2%BB%C2%A0%C2%BB+dima_canvas_style%3D%C2%A0%C2%BB%C2%A0%C2%BB+translate_x%3D%C2%A0%C2%BB0%26Prime%3B+dima_z_index%3D%C2%A0%C2%BB0%26Prime%3B+delay%3D%C2%A0%C2%BB%C2%A0%C2%BB+delay_duration%3D%C2%A0%C2%BB%C2%A0%C2%BB+delay_offset%3D%C2%A0%C2%BB%C2%A0%C2%BB+top_and_bottom_padding%3D%C2%A0%C2%BB%C2%A0%C2%BB+left_and_right_padding%3D%C2%A0%C2%BB%C2%A0%C2%BB+width%3D%C2%A0%C2%BB1%2F1%26Prime%3B%5D%5Bvc_row_inner+bg_type%3D%C2%A0%C2%BB%C2%A0%C2%BB+dima_canvas_style%3D%C2%A0%C2%BB%C2%A0%C2%BB+translate_x%3D%C2%A0%C2%BB0%26Prime%3B+dima_z_index%3D%C2%A0%C2%BB0%26Prime%3B%5D%5Bvc_column_inner+delay%3D%C2%A0%C2%BB%C2%A0%C2%BB+delay_duration%3D%C2%A0%C2%BB%C2%A0%C2%BB+delay_offset%3D%C2%A0%C2%BB%C2%A0%C2%BB+translate_x%3D%C2%A0%C2%BB0%26Prime%3B+dima_z_index%3D%C2%A0%C2%BB0%26Prime%3B+width%3D%C2%A0%C2%BB2%2F3%26Prime%3B%5D%5B%2Fvc_column_inner%5D%5Bvc_column_inner+delay%3D%C2%A0%C2%BB%C2%A0%C2%BB+delay_duration%3D%C2%A0%C2%BB%C2%A0%C2%BB+delay_offset%3D%C2%A0%C2%BB%C2%A0%C2%BB+translate_x%3D%C2%A0%C2%BB0%26Prime%3B+dima_z_index%3D%C2%A0%C2%BB0%26Prime%3B+width%3D%C2%A0%C2%BB1%2F3%26Prime%3B%5D%5B%2Fvc_column_inner%5D%5B%2Fvc_row_inner%5D%5B%2Fvc_column%5D%5B%2Fvc_row%5D%5Bvc_row+bg_type%3D%C2%A0%C2%BB%C2%A0%C2%BB+dima_canvas_style%3D%C2%A0%C2%BB%C2%A0%C2%BB+translate_x%3D%C2%A0%C2%BB0%26Prime%3B+dima_z_index%3D%C2%A0%C2%BB0%26Prime%3B+delay%3D%C2%A0%C2%BB%C2%A0%C2%BB+delay_duration%3D%C2%A0%C2%BB%C2%A0%C2%BB+delay_offset%3D%C2%A0%C2%BB%C2%A0%C2%BB+top_and_bottom_padding%3D%C2%A0%C2%BB%C2%A0%C2%BB+left_and_right_padding%3D%C2%A0%C2%BB%C2%A0%C2%BB%5D%5Bvc_column+min_height%3D%C2%A0%C2%BB%C2%A0%C2%BB+bg_type%3D%C2%A0%C2%BB%C2%A0%C2%BB+dima_canvas_style%3D%C2%A0%C2%BB%C2%A0%C2%BB+translate_x%3D%C2%A0%C2%BB0%26Prime%3B+dima_z_index%3D%C2%A0%C2%BB0%26Prime%3B+delay%3D%C2%A0%C2%BB%C2%A0%C2%BB+delay_duration%3D%C2%A0%C2%BB%C2%A0%C2%BB+delay_offset%3D%C2%A0%C2%BB%C2%A0%C2%BB+top_and_bottom_padding%3D%C2%A0%C2%BB%C2%A0%C2%BB+%5B%26hellip%3B%5D', 'popupPinterest', 'width=750, height=265, resizable=0, toolbar=0, menubar=0, status=0, location=0, scrollbars=0'); return false;\"><i class=\"fa-brands fa-pinterest\"><\/i><\/a><\/li><li><a href=\"#share\" data-toggle=\"tooltip\" data-trigger=\"hover\" data-placement=\"bottom\"  title=\"Share on Reddit\" onclick=\"window.open('http:\/\/www.reddit.com\/submit?url=https%3A%2F%2Fsebhau.edu.ly%2Ffr%2Finformation-documentation-center%2F', 'popupReddit', 'width=875, height=450, resizable=0, toolbar=0, menubar=0, status=0, location=0, scrollbars=0'); return false;\"><i class=\"fa-brands fa-reddit\"><\/i><\/a><\/li><\/ul><\/div><\/div>[\/vc_column][\/vc_row]<\/p>\n<\/section>","protected":false},"excerpt":{"rendered":"<p>[vc_row bg_type=\u00a0\u00bb\u00a0\u00bb dima_canvas_style=\u00a0\u00bb\u00a0\u00bb translate_x=\u00a0\u00bb0&Prime; dima_z_index=\u00a0\u00bb0&Prime; delay=\u00a0\u00bb\u00a0\u00bb delay_duration=\u00a0\u00bb\u00a0\u00bb delay_offset=\u00a0\u00bb\u00a0\u00bb top_and_bottom_padding=\u00a0\u00bb\u00a0\u00bb left_and_right_padding=\u00a0\u00bb\u00a0\u00bb][vc_column min_height=\u00a0\u00bb\u00a0\u00bb bg_type=\u00a0\u00bb\u00a0\u00bb dima_canvas_style=\u00a0\u00bb\u00a0\u00bb translate_x=\u00a0\u00bb0&Prime; dima_z_index=\u00a0\u00bb0&Prime; delay=\u00a0\u00bb\u00a0\u00bb delay_duration=\u00a0\u00bb\u00a0\u00bb delay_offset=\u00a0\u00bb\u00a0\u00bb top_and_bottom_padding=\u00a0\u00bb\u00a0\u00bb left_and_right_padding=\u00a0\u00bb\u00a0\u00bb width=\u00a0\u00bb1\/1&Prime;][vc_row_inner bg_type=\u00a0\u00bb\u00a0\u00bb dima_canvas_style=\u00a0\u00bb\u00a0\u00bb translate_x=\u00a0\u00bb0&Prime; dima_z_index=\u00a0\u00bb0&Prime;][vc_column_inner delay=\u00a0\u00bb\u00a0\u00bb delay_duration=\u00a0\u00bb\u00a0\u00bb delay_offset=\u00a0\u00bb\u00a0\u00bb translate_x=\u00a0\u00bb0&Prime; dima_z_index=\u00a0\u00bb0&Prime; width=\u00a0\u00bb2\/3&Prime;][\/vc_column_inner][vc_column_inner delay=\u00a0\u00bb\u00a0\u00bb delay_duration=\u00a0\u00bb\u00a0\u00bb delay_offset=\u00a0\u00bb\u00a0\u00bb translate_x=\u00a0\u00bb0&Prime; dima_z_index=\u00a0\u00bb0&Prime; width=\u00a0\u00bb1\/3&Prime;][\/vc_column_inner][\/vc_row_inner][\/vc_column][\/vc_row][vc_row bg_type=\u00a0\u00bb\u00a0\u00bb dima_canvas_style=\u00a0\u00bb\u00a0\u00bb translate_x=\u00a0\u00bb0&Prime; dima_z_index=\u00a0\u00bb0&Prime; delay=\u00a0\u00bb\u00a0\u00bb delay_duration=\u00a0\u00bb\u00a0\u00bb delay_offset=\u00a0\u00bb\u00a0\u00bb top_and_bottom_padding=\u00a0\u00bb\u00a0\u00bb left_and_right_padding=\u00a0\u00bb\u00a0\u00bb][vc_column min_height=\u00a0\u00bb\u00a0\u00bb bg_type=\u00a0\u00bb\u00a0\u00bb dima_canvas_style=\u00a0\u00bb\u00a0\u00bb translate_x=\u00a0\u00bb0&Prime; dima_z_index=\u00a0\u00bb0&Prime; delay=\u00a0\u00bb\u00a0\u00bb delay_duration=\u00a0\u00bb\u00a0\u00bb delay_offset=\u00a0\u00bb\u00a0\u00bb top_and_bottom_padding=\u00a0\u00bb\u00a0\u00bb [&hellip;]<\/p>\n","protected":false},"author":1,"featured_media":0,"parent":0,"menu_order":0,"comment_status":"closed","ping_status":"closed","template":"","meta":{"_uf_show_specific_survey":0,"_uf_disable_surveys":false,"footnotes":""},"class_list":["post-27394","page","type-page","status-publish","hentry"],"aioseo_notices":[],"amp_enabled":true,"_links":{"self":[{"href":"https:\/\/sebhau.edu.ly\/fr\/wp-json\/wp\/v2\/pages\/27394","targetHints":{"allow":["GET"]}}],"collection":[{"href":"https:\/\/sebhau.edu.ly\/fr\/wp-json\/wp\/v2\/pages"}],"about":[{"href":"https:\/\/sebhau.edu.ly\/fr\/wp-json\/wp\/v2\/types\/page"}],"author":[{"embeddable":true,"href":"https:\/\/sebhau.edu.ly\/fr\/wp-json\/wp\/v2\/users\/1"}],"replies":[{"embeddable":true,"href":"https:\/\/sebhau.edu.ly\/fr\/wp-json\/wp\/v2\/comments?post=27394"}],"version-history":[{"count":0,"href":"https:\/\/sebhau.edu.ly\/fr\/wp-json\/wp\/v2\/pages\/27394\/revisions"}],"wp:attachment":[{"href":"https:\/\/sebhau.edu.ly\/fr\/wp-json\/wp\/v2\/media?parent=27394"}],"curies":[{"name":"wp","href":"https:\/\/api.w.org\/{rel}","templated":true}]}}