{"id":27398,"date":"2021-09-05T02:08:40","date_gmt":"2021-09-04T23:08:40","guid":{"rendered":"https:\/\/sebhau.edu.ly\/bureau-de-developpement-des-ressources-humaines\/"},"modified":"2024-05-16T12:27:36","modified_gmt":"2024-05-16T09:27:36","slug":"human-resources-development-office","status":"publish","type":"page","link":"https:\/\/sebhau.edu.ly\/fr\/human-resources-development-office\/","title":{"rendered":"Bureau du d\u00e9veloppement des ressources humaines"},"content":{"rendered":"<section class=\"wpb-content-wrapper\"><p>[vc_row bg_type=\u00a0\u00bb\u00a0\u00bb dima_canvas_style=\u00a0\u00bb\u00a0\u00bb translate_x=\u00a0\u00bb0&Prime; dima_z_index=\u00a0\u00bb0&Prime; delay=\u00a0\u00bb\u00a0\u00bb delay_duration=\u00a0\u00bb\u00a0\u00bb delay_offset=\u00a0\u00bb\u00a0\u00bb][vc_column min_height=\u00a0\u00bb\u00a0\u00bb bg_type=\u00a0\u00bb\u00a0\u00bb dima_canvas_style=\u00a0\u00bb\u00a0\u00bb translate_x=\u00a0\u00bb0&Prime; dima_z_index=\u00a0\u00bb0&Prime; delay=\u00a0\u00bb\u00a0\u00bb delay_duration=\u00a0\u00bb\u00a0\u00bb delay_offset=\u00a0\u00bb\u00a0\u00bb width=\u00a0\u00bb1\/1&Prime;]<h2  class=\"dima-custom-heading\" >Le Bureau du D\u00e9veloppement des Ressources Humaines \u00e0 l&rsquo;Universit\u00e9 de Sebha :<\/h2><p>Le Bureau du D\u00e9veloppement des Ressources Humaines \u00e0 l&rsquo;Universit\u00e9 de Sebha occupe une place centrale dans l&rsquo;administration en raison de son focus sur l&rsquo;\u00e9l\u00e9ment humain, qui est consid\u00e9r\u00e9 comme la ressource la plus pr\u00e9cieuse de l&rsquo;universit\u00e9. Dans cette perspective, la gestion des ressources humaines travaille \u00e0 attirer des individus comp\u00e9tents et hautement efficaces, et s&rsquo;efforce constamment de d\u00e9velopper ces ressources \u00e0 travers des politiques, des proc\u00e9dures claires et un environnement de travail exceptionnel, refl\u00e9tant les meilleures pratiques et les technologies modernes en mati\u00e8re de ressources humaines.<\/p>\n<h4><strong>Vision :<\/strong><\/h4>\n<p>Faire en sorte que l&rsquo;Universit\u00e9 de Sebha se distingue par son excellence dans l&rsquo;attraction des ressources humaines les plus comp\u00e9tentes disponibles.<\/p>\n<h4><strong>Mission :<\/strong><\/h4>\n<p>Attirer des individus comp\u00e9tents et hautement efficaces, et travailler continuellement \u00e0 d\u00e9velopper ces ressources \u00e0 travers des politiques, des proc\u00e9dures claires et un environnement de travail exceptionnel, refl\u00e9tant les meilleures pratiques et les technologies modernes en mati\u00e8re de ressources humaines.<\/p>\n<h4><strong>Objectifs :<\/strong><\/h4>\n<p>Mettre en place un syst\u00e8me de mesure et d&rsquo;\u00e9valuation des performances des employ\u00e9s, garantissant ainsi que chaque individu re\u00e7oive ses droits en mati\u00e8re de promotion, r\u00e9compenses, primes exceptionnelles, et incitatifs mat\u00e9riels et moraux, conform\u00e9ment aux r\u00e8glements et politiques de l&rsquo;universit\u00e9.<\/p>\n<h4><strong>D\u00e9partements administratifs<\/strong><\/h4>\n<p>La gestion des ressources humaines est divis\u00e9e en trois d\u00e9partements\u00a0:<\/p>\n<ol>\n<li>D\u00e9partement du Corps Professoral<\/li>\n<li>Employ\u00e9s<\/li>\n<li>Formation et D\u00e9veloppement<\/li>\n<\/ol>\n[\/vc_column][\/vc_row][vc_row bg_type=\u00a0\u00bb\u00a0\u00bb dima_canvas_style=\u00a0\u00bb\u00a0\u00bb translate_x=\u00a0\u00bb0&Prime; dima_z_index=\u00a0\u00bb0&Prime; delay=\u00a0\u00bb\u00a0\u00bb delay_duration=\u00a0\u00bb\u00a0\u00bb delay_offset=\u00a0\u00bb\u00a0\u00bb][vc_column min_height=\u00a0\u00bb\u00a0\u00bb bg_type=\u00a0\u00bb\u00a0\u00bb dima_canvas_style=\u00a0\u00bb\u00a0\u00bb translate_x=\u00a0\u00bb0&Prime; dima_z_index=\u00a0\u00bb0&Prime; delay=\u00a0\u00bb\u00a0\u00bb delay_duration=\u00a0\u00bb\u00a0\u00bb delay_offset=\u00a0\u00bb\u00a0\u00bb width=\u00a0\u00bb2\/3&Prime;]<p><strong>La gestion des ressources humaines est divis\u00e9e en trois d\u00e9partements suivants\u00a0:<\/strong><\/p>\n<ul  class=\"list-style check\" ><li   >Analyse et description des postes disponibles \u00e0 l&rsquo;Universit\u00e9 de Sebha.<\/li><li   >Gestion, conservation et mise \u00e0 jour des dossiers des employ\u00e9s.<\/li><li   >Recommandation de la formation des employ\u00e9s en les proposant pour des cours <a href=\"http:\/\/sebhau.edu.ly\/tr\/index.php\">de formation via le centre<\/a> de formation de l&rsquo;universit\u00e9.<\/li><li   >Int\u00e9gration, orientation et conseil des nouveaux employ\u00e9s.<\/li><li   >Pr\u00e9paration d&rsquo;un rapport sur les besoins en ressources humaines.<\/li><li   >Pr\u00e9paration d&rsquo;un rapport p\u00e9riodique sur la performance des employ\u00e9s de l&rsquo;universit\u00e9.<\/li><li   >Pr\u00e9paration d&rsquo;un rapport sur les besoins en formation.<\/li><\/ul>[\/vc_column][vc_column min_height=\u00a0\u00bb\u00a0\u00bb bg_type=\u00a0\u00bb\u00a0\u00bb dima_canvas_style=\u00a0\u00bb\u00a0\u00bb translate_x=\u00a0\u00bb0&Prime; dima_z_index=\u00a0\u00bb0&Prime; delay=\u00a0\u00bb\u00a0\u00bb delay_duration=\u00a0\u00bb\u00a0\u00bb delay_offset=\u00a0\u00bb\u00a0\u00bb width=\u00a0\u00bb1\/3&Prime;][vc_hoverbox image=\u00a0\u00bb13933&Prime; primary_title=\u00a0\u00bb\u00a0\u00bb hover_title=\u00a0\u00bbBureau des ressources humaines \u00e0 l&rsquo;Universit\u00e9 Sebha\u00a0\u00bb][\/vc_hoverbox][\/vc_column][\/vc_row]<\/p>\n<\/section>","protected":false},"excerpt":{"rendered":"<p>[vc_row bg_type=\u00a0\u00bb\u00a0\u00bb dima_canvas_style=\u00a0\u00bb\u00a0\u00bb translate_x=\u00a0\u00bb0&Prime; dima_z_index=\u00a0\u00bb0&Prime; delay=\u00a0\u00bb\u00a0\u00bb delay_duration=\u00a0\u00bb\u00a0\u00bb delay_offset=\u00a0\u00bb\u00a0\u00bb][vc_column min_height=\u00a0\u00bb\u00a0\u00bb bg_type=\u00a0\u00bb\u00a0\u00bb dima_canvas_style=\u00a0\u00bb\u00a0\u00bb translate_x=\u00a0\u00bb0&Prime; dima_z_index=\u00a0\u00bb0&Prime; delay=\u00a0\u00bb\u00a0\u00bb delay_duration=\u00a0\u00bb\u00a0\u00bb delay_offset=\u00a0\u00bb\u00a0\u00bb width=\u00a0\u00bb1\/1&Prime;][\/vc_column][\/vc_row][vc_row bg_type=\u00a0\u00bb\u00a0\u00bb dima_canvas_style=\u00a0\u00bb\u00a0\u00bb translate_x=\u00a0\u00bb0&Prime; dima_z_index=\u00a0\u00bb0&Prime; delay=\u00a0\u00bb\u00a0\u00bb delay_duration=\u00a0\u00bb\u00a0\u00bb delay_offset=\u00a0\u00bb\u00a0\u00bb][vc_column min_height=\u00a0\u00bb\u00a0\u00bb bg_type=\u00a0\u00bb\u00a0\u00bb dima_canvas_style=\u00a0\u00bb\u00a0\u00bb translate_x=\u00a0\u00bb0&Prime; dima_z_index=\u00a0\u00bb0&Prime; delay=\u00a0\u00bb\u00a0\u00bb delay_duration=\u00a0\u00bb\u00a0\u00bb delay_offset=\u00a0\u00bb\u00a0\u00bb width=\u00a0\u00bb2\/3&Prime;][\/vc_column][vc_column min_height=\u00a0\u00bb\u00a0\u00bb bg_type=\u00a0\u00bb\u00a0\u00bb dima_canvas_style=\u00a0\u00bb\u00a0\u00bb translate_x=\u00a0\u00bb0&Prime; dima_z_index=\u00a0\u00bb0&Prime; delay=\u00a0\u00bb\u00a0\u00bb delay_duration=\u00a0\u00bb\u00a0\u00bb delay_offset=\u00a0\u00bb\u00a0\u00bb width=\u00a0\u00bb1\/3&Prime;][vc_hoverbox image=\u00a0\u00bb13933&Prime; primary_title=\u00a0\u00bb\u00a0\u00bb hover_title=\u00a0\u00bbBureau des ressources humaines \u00e0 l&rsquo;Universit\u00e9 Sebha\u00a0\u00bb][\/vc_hoverbox][\/vc_column][\/vc_row]<\/p>\n","protected":false},"author":1,"featured_media":0,"parent":0,"menu_order":0,"comment_status":"closed","ping_status":"closed","template":"","meta":{"_uf_show_specific_survey":0,"_uf_disable_surveys":false,"footnotes":""},"class_list":["post-27398","page","type-page","status-publish","hentry"],"aioseo_notices":[],"amp_enabled":true,"_links":{"self":[{"href":"https:\/\/sebhau.edu.ly\/fr\/wp-json\/wp\/v2\/pages\/27398","targetHints":{"allow":["GET"]}}],"collection":[{"href":"https:\/\/sebhau.edu.ly\/fr\/wp-json\/wp\/v2\/pages"}],"about":[{"href":"https:\/\/sebhau.edu.ly\/fr\/wp-json\/wp\/v2\/types\/page"}],"author":[{"embeddable":true,"href":"https:\/\/sebhau.edu.ly\/fr\/wp-json\/wp\/v2\/users\/1"}],"replies":[{"embeddable":true,"href":"https:\/\/sebhau.edu.ly\/fr\/wp-json\/wp\/v2\/comments?post=27398"}],"version-history":[{"count":0,"href":"https:\/\/sebhau.edu.ly\/fr\/wp-json\/wp\/v2\/pages\/27398\/revisions"}],"wp:attachment":[{"href":"https:\/\/sebhau.edu.ly\/fr\/wp-json\/wp\/v2\/media?parent=27398"}],"curies":[{"name":"wp","href":"https:\/\/api.w.org\/{rel}","templated":true}]}}