{"id":27636,"date":"2021-08-30T10:59:27","date_gmt":"2021-08-30T07:59:27","guid":{"rendered":"https:\/\/sebhau.edu.ly\/prix-dexcellence-scientifique\/"},"modified":"2023-12-02T10:15:46","modified_gmt":"2023-12-02T07:15:46","slug":"scientific-excellence-award","status":"publish","type":"page","link":"https:\/\/sebhau.edu.ly\/fr\/scientific-excellence-award\/","title":{"rendered":"Le Prix d&rsquo;Excellence Scientifique de l&rsquo;Universit\u00e9 de Sebha"},"content":{"rendered":"<section class=\"wpb-content-wrapper\"><p>[vc_row no_padding=\u00a0\u00bbtrue\u00a0\u00bb bg_type=\u00a0\u00bb\u00a0\u00bb dima_canvas_style=\u00a0\u00bb\u00a0\u00bb translate_x=\u00a0\u00bb0&Prime; dima_z_index=\u00a0\u00bb0&Prime; delay=\u00a0\u00bb\u00a0\u00bb delay_duration=\u00a0\u00bb\u00a0\u00bb delay_offset=\u00a0\u00bb\u00a0\u00bb top_and_bottom_padding=\u00a0\u00bb\u00a0\u00bb left_and_right_padding=\u00a0\u00bb\u00a0\u00bb id=\u00a0\u00bb\u00a0\u00bb class=\u00a0\u00bb\u00a0\u00bb border_color=\u00a0\u00bb\u00a0\u00bb][vc_column min_height=\u00a0\u00bb\u00a0\u00bb bg_type=\u00a0\u00bb\u00a0\u00bb dima_canvas_style=\u00a0\u00bb\u00a0\u00bb translate_x=\u00a0\u00bb0&Prime; dima_z_index=\u00a0\u00bb0&Prime; delay=\u00a0\u00bb\u00a0\u00bb delay_duration=\u00a0\u00bb\u00a0\u00bb delay_offset=\u00a0\u00bb\u00a0\u00bb top_and_bottom_padding=\u00a0\u00bb\u00a0\u00bb left_and_right_padding=\u00a0\u00bb\u00a0\u00bb width=\u00a0\u00bb1\/1&Prime;]<h2  class=\"dima-custom-heading\" ><\/p>\n<p style=\"text-align: center;\"><strong>Prix \u200b\u200bd&rsquo;excellence scientifique de l&rsquo;Universit\u00e9 Sebha<\/strong><\/p>\n<h2 style=\"text-align: center;\"><strong>Prix \u200b\u200bd&rsquo;excellence scientifique de l&rsquo;Universit\u00e9 Sebha<\/strong><\/h2>\n<p><\/h2><p style=\"text-align: right;\"><strong>Le Prix d&rsquo;excellence scientifique de l&rsquo;Universit\u00e9 Sebha<\/strong> a \u00e9t\u00e9 approuv\u00e9 par la r\u00e9solution n\u00b0 14 de 2018 publi\u00e9e par le Conseil de l&rsquo;Universit\u00e9 Sebha le 27\/09\/2018.<\/p>\n[\/vc_column][\/vc_row][vc_row no_padding=\u00a0\u00bbtrue\u00a0\u00bb equal_height=\u00a0\u00bbtrue\u00a0\u00bb content_position=\u00a0\u00bbcenter\u00a0\u00bb bg_type=\u00a0\u00bb\u00a0\u00bb dima_canvas_style=\u00a0\u00bb\u00a0\u00bb translate_x=\u00a0\u00bb0&Prime; dima_z_index=\u00a0\u00bb0&Prime; delay=\u00a0\u00bb\u00a0\u00bb delay_duration=\u00a0\u00bb\u00a0\u00bb delay_offset=\u00a0\u00bb\u00a0\u00bb full_width=\u00a0\u00bbfull_width\u00a0\u00bb top_and_bottom_padding=\u00a0\u00bb\u00a0\u00bb left_and_right_padding=\u00a0\u00bb\u00a0\u00bb id=\u00a0\u00bb\u00a0\u00bb class=\u00a0\u00bb\u00a0\u00bb style=\u00a0\u00bb\u00a0\u00bb border_color=\u00a0\u00bb\u00a0\u00bb][vc_column min_height=\u00a0\u00bb\u00a0\u00bb bg_type=\u00a0\u00bb\u00a0\u00bb dima_canvas_style=\u00a0\u00bb\u00a0\u00bb translate_x=\u00a0\u00bb0&Prime; dima_z_index=\u00a0\u00bb0&Prime; delay=\u00a0\u00bb\u00a0\u00bb delay_duration=\u00a0\u00bb\u00a0\u00bb delay_offset=\u00a0\u00bb\u00a0\u00bb top_and_bottom_padding=\u00a0\u00bb0&Prime; left_and_right_padding=\u00a0\u00bb\u00a0\u00bb width=\u00a0\u00bb5\/6&Prime; id=\u00a0\u00bb\u00a0\u00bb class=\u00a0\u00bb\u00a0\u00bb style=\u00a0\u00bb\u00a0\u00bb]<h2 style=\"text-align: center;\">\u00c0 propos du prix<\/h2>\n<p>La cr\u00e9ation du Prix d&rsquo;Excellence de l&rsquo;Universit\u00e9 de Sebha d\u00e9coule de l&rsquo;engagement et du soutien de l&rsquo;universit\u00e9 envers la recherche scientifique, la r\u00e9daction et la traduction, consid\u00e9r\u00e9es comme des objectifs cl\u00e9s pour atteindre sa mission. Convaincu que le classement des universit\u00e9s est mesur\u00e9 par leur attention et leur soutien \u00e0 leurs chercheurs, cr\u00e9ateurs et personnes exceptionnelles, le Conseil de l&rsquo;Universit\u00e9 a approuv\u00e9 lors de sa premi\u00e8re r\u00e9union r\u00e9guli\u00e8re de l&rsquo;ann\u00e9e 2017, tenue le 3 juillet 2017, la cr\u00e9ation d&rsquo;un prix sous le nom de \u00ab\u00a0Prix d&rsquo;Excellence de l&rsquo;Universit\u00e9 de Sebha\u00a0\u00bb. Il a \u00e9mis la r\u00e9solution num\u00e9ro 9 de l&rsquo;ann\u00e9e 2017 pour former un comit\u00e9 charg\u00e9 de pr\u00e9parer son r\u00e8glement ex\u00e9cutif. L&rsquo;objectif est de d\u00e9velopper les ressources humaines de l&rsquo;universit\u00e9, renforcer leurs capacit\u00e9s pour garantir l&rsquo;am\u00e9lioration des r\u00e9sultats de la recherche scientifique et contribuer \u00e0 la construction d&rsquo;une soci\u00e9t\u00e9 de la connaissance au service des priorit\u00e9s du d\u00e9veloppement durable en Libye. Cela vise \u00e9galement \u00e0 fournir un environnement de recherche stimulant pour les chercheurs, favorisant ainsi le processus de recherche pour atteindre les objectifs souhait\u00e9s.<\/p>\n[vc_row_inner bg_type=\u00a0\u00bb\u00a0\u00bb dima_canvas_style=\u00a0\u00bb\u00a0\u00bb translate_x=\u00a0\u00bb0&Prime; dima_z_index=\u00a0\u00bb0&Prime;][vc_column_inner float=\u00a0\u00bbend\u00a0\u00bb delay=\u00a0\u00bb\u00a0\u00bb delay_duration=\u00a0\u00bb\u00a0\u00bb delay_offset=\u00a0\u00bb\u00a0\u00bb translate_x=\u00a0\u00bb0&Prime; dima_z_index=\u00a0\u00bb0&Prime; width=\u00a0\u00bb1\/3&Prime; id=\u00a0\u00bb\u00a0\u00bb class=\u00a0\u00bb\u00a0\u00bb style=\u00a0\u00bb\u00a0\u00bb border_color=\u00a0\u00bb\u00a0\u00bb]<a   data-direction=\"down\" class=\"dima-button  dima-btn-pill fill dima-btn-small\"  href=\"https:\/\/sebhau.edu.ly\/suase2019\/\"  target=\"_blank\" rel=\"noopener\"  >la premi\u00e8re session<\/a>[\/vc_column_inner][vc_column_inner delay=\u00a0\u00bb\u00a0\u00bb delay_duration=\u00a0\u00bb\u00a0\u00bb delay_offset=\u00a0\u00bb\u00a0\u00bb translate_x=\u00a0\u00bb0&Prime; dima_z_index=\u00a0\u00bb0&Prime; width=\u00a0\u00bb1\/3&Prime; id=\u00a0\u00bb\u00a0\u00bb class=\u00a0\u00bb\u00a0\u00bb style=\u00a0\u00bb\u00a0\u00bb border_color=\u00a0\u00bb\u00a0\u00bb]<a   data-direction=\"down\" class=\"dima-button  dima-btn-pill fill dima-btn-small\"  href=\"https:\/\/sebhau.edu.ly\/suase2021\"  target=\"_blank\" rel=\"noopener\"  >Deuxi\u00e8me p\u00e9riode<\/a>[\/vc_column_inner][vc_column_inner delay=\u00a0\u00bb\u00a0\u00bb delay_duration=\u00a0\u00bb\u00a0\u00bb delay_offset=\u00a0\u00bb\u00a0\u00bb translate_x=\u00a0\u00bb0&Prime; dima_z_index=\u00a0\u00bb0&Prime; width=\u00a0\u00bb1\/3&Prime;]<a   data-direction=\"down\" class=\"dima-button  dima-btn-pill fill dima-btn-small\"  href=\"https:\/\/sebhau.edu.ly\/suase2023\/\"  target=\"_blank\" rel=\"noopener\"  >Troisi\u00e8me s\u00e9ance<\/a>[\/vc_column_inner][\/vc_row_inner][\/vc_column][vc_column min_height=\u00a0\u00bb\u00a0\u00bb bg_type=\u00a0\u00bb\u00a0\u00bb dima_canvas_style=\u00a0\u00bb\u00a0\u00bb translate_x=\u00a0\u00bb0&Prime; dima_z_index=\u00a0\u00bb0&Prime; delay=\u00a0\u00bb\u00a0\u00bb delay_duration=\u00a0\u00bb\u00a0\u00bb delay_offset=\u00a0\u00bb\u00a0\u00bb top_and_bottom_padding=\u00a0\u00bb\u00a0\u00bb left_and_right_padding=\u00a0\u00bb\u00a0\u00bb width=\u00a0\u00bb1\/6&Prime;]<div class=\"column-item overflow-hidden text-center rounded\"><a data-lightbox=image  class=\"overlay dima-img  rounded\"  href=\"https:\/\/sebhau.edu.ly\/wp-content\/uploads\/2021\/08\/award.jpg\"   ><img loading=\"lazy\" decoding=\"async\" src=\"https:\/\/sebhau.edu.ly\/wp-content\/uploads\/2021\/08\/award.jpg\" alt=\"\" width=\"250\" height=\"450\"><\/a><\/div>[\/vc_column][\/vc_row][vc_row bg_type=\u00a0\u00bb\u00a0\u00bb dima_canvas_style=\u00a0\u00bb\u00a0\u00bb translate_x=\u00a0\u00bb0&Prime; dima_z_index=\u00a0\u00bb0&Prime; delay=\u00a0\u00bb\u00a0\u00bb delay_duration=\u00a0\u00bb\u00a0\u00bb delay_offset=\u00a0\u00bb\u00a0\u00bb top_and_bottom_padding=\u00a0\u00bb\u00a0\u00bb left_and_right_padding=\u00a0\u00bb\u00a0\u00bb id=\u00a0\u00bb\u00a0\u00bb class=\u00a0\u00bb\u00a0\u00bb border_color=\u00a0\u00bb\u00a0\u00bb][vc_column min_height=\u00a0\u00bb\u00a0\u00bb bg_type=\u00a0\u00bb\u00a0\u00bb dima_canvas_style=\u00a0\u00bb\u00a0\u00bb translate_x=\u00a0\u00bb0&Prime; dima_z_index=\u00a0\u00bb0&Prime; delay=\u00a0\u00bb\u00a0\u00bb delay_duration=\u00a0\u00bb\u00a0\u00bb delay_offset=\u00a0\u00bb\u00a0\u00bb top_and_bottom_padding=\u00a0\u00bb\u00a0\u00bb left_and_right_padding=\u00a0\u00bb\u00a0\u00bb width=\u00a0\u00bb1\/2&Prime;]<h2 style=\"text-align: center;\">Objectifs de la r\u00e9compense<\/h2>\n<ul  class=\"list-style check\" ><li   >Diffuser la culture de la recherche scientifique aupr\u00e8s de toutes les composantes de l\u2019universit\u00e9 et de l\u2019environnement.<\/li><li   >Encourager et faire progresser la recherche scientifique.<\/li><li   >Soutenir les efforts des chercheurs et des innovateurs dans les domaines prim\u00e9s.<\/li><li   >Renforcer le r\u00f4le de la recherche scientifique au service de la soci\u00e9t\u00e9, trouver des solutions \u00e0 ses probl\u00e8mes et r\u00e9pondre \u00e0 ses besoins.<\/li><li   >Pr\u00eater attention aux chercheurs talentueux et cr\u00e9atifs et les encourager \u00e0 donner.<\/li><li   >Motiver les membres du corps professoral et les \u00e9tudiants universitaires \u00e0 d\u00e9velopper leurs comp\u00e9tences scientifiques et pratiques en menant des recherches scientifiques et en publiant leurs r\u00e9sultats.<\/li><li   >D\u00e9velopper les m\u00e9thodes d\u2019enseignement \u00e0 l\u2019universit\u00e9 en mettant l\u2019accent sur l\u2019aspect recherche.<\/li><li   >Soutenir les travaux de recherche scientifique, de r\u00e9daction et de traduction.<\/li><li   >Offrir un environnement de recherche stimulant aux professeurs et aux \u00e9tudiants.<\/li><li   >\n<div class=\"ok-xsd-12 page-section-612e4ca2ccd08 ok-md-6\">\n<div class=\"page-section \">\n<div class=\"dimacoltable page-section\">\n<div class=\"dimacell\">\n<p>Servir les objectifs du plan strat\u00e9gique de l\u2019universit\u00e9.<\/p>\n<\/div>\n<\/div>\n<\/div>\n<\/div>\n<\/li><\/ul>[\/vc_column][vc_column min_height=\u00a0\u00bb\u00a0\u00bb bg_type=\u00a0\u00bb\u00a0\u00bb dima_canvas_style=\u00a0\u00bb\u00a0\u00bb translate_x=\u00a0\u00bb0&Prime; dima_z_index=\u00a0\u00bb0&Prime; delay=\u00a0\u00bb\u00a0\u00bb delay_duration=\u00a0\u00bb\u00a0\u00bb delay_offset=\u00a0\u00bb\u00a0\u00bb top_and_bottom_padding=\u00a0\u00bb\u00a0\u00bb left_and_right_padding=\u00a0\u00bb\u00a0\u00bb width=\u00a0\u00bb1\/2&Prime;]<h2 style=\"text-align: center;\">Cat\u00e9gories de la r\u00e9compense et ses domaines<\/h2>\n<p>Les cat\u00e9gories de la r\u00e9compense sont les suivantes, avec des domaines sp\u00e9cifiques, mais non limit\u00e9s \u00e0 ceux-ci<\/p>\n<div id=\"gtx-trans\" style=\"position: absolute; left: 1099px; top: 30.4px;\">\n<div class=\"gtx-trans-icon\"><\/div>\n<\/div>\n<ul  class=\"list-style check\" ><li   >Meilleure recherche pour un membre du corps professoral.<\/li><li   >Meilleur livre, auteur ou traducteur.<\/li><li   >Meilleure th\u00e8se de ma\u00eetrise.<\/li><li   >Meilleure recherche d&rsquo;un \u00e9tudiant.<\/li><\/ul><h2 style=\"text-align: center;\">Processus de comp\u00e9tition\u00a0:<\/h2>\n<p>Toutes les candidatures soumises pour la r\u00e9compense seront examin\u00e9es par des comit\u00e9s de juges sp\u00e9cialis\u00e9s, d\u00e9sign\u00e9s par le Conseil de l&rsquo;universit\u00e9. Ces comit\u00e9s auront pour mission de s\u00e9lectionner les travaux gagnants, et leurs d\u00e9cisions seront finales et non susceptibles de recours. En cas d&rsquo;une diff\u00e9rence de moins de 2% entre les candidats pour la r\u00e9compense, celle-ci peut \u00eatre partag\u00e9e.<\/p>\n[\/vc_column][\/vc_row][vc_row bg_type=\u00a0\u00bb\u00a0\u00bb dima_canvas_style=\u00a0\u00bb\u00a0\u00bb translate_x=\u00a0\u00bb0&Prime; dima_z_index=\u00a0\u00bb0&Prime; delay=\u00a0\u00bb\u00a0\u00bb delay_duration=\u00a0\u00bb\u00a0\u00bb delay_offset=\u00a0\u00bb\u00a0\u00bb top_and_bottom_padding=\u00a0\u00bb\u00a0\u00bb left_and_right_padding=\u00a0\u00bb\u00a0\u00bb][vc_column min_height=\u00a0\u00bb\u00a0\u00bb bg_type=\u00a0\u00bb\u00a0\u00bb dima_canvas_style=\u00a0\u00bb\u00a0\u00bb translate_x=\u00a0\u00bb0&Prime; dima_z_index=\u00a0\u00bb0&Prime; delay=\u00a0\u00bb\u00a0\u00bb delay_duration=\u00a0\u00bb\u00a0\u00bb delay_offset=\u00a0\u00bb\u00a0\u00bb top_and_bottom_padding=\u00a0\u00bb\u00a0\u00bb left_and_right_padding=\u00a0\u00bb\u00a0\u00bb width=\u00a0\u00bb1\/1&Prime;]<h2 style=\"text-align: center;\">Droit \u00e0 la comp\u00e9tition<\/h2>\n<p>Tous les membres affili\u00e9s \u00e0 l&rsquo;Universit\u00e9 de Sebha ont le droit de participer \u00e0 la comp\u00e9tition pour les prix, sous r\u00e9serve de l&rsquo;annonce de l&rsquo;ouverture des candidatures par les comit\u00e9s supervisant le processus, conform\u00e9ment aux conditions et crit\u00e8res sp\u00e9cifi\u00e9s pour chaque domaine de la r\u00e9compense. Il n&rsquo;est pas autoris\u00e9 de postuler \u00e0 plus d&rsquo;un prix de l&rsquo;universit\u00e9 au cours de la m\u00eame ann\u00e9e.<\/p>\n<a   data-direction=\"down\" class=\"dima-button di_green  dima-btn-pill stroke dima-btn-big float-center\"  href=\"https:\/\/sebhau.edu.ly\/elec\/theme\/upload\/clues\/%D8%AC%D8%A7%D8%A6%D8%B2%D8%A9_%D8%A7%D9%84%D8%AC%D8%A7%D9%85%D8%B9%D8%A9.pdf\"  target=\"_blank\" rel=\"noopener\"  >R\u00e8glement ex\u00e9cutif<\/a>[\/vc_column][\/vc_row][vc_row bg_type=\u00a0\u00bb\u00a0\u00bb dima_canvas_style=\u00a0\u00bb\u00a0\u00bb translate_x=\u00a0\u00bb0&Prime; dima_z_index=\u00a0\u00bb0&Prime; delay=\u00a0\u00bb\u00a0\u00bb delay_duration=\u00a0\u00bb\u00a0\u00bb delay_offset=\u00a0\u00bb\u00a0\u00bb top_and_bottom_padding=\u00a0\u00bb\u00a0\u00bb left_and_right_padding=\u00a0\u00bb\u00a0\u00bb][vc_column min_height=\u00a0\u00bb\u00a0\u00bb bg_type=\u00a0\u00bb\u00a0\u00bb dima_canvas_style=\u00a0\u00bb\u00a0\u00bb translate_x=\u00a0\u00bb0&Prime; dima_z_index=\u00a0\u00bb0&Prime; delay=\u00a0\u00bb\u00a0\u00bb delay_duration=\u00a0\u00bb\u00a0\u00bb delay_offset=\u00a0\u00bb\u00a0\u00bb top_and_bottom_padding=\u00a0\u00bb\u00a0\u00bb left_and_right_padding=\u00a0\u00bb\u00a0\u00bb width=\u00a0\u00bb1\/1&Prime;]<h2 style=\"text-align: center;\">la deuxi\u00e8me \u00e9dition du prix d&rsquo;Excellence Scientifique de l&rsquo;Universit\u00e9 de Sebha<\/h2>\n<p style=\"text-align: center;\">\u00a0a \u00e9t\u00e9 approuv\u00e9 par la r\u00e9solution num\u00e9ro 14 de l&rsquo;ann\u00e9e 2018 \u00e9mise par le Conseil de l&rsquo;Universit\u00e9 de Sebha en date du 27-9-2018. La Commission technique charg\u00e9e de la pr\u00e9paration du r\u00e8glement a \u00e9t\u00e9 \u00e9tablie par la r\u00e9solution du Pr\u00e9sident de l&rsquo;Universit\u00e9 num\u00e9ro 9 de l&rsquo;ann\u00e9e 2017.<\/p>\n<a   data-direction=\"down\" class=\"dima-button di_green  dima-btn-pill stroke dima-btn-big float-center\"  href=\"https:\/\/sebhau.edu.ly\/elec\/theme\/upload\/clues\/%D9%84%D8%A7%D8%A6%D8%AD%D8%A9_%D8%AC%D8%A7%D8%A6%D8%B2%D8%A9_%D8%A7%D9%84%D8%AC%D8%A7%D9%85%D8%B9%D8%A9_%D9%84%D8%AA%D9%85%D9%8A%D8%B2_%D8%A7%D9%84%D8%B9%D9%84%D9%85%D9%8A___%D9%84%D9%85%D9%88%D9%82%D8%B9_%D8%A7%D9%84%D8%AC%D8%A7%D8%A6%D8%B2%D8%A9_1617559588.pdf\"  target=\"_blank\" rel=\"noopener\"  >R\u00e8glement ex\u00e9cutif, deuxi\u00e8me \u00e9dition<\/a>[\/vc_column][\/vc_row][vc_row bg_type=\u00a0\u00bb\u00a0\u00bb dima_canvas_style=\u00a0\u00bb\u00a0\u00bb translate_x=\u00a0\u00bb0&Prime; dima_z_index=\u00a0\u00bb0&Prime; delay=\u00a0\u00bb\u00a0\u00bb delay_duration=\u00a0\u00bb\u00a0\u00bb delay_offset=\u00a0\u00bb\u00a0\u00bb top_and_bottom_padding=\u00a0\u00bb\u00a0\u00bb left_and_right_padding=\u00a0\u00bb\u00a0\u00bb][vc_column min_height=\u00a0\u00bb\u00a0\u00bb bg_type=\u00a0\u00bb\u00a0\u00bb dima_canvas_style=\u00a0\u00bb\u00a0\u00bb translate_x=\u00a0\u00bb0&Prime; dima_z_index=\u00a0\u00bb0&Prime; delay=\u00a0\u00bb\u00a0\u00bb delay_duration=\u00a0\u00bb\u00a0\u00bb delay_offset=\u00a0\u00bb\u00a0\u00bb top_and_bottom_padding=\u00a0\u00bb\u00a0\u00bb left_and_right_padding=\u00a0\u00bb\u00a0\u00bb width=\u00a0\u00bb1\/1&Prime;]<div  class=\"social-media text-center\" ><div class=\"social-media dima-social-post social-medium\"><ul class=\"inline clearfix\"><li><a href=\"#share\" data-toggle=\"tooltip\" data-trigger=\"hover\" data-placement=\"bottom\"  title=\"Share on Facebook\" onclick=\"window.open('http:\/\/www.facebook.com\/sharer.php?u=https%3A%2F%2Fsebhau.edu.ly%2Ffr%2Fscientific-excellence-award%2F&amp;t=Le+Prix+d%26rsquo%3BExcellence+Scientifique+de+l%26rsquo%3BUniversit%C3%A9+de+Sebha', 'popupFacebook', 'width=650, height=270, resizable=0, toolbar=0, menubar=0, status=0, location=0, scrollbars=0'); return false;\"><i class=\"fa-brands fa-facebook-f\"><\/i><\/a><\/li><li><a href=\"#share\" data-toggle=\"tooltip\" data-trigger=\"hover\" data-placement=\"bottom\"  title=\"Share on Twitter\" onclick=\"window.open('https:\/\/twitter.com\/intent\/tweet?text=Le+Prix+d%26rsquo%3BExcellence+Scientifique+de+l%26rsquo%3BUniversit%C3%A9+de+Sebha&amp;url=https%3A%2F%2Fsebhau.edu.ly%2Ffr%2Fscientific-excellence-award%2F', 'popupTwitter', 'width=500, height=370, resizable=0, toolbar=0, menubar=0, status=0, location=0, scrollbars=0'); return false;\"><i class=\"fa-brands  fa-twitter\"><\/i><\/a><\/li><li><a href=\"#share\" data-toggle=\"tooltip\" data-trigger=\"hover\" data-placement=\"bottom\"  title=\"Share on LinkedIn\" onclick=\"window.open('http:\/\/www.linkedin.com\/shareArticle?mini=true&amp;url=https%3A%2F%2Fsebhau.edu.ly%2Ffr%2Fscientific-excellence-award%2F&amp;title=Le+Prix+d%26rsquo%3BExcellence+Scientifique+de+l%26rsquo%3BUniversit%C3%A9+de+Sebha&amp;summary=%5Bvc_row+no_padding%3D%C2%A0%C2%BBtrue%C2%A0%C2%BB+bg_type%3D%C2%A0%C2%BB%C2%A0%C2%BB+dima_canvas_style%3D%C2%A0%C2%BB%C2%A0%C2%BB+translate_x%3D%C2%A0%C2%BB0%26Prime%3B+dima_z_index%3D%C2%A0%C2%BB0%26Prime%3B+delay%3D%C2%A0%C2%BB%C2%A0%C2%BB+delay_duration%3D%C2%A0%C2%BB%C2%A0%C2%BB+delay_offset%3D%C2%A0%C2%BB%C2%A0%C2%BB+top_and_bottom_padding%3D%C2%A0%C2%BB%C2%A0%C2%BB+left_and_right_padding%3D%C2%A0%C2%BB%C2%A0%C2%BB+id%3D%C2%A0%C2%BB%C2%A0%C2%BB+class%3D%C2%A0%C2%BB%C2%A0%C2%BB+border_color%3D%C2%A0%C2%BB%C2%A0%C2%BB%5D%5Bvc_column+min_height%3D%C2%A0%C2%BB%C2%A0%C2%BB+bg_type%3D%C2%A0%C2%BB%C2%A0%C2%BB+dima_canvas_style%3D%C2%A0%C2%BB%C2%A0%C2%BB+translate_x%3D%C2%A0%C2%BB0%26Prime%3B+dima_z_index%3D%C2%A0%C2%BB0%26Prime%3B+delay%3D%C2%A0%C2%BB%C2%A0%C2%BB+delay_duration%3D%C2%A0%C2%BB%C2%A0%C2%BB+delay_offset%3D%C2%A0%C2%BB%C2%A0%C2%BB+top_and_bottom_padding%3D%C2%A0%C2%BB%C2%A0%C2%BB+left_and_right_padding%3D%C2%A0%C2%BB%C2%A0%C2%BB+width%3D%C2%A0%C2%BB1%2F1%26Prime%3B%5D%5B%2Fvc_column%5D%5B%2Fvc_row%5D%5Bvc_row+no_padding%3D%C2%A0%C2%BBtrue%C2%A0%C2%BB+equal_height%3D%C2%A0%C2%BBtrue%C2%A0%C2%BB+content_position%3D%C2%A0%C2%BBcenter%C2%A0%C2%BB+bg_type%3D%C2%A0%C2%BB%C2%A0%C2%BB+dima_canvas_style%3D%C2%A0%C2%BB%C2%A0%C2%BB+translate_x%3D%C2%A0%C2%BB0%26Prime%3B+dima_z_index%3D%C2%A0%C2%BB0%26Prime%3B+delay%3D%C2%A0%C2%BB%C2%A0%C2%BB+delay_duration%3D%C2%A0%C2%BB%C2%A0%C2%BB+delay_offset%3D%C2%A0%C2%BB%C2%A0%C2%BB+full_width%3D%C2%A0%C2%BBfull_width%C2%A0%C2%BB+top_and_bottom_padding%3D%C2%A0%C2%BB%C2%A0%C2%BB+left_and_right_padding%3D%C2%A0%C2%BB%C2%A0%C2%BB+id%3D%C2%A0%C2%BB%C2%A0%C2%BB+class%3D%C2%A0%C2%BB%C2%A0%C2%BB+style%3D%C2%A0%C2%BB%C2%A0%C2%BB+border_color%3D%C2%A0%C2%BB%C2%A0%C2%BB%5D%5Bvc_column+min_height%3D%C2%A0%C2%BB%C2%A0%C2%BB+bg_type%3D%C2%A0%C2%BB%C2%A0%C2%BB+dima_canvas_style%3D%C2%A0%C2%BB%C2%A0%C2%BB+translate_x%3D%C2%A0%C2%BB0%26Prime%3B+dima_z_index%3D%C2%A0%C2%BB0%26Prime%3B+delay%3D%C2%A0%C2%BB%C2%A0%C2%BB+delay_duration%3D%C2%A0%C2%BB%C2%A0%C2%BB+delay_offset%3D%C2%A0%C2%BB%C2%A0%C2%BB+top_and_bottom_padding%3D%C2%A0%C2%BB0%26Prime%3B+left_and_right_padding%3D%C2%A0%C2%BB%C2%A0%C2%BB+width%3D%C2%A0%C2%BB5%2F6%26Prime%3B+id%3D%C2%A0%C2%BB%C2%A0%C2%BB+class%3D%C2%A0%C2%BB%C2%A0%C2%BB+%5B%26hellip%3B%5D&amp;source=%D8%AC%D8%A7%D9%85%D8%B9%D8%A9+%D8%B3%D8%A8%D9%87%D8%A7+%7C+Sebha+University', 'popupLinkedIn', 'width=610, height=480, resizable=0, toolbar=0, menubar=0, status=0, location=0, scrollbars=0'); return false;\"><i class=\"fa-brands fa-linkedin\"><\/i><\/a><\/li><li><a href=\"#share\" data-toggle=\"tooltip\" data-trigger=\"hover\" data-placement=\"bottom\"  title=\"Share on Pinterest\" onclick=\"window.open('http:\/\/pinterest.com\/pin\/create\/button\/?url=https%3A%2F%2Fsebhau.edu.ly%2Ffr%2Fscientific-excellence-award%2F&amp;media=&amp;description=%5Bvc_row+no_padding%3D%C2%A0%C2%BBtrue%C2%A0%C2%BB+bg_type%3D%C2%A0%C2%BB%C2%A0%C2%BB+dima_canvas_style%3D%C2%A0%C2%BB%C2%A0%C2%BB+translate_x%3D%C2%A0%C2%BB0%26Prime%3B+dima_z_index%3D%C2%A0%C2%BB0%26Prime%3B+delay%3D%C2%A0%C2%BB%C2%A0%C2%BB+delay_duration%3D%C2%A0%C2%BB%C2%A0%C2%BB+delay_offset%3D%C2%A0%C2%BB%C2%A0%C2%BB+top_and_bottom_padding%3D%C2%A0%C2%BB%C2%A0%C2%BB+left_and_right_padding%3D%C2%A0%C2%BB%C2%A0%C2%BB+id%3D%C2%A0%C2%BB%C2%A0%C2%BB+class%3D%C2%A0%C2%BB%C2%A0%C2%BB+border_color%3D%C2%A0%C2%BB%C2%A0%C2%BB%5D%5Bvc_column+min_height%3D%C2%A0%C2%BB%C2%A0%C2%BB+bg_type%3D%C2%A0%C2%BB%C2%A0%C2%BB+dima_canvas_style%3D%C2%A0%C2%BB%C2%A0%C2%BB+translate_x%3D%C2%A0%C2%BB0%26Prime%3B+dima_z_index%3D%C2%A0%C2%BB0%26Prime%3B+delay%3D%C2%A0%C2%BB%C2%A0%C2%BB+delay_duration%3D%C2%A0%C2%BB%C2%A0%C2%BB+delay_offset%3D%C2%A0%C2%BB%C2%A0%C2%BB+top_and_bottom_padding%3D%C2%A0%C2%BB%C2%A0%C2%BB+left_and_right_padding%3D%C2%A0%C2%BB%C2%A0%C2%BB+width%3D%C2%A0%C2%BB1%2F1%26Prime%3B%5D%5B%2Fvc_column%5D%5B%2Fvc_row%5D%5Bvc_row+no_padding%3D%C2%A0%C2%BBtrue%C2%A0%C2%BB+equal_height%3D%C2%A0%C2%BBtrue%C2%A0%C2%BB+content_position%3D%C2%A0%C2%BBcenter%C2%A0%C2%BB+bg_type%3D%C2%A0%C2%BB%C2%A0%C2%BB+dima_canvas_style%3D%C2%A0%C2%BB%C2%A0%C2%BB+translate_x%3D%C2%A0%C2%BB0%26Prime%3B+dima_z_index%3D%C2%A0%C2%BB0%26Prime%3B+delay%3D%C2%A0%C2%BB%C2%A0%C2%BB+delay_duration%3D%C2%A0%C2%BB%C2%A0%C2%BB+delay_offset%3D%C2%A0%C2%BB%C2%A0%C2%BB+full_width%3D%C2%A0%C2%BBfull_width%C2%A0%C2%BB+top_and_bottom_padding%3D%C2%A0%C2%BB%C2%A0%C2%BB+left_and_right_padding%3D%C2%A0%C2%BB%C2%A0%C2%BB+id%3D%C2%A0%C2%BB%C2%A0%C2%BB+class%3D%C2%A0%C2%BB%C2%A0%C2%BB+style%3D%C2%A0%C2%BB%C2%A0%C2%BB+border_color%3D%C2%A0%C2%BB%C2%A0%C2%BB%5D%5Bvc_column+min_height%3D%C2%A0%C2%BB%C2%A0%C2%BB+bg_type%3D%C2%A0%C2%BB%C2%A0%C2%BB+dima_canvas_style%3D%C2%A0%C2%BB%C2%A0%C2%BB+translate_x%3D%C2%A0%C2%BB0%26Prime%3B+dima_z_index%3D%C2%A0%C2%BB0%26Prime%3B+delay%3D%C2%A0%C2%BB%C2%A0%C2%BB+delay_duration%3D%C2%A0%C2%BB%C2%A0%C2%BB+delay_offset%3D%C2%A0%C2%BB%C2%A0%C2%BB+top_and_bottom_padding%3D%C2%A0%C2%BB0%26Prime%3B+left_and_right_padding%3D%C2%A0%C2%BB%C2%A0%C2%BB+width%3D%C2%A0%C2%BB5%2F6%26Prime%3B+id%3D%C2%A0%C2%BB%C2%A0%C2%BB+class%3D%C2%A0%C2%BB%C2%A0%C2%BB+%5B%26hellip%3B%5D', 'popupPinterest', 'width=750, height=265, resizable=0, toolbar=0, menubar=0, status=0, location=0, scrollbars=0'); return false;\"><i class=\"fa-brands fa-pinterest\"><\/i><\/a><\/li><li><a href=\"#share\" data-toggle=\"tooltip\" data-trigger=\"hover\" data-placement=\"bottom\"  title=\"Share on Reddit\" onclick=\"window.open('http:\/\/www.reddit.com\/submit?url=https%3A%2F%2Fsebhau.edu.ly%2Ffr%2Fscientific-excellence-award%2F', 'popupReddit', 'width=875, height=450, resizable=0, toolbar=0, menubar=0, status=0, location=0, scrollbars=0'); return false;\"><i class=\"fa-brands fa-reddit\"><\/i><\/a><\/li><li><a href=\"mailto:?subject=Le Prix d&rsquo;Excellence Scientifique de l&rsquo;Universit\u00e9 de Sebha&amp;body=Hey, thought you might enjoy this! Check it out when you have a chance: https:\/\/sebhau.edu.ly\/fr\/scientific-excellence-award\/\" data-toggle=\"tooltip\" data-trigger=\"hover\" data-placement=\"bottom\"  class=\"email\" title=\"Share via Email\"><span><i class=\"far fa-envelope\"><\/i><\/span><\/a><\/ul><\/div><\/div>[\/vc_column][\/vc_row]<\/p>\n<\/section>","protected":false},"excerpt":{"rendered":"<p>[vc_row no_padding=\u00a0\u00bbtrue\u00a0\u00bb bg_type=\u00a0\u00bb\u00a0\u00bb dima_canvas_style=\u00a0\u00bb\u00a0\u00bb translate_x=\u00a0\u00bb0&Prime; dima_z_index=\u00a0\u00bb0&Prime; delay=\u00a0\u00bb\u00a0\u00bb delay_duration=\u00a0\u00bb\u00a0\u00bb delay_offset=\u00a0\u00bb\u00a0\u00bb top_and_bottom_padding=\u00a0\u00bb\u00a0\u00bb left_and_right_padding=\u00a0\u00bb\u00a0\u00bb id=\u00a0\u00bb\u00a0\u00bb class=\u00a0\u00bb\u00a0\u00bb border_color=\u00a0\u00bb\u00a0\u00bb][vc_column min_height=\u00a0\u00bb\u00a0\u00bb bg_type=\u00a0\u00bb\u00a0\u00bb dima_canvas_style=\u00a0\u00bb\u00a0\u00bb translate_x=\u00a0\u00bb0&Prime; dima_z_index=\u00a0\u00bb0&Prime; delay=\u00a0\u00bb\u00a0\u00bb delay_duration=\u00a0\u00bb\u00a0\u00bb delay_offset=\u00a0\u00bb\u00a0\u00bb top_and_bottom_padding=\u00a0\u00bb\u00a0\u00bb left_and_right_padding=\u00a0\u00bb\u00a0\u00bb width=\u00a0\u00bb1\/1&Prime;][\/vc_column][\/vc_row][vc_row no_padding=\u00a0\u00bbtrue\u00a0\u00bb equal_height=\u00a0\u00bbtrue\u00a0\u00bb content_position=\u00a0\u00bbcenter\u00a0\u00bb bg_type=\u00a0\u00bb\u00a0\u00bb dima_canvas_style=\u00a0\u00bb\u00a0\u00bb translate_x=\u00a0\u00bb0&Prime; dima_z_index=\u00a0\u00bb0&Prime; delay=\u00a0\u00bb\u00a0\u00bb delay_duration=\u00a0\u00bb\u00a0\u00bb delay_offset=\u00a0\u00bb\u00a0\u00bb full_width=\u00a0\u00bbfull_width\u00a0\u00bb top_and_bottom_padding=\u00a0\u00bb\u00a0\u00bb left_and_right_padding=\u00a0\u00bb\u00a0\u00bb id=\u00a0\u00bb\u00a0\u00bb class=\u00a0\u00bb\u00a0\u00bb style=\u00a0\u00bb\u00a0\u00bb border_color=\u00a0\u00bb\u00a0\u00bb][vc_column min_height=\u00a0\u00bb\u00a0\u00bb bg_type=\u00a0\u00bb\u00a0\u00bb dima_canvas_style=\u00a0\u00bb\u00a0\u00bb translate_x=\u00a0\u00bb0&Prime; dima_z_index=\u00a0\u00bb0&Prime; delay=\u00a0\u00bb\u00a0\u00bb delay_duration=\u00a0\u00bb\u00a0\u00bb delay_offset=\u00a0\u00bb\u00a0\u00bb top_and_bottom_padding=\u00a0\u00bb0&Prime; left_and_right_padding=\u00a0\u00bb\u00a0\u00bb width=\u00a0\u00bb5\/6&Prime; id=\u00a0\u00bb\u00a0\u00bb class=\u00a0\u00bb\u00a0\u00bb [&hellip;]<\/p>\n","protected":false},"author":1,"featured_media":0,"parent":0,"menu_order":0,"comment_status":"closed","ping_status":"closed","template":"","meta":{"_uf_show_specific_survey":0,"_uf_disable_surveys":false,"footnotes":""},"class_list":["post-27636","page","type-page","status-publish","hentry"],"aioseo_notices":[],"amp_enabled":true,"_links":{"self":[{"href":"https:\/\/sebhau.edu.ly\/fr\/wp-json\/wp\/v2\/pages\/27636","targetHints":{"allow":["GET"]}}],"collection":[{"href":"https:\/\/sebhau.edu.ly\/fr\/wp-json\/wp\/v2\/pages"}],"about":[{"href":"https:\/\/sebhau.edu.ly\/fr\/wp-json\/wp\/v2\/types\/page"}],"author":[{"embeddable":true,"href":"https:\/\/sebhau.edu.ly\/fr\/wp-json\/wp\/v2\/users\/1"}],"replies":[{"embeddable":true,"href":"https:\/\/sebhau.edu.ly\/fr\/wp-json\/wp\/v2\/comments?post=27636"}],"version-history":[{"count":0,"href":"https:\/\/sebhau.edu.ly\/fr\/wp-json\/wp\/v2\/pages\/27636\/revisions"}],"wp:attachment":[{"href":"https:\/\/sebhau.edu.ly\/fr\/wp-json\/wp\/v2\/media?parent=27636"}],"curies":[{"name":"wp","href":"https:\/\/api.w.org\/{rel}","templated":true}]}}