{"id":27790,"date":"2021-09-11T19:03:01","date_gmt":"2021-09-11T16:03:01","guid":{"rendered":"https:\/\/sebhau.edu.ly\/charte-dethique-de-la-recherche-scientifique\/"},"modified":"2023-12-03T10:05:03","modified_gmt":"2023-12-03T07:05:03","slug":"ethics","status":"publish","type":"page","link":"https:\/\/sebhau.edu.ly\/fr\/ethics\/","title":{"rendered":"Charte \u00e9thique de recherche scientifique"},"content":{"rendered":"<section class=\"wpb-content-wrapper\"><p>[vc_row no_padding=\u00a0\u00bbtrue\u00a0\u00bb bg_type=\u00a0\u00bb\u00a0\u00bb dima_canvas_style=\u00a0\u00bb\u00a0\u00bb translate_x=\u00a0\u00bb0&Prime; dima_z_index=\u00a0\u00bb0&Prime; delay=\u00a0\u00bb\u00a0\u00bb delay_duration=\u00a0\u00bb\u00a0\u00bb delay_offset=\u00a0\u00bb\u00a0\u00bb top_and_bottom_padding=\u00a0\u00bb\u00a0\u00bb left_and_right_padding=\u00a0\u00bb\u00a0\u00bb id=\u00a0\u00bb\u00a0\u00bb class=\u00a0\u00bb\u00a0\u00bb border_color=\u00a0\u00bb\u00a0\u00bb][vc_column min_height=\u00a0\u00bb\u00a0\u00bb bg_type=\u00a0\u00bb\u00a0\u00bb dima_canvas_style=\u00a0\u00bb\u00a0\u00bb translate_x=\u00a0\u00bb0&Prime; dima_z_index=\u00a0\u00bb0&Prime; delay=\u00a0\u00bb\u00a0\u00bb delay_duration=\u00a0\u00bb\u00a0\u00bb delay_offset=\u00a0\u00bb\u00a0\u00bb top_and_bottom_padding=\u00a0\u00bb\u00a0\u00bb left_and_right_padding=\u00a0\u00bb\u00a0\u00bb width=\u00a0\u00bb2\/3&Prime;]<h2  class=\"dima-custom-heading\" ><strong>La Charte d&rsquo;\u00e9thique de la recherche scientifique<\/strong> :<\/h2><p>L&rsquo;\u00e9thique est l&rsquo;un des piliers les plus importants du travail et de la vie dans les soci\u00e9t\u00e9s. Elle est une n\u00e9cessit\u00e9 incontournable pour une vie civilis\u00e9e et un \u00e9l\u00e9ment essentiel pour l&rsquo;organisation et la stabilit\u00e9 de la soci\u00e9t\u00e9. Elle est impos\u00e9e par notre religion bien guid\u00e9e, approuv\u00e9e par les normes sociales, encadr\u00e9e par les l\u00e9gislations et les lois. La charte \u00e9thique est plus large et plus d\u00e9taill\u00e9e que l&rsquo;ensemble des principes et r\u00e8gles inclus dans la loi. Elle en est la base, pr\u00e9cise ses applications et implications, et ajoute des \u00e9l\u00e9ments qui ne sont pas abord\u00e9s dans le texte l\u00e9gal. Cela se fait \u00e0 travers les r\u00e9gulations morales, sociales et culturelles pr\u00e9dominantes dans la soci\u00e9t\u00e9.<\/p>\n<p>L&rsquo;enseignement est une profession noble, car elle joue un r\u00f4le fondamental dans la croissance et l&rsquo;avancement de la soci\u00e9t\u00e9. Par cons\u00e9quent, sa pratique exige l&rsquo;engagement envers des valeurs \u00e9thiques et nobles. L&rsquo;Universit\u00e9 de Sebha, comme d&rsquo;autres universit\u00e9s et institutions \u00e9ducatives et de recherche, est engag\u00e9e dans la construction de l&rsquo;individu et sa pr\u00e9paration \u00e0 jouer son r\u00f4le dans la vie. Elle a donc inclus parmi ses objectifs la promotion des valeurs \u00e9thiques et veille \u00e0 les int\u00e9grer dans l&rsquo;ensemble de ses programmes, politiques et strat\u00e9gies. L&rsquo;universit\u00e9 est responsable de la diffusion et du d\u00e9veloppement de l&rsquo;engagement moral parmi tous ceux qui y travaillent.<\/p>\n[\/vc_column][vc_column min_height=\u00a0\u00bb\u00a0\u00bb bg_type=\u00a0\u00bb\u00a0\u00bb dima_canvas_style=\u00a0\u00bb\u00a0\u00bb translate_x=\u00a0\u00bb0&Prime; dima_z_index=\u00a0\u00bb0&Prime; delay=\u00a0\u00bb\u00a0\u00bb delay_duration=\u00a0\u00bb\u00a0\u00bb delay_offset=\u00a0\u00bb\u00a0\u00bb top_and_bottom_padding=\u00a0\u00bb\u00a0\u00bb left_and_right_padding=\u00a0\u00bb\u00a0\u00bb width=\u00a0\u00bb1\/3&Prime;]<div class=\"column-item overflow-hidden text-center rounded\"><img loading=\"lazy\" decoding=\"async\" width=\"1000\" height=\"750\"  class=\"dima-img \" src=\"https:\/\/sebhau.edu.ly\/wp-content\/uploads\/2021\/09\/ethics.jpg\"   alt=\"\"><\/div>[\/vc_column][\/vc_row][vc_row no_padding=\u00a0\u00bbtrue\u00a0\u00bb bg_type=\u00a0\u00bb\u00a0\u00bb dima_canvas_style=\u00a0\u00bb\u00a0\u00bb translate_x=\u00a0\u00bb0&Prime; dima_z_index=\u00a0\u00bb0&Prime; delay=\u00a0\u00bb\u00a0\u00bb delay_duration=\u00a0\u00bb\u00a0\u00bb delay_offset=\u00a0\u00bb\u00a0\u00bb top_and_bottom_padding=\u00a0\u00bb\u00a0\u00bb left_and_right_padding=\u00a0\u00bb\u00a0\u00bb id=\u00a0\u00bb\u00a0\u00bb class=\u00a0\u00bb\u00a0\u00bb border_color=\u00a0\u00bb\u00a0\u00bb][vc_column min_height=\u00a0\u00bb\u00a0\u00bb bg_type=\u00a0\u00bb\u00a0\u00bb dima_canvas_style=\u00a0\u00bb\u00a0\u00bb translate_x=\u00a0\u00bb0&Prime; dima_z_index=\u00a0\u00bb0&Prime; delay=\u00a0\u00bb\u00a0\u00bb delay_duration=\u00a0\u00bb\u00a0\u00bb delay_offset=\u00a0\u00bb\u00a0\u00bb top_and_bottom_padding=\u00a0\u00bb\u00a0\u00bb left_and_right_padding=\u00a0\u00bb\u00a0\u00bb width=\u00a0\u00bb1\/4&Prime;]<div class=\"column-item overflow-hidden text-center rounded\"><img loading=\"lazy\" decoding=\"async\" width=\"600\" height=\"575\"  class=\"dima-img \" src=\"https:\/\/sebhau.edu.ly\/wp-content\/uploads\/2021\/09\/Leadership_innovation.jpg\"   alt=\"\"><\/div>[\/vc_column][vc_column min_height=\u00a0\u00bb\u00a0\u00bb bg_type=\u00a0\u00bb\u00a0\u00bb dima_canvas_style=\u00a0\u00bb\u00a0\u00bb translate_x=\u00a0\u00bb0&Prime; dima_z_index=\u00a0\u00bb0&Prime; delay=\u00a0\u00bb\u00a0\u00bb delay_duration=\u00a0\u00bb\u00a0\u00bb delay_offset=\u00a0\u00bb\u00a0\u00bb top_and_bottom_padding=\u00a0\u00bb\u00a0\u00bb left_and_right_padding=\u00a0\u00bb\u00a0\u00bb width=\u00a0\u00bb3\/4&Prime;]<p>La recherche scientifique est l&rsquo;une des activit\u00e9s les plus nobles que l&rsquo;esprit humain puisse entreprendre pour r\u00e9aliser le progr\u00e8s et le d\u00e9veloppement des nations. Elle constitue la base naturelle de toute renaissance civilisationnelle, surtout \u00e0 l&rsquo;\u00e8re moderne. Cependant, certaines de ces recherches peuvent avoir des cons\u00e9quences \u00e9thiques qui posent des dilemmes pour l&rsquo;homme et son environnement social et environnemental. C&rsquo;est pourquoi de nombreux pays du monde accordent une attention particuli\u00e8re aux questions \u00e9thiques dans la recherche scientifique, afin d&rsquo;accro\u00eetre la sensibilisation \u00e0 l&rsquo;importance de l&rsquo;adoption de valeurs \u00e9thiques parmi les chercheurs sp\u00e9cialis\u00e9s et le grand public.<\/p>\n<p>Pour garantir que les recherches scientifiques et les applications technologiques respectent les droits de l&rsquo;homme, sa dignit\u00e9 et sa libert\u00e9, de nombreux pays ont mis en place des comit\u00e9s nationaux d&rsquo;\u00e9thique. Ils \u00e9tablissent des normes nationales et des lois dans ce domaine. En 2012, le Comit\u00e9 national de bios\u00e9curit\u00e9 et d&rsquo;\u00e9thique biologique a \u00e9t\u00e9 cr\u00e9\u00e9 en Libye dans le but de renforcer les principes \u00e9thiques dans la recherche scientifique.<\/p>\n<p>\u00c0 l&rsquo;Universit\u00e9 de Sebha, la recherche scientifique repr\u00e9sente un \u00e9l\u00e9ment fondamental dans le syst\u00e8me de l&rsquo;enseignement universitaire et sup\u00e9rieur, en accord avec les exigences nationales ainsi que les d\u00e9veloppements scientifiques et technologiques. Elle joue un r\u00f4le crucial dans la r\u00e9alisation de la vision de l&rsquo;universit\u00e9, qui se manifeste par \u00ab\u00a0l&rsquo;excellence dans l&rsquo;enseignement, la recherche scientifique, et le service \u00e0 la communaut\u00e9\u00a0\u00bb. En partant de cette vision, l&rsquo;universit\u00e9 s&rsquo;efforce de d\u00e9velopper ses programmes tout en respectant un code \u00e9thique qui garantit l&rsquo;adh\u00e9sion aux normes et aux valeurs de la recherche scientifique exig\u00e9es par les crit\u00e8res de qualit\u00e9. Elle met l&rsquo;accent sur l&rsquo;engagement \u00e9thique dans la performance et dans les relations avec les autres, conform\u00e9ment aux normes nationales et internationals.<\/p>\n<p>Et cette charte d\u00e9finit le cadre g\u00e9n\u00e9ral des principes et des valeurs \u00e9thiques auxquels les membres du corps professoral, les chercheurs, et les \u00e9tudiants des \u00e9tudes universitaires et sup\u00e9rieures doivent se conformer. Toutes les parties impliqu\u00e9es dans le processus de recherche devraient respecter ces principes pour renforcer l&rsquo;\u00e9thique de la recherche scientifique rigoureuse \u00e0 l&rsquo;universit\u00e9.<\/p>\n[\/vc_column][\/vc_row][vc_row bg_type=\u00a0\u00bb\u00a0\u00bb dima_canvas_style=\u00a0\u00bb\u00a0\u00bb translate_x=\u00a0\u00bb0&Prime; dima_z_index=\u00a0\u00bb0&Prime; delay=\u00a0\u00bb\u00a0\u00bb delay_duration=\u00a0\u00bb\u00a0\u00bb delay_offset=\u00a0\u00bb\u00a0\u00bb top_and_bottom_padding=\u00a0\u00bb\u00a0\u00bb left_and_right_padding=\u00a0\u00bb\u00a0\u00bb][vc_column min_height=\u00a0\u00bb\u00a0\u00bb bg_type=\u00a0\u00bb\u00a0\u00bb dima_canvas_style=\u00a0\u00bb\u00a0\u00bb translate_x=\u00a0\u00bb0&Prime; dima_z_index=\u00a0\u00bb0&Prime; delay=\u00a0\u00bb\u00a0\u00bb delay_duration=\u00a0\u00bb\u00a0\u00bb delay_offset=\u00a0\u00bb\u00a0\u00bb top_and_bottom_padding=\u00a0\u00bb\u00a0\u00bb left_and_right_padding=\u00a0\u00bb\u00a0\u00bb width=\u00a0\u00bb1\/1&Prime;]<h3 style=\"text-align: center;\"><strong>Les principes g\u00e9n\u00e9raux de la charte<\/strong><\/h3>\n[\/vc_column][\/vc_row][vc_row bg_type=\u00a0\u00bb\u00a0\u00bb dima_canvas_style=\u00a0\u00bb\u00a0\u00bb translate_x=\u00a0\u00bb0&Prime; dima_z_index=\u00a0\u00bb0&Prime; delay=\u00a0\u00bb\u00a0\u00bb delay_duration=\u00a0\u00bb\u00a0\u00bb delay_offset=\u00a0\u00bb\u00a0\u00bb top_and_bottom_padding=\u00a0\u00bb\u00a0\u00bb left_and_right_padding=\u00a0\u00bb\u00a0\u00bb][vc_column min_height=\u00a0\u00bb\u00a0\u00bb bg_type=\u00a0\u00bb\u00a0\u00bb dima_canvas_style=\u00a0\u00bb\u00a0\u00bb translate_x=\u00a0\u00bb0&Prime; dima_z_index=\u00a0\u00bb0&Prime; delay=\u00a0\u00bb\u00a0\u00bb delay_duration=\u00a0\u00bb\u00a0\u00bb delay_offset=\u00a0\u00bb\u00a0\u00bb top_and_bottom_padding=\u00a0\u00bb\u00a0\u00bb left_and_right_padding=\u00a0\u00bb\u00a0\u00bb width=\u00a0\u00bb1\/2&Prime;]<p>La recherche scientifique \u00e0 l&rsquo;Universit\u00e9 de Sebha adopte les principes et valeurs \u00e9thiques suivants, sans s&rsquo;y limiter\u00a0:<\/p>\n<ul  class=\"list-style angle\" ><li   ><span style=\"color: #000000;\"><strong>Int\u00e9grit\u00e9<\/strong> :<\/span> Le comportement des individus et des institutions en suivant les lois et en luttant pour la justice, l&rsquo;\u00e9quit\u00e9 et l&rsquo;\u00e9galit\u00e9.<\/li><li   ><span style=\"color: #000000;\"><strong>Confiance<\/strong> :<\/span> Tout droit qui doit \u00eatre respect\u00e9 et pr\u00e9serv\u00e9 afin de sauvegarder et pr\u00e9server les droits et d&rsquo;\u00e9viter le mensonge et la tromperie.<\/li><li   ><span style=\"color: #000000;\"><strong>Justice<\/strong> :<\/span> traitement \u00e9quitable et \u00e9galitaire.<\/li><li   ><span style=\"color: #000000;\"><strong>Objectivit\u00e9\u00a0:<\/strong><\/span> impartialit\u00e9, impartialit\u00e9 et impartialit\u00e9 face aux caprices personnels.<\/li><li   ><span style=\"color: #000000;\"><strong>Fiabilit\u00e9<\/strong> :<\/span> s&rsquo;assurer de la comp\u00e9tence ou de l&rsquo;exactitude d&rsquo;une personne et s&rsquo;assurer qu&rsquo;on peut compter sur elle.<\/li><li   ><span style=\"color: #000000;\"><strong>Scepticisme (critique) :<\/strong><\/span> simplement incr\u00e9dulit\u00e9.<\/li><li   ><span style=\"color: #000000;\"><strong>Charit\u00e9<\/strong> :<\/span> S&rsquo;aider soi-m\u00eame et aider les autres.<\/li><li   ><span style=\"color: #000000;\"><strong>B\u00e9n\u00e9fice\u00a0:<\/strong><\/span>\u00a0Travailler pour obtenir le rapport b\u00e9n\u00e9fice\/pr\u00e9judice le plus \u00e9lev\u00e9 pour le b\u00e9n\u00e9fice de tous.<\/li><li   ><span style=\"color: #000000;\"><strong>Transparence<\/strong> <strong>et cr\u00e9dibilit\u00e9<\/strong> :<\/span> divulgation et divulgation de l&rsquo;information, clart\u00e9 des proc\u00e9dures, validit\u00e9 et cr\u00e9dibilit\u00e9 de la pr\u00e9sentation des donn\u00e9es avec toutes les parties de la recherche scientifique depuis le choix du sujet jusqu&rsquo;\u00e0 la publication de la recherche.<\/li><li   ><span style=\"color: #000000;\"><strong>Ouverture :<\/strong><\/span> partage des r\u00e9sultats, des donn\u00e9es, des m\u00e9thodes, des id\u00e9es et des techniques dans des outils, Cela permet aux autres de revoir le travail tout en \u00e9tant pr\u00eats \u00e0 accepter les critiques et les nouvelles id\u00e9es.<\/li><li   ><span style=\"color: #000000;\"><strong>Autonomie :<\/strong><\/span> exercice par des personnes rationnelles de choix libres fond\u00e9s sur la connaissance.<\/li><li   ><span style=\"color: #000000;\"><strong>Confidentialit\u00e9<\/strong> :<\/span> Engagement \u00e0 respecter la vie priv\u00e9e et confiance \u00e0 ne pas la divulguer.<\/li><li   ><strong><span style=\"color: #000000;\">S\u00e9curit\u00e9 et s\u00fbret\u00e9 :<\/span><\/strong> Les pr\u00e9cautions n\u00e9cessaires lors de la r\u00e9alisation d&rsquo;exp\u00e9riences dans diff\u00e9rentes circonstances et environnements pour assurer la s\u00e9curit\u00e9 du chercheur, celle des coll\u00e8gues, des appareils et \u00e9quipements utilis\u00e9s, ainsi que la s\u00e9curit\u00e9 de la soci\u00e9t\u00e9 et de l&rsquo;environnement.<\/li><\/ul>[\/vc_column][vc_column min_height=\u00a0\u00bb\u00a0\u00bb bg_type=\u00a0\u00bb\u00a0\u00bb dima_canvas_style=\u00a0\u00bb\u00a0\u00bb translate_x=\u00a0\u00bb0&Prime; dima_z_index=\u00a0\u00bb0&Prime; delay=\u00a0\u00bb\u00a0\u00bb delay_duration=\u00a0\u00bb\u00a0\u00bb delay_offset=\u00a0\u00bb\u00a0\u00bb top_and_bottom_padding=\u00a0\u00bb\u00a0\u00bb left_and_right_padding=\u00a0\u00bb\u00a0\u00bb width=\u00a0\u00bb1\/2&Prime;]<ul  class=\"list-style angle\" ><li   ><strong><span style=\"color: #000000;\">Loyaut\u00e9<\/span> :<\/strong> d\u00e9vouement au travail, l&rsquo;ex\u00e9cution sans fraude et respect des promesses et des accords qui s&rsquo;y rapportent.<\/li><li   ><span style=\"color: #000000;\"><strong>L\u00e9galit\u00e9 :<\/strong><\/span> Familiarit\u00e9 avec les lois pertinentes au cadre de travail, en particulier les lois et r\u00e9glementations qui r\u00e9glementent les universit\u00e9s, Engagement \u00e9thique \u00e0 appliquer la loi.<\/li><li   ><span style=\"color: #000000;\"><strong>Respect de soi :<\/strong><\/span> prise en compte des droits de l\u2019homme et de la dignit\u00e9 lors de la conduite de recherches scientifiques sur ceux-ci.<\/li><li   ><span style=\"color: #000000;\"><strong>Qualit\u00e9\u00a0:<\/strong><\/span> Travailler vers l\u2019excellence, le leadership et l\u2019am\u00e9lioration continue dans la r\u00e9alisation de la recherche scientifique.<\/li><li   ><span style=\"color: #000000;\"><strong>Responsabilit\u00e9 et responsabilisation<\/strong> <strong>:<\/strong><\/span> La capacit\u00e9 de fournir les r\u00e9ponses et les \u00e9claircissements n\u00e9cessaires aux parties prenantes, d&rsquo;assumer la responsabilit\u00e9 et d&rsquo;\u00eatre pr\u00eat \u00e0 \u00eatre tenu responsable de ses actions <strong>.<\/strong><\/li><li   ><span style=\"color: #000000;\"><strong>Travailler dans un esprit d&rsquo;\u00e9quipe :<\/strong><\/span> Un groupe de personnes travaillant dans un esprit d&rsquo;\u00e9quipe.<\/li><li   ><span style=\"color: #000000;\"><strong>Efficacit\u00e9<\/strong> :<\/span> Utiliser judicieusement les ressources \u00e9conomiques et technologiques pour atteindre les objectifs souhait\u00e9s de la recherche.<\/li><li   ><span style=\"color: #000000;\"><strong>Exp\u00e9rience et capacit\u00e9 scientifique\u00a0:<\/strong><\/span> ce que fait le chercheur doit \u00eatre adapt\u00e9 au niveau de ses informations, connaissances, comp\u00e9tences et capacit\u00e9s pour une utilisation optimale des \u00e9quipements et dispositifs utilis\u00e9s dans la recherche de mani\u00e8re \u00e0 garantir les chances de succ\u00e8s de la recherche. , atteindre ses objectifs et pr\u00e9server les biens de l&rsquo;universit\u00e9.<\/li><li   ><span style=\"color: #000000;\"><strong>Partenariat<\/strong> : Participation<\/span> avec des institutions d&rsquo;enseignement et de recherche et coop\u00e9ration avec les organismes nationaux, arabes, r\u00e9gionaux et internationaux concern\u00e9s dans le domaine de la recherche scientifique.<\/li><li   ><span style=\"color: #000000;\"><strong>Capacit\u00e9\u00a0:<\/strong><\/span>\u00a0comp\u00e9tences qu&rsquo;un individu poss\u00e8de pour atteindre les meilleurs niveaux qu&rsquo;un individu peut atteindre dans un emploi.<\/li><li   ><span style=\"color: #000000;\"><strong>Comp\u00e9tence\u00a0:<\/strong><\/span>\u00a0La capacit\u00e9 d&rsquo;utiliser ses comp\u00e9tences et ses connaissances personnelles dans de nouvelles situations au sein du domaine professionnel.<\/li><\/ul>[\/vc_column][\/vc_row][vc_row bg_type=\u00a0\u00bb\u00a0\u00bb dima_canvas_style=\u00a0\u00bb\u00a0\u00bb translate_x=\u00a0\u00bb0&Prime; dima_z_index=\u00a0\u00bb0&Prime; delay=\u00a0\u00bb\u00a0\u00bb delay_duration=\u00a0\u00bb\u00a0\u00bb delay_offset=\u00a0\u00bb\u00a0\u00bb top_and_bottom_padding=\u00a0\u00bb\u00a0\u00bb left_and_right_padding=\u00a0\u00bb\u00a0\u00bb][vc_column min_height=\u00a0\u00bb\u00a0\u00bb bg_type=\u00a0\u00bb\u00a0\u00bb dima_canvas_style=\u00a0\u00bb\u00a0\u00bb translate_x=\u00a0\u00bb0&Prime; dima_z_index=\u00a0\u00bb0&Prime; delay=\u00a0\u00bb\u00a0\u00bb delay_duration=\u00a0\u00bb\u00a0\u00bb delay_offset=\u00a0\u00bb\u00a0\u00bb top_and_bottom_padding=\u00a0\u00bb\u00a0\u00bb left_and_right_padding=\u00a0\u00bb\u00a0\u00bb width=\u00a0\u00bb1\/1&Prime;]<a href='https:\/\/sebhau.edu.ly\/elec\/theme\/upload\/clues\/%D9%85%D9%8A%D8%AB%D8%A7%D9%82_%D8%A7%D8%AE%D9%84%D8%A7%D9%82%D9%8A%D8%A7%D8%AA_%D8%A7%D9%84%D8%A8%D8%AD%D8%AA_%D8%A7%D9%84%D8%B9%D9%84%D9%85%D9%8A%D8%8C%D8%8C.pdf' target=\"_blank\" rel=\"noopener\"><div  class=\"dima-iconbox background-hover topaz-hover features-box text-center features-box\" style=\"background-color:#f2f2f2;box-shadow: none;\"><div  class=\"features-content\" ><h5 class=\"features-title\" >Charte d'\u00e9thique de la recherche scientifique<\/h5><\/div><\/div><\/a>[\/vc_column][\/vc_row]<\/p>\n<\/section>","protected":false},"excerpt":{"rendered":"<p>[vc_row no_padding=\u00a0\u00bbtrue\u00a0\u00bb bg_type=\u00a0\u00bb\u00a0\u00bb dima_canvas_style=\u00a0\u00bb\u00a0\u00bb translate_x=\u00a0\u00bb0&Prime; dima_z_index=\u00a0\u00bb0&Prime; delay=\u00a0\u00bb\u00a0\u00bb delay_duration=\u00a0\u00bb\u00a0\u00bb delay_offset=\u00a0\u00bb\u00a0\u00bb top_and_bottom_padding=\u00a0\u00bb\u00a0\u00bb left_and_right_padding=\u00a0\u00bb\u00a0\u00bb id=\u00a0\u00bb\u00a0\u00bb class=\u00a0\u00bb\u00a0\u00bb border_color=\u00a0\u00bb\u00a0\u00bb][vc_column min_height=\u00a0\u00bb\u00a0\u00bb bg_type=\u00a0\u00bb\u00a0\u00bb dima_canvas_style=\u00a0\u00bb\u00a0\u00bb translate_x=\u00a0\u00bb0&Prime; dima_z_index=\u00a0\u00bb0&Prime; delay=\u00a0\u00bb\u00a0\u00bb delay_duration=\u00a0\u00bb\u00a0\u00bb delay_offset=\u00a0\u00bb\u00a0\u00bb top_and_bottom_padding=\u00a0\u00bb\u00a0\u00bb left_and_right_padding=\u00a0\u00bb\u00a0\u00bb width=\u00a0\u00bb2\/3&Prime;][\/vc_column][vc_column min_height=\u00a0\u00bb\u00a0\u00bb bg_type=\u00a0\u00bb\u00a0\u00bb dima_canvas_style=\u00a0\u00bb\u00a0\u00bb translate_x=\u00a0\u00bb0&Prime; dima_z_index=\u00a0\u00bb0&Prime; delay=\u00a0\u00bb\u00a0\u00bb delay_duration=\u00a0\u00bb\u00a0\u00bb delay_offset=\u00a0\u00bb\u00a0\u00bb top_and_bottom_padding=\u00a0\u00bb\u00a0\u00bb left_and_right_padding=\u00a0\u00bb\u00a0\u00bb width=\u00a0\u00bb1\/3&Prime;][\/vc_column][\/vc_row][vc_row no_padding=\u00a0\u00bbtrue\u00a0\u00bb bg_type=\u00a0\u00bb\u00a0\u00bb dima_canvas_style=\u00a0\u00bb\u00a0\u00bb translate_x=\u00a0\u00bb0&Prime; dima_z_index=\u00a0\u00bb0&Prime; delay=\u00a0\u00bb\u00a0\u00bb delay_duration=\u00a0\u00bb\u00a0\u00bb delay_offset=\u00a0\u00bb\u00a0\u00bb top_and_bottom_padding=\u00a0\u00bb\u00a0\u00bb left_and_right_padding=\u00a0\u00bb\u00a0\u00bb id=\u00a0\u00bb\u00a0\u00bb class=\u00a0\u00bb\u00a0\u00bb border_color=\u00a0\u00bb\u00a0\u00bb][vc_column min_height=\u00a0\u00bb\u00a0\u00bb bg_type=\u00a0\u00bb\u00a0\u00bb dima_canvas_style=\u00a0\u00bb\u00a0\u00bb translate_x=\u00a0\u00bb0&Prime; dima_z_index=\u00a0\u00bb0&Prime; delay=\u00a0\u00bb\u00a0\u00bb [&hellip;]<\/p>\n","protected":false},"author":1,"featured_media":0,"parent":0,"menu_order":0,"comment_status":"closed","ping_status":"closed","template":"","meta":{"_uf_show_specific_survey":0,"_uf_disable_surveys":false,"footnotes":""},"class_list":["post-27790","page","type-page","status-publish","hentry"],"aioseo_notices":[],"amp_enabled":true,"_links":{"self":[{"href":"https:\/\/sebhau.edu.ly\/fr\/wp-json\/wp\/v2\/pages\/27790","targetHints":{"allow":["GET"]}}],"collection":[{"href":"https:\/\/sebhau.edu.ly\/fr\/wp-json\/wp\/v2\/pages"}],"about":[{"href":"https:\/\/sebhau.edu.ly\/fr\/wp-json\/wp\/v2\/types\/page"}],"author":[{"embeddable":true,"href":"https:\/\/sebhau.edu.ly\/fr\/wp-json\/wp\/v2\/users\/1"}],"replies":[{"embeddable":true,"href":"https:\/\/sebhau.edu.ly\/fr\/wp-json\/wp\/v2\/comments?post=27790"}],"version-history":[{"count":0,"href":"https:\/\/sebhau.edu.ly\/fr\/wp-json\/wp\/v2\/pages\/27790\/revisions"}],"wp:attachment":[{"href":"https:\/\/sebhau.edu.ly\/fr\/wp-json\/wp\/v2\/media?parent=27790"}],"curies":[{"name":"wp","href":"https:\/\/api.w.org\/{rel}","templated":true}]}}