{"id":27810,"date":"2021-09-03T07:49:01","date_gmt":"2021-09-03T04:49:01","guid":{"rendered":"https:\/\/sebhau.edu.ly\/bureau-des-affaires-juridiques\/"},"modified":"2023-12-03T08:33:45","modified_gmt":"2023-12-03T05:33:45","slug":"legal-affairs","status":"publish","type":"page","link":"https:\/\/sebhau.edu.ly\/fr\/legal-affairs\/","title":{"rendered":"Bureau des affaires juridiques"},"content":{"rendered":"<section class=\"wpb-content-wrapper\"><p>[vc_row bg_type=\u00a0\u00bb\u00a0\u00bb dima_canvas_style=\u00a0\u00bb\u00a0\u00bb translate_x=\u00a0\u00bb0&Prime; dima_z_index=\u00a0\u00bb0&Prime; delay=\u00a0\u00bb\u00a0\u00bb delay_duration=\u00a0\u00bb\u00a0\u00bb delay_offset=\u00a0\u00bb\u00a0\u00bb top_and_bottom_padding=\u00a0\u00bb\u00a0\u00bb left_and_right_padding=\u00a0\u00bb\u00a0\u00bb][vc_column min_height=\u00a0\u00bb\u00a0\u00bb bg_type=\u00a0\u00bb\u00a0\u00bb dima_canvas_style=\u00a0\u00bb\u00a0\u00bb translate_x=\u00a0\u00bb0&Prime; dima_z_index=\u00a0\u00bb0&Prime; delay=\u00a0\u00bb\u00a0\u00bb delay_duration=\u00a0\u00bb\u00a0\u00bb delay_offset=\u00a0\u00bb\u00a0\u00bb top_and_bottom_padding=\u00a0\u00bb\u00a0\u00bb left_and_right_padding=\u00a0\u00bb\u00a0\u00bb width=\u00a0\u00bb1\/1&Prime;]<h2  class=\"dima-custom-heading\" ><\/p>\n<h2>Bureau des Affaires Juridiques<\/h2>\n<p><\/h2>[\/vc_column][\/vc_row][vc_row equal_height=\u00a0\u00bbtrue\u00a0\u00bb dark=\u00a0\u00bbtrue\u00a0\u00bb bg_type=\u00a0\u00bb\u00a0\u00bb dima_canvas_style=\u00a0\u00bb\u00a0\u00bb translate_x=\u00a0\u00bb0&Prime; dima_z_index=\u00a0\u00bb0&Prime; delay=\u00a0\u00bb\u00a0\u00bb delay_duration=\u00a0\u00bb\u00a0\u00bb delay_offset=\u00a0\u00bb\u00a0\u00bb top_and_bottom_padding=\u00a0\u00bb\u00a0\u00bb left_and_right_padding=\u00a0\u00bb\u00a0\u00bb id=\u00a0\u00bb\u00a0\u00bb class=\u00a0\u00bb\u00a0\u00bb style=\u00a0\u00bb\u00a0\u00bb bg_color=\u00a0\u00bb#dddddd\u00a0\u00bb border_color=\u00a0\u00bb\u00a0\u00bb][vc_column min_height=\u00a0\u00bb\u00a0\u00bb bg_type=\u00a0\u00bb\u00a0\u00bb dima_canvas_style=\u00a0\u00bb\u00a0\u00bb translate_x=\u00a0\u00bb0&Prime; dima_z_index=\u00a0\u00bb0&Prime; delay=\u00a0\u00bb\u00a0\u00bb delay_duration=\u00a0\u00bb\u00a0\u00bb delay_offset=\u00a0\u00bb\u00a0\u00bb top_and_bottom_padding=\u00a0\u00bb\u00a0\u00bb left_and_right_padding=\u00a0\u00bb\u00a0\u00bb width=\u00a0\u00bb2\/3&Prime;]<h2  class=\"dima-custom-heading\" ><\/p>\n<h3><span style=\"color: #000000;\"><strong>Missions du Bureau des Affaires Juridiques\u00a0:<\/strong><\/span><\/h3>\n<p><\/h2><section class=\"elementor-element elementor-element-0cdcdd5 elementor-section-boxed elementor-section-height-default elementor-section-height-default elementor-section elementor-top-section\" data-id=\"0cdcdd5\" data-element_type=\"section\">\n<div class=\"elementor-container elementor-column-gap-default\">\n<div class=\"elementor-row\">\n<div class=\"elementor-element elementor-element-ad0d298 elementor-column elementor-col-100 elementor-top-column\" data-id=\"ad0d298\" data-element_type=\"column\">\n<div class=\"elementor-column-wrap elementor-element-populated\">\n<div class=\"elementor-widget-wrap\">\n<div class=\"elementor-element elementor-element-1f2abc3 elementor-widget elementor-widget-text-editor\" data-id=\"1f2abc3\" data-element_type=\"text-editor.default\">\n<div class=\"elementor-widget-container\">\n<div class=\"elementor-text-editor elementor-clearfix\">\n<h4><strong>Le Bureau des Affaires Juridiques de l&rsquo;Universit\u00e9 de Sebha exerce les devoirs et responsabilit\u00e9s suivants\u00a0:<\/strong><\/h4>\n<ol>\n<li>Pr\u00e9paration et r\u00e9daction de projets de r\u00e8glements et de d\u00e9cisions li\u00e9s \u00e0 l&rsquo;universit\u00e9, en coordination avec les autorit\u00e9s comp\u00e9tentes.<\/li>\n<li>\u00c9mission d&rsquo;avis juridiques sur les questions qui lui sont pr\u00e9sent\u00e9es, ainsi que la r\u00e9daction de m\u00e9moires juridiques \u00e0 cet effet.<\/li>\n<li>\u00c9laboration de la formulation des contrats conclus par l&rsquo;universit\u00e9.<\/li>\n<li>R\u00e9daction de projets d&rsquo;accords conclus par l&rsquo;universit\u00e9 avec d&rsquo;autres entit\u00e9s.<\/li>\n<li>Communication avec les administrations et les bureaux juridiques des autres secteurs sur toutes les questions juridiques pertinentes pour l&rsquo;universit\u00e9.<\/li>\n<li>Suivi des actions en justice intent\u00e9es par l&rsquo;universit\u00e9 ou contre elle, avec la pr\u00e9paration des m\u00e9moires juridiques n\u00e9cessaires.<\/li>\n<li>Gestion des enqu\u00eates qui lui sont confi\u00e9es et pr\u00e9sentation des r\u00e9sultats.<\/li>\n<li>Ex\u00e9cution de toute autre mission qui lui est confi\u00e9e.<\/li>\n<\/ol>\n<\/div>\n<\/div>\n<\/div>\n<\/div>\n<\/div>\n<\/div>\n<\/div>\n<\/div>\n<\/section>\n<a href='https:\/\/sebhau.edu.ly\/decisions\/' target=\"_blank\" rel=\"noopener\"><div  class=\"dima-iconbox no-box text-center features-box\" ><header  class=\"icon-box-header\" ><span style=\"color:#c4912c;\" class=\"svg_icon  box-circle icon-box-small  icon-box-hover\" ><i class=\"fas fa-gavel\"><\/i><\/span><\/header><div  class=\"features-content\" ><h5 class=\"features-title\" ><\/h5>D\u00e9cisions et Circulaires<\/div><\/div><\/a>[\/vc_column][vc_column min_height=\u00a0\u00bb\u00a0\u00bb bg_type=\u00a0\u00bb\u00a0\u00bb dima_canvas_style=\u00a0\u00bb\u00a0\u00bb translate_x=\u00a0\u00bb0&Prime; dima_z_index=\u00a0\u00bb0&Prime; delay=\u00a0\u00bb\u00a0\u00bb delay_duration=\u00a0\u00bb\u00a0\u00bb delay_offset=\u00a0\u00bb\u00a0\u00bb top_and_bottom_padding=\u00a0\u00bb\u00a0\u00bb left_and_right_padding=\u00a0\u00bb\u00a0\u00bb width=\u00a0\u00bb1\/3&Prime;]<div class=\"column-item overflow-hidden text-center rounded\"><img loading=\"lazy\" decoding=\"async\" width=\"960\" height=\"640\"  class=\"dima-img \" src=\"https:\/\/sebhau.edu.ly\/wp-content\/uploads\/2021\/09\/decisions2.jpg\"   alt=\"\"><\/div>[\/vc_column][\/vc_row][vc_row bg_type=\u00a0\u00bb\u00a0\u00bb dima_canvas_style=\u00a0\u00bb\u00a0\u00bb translate_x=\u00a0\u00bb0&Prime; dima_z_index=\u00a0\u00bb0&Prime; delay=\u00a0\u00bb\u00a0\u00bb delay_duration=\u00a0\u00bb\u00a0\u00bb delay_offset=\u00a0\u00bb\u00a0\u00bb top_and_bottom_padding=\u00a0\u00bb\u00a0\u00bb left_and_right_padding=\u00a0\u00bb\u00a0\u00bb][vc_column min_height=\u00a0\u00bb\u00a0\u00bb bg_type=\u00a0\u00bb\u00a0\u00bb dima_canvas_style=\u00a0\u00bb\u00a0\u00bb translate_x=\u00a0\u00bb0&Prime; dima_z_index=\u00a0\u00bb0&Prime; delay=\u00a0\u00bb\u00a0\u00bb delay_duration=\u00a0\u00bb\u00a0\u00bb delay_offset=\u00a0\u00bb\u00a0\u00bb top_and_bottom_padding=\u00a0\u00bb\u00a0\u00bb left_and_right_padding=\u00a0\u00bb\u00a0\u00bb width=\u00a0\u00bb1\/1&Prime;]<h2  class=\"dima-custom-heading\" ><\/p>\n<h2 style=\"text-align: center;\"><strong>Division des Consultations Juridiques<\/strong><\/h2>\n<p><\/h2><div  class=\"dima-divider full-divider line-hr\" ><\/div><div  class=\"dima-tabs  dima-tab-style columns-4-tab\" ><ul class=\"dima-tab-nav float-start\"><li  class=\"tab active\" ><a href=\"#tab-1\" data-toggle=\"tab\">Division des Consultations Juridiques et de Gestion des Plaintes<\/a><\/li><li  class=\"tab\" ><a href=\"#tab-2\" data-toggle=\"tab\">Suivi des Affaires <\/a><\/li><li  class=\"tab\" ><a href=\"#tab-3\" data-toggle=\"tab\">Contrats et D\u00e9cisions<\/a><\/li><li  class=\"tab\" ><a href=\"#tab-4\" data-toggle=\"tab\">Affaires Administratives et Archives<\/a><\/li><\/ul><div  class=\"dima-tab-content\" ><div id=\"tab-1\" class=\"tab-pane fade in clearfix dima-tab_content fade in active\" ><\/p>\n<h3>Le d\u00e9partement est sp\u00e9cialis\u00e9 dans les domaines suivants :<\/h3>\n<ol>\n<li>Fournir des avis et des conseils juridiques sur les questions qui lui sont soumises.<\/li>\n<li>R\u00e9diger des m\u00e9moires juridiques que le pr\u00e9sident de l&rsquo;universit\u00e9 ou son repr\u00e9sentant soumet \u00e0 son examen.<\/li>\n<li>Mener des enqu\u00eates et examiner les plaintes li\u00e9es \u00e0 l&rsquo;universit\u00e9.<\/li>\n<li>Participer aux comit\u00e9s, r\u00e9unions et missions n\u00e9cessitant la pr\u00e9sence d&rsquo;\u00e9l\u00e9ments juridiques li\u00e9s au travail de la division.<\/li>\n<li>Participer \u00e0 la pr\u00e9paration et \u00e0 la r\u00e9vision des lois et des l\u00e9gislations li\u00e9es \u00e0 l&rsquo;universit\u00e9.<\/li>\n<li>Accomplir les t\u00e2ches qui lui sont confi\u00e9es par le directeur du bureau.<\/li>\n<li>Pr\u00e9parer des rapports p\u00e9riodiques et annuels dans le domaine de travail de la division.<\/li>\n<li>Cette division joue un r\u00f4le essentiel dans la fourniture de conseils juridiques, la r\u00e9solution de plaintes et la garantie de la conformit\u00e9 juridique dans les activit\u00e9s de l&rsquo;Universit\u00e9 de Sebha.<\/li>\n<\/ol>\n<p><\/div><div id=\"tab-2\" class=\"tab-pane fade in clearfix dima-tab_content\" ><\/p>\n<h3><strong>Le d\u00e9partement est sp\u00e9cialis\u00e9 dans les domaines suivants<\/strong> <strong>:<\/strong><\/h3>\n<ol>\n<li>Suivi des affaires intent\u00e9es par l&rsquo;universit\u00e9 ou dirig\u00e9es contre elle, en coordination avec la gestion des affaires judiciaires et ses branches dans diff\u00e9rentes r\u00e9gions et entit\u00e9s affili\u00e9es \u00e0 l&rsquo;universit\u00e9.<\/li>\n<li>Pr\u00e9paration de m\u00e9moires juridiques et de d\u00e9fenses n\u00e9cessaires pour les affaires en cours impliquant ou visant l&rsquo;universit\u00e9.<\/li>\n<li>Inventaire des affaires en cours, en sp\u00e9cifiant la phase \u00e0 laquelle se trouve chaque affaire.<\/li>\n<li>Ex\u00e9cution des t\u00e2ches qui lui sont confi\u00e9es par le directeur du bureau.<\/li>\n<li>Pr\u00e9paration de rapports p\u00e9riodiques et annuels dans le domaine de travail de la division.<\/li>\n<\/ol>\n<p>Cette division joue un r\u00f4le crucial dans le suivi des litiges juridiques impliquant l&rsquo;Universit\u00e9 de Sebha, en assurant une gestion efficace et une repr\u00e9sentation juridique ad\u00e9quate dans les proc\u00e9dures judiciaires.<\/div><div id=\"tab-3\" class=\"tab-pane fade in clearfix dima-tab_content\" ><\/p>\n<h3>Le d\u00e9partement est sp\u00e9cialis\u00e9 dans les domaines suivants :<\/h3>\n<ol>\n<li>Pr\u00e9paration et r\u00e9vision de projets de contrats auxquels l&rsquo;universit\u00e9 est partie.<\/li>\n<li>Gestion et pr\u00e9servation des documents et des registres li\u00e9s aux contrats.<\/li>\n<li>Pr\u00e9paration et r\u00e9daction des d\u00e9cisions transmises par le pr\u00e9sident, le vice-pr\u00e9sident ou le secr\u00e9taire g\u00e9n\u00e9ral, avec enregistrement, cachetage et supervision de leur transmission.<\/li>\n<li>Participation aux r\u00e9unions, comit\u00e9s et missions li\u00e9s au travail de la division.<\/li>\n<li>Ex\u00e9cution des t\u00e2ches qui lui sont confi\u00e9es par le directeur du bureau.<\/li>\n<li>Pr\u00e9paration de rapports p\u00e9riodiques et annuels dans le domaine de travail de la division.<\/li>\n<\/ol>\n<p><\/div><div id=\"tab-4\" class=\"tab-pane fade in clearfix dima-tab_content\" ><\/p>\n<h3><strong>Le d\u00e9partement est sp\u00e9cialis\u00e9 dans les domaines suivants<\/strong><strong>\u00a0: &#8211;<\/strong><\/h3>\n<ol>\n<li>Ouverture et gestion des registres li\u00e9s aux travaux du courrier entrant et sortant, aux d\u00e9cisions, aux contrats, avec organisation, documentation et distribution.<\/li>\n<li>Ex\u00e9cution des t\u00e2ches d&rsquo;impression, de reproduction et de photographie.<\/li>\n<li>Suivi des heures d&rsquo;arriv\u00e9e et de d\u00e9part du personnel relevant du bureau.<\/li>\n<li>Identification des besoins en fournitures de bureau, en \u00e9quipements de bureau, en articles de papeterie et autres n\u00e9cessit\u00e9s pour le travail au bureau.<\/li>\n<li>Suivi des proc\u00e9dures concernant la correspondance sortante du bureau.<\/li>\n<li>R\u00e9alisation des t\u00e2ches li\u00e9es \u00e0 l&rsquo;accueil et aux demandes d&rsquo;information des visiteurs du bureau.<\/li>\n<li>Participation aux r\u00e9unions, comit\u00e9s et missions li\u00e9s au travail de la division.<\/li>\n<li>Ex\u00e9cution des t\u00e2ches qui lui sont confi\u00e9es par le directeur du bureau.<\/li>\n<li>Pr\u00e9paration de rapports p\u00e9riodiques et annuels dans le domaine de travail de la division.<\/li>\n<li>Gestion des proc\u00e9dures d&rsquo;octroi de cong\u00e9s pour tous les employ\u00e9s du bureau, de toutes les cat\u00e9gories.<\/li>\n<li>Remise des lettres entrantes au directeur du bureau apr\u00e8s leur enregistrement dans le registre des lettres entrantes.<\/li>\n<li>Conservation de copies des correspondances entrantes et sortantes dans des dossiers sp\u00e9cifiques.<\/li>\n<li>Remise des lettres sortantes aux destinataires apr\u00e8s leur enregistrement dans le registre des lettres sortantes.<\/li>\n<\/ol>\n<p><\/div><\/div><\/div>[\/vc_column][\/vc_row][vc_row full_w_bg=\u00a0\u00bbtrue\u00a0\u00bb bg_type=\u00a0\u00bbbg_image\u00a0\u00bb back_repeat=\u00a0\u00bbrepeat\u00a0\u00bb dima_canvas_style=\u00a0\u00bbcanvas_1&Prime; dima_canvas_color=\u00a0\u00bbrgba(255,255,255,0.2)\u00a0\u00bb translate_x=\u00a0\u00bb0&Prime; dima_z_index=\u00a0\u00bb0&Prime; delay=\u00a0\u00bb\u00a0\u00bb delay_duration=\u00a0\u00bb\u00a0\u00bb delay_offset=\u00a0\u00bb\u00a0\u00bb top_and_bottom_padding=\u00a0\u00bb\u00a0\u00bb left_and_right_padding=\u00a0\u00bb\u00a0\u00bb id=\u00a0\u00bb\u00a0\u00bb class=\u00a0\u00bb\u00a0\u00bb di_bg_image=\u00a0\u00bb5895&Prime; border_color=\u00a0\u00bb\u00a0\u00bb][vc_column min_height=\u00a0\u00bb\u00a0\u00bb bg_type=\u00a0\u00bb\u00a0\u00bb dima_canvas_style=\u00a0\u00bb\u00a0\u00bb translate_x=\u00a0\u00bb0&Prime; dima_z_index=\u00a0\u00bb0&Prime; delay=\u00a0\u00bb\u00a0\u00bb delay_duration=\u00a0\u00bb\u00a0\u00bb delay_offset=\u00a0\u00bb\u00a0\u00bb top_and_bottom_padding=\u00a0\u00bb\u00a0\u00bb left_and_right_padding=\u00a0\u00bb\u00a0\u00bb width=\u00a0\u00bb1\/2&Prime;]<a   data-direction=\"down\" class=\"dima-button  dima-btn-pill stroke dima-btn-big float-end\"  href=\"https:\/\/sebhau.edu.ly\/elec\/theme\/upload\/clues\/%D8%A7%D8%B3%D8%AA%D8%B1%D8%A7%D8%AA%D9%8A%D8%AC%D9%8A%D8%A9_%D9%85%D9%83%D8%AA%D8%A8_%D8%A7%D9%84%D8%B4%D8%A4%D9%88%D9%86_%D8%A7%D9%84%D9%82%D8%A7%D9%86%D9%88%D9%86%D9%8A%D8%A9.pdf\"  target=\"_blank\" rel=\"noopener\"  >Plan de travail du Bureau des affaires juridiques<\/a>[\/vc_column][vc_column min_height=\u00a0\u00bb\u00a0\u00bb bg_type=\u00a0\u00bb\u00a0\u00bb dima_canvas_style=\u00a0\u00bb\u00a0\u00bb translate_x=\u00a0\u00bb0&Prime; dima_z_index=\u00a0\u00bb0&Prime; delay=\u00a0\u00bb\u00a0\u00bb delay_duration=\u00a0\u00bb\u00a0\u00bb delay_offset=\u00a0\u00bb\u00a0\u00bb top_and_bottom_padding=\u00a0\u00bb\u00a0\u00bb left_and_right_padding=\u00a0\u00bb\u00a0\u00bb width=\u00a0\u00bb1\/2&Prime;]<a   data-direction=\"down\" class=\"dima-button di_white  dima-btn-pill stroke dima-btn-big float-start\"  href=\"https:\/\/sebhau.edu.ly\/elec\/theme\/upload\/clues\/%D8%A7%D9%84%D8%AA%D9%82%D8%B3%D9%8A%D9%85%D8%A7%D8%AA.pdf\"  target=\"_blank\" rel=\"noopener\"  >Divisions organisationnelles du Bureau des affaires juridiques<\/a>[\/vc_column][\/vc_row][vc_row bg_type=\u00a0\u00bb\u00a0\u00bb dima_canvas_style=\u00a0\u00bb\u00a0\u00bb translate_x=\u00a0\u00bb0&Prime; dima_z_index=\u00a0\u00bb0&Prime; delay=\u00a0\u00bb\u00a0\u00bb delay_duration=\u00a0\u00bb\u00a0\u00bb delay_offset=\u00a0\u00bb\u00a0\u00bb top_and_bottom_padding=\u00a0\u00bb\u00a0\u00bb left_and_right_padding=\u00a0\u00bb\u00a0\u00bb][vc_column min_height=\u00a0\u00bb\u00a0\u00bb bg_type=\u00a0\u00bb\u00a0\u00bb dima_canvas_style=\u00a0\u00bb\u00a0\u00bb translate_x=\u00a0\u00bb0&Prime; dima_z_index=\u00a0\u00bb0&Prime; delay=\u00a0\u00bb\u00a0\u00bb delay_duration=\u00a0\u00bb\u00a0\u00bb delay_offset=\u00a0\u00bb\u00a0\u00bb top_and_bottom_padding=\u00a0\u00bb\u00a0\u00bb left_and_right_padding=\u00a0\u00bb\u00a0\u00bb width=\u00a0\u00bb1\/1&Prime;]<div  class=\"social-media text-center\" ><div class=\"social-media dima-social-post social-medium\"><ul class=\"inline clearfix\"><li><a href=\"#share\" data-toggle=\"tooltip\" data-trigger=\"hover\" data-placement=\"bottom\"  title=\"Share on Facebook\" onclick=\"window.open('http:\/\/www.facebook.com\/sharer.php?u=https%3A%2F%2Fsebhau.edu.ly%2Ffr%2Flegal-affairs%2F&amp;t=Bureau+des+affaires+juridiques', 'popupFacebook', 'width=650, height=270, resizable=0, toolbar=0, menubar=0, status=0, location=0, scrollbars=0'); return false;\"><i class=\"fa-brands fa-facebook-f\"><\/i><\/a><\/li><li><a href=\"#share\" data-toggle=\"tooltip\" data-trigger=\"hover\" data-placement=\"bottom\"  title=\"Share on Twitter\" onclick=\"window.open('https:\/\/twitter.com\/intent\/tweet?text=Bureau+des+affaires+juridiques&amp;url=https%3A%2F%2Fsebhau.edu.ly%2Ffr%2Flegal-affairs%2F', 'popupTwitter', 'width=500, height=370, resizable=0, toolbar=0, menubar=0, status=0, location=0, scrollbars=0'); return false;\"><i class=\"fa-brands  fa-twitter\"><\/i><\/a><\/li><li><a href=\"#share\" data-toggle=\"tooltip\" data-trigger=\"hover\" data-placement=\"bottom\"  title=\"Share on LinkedIn\" onclick=\"window.open('http:\/\/www.linkedin.com\/shareArticle?mini=true&amp;url=https%3A%2F%2Fsebhau.edu.ly%2Ffr%2Flegal-affairs%2F&amp;title=Bureau+des+affaires+juridiques&amp;summary=%5Bvc_row+bg_type%3D%C2%A0%C2%BB%C2%A0%C2%BB+dima_canvas_style%3D%C2%A0%C2%BB%C2%A0%C2%BB+translate_x%3D%C2%A0%C2%BB0%26Prime%3B+dima_z_index%3D%C2%A0%C2%BB0%26Prime%3B+delay%3D%C2%A0%C2%BB%C2%A0%C2%BB+delay_duration%3D%C2%A0%C2%BB%C2%A0%C2%BB+delay_offset%3D%C2%A0%C2%BB%C2%A0%C2%BB+top_and_bottom_padding%3D%C2%A0%C2%BB%C2%A0%C2%BB+left_and_right_padding%3D%C2%A0%C2%BB%C2%A0%C2%BB%5D%5Bvc_column+min_height%3D%C2%A0%C2%BB%C2%A0%C2%BB+bg_type%3D%C2%A0%C2%BB%C2%A0%C2%BB+dima_canvas_style%3D%C2%A0%C2%BB%C2%A0%C2%BB+translate_x%3D%C2%A0%C2%BB0%26Prime%3B+dima_z_index%3D%C2%A0%C2%BB0%26Prime%3B+delay%3D%C2%A0%C2%BB%C2%A0%C2%BB+delay_duration%3D%C2%A0%C2%BB%C2%A0%C2%BB+delay_offset%3D%C2%A0%C2%BB%C2%A0%C2%BB+top_and_bottom_padding%3D%C2%A0%C2%BB%C2%A0%C2%BB+left_and_right_padding%3D%C2%A0%C2%BB%C2%A0%C2%BB+width%3D%C2%A0%C2%BB1%2F1%26Prime%3B%5D%5B%2Fvc_column%5D%5B%2Fvc_row%5D%5Bvc_row+equal_height%3D%C2%A0%C2%BBtrue%C2%A0%C2%BB+dark%3D%C2%A0%C2%BBtrue%C2%A0%C2%BB+bg_type%3D%C2%A0%C2%BB%C2%A0%C2%BB+dima_canvas_style%3D%C2%A0%C2%BB%C2%A0%C2%BB+translate_x%3D%C2%A0%C2%BB0%26Prime%3B+dima_z_index%3D%C2%A0%C2%BB0%26Prime%3B+delay%3D%C2%A0%C2%BB%C2%A0%C2%BB+delay_duration%3D%C2%A0%C2%BB%C2%A0%C2%BB+delay_offset%3D%C2%A0%C2%BB%C2%A0%C2%BB+top_and_bottom_padding%3D%C2%A0%C2%BB%C2%A0%C2%BB+left_and_right_padding%3D%C2%A0%C2%BB%C2%A0%C2%BB+id%3D%C2%A0%C2%BB%C2%A0%C2%BB+class%3D%C2%A0%C2%BB%C2%A0%C2%BB+style%3D%C2%A0%C2%BB%C2%A0%C2%BB+bg_color%3D%C2%A0%C2%BB%23dddddd%C2%A0%C2%BB+border_color%3D%C2%A0%C2%BB%C2%A0%C2%BB%5D%5Bvc_column+min_height%3D%C2%A0%C2%BB%C2%A0%C2%BB+bg_type%3D%C2%A0%C2%BB%C2%A0%C2%BB+dima_canvas_style%3D%C2%A0%C2%BB%C2%A0%C2%BB+translate_x%3D%C2%A0%C2%BB0%26Prime%3B+dima_z_index%3D%C2%A0%C2%BB0%26Prime%3B+delay%3D%C2%A0%C2%BB%C2%A0%C2%BB+delay_duration%3D%C2%A0%C2%BB%C2%A0%C2%BB+delay_offset%3D%C2%A0%C2%BB%C2%A0%C2%BB+top_and_bottom_padding%3D%C2%A0%C2%BB%C2%A0%C2%BB+left_and_right_padding%3D%C2%A0%C2%BB%C2%A0%C2%BB+width%3D%C2%A0%C2%BB2%2F3%26Prime%3B%5D%5B%2Fvc_column%5D%5Bvc_column+min_height%3D%C2%A0%C2%BB%C2%A0%C2%BB+bg_type%3D%C2%A0%C2%BB%C2%A0%C2%BB+dima_canvas_style%3D%C2%A0%C2%BB%C2%A0%C2%BB+translate_x%3D%C2%A0%C2%BB0%26Prime%3B+dima_z_index%3D%C2%A0%C2%BB0%26Prime%3B+delay%3D%C2%A0%C2%BB%C2%A0%C2%BB+delay_duration%3D%C2%A0%C2%BB%C2%A0%C2%BB+%5B%26hellip%3B%5D&amp;source=%D8%AC%D8%A7%D9%85%D8%B9%D8%A9+%D8%B3%D8%A8%D9%87%D8%A7+%7C+Sebha+University', 'popupLinkedIn', 'width=610, height=480, resizable=0, toolbar=0, menubar=0, status=0, location=0, scrollbars=0'); return false;\"><i class=\"fa-brands fa-linkedin\"><\/i><\/a><\/li><li><a href=\"#share\" data-toggle=\"tooltip\" data-trigger=\"hover\" data-placement=\"bottom\"  title=\"Share on Pinterest\" onclick=\"window.open('http:\/\/pinterest.com\/pin\/create\/button\/?url=https%3A%2F%2Fsebhau.edu.ly%2Ffr%2Flegal-affairs%2F&amp;media=&amp;description=%5Bvc_row+bg_type%3D%C2%A0%C2%BB%C2%A0%C2%BB+dima_canvas_style%3D%C2%A0%C2%BB%C2%A0%C2%BB+translate_x%3D%C2%A0%C2%BB0%26Prime%3B+dima_z_index%3D%C2%A0%C2%BB0%26Prime%3B+delay%3D%C2%A0%C2%BB%C2%A0%C2%BB+delay_duration%3D%C2%A0%C2%BB%C2%A0%C2%BB+delay_offset%3D%C2%A0%C2%BB%C2%A0%C2%BB+top_and_bottom_padding%3D%C2%A0%C2%BB%C2%A0%C2%BB+left_and_right_padding%3D%C2%A0%C2%BB%C2%A0%C2%BB%5D%5Bvc_column+min_height%3D%C2%A0%C2%BB%C2%A0%C2%BB+bg_type%3D%C2%A0%C2%BB%C2%A0%C2%BB+dima_canvas_style%3D%C2%A0%C2%BB%C2%A0%C2%BB+translate_x%3D%C2%A0%C2%BB0%26Prime%3B+dima_z_index%3D%C2%A0%C2%BB0%26Prime%3B+delay%3D%C2%A0%C2%BB%C2%A0%C2%BB+delay_duration%3D%C2%A0%C2%BB%C2%A0%C2%BB+delay_offset%3D%C2%A0%C2%BB%C2%A0%C2%BB+top_and_bottom_padding%3D%C2%A0%C2%BB%C2%A0%C2%BB+left_and_right_padding%3D%C2%A0%C2%BB%C2%A0%C2%BB+width%3D%C2%A0%C2%BB1%2F1%26Prime%3B%5D%5B%2Fvc_column%5D%5B%2Fvc_row%5D%5Bvc_row+equal_height%3D%C2%A0%C2%BBtrue%C2%A0%C2%BB+dark%3D%C2%A0%C2%BBtrue%C2%A0%C2%BB+bg_type%3D%C2%A0%C2%BB%C2%A0%C2%BB+dima_canvas_style%3D%C2%A0%C2%BB%C2%A0%C2%BB+translate_x%3D%C2%A0%C2%BB0%26Prime%3B+dima_z_index%3D%C2%A0%C2%BB0%26Prime%3B+delay%3D%C2%A0%C2%BB%C2%A0%C2%BB+delay_duration%3D%C2%A0%C2%BB%C2%A0%C2%BB+delay_offset%3D%C2%A0%C2%BB%C2%A0%C2%BB+top_and_bottom_padding%3D%C2%A0%C2%BB%C2%A0%C2%BB+left_and_right_padding%3D%C2%A0%C2%BB%C2%A0%C2%BB+id%3D%C2%A0%C2%BB%C2%A0%C2%BB+class%3D%C2%A0%C2%BB%C2%A0%C2%BB+style%3D%C2%A0%C2%BB%C2%A0%C2%BB+bg_color%3D%C2%A0%C2%BB%23dddddd%C2%A0%C2%BB+border_color%3D%C2%A0%C2%BB%C2%A0%C2%BB%5D%5Bvc_column+min_height%3D%C2%A0%C2%BB%C2%A0%C2%BB+bg_type%3D%C2%A0%C2%BB%C2%A0%C2%BB+dima_canvas_style%3D%C2%A0%C2%BB%C2%A0%C2%BB+translate_x%3D%C2%A0%C2%BB0%26Prime%3B+dima_z_index%3D%C2%A0%C2%BB0%26Prime%3B+delay%3D%C2%A0%C2%BB%C2%A0%C2%BB+delay_duration%3D%C2%A0%C2%BB%C2%A0%C2%BB+delay_offset%3D%C2%A0%C2%BB%C2%A0%C2%BB+top_and_bottom_padding%3D%C2%A0%C2%BB%C2%A0%C2%BB+left_and_right_padding%3D%C2%A0%C2%BB%C2%A0%C2%BB+width%3D%C2%A0%C2%BB2%2F3%26Prime%3B%5D%5B%2Fvc_column%5D%5Bvc_column+min_height%3D%C2%A0%C2%BB%C2%A0%C2%BB+bg_type%3D%C2%A0%C2%BB%C2%A0%C2%BB+dima_canvas_style%3D%C2%A0%C2%BB%C2%A0%C2%BB+translate_x%3D%C2%A0%C2%BB0%26Prime%3B+dima_z_index%3D%C2%A0%C2%BB0%26Prime%3B+delay%3D%C2%A0%C2%BB%C2%A0%C2%BB+delay_duration%3D%C2%A0%C2%BB%C2%A0%C2%BB+%5B%26hellip%3B%5D', 'popupPinterest', 'width=750, height=265, resizable=0, toolbar=0, menubar=0, status=0, location=0, scrollbars=0'); return false;\"><i class=\"fa-brands fa-pinterest\"><\/i><\/a><\/li><\/ul><\/div><\/div>[\/vc_column][\/vc_row]<\/p>\n<\/section>","protected":false},"excerpt":{"rendered":"<p>[vc_row bg_type=\u00a0\u00bb\u00a0\u00bb dima_canvas_style=\u00a0\u00bb\u00a0\u00bb translate_x=\u00a0\u00bb0&Prime; dima_z_index=\u00a0\u00bb0&Prime; delay=\u00a0\u00bb\u00a0\u00bb delay_duration=\u00a0\u00bb\u00a0\u00bb delay_offset=\u00a0\u00bb\u00a0\u00bb top_and_bottom_padding=\u00a0\u00bb\u00a0\u00bb left_and_right_padding=\u00a0\u00bb\u00a0\u00bb][vc_column min_height=\u00a0\u00bb\u00a0\u00bb bg_type=\u00a0\u00bb\u00a0\u00bb dima_canvas_style=\u00a0\u00bb\u00a0\u00bb translate_x=\u00a0\u00bb0&Prime; dima_z_index=\u00a0\u00bb0&Prime; delay=\u00a0\u00bb\u00a0\u00bb delay_duration=\u00a0\u00bb\u00a0\u00bb delay_offset=\u00a0\u00bb\u00a0\u00bb top_and_bottom_padding=\u00a0\u00bb\u00a0\u00bb left_and_right_padding=\u00a0\u00bb\u00a0\u00bb width=\u00a0\u00bb1\/1&Prime;][\/vc_column][\/vc_row][vc_row equal_height=\u00a0\u00bbtrue\u00a0\u00bb dark=\u00a0\u00bbtrue\u00a0\u00bb bg_type=\u00a0\u00bb\u00a0\u00bb dima_canvas_style=\u00a0\u00bb\u00a0\u00bb translate_x=\u00a0\u00bb0&Prime; dima_z_index=\u00a0\u00bb0&Prime; delay=\u00a0\u00bb\u00a0\u00bb delay_duration=\u00a0\u00bb\u00a0\u00bb delay_offset=\u00a0\u00bb\u00a0\u00bb top_and_bottom_padding=\u00a0\u00bb\u00a0\u00bb left_and_right_padding=\u00a0\u00bb\u00a0\u00bb id=\u00a0\u00bb\u00a0\u00bb class=\u00a0\u00bb\u00a0\u00bb style=\u00a0\u00bb\u00a0\u00bb bg_color=\u00a0\u00bb#dddddd\u00a0\u00bb border_color=\u00a0\u00bb\u00a0\u00bb][vc_column min_height=\u00a0\u00bb\u00a0\u00bb bg_type=\u00a0\u00bb\u00a0\u00bb dima_canvas_style=\u00a0\u00bb\u00a0\u00bb translate_x=\u00a0\u00bb0&Prime; dima_z_index=\u00a0\u00bb0&Prime; delay=\u00a0\u00bb\u00a0\u00bb delay_duration=\u00a0\u00bb\u00a0\u00bb delay_offset=\u00a0\u00bb\u00a0\u00bb top_and_bottom_padding=\u00a0\u00bb\u00a0\u00bb left_and_right_padding=\u00a0\u00bb\u00a0\u00bb width=\u00a0\u00bb2\/3&Prime;][\/vc_column][vc_column min_height=\u00a0\u00bb\u00a0\u00bb bg_type=\u00a0\u00bb\u00a0\u00bb dima_canvas_style=\u00a0\u00bb\u00a0\u00bb translate_x=\u00a0\u00bb0&Prime; dima_z_index=\u00a0\u00bb0&Prime; delay=\u00a0\u00bb\u00a0\u00bb delay_duration=\u00a0\u00bb\u00a0\u00bb [&hellip;]<\/p>\n","protected":false},"author":1,"featured_media":0,"parent":0,"menu_order":0,"comment_status":"closed","ping_status":"closed","template":"","meta":{"_uf_show_specific_survey":0,"_uf_disable_surveys":false,"footnotes":""},"class_list":["post-27810","page","type-page","status-publish","hentry"],"aioseo_notices":[],"amp_enabled":true,"_links":{"self":[{"href":"https:\/\/sebhau.edu.ly\/fr\/wp-json\/wp\/v2\/pages\/27810","targetHints":{"allow":["GET"]}}],"collection":[{"href":"https:\/\/sebhau.edu.ly\/fr\/wp-json\/wp\/v2\/pages"}],"about":[{"href":"https:\/\/sebhau.edu.ly\/fr\/wp-json\/wp\/v2\/types\/page"}],"author":[{"embeddable":true,"href":"https:\/\/sebhau.edu.ly\/fr\/wp-json\/wp\/v2\/users\/1"}],"replies":[{"embeddable":true,"href":"https:\/\/sebhau.edu.ly\/fr\/wp-json\/wp\/v2\/comments?post=27810"}],"version-history":[{"count":0,"href":"https:\/\/sebhau.edu.ly\/fr\/wp-json\/wp\/v2\/pages\/27810\/revisions"}],"wp:attachment":[{"href":"https:\/\/sebhau.edu.ly\/fr\/wp-json\/wp\/v2\/media?parent=27810"}],"curies":[{"name":"wp","href":"https:\/\/api.w.org\/{rel}","templated":true}]}}