{"id":27850,"date":"2021-09-04T18:15:25","date_gmt":"2021-09-04T15:15:25","guid":{"rendered":"https:\/\/sebhau.edu.ly\/bureau-de-conseil-technique\/"},"modified":"2024-05-29T13:37:40","modified_gmt":"2024-05-29T10:37:40","slug":"office-technical-consulting","status":"publish","type":"page","link":"https:\/\/sebhau.edu.ly\/fr\/office-technical-consulting\/","title":{"rendered":"Bureau de consultation technique"},"content":{"rendered":"<section class=\"wpb-content-wrapper\"><p>[vc_row bg_type=\u00a0\u00bb\u00a0\u00bb dima_canvas_style=\u00a0\u00bb\u00a0\u00bb translate_x=\u00a0\u00bb0&Prime; dima_z_index=\u00a0\u00bb0&Prime; delay=\u00a0\u00bb\u00a0\u00bb delay_duration=\u00a0\u00bb\u00a0\u00bb delay_offset=\u00a0\u00bb\u00a0\u00bb top_and_bottom_padding=\u00a0\u00bb\u00a0\u00bb left_and_right_padding=\u00a0\u00bb\u00a0\u00bb][vc_column min_height=\u00a0\u00bb\u00a0\u00bb bg_type=\u00a0\u00bb\u00a0\u00bb dima_canvas_style=\u00a0\u00bb\u00a0\u00bb translate_x=\u00a0\u00bb0&Prime; dima_z_index=\u00a0\u00bb0&Prime; delay=\u00a0\u00bb\u00a0\u00bb delay_duration=\u00a0\u00bb\u00a0\u00bb delay_offset=\u00a0\u00bb\u00a0\u00bb top_and_bottom_padding=\u00a0\u00bb\u00a0\u00bb left_and_right_padding=\u00a0\u00bb\u00a0\u00bb width=\u00a0\u00bb1\/1&Prime;]<h2  class=\"dima-custom-heading\" ><\/p>\n<h2>Le bureau des consultations techniques de l&rsquo;Universit\u00e9 de Sebha<\/h2>\n<p><\/h2>[\/vc_column][\/vc_row][vc_row bg_type=\u00a0\u00bb\u00a0\u00bb dima_canvas_style=\u00a0\u00bb\u00a0\u00bb translate_x=\u00a0\u00bb0&Prime; dima_z_index=\u00a0\u00bb0&Prime; delay=\u00a0\u00bb\u00a0\u00bb delay_duration=\u00a0\u00bb\u00a0\u00bb delay_offset=\u00a0\u00bb\u00a0\u00bb top_and_bottom_padding=\u00a0\u00bb\u00a0\u00bb left_and_right_padding=\u00a0\u00bb\u00a0\u00bb][vc_column min_height=\u00a0\u00bb\u00a0\u00bb bg_type=\u00a0\u00bb\u00a0\u00bb dima_canvas_style=\u00a0\u00bb\u00a0\u00bb translate_x=\u00a0\u00bb0&Prime; dima_z_index=\u00a0\u00bb0&Prime; delay=\u00a0\u00bb\u00a0\u00bb delay_duration=\u00a0\u00bb\u00a0\u00bb delay_offset=\u00a0\u00bb\u00a0\u00bb top_and_bottom_padding=\u00a0\u00bb\u00a0\u00bb left_and_right_padding=\u00a0\u00bb\u00a0\u00bb width=\u00a0\u00bb2\/3&Prime;]<h4><strong>Le Bureau de Conseil Technique <a href=\"http:\/\/sebhau.edu.ly\/ar\/\">de l\u2019Universit\u00e9 Sebha<\/a> est sp\u00e9cialis\u00e9 dans les missions suivantes :<\/strong><\/h4>\n<ol>\n<li>Fournir des services techniques aux entit\u00e9s publiques, priv\u00e9es et aux individus dans diverses disciplines de l&rsquo;universit\u00e9.<\/li>\n<li>Superviser la mise en \u0153uvre de projets publics et priv\u00e9s, comme demand\u00e9.<\/li>\n<li>D\u00e9terminer la r\u00e9mun\u00e9ration pour les consultations techniques fournies par le bureau et la pr\u00e9senter \u00e0 la commission populaire de l&rsquo;universit\u00e9.<\/li>\n<li>\u00c9tablir une base de donn\u00e9es des ressources mat\u00e9rielles et humaines disponibles \u00e0 l&rsquo;universit\u00e9 pour en tirer parti dans la prestation de services techniques.<\/li>\n<li>Pr\u00e9parer des rapports techniques li\u00e9s aux activit\u00e9s du bureau.<\/li>\n<\/ol>\n[\/vc_column][vc_column min_height=\u00a0\u00bb\u00a0\u00bb bg_type=\u00a0\u00bb\u00a0\u00bb dima_canvas_style=\u00a0\u00bb\u00a0\u00bb translate_x=\u00a0\u00bb0&Prime; dima_z_index=\u00a0\u00bb0&Prime; delay=\u00a0\u00bb\u00a0\u00bb delay_duration=\u00a0\u00bb\u00a0\u00bb delay_offset=\u00a0\u00bb\u00a0\u00bb top_and_bottom_padding=\u00a0\u00bb\u00a0\u00bb left_and_right_padding=\u00a0\u00bb\u00a0\u00bb width=\u00a0\u00bb1\/3&Prime;]<div class=\"column-item overflow-hidden text-center rounded\"><img loading=\"lazy\" decoding=\"async\" width=\"400\" height=\"225\"  class=\"dima-img \" src=\"https:\/\/sebhau.edu.ly\/wp-content\/uploads\/2021\/09\/Technical2.jpg\"   alt=\"\"><\/div>[\/vc_column][\/vc_row][vc_row bg_type=\u00a0\u00bb\u00a0\u00bb dima_canvas_style=\u00a0\u00bb\u00a0\u00bb translate_x=\u00a0\u00bb0&Prime; dima_z_index=\u00a0\u00bb0&Prime; delay=\u00a0\u00bb\u00a0\u00bb delay_duration=\u00a0\u00bb\u00a0\u00bb delay_offset=\u00a0\u00bb\u00a0\u00bb][vc_column min_height=\u00a0\u00bb\u00a0\u00bb bg_type=\u00a0\u00bb\u00a0\u00bb dima_canvas_style=\u00a0\u00bb\u00a0\u00bb translate_x=\u00a0\u00bb0&Prime; dima_z_index=\u00a0\u00bb0&Prime; delay=\u00a0\u00bb\u00a0\u00bb delay_duration=\u00a0\u00bb\u00a0\u00bb delay_offset=\u00a0\u00bb\u00a0\u00bb width=\u00a0\u00bb1\/3&Prime;][vc_hoverbox image=\u00a0\u00bb13733&Prime; primary_title=\u00a0\u00bb\u00a0\u00bb hover_title=\u00a0\u00bb\u00a0\u00bb][\/vc_hoverbox][\/vc_column][vc_column min_height=\u00a0\u00bb\u00a0\u00bb bg_type=\u00a0\u00bb\u00a0\u00bb dima_canvas_style=\u00a0\u00bb\u00a0\u00bb translate_x=\u00a0\u00bb0&Prime; dima_z_index=\u00a0\u00bb0&Prime; delay=\u00a0\u00bb\u00a0\u00bb delay_duration=\u00a0\u00bb\u00a0\u00bb delay_offset=\u00a0\u00bb\u00a0\u00bb width=\u00a0\u00bb1\/3&Prime;][vc_hoverbox image=\u00a0\u00bb13731&Prime; primary_title=\u00a0\u00bb\u00a0\u00bb hover_title=\u00a0\u00bbUniversit\u00e9 Sabha\u00a0\u00bb][\/vc_hoverbox][\/vc_column][vc_column min_height=\u00a0\u00bb\u00a0\u00bb bg_type=\u00a0\u00bb\u00a0\u00bb dima_canvas_style=\u00a0\u00bb\u00a0\u00bb translate_x=\u00a0\u00bb0&Prime; dima_z_index=\u00a0\u00bb0&Prime; delay=\u00a0\u00bb\u00a0\u00bb delay_duration=\u00a0\u00bb\u00a0\u00bb delay_offset=\u00a0\u00bb\u00a0\u00bb width=\u00a0\u00bb1\/3&Prime;][vc_hoverbox image=\u00a0\u00bb13721&Prime; primary_title=\u00a0\u00bb\u00a0\u00bb hover_title=\u00a0\u00bb\u00a0\u00bb][\/vc_hoverbox][\/vc_column][\/vc_row][vc_row bg_type=\u00a0\u00bb\u00a0\u00bb dima_canvas_style=\u00a0\u00bb\u00a0\u00bb translate_x=\u00a0\u00bb0&Prime; dima_z_index=\u00a0\u00bb0&Prime; delay=\u00a0\u00bb\u00a0\u00bb delay_duration=\u00a0\u00bb\u00a0\u00bb delay_offset=\u00a0\u00bb\u00a0\u00bb top_and_bottom_padding=\u00a0\u00bb\u00a0\u00bb left_and_right_padding=\u00a0\u00bb\u00a0\u00bb][vc_column min_height=\u00a0\u00bb\u00a0\u00bb bg_type=\u00a0\u00bb\u00a0\u00bb dima_canvas_style=\u00a0\u00bb\u00a0\u00bb translate_x=\u00a0\u00bb0&Prime; dima_z_index=\u00a0\u00bb0&Prime; delay=\u00a0\u00bb\u00a0\u00bb delay_duration=\u00a0\u00bb\u00a0\u00bb delay_offset=\u00a0\u00bb\u00a0\u00bb top_and_bottom_padding=\u00a0\u00bb\u00a0\u00bb left_and_right_padding=\u00a0\u00bb\u00a0\u00bb width=\u00a0\u00bb1\/1&Prime;]<div  class=\"social-media text-center\" ><div class=\"social-media dima-social-post social-medium\"><ul class=\"inline clearfix\"><li><a href=\"#share\" data-toggle=\"tooltip\" data-trigger=\"hover\" data-placement=\"bottom\"  title=\"Share on Facebook\" onclick=\"window.open('http:\/\/www.facebook.com\/sharer.php?u=https%3A%2F%2Fsebhau.edu.ly%2Ffr%2Foffice-technical-consulting%2F&amp;t=Bureau+de+consultation+technique', 'popupFacebook', 'width=650, height=270, resizable=0, toolbar=0, menubar=0, status=0, location=0, scrollbars=0'); return false;\"><i class=\"fa-brands fa-facebook-f\"><\/i><\/a><\/li><li><a href=\"#share\" data-toggle=\"tooltip\" data-trigger=\"hover\" data-placement=\"bottom\"  title=\"Share on Twitter\" onclick=\"window.open('https:\/\/twitter.com\/intent\/tweet?text=Bureau+de+consultation+technique&amp;url=https%3A%2F%2Fsebhau.edu.ly%2Ffr%2Foffice-technical-consulting%2F', 'popupTwitter', 'width=500, height=370, resizable=0, toolbar=0, menubar=0, status=0, location=0, scrollbars=0'); return false;\"><i class=\"fa-brands  fa-twitter\"><\/i><\/a><\/li><li><a href=\"#share\" data-toggle=\"tooltip\" data-trigger=\"hover\" data-placement=\"bottom\"  title=\"Share on LinkedIn\" onclick=\"window.open('http:\/\/www.linkedin.com\/shareArticle?mini=true&amp;url=https%3A%2F%2Fsebhau.edu.ly%2Ffr%2Foffice-technical-consulting%2F&amp;title=Bureau+de+consultation+technique&amp;summary=%5Bvc_row+bg_type%3D%C2%A0%C2%BB%C2%A0%C2%BB+dima_canvas_style%3D%C2%A0%C2%BB%C2%A0%C2%BB+translate_x%3D%C2%A0%C2%BB0%26Prime%3B+dima_z_index%3D%C2%A0%C2%BB0%26Prime%3B+delay%3D%C2%A0%C2%BB%C2%A0%C2%BB+delay_duration%3D%C2%A0%C2%BB%C2%A0%C2%BB+delay_offset%3D%C2%A0%C2%BB%C2%A0%C2%BB+top_and_bottom_padding%3D%C2%A0%C2%BB%C2%A0%C2%BB+left_and_right_padding%3D%C2%A0%C2%BB%C2%A0%C2%BB%5D%5Bvc_column+min_height%3D%C2%A0%C2%BB%C2%A0%C2%BB+bg_type%3D%C2%A0%C2%BB%C2%A0%C2%BB+dima_canvas_style%3D%C2%A0%C2%BB%C2%A0%C2%BB+translate_x%3D%C2%A0%C2%BB0%26Prime%3B+dima_z_index%3D%C2%A0%C2%BB0%26Prime%3B+delay%3D%C2%A0%C2%BB%C2%A0%C2%BB+delay_duration%3D%C2%A0%C2%BB%C2%A0%C2%BB+delay_offset%3D%C2%A0%C2%BB%C2%A0%C2%BB+top_and_bottom_padding%3D%C2%A0%C2%BB%C2%A0%C2%BB+left_and_right_padding%3D%C2%A0%C2%BB%C2%A0%C2%BB+width%3D%C2%A0%C2%BB1%2F1%26Prime%3B%5D%5B%2Fvc_column%5D%5B%2Fvc_row%5D%5Bvc_row+bg_type%3D%C2%A0%C2%BB%C2%A0%C2%BB+dima_canvas_style%3D%C2%A0%C2%BB%C2%A0%C2%BB+translate_x%3D%C2%A0%C2%BB0%26Prime%3B+dima_z_index%3D%C2%A0%C2%BB0%26Prime%3B+delay%3D%C2%A0%C2%BB%C2%A0%C2%BB+delay_duration%3D%C2%A0%C2%BB%C2%A0%C2%BB+delay_offset%3D%C2%A0%C2%BB%C2%A0%C2%BB+top_and_bottom_padding%3D%C2%A0%C2%BB%C2%A0%C2%BB+left_and_right_padding%3D%C2%A0%C2%BB%C2%A0%C2%BB%5D%5Bvc_column+min_height%3D%C2%A0%C2%BB%C2%A0%C2%BB+bg_type%3D%C2%A0%C2%BB%C2%A0%C2%BB+dima_canvas_style%3D%C2%A0%C2%BB%C2%A0%C2%BB+translate_x%3D%C2%A0%C2%BB0%26Prime%3B+dima_z_index%3D%C2%A0%C2%BB0%26Prime%3B+delay%3D%C2%A0%C2%BB%C2%A0%C2%BB+delay_duration%3D%C2%A0%C2%BB%C2%A0%C2%BB+delay_offset%3D%C2%A0%C2%BB%C2%A0%C2%BB+top_and_bottom_padding%3D%C2%A0%C2%BB%C2%A0%C2%BB+left_and_right_padding%3D%C2%A0%C2%BB%C2%A0%C2%BB+width%3D%C2%A0%C2%BB2%2F3%26Prime%3B%5D%5B%2Fvc_column%5D%5Bvc_column+min_height%3D%C2%A0%C2%BB%C2%A0%C2%BB+bg_type%3D%C2%A0%C2%BB%C2%A0%C2%BB+dima_canvas_style%3D%C2%A0%C2%BB%C2%A0%C2%BB+translate_x%3D%C2%A0%C2%BB0%26Prime%3B+dima_z_index%3D%C2%A0%C2%BB0%26Prime%3B+delay%3D%C2%A0%C2%BB%C2%A0%C2%BB+delay_duration%3D%C2%A0%C2%BB%C2%A0%C2%BB+delay_offset%3D%C2%A0%C2%BB%C2%A0%C2%BB+top_and_bottom_padding%3D%C2%A0%C2%BB%C2%A0%C2%BB+left_and_right_padding%3D%C2%A0%C2%BB%C2%A0%C2%BB+width%3D%C2%A0%C2%BB1%2F3%26Prime%3B%5D%5B%2Fvc_column%5D%5B%2Fvc_row%5D%5Bvc_row+bg_type%3D%C2%A0%C2%BB%C2%A0%C2%BB+dima_canvas_style%3D%C2%A0%C2%BB%C2%A0%C2%BB+translate_x%3D%C2%A0%C2%BB0%26Prime%3B+%5B%26hellip%3B%5D&amp;source=%D8%AC%D8%A7%D9%85%D8%B9%D8%A9+%D8%B3%D8%A8%D9%87%D8%A7+%7C+Sebha+University', 'popupLinkedIn', 'width=610, height=480, resizable=0, toolbar=0, menubar=0, status=0, location=0, scrollbars=0'); return false;\"><i class=\"fa-brands fa-linkedin\"><\/i><\/a><\/li><li><a href=\"#share\" data-toggle=\"tooltip\" data-trigger=\"hover\" data-placement=\"bottom\"  title=\"Share on Pinterest\" onclick=\"window.open('http:\/\/pinterest.com\/pin\/create\/button\/?url=https%3A%2F%2Fsebhau.edu.ly%2Ffr%2Foffice-technical-consulting%2F&amp;media=&amp;description=%5Bvc_row+bg_type%3D%C2%A0%C2%BB%C2%A0%C2%BB+dima_canvas_style%3D%C2%A0%C2%BB%C2%A0%C2%BB+translate_x%3D%C2%A0%C2%BB0%26Prime%3B+dima_z_index%3D%C2%A0%C2%BB0%26Prime%3B+delay%3D%C2%A0%C2%BB%C2%A0%C2%BB+delay_duration%3D%C2%A0%C2%BB%C2%A0%C2%BB+delay_offset%3D%C2%A0%C2%BB%C2%A0%C2%BB+top_and_bottom_padding%3D%C2%A0%C2%BB%C2%A0%C2%BB+left_and_right_padding%3D%C2%A0%C2%BB%C2%A0%C2%BB%5D%5Bvc_column+min_height%3D%C2%A0%C2%BB%C2%A0%C2%BB+bg_type%3D%C2%A0%C2%BB%C2%A0%C2%BB+dima_canvas_style%3D%C2%A0%C2%BB%C2%A0%C2%BB+translate_x%3D%C2%A0%C2%BB0%26Prime%3B+dima_z_index%3D%C2%A0%C2%BB0%26Prime%3B+delay%3D%C2%A0%C2%BB%C2%A0%C2%BB+delay_duration%3D%C2%A0%C2%BB%C2%A0%C2%BB+delay_offset%3D%C2%A0%C2%BB%C2%A0%C2%BB+top_and_bottom_padding%3D%C2%A0%C2%BB%C2%A0%C2%BB+left_and_right_padding%3D%C2%A0%C2%BB%C2%A0%C2%BB+width%3D%C2%A0%C2%BB1%2F1%26Prime%3B%5D%5B%2Fvc_column%5D%5B%2Fvc_row%5D%5Bvc_row+bg_type%3D%C2%A0%C2%BB%C2%A0%C2%BB+dima_canvas_style%3D%C2%A0%C2%BB%C2%A0%C2%BB+translate_x%3D%C2%A0%C2%BB0%26Prime%3B+dima_z_index%3D%C2%A0%C2%BB0%26Prime%3B+delay%3D%C2%A0%C2%BB%C2%A0%C2%BB+delay_duration%3D%C2%A0%C2%BB%C2%A0%C2%BB+delay_offset%3D%C2%A0%C2%BB%C2%A0%C2%BB+top_and_bottom_padding%3D%C2%A0%C2%BB%C2%A0%C2%BB+left_and_right_padding%3D%C2%A0%C2%BB%C2%A0%C2%BB%5D%5Bvc_column+min_height%3D%C2%A0%C2%BB%C2%A0%C2%BB+bg_type%3D%C2%A0%C2%BB%C2%A0%C2%BB+dima_canvas_style%3D%C2%A0%C2%BB%C2%A0%C2%BB+translate_x%3D%C2%A0%C2%BB0%26Prime%3B+dima_z_index%3D%C2%A0%C2%BB0%26Prime%3B+delay%3D%C2%A0%C2%BB%C2%A0%C2%BB+delay_duration%3D%C2%A0%C2%BB%C2%A0%C2%BB+delay_offset%3D%C2%A0%C2%BB%C2%A0%C2%BB+top_and_bottom_padding%3D%C2%A0%C2%BB%C2%A0%C2%BB+left_and_right_padding%3D%C2%A0%C2%BB%C2%A0%C2%BB+width%3D%C2%A0%C2%BB2%2F3%26Prime%3B%5D%5B%2Fvc_column%5D%5Bvc_column+min_height%3D%C2%A0%C2%BB%C2%A0%C2%BB+bg_type%3D%C2%A0%C2%BB%C2%A0%C2%BB+dima_canvas_style%3D%C2%A0%C2%BB%C2%A0%C2%BB+translate_x%3D%C2%A0%C2%BB0%26Prime%3B+dima_z_index%3D%C2%A0%C2%BB0%26Prime%3B+delay%3D%C2%A0%C2%BB%C2%A0%C2%BB+delay_duration%3D%C2%A0%C2%BB%C2%A0%C2%BB+delay_offset%3D%C2%A0%C2%BB%C2%A0%C2%BB+top_and_bottom_padding%3D%C2%A0%C2%BB%C2%A0%C2%BB+left_and_right_padding%3D%C2%A0%C2%BB%C2%A0%C2%BB+width%3D%C2%A0%C2%BB1%2F3%26Prime%3B%5D%5B%2Fvc_column%5D%5B%2Fvc_row%5D%5Bvc_row+bg_type%3D%C2%A0%C2%BB%C2%A0%C2%BB+dima_canvas_style%3D%C2%A0%C2%BB%C2%A0%C2%BB+translate_x%3D%C2%A0%C2%BB0%26Prime%3B+%5B%26hellip%3B%5D', 'popupPinterest', 'width=750, height=265, resizable=0, toolbar=0, menubar=0, status=0, location=0, scrollbars=0'); return false;\"><i class=\"fa-brands fa-pinterest\"><\/i><\/a><\/li><\/ul><\/div><\/div>[\/vc_column][\/vc_row]<\/p>\n<\/section>","protected":false},"excerpt":{"rendered":"<p>[vc_row bg_type=\u00a0\u00bb\u00a0\u00bb dima_canvas_style=\u00a0\u00bb\u00a0\u00bb translate_x=\u00a0\u00bb0&Prime; dima_z_index=\u00a0\u00bb0&Prime; delay=\u00a0\u00bb\u00a0\u00bb delay_duration=\u00a0\u00bb\u00a0\u00bb delay_offset=\u00a0\u00bb\u00a0\u00bb top_and_bottom_padding=\u00a0\u00bb\u00a0\u00bb left_and_right_padding=\u00a0\u00bb\u00a0\u00bb][vc_column min_height=\u00a0\u00bb\u00a0\u00bb bg_type=\u00a0\u00bb\u00a0\u00bb dima_canvas_style=\u00a0\u00bb\u00a0\u00bb translate_x=\u00a0\u00bb0&Prime; dima_z_index=\u00a0\u00bb0&Prime; delay=\u00a0\u00bb\u00a0\u00bb delay_duration=\u00a0\u00bb\u00a0\u00bb delay_offset=\u00a0\u00bb\u00a0\u00bb top_and_bottom_padding=\u00a0\u00bb\u00a0\u00bb left_and_right_padding=\u00a0\u00bb\u00a0\u00bb width=\u00a0\u00bb1\/1&Prime;][\/vc_column][\/vc_row][vc_row bg_type=\u00a0\u00bb\u00a0\u00bb dima_canvas_style=\u00a0\u00bb\u00a0\u00bb translate_x=\u00a0\u00bb0&Prime; dima_z_index=\u00a0\u00bb0&Prime; delay=\u00a0\u00bb\u00a0\u00bb delay_duration=\u00a0\u00bb\u00a0\u00bb delay_offset=\u00a0\u00bb\u00a0\u00bb top_and_bottom_padding=\u00a0\u00bb\u00a0\u00bb left_and_right_padding=\u00a0\u00bb\u00a0\u00bb][vc_column min_height=\u00a0\u00bb\u00a0\u00bb bg_type=\u00a0\u00bb\u00a0\u00bb dima_canvas_style=\u00a0\u00bb\u00a0\u00bb translate_x=\u00a0\u00bb0&Prime; dima_z_index=\u00a0\u00bb0&Prime; delay=\u00a0\u00bb\u00a0\u00bb delay_duration=\u00a0\u00bb\u00a0\u00bb delay_offset=\u00a0\u00bb\u00a0\u00bb top_and_bottom_padding=\u00a0\u00bb\u00a0\u00bb left_and_right_padding=\u00a0\u00bb\u00a0\u00bb width=\u00a0\u00bb2\/3&Prime;][\/vc_column][vc_column min_height=\u00a0\u00bb\u00a0\u00bb bg_type=\u00a0\u00bb\u00a0\u00bb dima_canvas_style=\u00a0\u00bb\u00a0\u00bb translate_x=\u00a0\u00bb0&Prime; dima_z_index=\u00a0\u00bb0&Prime; delay=\u00a0\u00bb\u00a0\u00bb delay_duration=\u00a0\u00bb\u00a0\u00bb delay_offset=\u00a0\u00bb\u00a0\u00bb top_and_bottom_padding=\u00a0\u00bb\u00a0\u00bb left_and_right_padding=\u00a0\u00bb\u00a0\u00bb width=\u00a0\u00bb1\/3&Prime;][\/vc_column][\/vc_row][vc_row bg_type=\u00a0\u00bb\u00a0\u00bb dima_canvas_style=\u00a0\u00bb\u00a0\u00bb translate_x=\u00a0\u00bb0&Prime; [&hellip;]<\/p>\n","protected":false},"author":1,"featured_media":0,"parent":0,"menu_order":0,"comment_status":"closed","ping_status":"closed","template":"","meta":{"_uf_show_specific_survey":0,"_uf_disable_surveys":false,"footnotes":""},"class_list":["post-27850","page","type-page","status-publish","hentry"],"aioseo_notices":[],"amp_enabled":true,"_links":{"self":[{"href":"https:\/\/sebhau.edu.ly\/fr\/wp-json\/wp\/v2\/pages\/27850","targetHints":{"allow":["GET"]}}],"collection":[{"href":"https:\/\/sebhau.edu.ly\/fr\/wp-json\/wp\/v2\/pages"}],"about":[{"href":"https:\/\/sebhau.edu.ly\/fr\/wp-json\/wp\/v2\/types\/page"}],"author":[{"embeddable":true,"href":"https:\/\/sebhau.edu.ly\/fr\/wp-json\/wp\/v2\/users\/1"}],"replies":[{"embeddable":true,"href":"https:\/\/sebhau.edu.ly\/fr\/wp-json\/wp\/v2\/comments?post=27850"}],"version-history":[{"count":0,"href":"https:\/\/sebhau.edu.ly\/fr\/wp-json\/wp\/v2\/pages\/27850\/revisions"}],"wp:attachment":[{"href":"https:\/\/sebhau.edu.ly\/fr\/wp-json\/wp\/v2\/media?parent=27850"}],"curies":[{"name":"wp","href":"https:\/\/api.w.org\/{rel}","templated":true}]}}