{"id":31623,"date":"2024-03-06T10:18:36","date_gmt":"2024-03-06T07:18:36","guid":{"rendered":"https:\/\/sebhau.edu.ly\/subcommittee\/"},"modified":"2024-04-08T13:30:12","modified_gmt":"2024-04-08T10:30:12","slug":"subcommittee","status":"publish","type":"page","link":"https:\/\/sebhau.edu.ly\/fr\/subcommittee\/","title":{"rendered":"La sous-commission de l&rsquo;\u00e9thique de la recherche scientifique"},"content":{"rendered":"<section class=\"wpb-content-wrapper\"><p>[vc_row bg_type=\u00a0\u00bb\u00a0\u00bb dima_canvas_style=\u00a0\u00bb\u00a0\u00bb translate_x=\u00a0\u00bb0&Prime; dima_z_index=\u00a0\u00bb0&Prime; delay=\u00a0\u00bb\u00a0\u00bb delay_duration=\u00a0\u00bb\u00a0\u00bb delay_offset=\u00a0\u00bb\u00a0\u00bb][vc_column min_height=\u00a0\u00bb\u00a0\u00bb bg_type=\u00a0\u00bb\u00a0\u00bb dima_canvas_style=\u00a0\u00bb\u00a0\u00bb translate_x=\u00a0\u00bb0&Prime; dima_z_index=\u00a0\u00bb0&Prime; delay=\u00a0\u00bb\u00a0\u00bb delay_duration=\u00a0\u00bb\u00a0\u00bb delay_offset=\u00a0\u00bb\u00a0\u00bb width=\u00a0\u00bb1\/1&Prime;]<div class=\"containerhome container col\">\n<h2 class=\"masthead-subheading text-uppercase\" style=\"text-align: center;\"><\/h2>\n<h2 class=\"masthead-heading text-uppercase\" style=\"text-align: center;\"><\/h2>\n<\/div>\n<section class=\"homepage_about\">\n<div class=\"row justify-content-center\">\n<div class=\"homecard\">\n<div class=\"homecard-body\"><\/div>\n<\/div>\n<\/div>\n<\/section>\n<p><img loading=\"lazy\" decoding=\"async\" class=\"wp-image-31499 aligncenter\" src=\"https:\/\/sebhau.edu.ly\/wp-content\/uploads\/2024\/03\/Logo-of-the-Scientific-Committee-for-Scientific-Research-Ethics-300x277.png\" alt=\"\u0634\u0639\u0627\u0631 \u0627\u0644\u0644\u062c\u0646\u0629 \u0627\u0644\u0639\u0644\u0645\u064a\u0629 \u0644\u0627\u062e\u0644\u0627\u0642\u064a\u0627\u062a \u0627\u0644\u0628\u062d\u062b \u0627\u0644\u0639\u0644\u0645\u064a\" width=\"243\" height=\"224\" srcset=\"https:\/\/sebhau.edu.ly\/wp-content\/uploads\/2024\/03\/Logo-of-the-Scientific-Committee-for-Scientific-Research-Ethics-300x277.png 300w, https:\/\/sebhau.edu.ly\/wp-content\/uploads\/2024\/03\/Logo-of-the-Scientific-Committee-for-Scientific-Research-Ethics-100x92.png 100w, https:\/\/sebhau.edu.ly\/wp-content\/uploads\/2024\/03\/Logo-of-the-Scientific-Committee-for-Scientific-Research-Ethics.png 520w\" sizes=\"auto, (max-width: 243px) 100vw, 243px\" \/><\/p>\n<p>La recherche scientifique est l&rsquo;une des activit\u00e9s que l&rsquo;homme prend en charge et pratique afin de r\u00e9aliser le d\u00e9veloppement et de le suivre. C&rsquo;est en effet la v\u00e9ritable base de toute renaissance civilisationnelle \u00e0 travers les \u00e2ges. Cependant, certaines activit\u00e9s scientifiques peuvent entra\u00eener des dilemmes \u00e9thiques touchant l&rsquo;homme ou son environnement social et environnemental. Par cons\u00e9quent, de nombreux pays du monde ont manifest\u00e9 un int\u00e9r\u00eat \u00e9vident pour les questions \u00e9thiques li\u00e9es aux activit\u00e9s et aux recherches scientifiques, afin de sensibiliser \u00e0 l&rsquo;importance des valeurs \u00e9thiques auxquelles les chercheurs sp\u00e9cialis\u00e9s et le grand public doivent adh\u00e9rer. Cela garantira en fin de compte que l&rsquo;activit\u00e9 de recherche scientifique et ses applications technologiques respectent les droits de l&rsquo;homme et son humanit\u00e9, pr\u00e9servant sa dignit\u00e9 et sa libert\u00e9. Pour garantir la r\u00e9alisation de cet objectif de valeur, des comit\u00e9s nationaux ont \u00e9t\u00e9 cr\u00e9\u00e9s pour s&rsquo;occuper de l&rsquo;\u00e9thique de la recherche scientifique, charg\u00e9s d&rsquo;\u00e9tablir des normes nationales et des lois r\u00e9gissant le comportement des chercheurs et des scientifiques dans ce domaine. Ainsi, en 2012, le Comit\u00e9 national de s\u00e9curit\u00e9 biologique et d&rsquo;\u00e9thique biologique a \u00e9t\u00e9 cr\u00e9\u00e9 en Libye, visant \u00e0 renforcer le respect des valeurs \u00e9thiques dans la pratique de la recherche scientifique.<\/p>\n<p>Enracin\u00e9e dans ce qui pr\u00e9c\u00e8de, la sous-commission de l&rsquo;\u00e9thique biologique (\u00e9thique de la recherche scientifique) a \u00e9t\u00e9 fond\u00e9e \u00e0 l&rsquo;Universit\u00e9 de Sebha par la d\u00e9cision num\u00e9ro (832) de l&rsquo;ann\u00e9e 2023, approuv\u00e9e par le Comit\u00e9 national de s\u00e9curit\u00e9 biologique et d&rsquo;\u00e9thique biologique de l&rsquo;Agence libyenne de recherche scientifique. Elle a re\u00e7u le num\u00e9ro national unifi\u00e9 (014) \u00e0 utiliser lors de l&rsquo;octroi des approbations \u00e9thiques.<\/p>\n<p>Ainsi, toute personne souhaitant mener des recherches et des activit\u00e9s scientifiques concernant :<\/p>\n<ul  class=\"list-style check\" ><li   >Sciences humaines (recherches m\u00e9dicales de toutes sortes (collecte d&rsquo;\u00e9chantillons de fluides ou de tissus humains chez des volontaires (par exemple, \u00e9chantillons de sang, tissus, salive), ou recherches en g\u00e9nie g\u00e9n\u00e9tique et en clonage, ou recherches sur les f\u0153tus, ou \u00e9tudes en psychologie et comportement, ou recherches sur les personnes priv\u00e9es de libert\u00e9 (prisonniers, prisonniers), ou personnes handicap\u00e9es, ou sur des groupes d\u00e9favoris\u00e9s (\u00e9conomiquement, socialement), ou priv\u00e9es de capacit\u00e9 juridique en raison d&rsquo;une maladie mentale, ou personnes impliqu\u00e9es dans des activit\u00e9s ill\u00e9gales (comme les toxicomanes).<\/li><li   >Sciences animales (recherches sur la reproduction et l&rsquo;ing\u00e9nierie g\u00e9n\u00e9tique, l&rsquo;injection ou la f\u00e9condation, les m\u00e9dicaments, ou la collecte d&rsquo;\u00e9chantillons de sang ou d&rsquo;\u00e9chantillons biologiques).<\/li><li   >Sciences v\u00e9g\u00e9tales (recherches sur l&rsquo;hybridation, recherches sur les mutations g\u00e9n\u00e9tiques, recherches sur les plantes menac\u00e9es d&rsquo;extinction).<\/li><li   >(Sciences de l&rsquo;environnement (recherches dans le domaine des sciences de l&rsquo;environnement li\u00e9es \u00e0 l&rsquo;homme, aux animaux ou aux plantes)<\/li><li   >Tout autre sujet pouvant \u00eatre introduit par les institutions acad\u00e9miques et n\u00e9cessitant une approbation \u00e9thique.<\/li><\/ul><div  class=\"dima-alert dima-alert-info alert-close-block\" ><i class=\"fas fa-info-circle\"><\/i><em class=\"header-alert\">Note importante <\/em>La demande d&rsquo;approbation initiale du comit\u00e9 doit \u00eatre soumise en remplissant les formulaires pr\u00e9par\u00e9s \u00e0 cet effet (ci-joints ci-dessous) et il n&rsquo;est pas permis de commencer la recherche avant de soumettre la demande et de recevoir l&rsquo;approbation \u00e9thique.<\/div>[vc_row_inner bg_type=\u00a0\u00bb\u00a0\u00bb dima_canvas_style=\u00a0\u00bb\u00a0\u00bb translate_x=\u00a0\u00bb0&Prime; dima_z_index=\u00a0\u00bb0&Prime;][vc_column_inner delay=\u00a0\u00bb\u00a0\u00bb delay_duration=\u00a0\u00bb\u00a0\u00bb delay_offset=\u00a0\u00bb\u00a0\u00bb translate_x=\u00a0\u00bb0&Prime; dima_z_index=\u00a0\u00bb0&Prime; width=\u00a0\u00bb1\/3&Prime;]<a   data-direction=\"down\" class=\"dima-button  dima-btn-rounded fill dima-btn-small float-center icon\"  href=\"https:\/\/sebhau.edu.ly\/wp-content\/uploads\/2024\/03\/Amendment-and-extension-form-_Sebha-University_2023.pdf\"  target=\"_blank\" rel=\"noopener\"  ><i class=\"fas fa-file-pdf\"><\/i>Mod\u00e8le de modification et de prolongation<\/a>[\/vc_column_inner][vc_column_inner delay=\u00a0\u00bb\u00a0\u00bb delay_duration=\u00a0\u00bb\u00a0\u00bb delay_offset=\u00a0\u00bb\u00a0\u00bb translate_x=\u00a0\u00bb0&Prime; dima_z_index=\u00a0\u00bb0&Prime; width=\u00a0\u00bb1\/3&Prime;]<a   data-direction=\"down\" class=\"dima-button  dima-btn-rounded fill dima-btn-small float-center icon\"  href=\"https:\/\/sebhau.edu.ly\/wp-content\/uploads\/2024\/03\/CV-template_Sebha-University_2023.pdf\"  target=\"_blank\" rel=\"noopener\"  ><i class=\"fas fa-file-pdf\"><\/i>Mod\u00e8le de CV<\/a>[\/vc_column_inner][vc_column_inner delay=\u00a0\u00bb\u00a0\u00bb delay_duration=\u00a0\u00bb\u00a0\u00bb delay_offset=\u00a0\u00bb\u00a0\u00bb translate_x=\u00a0\u00bb0&Prime; dima_z_index=\u00a0\u00bb0&Prime; width=\u00a0\u00bb1\/3&Prime;]<a   data-direction=\"down\" class=\"dima-button  dima-btn-rounded fill dima-btn-small float-center icon\"  href=\"https:\/\/sebhau.edu.ly\/wp-content\/uploads\/2024\/03\/Informed-consent-form_Sebha-University_2023.pdf\"  target=\"_blank\" rel=\"noopener\"  ><i class=\"fas fa-file-pdf\"><\/i>Mod\u00e8le d'autorisation \u00e9clair\u00e9e<\/a>[\/vc_column_inner][\/vc_row_inner][vc_row_inner bg_type=\u00a0\u00bb\u00a0\u00bb dima_canvas_style=\u00a0\u00bb\u00a0\u00bb translate_x=\u00a0\u00bb0&Prime; dima_z_index=\u00a0\u00bb0&Prime;][vc_column_inner delay=\u00a0\u00bb\u00a0\u00bb delay_duration=\u00a0\u00bb\u00a0\u00bb delay_offset=\u00a0\u00bb\u00a0\u00bb translate_x=\u00a0\u00bb0&Prime; dima_z_index=\u00a0\u00bb0&Prime; width=\u00a0\u00bb1\/2&Prime;]<a   data-direction=\"down\" class=\"dima-button  dima-btn-rounded fill dima-btn-small float-center icon\"  href=\"https:\/\/sebhau.edu.ly\/wp-content\/uploads\/2024\/03\/Ethical-approval-form-for-the-purpose-of-conducting-research-on-humans-Sebha-University-2023.pdf\"  target=\"_blank\" rel=\"noopener\"  ><i class=\"fas fa-file-pdf\"><\/i>Mod\u00e8le d'approbation \u00e9thique pour la recherche sur l'homme<\/a>[\/vc_column_inner][vc_column_inner delay=\u00a0\u00bb\u00a0\u00bb delay_duration=\u00a0\u00bb\u00a0\u00bb delay_offset=\u00a0\u00bb\u00a0\u00bb translate_x=\u00a0\u00bb0&Prime; dima_z_index=\u00a0\u00bb0&Prime; width=\u00a0\u00bb1\/2&Prime;]<a   data-direction=\"down\" class=\"dima-button  dima-btn-rounded fill dima-btn-small float-center icon\"  href=\"https:\/\/sebhau.edu.ly\/wp-content\/uploads\/2024\/03\/Ethical-approval-form-for-animal-research_Sebha-University_2022.pdf\"  target=\"_blank\" rel=\"noopener\"  ><i class=\"fas fa-file-pdf\"><\/i>Mod\u00e8le d'approbation \u00e9thique pour la recherche sur les animaux<\/a>[\/vc_column_inner][\/vc_row_inner]<p style=\"text-align: center;\">Pour plus d&rsquo;informations, veuillez contacter le comit\u00e9 par e-mail :<\/p>\n<p style=\"text-align: center;\"><strong><a href=\"mailto:eac.su@sebhau.edu.ly\">eac.su@sebhau.edu.ly<\/a><\/strong><\/p>\n[\/vc_column][\/vc_row]<\/p>\n<\/section>","protected":false},"excerpt":{"rendered":"<p>[vc_row bg_type=\u00a0\u00bb\u00a0\u00bb dima_canvas_style=\u00a0\u00bb\u00a0\u00bb translate_x=\u00a0\u00bb0&Prime; dima_z_index=\u00a0\u00bb0&Prime; delay=\u00a0\u00bb\u00a0\u00bb delay_duration=\u00a0\u00bb\u00a0\u00bb delay_offset=\u00a0\u00bb\u00a0\u00bb][vc_column min_height=\u00a0\u00bb\u00a0\u00bb bg_type=\u00a0\u00bb\u00a0\u00bb dima_canvas_style=\u00a0\u00bb\u00a0\u00bb translate_x=\u00a0\u00bb0&Prime; dima_z_index=\u00a0\u00bb0&Prime; delay=\u00a0\u00bb\u00a0\u00bb delay_duration=\u00a0\u00bb\u00a0\u00bb delay_offset=\u00a0\u00bb\u00a0\u00bb width=\u00a0\u00bb1\/1&Prime;][vc_row_inner bg_type=\u00a0\u00bb\u00a0\u00bb dima_canvas_style=\u00a0\u00bb\u00a0\u00bb translate_x=\u00a0\u00bb0&Prime; dima_z_index=\u00a0\u00bb0&Prime;][vc_column_inner delay=\u00a0\u00bb\u00a0\u00bb delay_duration=\u00a0\u00bb\u00a0\u00bb delay_offset=\u00a0\u00bb\u00a0\u00bb translate_x=\u00a0\u00bb0&Prime; dima_z_index=\u00a0\u00bb0&Prime; width=\u00a0\u00bb1\/3&Prime;][\/vc_column_inner][vc_column_inner delay=\u00a0\u00bb\u00a0\u00bb delay_duration=\u00a0\u00bb\u00a0\u00bb delay_offset=\u00a0\u00bb\u00a0\u00bb translate_x=\u00a0\u00bb0&Prime; dima_z_index=\u00a0\u00bb0&Prime; width=\u00a0\u00bb1\/3&Prime;][\/vc_column_inner][vc_column_inner delay=\u00a0\u00bb\u00a0\u00bb delay_duration=\u00a0\u00bb\u00a0\u00bb delay_offset=\u00a0\u00bb\u00a0\u00bb translate_x=\u00a0\u00bb0&Prime; dima_z_index=\u00a0\u00bb0&Prime; width=\u00a0\u00bb1\/3&Prime;][\/vc_column_inner][\/vc_row_inner][vc_row_inner bg_type=\u00a0\u00bb\u00a0\u00bb dima_canvas_style=\u00a0\u00bb\u00a0\u00bb translate_x=\u00a0\u00bb0&Prime; dima_z_index=\u00a0\u00bb0&Prime;][vc_column_inner delay=\u00a0\u00bb\u00a0\u00bb delay_duration=\u00a0\u00bb\u00a0\u00bb delay_offset=\u00a0\u00bb\u00a0\u00bb translate_x=\u00a0\u00bb0&Prime; dima_z_index=\u00a0\u00bb0&Prime; width=\u00a0\u00bb1\/2&Prime;][\/vc_column_inner][vc_column_inner delay=\u00a0\u00bb\u00a0\u00bb delay_duration=\u00a0\u00bb\u00a0\u00bb delay_offset=\u00a0\u00bb\u00a0\u00bb translate_x=\u00a0\u00bb0&Prime; dima_z_index=\u00a0\u00bb0&Prime; width=\u00a0\u00bb1\/2&Prime;][\/vc_column_inner][\/vc_row_inner][\/vc_column][\/vc_row]<\/p>\n","protected":false},"author":1,"featured_media":0,"parent":0,"menu_order":0,"comment_status":"closed","ping_status":"closed","template":"","meta":{"_uf_show_specific_survey":0,"_uf_disable_surveys":false,"footnotes":""},"class_list":["post-31623","page","type-page","status-publish","hentry"],"aioseo_notices":[],"amp_enabled":true,"_links":{"self":[{"href":"https:\/\/sebhau.edu.ly\/fr\/wp-json\/wp\/v2\/pages\/31623","targetHints":{"allow":["GET"]}}],"collection":[{"href":"https:\/\/sebhau.edu.ly\/fr\/wp-json\/wp\/v2\/pages"}],"about":[{"href":"https:\/\/sebhau.edu.ly\/fr\/wp-json\/wp\/v2\/types\/page"}],"author":[{"embeddable":true,"href":"https:\/\/sebhau.edu.ly\/fr\/wp-json\/wp\/v2\/users\/1"}],"replies":[{"embeddable":true,"href":"https:\/\/sebhau.edu.ly\/fr\/wp-json\/wp\/v2\/comments?post=31623"}],"version-history":[{"count":0,"href":"https:\/\/sebhau.edu.ly\/fr\/wp-json\/wp\/v2\/pages\/31623\/revisions"}],"wp:attachment":[{"href":"https:\/\/sebhau.edu.ly\/fr\/wp-json\/wp\/v2\/media?parent=31623"}],"curies":[{"name":"wp","href":"https:\/\/api.w.org\/{rel}","templated":true}]}}