{"id":33059,"date":"2021-12-09T17:19:41","date_gmt":"2021-12-09T14:19:41","guid":{"rendered":"https:\/\/sebhau.edu.ly\/electronic-platform\/"},"modified":"2024-10-15T21:27:43","modified_gmt":"2024-10-15T18:27:43","slug":"electronic-platform","status":"publish","type":"page","link":"https:\/\/sebhau.edu.ly\/fr\/electronic-platform\/","title":{"rendered":"Plateforme en ligne"},"content":{"rendered":"<section class=\"wpb-content-wrapper\"><p>[vc_row bg_type=\u00a0\u00bb\u00a0\u00bb dima_canvas_style=\u00a0\u00bb\u00a0\u00bb translate_x=\u00a0\u00bb0&Prime; dima_z_index=\u00a0\u00bb0&Prime; delay=\u00a0\u00bb\u00a0\u00bb delay_duration=\u00a0\u00bb\u00a0\u00bb delay_offset=\u00a0\u00bb\u00a0\u00bb top_and_bottom_padding=\u00a0\u00bb\u00a0\u00bb left_and_right_padding=\u00a0\u00bb\u00a0\u00bb][vc_column min_height=\u00a0\u00bb\u00a0\u00bb bg_type=\u00a0\u00bb\u00a0\u00bb dima_canvas_style=\u00a0\u00bb\u00a0\u00bb translate_x=\u00a0\u00bb0&Prime; dima_z_index=\u00a0\u00bb0&Prime; delay=\u00a0\u00bb\u00a0\u00bb delay_duration=\u00a0\u00bb\u00a0\u00bb delay_offset=\u00a0\u00bb\u00a0\u00bb top_and_bottom_padding=\u00a0\u00bb\u00a0\u00bb left_and_right_padding=\u00a0\u00bb\u00a0\u00bb width=\u00a0\u00bb1\/1&Prime;][vc_hoverbox image=\u00a0\u00bb13911&Prime; primary_title=\u00a0\u00bb\u00a0\u00bb hover_title=\u00a0\u00bbPlateforme en ligne\u00a0\u00bb shape=\u00a0\u00bbround\u00a0\u00bb]<\/p>\n<p style=\"text-align: center;\">Cette plateforme repr\u00e9sente un v\u00e9ritable bond vers la transformation num\u00e9rique dans le syst\u00e8me \u00e9ducatif de l&rsquo;Universit\u00e9 de Sebha<\/p>\n<p>[\/vc_hoverbox][\/vc_column][\/vc_row][vc_row bg_type=\u00a0\u00bb\u00a0\u00bb dima_canvas_style=\u00a0\u00bb\u00a0\u00bb translate_x=\u00a0\u00bb0&Prime; dima_z_index=\u00a0\u00bb0&Prime; delay=\u00a0\u00bb\u00a0\u00bb delay_duration=\u00a0\u00bb\u00a0\u00bb delay_offset=\u00a0\u00bb\u00a0\u00bb top_and_bottom_padding=\u00a0\u00bb\u00a0\u00bb left_and_right_padding=\u00a0\u00bb\u00a0\u00bb][vc_column min_height=\u00a0\u00bb\u00a0\u00bb bg_type=\u00a0\u00bb\u00a0\u00bb dima_canvas_style=\u00a0\u00bb\u00a0\u00bb translate_x=\u00a0\u00bb0&Prime; dima_z_index=\u00a0\u00bb0&Prime; delay=\u00a0\u00bb\u00a0\u00bb delay_duration=\u00a0\u00bb\u00a0\u00bb delay_offset=\u00a0\u00bb\u00a0\u00bb top_and_bottom_padding=\u00a0\u00bb\u00a0\u00bb left_and_right_padding=\u00a0\u00bb\u00a0\u00bb width=\u00a0\u00bb1\/2&Prime;]<div class=\"row\">\n<div class=\"col-12 text-center\">\n<h3>Plateforme en ligne<\/h3>\n<p>Il s&rsquo;agit d&rsquo;un portail unifi\u00e9 pour les facult\u00e9s de l&rsquo;universit\u00e9 afin de faciliter la communication entre les membres du corps professoral et les \u00e9tudiants pour les cours virtuels et de poursuivre le processus \u00e9ducatif. Ses objectifs incluent :<\/p>\n<ul>\n<li style=\"text-align: left;\">Promouvoir la culture de l&rsquo;enseignement en ligne<\/li>\n<li style=\"text-align: left;\">\u00c9largir la diffusion du contenu des cours<\/li>\n<li style=\"text-align: left;\">Faciliter la communication entre les membres du corps professoral et les \u00e9tudiants<\/li>\n<\/ul>\n<\/div>\n<\/div>\n[\/vc_column][vc_column min_height=\u00a0\u00bb\u00a0\u00bb bg_type=\u00a0\u00bb\u00a0\u00bb dima_canvas_style=\u00a0\u00bb\u00a0\u00bb translate_x=\u00a0\u00bb0&Prime; dima_z_index=\u00a0\u00bb0&Prime; delay=\u00a0\u00bb\u00a0\u00bb delay_duration=\u00a0\u00bb\u00a0\u00bb delay_offset=\u00a0\u00bb\u00a0\u00bb top_and_bottom_padding=\u00a0\u00bb\u00a0\u00bb left_and_right_padding=\u00a0\u00bb\u00a0\u00bb width=\u00a0\u00bb1\/2&Prime;][vc_hoverbox image=\u00a0\u00bb13919&Prime; primary_title=\u00a0\u00bb\u00a0\u00bb hover_title=\u00a0\u00bbPlateforme en ligne\u00a0\u00bb shape=\u00a0\u00bbround\u00a0\u00bb]<\/p>\n<p style=\"text-align: center;\">Cette plateforme repr\u00e9sente un v\u00e9ritable bond vers la transformation num\u00e9rique dans le syst\u00e8me \u00e9ducatif de l&rsquo;Universit\u00e9 de Sebha<\/p>\n<p>[\/vc_hoverbox][\/vc_column][\/vc_row][vc_row bg_type=\u00a0\u00bb\u00a0\u00bb dima_canvas_style=\u00a0\u00bb\u00a0\u00bb translate_x=\u00a0\u00bb0&Prime; dima_z_index=\u00a0\u00bb0&Prime; delay=\u00a0\u00bb\u00a0\u00bb delay_duration=\u00a0\u00bb\u00a0\u00bb delay_offset=\u00a0\u00bb\u00a0\u00bb top_and_bottom_padding=\u00a0\u00bb\u00a0\u00bb left_and_right_padding=\u00a0\u00bb\u00a0\u00bb][vc_column min_height=\u00a0\u00bb\u00a0\u00bb bg_type=\u00a0\u00bb\u00a0\u00bb dima_canvas_style=\u00a0\u00bb\u00a0\u00bb translate_x=\u00a0\u00bb0&Prime; dima_z_index=\u00a0\u00bb0&Prime; delay=\u00a0\u00bb\u00a0\u00bb delay_duration=\u00a0\u00bb\u00a0\u00bb delay_offset=\u00a0\u00bb\u00a0\u00bb top_and_bottom_padding=\u00a0\u00bb\u00a0\u00bb left_and_right_padding=\u00a0\u00bb\u00a0\u00bb width=\u00a0\u00bb1\/3&Prime;][vc_hoverbox image=\u00a0\u00bb13917&Prime; primary_title=\u00a0\u00bb\u00a0\u00bb hover_title=\u00a0\u00bbPlateforme en ligne\u00a0\u00bb shape=\u00a0\u00bbround\u00a0\u00bb]<\/p>\n<p style=\"text-align: center;\">Cette plateforme repr\u00e9sente un v\u00e9ritable bond vers la transformation num\u00e9rique dans le syst\u00e8me \u00e9ducatif de l&rsquo;Universit\u00e9 de Sebha<\/p>\n<p>[\/vc_hoverbox]<h3><\/h3>\n<h3>Universit\u00e9<\/h3>\n<p>Par l&rsquo;interm\u00e9diaire du Bureau d&rsquo;Assurance Qualit\u00e9 de l&rsquo;Universit\u00e9 :<\/p>\n<ul>\n<li>Universit\u00e9 num\u00e9rique<\/li>\n<li>Mesurer les indicateurs de performance par le biais d&rsquo;enqu\u00eates<\/li>\n<li>Gouvernance de l&rsquo;enseignement en ligne<\/li>\n<\/ul>\n[\/vc_column][vc_column min_height=\u00a0\u00bb\u00a0\u00bb bg_type=\u00a0\u00bb\u00a0\u00bb dima_canvas_style=\u00a0\u00bb\u00a0\u00bb translate_x=\u00a0\u00bb0&Prime; dima_z_index=\u00a0\u00bb0&Prime; delay=\u00a0\u00bb\u00a0\u00bb delay_duration=\u00a0\u00bb\u00a0\u00bb delay_offset=\u00a0\u00bb\u00a0\u00bb top_and_bottom_padding=\u00a0\u00bb\u00a0\u00bb left_and_right_padding=\u00a0\u00bb\u00a0\u00bb width=\u00a0\u00bb1\/3&Prime;][vc_hoverbox image=\u00a0\u00bb13915&Prime; primary_title=\u00a0\u00bb\u00a0\u00bb hover_title=\u00a0\u00bbPlateforme en ligne\u00a0\u00bb shape=\u00a0\u00bbround\u00a0\u00bb]<\/p>\n<p style=\"text-align: center;\">Cette plateforme repr\u00e9sente un v\u00e9ritable bond vers la transformation num\u00e9rique dans le syst\u00e8me \u00e9ducatif de l&rsquo;Universit\u00e9 de Sebha<\/p>\n<p>[\/vc_hoverbox]<h3><\/h3>\n<h3>Membres du corps professoral<\/h3>\n<p>Par l&rsquo;interm\u00e9diaire de l&rsquo;Administration des Membres du Corps Professoral :<\/p>\n<ul>\n<li>T\u00e9l\u00e9chargement de contenu num\u00e9rique sur la plateforme<\/li>\n<li>Promotion de la culture de l&rsquo;enseignement en ligne<\/li>\n<li>Soutien \u00e9lectronique aux \u00e9tudiants<\/li>\n<\/ul>\n[\/vc_column][vc_column min_height=\u00a0\u00bb\u00a0\u00bb bg_type=\u00a0\u00bb\u00a0\u00bb dima_canvas_style=\u00a0\u00bb\u00a0\u00bb translate_x=\u00a0\u00bb0&Prime; dima_z_index=\u00a0\u00bb0&Prime; delay=\u00a0\u00bb\u00a0\u00bb delay_duration=\u00a0\u00bb\u00a0\u00bb delay_offset=\u00a0\u00bb\u00a0\u00bb top_and_bottom_padding=\u00a0\u00bb\u00a0\u00bb left_and_right_padding=\u00a0\u00bb\u00a0\u00bb width=\u00a0\u00bb1\/3&Prime;][vc_hoverbox image=\u00a0\u00bb13913&Prime; primary_title=\u00a0\u00bb\u00a0\u00bb hover_title=\u00a0\u00bbPlateforme en ligne\u00a0\u00bb shape=\u00a0\u00bbround\u00a0\u00bb]<\/p>\n<p style=\"text-align: center;\">Cette plateforme repr\u00e9sente un v\u00e9ritable bond vers la transformation num\u00e9rique dans le syst\u00e8me \u00e9ducatif de l&rsquo;Universit\u00e9 de Sebha<\/p>\n<p>[\/vc_hoverbox]<h3><\/h3>\n<h3>\u00c9tudiants<\/h3>\n<p>Par l&rsquo;interm\u00e9diaire des d\u00e9partements acad\u00e9miques :<\/p>\n<ul>\n<li>Ouverture de comptes sur l&#8217;email universitaire<\/li>\n<li>Inscription sur la plateforme et dans les cours virtuels<\/li>\n<li>Suivi du contenu des cours<\/li>\n<\/ul>\n[\/vc_column][\/vc_row][vc_row bg_type=\u00a0\u00bbbg_color\u00a0\u00bb dima_canvas_style=\u00a0\u00bb\u00a0\u00bb translate_x=\u00a0\u00bb0&Prime; dima_z_index=\u00a0\u00bb0&Prime; delay=\u00a0\u00bb\u00a0\u00bb delay_duration=\u00a0\u00bb\u00a0\u00bb delay_offset=\u00a0\u00bb\u00a0\u00bb top_and_bottom_padding=\u00a0\u00bb\u00a0\u00bb left_and_right_padding=\u00a0\u00bb\u00a0\u00bb id=\u00a0\u00bb\u00a0\u00bb class=\u00a0\u00bb\u00a0\u00bb style=\u00a0\u00bb\u00a0\u00bb bg_color=\u00a0\u00bb#dddddd\u00a0\u00bb][vc_column min_height=\u00a0\u00bb\u00a0\u00bb bg_type=\u00a0\u00bb\u00a0\u00bb dima_canvas_style=\u00a0\u00bb\u00a0\u00bb translate_x=\u00a0\u00bb0&Prime; dima_z_index=\u00a0\u00bb0&Prime; delay=\u00a0\u00bb\u00a0\u00bb delay_duration=\u00a0\u00bb\u00a0\u00bb delay_offset=\u00a0\u00bb\u00a0\u00bb top_and_bottom_padding=\u00a0\u00bb\u00a0\u00bb left_and_right_padding=\u00a0\u00bb\u00a0\u00bb width=\u00a0\u00bb1\/1&Prime;]<h2 style=\"text-align: center;\">Plateforme en ligne pour les facult\u00e9s de l&rsquo;Universit\u00e9 de Sebha<\/h2>\n[\/vc_column][\/vc_row][vc_row bg_type=\u00a0\u00bb\u00a0\u00bb dima_canvas_style=\u00a0\u00bb\u00a0\u00bb translate_x=\u00a0\u00bb0&Prime; dima_z_index=\u00a0\u00bb0&Prime; delay=\u00a0\u00bb\u00a0\u00bb delay_duration=\u00a0\u00bb\u00a0\u00bb delay_offset=\u00a0\u00bb\u00a0\u00bb top_and_bottom_padding=\u00a0\u00bb\u00a0\u00bb left_and_right_padding=\u00a0\u00bb\u00a0\u00bb][vc_column min_height=\u00a0\u00bb\u00a0\u00bb bg_type=\u00a0\u00bb\u00a0\u00bb dima_canvas_style=\u00a0\u00bb\u00a0\u00bb translate_x=\u00a0\u00bb0&Prime; dima_z_index=\u00a0\u00bb0&Prime; delay=\u00a0\u00bb\u00a0\u00bb delay_duration=\u00a0\u00bb\u00a0\u00bb delay_offset=\u00a0\u00bb\u00a0\u00bb top_and_bottom_padding=\u00a0\u00bb\u00a0\u00bb left_and_right_padding=\u00a0\u00bb\u00a0\u00bb width=\u00a0\u00bb1\/2&Prime;]<ul>\n<li>Facult\u00e9 des Lettres<\/li>\n<li>Facult\u00e9 des Sciences<\/li>\n<li>Facult\u00e9 de M\u00e9decine<\/li>\n<li>Facult\u00e9 d&rsquo;Ing\u00e9nierie<\/li>\n<li>Facult\u00e9 de M\u00e9decine Dentaire<\/li>\n<li>Facult\u00e9 de Pharmacie<\/li>\n<li>Facult\u00e9 d&rsquo;Agriculture<\/li>\n<li>Facult\u00e9 de Soins Infirmiers<\/li>\n<li>Facult\u00e9 de Technologie de l&rsquo;Information<\/li>\n<\/ul>\n[\/vc_column][vc_column min_height=\u00a0\u00bb\u00a0\u00bb bg_type=\u00a0\u00bb\u00a0\u00bb dima_canvas_style=\u00a0\u00bb\u00a0\u00bb translate_x=\u00a0\u00bb0&Prime; dima_z_index=\u00a0\u00bb0&Prime; delay=\u00a0\u00bb\u00a0\u00bb delay_duration=\u00a0\u00bb\u00a0\u00bb delay_offset=\u00a0\u00bb\u00a0\u00bb top_and_bottom_padding=\u00a0\u00bb\u00a0\u00bb left_and_right_padding=\u00a0\u00bb\u00a0\u00bb width=\u00a0\u00bb1\/2&Prime;]<ul>\n<li>Facult\u00e9 des Langues<\/li>\n<li>Facult\u00e9 de Commerce et de Sciences Politiques<\/li>\n<li>Facult\u00e9 de Droit \u2013 Brak<\/li>\n<li>Facult\u00e9 de l&rsquo;\u00c9ducation \u2013 Ubari<\/li>\n<li>Facult\u00e9 de l&rsquo;\u00c9ducation \u2013 Zwaila<\/li>\n<li>Facult\u00e9 d&rsquo;\u00c9ducation Physique<\/li>\n<li>Facult\u00e9 de l&rsquo;\u00c9ducation \u2013 Ghat<\/li>\n<li>Facult\u00e9 de l&rsquo;\u00c9ducation \u2013 Tchad<\/li>\n<\/ul>\n[\/vc_column][\/vc_row][vc_row bg_type=\u00a0\u00bb\u00a0\u00bb dima_canvas_style=\u00a0\u00bb\u00a0\u00bb translate_x=\u00a0\u00bb0&Prime; dima_z_index=\u00a0\u00bb0&Prime; delay=\u00a0\u00bb\u00a0\u00bb delay_duration=\u00a0\u00bb\u00a0\u00bb delay_offset=\u00a0\u00bb\u00a0\u00bb top_and_bottom_padding=\u00a0\u00bb\u00a0\u00bb left_and_right_padding=\u00a0\u00bb\u00a0\u00bb][vc_column min_height=\u00a0\u00bb\u00a0\u00bb bg_type=\u00a0\u00bb\u00a0\u00bb dima_canvas_style=\u00a0\u00bb\u00a0\u00bb translate_x=\u00a0\u00bb0&Prime; dima_z_index=\u00a0\u00bb0&Prime; delay=\u00a0\u00bb\u00a0\u00bb delay_duration=\u00a0\u00bb\u00a0\u00bb delay_offset=\u00a0\u00bb\u00a0\u00bb top_and_bottom_padding=\u00a0\u00bb\u00a0\u00bb left_and_right_padding=\u00a0\u00bb\u00a0\u00bb width=\u00a0\u00bb1\/1&Prime;]<div  class=\"social-media text-center\" ><div class=\"social-media dima-social-post social-medium\"><ul class=\"inline clearfix\"><li><a href=\"#share\" data-toggle=\"tooltip\" data-trigger=\"hover\" data-placement=\"bottom\"  title=\"Share on Facebook\" onclick=\"window.open('http:\/\/www.facebook.com\/sharer.php?u=https%3A%2F%2Fsebhau.edu.ly%2Ffr%2Felectronic-platform%2F&amp;t=Plateforme+en+ligne', 'popupFacebook', 'width=650, height=270, resizable=0, toolbar=0, menubar=0, status=0, location=0, scrollbars=0'); return false;\"><i class=\"fa-brands fa-facebook-f\"><\/i><\/a><\/li><li><a href=\"#share\" data-toggle=\"tooltip\" data-trigger=\"hover\" data-placement=\"bottom\"  title=\"Share on Twitter\" onclick=\"window.open('https:\/\/twitter.com\/intent\/tweet?text=Plateforme+en+ligne&amp;url=https%3A%2F%2Fsebhau.edu.ly%2Ffr%2Felectronic-platform%2F', 'popupTwitter', 'width=500, height=370, resizable=0, toolbar=0, menubar=0, status=0, location=0, scrollbars=0'); return false;\"><i class=\"fa-brands  fa-twitter\"><\/i><\/a><\/li><li><a href=\"mailto:?subject=Plateforme en ligne&amp;body=Hey, thought you might enjoy this! Check it out when you have a chance: https:\/\/sebhau.edu.ly\/fr\/electronic-platform\/\" data-toggle=\"tooltip\" data-trigger=\"hover\" data-placement=\"bottom\"  class=\"email\" title=\"Share via Email\"><span><i class=\"far fa-envelope\"><\/i><\/span><\/a><\/ul><\/div><\/div>[\/vc_column][\/vc_row]<\/p>\n<\/section>","protected":false},"excerpt":{"rendered":"<p>[vc_row bg_type=\u00a0\u00bb\u00a0\u00bb dima_canvas_style=\u00a0\u00bb\u00a0\u00bb translate_x=\u00a0\u00bb0&Prime; dima_z_index=\u00a0\u00bb0&Prime; delay=\u00a0\u00bb\u00a0\u00bb delay_duration=\u00a0\u00bb\u00a0\u00bb delay_offset=\u00a0\u00bb\u00a0\u00bb top_and_bottom_padding=\u00a0\u00bb\u00a0\u00bb left_and_right_padding=\u00a0\u00bb\u00a0\u00bb][vc_column min_height=\u00a0\u00bb\u00a0\u00bb bg_type=\u00a0\u00bb\u00a0\u00bb dima_canvas_style=\u00a0\u00bb\u00a0\u00bb translate_x=\u00a0\u00bb0&Prime; dima_z_index=\u00a0\u00bb0&Prime; delay=\u00a0\u00bb\u00a0\u00bb delay_duration=\u00a0\u00bb\u00a0\u00bb delay_offset=\u00a0\u00bb\u00a0\u00bb top_and_bottom_padding=\u00a0\u00bb\u00a0\u00bb left_and_right_padding=\u00a0\u00bb\u00a0\u00bb width=\u00a0\u00bb1\/1&Prime;][vc_hoverbox image=\u00a0\u00bb13911&Prime; primary_title=\u00a0\u00bb\u00a0\u00bb hover_title=\u00a0\u00bbPlateforme en ligne\u00a0\u00bb shape=\u00a0\u00bbround\u00a0\u00bb] Cette plateforme repr\u00e9sente un v\u00e9ritable bond vers la transformation num\u00e9rique dans le syst\u00e8me \u00e9ducatif de l&rsquo;Universit\u00e9 de Sebha [\/vc_hoverbox][\/vc_column][\/vc_row][vc_row bg_type=\u00a0\u00bb\u00a0\u00bb dima_canvas_style=\u00a0\u00bb\u00a0\u00bb translate_x=\u00a0\u00bb0&Prime; dima_z_index=\u00a0\u00bb0&Prime; delay=\u00a0\u00bb\u00a0\u00bb delay_duration=\u00a0\u00bb\u00a0\u00bb delay_offset=\u00a0\u00bb\u00a0\u00bb top_and_bottom_padding=\u00a0\u00bb\u00a0\u00bb left_and_right_padding=\u00a0\u00bb\u00a0\u00bb][vc_column [&hellip;]<\/p>\n","protected":false},"author":1,"featured_media":0,"parent":0,"menu_order":0,"comment_status":"closed","ping_status":"closed","template":"","meta":{"_uf_show_specific_survey":0,"_uf_disable_surveys":false,"footnotes":""},"class_list":["post-33059","page","type-page","status-publish","hentry"],"aioseo_notices":[],"amp_enabled":true,"_links":{"self":[{"href":"https:\/\/sebhau.edu.ly\/fr\/wp-json\/wp\/v2\/pages\/33059","targetHints":{"allow":["GET"]}}],"collection":[{"href":"https:\/\/sebhau.edu.ly\/fr\/wp-json\/wp\/v2\/pages"}],"about":[{"href":"https:\/\/sebhau.edu.ly\/fr\/wp-json\/wp\/v2\/types\/page"}],"author":[{"embeddable":true,"href":"https:\/\/sebhau.edu.ly\/fr\/wp-json\/wp\/v2\/users\/1"}],"replies":[{"embeddable":true,"href":"https:\/\/sebhau.edu.ly\/fr\/wp-json\/wp\/v2\/comments?post=33059"}],"version-history":[{"count":0,"href":"https:\/\/sebhau.edu.ly\/fr\/wp-json\/wp\/v2\/pages\/33059\/revisions"}],"wp:attachment":[{"href":"https:\/\/sebhau.edu.ly\/fr\/wp-json\/wp\/v2\/media?parent=33059"}],"curies":[{"name":"wp","href":"https:\/\/api.w.org\/{rel}","templated":true}]}}