{"id":33067,"date":"2021-12-09T03:59:08","date_gmt":"2021-12-09T00:59:08","guid":{"rendered":"https:\/\/sebhau.edu.ly\/copyrights\/"},"modified":"2024-10-14T20:43:33","modified_gmt":"2024-10-14T17:43:33","slug":"copyrights","status":"publish","type":"page","link":"https:\/\/sebhau.edu.ly\/fr\/copyrights\/","title":{"rendered":"Droits d&rsquo;auteur"},"content":{"rendered":"<h3 style=\"text-align: center;\">Droits d&rsquo;auteur<\/h3>\n<p>Dans tous les cas, tous les mat\u00e9riaux et contenus \u00e9lectroniques de ce site web appartenant \u00e0 l&rsquo;Universit\u00e9 de Sebha sont des droits r\u00e9serv\u00e9s de l&rsquo;Universit\u00e9 de Sebha, y compris, par exemple :<\/p>\n<ul>\n<li>Textes<\/li>\n<li>Informations<\/li>\n<li>Images<\/li>\n<li>Illustrations<\/li>\n<li>Conception du site<\/li>\n<li>Formulaires<\/li>\n<li>Manuels<\/li>\n<\/ul>\n<p>Par cons\u00e9quent, en g\u00e9n\u00e9ral, il est strictement interdit de copier, publier ou reproduire l&rsquo;un des mat\u00e9riaux disponibles sur le site sans mentionner l&rsquo;universit\u00e9 ou obtenir un consentement \u00e9crit pr\u00e9alable de l&rsquo;universit\u00e9.<\/p>\n","protected":false},"excerpt":{"rendered":"<p>Droits d&rsquo;auteur Dans tous les cas, tous les mat\u00e9riaux et contenus \u00e9lectroniques de ce site web appartenant \u00e0 l&rsquo;Universit\u00e9 de Sebha sont des droits r\u00e9serv\u00e9s de l&rsquo;Universit\u00e9 de Sebha, y compris, par exemple : Textes Informations Images Illustrations Conception du site Formulaires Manuels Par cons\u00e9quent, en g\u00e9n\u00e9ral, il est strictement interdit de copier, publier ou [&hellip;]<\/p>\n","protected":false},"author":1,"featured_media":0,"parent":0,"menu_order":0,"comment_status":"closed","ping_status":"closed","template":"","meta":{"_uf_show_specific_survey":0,"_uf_disable_surveys":false,"footnotes":""},"class_list":["post-33067","page","type-page","status-publish","hentry"],"aioseo_notices":[],"amp_enabled":true,"_links":{"self":[{"href":"https:\/\/sebhau.edu.ly\/fr\/wp-json\/wp\/v2\/pages\/33067","targetHints":{"allow":["GET"]}}],"collection":[{"href":"https:\/\/sebhau.edu.ly\/fr\/wp-json\/wp\/v2\/pages"}],"about":[{"href":"https:\/\/sebhau.edu.ly\/fr\/wp-json\/wp\/v2\/types\/page"}],"author":[{"embeddable":true,"href":"https:\/\/sebhau.edu.ly\/fr\/wp-json\/wp\/v2\/users\/1"}],"replies":[{"embeddable":true,"href":"https:\/\/sebhau.edu.ly\/fr\/wp-json\/wp\/v2\/comments?post=33067"}],"version-history":[{"count":0,"href":"https:\/\/sebhau.edu.ly\/fr\/wp-json\/wp\/v2\/pages\/33067\/revisions"}],"wp:attachment":[{"href":"https:\/\/sebhau.edu.ly\/fr\/wp-json\/wp\/v2\/media?parent=33067"}],"curies":[{"name":"wp","href":"https:\/\/api.w.org\/{rel}","templated":true}]}}