{"id":33069,"date":"2021-12-09T04:37:25","date_gmt":"2021-12-09T01:37:25","guid":{"rendered":"https:\/\/sebhau.edu.ly\/privacy-policy\/"},"modified":"2024-10-14T19:31:30","modified_gmt":"2024-10-14T16:31:30","slug":"privacy-policy","status":"publish","type":"page","link":"https:\/\/sebhau.edu.ly\/fr\/privacy-policy\/","title":{"rendered":"Politique de confidentialit\u00e9 du site web de l&rsquo;Universit\u00e9 de Sebha"},"content":{"rendered":"\r\n<h2 class=\"wp-block-heading\" style=\"text-align: center;\">D\u00e9claration de confidentialit\u00e9 du site Web de l&rsquo;Universit\u00e9 Sebha<\/h2>\r\n<h2 style=\"text-align: center;\">Qui sommes-nous ?<\/h2>\r\n<p style=\"text-align: center;\"><br \/><a href=\"https:\/\/sebhau.edu.ly\/\">https:\/\/sebhau.edu.ly\/\u00a0<\/a><\/p>\r\n<h3>Introduction<\/h3>\r\n<p><br \/>En g\u00e9n\u00e9ral, cette d\u00e9claration explique la confidentialit\u00e9 de l&rsquo;utilisation du site Web de l&rsquo;Universit\u00e9 Sebha http:\/\/sebhau.edu.ly et des informations des utilisateurs de sites Web affili\u00e9s \u00e0 l&rsquo;Universit\u00e9 Sebha, y compris les syst\u00e8mes \u00e9lectroniques, y compris les informations utilis\u00e9es pour d\u00e9terminer l&rsquo;identification personnelle. et comment nous l&rsquo;utilisons. En cons\u00e9quence, sur la base de ce qui pr\u00e9c\u00e8de, en utilisant le site Web de l&rsquo;Universit\u00e9 Sebha et les syst\u00e8mes \u00e9lectroniques et applications mobiles utilis\u00e9s \u00e0 l&rsquo;universit\u00e9, vous acceptez la collecte et l&rsquo;utilisation de ces informations conform\u00e9ment \u00e0 la d\u00e9claration de confidentialit\u00e9 de l&rsquo;Universit\u00e9 Sebha. Cette d\u00e9claration de confidentialit\u00e9 du site Web de l\u2019Universit\u00e9 Sebha s\u2019applique \u00e0 tous les utilisateurs ou visiteurs des plateformes ou sites Web de l\u2019Universit\u00e9 Sebha Libye. Veuillez noter que cette d\u00e9claration est modifi\u00e9e p\u00e9riodiquement sur notre site Web.<\/p>\r\n<h3><strong>Comment utilisons-nous les informations sur le site de l&rsquo;Universit\u00e9 de Sebha<\/strong><\/h3>\r\n<p>De mani\u00e8re g\u00e9n\u00e9rale, les informations collect\u00e9es sont utilis\u00e9es comme suit :<\/p>\r\n<ol>\r\n<li>\r\n<p><strong>Am\u00e9lioration de l\u2019exp\u00e9rience utilisateur globale<\/strong> : Nous utilisons les donn\u00e9es collect\u00e9es pour am\u00e9liorer l\u2019exp\u00e9rience des utilisateurs sur notre site web.<\/p>\r\n<\/li>\r\n<li>\r\n<p><strong>Utilisation des sondages pour prendre des d\u00e9cisions<\/strong> : Les retours des sondages sont analys\u00e9s afin de prendre des d\u00e9cisions pour am\u00e9liorer la performance du site web.<\/p>\r\n<\/li>\r\n<li>\r\n<p><strong>Cr\u00e9ation d&rsquo;une base solide d\u2019utilisateurs<\/strong> : Nous visons \u00e0 \u00e9tablir une base solide pour offrir une meilleure exp\u00e9rience aux utilisateurs sur les plateformes en ligne de l&rsquo;Universit\u00e9 de Sebha.<\/p>\r\n<\/li>\r\n<li>\r\n<p><strong>Liaison ou fusion des informations utilisateur<\/strong> : Les donn\u00e9es collect\u00e9es peuvent \u00eatre reli\u00e9es ou fusionn\u00e9es avec d&rsquo;autres informations personnelles pour fournir un service plus complet.<\/p>\r\n<\/li>\r\n<li>\r\n<p><strong>Protection l\u00e9gale<\/strong> : Toutes les informations pr\u00e9sentes sur le site sont prot\u00e9g\u00e9es par la loi pour garantir la s\u00e9curit\u00e9 contre toute action ill\u00e9gale.<\/p>\r\n<\/li>\r\n<li>\r\n<p><strong>R\u00e9pondre aux questions<\/strong> : L&rsquo;Universit\u00e9 de Sebha s&rsquo;engage \u00e0 r\u00e9pondre \u00e0 vos commentaires et questions et \u00e0 fournir les informations n\u00e9cessaires rapidement par le biais des d\u00e9partements administratifs concern\u00e9s.<\/p>\r\n<\/li>\r\n<\/ol>\r\n<h3><strong>Les donn\u00e9es personnelles que nous collectons et pourquoi<\/strong><\/h3>\r\n<p>L&rsquo;Universit\u00e9 de Sebha collecte p\u00e9riodiquement des donn\u00e9es personnelles fournies par les utilisateurs sur le site, conform\u00e9ment aux directives l\u00e9gales. Cette collecte est bas\u00e9e sur votre consentement pr\u00e9alable et peut se produire lors de la cr\u00e9ation d\u2019un compte, du contact avec nous, de l\u2019inscription sur les plateformes du site ou de l&rsquo;abonnement \u00e0 des newsletters. De plus, nous utilisons des outils d\u2019analyse de donn\u00e9es, comme <strong>Google Analytics<\/strong>, pour am\u00e9liorer les sites web de l\u2019universit\u00e9.<\/p>\r\n<p>Veuillez noter que l\u2019Universit\u00e9 de Sebha n\u2019est pas responsable des pratiques de confidentialit\u00e9 des sites web externes li\u00e9s \u00e0 ses plateformes.<\/p>\r\n<h3><strong>Commentaires<\/strong><\/h3>\r\n<p>Lorsqu&rsquo;un visiteur laisse un commentaire sur le site de l&rsquo;Universit\u00e9 de Sebha, nous collectons les donn\u00e9es mentionn\u00e9es dans le formulaire de commentaire, ainsi que l\u2019adresse IP du visiteur et la cha\u00eene de l\u2019agent utilisateur de son navigateur, afin de d\u00e9tecter les messages ind\u00e9sirables (spam). Il peut vous \u00eatre demand\u00e9 de fournir une adresse e-mail pour valider votre commentaire. Notez que l&rsquo;image de votre profil sera visible publiquement avec votre commentaire.<\/p>\r\n<h3><strong>M\u00e9dias<\/strong><\/h3>\r\n<p>Si vous t\u00e9l\u00e9chargez des images sur le site de l&rsquo;universit\u00e9, il est recommand\u00e9 d\u2019\u00e9viter de les t\u00e9l\u00e9charger avec des m\u00e9tadonn\u00e9es de localisation int\u00e9gr\u00e9es (telles que les informations EXIF GPS). Les visiteurs du site peuvent t\u00e9l\u00e9charger et extraire des donn\u00e9es de localisation \u00e0 partir des images pr\u00e9sentes sur le site si ces informations sont incluses.<\/p>\r\n<h3><strong>Formulaires de contact<\/strong><\/h3>\r\n<h3><strong>Cookies<\/strong><\/h3>\r\n<p>Si vous laissez un commentaire sur notre site, vous pouvez choisir de sauvegarder votre nom, adresse e-mail et site web dans des cookies pour votre confort, afin que vous n\u2019ayez pas \u00e0 remplir \u00e0 nouveau ces informations lors d\u2019un autre commentaire. Ces cookies dureront un an. Si vous visitez notre page de connexion, nous placerons un cookie temporaire pour d\u00e9terminer si votre navigateur accepte les cookies. Ce cookie ne contient aucune donn\u00e9e personnelle et sera supprim\u00e9 \u00e0 la fermeture de votre navigateur.<\/p>\r\n<p>Lorsque vous vous connectez, nous installons \u00e9galement plusieurs cookies pour enregistrer vos informations de connexion et vos pr\u00e9f\u00e9rences d\u2019affichage \u00e0 l\u2019\u00e9cran. Les cookies de connexion durent deux jours, tandis que les cookies pour les pr\u00e9f\u00e9rences d\u2019\u00e9cran durent un an. Si vous s\u00e9lectionnez \u00ab Se souvenir de moi \u00bb, votre connexion restera active pendant deux semaines. Si vous vous d\u00e9connectez, les cookies de connexion seront supprim\u00e9s. Si vous modifiez ou publiez un article, un cookie suppl\u00e9mentaire sera enregistr\u00e9 dans votre navigateur, indiquant simplement l\u2019identifiant de l\u2019article que vous avez modifi\u00e9. Ce cookie expirera apr\u00e8s un jour.<\/p>\r\n<h3><strong>Contenu int\u00e9gr\u00e9 provenant d\u2019autres sites web<\/strong><\/h3>\r\n<p>Les articles pr\u00e9sents sur ce site peuvent inclure du contenu int\u00e9gr\u00e9 (comme des vid\u00e9os, des images, des articles, etc.). Le contenu int\u00e9gr\u00e9 depuis d\u2019autres sites web se comporte de la m\u00eame mani\u00e8re que si le visiteur consultait directement le site externe. Ces sites web peuvent collecter des donn\u00e9es sur vous, utiliser des cookies, int\u00e9grer des suivis suppl\u00e9mentaires de tiers, et surveiller vos interactions avec ce contenu, notamment si vous \u00eates connect\u00e9 \u00e0 leur site web.<\/p>\r\n<h3>Analytique<\/h3>\r\n<p><br \/><strong>Avec qui nous partageons vos donn\u00e9es<\/strong><br \/><strong>Combien de temps conservons-nous vos donn\u00e9es ?<\/strong><br \/>Si vous laissez un commentaire, le commentaire et ses m\u00e9tadonn\u00e9es seront conserv\u00e9s ind\u00e9finiment. Cela nous permet de reconna\u00eetre et d&rsquo;approuver automatiquement tous les commentaires suivants au lieu de les conserver dans une file d&rsquo;attente de mod\u00e9ration pour approbation. Pour les utilisateurs qui s&rsquo;inscrivent sur notre site Web (le cas \u00e9ch\u00e9ant), nous stockons \u00e9galement les informations personnelles qu&rsquo;ils fournissent dans leur profil d&rsquo;utilisateur. Tous les utilisateurs peuvent consulter, modifier ou supprimer leurs informations personnelles \u00e0 tout moment (sauf qu&rsquo;ils ne peuvent pas modifier leur nom d&rsquo;utilisateur). Les administrateurs du site Web peuvent \u00e9galement voir et modifier ces informations.<\/p>\r\n<p><strong>Quels droits avez-vous sur vos donn\u00e9es ?<\/strong><br \/>Si vous avez un compte sur ce site ou si vous avez laiss\u00e9 des commentaires, vous pouvez demander \u00e0 recevoir un fichier export\u00e9 des donn\u00e9es personnelles que nous d\u00e9tenons \u00e0 votre sujet, y compris toutes les donn\u00e9es que vous nous avez fournies. Vous pouvez \u00e9galement demander que nous supprimions toutes les donn\u00e9es personnelles que nous d\u00e9tenons \u00e0 votre sujet. Cela n&rsquo;inclut pas les donn\u00e9es que nous sommes tenus de conserver \u00e0 des fins administratives, juridiques ou de s\u00e9curit\u00e9.<\/p>\r\n<p><strong>O\u00f9 nous envoyons vos donn\u00e9es<\/strong><br \/>Les commentaires des visiteurs peuvent \u00eatre v\u00e9rifi\u00e9s via un service automatis\u00e9 de d\u00e9tection de spam. Vos coordonn\u00e9es Informations suppl\u00e9mentaires Comment nous prot\u00e9geons vos donn\u00e9es Quelles proc\u00e9dures de violation de donn\u00e9es avons-nous mises en place De quels tiers nous recevons des donn\u00e9es Quelle prise de d\u00e9cision et\/ou profilage nous effectuons avec les donn\u00e9es des utilisateurs Exigences de divulgation du r\u00e9gulateur<\/p>\r\n<h3>protection<\/h3>\r\n<p><br \/>L&rsquo;Universit\u00e9 Sebha prend de nombreuses mesures pour prot\u00e9ger vos informations personnelles contre tout acc\u00e8s par des personnes non autoris\u00e9es, que ce soit \u00e0 des fins de modification, de divulgation, d&rsquo;utilisation abusive ou de destruction. Mais l\u2019in\u00e9vitable peut se produire. Aucun syst\u00e8me de transmission ou de stockage de donn\u00e9es ne peut \u00eatre garanti \u00e0 100 %. Par cons\u00e9quent, en g\u00e9n\u00e9ral, la s\u00fbret\u00e9 et la s\u00e9curit\u00e9 de vos informations personnelles d\u00e9pendent de vous, et si vous choisissez de partager des informations personnelles sur les pages de l&rsquo;universit\u00e9 ou sur les r\u00e9seaux sociaux officiels, d&rsquo;autres pourront acc\u00e9der \u00e0 ces informations et, par cons\u00e9quent, l&rsquo;universit\u00e9 ne le fera pas. \u00eatre responsable de ces informations partag\u00e9es publiquement. De mani\u00e8re g\u00e9n\u00e9rale, en utilisant les sites Internet de l&rsquo;Universit\u00e9 Sebha, vous reconnaissez, comprenez et acceptez d&rsquo;assumer ces risques.<\/p>\r\n<p>&nbsp;<\/p>\r\n<h3 style=\"text-align: center;\">Privacy Policy Sebha University<\/h3>\r\n<h2 style=\"text-align: center;\">Privacy Policy Sebha University<\/h2>\r\n","protected":false},"excerpt":{"rendered":"<p>D\u00e9claration de confidentialit\u00e9 du site Web de l&rsquo;Universit\u00e9 Sebha Qui sommes-nous ? https:\/\/sebhau.edu.ly\/\u00a0 Introduction En g\u00e9n\u00e9ral, cette d\u00e9claration explique la confidentialit\u00e9 de l&rsquo;utilisation du site Web de l&rsquo;Universit\u00e9 Sebha http:\/\/sebhau.edu.ly et des informations des utilisateurs de sites Web affili\u00e9s \u00e0 l&rsquo;Universit\u00e9 Sebha, y compris les syst\u00e8mes \u00e9lectroniques, y compris les informations utilis\u00e9es pour d\u00e9terminer l&rsquo;identification [&hellip;]<\/p>\n","protected":false},"author":1,"featured_media":0,"parent":0,"menu_order":0,"comment_status":"closed","ping_status":"closed","template":"","meta":{"_uf_show_specific_survey":0,"_uf_disable_surveys":false,"footnotes":""},"class_list":["post-33069","page","type-page","status-publish","hentry"],"aioseo_notices":[],"amp_enabled":true,"_links":{"self":[{"href":"https:\/\/sebhau.edu.ly\/fr\/wp-json\/wp\/v2\/pages\/33069","targetHints":{"allow":["GET"]}}],"collection":[{"href":"https:\/\/sebhau.edu.ly\/fr\/wp-json\/wp\/v2\/pages"}],"about":[{"href":"https:\/\/sebhau.edu.ly\/fr\/wp-json\/wp\/v2\/types\/page"}],"author":[{"embeddable":true,"href":"https:\/\/sebhau.edu.ly\/fr\/wp-json\/wp\/v2\/users\/1"}],"replies":[{"embeddable":true,"href":"https:\/\/sebhau.edu.ly\/fr\/wp-json\/wp\/v2\/comments?post=33069"}],"version-history":[{"count":0,"href":"https:\/\/sebhau.edu.ly\/fr\/wp-json\/wp\/v2\/pages\/33069\/revisions"}],"wp:attachment":[{"href":"https:\/\/sebhau.edu.ly\/fr\/wp-json\/wp\/v2\/media?parent=33069"}],"curies":[{"name":"wp","href":"https:\/\/api.w.org\/{rel}","templated":true}]}}