{"id":33073,"date":"2021-12-09T04:51:13","date_gmt":"2021-12-09T01:51:13","guid":{"rendered":"https:\/\/sebhau.edu.ly\/instructions-sebha-university\/"},"modified":"2024-10-14T19:49:14","modified_gmt":"2024-10-14T16:49:14","slug":"instructions-sebha-university","status":"publish","type":"page","link":"https:\/\/sebhau.edu.ly\/fr\/instructions-sebha-university\/","title":{"rendered":"Instructions d&rsquo;utilisation pour les sites de l&rsquo;Universit\u00e9 de Sebha"},"content":{"rendered":"<h3><strong>Instructions d&rsquo;utilisation<\/strong><\/h3>\n<h4>Politiques g\u00e9n\u00e9rales d&rsquo;utilisation :<\/h4>\n<p>En utilisant les sites Web de l&rsquo;Universit\u00e9 de Sebha, vous affirmez et reconnaissez votre accord \u00e0 respecter la politique de confidentialit\u00e9 de l&rsquo;universit\u00e9.<\/p>\n<p>Votre acc\u00e8s aux sites de l&rsquo;Universit\u00e9 de Sebha est conditionn\u00e9 \u00e0 votre acceptation des conditions d&rsquo;utilisation \u00e9nonc\u00e9es sur cette page. En g\u00e9n\u00e9ral, ces conditions s&rsquo;appliquent \u00e0 tous les visiteurs et utilisateurs du site. Si vous n&rsquo;\u00eates pas d&rsquo;accord avec ces conditions, veuillez vous abstenir d&rsquo;utiliser le site Web.<\/p>\n<h4>Conditions d&rsquo;utilisation des sites de l&rsquo;Universit\u00e9 de Sebha :<\/h4>\n<p>Tout internaute des sites Web de l&rsquo;Universit\u00e9 de Sebha doit lire attentivement les conditions d&rsquo;utilisation avant d&rsquo;entrer ou de participer \u00e0 toute activit\u00e9 universitaire, y compris les forums \u00e9lectroniques disponibles sur les sites de l&rsquo;Universit\u00e9 de Sebha :<\/p>\n<ul>\n<li>En g\u00e9n\u00e9ral, l&rsquo;utilisation ou la participation \u00e0 tout site affili\u00e9 \u00e0 l&rsquo;Universit\u00e9 de Sebha signifie que vous avez lu et compris les conditions d&rsquo;utilisation et que vous acceptez de vous y conformer.<\/li>\n<li>L&rsquo;Universit\u00e9 de Sebha a le droit de mettre \u00e0 jour les conditions d&rsquo;utilisation, et les utilisateurs doivent les consulter p\u00e9riodiquement.<\/li>\n<\/ul>\n<h4>Clause de non-responsabilit\u00e9 :<\/h4>\n<p>L&rsquo;Universit\u00e9 de Sebha s&rsquo;efforce de garantir que toutes les informations et services fournis sur ses sites Web sont pr\u00e9cis et fiables, mais elle ne fournit aucune garantie \u00e9crite, explicite ou implicite concernant l&rsquo;exactitude de ces informations.<\/p>\n<ul>\n<li>En g\u00e9n\u00e9ral, l&rsquo;universit\u00e9 n&rsquo;est pas responsable des cons\u00e9quences r\u00e9sultant de l&rsquo;utilisation des sites et services de l&rsquo;universit\u00e9, que ces informations soient publi\u00e9es ou supprim\u00e9es.<\/li>\n<li>La pr\u00e9sence de liens vers des sites externes n&rsquo;implique pas de relation commerciale ou autre entre eux et l&rsquo;universit\u00e9.<\/li>\n<li>L&rsquo;universit\u00e9 n&rsquo;assume pas la responsabilit\u00e9 de la r\u00e9vision p\u00e9riodique ou de l&rsquo;approbation des contenus ou de l&rsquo;utilisation des services fournis par des sites externes.<\/li>\n<li>L&rsquo;universit\u00e9 n&rsquo;est pas responsable des dommages r\u00e9sultant de l&rsquo;utilisation du contenu publi\u00e9 sur ses sites, y compris des virus et autres probl\u00e8mes.<\/li>\n<li>En acc\u00e9dant aux sites de l&rsquo;Universit\u00e9 de Sebha, vous acceptez de ne pas entrer ou tenter d&rsquo;acc\u00e9der \u00e0 des comptes utilisateurs pendant que vous utilisez les sites de l&rsquo;universit\u00e9.<\/li>\n<\/ul>\n<h4>Droits d&rsquo;auteur et utilisation du site de l&rsquo;Universit\u00e9 de Sebha :<\/h4>\n<p>L&rsquo;universit\u00e9 conserve les droits d&rsquo;auteur, et en g\u00e9n\u00e9ral, les utilisateurs sont autoris\u00e9s \u00e0 copier ou t\u00e9l\u00e9charger des donn\u00e9es \u00e0 des fins administratives et \u00e9ducatives au sein de l&rsquo;universit\u00e9, ou \u00e0 des fins non commerciales, ou \u00e0 obtenir une autorisation \u00e9crite de l&rsquo;universit\u00e9 avant utilisation.<\/p>\n<h4>Avertissements g\u00e9n\u00e9raux :<\/h4>\n<p>En g\u00e9n\u00e9ral, aucun des sites de l&rsquo;universit\u00e9 ne doit \u00eatre utilis\u00e9 aux fins suivantes :<\/p>\n<ul>\n<li>Distorsion d&rsquo;identit\u00e9<\/li>\n<li>Publication de mat\u00e9riaux offensants<\/li>\n<li>Informations acad\u00e9miques<\/li>\n<\/ul>\n<h4>Indemnit\u00e9s :<\/h4>\n<p>En entrant sur les sites de l&rsquo;universit\u00e9, vous acceptez d&rsquo;indemniser l&rsquo;Universit\u00e9 de Sebha contre toute r\u00e9clamation, perte ou dommage.<\/p>\n<h4>Votre compte en tant qu&#8217;employ\u00e9 ou \u00e9tudiant de l&rsquo;Universit\u00e9 de Sebha :<\/h4>\n<p>Toutes les personnes disposant de comptes \u00e0 l&rsquo;Universit\u00e9 de Sebha sont responsables de la confidentialit\u00e9 de leurs informations de compte et de leurs mots de passe. En g\u00e9n\u00e9ral, vous acceptez d&rsquo;assumer l&rsquo;enti\u00e8re responsabilit\u00e9 de toutes les activit\u00e9s qui se produisent sous votre compte.<\/p>\n<h4>Changements dans les conditions d&rsquo;utilisation :<\/h4>\n<p>L&rsquo;universit\u00e9 se r\u00e9serve le droit de modifier les conditions de temps \u00e0 autre selon ce qu&rsquo;elle juge appropri\u00e9.<\/p>\n<h4>Conclusion :<\/h4>\n<p>L&rsquo;Universit\u00e9 de Sebha se r\u00e9serve le droit de refuser tout type de service propos\u00e9, de r\u00e9silier des comptes et de supprimer ou modifier le contenu publi\u00e9 sur ses sites.<\/p>\n","protected":false},"excerpt":{"rendered":"<p>Instructions d&rsquo;utilisation Politiques g\u00e9n\u00e9rales d&rsquo;utilisation : En utilisant les sites Web de l&rsquo;Universit\u00e9 de Sebha, vous affirmez et reconnaissez votre accord \u00e0 respecter la politique de confidentialit\u00e9 de l&rsquo;universit\u00e9. Votre acc\u00e8s aux sites de l&rsquo;Universit\u00e9 de Sebha est conditionn\u00e9 \u00e0 votre acceptation des conditions d&rsquo;utilisation \u00e9nonc\u00e9es sur cette page. En g\u00e9n\u00e9ral, ces conditions s&rsquo;appliquent \u00e0 [&hellip;]<\/p>\n","protected":false},"author":1,"featured_media":0,"parent":0,"menu_order":0,"comment_status":"closed","ping_status":"closed","template":"","meta":{"_uf_show_specific_survey":0,"_uf_disable_surveys":false,"footnotes":""},"class_list":["post-33073","page","type-page","status-publish","hentry"],"aioseo_notices":[],"amp_enabled":true,"_links":{"self":[{"href":"https:\/\/sebhau.edu.ly\/fr\/wp-json\/wp\/v2\/pages\/33073","targetHints":{"allow":["GET"]}}],"collection":[{"href":"https:\/\/sebhau.edu.ly\/fr\/wp-json\/wp\/v2\/pages"}],"about":[{"href":"https:\/\/sebhau.edu.ly\/fr\/wp-json\/wp\/v2\/types\/page"}],"author":[{"embeddable":true,"href":"https:\/\/sebhau.edu.ly\/fr\/wp-json\/wp\/v2\/users\/1"}],"replies":[{"embeddable":true,"href":"https:\/\/sebhau.edu.ly\/fr\/wp-json\/wp\/v2\/comments?post=33073"}],"version-history":[{"count":0,"href":"https:\/\/sebhau.edu.ly\/fr\/wp-json\/wp\/v2\/pages\/33073\/revisions"}],"wp:attachment":[{"href":"https:\/\/sebhau.edu.ly\/fr\/wp-json\/wp\/v2\/media?parent=33073"}],"curies":[{"name":"wp","href":"https:\/\/api.w.org\/{rel}","templated":true}]}}