{"id":33079,"date":"2021-12-09T03:03:26","date_gmt":"2021-12-09T00:03:26","guid":{"rendered":"https:\/\/sebhau.edu.ly\/send-post\/"},"modified":"2024-10-13T11:02:32","modified_gmt":"2024-10-13T08:02:32","slug":"send-post","status":"publish","type":"page","link":"https:\/\/sebhau.edu.ly\/fr\/send-post\/","title":{"rendered":"Envoyer un post"},"content":{"rendered":"<section class=\"wpb-content-wrapper\"><p>[vc_row bg_type=\u00a0\u00bb\u00a0\u00bb dima_canvas_style=\u00a0\u00bb\u00a0\u00bb translate_x=\u00a0\u00bb0&Prime; dima_z_index=\u00a0\u00bb0&Prime; delay=\u00a0\u00bb\u00a0\u00bb delay_duration=\u00a0\u00bb\u00a0\u00bb delay_offset=\u00a0\u00bb\u00a0\u00bb][vc_column min_height=\u00a0\u00bb\u00a0\u00bb bg_type=\u00a0\u00bb\u00a0\u00bb dima_canvas_style=\u00a0\u00bb\u00a0\u00bb translate_x=\u00a0\u00bb0&Prime; dima_z_index=\u00a0\u00bb0&Prime; delay=\u00a0\u00bb\u00a0\u00bb delay_duration=\u00a0\u00bb\u00a0\u00bb delay_offset=\u00a0\u00bb\u00a0\u00bb]<h1  class=\"dima-custom-heading\" >Envoyer un post<\/h1><p>Ce formulaire est destin\u00e9 aux facult\u00e9s, administrations, bureaux et d\u00e9partements de l&rsquo;Universit\u00e9 de Sebha pour soumettre leurs annonces et activit\u00e9s \u00e0 publier sur le site web de l&rsquo;universit\u00e9. Veuillez noter que l&rsquo;article sera publi\u00e9 apr\u00e8s avoir \u00e9t\u00e9 r\u00e9vis\u00e9 et \u00e9dit\u00e9 par le Centre de M\u00e9dias de l&rsquo;Universit\u00e9 de Sebha, apr\u00e8s approbation des autorit\u00e9s comp\u00e9tentes.<\/p>\n<p>Vous pouvez nous contacter par l&rsquo;adresse email <a href=\"https:\/\/sebhau.edu.ly\/fr\/media_center\/\">du Centre de M\u00e9dias de l&rsquo;Universit\u00e9<\/a> de Sebha :<br \/>\n<a rel=\"noopener\">umc@sebhau.edu.ly<\/a><\/p>\n[\/vc_column][\/vc_row]<\/p>\n<\/section>","protected":false},"excerpt":{"rendered":"<p>[vc_row bg_type=\u00a0\u00bb\u00a0\u00bb dima_canvas_style=\u00a0\u00bb\u00a0\u00bb translate_x=\u00a0\u00bb0&Prime; dima_z_index=\u00a0\u00bb0&Prime; delay=\u00a0\u00bb\u00a0\u00bb delay_duration=\u00a0\u00bb\u00a0\u00bb delay_offset=\u00a0\u00bb\u00a0\u00bb][vc_column min_height=\u00a0\u00bb\u00a0\u00bb bg_type=\u00a0\u00bb\u00a0\u00bb dima_canvas_style=\u00a0\u00bb\u00a0\u00bb translate_x=\u00a0\u00bb0&Prime; dima_z_index=\u00a0\u00bb0&Prime; delay=\u00a0\u00bb\u00a0\u00bb delay_duration=\u00a0\u00bb\u00a0\u00bb delay_offset=\u00a0\u00bb\u00a0\u00bb][\/vc_column][\/vc_row]<\/p>\n","protected":false},"author":1,"featured_media":0,"parent":0,"menu_order":0,"comment_status":"closed","ping_status":"closed","template":"","meta":{"_uf_show_specific_survey":0,"_uf_disable_surveys":false,"footnotes":""},"class_list":["post-33079","page","type-page","status-publish","hentry"],"aioseo_notices":[],"amp_enabled":true,"_links":{"self":[{"href":"https:\/\/sebhau.edu.ly\/fr\/wp-json\/wp\/v2\/pages\/33079","targetHints":{"allow":["GET"]}}],"collection":[{"href":"https:\/\/sebhau.edu.ly\/fr\/wp-json\/wp\/v2\/pages"}],"about":[{"href":"https:\/\/sebhau.edu.ly\/fr\/wp-json\/wp\/v2\/types\/page"}],"author":[{"embeddable":true,"href":"https:\/\/sebhau.edu.ly\/fr\/wp-json\/wp\/v2\/users\/1"}],"replies":[{"embeddable":true,"href":"https:\/\/sebhau.edu.ly\/fr\/wp-json\/wp\/v2\/comments?post=33079"}],"version-history":[{"count":0,"href":"https:\/\/sebhau.edu.ly\/fr\/wp-json\/wp\/v2\/pages\/33079\/revisions"}],"wp:attachment":[{"href":"https:\/\/sebhau.edu.ly\/fr\/wp-json\/wp\/v2\/media?parent=33079"}],"curies":[{"name":"wp","href":"https:\/\/api.w.org\/{rel}","templated":true}]}}