{"id":33788,"date":"2021-12-10T18:19:37","date_gmt":"2021-12-10T15:19:37","guid":{"rendered":"https:\/\/sebhau.edu.ly\/attend-sebha-university\/"},"modified":"2024-10-15T21:00:17","modified_gmt":"2024-10-15T18:00:17","slug":"attend-sebha-university","status":"publish","type":"page","link":"https:\/\/sebhau.edu.ly\/fr\/attend-sebha-university\/","title":{"rendered":"Pourquoi rejoindre l&rsquo;Universit\u00e9 de Sebha ?"},"content":{"rendered":"<section class=\"wpb-content-wrapper\"><p>[vc_row bg_type=\u00a0\u00bb\u00a0\u00bb dima_canvas_style=\u00a0\u00bb\u00a0\u00bb translate_x=\u00a0\u00bb0&Prime; dima_z_index=\u00a0\u00bb0&Prime; delay=\u00a0\u00bb\u00a0\u00bb delay_duration=\u00a0\u00bb\u00a0\u00bb delay_offset=\u00a0\u00bb\u00a0\u00bb top_and_bottom_padding=\u00a0\u00bb\u00a0\u00bb left_and_right_padding=\u00a0\u00bb\u00a0\u00bb][vc_column min_height=\u00a0\u00bb\u00a0\u00bb bg_type=\u00a0\u00bb\u00a0\u00bb dima_canvas_style=\u00a0\u00bb\u00a0\u00bb translate_x=\u00a0\u00bb0&Prime; dima_z_index=\u00a0\u00bb0&Prime; delay=\u00a0\u00bb\u00a0\u00bb delay_duration=\u00a0\u00bb\u00a0\u00bb delay_offset=\u00a0\u00bb\u00a0\u00bb top_and_bottom_padding=\u00a0\u00bb\u00a0\u00bb left_and_right_padding=\u00a0\u00bb\u00a0\u00bb width=\u00a0\u00bb1\/1&Prime;][vc_hoverbox image=\u00a0\u00bb13927&Prime; primary_title=\u00a0\u00bbLeadership en \u00c9ducation, Recherche Scientifique et Service Communautaire\u00a0\u00bb hover_title=\u00a0\u00bbLeadership en \u00c9ducation, Recherche Scientifique et Service Communautaire\u00a0\u00bb][\/vc_hoverbox][\/vc_column][\/vc_row][vc_row bg_type=\u00a0\u00bb\u00a0\u00bb dima_canvas_style=\u00a0\u00bb\u00a0\u00bb translate_x=\u00a0\u00bb0&Prime; dima_z_index=\u00a0\u00bb0&Prime; delay=\u00a0\u00bb\u00a0\u00bb delay_duration=\u00a0\u00bb\u00a0\u00bb delay_offset=\u00a0\u00bb\u00a0\u00bb top_and_bottom_padding=\u00a0\u00bb\u00a0\u00bb left_and_right_padding=\u00a0\u00bb\u00a0\u00bb id=\u00a0\u00bb\u00a0\u00bb class=\u00a0\u00bb\u00a0\u00bb style=\u00a0\u00bb\u00a0\u00bb][vc_column min_height=\u00a0\u00bb\u00a0\u00bb bg_type=\u00a0\u00bb\u00a0\u00bb dima_canvas_style=\u00a0\u00bb\u00a0\u00bb translate_x=\u00a0\u00bb0&Prime; dima_z_index=\u00a0\u00bb0&Prime; delay=\u00a0\u00bb\u00a0\u00bb delay_duration=\u00a0\u00bb\u00a0\u00bb delay_offset=\u00a0\u00bb\u00a0\u00bb top_and_bottom_padding=\u00a0\u00bb\u00a0\u00bb left_and_right_padding=\u00a0\u00bb\u00a0\u00bb width=\u00a0\u00bb1\/3&Prime;][vc_hoverbox image=\u00a0\u00bb13693&Prime; primary_title=\u00a0\u00bbNos Dipl\u00f4m\u00e9s\u00a0\u00bb hover_title=\u00a0\u00bbNos Dipl\u00f4m\u00e9s\u00a0\u00bb][\/vc_hoverbox]<div  class=\"dima-clear\" style=\"padding-bottom:15px\"><\/div><ul  class=\"list-style check\" ><li   >Plus de 41 000 dipl\u00f4m\u00e9s<\/li><li   >Ils ont occup\u00e9 de nombreux postes sup\u00e9rieurs dans l&rsquo;\u00c9tat libyen<\/li><li   >Participation des dipl\u00f4m\u00e9s \u00e0 des conf\u00e9rences locales et internationales<\/li><li   >Gagnants de prix d&rsquo;innovation<\/li><li   >Ils ont des publications scientifiques dans des revues prestigieuses<\/li><\/ul><a   data-direction=\"down\" class=\"dima-button  dima-btn-pill fill dima-btn-small float-center\"  href=\"http:\/\/sebhau.edu.ly\/graduation\/#intro\"  target=\"_blank\" rel=\"noopener\"  >En savoir plus<\/a>[\/vc_column][vc_column min_height=\u00a0\u00bb\u00a0\u00bb bg_type=\u00a0\u00bb\u00a0\u00bb dima_canvas_style=\u00a0\u00bb\u00a0\u00bb translate_x=\u00a0\u00bb0&Prime; dima_z_index=\u00a0\u00bb0&Prime; delay=\u00a0\u00bb\u00a0\u00bb delay_duration=\u00a0\u00bb\u00a0\u00bb delay_offset=\u00a0\u00bb\u00a0\u00bb top_and_bottom_padding=\u00a0\u00bb\u00a0\u00bb left_and_right_padding=\u00a0\u00bb\u00a0\u00bb width=\u00a0\u00bb1\/3&Prime;][vc_hoverbox image=\u00a0\u00bb13703&Prime; primary_title=\u00a0\u00bbMembres du Corps Professoral\u00a0\u00bb hover_title=\u00a0\u00bbMembres du Corps Professoral\u00a0\u00bb][\/vc_hoverbox]<div  class=\"dima-clear\" style=\"padding-bottom:15px\"><\/div><ul  class=\"list-style check\" ><li   >Plus de 1 400 membres du corps professoral<\/li><li   >S\u00e9lection de professeurs acad\u00e9miques dans divers domaines scientifiques<\/li><li   >Ils d\u00e9tiennent des dipl\u00f4mes avanc\u00e9s de diverses universit\u00e9s mondiales<\/li><li   >Ils m\u00e8nent des recherches de haut niveau.<\/li><li   >Ils ont de nombreux prix et innovations locaux et internationaux<\/li><\/ul><a   data-direction=\"down\" class=\"dima-button  dima-btn-pill fill dima-btn-small float-center\"  href=\"https:\/\/sebhau.edu.ly\/fr\/researchers-data\/\"  target=\"_blank\" rel=\"noopener\"  >En savoir plus<\/a>[\/vc_column][vc_column min_height=\u00a0\u00bb\u00a0\u00bb bg_type=\u00a0\u00bb\u00a0\u00bb dima_canvas_style=\u00a0\u00bb\u00a0\u00bb translate_x=\u00a0\u00bb0&Prime; dima_z_index=\u00a0\u00bb0&Prime; delay=\u00a0\u00bb\u00a0\u00bb delay_duration=\u00a0\u00bb\u00a0\u00bb delay_offset=\u00a0\u00bb\u00a0\u00bb top_and_bottom_padding=\u00a0\u00bb\u00a0\u00bb left_and_right_padding=\u00a0\u00bb\u00a0\u00bb width=\u00a0\u00bb1\/3&Prime;][vc_hoverbox image=\u00a0\u00bb13929&Prime; primary_title=\u00a0\u00bbNos \u00c9tudiants\u00a0\u00bb hover_title=\u00a0\u00bbNos \u00c9tudiants\u00a0\u00bb][\/vc_hoverbox]<div  class=\"dima-clear\" style=\"padding-bottom:15px\"><\/div><ul  class=\"list-style check\" ><li   >\u00c9tudiants de premier cycle : Plus de 11 000<\/li><li   >\u00c9tudiants de troisi\u00e8me cycle : Plus de 1 300<\/li><li   >\u00c9tudiants inscrits \u00e0 l&rsquo;\u00e9ducation en ligne : Plus de 10 000<\/li><li   >\u00c9tudiants internationaux : Plus de 8 pays<\/li><li   >Taux d&#8217;emploi \u00e9lev\u00e9 pour les dipl\u00f4m\u00e9s de l&rsquo;universit\u00e9.<\/li><\/ul><a   data-direction=\"down\" class=\"dima-button  dima-btn-pill fill dima-btn-small float-center\"  href=\"https:\/\/sebhau.edu.ly\/elec\/theme\/upload\/clues\/%D8%AF%D9%84%D9%8A%D9%84_%D8%A7%D9%84%D8%B7%D8%A7%D9%84%D8%A8_%D8%A7%D9%84%D8%B4%D8%A7%D9%85%D9%84_%D8%AC%D8%A7%D9%85%D8%B9%D8%A9_%D8%B3%D8%A8%D9%87%D8%A7_%D9%84%D9%84%D9%85%D8%B1%D8%AD%D9%84%D8%A9.pdf\"  target=\"_blank\" rel=\"noopener\"  >En savoir plus<\/a>[\/vc_column][\/vc_row][vc_row bg_type=\u00a0\u00bb\u00a0\u00bb dima_canvas_style=\u00a0\u00bb\u00a0\u00bb translate_x=\u00a0\u00bb0&Prime; dima_z_index=\u00a0\u00bb0&Prime; delay=\u00a0\u00bb\u00a0\u00bb delay_duration=\u00a0\u00bb\u00a0\u00bb delay_offset=\u00a0\u00bb\u00a0\u00bb top_and_bottom_padding=\u00a0\u00bb\u00a0\u00bb left_and_right_padding=\u00a0\u00bb\u00a0\u00bb][vc_column min_height=\u00a0\u00bb\u00a0\u00bb bg_type=\u00a0\u00bb\u00a0\u00bb dima_canvas_style=\u00a0\u00bb\u00a0\u00bb translate_x=\u00a0\u00bb0&Prime; dima_z_index=\u00a0\u00bb0&Prime; delay=\u00a0\u00bb\u00a0\u00bb delay_duration=\u00a0\u00bb\u00a0\u00bb delay_offset=\u00a0\u00bb\u00a0\u00bb top_and_bottom_padding=\u00a0\u00bb\u00a0\u00bb left_and_right_padding=\u00a0\u00bb\u00a0\u00bb width=\u00a0\u00bb1\/1&Prime;]<hr>[\/vc_column][\/vc_row][vc_row bg_type=\u00a0\u00bb\u00a0\u00bb dima_canvas_style=\u00a0\u00bb\u00a0\u00bb translate_x=\u00a0\u00bb0&Prime; dima_z_index=\u00a0\u00bb0&Prime; delay=\u00a0\u00bb\u00a0\u00bb delay_duration=\u00a0\u00bb\u00a0\u00bb delay_offset=\u00a0\u00bb\u00a0\u00bb top_and_bottom_padding=\u00a0\u00bb\u00a0\u00bb left_and_right_padding=\u00a0\u00bb\u00a0\u00bb id=\u00a0\u00bb\u00a0\u00bb class=\u00a0\u00bb\u00a0\u00bb style=\u00a0\u00bb\u00a0\u00bb bg_color=\u00a0\u00bbrgba(221,162,0,0.25)\u00a0\u00bb border_color=\u00a0\u00bb\u00a0\u00bb][vc_column min_height=\u00a0\u00bb\u00a0\u00bb bg_type=\u00a0\u00bb\u00a0\u00bb dima_canvas_style=\u00a0\u00bb\u00a0\u00bb translate_x=\u00a0\u00bb0&Prime; dima_z_index=\u00a0\u00bb0&Prime; delay=\u00a0\u00bb\u00a0\u00bb delay_duration=\u00a0\u00bb\u00a0\u00bb delay_offset=\u00a0\u00bb\u00a0\u00bb top_and_bottom_padding=\u00a0\u00bb\u00a0\u00bb left_and_right_padding=\u00a0\u00bb\u00a0\u00bb width=\u00a0\u00bb1\/3&Prime;][vc_hoverbox image=\u00a0\u00bb13819&Prime; primary_title=\u00a0\u00bbCentres de Service Communautaire et Environnemental\u00a0\u00bb hover_title=\u00a0\u00bbCentres de Service Communautaire et Environnemental\u00a0\u00bb][\/vc_hoverbox]<div  class=\"dima-clear\" style=\"padding-bottom:15px\"><\/div><ul  class=\"list-style check\" ><li   >Le premier centre de service communautaire et environnemental dans les universit\u00e9s libyennes<\/li><li   >Plus de 300 cours de service communautaire<\/li><li   >Centre de recherche et de conseil<\/li><li   >Plus de 20 consultations scientifiques<\/li><li   >Le premier centre de formation et de d\u00e9veloppement dans les universit\u00e9s libyennes<\/li><li   >Le premier centre de d\u00e9veloppement de l&rsquo;information dans les universit\u00e9s libyennes<\/li><\/ul><a   data-direction=\"down\" class=\"dima-button  dima-btn-pill fill dima-btn-small float-center\"  href=\"https:\/\/sebhau.edu.ly\/tr\/index.php\"  target=\"_blank\" rel=\"noopener\"  >En savoir plus<\/a>[\/vc_column][vc_column min_height=\u00a0\u00bb\u00a0\u00bb bg_type=\u00a0\u00bb\u00a0\u00bb dima_canvas_style=\u00a0\u00bb\u00a0\u00bb translate_x=\u00a0\u00bb0&Prime; dima_z_index=\u00a0\u00bb0&Prime; delay=\u00a0\u00bb\u00a0\u00bb delay_duration=\u00a0\u00bb\u00a0\u00bb delay_offset=\u00a0\u00bb\u00a0\u00bb top_and_bottom_padding=\u00a0\u00bb\u00a0\u00bb left_and_right_padding=\u00a0\u00bb\u00a0\u00bb width=\u00a0\u00bb1\/3&Prime;][vc_hoverbox image=\u00a0\u00bb13767&Prime; primary_title=\u00a0\u00bbInstallations \u00c9ducatives\u00a0\u00bb hover_title=\u00a0\u00bbInstallations \u00c9ducatives\u00a0\u00bb][\/vc_hoverbox]<div  class=\"dima-clear\" style=\"padding-bottom:15px\"><\/div><ul  class=\"list-style check\" ><li   >Plus de 200 salles de classe et 19 amphith\u00e9\u00e2tres<\/li><li   >Plus de 154 laboratoires<\/li><li   >Plus de 18 biblioth\u00e8ques et 3 salles de formation<\/li><li   >Plus de 10 dortoirs<\/li><li   >Clinique de consultation pour la Facult\u00e9 de M\u00e9decine<\/li><li   >Clinique de chirurgie dentaire et orale<\/li><\/ul><a   data-direction=\"down\" class=\"dima-button  dima-btn-pill fill dima-btn-small float-center\"  href=\"https:\/\/sebhau.edu.ly\/university-clinic\/\"  target=\"_blank\" rel=\"noopener\"  >En savoir plus<\/a>[\/vc_column][vc_column min_height=\u00a0\u00bb\u00a0\u00bb bg_type=\u00a0\u00bb\u00a0\u00bb dima_canvas_style=\u00a0\u00bb\u00a0\u00bb translate_x=\u00a0\u00bb0&Prime; dima_z_index=\u00a0\u00bb0&Prime; delay=\u00a0\u00bb\u00a0\u00bb delay_duration=\u00a0\u00bb\u00a0\u00bb delay_offset=\u00a0\u00bb\u00a0\u00bb top_and_bottom_padding=\u00a0\u00bb\u00a0\u00bb left_and_right_padding=\u00a0\u00bb\u00a0\u00bb width=\u00a0\u00bb1\/3&Prime;][vc_hoverbox image=\u00a0\u00bb10475&Prime; primary_title=\u00a0\u00bbRessources Informatiques\u00a0\u00bb hover_title=\u00a0\u00bbRessources Informatiques\u00a0\u00bb][\/vc_hoverbox]<div  class=\"dima-clear\" style=\"padding-bottom:15px\"><\/div><ul  class=\"list-style check\" ><li   >Plus de 18 000 ordinateurs connect\u00e9s \u00e0 Internet<\/li><li   >Syst\u00e8me d&rsquo;\u00e9ducation \u00e0 distance \u00e0 travers des portails en ligne<\/li><li   >Laboratoires informatiques et plateformes de formation et de d\u00e9veloppement<\/li><li   >Centre de recherche technologique<\/li><li   >Centre de recherche et d&rsquo;innovation<\/li><\/ul><a   data-direction=\"down\" class=\"dima-button  dima-btn-pill fill dima-btn-small float-center\"  href=\"https:\/\/sebhau.edu.ly\/postgraduate\/admission\/\"  target=\"_blank\" rel=\"noopener\"  >En savoir plus<\/a>[\/vc_column][\/vc_row][vc_row bg_type=\u00a0\u00bb\u00a0\u00bb dima_canvas_style=\u00a0\u00bb\u00a0\u00bb translate_x=\u00a0\u00bb0&Prime; dima_z_index=\u00a0\u00bb0&Prime; delay=\u00a0\u00bb\u00a0\u00bb delay_duration=\u00a0\u00bb\u00a0\u00bb delay_offset=\u00a0\u00bb\u00a0\u00bb top_and_bottom_padding=\u00a0\u00bb\u00a0\u00bb left_and_right_padding=\u00a0\u00bb\u00a0\u00bb][vc_column min_height=\u00a0\u00bb\u00a0\u00bb bg_type=\u00a0\u00bb\u00a0\u00bb dima_canvas_style=\u00a0\u00bb\u00a0\u00bb translate_x=\u00a0\u00bb0&Prime; dima_z_index=\u00a0\u00bb0&Prime; delay=\u00a0\u00bb\u00a0\u00bb delay_duration=\u00a0\u00bb\u00a0\u00bb delay_offset=\u00a0\u00bb\u00a0\u00bb top_and_bottom_padding=\u00a0\u00bb\u00a0\u00bb left_and_right_padding=\u00a0\u00bb\u00a0\u00bb width=\u00a0\u00bb1\/1&Prime;]<hr>[\/vc_column][\/vc_row][vc_row bg_type=\u00a0\u00bb\u00a0\u00bb dima_canvas_style=\u00a0\u00bb\u00a0\u00bb translate_x=\u00a0\u00bb0&Prime; dima_z_index=\u00a0\u00bb0&Prime; delay=\u00a0\u00bb\u00a0\u00bb delay_duration=\u00a0\u00bb\u00a0\u00bb delay_offset=\u00a0\u00bb\u00a0\u00bb top_and_bottom_padding=\u00a0\u00bb\u00a0\u00bb left_and_right_padding=\u00a0\u00bb\u00a0\u00bb][vc_column min_height=\u00a0\u00bb\u00a0\u00bb bg_type=\u00a0\u00bb\u00a0\u00bb dima_canvas_style=\u00a0\u00bb\u00a0\u00bb translate_x=\u00a0\u00bb0&Prime; dima_z_index=\u00a0\u00bb0&Prime; delay=\u00a0\u00bb\u00a0\u00bb delay_duration=\u00a0\u00bb\u00a0\u00bb delay_offset=\u00a0\u00bb\u00a0\u00bb top_and_bottom_padding=\u00a0\u00bb\u00a0\u00bb left_and_right_padding=\u00a0\u00bb\u00a0\u00bb width=\u00a0\u00bb1\/3&Prime;][vc_hoverbox image=\u00a0\u00bb13819&Prime; primary_title=\u00a0\u00bbCampus\u00a0\u00bb hover_title=\u00a0\u00bbCampus\u00a0\u00bb][\/vc_hoverbox]<div  class=\"dima-clear\" style=\"padding-bottom:15px\"><\/div><ul  class=\"list-style check\" ><li   >Couvre 37 % de la superficie de la Libye<\/li><li   >Situ\u00e9 dans 7 villes du sud de la Libye<\/li><li   >Poss\u00e8de un coll\u00e8ge \u00e0 l&rsquo;\u00e9tranger au Tchad<\/li><li   >18 facult\u00e9s<\/li><li   >98 d\u00e9partements scientifiques<\/li><li   >9 centres et 7 administrations<\/li><li   >3 revues scientifiques et 1 revue culturelle et 1 association des anciens \u00e9l\u00e8ves<\/li><li   >49 accords locaux et internationaux<\/li><\/ul><a   data-direction=\"down\" class=\"dima-button  dima-btn-pill fill dima-btn-small float-center\"  href=\"https:\/\/sebhau.edu.ly\/fr\/university-numbers\/\"  target=\"_blank\" rel=\"noopener\"  >En savoir plus<\/a>[\/vc_column][vc_column min_height=\u00a0\u00bb\u00a0\u00bb bg_type=\u00a0\u00bb\u00a0\u00bb dima_canvas_style=\u00a0\u00bb\u00a0\u00bb translate_x=\u00a0\u00bb0&Prime; dima_z_index=\u00a0\u00bb0&Prime; delay=\u00a0\u00bb\u00a0\u00bb delay_duration=\u00a0\u00bb\u00a0\u00bb delay_offset=\u00a0\u00bb\u00a0\u00bb top_and_bottom_padding=\u00a0\u00bb\u00a0\u00bb left_and_right_padding=\u00a0\u00bb\u00a0\u00bb width=\u00a0\u00bb1\/3&Prime;][vc_hoverbox image=\u00a0\u00bb13673&Prime; primary_title=\u00a0\u00bbBranches de l&rsquo;Universit\u00e9\u00a0\u00bb hover_title=\u00a0\u00bbBranches de l&rsquo;Universit\u00e9\u00a0\u00bb][\/vc_hoverbox]<div  class=\"dima-clear\" style=\"padding-bottom:15px\"><\/div><ul  class=\"list-style check\" ><li   >Ville de Sebha<\/li><li   >Ville de Brak<\/li><li   >Ville d&rsquo;Ubari<\/li><li   >Ville de Ghat<\/li><li   >Ville de Zuwaila<\/li><li   >Ville de Shuwairif<\/li><li   >Ville de Murzuq<\/li><li   >Ville de Traghen<\/li><\/ul>[\/vc_column][vc_column min_height=\u00a0\u00bb\u00a0\u00bb bg_type=\u00a0\u00bb\u00a0\u00bb dima_canvas_style=\u00a0\u00bb\u00a0\u00bb translate_x=\u00a0\u00bb0&Prime; dima_z_index=\u00a0\u00bb0&Prime; delay=\u00a0\u00bb\u00a0\u00bb delay_duration=\u00a0\u00bb\u00a0\u00bb delay_offset=\u00a0\u00bb\u00a0\u00bb top_and_bottom_padding=\u00a0\u00bb\u00a0\u00bb left_and_right_padding=\u00a0\u00bb\u00a0\u00bb width=\u00a0\u00bb1\/3&Prime;][vc_hoverbox image=\u00a0\u00bb13845&Prime; primary_title=\u00a0\u00bbClassement Universitaire\u00a0\u00bb hover_title=\u00a0\u00bbClassement Universitaire\u00a0\u00bb][\/vc_hoverbox]<div  class=\"dima-clear\" style=\"padding-bottom:15px\"><\/div><ul  class=\"list-style check\" ><li   >Accr\u00e9dit\u00e9 localement par le Centre d&rsquo;Assurance Qualit\u00e9<\/li><li   >Premier selon la classification locale<\/li><li   >Premier sur les sites \u00e9lectroniques en Libye<\/li><li   >Premier en tant qu&rsquo;universit\u00e9 en ligne en Libye<\/li><li   >Deuxi\u00e8me selon le classement Google Scholar<\/li><li   >Quatri\u00e8me selon le classement Webometrics<\/li><li   >Cinqui\u00e8me selon le classement UniRank<\/li><li   >Premier bureau de qualit\u00e9 en Libye en 2004<\/li><\/ul><a   data-direction=\"down\" class=\"dima-button  dima-btn-pill fill dima-btn-small float-center\"  href=\"https:\/\/sebhau.edu.ly\/fr\/sebha-universityranking\/\"  target=\"_blank\" rel=\"noopener\"  >En savoir plus<\/a>[\/vc_column][\/vc_row]<\/p>\n<\/section>","protected":false},"excerpt":{"rendered":"<p>[vc_row bg_type=\u00a0\u00bb\u00a0\u00bb dima_canvas_style=\u00a0\u00bb\u00a0\u00bb translate_x=\u00a0\u00bb0&Prime; dima_z_index=\u00a0\u00bb0&Prime; delay=\u00a0\u00bb\u00a0\u00bb delay_duration=\u00a0\u00bb\u00a0\u00bb delay_offset=\u00a0\u00bb\u00a0\u00bb top_and_bottom_padding=\u00a0\u00bb\u00a0\u00bb left_and_right_padding=\u00a0\u00bb\u00a0\u00bb][vc_column min_height=\u00a0\u00bb\u00a0\u00bb bg_type=\u00a0\u00bb\u00a0\u00bb dima_canvas_style=\u00a0\u00bb\u00a0\u00bb translate_x=\u00a0\u00bb0&Prime; dima_z_index=\u00a0\u00bb0&Prime; delay=\u00a0\u00bb\u00a0\u00bb delay_duration=\u00a0\u00bb\u00a0\u00bb delay_offset=\u00a0\u00bb\u00a0\u00bb top_and_bottom_padding=\u00a0\u00bb\u00a0\u00bb left_and_right_padding=\u00a0\u00bb\u00a0\u00bb width=\u00a0\u00bb1\/1&Prime;][vc_hoverbox image=\u00a0\u00bb13927&Prime; primary_title=\u00a0\u00bbLeadership en \u00c9ducation, Recherche Scientifique et Service Communautaire\u00a0\u00bb hover_title=\u00a0\u00bbLeadership en \u00c9ducation, Recherche Scientifique et Service Communautaire\u00a0\u00bb][\/vc_hoverbox][\/vc_column][\/vc_row][vc_row bg_type=\u00a0\u00bb\u00a0\u00bb dima_canvas_style=\u00a0\u00bb\u00a0\u00bb translate_x=\u00a0\u00bb0&Prime; dima_z_index=\u00a0\u00bb0&Prime; delay=\u00a0\u00bb\u00a0\u00bb delay_duration=\u00a0\u00bb\u00a0\u00bb delay_offset=\u00a0\u00bb\u00a0\u00bb top_and_bottom_padding=\u00a0\u00bb\u00a0\u00bb left_and_right_padding=\u00a0\u00bb\u00a0\u00bb id=\u00a0\u00bb\u00a0\u00bb class=\u00a0\u00bb\u00a0\u00bb style=\u00a0\u00bb\u00a0\u00bb][vc_column min_height=\u00a0\u00bb\u00a0\u00bb bg_type=\u00a0\u00bb\u00a0\u00bb dima_canvas_style=\u00a0\u00bb\u00a0\u00bb translate_x=\u00a0\u00bb0&Prime; dima_z_index=\u00a0\u00bb0&Prime; [&hellip;]<\/p>\n","protected":false},"author":1,"featured_media":0,"parent":0,"menu_order":0,"comment_status":"closed","ping_status":"closed","template":"","meta":{"_uf_show_specific_survey":0,"_uf_disable_surveys":false,"footnotes":""},"class_list":["post-33788","page","type-page","status-publish","hentry"],"aioseo_notices":[],"amp_enabled":true,"_links":{"self":[{"href":"https:\/\/sebhau.edu.ly\/fr\/wp-json\/wp\/v2\/pages\/33788","targetHints":{"allow":["GET"]}}],"collection":[{"href":"https:\/\/sebhau.edu.ly\/fr\/wp-json\/wp\/v2\/pages"}],"about":[{"href":"https:\/\/sebhau.edu.ly\/fr\/wp-json\/wp\/v2\/types\/page"}],"author":[{"embeddable":true,"href":"https:\/\/sebhau.edu.ly\/fr\/wp-json\/wp\/v2\/users\/1"}],"replies":[{"embeddable":true,"href":"https:\/\/sebhau.edu.ly\/fr\/wp-json\/wp\/v2\/comments?post=33788"}],"version-history":[{"count":0,"href":"https:\/\/sebhau.edu.ly\/fr\/wp-json\/wp\/v2\/pages\/33788\/revisions"}],"wp:attachment":[{"href":"https:\/\/sebhau.edu.ly\/fr\/wp-json\/wp\/v2\/media?parent=33788"}],"curies":[{"name":"wp","href":"https:\/\/api.w.org\/{rel}","templated":true}]}}