{"id":33799,"date":"2022-01-16T22:03:13","date_gmt":"2022-01-16T19:03:13","guid":{"rendered":"https:\/\/sebhau.edu.ly\/international-science-technology-conference\/"},"modified":"2024-10-13T11:59:36","modified_gmt":"2024-10-13T08:59:36","slug":"international-science-technology-conference","status":"publish","type":"page","link":"https:\/\/sebhau.edu.ly\/fr\/international-science-technology-conference\/","title":{"rendered":"Conf\u00e9rence internationale sur la science et la technologie"},"content":{"rendered":"<section class=\"wpb-content-wrapper\"><p>[vc_row bg_type=\u00a0\u00bb\u00a0\u00bb dima_canvas_style=\u00a0\u00bb\u00a0\u00bb translate_x=\u00a0\u00bb0&Prime; dima_z_index=\u00a0\u00bb0&Prime; delay=\u00a0\u00bb\u00a0\u00bb delay_duration=\u00a0\u00bb\u00a0\u00bb delay_offset=\u00a0\u00bb\u00a0\u00bb top_and_bottom_padding=\u00a0\u00bb\u00a0\u00bb left_and_right_padding=\u00a0\u00bb\u00a0\u00bb][vc_column min_height=\u00a0\u00bb\u00a0\u00bb bg_type=\u00a0\u00bb\u00a0\u00bb dima_canvas_style=\u00a0\u00bb\u00a0\u00bb translate_x=\u00a0\u00bb0&Prime; dima_z_index=\u00a0\u00bb0&Prime; delay=\u00a0\u00bb\u00a0\u00bb delay_duration=\u00a0\u00bb\u00a0\u00bb delay_offset=\u00a0\u00bb\u00a0\u00bb top_and_bottom_padding=\u00a0\u00bb0&Prime; left_and_right_padding=\u00a0\u00bb\u00a0\u00bb width=\u00a0\u00bb1\/4&Prime; id=\u00a0\u00bb\u00a0\u00bb class=\u00a0\u00bb\u00a0\u00bb style=\u00a0\u00bb\u00a0\u00bb]<div  class=\"dima-iconbox background-hover topaz-hover features-box text-center features-box\" style=\"background-color:#ddddc5;box-shadow: none;\"><div  class=\"features-content\" ><h5 class=\"features-title\" style=\"color:#000000;\">Premi\u00e8re conf\u00e9rence<\/h5><\/div><\/div><div  class=\"dima-clear\" style=\"padding-bottom:10\"><\/div><div  class=\"dima-iconbox background-hover topaz-hover features-box text-center features-box\" style=\"background-color:#ddddc5;box-shadow: none;\"><div  class=\"features-content\" ><h5 class=\"features-title\" style=\"color:#000000;\">Deuxi\u00e8me conf\u00e9rence<\/h5><\/div><\/div><div  class=\"dima-clear\" style=\"padding-bottom:10\"><\/div><a href='https:\/\/sebhau.edu.ly\/icst2020\/' target=\"_blank\" rel=\"noopener\"><div  class=\"dima-iconbox background-hover topaz-hover features-box text-center features-box\" style=\"background-color:#ddddc5;box-shadow: none;\"><div  class=\"features-content\" ><h5 class=\"features-title\" style=\"color:#000000;\">Troisi\u00e8me conf\u00e9rence<\/h5><\/div><\/div><\/a><div  class=\"dima-clear\" style=\"padding-bottom:15px\"><\/div><a href='http:\/\/icst2021.sebhau.edu.ly\/' target=\"_blank\" rel=\"noopener\"><div  class=\"dima-iconbox background-hover topaz-hover features-box text-center features-box\" style=\"background-color:#ddddc5;box-shadow: none;\"><div  class=\"features-content\" ><h5 class=\"features-title\" style=\"color:#000000;\">Quatri\u00e8me conf\u00e9rence<\/h5><\/div><\/div><\/a><div  class=\"dima-clear\" style=\"padding-bottom:15px\"><\/div><a href='https:\/\/sebhau.edu.ly\/icst\/icst2022\/' target=\"_blank\" rel=\"noopener\"><div  class=\"dima-iconbox background-hover topaz-hover features-box text-center features-box\" style=\"background-color:#ddddc5;box-shadow: none;\"><div  class=\"features-content\" ><h5 class=\"features-title\" style=\"color:#000000;\">Cinqui\u00e8me conf\u00e9rence<\/h5><\/div><\/div><\/a><div  class=\"dima-clear\" style=\"padding-bottom:15px\"><\/div><a href='https:\/\/sebhau.edu.ly\/icst\/icst2023\/' target=\"_blank\" rel=\"noopener\"><div  class=\"dima-iconbox background-hover topaz-hover features-box text-center features-box\" style=\"background-color:#ddddc5;box-shadow: none;\"><div  class=\"features-content\" ><h5 class=\"features-title\" style=\"color:#000000;\">Sixi\u00e8me conf\u00e9rence<\/h5><\/div><\/div><\/a><div  class=\"dima-clear\" style=\"padding-bottom:15px\"><\/div><a href='https:\/\/sebhau.edu.ly\/icst\/icst2024\/' target=\"_blank\" rel=\"noopener\"><div  class=\"dima-iconbox background-hover topaz-hover features-box text-center features-box\" style=\"background-color:#ddddc5;box-shadow: none;\"><div  class=\"features-content\" ><h5 class=\"features-title\" style=\"color:#000000;\">Septi\u00e8me conf\u00e9rence<\/h5><\/div><\/div><\/a>[\/vc_column][vc_column min_height=\u00a0\u00bb\u00a0\u00bb bg_type=\u00a0\u00bb\u00a0\u00bb dima_canvas_style=\u00a0\u00bb\u00a0\u00bb translate_x=\u00a0\u00bb0&Prime; dima_z_index=\u00a0\u00bb0&Prime; delay=\u00a0\u00bb\u00a0\u00bb delay_duration=\u00a0\u00bb\u00a0\u00bb delay_offset=\u00a0\u00bb\u00a0\u00bb top_and_bottom_padding=\u00a0\u00bb\u00a0\u00bb left_and_right_padding=\u00a0\u00bb\u00a0\u00bb width=\u00a0\u00bb3\/4&Prime;]<h3>\u00c0 propos de la Conf\u00e9rence<\/h3>\n<p>Dans le cadre de l&rsquo;engagement de l&rsquo;Universit\u00e9 de Sebha envers la recherche scientifique en tant qu&rsquo;objectif principal de sa mission, et pour soutenir le r\u00f4le de la science et de la technologie au service de la communaut\u00e9, l&rsquo;universit\u00e9 organise chaque ann\u00e9e la Conf\u00e9rence internationale sur la science et la technologie dans les domaines des sciences et de la technologie, \u00e0 la mi-octobre de chaque ann\u00e9e. L&rsquo;objectif est de d\u00e9velopper les ressources humaines de l&rsquo;universit\u00e9 et d&rsquo;am\u00e9liorer leurs comp\u00e9tences afin d&rsquo;assurer l&rsquo;avancement des r\u00e9sultats de la recherche scientifique, de contribuer \u00e0 la construction d&rsquo;une soci\u00e9t\u00e9 du savoir et de r\u00e9pondre aux priorit\u00e9s du d\u00e9veloppement durable en Libye. En outre, la conf\u00e9rence vise \u00e0 fournir un environnement de recherche stimulant pour les chercheurs et le processus de recherche afin d&rsquo;atteindre les objectifs souhait\u00e9s.<\/p>\n[\/vc_column][\/vc_row]<\/p>\n<\/section>","protected":false},"excerpt":{"rendered":"<p>[vc_row bg_type=\u00a0\u00bb\u00a0\u00bb dima_canvas_style=\u00a0\u00bb\u00a0\u00bb translate_x=\u00a0\u00bb0&Prime; dima_z_index=\u00a0\u00bb0&Prime; delay=\u00a0\u00bb\u00a0\u00bb delay_duration=\u00a0\u00bb\u00a0\u00bb delay_offset=\u00a0\u00bb\u00a0\u00bb top_and_bottom_padding=\u00a0\u00bb\u00a0\u00bb left_and_right_padding=\u00a0\u00bb\u00a0\u00bb][vc_column min_height=\u00a0\u00bb\u00a0\u00bb bg_type=\u00a0\u00bb\u00a0\u00bb dima_canvas_style=\u00a0\u00bb\u00a0\u00bb translate_x=\u00a0\u00bb0&Prime; dima_z_index=\u00a0\u00bb0&Prime; delay=\u00a0\u00bb\u00a0\u00bb delay_duration=\u00a0\u00bb\u00a0\u00bb delay_offset=\u00a0\u00bb\u00a0\u00bb top_and_bottom_padding=\u00a0\u00bb0&Prime; left_and_right_padding=\u00a0\u00bb\u00a0\u00bb width=\u00a0\u00bb1\/4&Prime; id=\u00a0\u00bb\u00a0\u00bb class=\u00a0\u00bb\u00a0\u00bb style=\u00a0\u00bb\u00a0\u00bb][\/vc_column][vc_column min_height=\u00a0\u00bb\u00a0\u00bb bg_type=\u00a0\u00bb\u00a0\u00bb dima_canvas_style=\u00a0\u00bb\u00a0\u00bb translate_x=\u00a0\u00bb0&Prime; dima_z_index=\u00a0\u00bb0&Prime; delay=\u00a0\u00bb\u00a0\u00bb delay_duration=\u00a0\u00bb\u00a0\u00bb delay_offset=\u00a0\u00bb\u00a0\u00bb top_and_bottom_padding=\u00a0\u00bb\u00a0\u00bb left_and_right_padding=\u00a0\u00bb\u00a0\u00bb width=\u00a0\u00bb3\/4&Prime;][\/vc_column][\/vc_row]<\/p>\n","protected":false},"author":1,"featured_media":0,"parent":0,"menu_order":0,"comment_status":"closed","ping_status":"closed","template":"","meta":{"_uf_show_specific_survey":0,"_uf_disable_surveys":false,"footnotes":""},"class_list":["post-33799","page","type-page","status-publish","hentry"],"aioseo_notices":[],"amp_enabled":true,"_links":{"self":[{"href":"https:\/\/sebhau.edu.ly\/fr\/wp-json\/wp\/v2\/pages\/33799","targetHints":{"allow":["GET"]}}],"collection":[{"href":"https:\/\/sebhau.edu.ly\/fr\/wp-json\/wp\/v2\/pages"}],"about":[{"href":"https:\/\/sebhau.edu.ly\/fr\/wp-json\/wp\/v2\/types\/page"}],"author":[{"embeddable":true,"href":"https:\/\/sebhau.edu.ly\/fr\/wp-json\/wp\/v2\/users\/1"}],"replies":[{"embeddable":true,"href":"https:\/\/sebhau.edu.ly\/fr\/wp-json\/wp\/v2\/comments?post=33799"}],"version-history":[{"count":0,"href":"https:\/\/sebhau.edu.ly\/fr\/wp-json\/wp\/v2\/pages\/33799\/revisions"}],"wp:attachment":[{"href":"https:\/\/sebhau.edu.ly\/fr\/wp-json\/wp\/v2\/media?parent=33799"}],"curies":[{"name":"wp","href":"https:\/\/api.w.org\/{rel}","templated":true}]}}