{"id":33828,"date":"2021-09-01T00:40:30","date_gmt":"2021-08-31T21:40:30","guid":{"rendered":"https:\/\/sebhau.edu.ly\/phone-directory\/"},"modified":"2024-10-14T20:53:23","modified_gmt":"2024-10-14T17:53:23","slug":"phone-directory","status":"publish","type":"page","link":"https:\/\/sebhau.edu.ly\/fr\/phone-directory\/","title":{"rendered":"R\u00e9pertoire t\u00e9l\u00e9phonique des bureaux administratifs, des facult\u00e9s et des d\u00e9partements acad\u00e9miques de l&rsquo;Universit\u00e9 de Sebha"},"content":{"rendered":"<p>R\u00e9pertoire t\u00e9l\u00e9phonique des bureaux administratifs, des facult\u00e9s et des d\u00e9partements acad\u00e9miques de l&rsquo;Universit\u00e9 de Sebha<br \/>\n\n<table id=\"tablepress-12\" class=\"tablepress tablepress-id-12\">\n<thead>\n<tr class=\"row-1\">\n\t<th class=\"column-1\">\u0631<\/th><th class=\"column-2\">\u0627\u0644\u0643\u0644\u064a\u0640\u0640\u0640\u0640\u0640\u0640\u0640\u0640\u0640\u0640\u0640\u0640\u0640\u0640\u0640\u0640\u0640\u0640\u0640\u0640\u0640\u0640\u0640\u0640\u0640\u0640\u0640\u0640\u0640\u0640\u0640\u0640\u0640\u0640\u0640\u0640\u0640\u0640\u0640\u0640\u0640\u0640\u0640\u0640\u0640\u0640\u0629<\/th><th class=\"column-3\">\u0627\u0644\u0627\u0631\u0636\u064a<\/th><th class=\"column-4\">\u0641\u0627\u0643\u0633<\/th><th class=\"column-5\">\u0627\u0644\u062f\u0627\u062e\u0644\u064a<\/th>\n<\/tr>\n<\/thead>\n<tbody class=\"row-striping row-hover\">\n<tr class=\"row-2\">\n\t<td class=\"column-1\">1<\/td><td class=\"column-2\">\u0627\u0644\u0637\u0628 \u0627\u0644\u0628\u0634\u0631\u064a<\/td><td class=\"column-3\">2629293<\/td><td class=\"column-4\"><\/td><td class=\"column-5\"><\/td>\n<\/tr>\n<tr class=\"row-3\">\n\t<td class=\"column-1\">3<\/td><td class=\"column-2\">\u0637\u0628 \u0627\u0644\u0623\u0633\u0646\u0627\u0646<\/td><td class=\"column-3\">2625526<\/td><td class=\"column-4\">712634180<\/td><td class=\"column-5\"><\/td>\n<\/tr>\n<tr class=\"row-4\">\n\t<td class=\"column-1\">4<\/td><td class=\"column-2\">\u0627\u0644\u0639\u0640\u0640\u0640\u0640\u0640\u0640\u0640\u0640\u0640\u0644\u0648\u0645<\/td><td class=\"column-3\">2621576<\/td><td class=\"column-4\">2627939<\/td><td class=\"column-5\"><\/td>\n<\/tr>\n<tr class=\"row-5\">\n\t<td class=\"column-1\">6<\/td><td class=\"column-2\">\u0627\u0644\u0622\u062f\u0627\u0628<\/td><td class=\"column-3\">2633752<\/td><td class=\"column-4\"><\/td><td class=\"column-5\"><\/td>\n<\/tr>\n<tr class=\"row-6\">\n\t<td class=\"column-1\">7<\/td><td class=\"column-2\">\u0627\u0644\u0622\u062f\u0627\u0628<\/td><td class=\"column-3\">2628101<\/td><td class=\"column-4\">2628102<\/td><td class=\"column-5\"><\/td>\n<\/tr>\n<tr class=\"row-7\">\n\t<td class=\"column-1\">8<\/td><td class=\"column-2\">\u0647\u0646\u062f\u0633\u0629 \u0627\u0644\u0637\u0627\u0642\u0629<\/td><td class=\"column-3\">712628021<\/td><td class=\"column-4\">712623109<\/td><td class=\"column-5\"><\/td>\n<\/tr>\n<tr class=\"row-8\">\n\t<td class=\"column-1\">10<\/td><td class=\"column-2\">\u062a\u0642\u0646\u064a\u0629 \u0627\u0644\u0645\u0639\u0644\u0648\u0645\u0627\u062a<\/td><td class=\"column-3\">712629017<\/td><td class=\"column-4\"><\/td><td class=\"column-5\"><\/td>\n<\/tr>\n<tr class=\"row-9\">\n\t<td class=\"column-1\">12<\/td><td class=\"column-2\">\u0627\u0644\u062a\u062c\u0627\u0631\u0629<\/td><td class=\"column-3\">2633613<\/td><td class=\"column-4\"><\/td><td class=\"column-5\"><\/td>\n<\/tr>\n<tr class=\"row-10\">\n\t<td class=\"column-1\">13<\/td><td class=\"column-2\">\u0627\u0644\u062a\u0645\u0631\u064a\u0636 \u0633\u0628\u0647\u0627<\/td><td class=\"column-3\">2636439<\/td><td class=\"column-4\">2620046<\/td><td class=\"column-5\"><\/td>\n<\/tr>\n<tr class=\"row-11\">\n\t<td class=\"column-1\">15<\/td><td class=\"column-2\">\u0627\u0644\u0635\u064a\u062f\u0644\u0629<\/td><td class=\"column-3\">2633039\u202c\u200f<\/td><td class=\"column-4\">2635082\u202c\u200f<\/td><td class=\"column-5\"><\/td>\n<\/tr>\n<tr class=\"row-12\">\n\t<td class=\"column-1\">19<\/td><td class=\"column-2\">\u0627\u0644\u0642\u0627\u0646\u0648\u0646 \u0628\u0631\u0627\u0643<\/td><td class=\"column-3\">5120782<\/td><td class=\"column-4\">5120686<\/td><td class=\"column-5\"><\/td>\n<\/tr>\n<tr class=\"row-13\">\n\t<td class=\"column-1\">22<\/td><td class=\"column-2\">\u0627\u0644\u062a\u0642\u0646\u064a\u0629 \u0645\u0631\u0632\u0642<\/td><td class=\"column-3\">3162664<\/td><td class=\"column-4\">3164635<\/td><td class=\"column-5\"><\/td>\n<\/tr>\n<tr class=\"row-14\">\n\t<td class=\"column-1\">23<\/td><td class=\"column-2\">\u0627\u0644\u0627\u0642\u062a\u0635\u0627\u062f \u0645\u0631\u0632\u0642<\/td><td class=\"column-3\">3162092<\/td><td class=\"column-4\">3163119<\/td><td class=\"column-5\"><\/td>\n<\/tr>\n<tr class=\"row-15\">\n\t<td class=\"column-1\">24<\/td><td class=\"column-2\">\u0627\u0644\u062a\u0631\u0628\u064a\u0629 \u062a\u0631\u0627\u063a\u0646<\/td><td class=\"column-3\">3402066<\/td><td class=\"column-4\">3402086<\/td><td class=\"column-5\"><\/td>\n<\/tr>\n<tr class=\"row-16\">\n\t<td class=\"column-1\">25<\/td><td class=\"column-2\">\u0627\u0644\u062a\u0631\u0628\u064a\u0629 \u0632\u0648\u064a\u0644\u0629<\/td><td class=\"column-3\"><\/td><td class=\"column-4\"><\/td><td class=\"column-5\"><\/td>\n<\/tr>\n<tr class=\"row-17\">\n\t<td class=\"column-1\">27<\/td><td class=\"column-2\">\u0627\u0644\u062a\u0631\u0628\u064a\u0629 \u0627\u0648\u0628\u0627\u0631\u064a<\/td><td class=\"column-3\">71622162<\/td><td class=\"column-4\">71622930<\/td><td class=\"column-5\"><\/td>\n<\/tr>\n<tr class=\"row-18\">\n\t<td class=\"column-1\">28<\/td><td class=\"column-2\">\u0627\u0644\u062a\u0631\u0628\u064a\u0629 \u063a\u0627\u062a<\/td><td class=\"column-3\">7102709<\/td><td class=\"column-4\"><\/td><td class=\"column-5\"><\/td>\n<\/tr>\n<tr class=\"row-19\">\n\t<td class=\"column-1\">29<\/td><td class=\"column-2\">\u0627\u0644\u062a\u0631\u0628\u064a\u0629\u0627\u0644\u0628\u062f\u0646\u064a\u0629<\/td><td class=\"column-3\">712633751<\/td><td class=\"column-4\"><\/td><td class=\"column-5\"><\/td>\n<\/tr>\n<tr class=\"row-20\">\n\t<td class=\"column-1\">30<\/td><td class=\"column-2\">\u0627\u0644\u062a\u0631\u0628\u064a\u0629 \u062a\u0634\u0627\u062f<\/td><td class=\"column-3\"><\/td><td class=\"column-4\">2352252254<\/td><td class=\"column-5\"><\/td>\n<\/tr>\n<tr class=\"row-21\">\n\t<td class=\"column-1\">\u0627\u0644\u0625\u062f\u0627\u0631\u0627\u062a<\/td><td class=\"column-2\"><\/td><td class=\"column-3\"><\/td><td class=\"column-4\"><\/td><td class=\"column-5\"><\/td>\n<\/tr>\n<tr class=\"row-22\">\n\t<td class=\"column-1\">\u0631<\/td><td class=\"column-2\">\u0627\u0644\u0635\u0640\u0640\u0640\u0640\u0640\u0640\u0641\u0640\u0640\u0640\u0640\u0640\u0640\u0640\u0640\u0640\u0640\u0640\u0640\u0640\u0640\u0640\u0640\u0640\u0640\u0640\u0640\u0640\u0640\u0640\u0640\u0640\u0640\u0640\u0640\u0640\u0640\u0640\u0640\u0640\u0640\u0640\u0640\u0640\u0640\u0640\u0640\u0640\u0640\u0640\u0640\u0640\u0640\u0640\u0640\u0640\u0640\u0640\u0640\u0640\u0640\u0640\u0640\u0640\u0640\u0640\u0629<\/td><td class=\"column-3\">\u0627\u0644\u0627\u0631\u0636\u064a<\/td><td class=\"column-4\">\u0641\u0627\u0643\u0633<\/td><td class=\"column-5\">\u062f\u0627\u062e\u0644\u064a<\/td>\n<\/tr>\n<tr class=\"row-23\">\n\t<td class=\"column-1\">1<\/td><td class=\"column-2\">\u0631\u0626\u064a\u0633 \u0627\u0644\u062c\u0627\u0645\u0639\u0629<\/td><td class=\"column-3\">2626012<\/td><td class=\"column-4\">2627019<\/td><td class=\"column-5\">102<\/td>\n<\/tr>\n<tr class=\"row-24\">\n\t<td class=\"column-1\">2<\/td><td class=\"column-2\">\u0645\u0643\u062a\u0628 \u0645\u062c\u0644\u0633 \u0627\u0644\u062c\u0627\u0645\u0639\u0629<\/td><td class=\"column-3\">2622955<\/td><td class=\"column-4\"><\/td><td class=\"column-5\">114<\/td>\n<\/tr>\n<tr class=\"row-25\">\n\t<td class=\"column-1\">3<\/td><td class=\"column-2\">\u0645\u0643\u062a\u0628 \u0631\u0626\u064a\u0633 \u0627\u0644\u062c\u0627\u0645\u0639\u0629<\/td><td class=\"column-3\"><\/td><td class=\"column-4\"><\/td><td class=\"column-5\">103<\/td>\n<\/tr>\n<tr class=\"row-26\">\n\t<td class=\"column-1\">4<\/td><td class=\"column-2\">\u0645\u0643\u062a\u0628 \u0631\u0626\u064a\u0633 \u0627\u0644\u062c\u0627\u0645\u0639\u0629<\/td><td class=\"column-3\">2626012<\/td><td class=\"column-4\">2627019<\/td><td class=\"column-5\">103<\/td>\n<\/tr>\n<tr class=\"row-27\">\n\t<td class=\"column-1\">5<\/td><td class=\"column-2\">\u0645\u062d\u0641\u0648\u0638\u0627\u062a \u0627\u0644\u0645\u062c\u0644\u0633<\/td><td class=\"column-3\"><\/td><td class=\"column-4\"><\/td><td class=\"column-5\">142<\/td>\n<\/tr>\n<tr class=\"row-28\">\n\t<td class=\"column-1\">6<\/td><td class=\"column-2\">\u0648\u0643\u064a\u0644 \u0627\u0644\u0634\u0624\u0648\u0646 \u0627\u0644\u0639\u0644\u0645\u064a\u0629<\/td><td class=\"column-3\">2630768<\/td><td class=\"column-4\"><\/td><td class=\"column-5\">103<\/td>\n<\/tr>\n<tr class=\"row-29\">\n\t<td class=\"column-1\">7<\/td><td class=\"column-2\">\u0645\u062f\u064a\u0631 \u0645\u0643\u062a\u0628 \u0627\u0644\u0648\u0643\u064a\u0644<\/td><td class=\"column-3\">2635160<\/td><td class=\"column-4\"><\/td><td class=\"column-5\">105<\/td>\n<\/tr>\n<tr class=\"row-30\">\n\t<td class=\"column-1\">8<\/td><td class=\"column-2\">\u0645\u062d\u0641\u0648\u0638\u0627\u062a \u0627\u0644\u0648\u0643\u064a\u0644<\/td><td class=\"column-3\"><\/td><td class=\"column-4\"><\/td><td class=\"column-5\">264<\/td>\n<\/tr>\n<tr class=\"row-31\">\n\t<td class=\"column-1\">9<\/td><td class=\"column-2\">\u0627\u0644\u0643\u0627\u062a\u0628 \u0627\u0644\u0639\u0627\u0645<\/td><td class=\"column-3\">2630789<\/td><td class=\"column-4\">2636405<\/td><td class=\"column-5\"><\/td>\n<\/tr>\n<tr class=\"row-32\">\n\t<td class=\"column-1\">10<\/td><td class=\"column-2\">\u0645\u062f\u064a\u0631\u0629 \u0645\u0643\u062a\u0628 \u0627\u0644\u0643\u0627\u062a\u0628<\/td><td class=\"column-3\">2629201<\/td><td class=\"column-4\"><\/td><td class=\"column-5\">175<\/td>\n<\/tr>\n<tr class=\"row-33\">\n\t<td class=\"column-1\">11<\/td><td class=\"column-2\">\u0633\u0643\u0631\u062a\u064a\u0631 \u0627\u0644\u0643\u0627\u062a\u0628<\/td><td class=\"column-3\"><\/td><td class=\"column-4\"><\/td><td class=\"column-5\">108<\/td>\n<\/tr>\n<tr class=\"row-34\">\n\t<td class=\"column-1\">12<\/td><td class=\"column-2\">\u0645\u062d\u0641\u0648\u0638\u0627\u062a \u0627\u0644\u0643\u0627\u062a\u0628<\/td><td class=\"column-3\"><\/td><td class=\"column-4\"><\/td><td class=\"column-5\">143<\/td>\n<\/tr>\n<tr class=\"row-35\">\n\t<td class=\"column-1\">13<\/td><td class=\"column-2\">\u0645\u062d\u0641\u0648\u0638\u0627\u062a \u0627\u0644\u0643\u0627\u062a\u0628<\/td><td class=\"column-3\"><\/td><td class=\"column-4\"><\/td><td class=\"column-5\">143<\/td>\n<\/tr>\n<tr class=\"row-36\">\n\t<td class=\"column-1\">14<\/td><td class=\"column-2\">\u0645\u062d\u0641\u0648\u0638\u0627\u062a \u0627\u0644\u0643\u0627\u062a\u0628<\/td><td class=\"column-3\"><\/td><td class=\"column-4\"><\/td><td class=\"column-5\">143<\/td>\n<\/tr>\n<tr class=\"row-37\">\n\t<td class=\"column-1\">15<\/td><td class=\"column-2\">\u0627\u0644\u0645\u0631\u0627\u0642\u0628 \u0627\u0644\u0645\u0627\u0644\u064a<\/td><td class=\"column-3\">2633197<\/td><td class=\"column-4\"><\/td><td class=\"column-5\">144<\/td>\n<\/tr>\n<tr class=\"row-38\">\n\t<td class=\"column-1\">16<\/td><td class=\"column-2\">\u0645\u0633\u0627\u0639\u062f \u0645\u0631\u0627\u0642\u0628<\/td><td class=\"column-3\">2629401<\/td><td class=\"column-4\"><\/td><td class=\"column-5\"><\/td>\n<\/tr>\n<tr class=\"row-39\">\n\t<td class=\"column-1\">17<\/td><td class=\"column-2\">\u0627\u0644\u0645\u062d\u0641\u0648\u0638\u0627\u062a<\/td><td class=\"column-3\"><\/td><td class=\"column-4\"><\/td><td class=\"column-5\">145<\/td>\n<\/tr>\n<tr class=\"row-40\">\n\t<td class=\"column-1\">18<\/td><td class=\"column-2\">\u0645\u062f\u064a\u0631 \u0645\u0643\u062a\u0628 \u0627\u0644\u0642\u0627\u0646\u0648\u0646\u064a<\/td><td class=\"column-3\">2628068<\/td><td class=\"column-4\"><\/td><td class=\"column-5\">118<\/td>\n<\/tr>\n<tr class=\"row-41\">\n\t<td class=\"column-1\">19<\/td><td class=\"column-2\">\u0645\u0633\u062a\u0634\u0627\u0631 \u0642\u0627\u0646\u0648\u0646\u064a<\/td><td class=\"column-3\"><\/td><td class=\"column-4\"><\/td><td class=\"column-5\">148<\/td>\n<\/tr>\n<tr class=\"row-42\">\n\t<td class=\"column-1\">20<\/td><td class=\"column-2\">\u0627\u0644\u0645\u062d\u0641\u0648\u0638\u0627\u062a<\/td><td class=\"column-3\"><\/td><td class=\"column-4\"><\/td><td class=\"column-5\">148<\/td>\n<\/tr>\n<tr class=\"row-43\">\n\t<td class=\"column-1\">21<\/td><td class=\"column-2\">\u0627\u0644\u0645\u0633\u062a\u0634\u0627\u0631\u0627\u062a<\/td><td class=\"column-3\"><\/td><td class=\"column-4\"><\/td><td class=\"column-5\">135<\/td>\n<\/tr>\n<tr class=\"row-44\">\n\t<td class=\"column-1\">22<\/td><td class=\"column-2\">\u0627\u0644\u0637\u0628\u0627\u0639\u0629<\/td><td class=\"column-3\"><\/td><td class=\"column-4\"><\/td><td class=\"column-5\">136<\/td>\n<\/tr>\n<tr class=\"row-45\">\n\t<td class=\"column-1\">23<\/td><td class=\"column-2\">\u0645\u062f\u064a\u0631 \u0627\u0644\u0645\u0643\u062a\u0628<\/td><td class=\"column-3\">2625183<\/td><td class=\"column-4\"><\/td><td class=\"column-5\">117<\/td>\n<\/tr>\n<tr class=\"row-46\">\n\t<td class=\"column-1\">24<\/td><td class=\"column-2\">\u0645\u0633\u062a\u0634\u0627\u0631 \u0642\u0627\u0646\u0648\u0646\u064a<\/td><td class=\"column-3\"><\/td><td class=\"column-4\"><\/td><td class=\"column-5\">139<\/td>\n<\/tr>\n<tr class=\"row-47\">\n\t<td class=\"column-1\">25<\/td><td class=\"column-2\">\u0627\u0644\u0645\u062d\u0641\u0648\u0638\u0627\u062a<\/td><td class=\"column-3\"><\/td><td class=\"column-4\"><\/td><td class=\"column-5\">138<\/td>\n<\/tr>\n<tr class=\"row-48\">\n\t<td class=\"column-1\">26<\/td><td class=\"column-2\">\u0645\u062f\u064a\u0631 \u0627\u0644\u0645\u0631\u0643\u0632 \u0627\u0644\u0631\u064a\u0627\u062f\u0629 \u0648\u0627\u0644\u0627\u0628\u062a\u0643\u0627\u0631<\/td><td class=\"column-3\">2625183<\/td><td class=\"column-4\"><\/td><td class=\"column-5\">117<\/td>\n<\/tr>\n<tr class=\"row-49\">\n\t<td class=\"column-1\">27<\/td><td class=\"column-2\">\u0645\u062f\u064a\u0631 \u0645\u0643\u062a\u0628  \u0627\u0644\u0634\u0624\u0648\u0646 \u0627\u0644\u0625\u0627\u0631\u064a\u0629<\/td><td class=\"column-3\">2627817<\/td><td class=\"column-4\">2625323<\/td><td class=\"column-5\">110<\/td>\n<\/tr>\n<tr class=\"row-50\">\n\t<td class=\"column-1\">28<\/td><td class=\"column-2\">\u0631\u0626\u064a\u0633 \u0642\u0633\u0645 \u0627\u0644\u0645\u0648\u0638\u0641\u064a\u0646<\/td><td class=\"column-3\">34171<\/td><td class=\"column-4\"><\/td><td class=\"column-5\">115<\/td>\n<\/tr>\n<tr class=\"row-51\">\n\t<td class=\"column-1\">29<\/td><td class=\"column-2\">\u0642\u0633\u0645 \u0634\u0624\u0648\u0646 \u0627\u0644\u0645\u0648\u0638\u0641\u064a\u0646<\/td><td class=\"column-3\"><\/td><td class=\"column-4\"><\/td><td class=\"column-5\">156<\/td>\n<\/tr>\n<tr class=\"row-52\">\n\t<td class=\"column-1\">30<\/td><td class=\"column-2\">\u0627\u0644\u0645\u062d\u0641\u0648\u0638\u0627\u062a<\/td><td class=\"column-3\"><\/td><td class=\"column-4\"><\/td><td class=\"column-5\">132<\/td>\n<\/tr>\n<tr class=\"row-53\">\n\t<td class=\"column-1\">31<\/td><td class=\"column-2\">\u0645\u062d\u0641\u0648\u0638\u0627\u062a \u0634\u0624\u0648\u0646 \u0627\u0644\u0645\u0648\u0638\u0641\u064a\u0646<\/td><td class=\"column-3\"><\/td><td class=\"column-4\"><\/td><td class=\"column-5\">151<\/td>\n<\/tr>\n<tr class=\"row-54\">\n\t<td class=\"column-1\">32<\/td><td class=\"column-2\">\u0645\u062f\u064a\u0631 \u0627\u0644\u0645\u0643\u062a\u0628 \u0627\u0644\u0645\u062e\u0627\u0632\u0646 \u0648\u0627\u0644\u0645\u0634\u062a\u0631\u064a\u0627\u062a<\/td><td class=\"column-3\">2632540<\/td><td class=\"column-4\"><\/td><td class=\"column-5\">111<\/td>\n<\/tr>\n<tr class=\"row-55\">\n\t<td class=\"column-1\">33<\/td><td class=\"column-2\">\u0627\u0644\u0645\u0634\u062a\u0631\u064a\u0627\u062a<\/td><td class=\"column-3\"><\/td><td class=\"column-4\"><\/td><td class=\"column-5\">130<\/td>\n<\/tr>\n<tr class=\"row-56\">\n\t<td class=\"column-1\">34<\/td><td class=\"column-2\">\u0645\u062f\u064a\u0631 \u0645\u0631\u0643\u0632 \u0627\u0644\u0645\u0639\u0644\u0648\u0645\u0627\u062a \u0648\u0627\u0644\u062a\u0648\u062b\u064a\u0642<\/td><td class=\"column-3\">2633581<\/td><td class=\"column-4\"><\/td><td class=\"column-5\"><\/td>\n<\/tr>\n<tr class=\"row-57\">\n\t<td class=\"column-1\">35<\/td><td class=\"column-2\">\u0645\u062f\u064a\u0631 \u0645\u0643\u062a\u0628  \u0627\u0644\u062a\u0641\u062a\u064a\u0634 \u0648\u0627\u0644\u0645\u062a\u0627\u0628\u0639\u0629<\/td><td class=\"column-3\">2629002<\/td><td class=\"column-4\"><\/td><td class=\"column-5\">213<\/td>\n<\/tr>\n<tr class=\"row-58\">\n\t<td class=\"column-1\">36<\/td><td class=\"column-2\">\u0645\u062f\u064a\u0631 \u0645\u0643\u062a\u0628 \u0627\u0644\u0634\u0624\u0648\u0646 \u0627\u0644\u0645\u0627\u0644\u064a\u0629<\/td><td class=\"column-3\">2629426<\/td><td class=\"column-4\"><\/td><td class=\"column-5\">112<\/td>\n<\/tr>\n<tr class=\"row-59\">\n\t<td class=\"column-1\">37<\/td><td class=\"column-2\">\u0627\u0644\u0645\u0631\u062a\u0628\u0627\u062a<\/td><td class=\"column-3\"><\/td><td class=\"column-4\"><\/td><td class=\"column-5\">122<\/td>\n<\/tr>\n<tr class=\"row-60\">\n\t<td class=\"column-1\">38<\/td><td class=\"column-2\">\u0627\u0644\u062e\u0632\u064a\u0646\u0629<\/td><td class=\"column-3\"><\/td><td class=\"column-4\"><\/td><td class=\"column-5\">123<\/td>\n<\/tr>\n<tr class=\"row-61\">\n\t<td class=\"column-1\">39<\/td><td class=\"column-2\">\u0645\u062d\u0641\u0648\u0638\u0627\u062a \u0627\u0644\u0645\u0627\u0644\u064a\u0629<\/td><td class=\"column-3\"><\/td><td class=\"column-4\"><\/td><td class=\"column-5\">121<\/td>\n<\/tr>\n<tr class=\"row-62\">\n\t<td class=\"column-1\">40<\/td><td class=\"column-2\">\u0645\u062f\u064a\u0631  \u0645\u0643\u062a\u0628  \u0627\u0644\u0645\u0631\u0627\u062c\u0639\u0629 \u0627\u0644\u062f\u0627\u062e\u0644\u064a\u0629<\/td><td class=\"column-3\">2627310<\/td><td class=\"column-4\"><\/td><td class=\"column-5\">119<\/td>\n<\/tr>\n<tr class=\"row-63\">\n\t<td class=\"column-1\">41<\/td><td class=\"column-2\">\u0645\u062f\u064a\u0631 \u0645\u0643\u062a\u0628 \u0627\u0644\u062e\u062f\u0645\u0627\u062a<\/td><td class=\"column-3\">2625184<\/td><td class=\"column-4\"><\/td><td class=\"column-5\">113<\/td>\n<\/tr>\n<tr class=\"row-64\">\n\t<td class=\"column-1\">42<\/td><td class=\"column-2\">\u0627\u0644\u0645\u0642\u0647\u0649<\/td><td class=\"column-3\"><\/td><td class=\"column-4\"><\/td><td class=\"column-5\">160<\/td>\n<\/tr>\n<tr class=\"row-65\">\n\t<td class=\"column-1\">43<\/td><td class=\"column-2\">\u0627\u0644\u0645\u0642\u0647\u0649<\/td><td class=\"column-3\"><\/td><td class=\"column-4\"><\/td><td class=\"column-5\">141<\/td>\n<\/tr>\n<tr class=\"row-66\">\n\t<td class=\"column-1\">44<\/td><td class=\"column-2\">\u0645\u062f\u064a\u0631 \u0645\u0631\u0643\u0632 \u062a\u0642\u0646\u064a\u0629 \u0627\u0644\u0639\u0644\u0648\u0645\u0627\u062a<\/td><td class=\"column-3\">2636247<\/td><td class=\"column-4\"><\/td><td class=\"column-5\">153<\/td>\n<\/tr>\n<tr class=\"row-67\">\n\t<td class=\"column-1\">45<\/td><td class=\"column-2\">\u0645\u062f\u064a\u0631 \u0645\u0631\u0643\u0632 \u0627\u0644\u062a\u0637\u0648\u064a\u0631 \u0627\u0644\u0645\u0639\u0644\u0648\u0645\u0627\u062a\u064a<\/td><td class=\"column-3\">2630842<\/td><td class=\"column-4\"><\/td><td class=\"column-5\"><\/td>\n<\/tr>\n<tr class=\"row-68\">\n\t<td class=\"column-1\">46<\/td><td class=\"column-2\">\u0645\u062f\u064a\u0631  \u0627\u062f\u0627\u0631\u0629 \u0623\u0639\u0636\u0627\u0621 \u0647\u064a\u0626\u0629 \u0627\u0644\u062a\u062f\u0631\u064a\u0633<\/td><td class=\"column-3\">2628141<\/td><td class=\"column-4\">2635143<\/td><td class=\"column-5\"><\/td>\n<\/tr>\n<tr class=\"row-69\">\n\t<td class=\"column-1\">47<\/td><td class=\"column-2\">\u0645\u062f\u064a\u0631 \u0625\u062f\u0627\u0631\u0629   \u0627\u0644\u062f\u0631\u0627\u0633\u0627\u062a \u0627\u0644\u0639\u0644\u064a\u0627<\/td><td class=\"column-3\">2628068<\/td><td class=\"column-4\">2635145<\/td><td class=\"column-5\"><\/td>\n<\/tr>\n<tr class=\"row-70\">\n\t<td class=\"column-1\">48<\/td><td class=\"column-2\">\u0645\u062f\u064a\u0631 \u0645\u0643\u062a\u0628  \u0646\u0642\u0627\u0628\u0629 \u0623\u0639\u0636\u0627\u0621 \u0647\u064a\u0626\u0629 \u0627\u0644\u062a\u062f\u0631\u064a\u0633<\/td><td class=\"column-3\">2628238<\/td><td class=\"column-4\"><\/td><td class=\"column-5\"><\/td>\n<\/tr>\n<tr class=\"row-71\">\n\t<td class=\"column-1\">49<\/td><td class=\"column-2\">\u0645\u062f\u064a\u0631 \u0645\u0631\u0643\u0632 \u0627\u0644\u062a\u062f\u0631\u064a\u0628 \u0648\u0627\u0644\u062a\u0637\u0648\u064a\u0631<\/td><td class=\"column-3\">2632960<\/td><td class=\"column-4\"><\/td><td class=\"column-5\"><\/td>\n<\/tr>\n<tr class=\"row-72\">\n\t<td class=\"column-1\">50<\/td><td class=\"column-2\">\u0625\u062f\u0631\u0629 \u0627\u0644\u0645\u0633\u062c\u0644 \u0627\u0644\u0639\u0627\u0645<\/td><td class=\"column-3\">2627668<\/td><td class=\"column-4\">2636841<\/td><td class=\"column-5\"><\/td>\n<\/tr>\n<tr class=\"row-73\">\n\t<td class=\"column-1\">51<\/td><td class=\"column-2\">\u0627\u0644\u062e\u0632\u064a\u0646\u0629 \u0627\u0644\u0639\u0627\u0645\u0629<\/td><td class=\"column-3\">2628259<\/td><td class=\"column-4\"><\/td><td class=\"column-5\">129<\/td>\n<\/tr>\n<tr class=\"row-74\">\n\t<td class=\"column-1\">52<\/td><td class=\"column-2\">\u0625\u062f\u0627\u0631\u0629 \u0627\u0644\u0645\u0634\u0631\u0648\u0639\u0627\u062a \u0648\u0627\u0644\u0634\u0624\u0648\u0646 \u0627\u0644\u0641\u0646\u064a\u0629<\/td><td class=\"column-3\">2635156<\/td><td class=\"column-4\"><\/td><td class=\"column-5\">120<\/td>\n<\/tr>\n<tr class=\"row-75\">\n\t<td class=\"column-1\">53<\/td><td class=\"column-2\">\u0645\u062f\u064a\u0631 \u0627\u0644\u0634\u0624\u0648\u0646 \u0627\u0644\u0641\u0646\u064a\u0629<\/td><td class=\"column-3\">2630990<\/td><td class=\"column-4\"><\/td><td class=\"column-5\"><\/td>\n<\/tr>\n<tr class=\"row-76\">\n\t<td class=\"column-1\">54<\/td><td class=\"column-2\">\u0627\u0644\u0645\u0643\u062a\u0628\u0629 \u0627\u0644\u0645\u0631\u0643\u0632\u064a\u0629<\/td><td class=\"column-3\">2626910<\/td><td class=\"column-4\">2629830<\/td><td class=\"column-5\"><\/td>\n<\/tr>\n<tr class=\"row-77\">\n\t<td class=\"column-1\">55<\/td><td class=\"column-2\">\u0645\u0643\u062a\u0628  \u062e\u062f\u0645\u0627\u062a \u0637\u0631\u0627\u0628\u0644\u0633<\/td><td class=\"column-3\">217236609<\/td><td class=\"column-4\">217236609<\/td><td class=\"column-5\">217236789<\/td>\n<\/tr>\n<tr class=\"row-78\">\n\t<td class=\"column-1\">56<\/td><td class=\"column-2\">\u0627\u0644\u0646\u0634\u0627\u0637 \u0627\u0644\u0637\u0644\u0627\u0628\u064a<\/td><td class=\"column-3\">2621577<\/td><td class=\"column-4\"><\/td><td class=\"column-5\"><\/td>\n<\/tr>\n<\/tbody>\n<\/table>\n<\/p>\n","protected":false},"excerpt":{"rendered":"<p>R\u00e9pertoire t\u00e9l\u00e9phonique des bureaux administratifs, des facult\u00e9s et des d\u00e9partements acad\u00e9miques de l&rsquo;Universit\u00e9 de Sebha<\/p>\n","protected":false},"author":1,"featured_media":0,"parent":0,"menu_order":0,"comment_status":"closed","ping_status":"closed","template":"","meta":{"_uf_show_specific_survey":0,"_uf_disable_surveys":false,"footnotes":""},"class_list":["post-33828","page","type-page","status-publish","hentry"],"aioseo_notices":[],"amp_enabled":true,"_links":{"self":[{"href":"https:\/\/sebhau.edu.ly\/fr\/wp-json\/wp\/v2\/pages\/33828","targetHints":{"allow":["GET"]}}],"collection":[{"href":"https:\/\/sebhau.edu.ly\/fr\/wp-json\/wp\/v2\/pages"}],"about":[{"href":"https:\/\/sebhau.edu.ly\/fr\/wp-json\/wp\/v2\/types\/page"}],"author":[{"embeddable":true,"href":"https:\/\/sebhau.edu.ly\/fr\/wp-json\/wp\/v2\/users\/1"}],"replies":[{"embeddable":true,"href":"https:\/\/sebhau.edu.ly\/fr\/wp-json\/wp\/v2\/comments?post=33828"}],"version-history":[{"count":0,"href":"https:\/\/sebhau.edu.ly\/fr\/wp-json\/wp\/v2\/pages\/33828\/revisions"}],"wp:attachment":[{"href":"https:\/\/sebhau.edu.ly\/fr\/wp-json\/wp\/v2\/media?parent=33828"}],"curies":[{"name":"wp","href":"https:\/\/api.w.org\/{rel}","templated":true}]}}