{"id":44526,"date":"2025-04-10T21:04:05","date_gmt":"2025-04-10T18:04:05","guid":{"rendered":"https:\/\/sebhau.edu.ly\/office-for-integrationeducation-of-special\/"},"modified":"2025-04-14T19:08:08","modified_gmt":"2025-04-14T16:08:08","slug":"integration-and-education-of-special-categories-office","status":"publish","type":"page","link":"https:\/\/sebhau.edu.ly\/fr\/integration-and-education-of-special-categories-office\/","title":{"rendered":"Bureau de l&rsquo;int\u00e9gration et de l&rsquo;\u00e9ducation des cat\u00e9gories sp\u00e9ciales"},"content":{"rendered":"<section class=\"wpb-content-wrapper\"><p>[vc_row bg_type=\u00a0\u00bb\u00a0\u00bb dima_canvas_style=\u00a0\u00bb\u00a0\u00bb translate_x=\u00a0\u00bb0&Prime; dima_z_index=\u00a0\u00bb0&Prime; delay=\u00a0\u00bb\u00a0\u00bb delay_duration=\u00a0\u00bb\u00a0\u00bb delay_offset=\u00a0\u00bb\u00a0\u00bb][vc_column min_height=\u00a0\u00bb\u00a0\u00bb bg_type=\u00a0\u00bb\u00a0\u00bb dima_canvas_style=\u00a0\u00bb\u00a0\u00bb translate_x=\u00a0\u00bb0&Prime; dima_z_index=\u00a0\u00bb0&Prime; delay=\u00a0\u00bb\u00a0\u00bb delay_duration=\u00a0\u00bb\u00a0\u00bb delay_offset=\u00a0\u00bb\u00a0\u00bb width=\u00a0\u00bb1\/1&Prime;]<h2  class=\"dima-custom-heading\" ><\/p>\n<h2>Bureau de l&rsquo;int\u00e9gration et de l&rsquo;\u00e9ducation des cat\u00e9gories sp\u00e9ciales:<\/h2>\n<p><\/h2><p><strong>Vision :<\/strong><\/p>\n<p>Cr\u00e9er un environnement adapt\u00e9 aux personnes en situation de handicap au sein de l&rsquo;universit\u00e9.<\/p>\n<p><strong>Mission :<\/strong><\/p>\n<p>Offrir une approche \u00e9ducative et de formation de qualit\u00e9 pour les personnes en situation de handicap \u00e0 l&rsquo;universit\u00e9 et les int\u00e9grer afin de contribuer \u00e0 la construction d&rsquo;une soci\u00e9t\u00e9 du savoir \u00e0 travers un environnement stimulant.<\/p>\n[vc_row_inner bg_type=\u00a0\u00bb\u00a0\u00bb dima_canvas_style=\u00a0\u00bb\u00a0\u00bb translate_x=\u00a0\u00bb0&Prime; dima_z_index=\u00a0\u00bb0&Prime;][vc_column_inner delay=\u00a0\u00bb\u00a0\u00bb delay_duration=\u00a0\u00bb\u00a0\u00bb delay_offset=\u00a0\u00bb\u00a0\u00bb translate_x=\u00a0\u00bb0&Prime; dima_z_index=\u00a0\u00bb0&Prime; width=\u00a0\u00bb2\/3&Prime;]<h3><strong>Objectifs :<\/strong><\/h3>\n<ul  class=\"list-style check\" ><li   >Autonomiser les personnes en situation de handicap (employ\u00e9s et membres du corps professoral) et garantir leurs droits tout en renfor\u00e7ant leur r\u00f4le au sein de l&rsquo;universit\u00e9 et de la soci\u00e9t\u00e9.<\/li><li   >Fournir les ressources n\u00e9cessaires aux personnes en situation de handicap au sein de l&rsquo;universit\u00e9, y compris des moyens \u00e9ducatifs et cognitifs vari\u00e9s, pour d\u00e9velopper leurs capacit\u00e9s acad\u00e9miques et professionnelles.<\/li><li   >D\u00e9velopper des plans et des programmes \u00e9ducatifs et de formation pour les personnes en situation de handicap, et suivre leur mise en \u0153uvre et leur \u00e9valuation de mani\u00e8re r\u00e9guli\u00e8re.<\/li><li   >Former le personnel \u00e9ducatif \u00e0 interagir avec les personnes en situation de handicap au sein de l&rsquo;universit\u00e9, en leur transmettant les comp\u00e9tences n\u00e9cessaires pour favoriser leur int\u00e9gration sociale.<\/li><li   >Sensibiliser la communaut\u00e9 sur la mani\u00e8re d&rsquo;interagir avec les personnes en situation de handicap, \u00e0 travers des s\u00e9minaires, des ateliers et diverses activit\u00e9s.<\/li><li   >Mettre en place des programmes de soutien et d&rsquo;accompagnement psychologique pour les personnes en situation de handicap et leurs familles au sein de la communaut\u00e9.<\/li><li   >Activer les canaux de communication et de collaboration avec les institutions locales et r\u00e9gionales int\u00e9ress\u00e9es par les questions relatives aux personnes en situation de handicap, et \u00e9changer des exp\u00e9riences, des pratiques et des r\u00e9ussites dans le domaine de leur prise en charge.<\/li><\/ul>[\/vc_column_inner][vc_column_inner delay=\u00a0\u00bb\u00a0\u00bb delay_duration=\u00a0\u00bb\u00a0\u00bb delay_offset=\u00a0\u00bb\u00a0\u00bb translate_x=\u00a0\u00bb0&Prime; dima_z_index=\u00a0\u00bb0&Prime; width=\u00a0\u00bb1\/3&Prime;][vc_hoverbox image=\u00a0\u00bb44385&Prime; primary_title=\u00a0\u00bb\u00a0\u00bb hover_title=\u00a0\u00bbBureau de l&rsquo;int\u00e9gration et de l&rsquo;\u00e9ducation des groupes sp\u00e9ciaux\u00a0\u00bb css=\u00a0\u00bb.vc_custom_1744309558933{background-position: 0 0 !important;background-repeat: repeat !important;}\u00a0\u00bb][\/vc_hoverbox][\/vc_column_inner][\/vc_row_inner][vc_row_inner bg_type=\u00a0\u00bb\u00a0\u00bb dima_canvas_style=\u00a0\u00bb\u00a0\u00bb translate_x=\u00a0\u00bb0&Prime; dima_z_index=\u00a0\u00bb0&Prime;][vc_column_inner delay=\u00a0\u00bb\u00a0\u00bb delay_duration=\u00a0\u00bb\u00a0\u00bb delay_offset=\u00a0\u00bb\u00a0\u00bb translate_x=\u00a0\u00bb0&Prime; dima_z_index=\u00a0\u00bb0&Prime; width=\u00a0\u00bb1\/1&Prime;]<div  class=\"social-media text-center\" ><div class=\"social-media dima-social-post social-medium\"><ul class=\"inline clearfix\"><li><a href=\"#share\" data-toggle=\"tooltip\" data-trigger=\"hover\" data-placement=\"bottom\"  title=\"Share on Facebook\" onclick=\"window.open('http:\/\/www.facebook.com\/sharer.php?u=https%3A%2F%2Fsebhau.edu.ly%2Ffr%2Fintegration-and-education-of-special-categories-office%2F&amp;t=Bureau+de+l%26rsquo%3Bint%C3%A9gration+et+de+l%26rsquo%3B%C3%A9ducation+des+cat%C3%A9gories+sp%C3%A9ciales', 'popupFacebook', 'width=650, height=270, resizable=0, toolbar=0, menubar=0, status=0, location=0, scrollbars=0'); return false;\"><i class=\"fa-brands fa-facebook-f\"><\/i><\/a><\/li><li><a href=\"#share\" data-toggle=\"tooltip\" data-trigger=\"hover\" data-placement=\"bottom\"  title=\"Share on Twitter\" onclick=\"window.open('https:\/\/twitter.com\/intent\/tweet?text=Bureau+de+l%26rsquo%3Bint%C3%A9gration+et+de+l%26rsquo%3B%C3%A9ducation+des+cat%C3%A9gories+sp%C3%A9ciales&amp;url=https%3A%2F%2Fsebhau.edu.ly%2Ffr%2Fintegration-and-education-of-special-categories-office%2F', 'popupTwitter', 'width=500, height=370, resizable=0, toolbar=0, menubar=0, status=0, location=0, scrollbars=0'); return false;\"><i class=\"fa-brands  fa-twitter\"><\/i><\/a><\/li><li><a href=\"#share\" data-toggle=\"tooltip\" data-trigger=\"hover\" data-placement=\"bottom\"  title=\"Share on LinkedIn\" onclick=\"window.open('http:\/\/www.linkedin.com\/shareArticle?mini=true&amp;url=https%3A%2F%2Fsebhau.edu.ly%2Ffr%2Fintegration-and-education-of-special-categories-office%2F&amp;title=Bureau+de+l%26rsquo%3Bint%C3%A9gration+et+de+l%26rsquo%3B%C3%A9ducation+des+cat%C3%A9gories+sp%C3%A9ciales&amp;summary=%5Bvc_row+bg_type%3D%C2%A0%C2%BB%C2%A0%C2%BB+dima_canvas_style%3D%C2%A0%C2%BB%C2%A0%C2%BB+translate_x%3D%C2%A0%C2%BB0%26Prime%3B+dima_z_index%3D%C2%A0%C2%BB0%26Prime%3B+delay%3D%C2%A0%C2%BB%C2%A0%C2%BB+delay_duration%3D%C2%A0%C2%BB%C2%A0%C2%BB+delay_offset%3D%C2%A0%C2%BB%C2%A0%C2%BB%5D%5Bvc_column+min_height%3D%C2%A0%C2%BB%C2%A0%C2%BB+bg_type%3D%C2%A0%C2%BB%C2%A0%C2%BB+dima_canvas_style%3D%C2%A0%C2%BB%C2%A0%C2%BB+translate_x%3D%C2%A0%C2%BB0%26Prime%3B+dima_z_index%3D%C2%A0%C2%BB0%26Prime%3B+delay%3D%C2%A0%C2%BB%C2%A0%C2%BB+delay_duration%3D%C2%A0%C2%BB%C2%A0%C2%BB+delay_offset%3D%C2%A0%C2%BB%C2%A0%C2%BB+width%3D%C2%A0%C2%BB1%2F1%26Prime%3B%5D%5Bvc_row_inner+bg_type%3D%C2%A0%C2%BB%C2%A0%C2%BB+dima_canvas_style%3D%C2%A0%C2%BB%C2%A0%C2%BB+translate_x%3D%C2%A0%C2%BB0%26Prime%3B+dima_z_index%3D%C2%A0%C2%BB0%26Prime%3B%5D%5Bvc_column_inner+delay%3D%C2%A0%C2%BB%C2%A0%C2%BB+delay_duration%3D%C2%A0%C2%BB%C2%A0%C2%BB+delay_offset%3D%C2%A0%C2%BB%C2%A0%C2%BB+translate_x%3D%C2%A0%C2%BB0%26Prime%3B+dima_z_index%3D%C2%A0%C2%BB0%26Prime%3B+width%3D%C2%A0%C2%BB2%2F3%26Prime%3B%5D%5B%2Fvc_column_inner%5D%5Bvc_column_inner+delay%3D%C2%A0%C2%BB%C2%A0%C2%BB+delay_duration%3D%C2%A0%C2%BB%C2%A0%C2%BB+delay_offset%3D%C2%A0%C2%BB%C2%A0%C2%BB+translate_x%3D%C2%A0%C2%BB0%26Prime%3B+dima_z_index%3D%C2%A0%C2%BB0%26Prime%3B+width%3D%C2%A0%C2%BB1%2F3%26Prime%3B%5D%5Bvc_hoverbox+image%3D%C2%A0%C2%BB44385%26Prime%3B+primary_title%3D%C2%A0%C2%BB%C2%A0%C2%BB+hover_title%3D%C2%A0%C2%BBBureau+de+l%26rsquo%3Bint%C3%A9gration+et+de+l%26rsquo%3B%C3%A9ducation+des+groupes+sp%C3%A9ciaux%C2%A0%C2%BB+css%3D%C2%A0%C2%BB.vc_custom_1744309558933%7Bbackground-position%3A+0+0+%21important%3Bbackground-repeat%3A+repeat+%21important%3B%7D%C2%A0%C2%BB%5D%5B%2Fvc_hoverbox%5D%5B%2Fvc_column_inner%5D%5B%2Fvc_row_inner%5D%5Bvc_row_inner+bg_type%3D%C2%A0%C2%BB%C2%A0%C2%BB+dima_canvas_style%3D%C2%A0%C2%BB%C2%A0%C2%BB+translate_x%3D%C2%A0%C2%BB0%26Prime%3B+dima_z_index%3D%C2%A0%C2%BB0%26Prime%3B%5D%5Bvc_column_inner+delay%3D%C2%A0%C2%BB%C2%A0%C2%BB+%5B%26hellip%3B%5D&amp;source=%D8%AC%D8%A7%D9%85%D8%B9%D8%A9+%D8%B3%D8%A8%D9%87%D8%A7+%7C+Sebha+University', 'popupLinkedIn', 'width=610, height=480, resizable=0, toolbar=0, menubar=0, status=0, location=0, scrollbars=0'); return false;\"><i class=\"fa-brands fa-linkedin\"><\/i><\/a><\/li><\/ul><\/div><\/div>[\/vc_column_inner][\/vc_row_inner][\/vc_column][\/vc_row]<\/p>\n<\/section>","protected":false},"excerpt":{"rendered":"<p>[vc_row bg_type=\u00a0\u00bb\u00a0\u00bb dima_canvas_style=\u00a0\u00bb\u00a0\u00bb translate_x=\u00a0\u00bb0&Prime; dima_z_index=\u00a0\u00bb0&Prime; delay=\u00a0\u00bb\u00a0\u00bb delay_duration=\u00a0\u00bb\u00a0\u00bb delay_offset=\u00a0\u00bb\u00a0\u00bb][vc_column min_height=\u00a0\u00bb\u00a0\u00bb bg_type=\u00a0\u00bb\u00a0\u00bb dima_canvas_style=\u00a0\u00bb\u00a0\u00bb translate_x=\u00a0\u00bb0&Prime; dima_z_index=\u00a0\u00bb0&Prime; delay=\u00a0\u00bb\u00a0\u00bb delay_duration=\u00a0\u00bb\u00a0\u00bb delay_offset=\u00a0\u00bb\u00a0\u00bb width=\u00a0\u00bb1\/1&Prime;][vc_row_inner bg_type=\u00a0\u00bb\u00a0\u00bb dima_canvas_style=\u00a0\u00bb\u00a0\u00bb translate_x=\u00a0\u00bb0&Prime; dima_z_index=\u00a0\u00bb0&Prime;][vc_column_inner delay=\u00a0\u00bb\u00a0\u00bb delay_duration=\u00a0\u00bb\u00a0\u00bb delay_offset=\u00a0\u00bb\u00a0\u00bb translate_x=\u00a0\u00bb0&Prime; dima_z_index=\u00a0\u00bb0&Prime; width=\u00a0\u00bb2\/3&Prime;][\/vc_column_inner][vc_column_inner delay=\u00a0\u00bb\u00a0\u00bb delay_duration=\u00a0\u00bb\u00a0\u00bb delay_offset=\u00a0\u00bb\u00a0\u00bb translate_x=\u00a0\u00bb0&Prime; dima_z_index=\u00a0\u00bb0&Prime; width=\u00a0\u00bb1\/3&Prime;][vc_hoverbox image=\u00a0\u00bb44385&Prime; primary_title=\u00a0\u00bb\u00a0\u00bb hover_title=\u00a0\u00bbBureau de l&rsquo;int\u00e9gration et de l&rsquo;\u00e9ducation des groupes sp\u00e9ciaux\u00a0\u00bb css=\u00a0\u00bb.vc_custom_1744309558933{background-position: 0 0 !important;background-repeat: repeat !important;}\u00a0\u00bb][\/vc_hoverbox][\/vc_column_inner][\/vc_row_inner][vc_row_inner bg_type=\u00a0\u00bb\u00a0\u00bb dima_canvas_style=\u00a0\u00bb\u00a0\u00bb translate_x=\u00a0\u00bb0&Prime; dima_z_index=\u00a0\u00bb0&Prime;][vc_column_inner delay=\u00a0\u00bb\u00a0\u00bb [&hellip;]<\/p>\n","protected":false},"author":1,"featured_media":0,"parent":0,"menu_order":0,"comment_status":"closed","ping_status":"closed","template":"","meta":{"_uf_show_specific_survey":0,"_uf_disable_surveys":false,"footnotes":""},"class_list":["post-44526","page","type-page","status-publish","hentry"],"aioseo_notices":[],"amp_enabled":true,"_links":{"self":[{"href":"https:\/\/sebhau.edu.ly\/fr\/wp-json\/wp\/v2\/pages\/44526","targetHints":{"allow":["GET"]}}],"collection":[{"href":"https:\/\/sebhau.edu.ly\/fr\/wp-json\/wp\/v2\/pages"}],"about":[{"href":"https:\/\/sebhau.edu.ly\/fr\/wp-json\/wp\/v2\/types\/page"}],"author":[{"embeddable":true,"href":"https:\/\/sebhau.edu.ly\/fr\/wp-json\/wp\/v2\/users\/1"}],"replies":[{"embeddable":true,"href":"https:\/\/sebhau.edu.ly\/fr\/wp-json\/wp\/v2\/comments?post=44526"}],"version-history":[{"count":0,"href":"https:\/\/sebhau.edu.ly\/fr\/wp-json\/wp\/v2\/pages\/44526\/revisions"}],"wp:attachment":[{"href":"https:\/\/sebhau.edu.ly\/fr\/wp-json\/wp\/v2\/media?parent=44526"}],"curies":[{"name":"wp","href":"https:\/\/api.w.org\/{rel}","templated":true}]}}