{"id":44529,"date":"2025-04-10T22:19:00","date_gmt":"2025-04-10T19:19:00","guid":{"rendered":"https:\/\/sebhau.edu.ly\/general-union-of-students\/"},"modified":"2025-04-14T19:01:41","modified_gmt":"2025-04-14T16:01:41","slug":"sebha-university-students-union","status":"publish","type":"page","link":"https:\/\/sebhau.edu.ly\/fr\/sebha-university-students-union\/","title":{"rendered":"Bureau de l&rsquo;Union des \u00c9tudiants de l&rsquo;Universit\u00e9 de Sebha"},"content":{"rendered":"<section class=\"wpb-content-wrapper\"><p>[vc_row bg_type=\u00a0\u00bb\u00a0\u00bb dima_canvas_style=\u00a0\u00bb\u00a0\u00bb translate_x=\u00a0\u00bb0&Prime; dima_z_index=\u00a0\u00bb0&Prime; delay=\u00a0\u00bb\u00a0\u00bb delay_duration=\u00a0\u00bb\u00a0\u00bb delay_offset=\u00a0\u00bb\u00a0\u00bb][vc_column min_height=\u00a0\u00bb\u00a0\u00bb bg_type=\u00a0\u00bb\u00a0\u00bb dima_canvas_style=\u00a0\u00bb\u00a0\u00bb translate_x=\u00a0\u00bb0&Prime; dima_z_index=\u00a0\u00bb0&Prime; delay=\u00a0\u00bb\u00a0\u00bb delay_duration=\u00a0\u00bb\u00a0\u00bb delay_offset=\u00a0\u00bb\u00a0\u00bb width=\u00a0\u00bb1\/1&Prime;]<h2  class=\"dima-custom-heading\" ><\/p>\n<h3><strong>Bureau de l&rsquo;Union des \u00c9tudiants de l&rsquo;Universit\u00e9 de Sebha:<\/strong><\/h3>\n<p><\/h2><p><strong>\u00e0 propos de<\/strong><\/p>\n<p>Il s&rsquo;agit d&rsquo;un corps \u00e9tudiant syndical choisi par vote direct par les \u00e9tudiants de l&rsquo;universit\u00e9, provenant de diff\u00e9rentes facult\u00e9s. Il a pour mission de revendiquer les droits des \u00e9tudiants en mati\u00e8re scientifique, \u00e9ducative, culturelle et r\u00e9cr\u00e9ative aupr\u00e8s de l&rsquo;administration de l&rsquo;universit\u00e9 et du minist\u00e8re de l&rsquo;Enseignement sup\u00e9rieur, conform\u00e9ment aux l\u00e9gislations et lois en vigueur.<\/p>\n<p><strong>D\u00e9nomination<\/strong><\/p>\n<p>Il est appel\u00e9 le syndicat g\u00e9n\u00e9ral des \u00e9tudiants de l&rsquo;Universit\u00e9 de Sebha (Union g\u00e9n\u00e9rale des \u00e9tudiants de l&rsquo;Universit\u00e9 de Sebha), en raison de sa composition par les syndicats \u00e9tudiants des diff\u00e9rentes facult\u00e9s de l&rsquo;universit\u00e9. C&rsquo;est la seule entit\u00e9 l\u00e9gitime repr\u00e9sentant les \u00e9tudiants de l&rsquo;Universit\u00e9 de Sebha, tant au niveau local qu&rsquo;international.<\/p>\n<p><strong>Vision<\/strong><\/p>\n<p>Conscients de l&rsquo;importance de la jeunesse \u00e9tudiante, consid\u00e9r\u00e9e comme la plus grande tranche de la soci\u00e9t\u00e9 dans le monde, il est imp\u00e9ratif de les inciter \u00e0 assumer leurs responsabilit\u00e9s nationales, \u00e0 promouvoir la culture du savoir et du dialogue, \u00e0 rejeter la division et les conflits, \u00e0 cultiver l&rsquo;amour de soi et \u00e0 \u00e9tablir des ponts d&rsquo;amour national entre les \u00e9tudiants. Il s&rsquo;agit \u00e9galement de d\u00e9velopper et de soutenir les talents \u00e9tudiants tout en veillant \u00e0 la continuit\u00e9 du processus \u00e9ducatif et scientifique \u00e0 l&rsquo;universit\u00e9, conform\u00e9ment aux lois et r\u00e8glements en vigueur dans le pays.<\/p>\n<p><strong>Si\u00e8ge principal<\/strong><\/p>\n<p>Le si\u00e8ge principal de l&rsquo;Union g\u00e9n\u00e9rale des \u00e9tudiants de l&rsquo;Universit\u00e9 de Sebha est situ\u00e9 dans la ville de Sebha, au sein du campus de l&rsquo;Universit\u00e9 de Sebha.<\/p>\n<p><strong>Logo officiel<\/strong><\/p>\n<p>Le logo officiel Le logo officiel de l&rsquo;Union g\u00e9n\u00e9rale des \u00e9tudiants de l&rsquo;Universit\u00e9 de Sebha est de forme circulaire, portant un croissant et une \u00e9toile de couleur orange, un livre, une bougie et deux mains se serrant.<\/p>\n[\/vc_column][\/vc_row][vc_row bg_type=\u00a0\u00bb\u00a0\u00bb dima_canvas_style=\u00a0\u00bb\u00a0\u00bb translate_x=\u00a0\u00bb0&Prime; dima_z_index=\u00a0\u00bb0&Prime; delay=\u00a0\u00bb\u00a0\u00bb delay_duration=\u00a0\u00bb\u00a0\u00bb delay_offset=\u00a0\u00bb\u00a0\u00bb][vc_column min_height=\u00a0\u00bb\u00a0\u00bb bg_type=\u00a0\u00bb\u00a0\u00bb dima_canvas_style=\u00a0\u00bb\u00a0\u00bb translate_x=\u00a0\u00bb0&Prime; dima_z_index=\u00a0\u00bb0&Prime; delay=\u00a0\u00bb\u00a0\u00bb delay_duration=\u00a0\u00bb\u00a0\u00bb delay_offset=\u00a0\u00bb\u00a0\u00bb width=\u00a0\u00bb1\/1&Prime;]<h3>Parmi les principaux objectifs que l&rsquo;Union des \u00e9tudiants de l&rsquo;universit\u00e9 s&rsquo;efforce d&rsquo;atteindre :<\/h3>\n<ul  class=\"list-style check\" ><li   >Prot\u00e9ger les int\u00e9r\u00eats des \u00e9tudiants et de ses membres et d\u00e9fendre leurs droits \u00e9ducatifs et culturels.<\/li><li   >\u00c9lever le niveau d&rsquo;efficacit\u00e9 \u00e9ducative, culturelle et professionnelle des membres de l&rsquo;union et des \u00e9tudiants de l&rsquo;universit\u00e9, et am\u00e9liorer leur niveau \u00e9ducatif, culturel et artistique au sein des facult\u00e9s de l&rsquo;universit\u00e9 et en dehors.<\/li><li   >D\u00e9velopper l&rsquo;esprit d&rsquo;innovation et de cr\u00e9ativit\u00e9, encourager et cultiver l&rsquo;esprit de comp\u00e9tition parmi les membres de l&rsquo;union et les \u00e9tudiants de l&rsquo;universit\u00e9 en g\u00e9n\u00e9ral.<\/li><li   >\u00c9lever le niveau de culture sanitaire et sociale, rejeter la discrimination et les conflits, promouvoir l&rsquo;amour de soi et \u00e9tablir des ponts d&rsquo;amour national entre les \u00e9tudiants de l&rsquo;universit\u00e9.<\/li><li   >Organiser des formations syndicales et des rencontres d&rsquo;information pour les membres de l&rsquo;union et les \u00e9tudiants de l&rsquo;universit\u00e9.<\/li><li   >Publier des bulletins et des imprim\u00e9s pour constituer une base syndicale forte, form\u00e9e et active.<\/li><li   >Collaborer avec les autorit\u00e9s comp\u00e9tentes pour \u00e9laborer des lois ou des d\u00e9cisions relatives au travail \u00e9tudiant.<\/li><li   >D\u00e9velopper les relations syndicales avec diff\u00e9rentes unions, f\u00e9d\u00e9rations et associations professionnelles en Libye, \u00e9tablir des ponts de coop\u00e9ration et de partenariat, et organiser des conf\u00e9rences et des s\u00e9minaires locaux et internationaux en Libye, ainsi que participer \u00e0 ceux qui se tiennent \u00e0 l&rsquo;\u00e9tranger.<\/li><\/ul>[\/vc_column][\/vc_row][vc_row bg_type=\u00a0\u00bb\u00a0\u00bb dima_canvas_style=\u00a0\u00bb\u00a0\u00bb translate_x=\u00a0\u00bb0&Prime; dima_z_index=\u00a0\u00bb0&Prime; delay=\u00a0\u00bb\u00a0\u00bb delay_duration=\u00a0\u00bb\u00a0\u00bb delay_offset=\u00a0\u00bb\u00a0\u00bb][vc_column min_height=\u00a0\u00bb\u00a0\u00bb bg_type=\u00a0\u00bb\u00a0\u00bb dima_canvas_style=\u00a0\u00bb\u00a0\u00bb translate_x=\u00a0\u00bb0&Prime; dima_z_index=\u00a0\u00bb0&Prime; delay=\u00a0\u00bb\u00a0\u00bb delay_duration=\u00a0\u00bb\u00a0\u00bb delay_offset=\u00a0\u00bb\u00a0\u00bb width=\u00a0\u00bb1\/3&Prime;][vc_hoverbox image=\u00a0\u00bb44491&Prime; primary_title=\u00a0\u00bb\u00a0\u00bb hover_title=\u00a0\u00bb\u0645\u0639 \u0641\u0648\u062c \u0643\u0634\u0627\u0641\u0629 \u0628\u0631\u0627\u0643-\u0627\u0644\u0634\u0627\u0637\u0626\u00a0\u00bb]Click edit button to change this text. Lorem ipsum dolor sit amet, consectetur adipiscing elit. Ut elit tellus, luctus nec ullamcorper mattis, pulvinar dapibus leo.[\/vc_hoverbox][\/vc_column][vc_column min_height=\u00a0\u00bb\u00a0\u00bb bg_type=\u00a0\u00bb\u00a0\u00bb dima_canvas_style=\u00a0\u00bb\u00a0\u00bb translate_x=\u00a0\u00bb0&Prime; dima_z_index=\u00a0\u00bb0&Prime; delay=\u00a0\u00bb\u00a0\u00bb delay_duration=\u00a0\u00bb\u00a0\u00bb delay_offset=\u00a0\u00bb\u00a0\u00bb width=\u00a0\u00bb1\/3&Prime;][vc_hoverbox image=\u00a0\u00bb44488&Prime; primary_title=\u00a0\u00bb\u00a0\u00bb hover_title=\u00a0\u00bb\u062d\u0645\u0644\u0629 \u062a\u0628\u0631\u0639 \u0644\u0644\u0645\u062c\u0644\u0633 \u0627\u0644\u0628\u0644\u062f\u064a\u00a0\u00bb]Click edit button to change this text. Lorem ipsum dolor sit amet, consectetur adipiscing elit. Ut elit tellus, luctus nec ullamcorper mattis, pulvinar dapibus leo.[\/vc_hoverbox][\/vc_column][vc_column min_height=\u00a0\u00bb\u00a0\u00bb bg_type=\u00a0\u00bb\u00a0\u00bb dima_canvas_style=\u00a0\u00bb\u00a0\u00bb translate_x=\u00a0\u00bb0&Prime; dima_z_index=\u00a0\u00bb0&Prime; delay=\u00a0\u00bb\u00a0\u00bb delay_duration=\u00a0\u00bb\u00a0\u00bb delay_offset=\u00a0\u00bb\u00a0\u00bb width=\u00a0\u00bb1\/3&Prime;][vc_hoverbox image=\u00a0\u00bb44494&Prime; primary_title=\u00a0\u00bb\u00a0\u00bb hover_title=\u00a0\u00bb\u0642\u0637\u0631\u0629 \u062f\u0645 \u0642\u062f \u062a\u0646\u0642\u0630 \u062d\u064a\u0627\u0629\u00a0\u00bb]Click edit button to change this text. Lorem ipsum dolor sit amet, consectetur adipiscing elit. Ut elit tellus, luctus nec ullamcorper mattis, pulvinar dapibus leo.[\/vc_hoverbox][\/vc_column][\/vc_row][vc_row bg_type=\u00a0\u00bb\u00a0\u00bb dima_canvas_style=\u00a0\u00bb\u00a0\u00bb translate_x=\u00a0\u00bb0&Prime; dima_z_index=\u00a0\u00bb0&Prime; delay=\u00a0\u00bb\u00a0\u00bb delay_duration=\u00a0\u00bb\u00a0\u00bb delay_offset=\u00a0\u00bb\u00a0\u00bb][vc_column min_height=\u00a0\u00bb\u00a0\u00bb bg_type=\u00a0\u00bb\u00a0\u00bb dima_canvas_style=\u00a0\u00bb\u00a0\u00bb translate_x=\u00a0\u00bb0&Prime; dima_z_index=\u00a0\u00bb0&Prime; delay=\u00a0\u00bb\u00a0\u00bb delay_duration=\u00a0\u00bb\u00a0\u00bb delay_offset=\u00a0\u00bb\u00a0\u00bb width=\u00a0\u00bb1\/1&Prime;]<div  class=\"social-media text-center\" ><div class=\"social-media dima-social-post social-medium\"><ul class=\"inline clearfix\"><li><a href=\"#share\" data-toggle=\"tooltip\" data-trigger=\"hover\" data-placement=\"bottom\"  title=\"Share on Facebook\" onclick=\"window.open('http:\/\/www.facebook.com\/sharer.php?u=https%3A%2F%2Fsebhau.edu.ly%2Ffr%2Fsebha-university-students-union%2F&amp;t=Bureau+de+l%26rsquo%3BUnion+des+%C3%89tudiants+de+l%26rsquo%3BUniversit%C3%A9+de+Sebha', 'popupFacebook', 'width=650, height=270, resizable=0, toolbar=0, menubar=0, status=0, location=0, scrollbars=0'); return false;\"><i class=\"fa-brands fa-facebook-f\"><\/i><\/a><\/li><li><a href=\"#share\" data-toggle=\"tooltip\" data-trigger=\"hover\" data-placement=\"bottom\"  title=\"Share on Twitter\" onclick=\"window.open('https:\/\/twitter.com\/intent\/tweet?text=Bureau+de+l%26rsquo%3BUnion+des+%C3%89tudiants+de+l%26rsquo%3BUniversit%C3%A9+de+Sebha&amp;url=https%3A%2F%2Fsebhau.edu.ly%2Ffr%2Fsebha-university-students-union%2F', 'popupTwitter', 'width=500, height=370, resizable=0, toolbar=0, menubar=0, status=0, location=0, scrollbars=0'); return false;\"><i class=\"fa-brands  fa-twitter\"><\/i><\/a><\/li><li><a href=\"#share\" data-toggle=\"tooltip\" data-trigger=\"hover\" data-placement=\"bottom\"  title=\"Share on LinkedIn\" onclick=\"window.open('http:\/\/www.linkedin.com\/shareArticle?mini=true&amp;url=https%3A%2F%2Fsebhau.edu.ly%2Ffr%2Fsebha-university-students-union%2F&amp;title=Bureau+de+l%26rsquo%3BUnion+des+%C3%89tudiants+de+l%26rsquo%3BUniversit%C3%A9+de+Sebha&amp;summary=%5Bvc_row+bg_type%3D%C2%A0%C2%BB%C2%A0%C2%BB+dima_canvas_style%3D%C2%A0%C2%BB%C2%A0%C2%BB+translate_x%3D%C2%A0%C2%BB0%26Prime%3B+dima_z_index%3D%C2%A0%C2%BB0%26Prime%3B+delay%3D%C2%A0%C2%BB%C2%A0%C2%BB+delay_duration%3D%C2%A0%C2%BB%C2%A0%C2%BB+delay_offset%3D%C2%A0%C2%BB%C2%A0%C2%BB%5D%5Bvc_column+min_height%3D%C2%A0%C2%BB%C2%A0%C2%BB+bg_type%3D%C2%A0%C2%BB%C2%A0%C2%BB+dima_canvas_style%3D%C2%A0%C2%BB%C2%A0%C2%BB+translate_x%3D%C2%A0%C2%BB0%26Prime%3B+dima_z_index%3D%C2%A0%C2%BB0%26Prime%3B+delay%3D%C2%A0%C2%BB%C2%A0%C2%BB+delay_duration%3D%C2%A0%C2%BB%C2%A0%C2%BB+delay_offset%3D%C2%A0%C2%BB%C2%A0%C2%BB+width%3D%C2%A0%C2%BB1%2F1%26Prime%3B%5D%5B%2Fvc_column%5D%5B%2Fvc_row%5D%5Bvc_row+bg_type%3D%C2%A0%C2%BB%C2%A0%C2%BB+dima_canvas_style%3D%C2%A0%C2%BB%C2%A0%C2%BB+translate_x%3D%C2%A0%C2%BB0%26Prime%3B+dima_z_index%3D%C2%A0%C2%BB0%26Prime%3B+delay%3D%C2%A0%C2%BB%C2%A0%C2%BB+delay_duration%3D%C2%A0%C2%BB%C2%A0%C2%BB+delay_offset%3D%C2%A0%C2%BB%C2%A0%C2%BB%5D%5Bvc_column+min_height%3D%C2%A0%C2%BB%C2%A0%C2%BB+bg_type%3D%C2%A0%C2%BB%C2%A0%C2%BB+dima_canvas_style%3D%C2%A0%C2%BB%C2%A0%C2%BB+translate_x%3D%C2%A0%C2%BB0%26Prime%3B+dima_z_index%3D%C2%A0%C2%BB0%26Prime%3B+delay%3D%C2%A0%C2%BB%C2%A0%C2%BB+delay_duration%3D%C2%A0%C2%BB%C2%A0%C2%BB+delay_offset%3D%C2%A0%C2%BB%C2%A0%C2%BB+width%3D%C2%A0%C2%BB1%2F1%26Prime%3B%5D%5B%2Fvc_column%5D%5B%2Fvc_row%5D%5Bvc_row+bg_type%3D%C2%A0%C2%BB%C2%A0%C2%BB+dima_canvas_style%3D%C2%A0%C2%BB%C2%A0%C2%BB+translate_x%3D%C2%A0%C2%BB0%26Prime%3B+dima_z_index%3D%C2%A0%C2%BB0%26Prime%3B+delay%3D%C2%A0%C2%BB%C2%A0%C2%BB+delay_duration%3D%C2%A0%C2%BB%C2%A0%C2%BB+delay_offset%3D%C2%A0%C2%BB%C2%A0%C2%BB%5D%5Bvc_column+min_height%3D%C2%A0%C2%BB%C2%A0%C2%BB+bg_type%3D%C2%A0%C2%BB%C2%A0%C2%BB+dima_canvas_style%3D%C2%A0%C2%BB%C2%A0%C2%BB+translate_x%3D%C2%A0%C2%BB0%26Prime%3B+dima_z_index%3D%C2%A0%C2%BB0%26Prime%3B+delay%3D%C2%A0%C2%BB%C2%A0%C2%BB+delay_duration%3D%C2%A0%C2%BB%C2%A0%C2%BB+delay_offset%3D%C2%A0%C2%BB%C2%A0%C2%BB+width%3D%C2%A0%C2%BB1%2F3%26Prime%3B%5D%5Bvc_hoverbox+image%3D%C2%A0%C2%BB44491%26Prime%3B+primary_title%3D%C2%A0%C2%BB%C2%A0%C2%BB+hover_title%3D%C2%A0%C2%BB%D9%85%D8%B9+%D9%81%D9%88%D8%AC+%D9%83%D8%B4%D8%A7%D9%81%D8%A9+%D8%A8%D8%B1%D8%A7%D9%83-%D8%A7%D9%84%D8%B4%D8%A7%D8%B7%D8%A6%C2%A0%C2%BB%5DClick+%5B%26hellip%3B%5D&amp;source=%D8%AC%D8%A7%D9%85%D8%B9%D8%A9+%D8%B3%D8%A8%D9%87%D8%A7+%7C+Sebha+University', 'popupLinkedIn', 'width=610, height=480, resizable=0, toolbar=0, menubar=0, status=0, location=0, scrollbars=0'); return false;\"><i class=\"fa-brands fa-linkedin\"><\/i><\/a><\/li><\/ul><\/div><\/div>[\/vc_column][\/vc_row]<\/p>\n<\/section>","protected":false},"excerpt":{"rendered":"<p>[vc_row bg_type=\u00a0\u00bb\u00a0\u00bb dima_canvas_style=\u00a0\u00bb\u00a0\u00bb translate_x=\u00a0\u00bb0&Prime; dima_z_index=\u00a0\u00bb0&Prime; delay=\u00a0\u00bb\u00a0\u00bb delay_duration=\u00a0\u00bb\u00a0\u00bb delay_offset=\u00a0\u00bb\u00a0\u00bb][vc_column min_height=\u00a0\u00bb\u00a0\u00bb bg_type=\u00a0\u00bb\u00a0\u00bb dima_canvas_style=\u00a0\u00bb\u00a0\u00bb translate_x=\u00a0\u00bb0&Prime; dima_z_index=\u00a0\u00bb0&Prime; delay=\u00a0\u00bb\u00a0\u00bb delay_duration=\u00a0\u00bb\u00a0\u00bb delay_offset=\u00a0\u00bb\u00a0\u00bb width=\u00a0\u00bb1\/1&Prime;][\/vc_column][\/vc_row][vc_row bg_type=\u00a0\u00bb\u00a0\u00bb dima_canvas_style=\u00a0\u00bb\u00a0\u00bb translate_x=\u00a0\u00bb0&Prime; dima_z_index=\u00a0\u00bb0&Prime; delay=\u00a0\u00bb\u00a0\u00bb delay_duration=\u00a0\u00bb\u00a0\u00bb delay_offset=\u00a0\u00bb\u00a0\u00bb][vc_column min_height=\u00a0\u00bb\u00a0\u00bb bg_type=\u00a0\u00bb\u00a0\u00bb dima_canvas_style=\u00a0\u00bb\u00a0\u00bb translate_x=\u00a0\u00bb0&Prime; dima_z_index=\u00a0\u00bb0&Prime; delay=\u00a0\u00bb\u00a0\u00bb delay_duration=\u00a0\u00bb\u00a0\u00bb delay_offset=\u00a0\u00bb\u00a0\u00bb width=\u00a0\u00bb1\/1&Prime;][\/vc_column][\/vc_row][vc_row bg_type=\u00a0\u00bb\u00a0\u00bb dima_canvas_style=\u00a0\u00bb\u00a0\u00bb translate_x=\u00a0\u00bb0&Prime; dima_z_index=\u00a0\u00bb0&Prime; delay=\u00a0\u00bb\u00a0\u00bb delay_duration=\u00a0\u00bb\u00a0\u00bb delay_offset=\u00a0\u00bb\u00a0\u00bb][vc_column min_height=\u00a0\u00bb\u00a0\u00bb bg_type=\u00a0\u00bb\u00a0\u00bb dima_canvas_style=\u00a0\u00bb\u00a0\u00bb translate_x=\u00a0\u00bb0&Prime; dima_z_index=\u00a0\u00bb0&Prime; delay=\u00a0\u00bb\u00a0\u00bb delay_duration=\u00a0\u00bb\u00a0\u00bb delay_offset=\u00a0\u00bb\u00a0\u00bb width=\u00a0\u00bb1\/3&Prime;][vc_hoverbox image=\u00a0\u00bb44491&Prime; primary_title=\u00a0\u00bb\u00a0\u00bb hover_title=\u00a0\u00bb\u0645\u0639 \u0641\u0648\u062c \u0643\u0634\u0627\u0641\u0629 \u0628\u0631\u0627\u0643-\u0627\u0644\u0634\u0627\u0637\u0626\u00a0\u00bb]Click [&hellip;]<\/p>\n","protected":false},"author":1,"featured_media":0,"parent":0,"menu_order":0,"comment_status":"closed","ping_status":"closed","template":"","meta":{"_uf_show_specific_survey":0,"_uf_disable_surveys":false,"footnotes":""},"class_list":["post-44529","page","type-page","status-publish","hentry"],"aioseo_notices":[],"amp_enabled":true,"_links":{"self":[{"href":"https:\/\/sebhau.edu.ly\/fr\/wp-json\/wp\/v2\/pages\/44529","targetHints":{"allow":["GET"]}}],"collection":[{"href":"https:\/\/sebhau.edu.ly\/fr\/wp-json\/wp\/v2\/pages"}],"about":[{"href":"https:\/\/sebhau.edu.ly\/fr\/wp-json\/wp\/v2\/types\/page"}],"author":[{"embeddable":true,"href":"https:\/\/sebhau.edu.ly\/fr\/wp-json\/wp\/v2\/users\/1"}],"replies":[{"embeddable":true,"href":"https:\/\/sebhau.edu.ly\/fr\/wp-json\/wp\/v2\/comments?post=44529"}],"version-history":[{"count":0,"href":"https:\/\/sebhau.edu.ly\/fr\/wp-json\/wp\/v2\/pages\/44529\/revisions"}],"wp:attachment":[{"href":"https:\/\/sebhau.edu.ly\/fr\/wp-json\/wp\/v2\/media?parent=44529"}],"curies":[{"name":"wp","href":"https:\/\/api.w.org\/{rel}","templated":true}]}}